{"id":1180,"date":"2024-12-06T06:37:18","date_gmt":"2024-12-06T06:17:26","guid":{"rendered":"https:\/\/etoxproject.eu\/?post_type=product&#038;p=1180"},"modified":"2025-02-27T23:35:22","modified_gmt":"2025-02-27T22:35:22","slug":"synoshi-power-spin-scrubber","status":"publish","type":"product","link":"https:\/\/etoxproject.eu\/cs\/produkt\/synoshi-power-spin-scrubber\/","title":{"rendered":"Synoshi Power Spin Scrubber"},"content":{"rendered":"<p>Synoshi Power Spin Scrubber je inovativn\u00ed \u010distic\u00ed p\u0159\u00edstroj, kter\u00fd byl speci\u00e1ln\u011b vyvinut pro snadn\u00e9 \u010di\u0161t\u011bn\u00ed odoln\u00fdch ne\u010distot v dom\u00e1cnosti. V t\u00e9to podrobn\u00e9 zpr\u00e1v\u011b z testu analyzujeme jeho v\u00fdkon, ovl\u00e1d\u00e1n\u00ed a obecn\u00e9 v\u00fdhody. Je Synoshi Power Spin Scrubber skute\u010dn\u011b ide\u00e1ln\u00ed volbou pro va\u0161e pot\u0159eby v oblasti \u00faklidu? P\u0159ich\u00e1z\u00edme t\u00e9to ot\u00e1zce na kloub.<\/p>\n<h2>Synoshi Power Spin Scrubber Recenze<\/h2>\n<p>Synoshi Power Spin Scrubber zaujme modern\u00edm, ergonomick\u00fdm designem, kter\u00fd je funk\u010dn\u00ed i estetick\u00fd. Zpracov\u00e1n\u00ed je vysoce kvalitn\u00ed a pou\u017eit\u00e9 materi\u00e1ly jsou robustn\u00ed a odoln\u00e9. Pozitivn\u00ed je zejm\u00e9na protiskluzov\u00e1 rukoje\u0165, kter\u00e1 zaji\u0161\u0165uje bezpe\u010dnou manipulaci i p\u0159i intenzivn\u00edm pou\u017e\u00edv\u00e1n\u00ed.<\/p>\n<h3>V\u00fdkon a \u00fa\u010dinnost<\/h3>\n<p>D\u00edky v\u00fdkonn\u00e9mu elektromotoru a r\u016fzn\u00fdm kart\u00e1\u010dov\u00fdm n\u00e1stavc\u016fm je Synoshi ide\u00e1ln\u00ed pro \u010di\u0161t\u011bn\u00ed nejr\u016fzn\u011bj\u0161\u00edch povrch\u016f. A\u0165 u\u017e se jedn\u00e1 o usazeniny vodn\u00edho kamene ve spr\u0161e, mastn\u00e9 skvrny v kuchyni nebo ne\u010distoty na dla\u017edic\u00edch &#8211; rota\u010dn\u00ed kart\u00e1\u010dov\u00e9 hlavice zajist\u00ed p\u016fsobiv\u00e9 v\u00fdsledky. V\u00fddr\u017e baterie a\u017e 90 minut vysta\u010d\u00ed na n\u011bkolik \u00faklid\u016f.<\/p>\n<h3>Snadn\u00e9 ovl\u00e1d\u00e1n\u00ed<\/h3>\n<p><a href=\"https:\/\/power-brush.org\/cs\/synoshi-power-spin-scrubber\/\">Pou\u017e\u00edv\u00e1n\u00ed Synoshi Power Spin Scrubber je mimo\u0159\u00e1dn\u011b snadn\u00e9<\/a>. Spot\u0159ebi\u010d spust\u00edte pouh\u00fdm stisknut\u00edm tla\u010d\u00edtka a vym\u011bniteln\u00e9 kart\u00e1\u010dov\u00e9 n\u00e1stavce lze snadno a rychle vym\u011bnit. Obzvl\u00e1\u0161t\u011b praktick\u00e9 je bezdr\u00e1tov\u00e9 proveden\u00ed, kter\u00e9 umo\u017e\u0148uje naprostou volnost pohybu b\u011bhem \u00faklidu.<\/p>\n<h3>Kupte Synoshi Power Spin Scrubber za nejlevn\u011bj\u0161\u00ed cenu<\/h3>\n<p>Nejlep\u0161\u00ed cenu z\u00edsk\u00e1te v ofici\u00e1ln\u00edm internetov\u00e9m obchod\u011b (viz odkaz v horn\u00ed \u010d\u00e1sti t\u00e9to str\u00e1nky).<\/p>\n<h2>Zku\u0161enosti se zna\u010dkou Synoshi: V\u00fdhody na prvn\u00ed pohled<\/h2>\n<table border=\"\u201e1\u201c\">\n<thead>\n<tr>\n<th>\ud83d\udfe2 V\u00fdhody<\/th>\n<th>\ud83d\udccb Podrobn\u00e9 vysv\u011btlen\u00ed<\/th>\n<\/tr>\n<\/thead>\n<tbody>\n<tr>\n<td>Ergonomick\u00fd design \ud83e\udde4<\/td>\n<td>Synoshi se pohodln\u011b dr\u017e\u00ed d\u00edky protiskluzov\u00e9 rukojeti a lehk\u00e9mu pouzdru. Ani p\u0159i dlouhodob\u00e9m pou\u017e\u00edv\u00e1n\u00ed se neprojevuj\u00ed \u017e\u00e1dn\u00e9 zn\u00e1mky \u00fanavy rukou.&lt;\/td<\/td>\n<\/tr>\n<tr>\n<td>V\u00fdkonn\u00fd motor \ud83d\udcaa<\/td>\n<td>V\u00fdkonn\u00fd motor ot\u00e1\u010d\u00ed kart\u00e1\u010dky vysokou rychlost\u00ed a \u00fa\u010dinn\u011b odstra\u0148uje i odoln\u00e9 ne\u010distoty, jako je vodn\u00ed k\u00e1men a mastn\u00e9 skvrny.<\/td>\n<\/tr>\n<tr>\n<td>V\u0161estrann\u00e9 kart\u00e1\u010dov\u00e9 n\u00e1stavce \ud83c\udf00<\/td>\n<td>S r\u016fzn\u00fdmi kart\u00e1\u010dov\u00fdmi hlavicemi, v\u010detn\u011b ploch\u00e9ho kart\u00e1\u010de na velk\u00e9 plochy a \u00fazk\u00e9ho kart\u00e1\u010de na rohy a sp\u00e1ry, je spot\u0159ebi\u010d ide\u00e1ln\u011b vybaven pro jak\u00fdkoli \u00faklid.<\/td>\n<\/tr>\n<tr>\n<td>Bezdr\u00e1tov\u00e9 proveden\u00ed \ud83d\udd0b<\/td>\n<td>D\u00edky integrovan\u00e9mu akumul\u00e1toru se nemus\u00edte tahat s kabely. To umo\u017e\u0148uje neomezenou volnost pohybu p\u0159i \u00faklidu, a to i v t\u011b\u017eko p\u0159\u00edstupn\u00fdch roz\u00edch.&lt;\/td<\/td>\n<\/tr>\n<tr>\n<td>Vod\u011bodoln\u00e1 konstrukce \ud83c\udf0a<\/td>\n<td>Za\u0159\u00edzen\u00ed je odoln\u00e9 proti st\u0159\u00edkaj\u00edc\u00ed vod\u011b, tak\u017ee jej lze bez obav pou\u017e\u00edvat ve vlhk\u00e9m prost\u0159ed\u00ed, jako jsou koupelny nebo kuchyn\u011b.<\/td>\n<\/tr>\n<tr>\n<td>Snadn\u00e9 \u010di\u0161t\u011bn\u00ed kart\u00e1\u010dk\u016f \ud83e\uddfd<\/td>\n<td>Po pou\u017eit\u00ed lze kart\u00e1\u010dov\u00e9 n\u00e1stavce jednodu\u0161e opl\u00e1chnout pod tekouc\u00ed vodou. To \u0161et\u0159\u00ed \u010das a zaji\u0161\u0165uje hygienickou \u010distotu.&lt;\/td<\/td>\n<\/tr>\n<tr>\n<td>Dlouh\u00e1 v\u00fddr\u017e baterie \ud83d\udd0b<\/td>\n<td>S provozn\u00ed dobou a\u017e 90 minut lze p\u0159\u00edstroj Synoshi pou\u017e\u00edvat po n\u011bkolik \u010distic\u00edch cykl\u016f, ne\u017e je t\u0159eba jej znovu nab\u00edt.<\/td>\n<\/tr>\n<tr>\n<td>Rychl\u00e1 v\u00fdm\u011bna kart\u00e1\u010dk\u016f \ud83d\udd04<\/td>\n<td>Kart\u00e1\u010dov\u00e9 hlavice lze vym\u011bnit b\u011bhem n\u011bkolika sekund pomoc\u00ed jednoduch\u00e9ho syst\u00e9mu kliknut\u00ed, co\u017e znamen\u00e1, \u017ee se nep\u0159eru\u0161uje pracovn\u00ed proces.<\/td>\n<\/tr>\n<tr>\n<td>Snadn\u00e1 p\u0159eprava \ud83d\udeb6\u200d\u2642\ufe0f<\/td>\n<td>D\u00edky kompaktn\u00edmu designu a n\u00edzk\u00e9 hmotnosti lze kart\u00e1\u010dek Synoshi snadno p\u0159en\u00e1\u0161et do r\u016fzn\u00fdch m\u00edstnost\u00ed nebo dokonce pou\u017e\u00edvat venku.<\/td>\n<\/tr>\n<tr>\n<td>\u0160etrn\u00fd k povrch\u016fm \ud83c\udfa8<\/td>\n<td>Kart\u00e1\u010de jsou navr\u017eeny tak, aby odstra\u0148ovaly ne\u010distoty bez po\u0161kozen\u00ed choulostiv\u00fdch materi\u00e1l\u016f, jako je sklo, keramika nebo lakovan\u00e9 povrchy.<\/td>\n<\/tr>\n<tr>\n<td>\u010ci\u0161t\u011bn\u00ed \u0161etrn\u00e9 k \u017eivotn\u00edmu prost\u0159ed\u00ed \ud83c\udf0d<\/td>\n<td>Synoshi umo\u017e\u0148uje d\u016fkladn\u00e9 \u010di\u0161t\u011bn\u00ed s minim\u00e1ln\u00edm pou\u017eit\u00edm chemik\u00e1li\u00ed, co\u017e z n\u011bj \u010din\u00ed ekologickou alternativu k b\u011b\u017en\u00fdm metod\u00e1m \u010di\u0161t\u011bn\u00ed.<\/td>\n<\/tr>\n<tr>\n<td>N\u00edzk\u00e1 provozn\u00ed hlu\u010dnost \ud83d\udd07<\/td>\n<td>V porovn\u00e1n\u00ed s jin\u00fdmi \u00faklidov\u00fdmi p\u0159\u00edstroji pracuje Synoshi p\u0159ekvapiv\u011b ti\u0161e, co\u017e znamen\u00e1, \u017ee jej lze pou\u017e\u00edvat i v dom\u00e1cnostech s citliv\u00fdmi spolubydl\u00edc\u00edmi.<\/td>\n<\/tr>\n<\/tbody>\n<\/table>\n<h2>Praktick\u00fd test: Na\u0161e zku\u0161enosti a recenze u\u017eivatel\u016f<\/h2>\n<p>V praktick\u00e9m testu prok\u00e1zal Synoshi Power Spin Scrubber p\u016fsobiv\u00fd \u010distic\u00ed v\u00fdkon. Spot\u0159ebi\u010d si vedl obzvl\u00e1\u0161t\u011b dob\u0159e p\u0159i odstra\u0148ov\u00e1n\u00ed vodn\u00edho kamene a zbytk\u016f m\u00fddla ve spr\u0161e. Bez n\u00e1mahy odstranil i mastn\u00e9 skvrny na kuchy\u0148sk\u00fdch dla\u017edic\u00edch. Drobnou nev\u00fdhodou v\u0161ak je, \u017ee se baterie p\u0159i intenzivn\u00edm pou\u017e\u00edv\u00e1n\u00ed vyb\u00edj\u00ed rychleji, ne\u017e se uv\u00e1d\u00ed, co\u017e by mohlo b\u00fdt problematick\u00e9 u v\u011bt\u0161\u00edch povrch\u016f.<\/p>\n<h2>Z\u00e1v\u011br a hodnocen\u00ed<\/h2>\n<p>Synoshi Power Spin Scrubber je v\u0161estrann\u00fd a v\u00fdkonn\u00fd \u010distic\u00ed p\u0159\u00edstroj, kter\u00fd zaujme p\u0159edev\u0161\u00edm snadn\u00fdm pou\u017e\u00edv\u00e1n\u00edm a \u00fa\u010dinn\u00fdm odstra\u0148ov\u00e1n\u00edm ne\u010distot. Spot\u0159ebi\u010d je vynikaj\u00edc\u00ed volbou pro mal\u00e9 a st\u0159edn\u011b velk\u00e9 dom\u00e1cnosti. U v\u011bt\u0161\u00edch ploch by v\u0161ak mohlo doj\u00edt k p\u0159et\u00ed\u017een\u00ed kapacity baterie. Celkov\u011b Synoshi nab\u00edz\u00ed dobrou kombinaci pohodl\u00ed a \u00fa\u010dinnosti, kter\u00e1 v\u00fdrazn\u011b usnad\u0148uje ka\u017edodenn\u00ed \u00faklid.<\/p>\n<p><strong>Doporu\u010den\u00ed:<\/strong> Vhodn\u00e9 zejm\u00e9na pro lidi, kte\u0159\u00ed cht\u011bj\u00ed rychl\u00fd a d\u016fkladn\u00fd \u00faklid bez velk\u00e9 n\u00e1mahy.<\/p>\n","protected":false},"excerpt":{"rendered":"<p>Synoshi Power Spin Scrubber je inovativn\u00ed \u010distic\u00ed p\u0159\u00edstroj, kter\u00fd byl speci\u00e1ln\u011b vyvinut pro snadn\u00e9 \u010di\u0161t\u011bn\u00ed odoln\u00fdch ne\u010distot v dom\u00e1cnosti. V t\u00e9to podrobn\u00e9 zpr\u00e1v\u011b z testu analyzujeme jeho v\u00fdkon, ovl\u00e1d\u00e1n\u00ed a obecn\u00e9 v\u00fdhody. Je Synoshi Power Spin Scrubber skute\u010dn\u011b ide\u00e1ln\u00ed volbou pro va\u0161e pot\u0159eby v oblasti \u00faklidu? P\u0159ich\u00e1z\u00edme t\u00e9to ot\u00e1zce na kloub. Synoshi Power Spin Scrubber &#8230; <a title=\"Synoshi Power Spin Scrubber\" class=\"read-more\" href=\"https:\/\/etoxproject.eu\/cs\/produkt\/synoshi-power-spin-scrubber\/\" aria-label=\"More on Synoshi Power Spin Scrubber\">Read more<\/a><\/p>\n","protected":false},"featured_media":1181,"comment_status":"open","ping_status":"closed","template":"","meta":[],"product_brand":[],"product_cat":[],"product_tag":[],"class_list":{"0":"post-1180","1":"product","2":"type-product","3":"status-publish","4":"has-post-thumbnail","7":"first","8":"instock","9":"sale","10":"shipping-taxable","11":"product-type-external"},"yoast_head":"<!-- This site is optimized with the Yoast SEO plugin v27.4 - https:\/\/yoast.com\/product\/yoast-seo-wordpress\/ -->\n<title>Synoshi Power Spin Scrubber Recenze \u2734\ufe0f 70% sleva z ceny<\/title>\n<meta name=\"robots\" content=\"index, follow, max-snippet:-1, max-image-preview:large, max-video-preview:-1\" \/>\n<link rel=\"canonical\" href=\"https:\/\/etoxproject.eu\/cs\/produkt\/synoshi-power-spin-scrubber\/\" \/>\n<meta property=\"og:locale\" content=\"cs_CZ\" \/>\n<meta property=\"og:type\" content=\"article\" \/>\n<meta property=\"og:title\" content=\"Synoshi Power Spin Scrubber Recenze \u2734\ufe0f 70% sleva z ceny\" \/>\n<meta property=\"og:description\" content=\"Synoshi Power Spin Scrubber je inovativn\u00ed \u010distic\u00ed p\u0159\u00edstroj, kter\u00fd byl speci\u00e1ln\u011b vyvinut pro snadn\u00e9 \u010di\u0161t\u011bn\u00ed odoln\u00fdch ne\u010distot v dom\u00e1cnosti. V t\u00e9to podrobn\u00e9 zpr\u00e1v\u011b z testu analyzujeme jeho v\u00fdkon, ovl\u00e1d\u00e1n\u00ed a obecn\u00e9 v\u00fdhody. Je Synoshi Power Spin Scrubber skute\u010dn\u011b ide\u00e1ln\u00ed volbou pro va\u0161e pot\u0159eby v oblasti \u00faklidu? P\u0159ich\u00e1z\u00edme t\u00e9to ot\u00e1zce na kloub. Synoshi Power Spin Scrubber ... Read more\" \/>\n<meta property=\"og:url\" content=\"https:\/\/etoxproject.eu\/cs\/produkt\/synoshi-power-spin-scrubber\/\" \/>\n<meta property=\"og:site_name\" content=\"etoxproject.eu\" \/>\n<meta property=\"article:modified_time\" content=\"2025-02-27T22:35:22+00:00\" \/>\n<meta property=\"og:image\" content=\"https:\/\/etoxproject.eu\/wp-content\/uploads\/2024\/12\/synoshi.jpg\" \/>\n\t<meta property=\"og:image:width\" content=\"750\" \/>\n\t<meta property=\"og:image:height\" content=\"750\" \/>\n\t<meta property=\"og:image:type\" content=\"image\/jpeg\" \/>\n<meta name=\"twitter:card\" content=\"summary_large_image\" \/>\n<meta name=\"twitter:label1\" content=\"Odhadovan\u00e1 doba \u010dten\u00ed\" \/>\n\t<meta name=\"twitter:data1\" content=\"4 minuty\" \/>\n<script type=\"application\/ld+json\" class=\"yoast-schema-graph\">{\"@context\":\"https:\\\/\\\/schema.org\",\"@graph\":[{\"@type\":\"WebPage\",\"@id\":\"https:\\\/\\\/etoxproject.eu\\\/cs\\\/produkt\\\/synoshi-power-spin-scrubber\\\/\",\"url\":\"https:\\\/\\\/etoxproject.eu\\\/cs\\\/produkt\\\/synoshi-power-spin-scrubber\\\/\",\"name\":\"Synoshi Power Spin Scrubber Recenze \u2734\ufe0f 70% sleva z ceny\",\"isPartOf\":{\"@id\":\"https:\\\/\\\/etoxproject.eu\\\/cs\\\/#website\"},\"primaryImageOfPage\":{\"@id\":\"https:\\\/\\\/etoxproject.eu\\\/cs\\\/produkt\\\/synoshi-power-spin-scrubber\\\/#primaryimage\"},\"image\":{\"@id\":\"https:\\\/\\\/etoxproject.eu\\\/cs\\\/produkt\\\/synoshi-power-spin-scrubber\\\/#primaryimage\"},\"thumbnailUrl\":\"https:\\\/\\\/etoxproject.eu\\\/wp-content\\\/uploads\\\/2024\\\/12\\\/synoshi.jpg\",\"datePublished\":\"2024-12-06T06:17:26+00:00\",\"dateModified\":\"2025-02-27T22:35:22+00:00\",\"breadcrumb\":{\"@id\":\"https:\\\/\\\/etoxproject.eu\\\/cs\\\/produkt\\\/synoshi-power-spin-scrubber\\\/#breadcrumb\"},\"inLanguage\":\"cs\",\"potentialAction\":[{\"@type\":\"ReadAction\",\"target\":[\"https:\\\/\\\/etoxproject.eu\\\/cs\\\/produkt\\\/synoshi-power-spin-scrubber\\\/\"]}]},{\"@type\":\"ImageObject\",\"inLanguage\":\"cs\",\"@id\":\"https:\\\/\\\/etoxproject.eu\\\/cs\\\/produkt\\\/synoshi-power-spin-scrubber\\\/#primaryimage\",\"url\":\"https:\\\/\\\/etoxproject.eu\\\/wp-content\\\/uploads\\\/2024\\\/12\\\/synoshi.jpg\",\"contentUrl\":\"https:\\\/\\\/etoxproject.eu\\\/wp-content\\\/uploads\\\/2024\\\/12\\\/synoshi.jpg\",\"width\":750,\"height\":750},{\"@type\":\"BreadcrumbList\",\"@id\":\"https:\\\/\\\/etoxproject.eu\\\/cs\\\/produkt\\\/synoshi-power-spin-scrubber\\\/#breadcrumb\",\"itemListElement\":[{\"@type\":\"ListItem\",\"position\":1,\"name\":\"Startseite\",\"item\":\"https:\\\/\\\/etoxproject.eu\\\/cs\\\/\"},{\"@type\":\"ListItem\",\"position\":2,\"name\":\"Shop\",\"item\":\"https:\\\/\\\/etoxproject.eu\\\/shop\\\/\"},{\"@type\":\"ListItem\",\"position\":3,\"name\":\"Synoshi Power Spin Scrubber\"}]},{\"@type\":\"WebSite\",\"@id\":\"https:\\\/\\\/etoxproject.eu\\\/cs\\\/#website\",\"url\":\"https:\\\/\\\/etoxproject.eu\\\/cs\\\/\",\"name\":\"etoxproject.eu\",\"description\":\"\",\"publisher\":{\"@id\":\"https:\\\/\\\/etoxproject.eu\\\/cs\\\/#organization\"},\"potentialAction\":[{\"@type\":\"SearchAction\",\"target\":{\"@type\":\"EntryPoint\",\"urlTemplate\":\"https:\\\/\\\/etoxproject.eu\\\/cs\\\/?s={search_term_string}\"},\"query-input\":{\"@type\":\"PropertyValueSpecification\",\"valueRequired\":true,\"valueName\":\"search_term_string\"}}],\"inLanguage\":\"cs\"},{\"@type\":\"Organization\",\"@id\":\"https:\\\/\\\/etoxproject.eu\\\/cs\\\/#organization\",\"name\":\"etoxproject.eu\",\"url\":\"https:\\\/\\\/etoxproject.eu\\\/cs\\\/\",\"logo\":{\"@type\":\"ImageObject\",\"inLanguage\":\"cs\",\"@id\":\"https:\\\/\\\/etoxproject.eu\\\/cs\\\/#\\\/schema\\\/logo\\\/image\\\/\",\"url\":\"https:\\\/\\\/etoxproject.eu\\\/wp-content\\\/uploads\\\/2024\\\/12\\\/etoxproject.png\",\"contentUrl\":\"https:\\\/\\\/etoxproject.eu\\\/wp-content\\\/uploads\\\/2024\\\/12\\\/etoxproject.png\",\"width\":315,\"height\":69,\"caption\":\"etoxproject.eu\"},\"image\":{\"@id\":\"https:\\\/\\\/etoxproject.eu\\\/cs\\\/#\\\/schema\\\/logo\\\/image\\\/\"}}]}<\/script>\n<!-- \/ Yoast SEO plugin. -->","yoast_head_json":{"title":"Synoshi Power Spin Scrubber Recenze \u2734\ufe0f 70% sleva z ceny","robots":{"index":"index","follow":"follow","max-snippet":"max-snippet:-1","max-image-preview":"max-image-preview:large","max-video-preview":"max-video-preview:-1"},"canonical":"https:\/\/etoxproject.eu\/cs\/produkt\/synoshi-power-spin-scrubber\/","og_locale":"cs_CZ","og_type":"article","og_title":"Synoshi Power Spin Scrubber Recenze \u2734\ufe0f 70% sleva z ceny","og_description":"Synoshi Power Spin Scrubber je inovativn\u00ed \u010distic\u00ed p\u0159\u00edstroj, kter\u00fd byl speci\u00e1ln\u011b vyvinut pro snadn\u00e9 \u010di\u0161t\u011bn\u00ed odoln\u00fdch ne\u010distot v dom\u00e1cnosti. V t\u00e9to podrobn\u00e9 zpr\u00e1v\u011b z testu analyzujeme jeho v\u00fdkon, ovl\u00e1d\u00e1n\u00ed a obecn\u00e9 v\u00fdhody. Je Synoshi Power Spin Scrubber skute\u010dn\u011b ide\u00e1ln\u00ed volbou pro va\u0161e pot\u0159eby v oblasti \u00faklidu? P\u0159ich\u00e1z\u00edme t\u00e9to ot\u00e1zce na kloub. Synoshi Power Spin Scrubber ... Read more","og_url":"https:\/\/etoxproject.eu\/cs\/produkt\/synoshi-power-spin-scrubber\/","og_site_name":"etoxproject.eu","article_modified_time":"2025-02-27T22:35:22+00:00","og_image":[{"width":750,"height":750,"url":"https:\/\/etoxproject.eu\/wp-content\/uploads\/2024\/12\/synoshi.jpg","type":"image\/jpeg"}],"twitter_card":"summary_large_image","twitter_misc":{"Odhadovan\u00e1 doba \u010dten\u00ed":"4 minuty"},"schema":{"@context":"https:\/\/schema.org","@graph":[{"@type":"WebPage","@id":"https:\/\/etoxproject.eu\/cs\/produkt\/synoshi-power-spin-scrubber\/","url":"https:\/\/etoxproject.eu\/cs\/produkt\/synoshi-power-spin-scrubber\/","name":"Synoshi Power Spin Scrubber Recenze \u2734\ufe0f 70% sleva z ceny","isPartOf":{"@id":"https:\/\/etoxproject.eu\/cs\/#website"},"primaryImageOfPage":{"@id":"https:\/\/etoxproject.eu\/cs\/produkt\/synoshi-power-spin-scrubber\/#primaryimage"},"image":{"@id":"https:\/\/etoxproject.eu\/cs\/produkt\/synoshi-power-spin-scrubber\/#primaryimage"},"thumbnailUrl":"https:\/\/etoxproject.eu\/wp-content\/uploads\/2024\/12\/synoshi.jpg","datePublished":"2024-12-06T06:17:26+00:00","dateModified":"2025-02-27T22:35:22+00:00","breadcrumb":{"@id":"https:\/\/etoxproject.eu\/cs\/produkt\/synoshi-power-spin-scrubber\/#breadcrumb"},"inLanguage":"cs","potentialAction":[{"@type":"ReadAction","target":["https:\/\/etoxproject.eu\/cs\/produkt\/synoshi-power-spin-scrubber\/"]}]},{"@type":"ImageObject","inLanguage":"cs","@id":"https:\/\/etoxproject.eu\/cs\/produkt\/synoshi-power-spin-scrubber\/#primaryimage","url":"https:\/\/etoxproject.eu\/wp-content\/uploads\/2024\/12\/synoshi.jpg","contentUrl":"https:\/\/etoxproject.eu\/wp-content\/uploads\/2024\/12\/synoshi.jpg","width":750,"height":750},{"@type":"BreadcrumbList","@id":"https:\/\/etoxproject.eu\/cs\/produkt\/synoshi-power-spin-scrubber\/#breadcrumb","itemListElement":[{"@type":"ListItem","position":1,"name":"Startseite","item":"https:\/\/etoxproject.eu\/cs\/"},{"@type":"ListItem","position":2,"name":"Shop","item":"https:\/\/etoxproject.eu\/shop\/"},{"@type":"ListItem","position":3,"name":"Synoshi Power Spin Scrubber"}]},{"@type":"WebSite","@id":"https:\/\/etoxproject.eu\/cs\/#website","url":"https:\/\/etoxproject.eu\/cs\/","name":"etoxproject.eu","description":"","publisher":{"@id":"https:\/\/etoxproject.eu\/cs\/#organization"},"potentialAction":[{"@type":"SearchAction","target":{"@type":"EntryPoint","urlTemplate":"https:\/\/etoxproject.eu\/cs\/?s={search_term_string}"},"query-input":{"@type":"PropertyValueSpecification","valueRequired":true,"valueName":"search_term_string"}}],"inLanguage":"cs"},{"@type":"Organization","@id":"https:\/\/etoxproject.eu\/cs\/#organization","name":"etoxproject.eu","url":"https:\/\/etoxproject.eu\/cs\/","logo":{"@type":"ImageObject","inLanguage":"cs","@id":"https:\/\/etoxproject.eu\/cs\/#\/schema\/logo\/image\/","url":"https:\/\/etoxproject.eu\/wp-content\/uploads\/2024\/12\/etoxproject.png","contentUrl":"https:\/\/etoxproject.eu\/wp-content\/uploads\/2024\/12\/etoxproject.png","width":315,"height":69,"caption":"etoxproject.eu"},"image":{"@id":"https:\/\/etoxproject.eu\/cs\/#\/schema\/logo\/image\/"}}]}},"_links":{"self":[{"href":"https:\/\/etoxproject.eu\/cs\/wp-json\/wp\/v2\/product\/1180","targetHints":{"allow":["GET"]}}],"collection":[{"href":"https:\/\/etoxproject.eu\/cs\/wp-json\/wp\/v2\/product"}],"about":[{"href":"https:\/\/etoxproject.eu\/cs\/wp-json\/wp\/v2\/types\/product"}],"replies":[{"embeddable":true,"href":"https:\/\/etoxproject.eu\/cs\/wp-json\/wp\/v2\/comments?post=1180"}],"wp:featuredmedia":[{"embeddable":true,"href":"https:\/\/etoxproject.eu\/cs\/wp-json\/wp\/v2\/media\/1181"}],"wp:attachment":[{"href":"https:\/\/etoxproject.eu\/cs\/wp-json\/wp\/v2\/media?parent=1180"}],"wp:term":[{"taxonomy":"product_brand","embeddable":true,"href":"https:\/\/etoxproject.eu\/cs\/wp-json\/wp\/v2\/product_brand?post=1180"},{"taxonomy":"product_cat","embeddable":true,"href":"https:\/\/etoxproject.eu\/cs\/wp-json\/wp\/v2\/product_cat?post=1180"},{"taxonomy":"product_tag","embeddable":true,"href":"https:\/\/etoxproject.eu\/cs\/wp-json\/wp\/v2\/product_tag?post=1180"}],"curies":[{"name":"wp","href":"https:\/\/api.w.org\/{rel}","templated":true}]}}