{"id":1410,"date":"2024-12-13T15:42:50","date_gmt":"2024-12-14T06:47:51","guid":{"rendered":"https:\/\/etoxproject.eu\/?post_type=product&#038;p=1410"},"modified":"2024-12-14T07:48:34","modified_gmt":"2024-12-14T06:48:34","slug":"polstar-derila","status":"publish","type":"product","link":"https:\/\/etoxproject.eu\/cs\/produkt\/polstar-derila\/","title":{"rendered":"Pol\u0161t\u00e1\u0159 Derila"},"content":{"rendered":"<p><strong>Pol\u0161t\u00e1\u0159 Derila z pam\u011b\u0165ov\u00e9 p\u011bny slibuje klidn\u00fd sp\u00e1nek d\u00edky inovativn\u00ed ergonomii a vysoce kvalitn\u00edmu materi\u00e1lu. V t\u00e9to testovac\u00ed zpr\u00e1v\u011b se s v\u00e1mi pod\u011bl\u00edme o na\u0161e podrobn\u00e9 zku\u0161enosti s pol\u0161t\u00e1\u0159em, vyzdvihneme jeho v\u00fdhody a nev\u00fdhody a poskytneme z\u00e1v\u011bre\u010dn\u00fd z\u00e1v\u011br.<\/strong><\/p>\n<h2><span class=\"keyword-panel-keyword cursor-pointer\"><span class=\"fw-bold\"><span class=\"fw-normal\">Derila<\/span> pol\u0161t\u00e1\u0159 recenze<\/span><\/span><\/h2>\n<p>Kr\u010dn\u00ed pol\u0161t\u00e1\u0159 Derila z pam\u011b\u0165ov\u00e9 p\u011bny je vyroben z pam\u011b\u0165ov\u00e9 p\u011bny s vysokou hustotou, kter\u00e1 se dokonale p\u0159izp\u016fsob\u00ed kontur\u00e1m va\u0161\u00ed hlavy a krku. Materi\u00e1l je prody\u0161n\u00fd a hypoalergenn\u00ed, tak\u017ee je vhodn\u00fd zejm\u00e9na pro osoby s citlivou poko\u017ekou. Kvalitn\u00ed zpracov\u00e1n\u00ed zaru\u010duje, \u017ee pol\u0161t\u00e1\u0159 dlouho vydr\u017e\u00ed.<\/p>\n<h3>Pohodl\u00ed a ergonomie<\/h3>\n<p>Jednou z p\u0159ednost\u00ed pol\u0161t\u00e1\u0159e na span\u00ed Derila je jeho ergonomick\u00fd design. Podp\u00edr\u00e1 p\u00e1te\u0159, uvol\u0148uje tlakov\u00e9 body, a m\u016f\u017ee tak p\u0159edch\u00e1zet bolestem krku a zad nebo je zm\u00edrnit. M\u00edrn\u011b zv\u00fd\u0161en\u00fd okraj je obzvl\u00e1\u0161t\u011b pohodln\u00fd a stabilizuje hlavu a krk.<\/p>\n<h3>Polohy na span\u00ed<\/h3>\n<ul>\n<li><strong>Zadn\u00ed sp\u00e1\u010di:<\/strong> t\u011b\u017e\u00ed z optim\u00e1ln\u00ed opory hlavy a krku.<\/li>\n<li><strong>Sp\u00e1\u010di na boku: <\/strong> mohou se spolehnout na stabilitu a \u00falevu v oblasti ramen.<\/li>\n<li><strong>Sp\u00e1\u010di na z\u00e1dech: <\/strong> shled\u00e1vaj\u00ed m\u00edrn\u00fd sklon p\u0159\u00edjemn\u00fdm a m\u00e9n\u011b nam\u00e1hav\u00fdm pro krk.<\/li>\n<\/ul>\n<h3>Povlak na pol\u0161t\u00e1\u0159 Derila<\/h3>\n<p>Sn\u00edmateln\u00fd potah lze pr\u00e1t v pra\u010dce a snadno se \u010dist\u00ed. To usnad\u0148uje p\u00e9\u010di a zaji\u0161\u0165uje, \u017ee pol\u0161t\u00e1\u0159 z\u016fstane hygienick\u00fd.<\/p>\n<h2>Test a zku\u0161enosti s pol\u0161t\u00e1\u0159em z pam\u011b\u0165ov\u00e9 p\u011bny Derila<\/h2>\n<table border=\"\u201e1\u201c\">\n<thead>\n<tr>\n<th>V\u00fdhody \u2728<\/th>\n<th>Vysv\u011btlen\u00ed \ud83d\udcca<\/th>\n<\/tr>\n<\/thead>\n<tbody>\n<tr>\n<td>\u2714 Ergonomick\u00fd design<\/td>\n<td>Sni\u017euje tlak na krk, ramena a p\u00e1te\u0159 pro lep\u0161\u00ed pohodl\u00ed p\u0159i sp\u00e1nku<\/td>\n<\/tr>\n<tr>\n<td>\ud83c\udfe1 P\u0159izp\u016fsobivost<\/td>\n<td>Pam\u011b\u0165ov\u00e1 p\u011bna se dokonale p\u0159izp\u016fsob\u00ed tvaru hlavy<\/td>\n<\/tr>\n<tr>\n<td>\ud83c\udf2c Prody\u0161n\u00fd materi\u00e1l<\/td>\n<td>Sni\u017euje pocen\u00ed a zaji\u0161\u0165uje p\u0159\u00edjemn\u00e9 sp\u00e1nkov\u00e9 klima<\/td>\n<\/tr>\n<tr>\n<td>\ud83e\udd14 V\u0161estrannost<\/td>\n<td>Vhodn\u00e1 pro v\u0161echny polohy p\u0159i sp\u00e1nku<\/td>\n<\/tr>\n<tr>\n<td>\ud83e\udd73 Lep\u0161\u00ed kvalita sp\u00e1nku<\/td>\n<td>M\u016f\u017ee sn\u00ed\u017eit probl\u00e9my se sp\u00e1nkem a zv\u00fd\u0161it celkovou pohodu<\/td>\n<\/tr>\n<tr>\n<td>\ud83d\udecf Snadno se \u010dist\u00ed<\/td>\n<td>Om\u00fdvateln\u00fd potah pro snadn\u00e9 \u010di\u0161t\u011bn\u00ed<\/td>\n<\/tr>\n<tr>\n<td>\ud83c\udf06 \u0160etrn\u00fd k \u017eivotn\u00edmu prost\u0159ed\u00ed<\/td>\n<td>Vyrobeno z udr\u017eiteln\u00fdch materi\u00e1l\u016f, kter\u00e9 maj\u00ed men\u0161\u00ed dopad na \u017eivotn\u00ed prost\u0159ed<\/td>\n<\/tr>\n<tr>\n<td>\ud83d\udd27 Odolnost<\/td>\n<td>Vysoce kvalitn\u00ed zpracov\u00e1n\u00ed zaru\u010duje dlouhou \u017eivotnost<\/td>\n<\/tr>\n<tr>\n<td>\u2696 Vyv\u00e1\u017een\u00e1 v\u00fd\u0161ka<\/td>\n<td>Nab\u00edz\u00ed dokonalou rovnov\u00e1hu mezi pohodl\u00edm a podporou<\/td>\n<\/tr>\n<tr>\n<td>\ud83e\udde0 M\u00e9n\u011b nap\u011bt\u00ed<\/td>\n<td>P\u0159isp\u00edv\u00e1 ke zm\u00edrn\u011bn\u00ed nap\u011bt\u00ed a bolest\u00ed hlavy<\/td>\n<\/tr>\n<\/tbody>\n<\/table>\n<p>&nbsp;<\/p>\n<h3>Hodnocen\u00ed kr\u010dn\u00edho pol\u0161t\u00e1\u0159e Derila<\/h3>\n<p>Pol\u0161t\u00e1\u0159 Derila z pam\u011b\u0165ov\u00e9 p\u011bny je vynikaj\u00edc\u00ed volbou pro ka\u017ed\u00e9ho, kdo si cen\u00ed kvalitn\u00edho komfortu p\u0159i sp\u00e1nku. D\u00edky sv\u00e9mu ergonomick\u00e9mu designu a v\u0161estrann\u00fdm mo\u017enostem pou\u017eit\u00ed m\u016f\u017ee pomoci zlep\u0161it kvalitu sp\u00e1nku a zm\u00edrnit nepohodl\u00ed v oblasti krku a ramen. Kvalita zpracov\u00e1n\u00ed a prody\u0161n\u00fd materi\u00e1l dotv\u00e1\u0159ej\u00ed celkov\u00fd dojem.<\/p>\n<p><strong>Na\u0161e hodnocen\u00ed: 4,8 z 5 hv\u011bzdi\u010dek \u2b50\u2b50\u2b50<\/strong><strong>\u2b50\u2b50<\/strong><\/p>\n<p>Pol\u0161t\u00e1\u0159 doporu\u010dujeme zejm\u00e9na lidem s probl\u00e9my s kr\u010dn\u00ed p\u00e1te\u0159\u00ed nebo t\u011bm, kte\u0159\u00ed \u010dasto trp\u00ed neklidn\u00fdm sp\u00e1nkem. Cena je ospravedln\u011bna nab\u00edzenou kvalitou a snadn\u00e1 p\u00e9\u010de z n\u011bj d\u011bl\u00e1 dlouhotrvaj\u00edc\u00edho spole\u010dn\u00edka v lo\u017enici.<\/p>\n","protected":false},"excerpt":{"rendered":"<p>Pol\u0161t\u00e1\u0159 Derila z pam\u011b\u0165ov\u00e9 p\u011bny slibuje klidn\u00fd sp\u00e1nek d\u00edky inovativn\u00ed ergonomii a vysoce kvalitn\u00edmu materi\u00e1lu. V t\u00e9to testovac\u00ed zpr\u00e1v\u011b se s v\u00e1mi pod\u011bl\u00edme o na\u0161e podrobn\u00e9 zku\u0161enosti s pol\u0161t\u00e1\u0159em, vyzdvihneme jeho v\u00fdhody a nev\u00fdhody a poskytneme z\u00e1v\u011bre\u010dn\u00fd z\u00e1v\u011br. Derila pol\u0161t\u00e1\u0159 recenze Kr\u010dn\u00ed pol\u0161t\u00e1\u0159 Derila z pam\u011b\u0165ov\u00e9 p\u011bny je vyroben z pam\u011b\u0165ov\u00e9 p\u011bny s vysokou hustotou, &#8230; <a title=\"Pol\u0161t\u00e1\u0159 Derila\" class=\"read-more\" href=\"https:\/\/etoxproject.eu\/cs\/produkt\/polstar-derila\/\" aria-label=\"More on Pol\u0161t\u00e1\u0159 Derila\">Read more<\/a><\/p>\n","protected":false},"featured_media":1390,"comment_status":"open","ping_status":"closed","template":"","meta":[],"product_brand":[],"product_cat":[],"product_tag":[],"class_list":{"0":"post-1410","1":"product","2":"type-product","3":"status-publish","4":"has-post-thumbnail","7":"first","8":"instock","9":"sale","10":"shipping-taxable","11":"product-type-external"},"yoast_head":"<!-- This site is optimized with the Yoast SEO plugin v27.4 - https:\/\/yoast.com\/product\/yoast-seo-wordpress\/ -->\n<title>Pol\u0161t\u00e1\u0159 Derila \u2764\ufe0f Cena s 70% slevou v \u010cesk\u00e9 republice<\/title>\n<meta name=\"robots\" content=\"index, follow, max-snippet:-1, max-image-preview:large, max-video-preview:-1\" \/>\n<link rel=\"canonical\" href=\"https:\/\/etoxproject.eu\/cs\/produkt\/polstar-derila\/\" \/>\n<meta property=\"og:locale\" content=\"cs_CZ\" \/>\n<meta property=\"og:type\" content=\"article\" \/>\n<meta property=\"og:title\" content=\"Pol\u0161t\u00e1\u0159 Derila \u2764\ufe0f Cena s 70% slevou v \u010cesk\u00e9 republice\" \/>\n<meta property=\"og:description\" content=\"Pol\u0161t\u00e1\u0159 Derila z pam\u011b\u0165ov\u00e9 p\u011bny slibuje klidn\u00fd sp\u00e1nek d\u00edky inovativn\u00ed ergonomii a vysoce kvalitn\u00edmu materi\u00e1lu. V t\u00e9to testovac\u00ed zpr\u00e1v\u011b se s v\u00e1mi pod\u011bl\u00edme o na\u0161e podrobn\u00e9 zku\u0161enosti s pol\u0161t\u00e1\u0159em, vyzdvihneme jeho v\u00fdhody a nev\u00fdhody a poskytneme z\u00e1v\u011bre\u010dn\u00fd z\u00e1v\u011br. Derila pol\u0161t\u00e1\u0159 recenze Kr\u010dn\u00ed pol\u0161t\u00e1\u0159 Derila z pam\u011b\u0165ov\u00e9 p\u011bny je vyroben z pam\u011b\u0165ov\u00e9 p\u011bny s vysokou hustotou, ... Read more\" \/>\n<meta property=\"og:url\" content=\"https:\/\/etoxproject.eu\/cs\/produkt\/polstar-derila\/\" \/>\n<meta property=\"og:site_name\" content=\"etoxproject.eu\" \/>\n<meta property=\"article:modified_time\" content=\"2024-12-14T06:48:34+00:00\" \/>\n<meta property=\"og:image\" content=\"https:\/\/etoxproject.eu\/wp-content\/uploads\/2024\/12\/derila.jpg\" \/>\n\t<meta property=\"og:image:width\" content=\"700\" \/>\n\t<meta property=\"og:image:height\" content=\"700\" \/>\n\t<meta property=\"og:image:type\" content=\"image\/jpeg\" \/>\n<meta name=\"twitter:card\" content=\"summary_large_image\" \/>\n<meta name=\"twitter:label1\" content=\"Odhadovan\u00e1 doba \u010dten\u00ed\" \/>\n\t<meta name=\"twitter:data1\" content=\"3 minuty\" \/>\n<script type=\"application\/ld+json\" class=\"yoast-schema-graph\">{\"@context\":\"https:\\\/\\\/schema.org\",\"@graph\":[{\"@type\":\"WebPage\",\"@id\":\"https:\\\/\\\/etoxproject.eu\\\/cs\\\/produkt\\\/polstar-derila\\\/\",\"url\":\"https:\\\/\\\/etoxproject.eu\\\/cs\\\/produkt\\\/polstar-derila\\\/\",\"name\":\"Pol\u0161t\u00e1\u0159 Derila \u2764\ufe0f Cena s 70% slevou v \u010cesk\u00e9 republice\",\"isPartOf\":{\"@id\":\"https:\\\/\\\/etoxproject.eu\\\/cs\\\/#website\"},\"primaryImageOfPage\":{\"@id\":\"https:\\\/\\\/etoxproject.eu\\\/cs\\\/produkt\\\/polstar-derila\\\/#primaryimage\"},\"image\":{\"@id\":\"https:\\\/\\\/etoxproject.eu\\\/cs\\\/produkt\\\/polstar-derila\\\/#primaryimage\"},\"thumbnailUrl\":\"https:\\\/\\\/etoxproject.eu\\\/wp-content\\\/uploads\\\/2024\\\/12\\\/derila.jpg\",\"datePublished\":\"2024-12-14T06:47:51+00:00\",\"dateModified\":\"2024-12-14T06:48:34+00:00\",\"breadcrumb\":{\"@id\":\"https:\\\/\\\/etoxproject.eu\\\/cs\\\/produkt\\\/polstar-derila\\\/#breadcrumb\"},\"inLanguage\":\"cs\",\"potentialAction\":[{\"@type\":\"ReadAction\",\"target\":[\"https:\\\/\\\/etoxproject.eu\\\/cs\\\/produkt\\\/polstar-derila\\\/\"]}]},{\"@type\":\"ImageObject\",\"inLanguage\":\"cs\",\"@id\":\"https:\\\/\\\/etoxproject.eu\\\/cs\\\/produkt\\\/polstar-derila\\\/#primaryimage\",\"url\":\"https:\\\/\\\/etoxproject.eu\\\/wp-content\\\/uploads\\\/2024\\\/12\\\/derila.jpg\",\"contentUrl\":\"https:\\\/\\\/etoxproject.eu\\\/wp-content\\\/uploads\\\/2024\\\/12\\\/derila.jpg\",\"width\":700,\"height\":700,\"caption\":\"derila\"},{\"@type\":\"BreadcrumbList\",\"@id\":\"https:\\\/\\\/etoxproject.eu\\\/cs\\\/produkt\\\/polstar-derila\\\/#breadcrumb\",\"itemListElement\":[{\"@type\":\"ListItem\",\"position\":1,\"name\":\"Startseite\",\"item\":\"https:\\\/\\\/etoxproject.eu\\\/cs\\\/\"},{\"@type\":\"ListItem\",\"position\":2,\"name\":\"Shop\",\"item\":\"https:\\\/\\\/etoxproject.eu\\\/shop\\\/\"},{\"@type\":\"ListItem\",\"position\":3,\"name\":\"Pol\u0161t\u00e1\u0159 Derila\"}]},{\"@type\":\"WebSite\",\"@id\":\"https:\\\/\\\/etoxproject.eu\\\/cs\\\/#website\",\"url\":\"https:\\\/\\\/etoxproject.eu\\\/cs\\\/\",\"name\":\"etoxproject.eu\",\"description\":\"\",\"publisher\":{\"@id\":\"https:\\\/\\\/etoxproject.eu\\\/cs\\\/#organization\"},\"potentialAction\":[{\"@type\":\"SearchAction\",\"target\":{\"@type\":\"EntryPoint\",\"urlTemplate\":\"https:\\\/\\\/etoxproject.eu\\\/cs\\\/?s={search_term_string}\"},\"query-input\":{\"@type\":\"PropertyValueSpecification\",\"valueRequired\":true,\"valueName\":\"search_term_string\"}}],\"inLanguage\":\"cs\"},{\"@type\":\"Organization\",\"@id\":\"https:\\\/\\\/etoxproject.eu\\\/cs\\\/#organization\",\"name\":\"etoxproject.eu\",\"url\":\"https:\\\/\\\/etoxproject.eu\\\/cs\\\/\",\"logo\":{\"@type\":\"ImageObject\",\"inLanguage\":\"cs\",\"@id\":\"https:\\\/\\\/etoxproject.eu\\\/cs\\\/#\\\/schema\\\/logo\\\/image\\\/\",\"url\":\"https:\\\/\\\/etoxproject.eu\\\/wp-content\\\/uploads\\\/2024\\\/12\\\/etoxproject.png\",\"contentUrl\":\"https:\\\/\\\/etoxproject.eu\\\/wp-content\\\/uploads\\\/2024\\\/12\\\/etoxproject.png\",\"width\":315,\"height\":69,\"caption\":\"etoxproject.eu\"},\"image\":{\"@id\":\"https:\\\/\\\/etoxproject.eu\\\/cs\\\/#\\\/schema\\\/logo\\\/image\\\/\"}}]}<\/script>\n<!-- \/ Yoast SEO plugin. -->","yoast_head_json":{"title":"Pol\u0161t\u00e1\u0159 Derila \u2764\ufe0f Cena s 70% slevou v \u010cesk\u00e9 republice","robots":{"index":"index","follow":"follow","max-snippet":"max-snippet:-1","max-image-preview":"max-image-preview:large","max-video-preview":"max-video-preview:-1"},"canonical":"https:\/\/etoxproject.eu\/cs\/produkt\/polstar-derila\/","og_locale":"cs_CZ","og_type":"article","og_title":"Pol\u0161t\u00e1\u0159 Derila \u2764\ufe0f Cena s 70% slevou v \u010cesk\u00e9 republice","og_description":"Pol\u0161t\u00e1\u0159 Derila z pam\u011b\u0165ov\u00e9 p\u011bny slibuje klidn\u00fd sp\u00e1nek d\u00edky inovativn\u00ed ergonomii a vysoce kvalitn\u00edmu materi\u00e1lu. V t\u00e9to testovac\u00ed zpr\u00e1v\u011b se s v\u00e1mi pod\u011bl\u00edme o na\u0161e podrobn\u00e9 zku\u0161enosti s pol\u0161t\u00e1\u0159em, vyzdvihneme jeho v\u00fdhody a nev\u00fdhody a poskytneme z\u00e1v\u011bre\u010dn\u00fd z\u00e1v\u011br. Derila pol\u0161t\u00e1\u0159 recenze Kr\u010dn\u00ed pol\u0161t\u00e1\u0159 Derila z pam\u011b\u0165ov\u00e9 p\u011bny je vyroben z pam\u011b\u0165ov\u00e9 p\u011bny s vysokou hustotou, ... Read more","og_url":"https:\/\/etoxproject.eu\/cs\/produkt\/polstar-derila\/","og_site_name":"etoxproject.eu","article_modified_time":"2024-12-14T06:48:34+00:00","og_image":[{"width":700,"height":700,"url":"https:\/\/etoxproject.eu\/wp-content\/uploads\/2024\/12\/derila.jpg","type":"image\/jpeg"}],"twitter_card":"summary_large_image","twitter_misc":{"Odhadovan\u00e1 doba \u010dten\u00ed":"3 minuty"},"schema":{"@context":"https:\/\/schema.org","@graph":[{"@type":"WebPage","@id":"https:\/\/etoxproject.eu\/cs\/produkt\/polstar-derila\/","url":"https:\/\/etoxproject.eu\/cs\/produkt\/polstar-derila\/","name":"Pol\u0161t\u00e1\u0159 Derila \u2764\ufe0f Cena s 70% slevou v \u010cesk\u00e9 republice","isPartOf":{"@id":"https:\/\/etoxproject.eu\/cs\/#website"},"primaryImageOfPage":{"@id":"https:\/\/etoxproject.eu\/cs\/produkt\/polstar-derila\/#primaryimage"},"image":{"@id":"https:\/\/etoxproject.eu\/cs\/produkt\/polstar-derila\/#primaryimage"},"thumbnailUrl":"https:\/\/etoxproject.eu\/wp-content\/uploads\/2024\/12\/derila.jpg","datePublished":"2024-12-14T06:47:51+00:00","dateModified":"2024-12-14T06:48:34+00:00","breadcrumb":{"@id":"https:\/\/etoxproject.eu\/cs\/produkt\/polstar-derila\/#breadcrumb"},"inLanguage":"cs","potentialAction":[{"@type":"ReadAction","target":["https:\/\/etoxproject.eu\/cs\/produkt\/polstar-derila\/"]}]},{"@type":"ImageObject","inLanguage":"cs","@id":"https:\/\/etoxproject.eu\/cs\/produkt\/polstar-derila\/#primaryimage","url":"https:\/\/etoxproject.eu\/wp-content\/uploads\/2024\/12\/derila.jpg","contentUrl":"https:\/\/etoxproject.eu\/wp-content\/uploads\/2024\/12\/derila.jpg","width":700,"height":700,"caption":"derila"},{"@type":"BreadcrumbList","@id":"https:\/\/etoxproject.eu\/cs\/produkt\/polstar-derila\/#breadcrumb","itemListElement":[{"@type":"ListItem","position":1,"name":"Startseite","item":"https:\/\/etoxproject.eu\/cs\/"},{"@type":"ListItem","position":2,"name":"Shop","item":"https:\/\/etoxproject.eu\/shop\/"},{"@type":"ListItem","position":3,"name":"Pol\u0161t\u00e1\u0159 Derila"}]},{"@type":"WebSite","@id":"https:\/\/etoxproject.eu\/cs\/#website","url":"https:\/\/etoxproject.eu\/cs\/","name":"etoxproject.eu","description":"","publisher":{"@id":"https:\/\/etoxproject.eu\/cs\/#organization"},"potentialAction":[{"@type":"SearchAction","target":{"@type":"EntryPoint","urlTemplate":"https:\/\/etoxproject.eu\/cs\/?s={search_term_string}"},"query-input":{"@type":"PropertyValueSpecification","valueRequired":true,"valueName":"search_term_string"}}],"inLanguage":"cs"},{"@type":"Organization","@id":"https:\/\/etoxproject.eu\/cs\/#organization","name":"etoxproject.eu","url":"https:\/\/etoxproject.eu\/cs\/","logo":{"@type":"ImageObject","inLanguage":"cs","@id":"https:\/\/etoxproject.eu\/cs\/#\/schema\/logo\/image\/","url":"https:\/\/etoxproject.eu\/wp-content\/uploads\/2024\/12\/etoxproject.png","contentUrl":"https:\/\/etoxproject.eu\/wp-content\/uploads\/2024\/12\/etoxproject.png","width":315,"height":69,"caption":"etoxproject.eu"},"image":{"@id":"https:\/\/etoxproject.eu\/cs\/#\/schema\/logo\/image\/"}}]}},"_links":{"self":[{"href":"https:\/\/etoxproject.eu\/cs\/wp-json\/wp\/v2\/product\/1410","targetHints":{"allow":["GET"]}}],"collection":[{"href":"https:\/\/etoxproject.eu\/cs\/wp-json\/wp\/v2\/product"}],"about":[{"href":"https:\/\/etoxproject.eu\/cs\/wp-json\/wp\/v2\/types\/product"}],"replies":[{"embeddable":true,"href":"https:\/\/etoxproject.eu\/cs\/wp-json\/wp\/v2\/comments?post=1410"}],"wp:featuredmedia":[{"embeddable":true,"href":"https:\/\/etoxproject.eu\/cs\/wp-json\/wp\/v2\/media\/1390"}],"wp:attachment":[{"href":"https:\/\/etoxproject.eu\/cs\/wp-json\/wp\/v2\/media?parent=1410"}],"wp:term":[{"taxonomy":"product_brand","embeddable":true,"href":"https:\/\/etoxproject.eu\/cs\/wp-json\/wp\/v2\/product_brand?post=1410"},{"taxonomy":"product_cat","embeddable":true,"href":"https:\/\/etoxproject.eu\/cs\/wp-json\/wp\/v2\/product_cat?post=1410"},{"taxonomy":"product_tag","embeddable":true,"href":"https:\/\/etoxproject.eu\/cs\/wp-json\/wp\/v2\/product_tag?post=1410"}],"curies":[{"name":"wp","href":"https:\/\/api.w.org\/{rel}","templated":true}]}}