{"id":3076,"date":"2025-03-18T13:40:24","date_gmt":"2025-03-28T10:23:22","guid":{"rendered":"https:\/\/etoxproject.eu\/?post_type=product&#038;p=3076"},"modified":"2025-03-28T11:23:58","modified_gmt":"2025-03-28T10:23:58","slug":"shape-up-kapsler","status":"publish","type":"product","link":"https:\/\/etoxproject.eu\/da\/vare\/shape-up-kapsler\/","title":{"rendered":"Shape Up-kapsler"},"content":{"rendered":"<p><strong>Hvis du er p\u00e5 udkig efter et kosttilskud, der kan hj\u00e6lpe dig med at tabe dig og samtidig \u00f8ge din energi og dit velbefindende, kan Shape Up v\u00e6re det rigtige valg. Produktet lover st\u00f8tte til fedtforbr\u00e6nding, en mere effektiv kostfase og forbedret fysisk pr\u00e6station. Men holder Shape Up virkelig, hvad det lover?<\/strong><\/p>\n<h2>Shape Up-kapsler erfaring &#8211; midlet til et vellykket v\u00e6gttab<\/h2>\n<p>\u00bbShape Up markedsf\u00f8res i \u00f8jeblikket som et s\u00e6rligt effektivt produkt, der takket v\u00e6re sine s\u00e6rlige ingredienser st\u00f8tter kroppen optimalt i en kaloriereduceret di\u00e6t. Is\u00e6r beta-hydroxybutyrat (BHB), som det indeholder, siges at hj\u00e6lpe med at bringe kroppen hurtigere i ketose og dermed fremskynde fedtforbr\u00e6ndingen. Mange brugere er begejstrede for dette koncept, da det tilbyder et alternativ til komplicerede og ofte demotiverende kostplaner.<\/p>\n<p>En anden grund til Shape Up&#8217;s popularitet er dens brugervenlighed. I mods\u00e6tning til komplicerede kostprogrammer eller s\u00e6rlige ern\u00e6ringskoncepter er det tilstr\u00e6kkeligt at tage en eller to kapsler om dagen. Det giver mulighed for en stressfri integration i hverdagen, hvilket er s\u00e6rligt tiltalende for folk, der arbejder eller har en stram tidsplan.<\/p>\n<h3>De vigtigste fordele p\u00e5 et \u00f8jeblik<\/h3>\n<table>\n<thead>\n<tr>\n<th>Fordel<\/th>\n<th>Beskrivelse<\/th>\n<\/tr>\n<\/thead>\n<tbody>\n<tr>\n<td>\ud83d\ude80 <strong>Hurtig ketose<\/strong><\/td>\n<td>Hj\u00e6lper med at bringe kroppen i en ketogen tilstand hurtigere, hvilket i h\u00f8j grad fremmer fedtforbr\u00e6ndingen<\/td>\n<\/tr>\n<tr>\n<td>\u26a1\ufe0f <strong>\u00d8get energi<\/strong><\/td>\n<td>Mere energi og mindre tr\u00e6thed under di\u00e6tfasen<\/td>\n<\/tr>\n<tr>\n<td>\ud83c\udf7d\ufe0f <strong>Bedre appetitkontrol<\/strong><\/td>\n<td>Underst\u00f8tter kontrol over madtrang og appetit<\/td>\n<\/tr>\n<tr>\n<td>\ud83d\udee1\ufe0f <strong>Styrker immunforsvaret<\/strong><\/td>\n<td>Indeholder v\u00e6rdifulde mineraler som magnesium og calcium for at styrke kroppens forsvar<\/td>\n<\/tr>\n<tr>\n<td>\ud83d\udca7 <strong>Nem at tage<\/strong><\/td>\n<td>Praktiske kapsler, som er nemme at integrere i hverdagen<\/td>\n<\/tr>\n<tr>\n<td>\ud83d\udcc9 <strong>B\u00e6redygtigt v\u00e6gttab<\/strong><\/td>\n<td>Underst\u00f8tter et b\u00e6redygtigt og langsigtet v\u00e6gttab<\/td>\n<\/tr>\n<tr>\n<td>\ud83e\uddd8 <strong>Trivsel og balance<\/strong><\/td>\n<td>Forbedrer det generelle velbefindende og hum\u00f8r under en kaloriereduceret di\u00e6t&lt;\/td<\/td>\n<\/tr>\n<tr>\n<td>\ud83d\udca1 <strong>klar tankegang<\/strong><\/td>\n<td>Mange brugere rapporterer om \u00f8get mental klarhed og bedre koncentration&lt;\/td<\/td>\n<\/tr>\n<\/tbody>\n<\/table>\n<p>&nbsp;<\/p>\n<h2>Shape Up-oplevelser fra kunder &#8211; hvad brugerne siger<\/h2>\n<p>Mange brugere rapporterer om positive oplevelser, is\u00e6r med hensyn til \u00f8get energi og forbedret fedtforbr\u00e6nding. Det n\u00e6vnes ofte, at trangen til at spise er blevet markant mindre, og at det er blevet lettere at holde kuren. Brugere, der tidligere har haft sv\u00e6rt ved at tabe sig, fremh\u00e6ver is\u00e6r, hvor nemt det var at integrere kapslerne i hverdagen, og hvor motiverende de synlige resultater var.<\/p>\n<p>Nogle kunder understreger, at Shape Up ikke kun har hjulpet dem med at tabe sig, men at de i det hele taget f\u00f8ler sig mere aktive og vitale. Mange brugere rapporterer om markant forbedrede sportspr\u00e6stationer, st\u00f8rre motivation for regelm\u00e6ssige tr\u00e6ningssessioner og \u00f8get generel fitness.<\/p>\n<p>Resultaterne varierer selvf\u00f8lgelig fra person til person. Der er ogs\u00e5 kunder, som oplever mindre succeser, som f.eks. nedsat appetit og lidt mere energi, men som ikke opn\u00e5r det enorme v\u00e6gttab, de havde forventet. Disse brugere anbefaler dog, at man ikke giver op med det samme, men tager produktet over en l\u00e6ngere periode for at opn\u00e5 en varig effekt.<\/p>\n<h3>Ingredienser<\/h3>\n<p>Effekten af Shape Up er hovedsageligt baseret p\u00e5 beta-hydroxybutyrater, som forekommer naturligt i kroppen, n\u00e5r den bruger fedt som sin vigtigste energikilde. Produktet er suppleret med mineraler som magnesium og calcium, som er vigtige for kroppen, is\u00e6r under en slankekur. Disse mineraler hj\u00e6lper med at forebygge muskelkramper og st\u00f8tter kroppen under regenerering.<\/p>\n<h3>Shape Up Slimming &#8211; Er der nogen bivirkninger?<\/h3>\n<p>De fleste kunder t\u00e5ler \u00bbShape Up\u00ab godt. I enkelte tilf\u00e6lde er der rapporteret om lette maveproblemer, men de er ofte forsvundet efter justering af doseringen. Det anbefales generelt altid at tage kapslerne med rigeligt vand, og hvis man har en f\u00f8lsom mave, at tage dem efter et m\u00e5ltid.<\/p>\n<p>Det er tilr\u00e5deligt at konsultere en l\u00e6ge p\u00e5 forh\u00e5nd, hvis du har nogen eksisterende medicinske tilstande eller tager medicin. Som en sikkerhedsforanstaltning b\u00f8r den anbefalede daglige dosis ikke overskrides for at undg\u00e5 bivirkninger som kvalme eller ford\u00f8jelsesproblemer.<\/p>\n<h3>Ekspertens tips til den bedste effekt<\/h3>\n<p>Eksperter anbefaler, at Shape Up ideelt set kombineres med en kulhydratfattig kost og regelm\u00e6ssig motion for at tabe sig. Effekten af Shape Up kan maksimeres gennem m\u00e5lrettet tr\u00e6ning. Udholdenhedssport som jogging, cykling eller sv\u00f8mning anbefales is\u00e6r, da det optimerer fedtforbr\u00e6ndingen.<\/p>\n<p>Regelm\u00e6ssig hydrering kan v\u00e6re lige s\u00e5 nyttigt. At drikke nok vand fremmer optagelsen og forarbejdningen af de aktive ingredienser og forbedrer ogs\u00e5 det generelle velbefindende.<\/p>\n<h2>Konklusion og evaluering &#8211; Er Shape Up det v\u00e6rd?<\/h2>\n<p>Alt i alt ser \u00bbShape Up\u00ab ud til at v\u00e6re et anbefalelsesv\u00e6rdigt produkt til dem, der \u00f8nsker at optimere deres kost. Takket v\u00e6re sammens\u00e6tningen af h\u00f8j kvalitet og de mange positive udtalelser kan \u00bbShape Up\u00ab v\u00e6re den afg\u00f8rende brik i puslespillet p\u00e5 vejen til din \u00f8nskede v\u00e6gt. Det skal dog understreges, at intet produkt kan udrette mirakler uden motion og en bevidst kost. Men hvis du er parat til aktivt at \u00e6ndre noget, b\u00f8r du v\u00e6re tilfreds med \u00bbShape Up\u00ab. Det er en v\u00e6rdifuld ledsager til et vellykket, motiverende og behageligt v\u00e6gttab.<\/p>\n","protected":false},"excerpt":{"rendered":"<p>Hvis du er p\u00e5 udkig efter et kosttilskud, der kan hj\u00e6lpe dig med at tabe dig og samtidig \u00f8ge din energi og dit velbefindende, kan Shape Up v\u00e6re det rigtige valg. Produktet lover st\u00f8tte til fedtforbr\u00e6nding, en mere effektiv kostfase og forbedret fysisk pr\u00e6station. Men holder Shape Up virkelig, hvad det lover? Shape Up-kapsler erfaring &#8230; <a title=\"Shape Up-kapsler\" class=\"read-more\" href=\"https:\/\/etoxproject.eu\/da\/vare\/shape-up-kapsler\/\" aria-label=\"More on Shape Up-kapsler\">L\u00e6s Mere<\/a><\/p>\n","protected":false},"featured_media":2540,"comment_status":"open","ping_status":"closed","template":"","meta":[],"product_brand":[],"product_cat":[],"product_tag":[],"class_list":{"0":"post-3076","1":"product","2":"type-product","3":"status-publish","4":"has-post-thumbnail","7":"first","8":"instock","9":"sale","10":"shipping-taxable","11":"product-type-external"},"yoast_head":"<!-- This site is optimized with the Yoast SEO plugin v27.3 - https:\/\/yoast.com\/product\/yoast-seo-wordpress\/ -->\n<title>Shape Up-kapsler \ud83c\udff7\ufe0f 46% rabat i Danmark<\/title>\n<meta name=\"robots\" content=\"index, follow, max-snippet:-1, max-image-preview:large, max-video-preview:-1\" \/>\n<link rel=\"canonical\" href=\"https:\/\/etoxproject.eu\/da\/vare\/shape-up-kapsler\/\" \/>\n<meta property=\"og:locale\" content=\"da_DK\" \/>\n<meta property=\"og:type\" content=\"article\" \/>\n<meta property=\"og:title\" content=\"Shape Up-kapsler \ud83c\udff7\ufe0f 46% rabat i Danmark\" \/>\n<meta property=\"og:description\" content=\"Hvis du er p\u00e5 udkig efter et kosttilskud, der kan hj\u00e6lpe dig med at tabe dig og samtidig \u00f8ge din energi og dit velbefindende, kan Shape Up v\u00e6re det rigtige valg. Produktet lover st\u00f8tte til fedtforbr\u00e6nding, en mere effektiv kostfase og forbedret fysisk pr\u00e6station. Men holder Shape Up virkelig, hvad det lover? Shape Up-kapsler erfaring ... L\u00e6s Mere\" \/>\n<meta property=\"og:url\" content=\"https:\/\/etoxproject.eu\/da\/vare\/shape-up-kapsler\/\" \/>\n<meta property=\"og:site_name\" content=\"etoxproject.eu\" \/>\n<meta property=\"article:modified_time\" content=\"2025-03-28T10:23:58+00:00\" \/>\n<meta property=\"og:image\" content=\"https:\/\/etoxproject.eu\/wp-content\/uploads\/2025\/03\/shape-up.jpg\" \/>\n\t<meta property=\"og:image:width\" content=\"600\" \/>\n\t<meta property=\"og:image:height\" content=\"600\" \/>\n\t<meta property=\"og:image:type\" content=\"image\/jpeg\" \/>\n<meta name=\"twitter:card\" content=\"summary_large_image\" \/>\n<meta name=\"twitter:label1\" content=\"Estimeret l\u00e6setid\" \/>\n\t<meta name=\"twitter:data1\" content=\"5 minutter\" \/>\n<script type=\"application\/ld+json\" class=\"yoast-schema-graph\">{\"@context\":\"https:\\\/\\\/schema.org\",\"@graph\":[{\"@type\":\"WebPage\",\"@id\":\"https:\\\/\\\/etoxproject.eu\\\/da\\\/vare\\\/shape-up-kapsler\\\/\",\"url\":\"https:\\\/\\\/etoxproject.eu\\\/da\\\/vare\\\/shape-up-kapsler\\\/\",\"name\":\"Shape Up-kapsler \ud83c\udff7\ufe0f 46% rabat i Danmark\",\"isPartOf\":{\"@id\":\"https:\\\/\\\/etoxproject.eu\\\/da\\\/#website\"},\"primaryImageOfPage\":{\"@id\":\"https:\\\/\\\/etoxproject.eu\\\/da\\\/vare\\\/shape-up-kapsler\\\/#primaryimage\"},\"image\":{\"@id\":\"https:\\\/\\\/etoxproject.eu\\\/da\\\/vare\\\/shape-up-kapsler\\\/#primaryimage\"},\"thumbnailUrl\":\"https:\\\/\\\/etoxproject.eu\\\/wp-content\\\/uploads\\\/2025\\\/03\\\/shape-up.jpg\",\"datePublished\":\"2025-03-28T10:23:22+00:00\",\"dateModified\":\"2025-03-28T10:23:58+00:00\",\"breadcrumb\":{\"@id\":\"https:\\\/\\\/etoxproject.eu\\\/da\\\/vare\\\/shape-up-kapsler\\\/#breadcrumb\"},\"inLanguage\":\"da-DK\",\"potentialAction\":[{\"@type\":\"ReadAction\",\"target\":[\"https:\\\/\\\/etoxproject.eu\\\/da\\\/vare\\\/shape-up-kapsler\\\/\"]}]},{\"@type\":\"ImageObject\",\"inLanguage\":\"da-DK\",\"@id\":\"https:\\\/\\\/etoxproject.eu\\\/da\\\/vare\\\/shape-up-kapsler\\\/#primaryimage\",\"url\":\"https:\\\/\\\/etoxproject.eu\\\/wp-content\\\/uploads\\\/2025\\\/03\\\/shape-up.jpg\",\"contentUrl\":\"https:\\\/\\\/etoxproject.eu\\\/wp-content\\\/uploads\\\/2025\\\/03\\\/shape-up.jpg\",\"width\":600,\"height\":600,\"caption\":\"shape up\"},{\"@type\":\"BreadcrumbList\",\"@id\":\"https:\\\/\\\/etoxproject.eu\\\/da\\\/vare\\\/shape-up-kapsler\\\/#breadcrumb\",\"itemListElement\":[{\"@type\":\"ListItem\",\"position\":1,\"name\":\"Startseite\",\"item\":\"https:\\\/\\\/etoxproject.eu\\\/da\\\/\"},{\"@type\":\"ListItem\",\"position\":2,\"name\":\"Shop\",\"item\":\"https:\\\/\\\/etoxproject.eu\\\/shop\\\/\"},{\"@type\":\"ListItem\",\"position\":3,\"name\":\"Shape Up-kapsler\"}]},{\"@type\":\"WebSite\",\"@id\":\"https:\\\/\\\/etoxproject.eu\\\/da\\\/#website\",\"url\":\"https:\\\/\\\/etoxproject.eu\\\/da\\\/\",\"name\":\"etoxproject.eu\",\"description\":\"\",\"publisher\":{\"@id\":\"https:\\\/\\\/etoxproject.eu\\\/da\\\/#organization\"},\"potentialAction\":[{\"@type\":\"SearchAction\",\"target\":{\"@type\":\"EntryPoint\",\"urlTemplate\":\"https:\\\/\\\/etoxproject.eu\\\/da\\\/?s={search_term_string}\"},\"query-input\":{\"@type\":\"PropertyValueSpecification\",\"valueRequired\":true,\"valueName\":\"search_term_string\"}}],\"inLanguage\":\"da-DK\"},{\"@type\":\"Organization\",\"@id\":\"https:\\\/\\\/etoxproject.eu\\\/da\\\/#organization\",\"name\":\"etoxproject.eu\",\"url\":\"https:\\\/\\\/etoxproject.eu\\\/da\\\/\",\"logo\":{\"@type\":\"ImageObject\",\"inLanguage\":\"da-DK\",\"@id\":\"https:\\\/\\\/etoxproject.eu\\\/da\\\/#\\\/schema\\\/logo\\\/image\\\/\",\"url\":\"https:\\\/\\\/etoxproject.eu\\\/wp-content\\\/uploads\\\/2024\\\/12\\\/etoxproject.png\",\"contentUrl\":\"https:\\\/\\\/etoxproject.eu\\\/wp-content\\\/uploads\\\/2024\\\/12\\\/etoxproject.png\",\"width\":315,\"height\":69,\"caption\":\"etoxproject.eu\"},\"image\":{\"@id\":\"https:\\\/\\\/etoxproject.eu\\\/da\\\/#\\\/schema\\\/logo\\\/image\\\/\"}}]}<\/script>\n<!-- \/ Yoast SEO plugin. -->","yoast_head_json":{"title":"Shape Up-kapsler \ud83c\udff7\ufe0f 46% rabat i Danmark","robots":{"index":"index","follow":"follow","max-snippet":"max-snippet:-1","max-image-preview":"max-image-preview:large","max-video-preview":"max-video-preview:-1"},"canonical":"https:\/\/etoxproject.eu\/da\/vare\/shape-up-kapsler\/","og_locale":"da_DK","og_type":"article","og_title":"Shape Up-kapsler \ud83c\udff7\ufe0f 46% rabat i Danmark","og_description":"Hvis du er p\u00e5 udkig efter et kosttilskud, der kan hj\u00e6lpe dig med at tabe dig og samtidig \u00f8ge din energi og dit velbefindende, kan Shape Up v\u00e6re det rigtige valg. Produktet lover st\u00f8tte til fedtforbr\u00e6nding, en mere effektiv kostfase og forbedret fysisk pr\u00e6station. Men holder Shape Up virkelig, hvad det lover? Shape Up-kapsler erfaring ... L\u00e6s Mere","og_url":"https:\/\/etoxproject.eu\/da\/vare\/shape-up-kapsler\/","og_site_name":"etoxproject.eu","article_modified_time":"2025-03-28T10:23:58+00:00","og_image":[{"width":600,"height":600,"url":"https:\/\/etoxproject.eu\/wp-content\/uploads\/2025\/03\/shape-up.jpg","type":"image\/jpeg"}],"twitter_card":"summary_large_image","twitter_misc":{"Estimeret l\u00e6setid":"5 minutter"},"schema":{"@context":"https:\/\/schema.org","@graph":[{"@type":"WebPage","@id":"https:\/\/etoxproject.eu\/da\/vare\/shape-up-kapsler\/","url":"https:\/\/etoxproject.eu\/da\/vare\/shape-up-kapsler\/","name":"Shape Up-kapsler \ud83c\udff7\ufe0f 46% rabat i Danmark","isPartOf":{"@id":"https:\/\/etoxproject.eu\/da\/#website"},"primaryImageOfPage":{"@id":"https:\/\/etoxproject.eu\/da\/vare\/shape-up-kapsler\/#primaryimage"},"image":{"@id":"https:\/\/etoxproject.eu\/da\/vare\/shape-up-kapsler\/#primaryimage"},"thumbnailUrl":"https:\/\/etoxproject.eu\/wp-content\/uploads\/2025\/03\/shape-up.jpg","datePublished":"2025-03-28T10:23:22+00:00","dateModified":"2025-03-28T10:23:58+00:00","breadcrumb":{"@id":"https:\/\/etoxproject.eu\/da\/vare\/shape-up-kapsler\/#breadcrumb"},"inLanguage":"da-DK","potentialAction":[{"@type":"ReadAction","target":["https:\/\/etoxproject.eu\/da\/vare\/shape-up-kapsler\/"]}]},{"@type":"ImageObject","inLanguage":"da-DK","@id":"https:\/\/etoxproject.eu\/da\/vare\/shape-up-kapsler\/#primaryimage","url":"https:\/\/etoxproject.eu\/wp-content\/uploads\/2025\/03\/shape-up.jpg","contentUrl":"https:\/\/etoxproject.eu\/wp-content\/uploads\/2025\/03\/shape-up.jpg","width":600,"height":600,"caption":"shape up"},{"@type":"BreadcrumbList","@id":"https:\/\/etoxproject.eu\/da\/vare\/shape-up-kapsler\/#breadcrumb","itemListElement":[{"@type":"ListItem","position":1,"name":"Startseite","item":"https:\/\/etoxproject.eu\/da\/"},{"@type":"ListItem","position":2,"name":"Shop","item":"https:\/\/etoxproject.eu\/shop\/"},{"@type":"ListItem","position":3,"name":"Shape Up-kapsler"}]},{"@type":"WebSite","@id":"https:\/\/etoxproject.eu\/da\/#website","url":"https:\/\/etoxproject.eu\/da\/","name":"etoxproject.eu","description":"","publisher":{"@id":"https:\/\/etoxproject.eu\/da\/#organization"},"potentialAction":[{"@type":"SearchAction","target":{"@type":"EntryPoint","urlTemplate":"https:\/\/etoxproject.eu\/da\/?s={search_term_string}"},"query-input":{"@type":"PropertyValueSpecification","valueRequired":true,"valueName":"search_term_string"}}],"inLanguage":"da-DK"},{"@type":"Organization","@id":"https:\/\/etoxproject.eu\/da\/#organization","name":"etoxproject.eu","url":"https:\/\/etoxproject.eu\/da\/","logo":{"@type":"ImageObject","inLanguage":"da-DK","@id":"https:\/\/etoxproject.eu\/da\/#\/schema\/logo\/image\/","url":"https:\/\/etoxproject.eu\/wp-content\/uploads\/2024\/12\/etoxproject.png","contentUrl":"https:\/\/etoxproject.eu\/wp-content\/uploads\/2024\/12\/etoxproject.png","width":315,"height":69,"caption":"etoxproject.eu"},"image":{"@id":"https:\/\/etoxproject.eu\/da\/#\/schema\/logo\/image\/"}}]}},"_links":{"self":[{"href":"https:\/\/etoxproject.eu\/da\/wp-json\/wp\/v2\/product\/3076","targetHints":{"allow":["GET"]}}],"collection":[{"href":"https:\/\/etoxproject.eu\/da\/wp-json\/wp\/v2\/product"}],"about":[{"href":"https:\/\/etoxproject.eu\/da\/wp-json\/wp\/v2\/types\/product"}],"replies":[{"embeddable":true,"href":"https:\/\/etoxproject.eu\/da\/wp-json\/wp\/v2\/comments?post=3076"}],"wp:featuredmedia":[{"embeddable":true,"href":"https:\/\/etoxproject.eu\/da\/wp-json\/wp\/v2\/media\/2540"}],"wp:attachment":[{"href":"https:\/\/etoxproject.eu\/da\/wp-json\/wp\/v2\/media?parent=3076"}],"wp:term":[{"taxonomy":"product_brand","embeddable":true,"href":"https:\/\/etoxproject.eu\/da\/wp-json\/wp\/v2\/product_brand?post=3076"},{"taxonomy":"product_cat","embeddable":true,"href":"https:\/\/etoxproject.eu\/da\/wp-json\/wp\/v2\/product_cat?post=3076"},{"taxonomy":"product_tag","embeddable":true,"href":"https:\/\/etoxproject.eu\/da\/wp-json\/wp\/v2\/product_tag?post=3076"}],"curies":[{"name":"wp","href":"https:\/\/api.w.org\/{rel}","templated":true}]}}