{"id":2208,"date":"2025-01-05T17:02:56","date_gmt":"2025-01-14T20:15:55","guid":{"rendered":"https:\/\/etoxproject.eu\/?post_type=product&#038;p=2208"},"modified":"2025-04-28T09:12:04","modified_gmt":"2025-04-28T07:12:04","slug":"purisaki-entgiftungspflaster","status":"publish","type":"product","link":"https:\/\/etoxproject.eu\/de\/produkt\/purisaki-entgiftungspflaster\/","title":{"rendered":"Purisaki Entgiftungspflaster"},"content":{"rendered":"<p>Im Streben nach ganzheitlicher Gesundheit und nat\u00fcrlichem Wohlbefinden werden Produkte, die traditionelle Praktiken mit moderner Wissenschaft verbinden, immer beliebter. Purisaki-Fu\u00dfpflaster sind in dieser Kategorie herausragend und bieten einen einzigartigen Ansatz zur Entgiftung und N\u00e4hrstoffversorgung. Mit ihrer sorgf\u00e4ltig zusammengestellten Mischung aus nat\u00fcrlichen Inhaltsstoffen und innovativer Anwendung sind diese Pflaster darauf ausgelegt, das allgemeine Wohlbefinden m\u00fchelos zu steigern. Nach gr\u00fcndlicher Recherche und Nutzerfeedback folgt hier eine eingehende Untersuchung der Purisaki-Fu\u00dfpflaster und warum sie Ihre Aufmerksamkeit verdienen.<\/p>\n<h2>Purisaki Deep Cleansin 2 in 1 Entgiftungspflaster &#8211; Bewertungen und Erfahrungen<\/h2>\n<p>Purisaki Patches f\u00fcr die F\u00fc\u00dfe sind eine 2-in-1-Wellnessl\u00f6sung, die den K\u00f6rper entgiftet und gleichzeitig wichtige Vitamine und Mineralien direkt \u00fcber die Haut zuf\u00fchrt. Diese Pflaster, die auf alten japanischen Praktiken basieren, sollen Giftstoffe entfernen, die sich aufgrund von Stress, Umweltverschmutzung und schlechten Ern\u00e4hrungsgewohnheiten im K\u00f6rper ansammeln. Dar\u00fcber hinaus versorgen sie den K\u00f6rper mit n\u00fctzlichen N\u00e4hrstoffen wie Vitamin C, D und Omega-3, die die Vitalit\u00e4t und das Gleichgewicht f\u00f6rdern.<\/p>\n<p>Das Konzept hinter den Purisaki Patches ist einfach, aber tiefgreifend: Die F\u00fc\u00dfe sind ein Entgiftungszentrum, das zahlreiche Reflexzonen enth\u00e4lt, die mit verschiedenen Organen verbunden sind. Durch das Auftragen dieser Pflaster \u00fcber Nacht k\u00f6nnen die Anwender die Kraft nat\u00fcrlicher Inhaltsstoffe nutzen, um den K\u00f6rper zu reinigen und zu verj\u00fcngen.<\/p>\n<p><a href=\"https:\/\/get-purisaki.com\/purisaki\/product?prodpv=15&amp;l=de&amp;vndr=evf&amp;evf=1&amp;uid=6539&amp;offid=72&amp;affiliate_id=792&amp;source_id=etox-de \" target=\"_blank\" rel=\"nofollow noopener\"><img loading=\"lazy\" decoding=\"async\" class=\"aligncenter size-full wp-image-1989\" src=\"https:\/\/etoxproject.eu\/wp-content\/uploads\/2025\/01\/purisaki-reviews.jpg\" alt=\"purisaki reviews\" width=\"800\" height=\"468\" srcset=\"https:\/\/etoxproject.eu\/wp-content\/uploads\/2025\/01\/purisaki-reviews.jpg 800w, https:\/\/etoxproject.eu\/wp-content\/uploads\/2025\/01\/purisaki-reviews-300x176.jpg 300w, https:\/\/etoxproject.eu\/wp-content\/uploads\/2025\/01\/purisaki-reviews-768x449.jpg 768w, https:\/\/etoxproject.eu\/wp-content\/uploads\/2025\/01\/purisaki-reviews-600x351.jpg 600w\" sizes=\"auto, (max-width: 800px) 100vw, 800px\" \/><\/a><\/p>\n<h2>Inhaltsstoffe<\/h2>\n<table>\n<thead>\n<tr>\n<th>Inhaltsstoff<\/th>\n<th>Beschreibung<\/th>\n<\/tr>\n<\/thead>\n<tbody>\n<tr>\n<td>\ud83c\udf43 <strong>Mispelblatt<\/strong><\/td>\n<td>Das Loquatblatt ist f\u00fcr seine entz\u00fcndungshemmenden und antioxidativen Eigenschaften bekannt. Es wird in der traditionellen Medizin zur Linderung von Entz\u00fcndungen, zur F\u00f6rderung einer ges\u00fcnderen Haut und zur St\u00e4rkung des Immunsystems durch Reduzierung von oxidativem Stress eingesetzt.<\/td>\n<\/tr>\n<tr>\n<td>\ud83d\udc8e <strong>Turmalin<\/strong><\/td>\n<td>Turmalin, ein nat\u00fcrliches Mineral, wird f\u00fcr seine entgiftenden Eigenschaften gesch\u00e4tzt. Es erzeugt negative Ionen, die dabei helfen, Giftstoffe im K\u00f6rper zu neutralisieren, die Durchblutung zu verbessern und M\u00fcdigkeit zu reduzieren, sodass Sie sich verj\u00fcngt und voller Energie f\u00fchlen.<\/td>\n<\/tr>\n<tr>\n<td>\ud83c\udf3f <strong>Houttuynia Cordata<\/strong><\/td>\n<td>Dieses Kraut, das in der traditionellen \u00f6stlichen Medizin weit verbreitet ist, hat starke entgiftende und antimikrobielle Eigenschaften. Es wirkt reinigend auf den K\u00f6rper, beseitigt Giftstoffe und stellt das Gleichgewicht wieder her, wodurch es ein wesentlicher Bestandteil des Entgiftungsprozesses ist.<\/td>\n<\/tr>\n<tr>\n<td>\ud83c\udf8b <strong>Bambusessig<\/strong><\/td>\n<td>Bambusessig ist ein nat\u00fcrliches Entgiftungsmittel, das daf\u00fcr bekannt ist, Unreinheiten \u00fcber die Haut auszuscheiden. Er desodoriert und macht die Haut weich, sodass die F\u00fc\u00dfe nach der Anwendung erfrischt und revitalisiert sind.<\/td>\n<\/tr>\n<tr>\n<td>\ud83c\udf4a <strong>Vitamin C<\/strong><\/td>\n<td>Vitamin C ist ein starkes Antioxidans, das die Gesundheit der Haut unterst\u00fctzt und das Immunsystem st\u00e4rkt. Es f\u00f6rdert die Kollagenproduktion, reduziert Zeichen der Hautalterung und sch\u00fctzt den K\u00f6rper vor sch\u00e4dlichen freien Radikalen.<\/td>\n<\/tr>\n<tr>\n<td>\u2600\ufe0f <strong>Vitamin D<\/strong><\/td>\n<td>Vitamin D ist f\u00fcr die Knochengesundheit unerl\u00e4sslich, f\u00f6rdert die Kalziumaufnahme und unterst\u00fctzt das Immunsystem. Es spielt eine entscheidende Rolle bei der Erhaltung starker Knochen und der allgemeinen Vitalit\u00e4t, insbesondere bei Personen mit begrenzter Sonneneinstrahlung.<\/td>\n<\/tr>\n<tr>\n<td>\ud83d\udc1f <strong>Omega-3<\/strong><\/td>\n<td>Omega-3-Fetts\u00e4uren sind unerl\u00e4sslich f\u00fcr die Reduzierung von Entz\u00fcndungen, die F\u00f6rderung der kardiovaskul\u00e4ren Gesundheit und die Verbesserung der kognitiven Funktion. Sie tragen zum allgemeinen Wohlbefinden bei und helfen, ein gesundes Gleichgewicht im K\u00f6rper aufrechtzuerhalten.<\/td>\n<\/tr>\n<\/tbody>\n<\/table>\n<p>&nbsp;<\/p>\n<h2>Purisaki Pflaster Erfahrungen und Test<\/h2>\n<p><a href=\"https:\/\/purisaki-pflaster.de\/\" target=\"_blank\" rel=\"noopener\">Purisaki Fu\u00dfpflaster<\/a> zeichnen sich durch ihre beeindruckende Rezeptur aus. Jeder Inhaltsstoff wird sorgf\u00e4ltig aufgrund seiner nachgewiesenen Vorteile ausgew\u00e4hlt, um eine wirksame und sichere Anwendung zu gew\u00e4hrleisten. Lassen Sie uns n\u00e4her auf die Inhaltsstoffe eingehen:<\/p>\n<ol>\n<li><strong>Mispelblatt<\/strong><br \/>\nDas Loquatblatt ist f\u00fcr seine entz\u00fcndungshemmenden und antioxidativen Eigenschaften bekannt und wird in der traditionellen Medizin zur Verbesserung der Hautgesundheit und zur Unterst\u00fctzung des Immunsystems eingesetzt. In Purisaki-Pflastern spielt es eine wichtige Rolle bei der Linderung von Entz\u00fcndungen und der Unterst\u00fctzung des Entgiftungsprozesses.<\/li>\n<li><strong>Turmalin<\/strong><br \/>\nTurmalin ist ein Mineral, das f\u00fcr seine F\u00e4higkeit gesch\u00e4tzt wird, negative Ionen freizusetzen, die dabei helfen, Giftstoffe im K\u00f6rper zu neutralisieren. Es wird oft mit der Verbesserung der Durchblutung, der Verringerung von M\u00fcdigkeit und der F\u00f6rderung der Entspannung in Verbindung gebracht. Seine Aufnahme in diese Pflaster f\u00fcgt ein Element der Entgiftung auf Mineralbasis hinzu.<\/li>\n<li><strong>Houttuynia Cordata<\/strong><br \/>\nDiese Pflanze, die h\u00e4ufig in der traditionellen chinesischen und japanischen Medizin verwendet wird, wird f\u00fcr ihre entgiftenden und antimikrobiellen Eigenschaften verehrt. Sie hilft, die Haut zu reinigen, sch\u00e4dliche Substanzen zu beseitigen und das Gleichgewicht des K\u00f6rpers wiederherzustellen.<\/li>\n<li><strong>Bambusessig<\/strong><br \/>\nBambusessig ist f\u00fcr seine starke Absorptionsf\u00e4higkeit bekannt und ein wichtiger Bestandteil, der Giftstoffe und Unreinheiten \u00fcber die Haut herauszieht. Er hilft auch, die Haut zu desodorieren und zu erweichen, sodass die F\u00fc\u00dfe erfrischt bleiben.<\/li>\n<li><strong>Essentielle Vitamine: C, D und Omega-3<\/strong><br \/>\nDiese Vitamine bieten eine zus\u00e4tzliche N\u00e4hrstoffschicht. Vitamin C unterst\u00fctzt die Gesundheit und Immunit\u00e4t der Haut, Vitamin D verbessert die Kalziumaufnahme und die Knochenst\u00e4rke, w\u00e4hrend Omega-3-Fetts\u00e4uren Entz\u00fcndungen lindern und die allgemeine kardiovaskul\u00e4re Gesundheit f\u00f6rdern.<\/li>\n<\/ol>\n<h2>Wie man Purisaki-Fu\u00dfpflaster verwendet (Purisaki Review UK, Kanada, Australien)<\/h2>\n<p>Einer der attraktivsten Aspekte der Purisak Entgiftungspflaster ist ihre einfache Anwendung. Tragen Sie die Pflaster einfach vor dem Schlafengehen auf die Fu\u00dfsohlen auf und lassen Sie sie \u00fcber Nacht ihre Wirkung entfalten. Beim Entfernen am Morgen bemerken die Anwender oft eine sichtbare Ver\u00e4nderung der Farbe und Textur des Pflasters, was darauf hindeutet, dass Giftstoffe herausgezogen werden.<\/p>\n<p>Hier sind einige zus\u00e4tzliche Tipps f\u00fcr optimale Ergebnisse:<\/p>\n<ul>\n<li>Achten Sie darauf, dass die F\u00fc\u00dfe vor dem Auftragen sauber und trocken sind.<\/li>\n<li>Tragen Sie Socken \u00fcber den Pflastern, damit sie sicher an ihrem Platz bleiben.<\/li>\n<li>Verwenden Sie die Pflaster mindestens zwei Wochen lang regelm\u00e4\u00dfig, um signifikante Vorteile zu beobachten.<\/li>\n<\/ul>\n<h2>Die Vorteile: Was Purisaki Tiefenreinigende Fu\u00dfpflaster auszeichnet<\/h2>\n<p>Purisaki-Fu\u00dfpflaster bieten eine Reihe von Vorteilen, die zum allgemeinen Wohlbefinden beitragen. Folgendes k\u00f6nnen Anwender erwarten:<\/p>\n<ol>\n<li><strong>Entgiftung<\/strong><br \/>\nDie regelm\u00e4\u00dfige Anwendung hilft, die im Alltag angesammelten Giftstoffe zu beseitigen, was zu einem h\u00f6heren Energieniveau, einer besseren Verdauung und einem st\u00e4rkeren Immunsystem f\u00fchrt.<\/li>\n<li><strong>Verbesserte Schlafqualit\u00e4t<\/strong><br \/>\nViele Anwender berichten von einem tieferen, erholsameren Schlaf nach der Anwendung der Pflaster, was wahrscheinlich auf ihre beruhigende und entgiftende Wirkung zur\u00fcckzuf\u00fchren ist.<\/li>\n<li><strong>Mehr Energie und Vitalit\u00e4t<\/strong><br \/>\nDurch die Beseitigung von Giftstoffen und die Versorgung des K\u00f6rpers mit wichtigen Vitaminen helfen diese Pflaster, M\u00fcdigkeit zu bek\u00e4mpfen und f\u00f6rdern eine anhaltende Energiezufuhr \u00fcber den Tag hinweg.<\/li>\n<li><strong>Verbesserte Haut und Durchblutung<\/strong><br \/>\nInhaltsstoffe wie Bambusessig und Mispelbl\u00e4tter tragen zu einer ges\u00fcnderen, glatteren Haut bei und f\u00f6rdern gleichzeitig eine bessere Durchblutung.<\/li>\n<li><strong>Bequemlichkeit und Komfort<\/strong><br \/>\nIm Gegensatz zu invasiven Entgiftungsmethoden sind Purisaki-Pflaster schmerzfrei, nicht invasiv und lassen sich leicht in jede Routine integrieren.<\/li>\n<\/ol>\n<h2>Warum Purisaki 2 in 1 Patches w\u00e4hlen?<\/h2>\n<p>Die Kombination aus traditionellem Wissen und modernster Forschung macht Purisaki-Entgiftungspflaster zu einem wirklich einzigartigen Produkt. Im Gegensatz zu vielen Entgiftungsmethoden, die strenge Di\u00e4ten oder komplexe Routinen erfordern, bieten diese Pflaster eine einfache, aber effektive M\u00f6glichkeit, den nat\u00fcrlichen Reinigungsprozess des K\u00f6rpers zu unterst\u00fctzen. Die Zugabe von n\u00e4hrenden Vitaminen hebt sie zus\u00e4tzlich hervor und spricht mehrere Aspekte der Gesundheit in einem Produkt an.<\/p>\n<p>Au\u00dferdem sind die Pflaster:<\/p>\n<ul>\n<li><strong>vegan und frei von Tierversuchen<\/strong>: Ohne tierische Produkte oder Tierversuche hergestellt.<\/li>\n<li><strong>frei von sch\u00e4dlichen Zusatzstoffen<\/strong>: Keine k\u00fcnstlichen Chemikalien, f\u00fcr eine sichere Entgiftung.<\/li>\n<li><strong>f\u00fcr alle Hauttypen geeignet<\/strong>: Schonend genug f\u00fcr empfindliche Haut.<\/li>\n<\/ul>\n<h2>Was sagen die Anwender?<\/h2>\n<p>Das Feedback von Anwendern aus aller Welt unterstreicht die Wirksamkeit der Purisaki-Fu\u00dfpflaster. Viele berichten, dass sie sich energiegeladener f\u00fchlen, besser schlafen und einen sichtbaren Unterschied in ihrem allgemeinen Wohlbefinden feststellen. Die F\u00e4higkeit der Pflaster, die Entgiftung durch Ver\u00e4nderungen im Aussehen sichtbar zu machen, ist auch ein greifbarer Beweis f\u00fcr ihre Wirksamkeit.<\/p>\n<h2>Abschlie\u00dfende Gedanken: Lohnt sich Purisaki?<\/h2>\n<p>F\u00fcr alle, die nach einer nat\u00fcrlichen, unkomplizierten M\u00f6glichkeit suchen, ihren K\u00f6rper zu entgiften und zu revitalisieren, sind Purisak Entgiftungspflaster-eine ausgezeichnete Wahl. Ihre Mischung aus leistungsstarken, nat\u00fcrlichen Inhaltsstoffen und innovativer Anwendung gew\u00e4hrleistet einen ganzheitlichen Wellness-Ansatz, der sich nahtlos in jeden Lebensstil einf\u00fcgt.<\/p>\n<p>Mit dem aktuellen Sonderangebot von <strong>70 % Rabatt<\/strong> gibt es keinen besseren Zeitpunkt, um diese Pflaster auszuprobieren. Ob Sie neu in der Entgiftung sind oder ein erfahrener Wellness-Enthusiast, Purisaki-Fu\u00dfpflaster sind eine lohnende Investition in Ihre Gesundheit und Vitalit\u00e4t.<\/p>\n","protected":false},"excerpt":{"rendered":"<p>Im Streben nach ganzheitlicher Gesundheit und nat\u00fcrlichem Wohlbefinden werden Produkte, die traditionelle Praktiken mit moderner Wissenschaft verbinden, immer beliebter. Purisaki-Fu\u00dfpflaster sind in dieser Kategorie herausragend und bieten einen einzigartigen Ansatz zur Entgiftung und N\u00e4hrstoffversorgung. Mit ihrer sorgf\u00e4ltig zusammengestellten Mischung aus nat\u00fcrlichen Inhaltsstoffen und innovativer Anwendung sind diese Pflaster darauf ausgelegt, das allgemeine Wohlbefinden m\u00fchelos zu &#8230; <a title=\"Purisaki Entgiftungspflaster\" class=\"read-more\" href=\"https:\/\/etoxproject.eu\/de\/produkt\/purisaki-entgiftungspflaster\/\" aria-label=\"Mehr bei Purisaki Entgiftungspflaster\">Weiterlesen &#8230;<\/a><\/p>\n","protected":false},"featured_media":1969,"comment_status":"open","ping_status":"closed","template":"","meta":[],"product_brand":[],"product_cat":[26],"product_tag":[],"class_list":{"0":"post-2208","1":"product","2":"type-product","3":"status-publish","4":"has-post-thumbnail","6":"product_cat-unkategorisiert","8":"first","9":"instock","10":"sale","11":"shipping-taxable","12":"product-type-external"},"yoast_head":"<!-- This site is optimized with the Yoast SEO plugin v27.4 - https:\/\/yoast.com\/product\/yoast-seo-wordpress\/ -->\n<title>Purisaki Pflaster Erfahrungen \u267b\ufe0f 70% Rabatt vom Hersteller<\/title>\n<meta name=\"robots\" content=\"index, follow, max-snippet:-1, max-image-preview:large, max-video-preview:-1\" \/>\n<link rel=\"canonical\" href=\"https:\/\/etoxproject.eu\/de\/produkt\/purisaki-entgiftungspflaster\/\" \/>\n<meta property=\"og:locale\" content=\"de_DE\" \/>\n<meta property=\"og:type\" content=\"article\" \/>\n<meta property=\"og:title\" content=\"Purisaki Pflaster Erfahrungen \u267b\ufe0f 70% Rabatt vom Hersteller\" \/>\n<meta property=\"og:description\" content=\"Im Streben nach ganzheitlicher Gesundheit und nat\u00fcrlichem Wohlbefinden werden Produkte, die traditionelle Praktiken mit moderner Wissenschaft verbinden, immer beliebter. Purisaki-Fu\u00dfpflaster sind in dieser Kategorie herausragend und bieten einen einzigartigen Ansatz zur Entgiftung und N\u00e4hrstoffversorgung. Mit ihrer sorgf\u00e4ltig zusammengestellten Mischung aus nat\u00fcrlichen Inhaltsstoffen und innovativer Anwendung sind diese Pflaster darauf ausgelegt, das allgemeine Wohlbefinden m\u00fchelos zu ... Weiterlesen ...\" \/>\n<meta property=\"og:url\" content=\"https:\/\/etoxproject.eu\/de\/produkt\/purisaki-entgiftungspflaster\/\" \/>\n<meta property=\"og:site_name\" content=\"etoxproject.eu\" \/>\n<meta property=\"article:modified_time\" content=\"2025-04-28T07:12:04+00:00\" \/>\n<meta property=\"og:image\" content=\"https:\/\/etoxproject.eu\/wp-content\/uploads\/2025\/01\/purisaki.jpg\" \/>\n\t<meta property=\"og:image:width\" content=\"777\" \/>\n\t<meta property=\"og:image:height\" content=\"777\" \/>\n\t<meta property=\"og:image:type\" content=\"image\/jpeg\" \/>\n<meta name=\"twitter:card\" content=\"summary_large_image\" \/>\n<meta name=\"twitter:label1\" content=\"Gesch\u00e4tzte Lesezeit\" \/>\n\t<meta name=\"twitter:data1\" content=\"8\u00a0Minuten\" \/>\n<script type=\"application\/ld+json\" class=\"yoast-schema-graph\">{\"@context\":\"https:\\\/\\\/schema.org\",\"@graph\":[{\"@type\":\"WebPage\",\"@id\":\"https:\\\/\\\/etoxproject.eu\\\/de\\\/produkt\\\/purisaki-entgiftungspflaster\\\/\",\"url\":\"https:\\\/\\\/etoxproject.eu\\\/de\\\/produkt\\\/purisaki-entgiftungspflaster\\\/\",\"name\":\"Purisaki Pflaster Erfahrungen \u267b\ufe0f 70% Rabatt vom Hersteller\",\"isPartOf\":{\"@id\":\"https:\\\/\\\/etoxproject.eu\\\/de\\\/#website\"},\"primaryImageOfPage\":{\"@id\":\"https:\\\/\\\/etoxproject.eu\\\/de\\\/produkt\\\/purisaki-entgiftungspflaster\\\/#primaryimage\"},\"image\":{\"@id\":\"https:\\\/\\\/etoxproject.eu\\\/de\\\/produkt\\\/purisaki-entgiftungspflaster\\\/#primaryimage\"},\"thumbnailUrl\":\"https:\\\/\\\/etoxproject.eu\\\/wp-content\\\/uploads\\\/2025\\\/01\\\/purisaki.jpg\",\"datePublished\":\"2025-01-14T20:15:55+00:00\",\"dateModified\":\"2025-04-28T07:12:04+00:00\",\"breadcrumb\":{\"@id\":\"https:\\\/\\\/etoxproject.eu\\\/de\\\/produkt\\\/purisaki-entgiftungspflaster\\\/#breadcrumb\"},\"inLanguage\":\"de\",\"potentialAction\":[{\"@type\":\"ReadAction\",\"target\":[\"https:\\\/\\\/etoxproject.eu\\\/de\\\/produkt\\\/purisaki-entgiftungspflaster\\\/\"]}]},{\"@type\":\"ImageObject\",\"inLanguage\":\"de\",\"@id\":\"https:\\\/\\\/etoxproject.eu\\\/de\\\/produkt\\\/purisaki-entgiftungspflaster\\\/#primaryimage\",\"url\":\"https:\\\/\\\/etoxproject.eu\\\/wp-content\\\/uploads\\\/2025\\\/01\\\/purisaki.jpg\",\"contentUrl\":\"https:\\\/\\\/etoxproject.eu\\\/wp-content\\\/uploads\\\/2025\\\/01\\\/purisaki.jpg\",\"width\":777,\"height\":777,\"caption\":\"purisaki\"},{\"@type\":\"BreadcrumbList\",\"@id\":\"https:\\\/\\\/etoxproject.eu\\\/de\\\/produkt\\\/purisaki-entgiftungspflaster\\\/#breadcrumb\",\"itemListElement\":[{\"@type\":\"ListItem\",\"position\":1,\"name\":\"Startseite\",\"item\":\"https:\\\/\\\/etoxproject.eu\\\/de\\\/\"},{\"@type\":\"ListItem\",\"position\":2,\"name\":\"Shop\",\"item\":\"https:\\\/\\\/etoxproject.eu\\\/de\\\/shop\\\/\"},{\"@type\":\"ListItem\",\"position\":3,\"name\":\"Purisaki Entgiftungspflaster\"}]},{\"@type\":\"WebSite\",\"@id\":\"https:\\\/\\\/etoxproject.eu\\\/de\\\/#website\",\"url\":\"https:\\\/\\\/etoxproject.eu\\\/de\\\/\",\"name\":\"etoxproject.eu\",\"description\":\"\",\"publisher\":{\"@id\":\"https:\\\/\\\/etoxproject.eu\\\/de\\\/#organization\"},\"potentialAction\":[{\"@type\":\"SearchAction\",\"target\":{\"@type\":\"EntryPoint\",\"urlTemplate\":\"https:\\\/\\\/etoxproject.eu\\\/de\\\/?s={search_term_string}\"},\"query-input\":{\"@type\":\"PropertyValueSpecification\",\"valueRequired\":true,\"valueName\":\"search_term_string\"}}],\"inLanguage\":\"de\"},{\"@type\":\"Organization\",\"@id\":\"https:\\\/\\\/etoxproject.eu\\\/de\\\/#organization\",\"name\":\"etoxproject.eu\",\"url\":\"https:\\\/\\\/etoxproject.eu\\\/de\\\/\",\"logo\":{\"@type\":\"ImageObject\",\"inLanguage\":\"de\",\"@id\":\"https:\\\/\\\/etoxproject.eu\\\/de\\\/#\\\/schema\\\/logo\\\/image\\\/\",\"url\":\"https:\\\/\\\/etoxproject.eu\\\/wp-content\\\/uploads\\\/2024\\\/12\\\/etoxproject.png\",\"contentUrl\":\"https:\\\/\\\/etoxproject.eu\\\/wp-content\\\/uploads\\\/2024\\\/12\\\/etoxproject.png\",\"width\":315,\"height\":69,\"caption\":\"etoxproject.eu\"},\"image\":{\"@id\":\"https:\\\/\\\/etoxproject.eu\\\/de\\\/#\\\/schema\\\/logo\\\/image\\\/\"}}]}<\/script>\n<!-- \/ Yoast SEO plugin. -->","yoast_head_json":{"title":"Purisaki Pflaster Erfahrungen \u267b\ufe0f 70% Rabatt vom Hersteller","robots":{"index":"index","follow":"follow","max-snippet":"max-snippet:-1","max-image-preview":"max-image-preview:large","max-video-preview":"max-video-preview:-1"},"canonical":"https:\/\/etoxproject.eu\/de\/produkt\/purisaki-entgiftungspflaster\/","og_locale":"de_DE","og_type":"article","og_title":"Purisaki Pflaster Erfahrungen \u267b\ufe0f 70% Rabatt vom Hersteller","og_description":"Im Streben nach ganzheitlicher Gesundheit und nat\u00fcrlichem Wohlbefinden werden Produkte, die traditionelle Praktiken mit moderner Wissenschaft verbinden, immer beliebter. Purisaki-Fu\u00dfpflaster sind in dieser Kategorie herausragend und bieten einen einzigartigen Ansatz zur Entgiftung und N\u00e4hrstoffversorgung. Mit ihrer sorgf\u00e4ltig zusammengestellten Mischung aus nat\u00fcrlichen Inhaltsstoffen und innovativer Anwendung sind diese Pflaster darauf ausgelegt, das allgemeine Wohlbefinden m\u00fchelos zu ... Weiterlesen ...","og_url":"https:\/\/etoxproject.eu\/de\/produkt\/purisaki-entgiftungspflaster\/","og_site_name":"etoxproject.eu","article_modified_time":"2025-04-28T07:12:04+00:00","og_image":[{"width":777,"height":777,"url":"https:\/\/etoxproject.eu\/wp-content\/uploads\/2025\/01\/purisaki.jpg","type":"image\/jpeg"}],"twitter_card":"summary_large_image","twitter_misc":{"Gesch\u00e4tzte Lesezeit":"8\u00a0Minuten"},"schema":{"@context":"https:\/\/schema.org","@graph":[{"@type":"WebPage","@id":"https:\/\/etoxproject.eu\/de\/produkt\/purisaki-entgiftungspflaster\/","url":"https:\/\/etoxproject.eu\/de\/produkt\/purisaki-entgiftungspflaster\/","name":"Purisaki Pflaster Erfahrungen \u267b\ufe0f 70% Rabatt vom Hersteller","isPartOf":{"@id":"https:\/\/etoxproject.eu\/de\/#website"},"primaryImageOfPage":{"@id":"https:\/\/etoxproject.eu\/de\/produkt\/purisaki-entgiftungspflaster\/#primaryimage"},"image":{"@id":"https:\/\/etoxproject.eu\/de\/produkt\/purisaki-entgiftungspflaster\/#primaryimage"},"thumbnailUrl":"https:\/\/etoxproject.eu\/wp-content\/uploads\/2025\/01\/purisaki.jpg","datePublished":"2025-01-14T20:15:55+00:00","dateModified":"2025-04-28T07:12:04+00:00","breadcrumb":{"@id":"https:\/\/etoxproject.eu\/de\/produkt\/purisaki-entgiftungspflaster\/#breadcrumb"},"inLanguage":"de","potentialAction":[{"@type":"ReadAction","target":["https:\/\/etoxproject.eu\/de\/produkt\/purisaki-entgiftungspflaster\/"]}]},{"@type":"ImageObject","inLanguage":"de","@id":"https:\/\/etoxproject.eu\/de\/produkt\/purisaki-entgiftungspflaster\/#primaryimage","url":"https:\/\/etoxproject.eu\/wp-content\/uploads\/2025\/01\/purisaki.jpg","contentUrl":"https:\/\/etoxproject.eu\/wp-content\/uploads\/2025\/01\/purisaki.jpg","width":777,"height":777,"caption":"purisaki"},{"@type":"BreadcrumbList","@id":"https:\/\/etoxproject.eu\/de\/produkt\/purisaki-entgiftungspflaster\/#breadcrumb","itemListElement":[{"@type":"ListItem","position":1,"name":"Startseite","item":"https:\/\/etoxproject.eu\/de\/"},{"@type":"ListItem","position":2,"name":"Shop","item":"https:\/\/etoxproject.eu\/de\/shop\/"},{"@type":"ListItem","position":3,"name":"Purisaki Entgiftungspflaster"}]},{"@type":"WebSite","@id":"https:\/\/etoxproject.eu\/de\/#website","url":"https:\/\/etoxproject.eu\/de\/","name":"etoxproject.eu","description":"","publisher":{"@id":"https:\/\/etoxproject.eu\/de\/#organization"},"potentialAction":[{"@type":"SearchAction","target":{"@type":"EntryPoint","urlTemplate":"https:\/\/etoxproject.eu\/de\/?s={search_term_string}"},"query-input":{"@type":"PropertyValueSpecification","valueRequired":true,"valueName":"search_term_string"}}],"inLanguage":"de"},{"@type":"Organization","@id":"https:\/\/etoxproject.eu\/de\/#organization","name":"etoxproject.eu","url":"https:\/\/etoxproject.eu\/de\/","logo":{"@type":"ImageObject","inLanguage":"de","@id":"https:\/\/etoxproject.eu\/de\/#\/schema\/logo\/image\/","url":"https:\/\/etoxproject.eu\/wp-content\/uploads\/2024\/12\/etoxproject.png","contentUrl":"https:\/\/etoxproject.eu\/wp-content\/uploads\/2024\/12\/etoxproject.png","width":315,"height":69,"caption":"etoxproject.eu"},"image":{"@id":"https:\/\/etoxproject.eu\/de\/#\/schema\/logo\/image\/"}}]}},"_links":{"self":[{"href":"https:\/\/etoxproject.eu\/de\/wp-json\/wp\/v2\/product\/2208","targetHints":{"allow":["GET"]}}],"collection":[{"href":"https:\/\/etoxproject.eu\/de\/wp-json\/wp\/v2\/product"}],"about":[{"href":"https:\/\/etoxproject.eu\/de\/wp-json\/wp\/v2\/types\/product"}],"replies":[{"embeddable":true,"href":"https:\/\/etoxproject.eu\/de\/wp-json\/wp\/v2\/comments?post=2208"}],"wp:featuredmedia":[{"embeddable":true,"href":"https:\/\/etoxproject.eu\/de\/wp-json\/wp\/v2\/media\/1969"}],"wp:attachment":[{"href":"https:\/\/etoxproject.eu\/de\/wp-json\/wp\/v2\/media?parent=2208"}],"wp:term":[{"taxonomy":"product_brand","embeddable":true,"href":"https:\/\/etoxproject.eu\/de\/wp-json\/wp\/v2\/product_brand?post=2208"},{"taxonomy":"product_cat","embeddable":true,"href":"https:\/\/etoxproject.eu\/de\/wp-json\/wp\/v2\/product_cat?post=2208"},{"taxonomy":"product_tag","embeddable":true,"href":"https:\/\/etoxproject.eu\/de\/wp-json\/wp\/v2\/product_tag?post=2208"}],"curies":[{"name":"wp","href":"https:\/\/api.w.org\/{rel}","templated":true}]}}