{"id":1142,"date":"2024-11-12T10:42:49","date_gmt":"2024-12-05T13:44:22","guid":{"rendered":"https:\/\/etoxproject.eu\/?post_type=product&#038;p=1142"},"modified":"2024-12-05T14:44:22","modified_gmt":"2024-12-05T13:44:22","slug":"ibutamoren-mk-677","status":"publish","type":"product","link":"https:\/\/etoxproject.eu\/es\/producto\/ibutamoren-mk-677\/","title":{"rendered":"Ibutamoren MK-677"},"content":{"rendered":"<p>El Ibutamoren, tambi\u00e9n conocido como MK-677, es un suplemento diet\u00e9tico muy popular del que se habla a menudo en la comunidad del fitness y el culturismo. Se valora especialmente por su capacidad para aumentar los niveles de la hormona del crecimiento en el organismo. Pero, \u00bfqu\u00e9 hay realmente detr\u00e1s de este producto y realmente vale la pena probarlo? En esta revisi\u00f3n, echamos un vistazo detallado a Ibutamoren.<\/p>\n<h2>\u00bfQu\u00e9 es el Ibutamoren (MK-677)?<\/h2>\n<p>El ibutamoren es un agonista selectivo del receptor de la grelina y un secretagogo de la hormona del crecimiento. Esto significa que promueve la liberaci\u00f3n de hormonas de crecimiento en el organismo sin necesidad de inyecciones directas de hormona de crecimiento.<\/p>\n<h3>\u00bfC\u00f3mo act\u00faa el ibutamoreno?<\/h3>\n<p>Al unirse al receptor de la ghrelina en el cerebro, el ibutamoren activa una cascada de se\u00f1ales que estimula la liberaci\u00f3n de hormonas de crecimiento de la gl\u00e1ndula pituitaria. Los estudios han demostrado que el ibutamoren puede aumentar los niveles de IGF-1 (factor de crecimiento 1 similar a la insulina), lo que se traduce en una mejora de la masa muscular y \u00f3sea.<\/p>\n<h2>Ingredientes y sus efectos<\/h2>\n<p>El principal ingrediente de Ibutamoren es el principio activo MK-677. Est\u00e1 clasificado qu\u00edmicamente como una mol\u00e9cula no pept\u00eddica, lo que significa que puede tomarse por v\u00eda oral. Esta mol\u00e9cula se desarroll\u00f3 originalmente para promover la hormona del crecimiento en personas que sufren s\u00edntomas de deficiencia. Los estudios cl\u00ednicos han demostrado que MK-677 puede mejorar la masa muscular a largo plazo y la densidad \u00f3sea en adultos mayores.<\/p>\n<h2>Opiniones sobre Ibutamoren<\/h2>\n<p>&nbsp;<\/p>\n<table>\n<tbody>\n<tr>\n<th>Beneficio<\/th>\n<th>Descripci\u00f3n<\/th>\n<\/tr>\n<tr>\n<td>\ud83d\udcaa Musculaci\u00f3n<\/td>\n<td>Ibutamoren promueve el aumento de las hormonas de crecimiento naturales, lo que conduce a un aumento significativo de la masa muscular. Apoya la construcci\u00f3n de m\u00fasculo mediante el aumento de la s\u00edntesis de prote\u00ednas y mejorar la recuperaci\u00f3n despu\u00e9s de entrenamientos intensos.<\/td>\n<\/tr>\n<tr>\n<td>\ud83e\uddb4 Densidad \u00f3sea<\/td>\n<td>Los estudios han demostrado que MK-677 aumenta la densidad \u00f3sea, lo que puede ser particularmente beneficioso para las personas mayores propensas a la osteoporosis. Mejorar la salud \u00f3sea puede reducir el riesgo de fracturas y lesiones.<\/td>\n<\/tr>\n<tr>\n<td>\ud83d\ude34 Calidad del sue\u00f1o<\/td>\n<td>Muchos usuarios afirman haber mejorado la calidad del sue\u00f1o. Esto se debe al aumento de la liberaci\u00f3n de hormonas de crecimiento, que promueven el sue\u00f1o profundo y por lo tanto apoyan la recuperaci\u00f3n y regeneraci\u00f3n general del cuerpo.<\/td>\n<\/tr>\n<tr>\n<td>\ud83c\udfc3\u200d\u2642\ufe0f Aumento de la resistencia<\/td>\n<td>Ibutamoren puede aumentar la resistencia y el rendimiento optimizando la producci\u00f3n de energ\u00eda en el cuerpo. Esto puede conducir a un mejor rendimiento en el entrenamiento y una recuperaci\u00f3n m\u00e1s r\u00e1pida despu\u00e9s del ejercicio.<\/td>\n<\/tr>\n<\/tbody>\n<\/table>\n<h2>Precio y disponibilidad<\/h2>\n<p><a href=\"https:\/\/ibutamoren-mk-677.es\/\">El precio del Ibutamoren MK 677<\/a> puede variar en funci\u00f3n del proveedor. Un precio t\u00edpico oscila entre 50 y 100 euros al mes, dependiendo de la dosis y de la calidad de la marca. Es importante tener en cuenta que Ibutamoren no est\u00e1 disponible en farmacias est\u00e1ndar como dm, Rossmann, o supermercados como Kaufland. Las plataformas en l\u00ednea como Amazon o Shop Apotheke tampoco tienen existencias de este producto. Por tanto, los consumidores deben recurrir a tiendas online especializadas.<\/p>\n<p>Es aconsejable comparar precios para encontrar la mejor oferta, pero no hay que desde\u00f1ar la calidad del producto. Dado que Ibutamoren no ha sido probado por la Stiftung Warentest, el centro de asesoramiento al consumidor o los organismos de protecci\u00f3n del consumidor, es importante confiar en fuentes y testimonios fiables.<\/p>\n<h2>Experiencias y opiniones de los usuarios<\/h2>\n<p>Muchos usuarios informan de experiencias positivas con Ibutamoren. El aumento de la masa muscular y la mejora de la calidad del sue\u00f1o suelen destacarse como beneficios significativos. Algunos usuarios tambi\u00e9n se\u00f1alan un aumento de la resistencia y una recuperaci\u00f3n m\u00e1s r\u00e1pida despu\u00e9s del entrenamiento.<\/p>\n<p>Sin embargo, tambi\u00e9n hay voces cr\u00edticas que se\u00f1alan posibles efectos secundarios como el aumento del apetito o una ligera retenci\u00f3n de l\u00edquidos. Se recomienda consultar la ingesta con un m\u00e9dico o nutricionista, especialmente si se padecen enfermedades preexistentes o se est\u00e1 tomando otra medicaci\u00f3n.<\/p>\n<h2>Evaluaci\u00f3n final<\/h2>\n<p>El ibutamoreno (MK-677) ha demostrado ser un potente agente para favorecer la construcci\u00f3n muscular y el rendimiento f\u00edsico en general. La capacidad de aumentar los niveles de la hormona del crecimiento de forma natural, sin inyecciones directas, lo convierte en una opci\u00f3n atractiva para muchos entusiastas del fitness.<\/p>\n<p>Aunque los beneficios son prometedores, es importante ser consciente de los riesgos asociados y de la falta de pruebas exhaustivas por parte de organizaciones de consumidores independientes. Debe tomarse una decisi\u00f3n informada basada en la investigaci\u00f3n, la comparaci\u00f3n de precios y las necesidades de salud individuales.<\/p>\n<p>En general, el ibutamoren ofrece una oportunidad interesante para mejorar el rendimiento, pero debe utilizarse con precauci\u00f3n y teniendo en cuenta los objetivos y las condiciones de salud individuales.<\/p>\n<h2>Comprar Ibutamoren (MK-677) al precio m\u00e1s barato<\/h2>\n<p>Por favor, haga <a href=\"https:\/\/www.fasttrack11.com\/M5WPFDGQ\/2GB4L7W8\/?uid=31850&amp;source_id=etox\" target=\"_blank\" rel=\"nofollow noopener\">clic aqu\u00ed<\/a> para ir a la tienda online oficial.<\/p>\n","protected":false},"excerpt":{"rendered":"<p>El Ibutamoren, tambi\u00e9n conocido como MK-677, es un suplemento diet\u00e9tico muy popular del que se habla a menudo en la comunidad del fitness y el culturismo. Se valora especialmente por su capacidad para aumentar los niveles de la hormona del crecimiento en el organismo. Pero, \u00bfqu\u00e9 hay realmente detr\u00e1s de este producto y realmente vale &#8230; <a title=\"Ibutamoren MK-677\" class=\"read-more\" href=\"https:\/\/etoxproject.eu\/es\/producto\/ibutamoren-mk-677\/\" aria-label=\"M\u00e1s en Ibutamoren MK-677\">Leer m\u00e1s<\/a><\/p>\n","protected":false},"featured_media":1143,"comment_status":"open","ping_status":"closed","template":"","meta":[],"product_brand":[],"product_cat":[],"product_tag":[],"class_list":{"0":"post-1142","1":"product","2":"type-product","3":"status-publish","4":"has-post-thumbnail","7":"first","8":"instock","9":"shipping-taxable","10":"product-type-external"},"yoast_head":"<!-- This site is optimized with the Yoast SEO plugin v27.4 - https:\/\/yoast.com\/product\/yoast-seo-wordpress\/ -->\n<title>Ibutamoren MK-677 \u2764\ufe0f Precio bajo para Espa\u00f1a<\/title>\n<meta name=\"robots\" content=\"index, follow, max-snippet:-1, max-image-preview:large, max-video-preview:-1\" \/>\n<link rel=\"canonical\" href=\"https:\/\/etoxproject.eu\/es\/producto\/ibutamoren-mk-677\/\" \/>\n<meta property=\"og:locale\" content=\"es_ES\" \/>\n<meta property=\"og:type\" content=\"article\" \/>\n<meta property=\"og:title\" content=\"Ibutamoren MK-677 \u2764\ufe0f Precio bajo para Espa\u00f1a\" \/>\n<meta property=\"og:description\" content=\"El Ibutamoren, tambi\u00e9n conocido como MK-677, es un suplemento diet\u00e9tico muy popular del que se habla a menudo en la comunidad del fitness y el culturismo. Se valora especialmente por su capacidad para aumentar los niveles de la hormona del crecimiento en el organismo. Pero, \u00bfqu\u00e9 hay realmente detr\u00e1s de este producto y realmente vale ... Leer m\u00e1s\" \/>\n<meta property=\"og:url\" content=\"https:\/\/etoxproject.eu\/es\/producto\/ibutamoren-mk-677\/\" \/>\n<meta property=\"og:site_name\" content=\"etoxproject.eu\" \/>\n<meta property=\"og:image\" content=\"https:\/\/etoxproject.eu\/wp-content\/uploads\/2024\/11\/IBUTAMOREN-MK677.jpg\" \/>\n\t<meta property=\"og:image:width\" content=\"1226\" \/>\n\t<meta property=\"og:image:height\" content=\"1226\" \/>\n\t<meta property=\"og:image:type\" content=\"image\/jpeg\" \/>\n<meta name=\"twitter:card\" content=\"summary_large_image\" \/>\n<meta name=\"twitter:label1\" content=\"Tiempo de lectura\" \/>\n\t<meta name=\"twitter:data1\" content=\"5 minutos\" \/>\n<script type=\"application\/ld+json\" class=\"yoast-schema-graph\">{\"@context\":\"https:\\\/\\\/schema.org\",\"@graph\":[{\"@type\":\"WebPage\",\"@id\":\"https:\\\/\\\/etoxproject.eu\\\/es\\\/producto\\\/ibutamoren-mk-677\\\/\",\"url\":\"https:\\\/\\\/etoxproject.eu\\\/es\\\/producto\\\/ibutamoren-mk-677\\\/\",\"name\":\"Ibutamoren MK-677 \u2764\ufe0f Precio bajo para Espa\u00f1a\",\"isPartOf\":{\"@id\":\"https:\\\/\\\/etoxproject.eu\\\/es\\\/#website\"},\"primaryImageOfPage\":{\"@id\":\"https:\\\/\\\/etoxproject.eu\\\/es\\\/producto\\\/ibutamoren-mk-677\\\/#primaryimage\"},\"image\":{\"@id\":\"https:\\\/\\\/etoxproject.eu\\\/es\\\/producto\\\/ibutamoren-mk-677\\\/#primaryimage\"},\"thumbnailUrl\":\"https:\\\/\\\/etoxproject.eu\\\/wp-content\\\/uploads\\\/2024\\\/11\\\/IBUTAMOREN-MK677.jpg\",\"datePublished\":\"2024-12-05T13:44:22+00:00\",\"breadcrumb\":{\"@id\":\"https:\\\/\\\/etoxproject.eu\\\/es\\\/producto\\\/ibutamoren-mk-677\\\/#breadcrumb\"},\"inLanguage\":\"es\",\"potentialAction\":[{\"@type\":\"ReadAction\",\"target\":[\"https:\\\/\\\/etoxproject.eu\\\/es\\\/producto\\\/ibutamoren-mk-677\\\/\"]}]},{\"@type\":\"ImageObject\",\"inLanguage\":\"es\",\"@id\":\"https:\\\/\\\/etoxproject.eu\\\/es\\\/producto\\\/ibutamoren-mk-677\\\/#primaryimage\",\"url\":\"https:\\\/\\\/etoxproject.eu\\\/wp-content\\\/uploads\\\/2024\\\/11\\\/IBUTAMOREN-MK677.jpg\",\"contentUrl\":\"https:\\\/\\\/etoxproject.eu\\\/wp-content\\\/uploads\\\/2024\\\/11\\\/IBUTAMOREN-MK677.jpg\",\"width\":1226,\"height\":1226},{\"@type\":\"BreadcrumbList\",\"@id\":\"https:\\\/\\\/etoxproject.eu\\\/es\\\/producto\\\/ibutamoren-mk-677\\\/#breadcrumb\",\"itemListElement\":[{\"@type\":\"ListItem\",\"position\":1,\"name\":\"Startseite\",\"item\":\"https:\\\/\\\/etoxproject.eu\\\/es\\\/\"},{\"@type\":\"ListItem\",\"position\":2,\"name\":\"Shop\",\"item\":\"https:\\\/\\\/etoxproject.eu\\\/shop\\\/\"},{\"@type\":\"ListItem\",\"position\":3,\"name\":\"Ibutamoren MK-677\"}]},{\"@type\":\"WebSite\",\"@id\":\"https:\\\/\\\/etoxproject.eu\\\/es\\\/#website\",\"url\":\"https:\\\/\\\/etoxproject.eu\\\/es\\\/\",\"name\":\"etoxproject.eu\",\"description\":\"\",\"publisher\":{\"@id\":\"https:\\\/\\\/etoxproject.eu\\\/es\\\/#organization\"},\"potentialAction\":[{\"@type\":\"SearchAction\",\"target\":{\"@type\":\"EntryPoint\",\"urlTemplate\":\"https:\\\/\\\/etoxproject.eu\\\/es\\\/?s={search_term_string}\"},\"query-input\":{\"@type\":\"PropertyValueSpecification\",\"valueRequired\":true,\"valueName\":\"search_term_string\"}}],\"inLanguage\":\"es\"},{\"@type\":\"Organization\",\"@id\":\"https:\\\/\\\/etoxproject.eu\\\/es\\\/#organization\",\"name\":\"etoxproject.eu\",\"url\":\"https:\\\/\\\/etoxproject.eu\\\/es\\\/\",\"logo\":{\"@type\":\"ImageObject\",\"inLanguage\":\"es\",\"@id\":\"https:\\\/\\\/etoxproject.eu\\\/es\\\/#\\\/schema\\\/logo\\\/image\\\/\",\"url\":\"https:\\\/\\\/etoxproject.eu\\\/wp-content\\\/uploads\\\/2024\\\/12\\\/etoxproject.png\",\"contentUrl\":\"https:\\\/\\\/etoxproject.eu\\\/wp-content\\\/uploads\\\/2024\\\/12\\\/etoxproject.png\",\"width\":315,\"height\":69,\"caption\":\"etoxproject.eu\"},\"image\":{\"@id\":\"https:\\\/\\\/etoxproject.eu\\\/es\\\/#\\\/schema\\\/logo\\\/image\\\/\"}}]}<\/script>\n<!-- \/ Yoast SEO plugin. -->","yoast_head_json":{"title":"Ibutamoren MK-677 \u2764\ufe0f Precio bajo para Espa\u00f1a","robots":{"index":"index","follow":"follow","max-snippet":"max-snippet:-1","max-image-preview":"max-image-preview:large","max-video-preview":"max-video-preview:-1"},"canonical":"https:\/\/etoxproject.eu\/es\/producto\/ibutamoren-mk-677\/","og_locale":"es_ES","og_type":"article","og_title":"Ibutamoren MK-677 \u2764\ufe0f Precio bajo para Espa\u00f1a","og_description":"El Ibutamoren, tambi\u00e9n conocido como MK-677, es un suplemento diet\u00e9tico muy popular del que se habla a menudo en la comunidad del fitness y el culturismo. Se valora especialmente por su capacidad para aumentar los niveles de la hormona del crecimiento en el organismo. Pero, \u00bfqu\u00e9 hay realmente detr\u00e1s de este producto y realmente vale ... Leer m\u00e1s","og_url":"https:\/\/etoxproject.eu\/es\/producto\/ibutamoren-mk-677\/","og_site_name":"etoxproject.eu","og_image":[{"width":1226,"height":1226,"url":"https:\/\/etoxproject.eu\/wp-content\/uploads\/2024\/11\/IBUTAMOREN-MK677.jpg","type":"image\/jpeg"}],"twitter_card":"summary_large_image","twitter_misc":{"Tiempo de lectura":"5 minutos"},"schema":{"@context":"https:\/\/schema.org","@graph":[{"@type":"WebPage","@id":"https:\/\/etoxproject.eu\/es\/producto\/ibutamoren-mk-677\/","url":"https:\/\/etoxproject.eu\/es\/producto\/ibutamoren-mk-677\/","name":"Ibutamoren MK-677 \u2764\ufe0f Precio bajo para Espa\u00f1a","isPartOf":{"@id":"https:\/\/etoxproject.eu\/es\/#website"},"primaryImageOfPage":{"@id":"https:\/\/etoxproject.eu\/es\/producto\/ibutamoren-mk-677\/#primaryimage"},"image":{"@id":"https:\/\/etoxproject.eu\/es\/producto\/ibutamoren-mk-677\/#primaryimage"},"thumbnailUrl":"https:\/\/etoxproject.eu\/wp-content\/uploads\/2024\/11\/IBUTAMOREN-MK677.jpg","datePublished":"2024-12-05T13:44:22+00:00","breadcrumb":{"@id":"https:\/\/etoxproject.eu\/es\/producto\/ibutamoren-mk-677\/#breadcrumb"},"inLanguage":"es","potentialAction":[{"@type":"ReadAction","target":["https:\/\/etoxproject.eu\/es\/producto\/ibutamoren-mk-677\/"]}]},{"@type":"ImageObject","inLanguage":"es","@id":"https:\/\/etoxproject.eu\/es\/producto\/ibutamoren-mk-677\/#primaryimage","url":"https:\/\/etoxproject.eu\/wp-content\/uploads\/2024\/11\/IBUTAMOREN-MK677.jpg","contentUrl":"https:\/\/etoxproject.eu\/wp-content\/uploads\/2024\/11\/IBUTAMOREN-MK677.jpg","width":1226,"height":1226},{"@type":"BreadcrumbList","@id":"https:\/\/etoxproject.eu\/es\/producto\/ibutamoren-mk-677\/#breadcrumb","itemListElement":[{"@type":"ListItem","position":1,"name":"Startseite","item":"https:\/\/etoxproject.eu\/es\/"},{"@type":"ListItem","position":2,"name":"Shop","item":"https:\/\/etoxproject.eu\/shop\/"},{"@type":"ListItem","position":3,"name":"Ibutamoren MK-677"}]},{"@type":"WebSite","@id":"https:\/\/etoxproject.eu\/es\/#website","url":"https:\/\/etoxproject.eu\/es\/","name":"etoxproject.eu","description":"","publisher":{"@id":"https:\/\/etoxproject.eu\/es\/#organization"},"potentialAction":[{"@type":"SearchAction","target":{"@type":"EntryPoint","urlTemplate":"https:\/\/etoxproject.eu\/es\/?s={search_term_string}"},"query-input":{"@type":"PropertyValueSpecification","valueRequired":true,"valueName":"search_term_string"}}],"inLanguage":"es"},{"@type":"Organization","@id":"https:\/\/etoxproject.eu\/es\/#organization","name":"etoxproject.eu","url":"https:\/\/etoxproject.eu\/es\/","logo":{"@type":"ImageObject","inLanguage":"es","@id":"https:\/\/etoxproject.eu\/es\/#\/schema\/logo\/image\/","url":"https:\/\/etoxproject.eu\/wp-content\/uploads\/2024\/12\/etoxproject.png","contentUrl":"https:\/\/etoxproject.eu\/wp-content\/uploads\/2024\/12\/etoxproject.png","width":315,"height":69,"caption":"etoxproject.eu"},"image":{"@id":"https:\/\/etoxproject.eu\/es\/#\/schema\/logo\/image\/"}}]}},"_links":{"self":[{"href":"https:\/\/etoxproject.eu\/es\/wp-json\/wp\/v2\/product\/1142","targetHints":{"allow":["GET"]}}],"collection":[{"href":"https:\/\/etoxproject.eu\/es\/wp-json\/wp\/v2\/product"}],"about":[{"href":"https:\/\/etoxproject.eu\/es\/wp-json\/wp\/v2\/types\/product"}],"replies":[{"embeddable":true,"href":"https:\/\/etoxproject.eu\/es\/wp-json\/wp\/v2\/comments?post=1142"}],"wp:featuredmedia":[{"embeddable":true,"href":"https:\/\/etoxproject.eu\/es\/wp-json\/wp\/v2\/media\/1143"}],"wp:attachment":[{"href":"https:\/\/etoxproject.eu\/es\/wp-json\/wp\/v2\/media?parent=1142"}],"wp:term":[{"taxonomy":"product_brand","embeddable":true,"href":"https:\/\/etoxproject.eu\/es\/wp-json\/wp\/v2\/product_brand?post=1142"},{"taxonomy":"product_cat","embeddable":true,"href":"https:\/\/etoxproject.eu\/es\/wp-json\/wp\/v2\/product_cat?post=1142"},{"taxonomy":"product_tag","embeddable":true,"href":"https:\/\/etoxproject.eu\/es\/wp-json\/wp\/v2\/product_tag?post=1142"}],"curies":[{"name":"wp","href":"https:\/\/api.w.org\/{rel}","templated":true}]}}