{"id":1164,"date":"2024-11-12T10:42:34","date_gmt":"2024-12-06T05:24:41","guid":{"rendered":"https:\/\/etoxproject.eu\/?post_type=product&#038;p=1164"},"modified":"2025-04-04T08:24:03","modified_gmt":"2025-04-04T06:24:03","slug":"plantillas-akusoli","status":"publish","type":"product","link":"https:\/\/etoxproject.eu\/es\/producto\/plantillas-akusoli\/","title":{"rendered":"Plantillas Akusoli"},"content":{"rendered":"<p>Las plantillas Akusoli para adelgazar son un producto innovador que se centra en ayudar a perder peso mediante el uso de materiales y tecnolog\u00edas especiales. En esta rese\u00f1a, analizamos en detalle las caracter\u00edsticas, ventajas y experiencias de los usuarios de estas plantillas. Tambi\u00e9n examinamos los antecedentes cient\u00edficos y analizamos su precio en comparaci\u00f3n con otros productos.<\/p>\n<h2>Materiales e ingredientes<\/h2>\n<p><strong>Las plantillas Akusoli est\u00e1n fabricadas con una combinaci\u00f3n de materiales de alta calidad. Cabe destacar:<\/strong><\/p>\n<ul>\n<li><strong>Plantillas magn\u00e9ticas<\/strong>: Favorecen la circulaci\u00f3n sangu\u00ednea y estimulan el metabolismo. Los estudios han demostrado que los campos magn\u00e9ticos pueden tener un efecto positivo en la circulaci\u00f3n sangu\u00ednea.<\/li>\n<li><strong>Puntos de acupresi\u00f3n<\/strong>: Las protuberancias estrat\u00e9gicamente colocadas estimulan puntos espec\u00edficos del pie que est\u00e1n conectados con el sistema digestivo. La acupresi\u00f3n se ha utilizado durante siglos en la medicina tradicional china para promover la salud.<\/li>\n<li><strong>Tejido transpirable<\/strong>: garantiza la comodidad y evita la transpiraci\u00f3n, lo que es especialmente importante para el uso diario.<\/li>\n<\/ul>\n<h2>Opiniones de las plantillas Akusoli<\/h2>\n<table>\n<thead>\n<tr>\n<th>Ventaja<\/th>\n<th>Explicaci\u00f3n<\/th>\n<\/tr>\n<\/thead>\n<tbody>\n<tr>\n<td>\ud83d\udc63 <strong>Dise\u00f1o ergon\u00f3mico<\/strong><\/td>\n<td>Las suelas se adaptan perfectamente a la forma del pie y favorecen una postura natural al caminar y estar de pie.&lt;\/td<\/td>\n<\/tr>\n<tr>\n<td>\ud83d\udee1\ufe0f <strong>Alivio de la presi\u00f3n<\/strong><\/td>\n<td>Las plantillas Akusoli distribuyen la presi\u00f3n uniformemente por toda la planta del pie, reduciendo los dolorosos puntos de presi\u00f3n<\/td>\n<\/tr>\n<tr>\n<td>\ud83c\udf2c\ufe0f <strong>Transpirabilidad<\/strong><\/td>\n<td>Gracias a materiales especiales, favorecen una buena circulaci\u00f3n del aire, lo que minimiza la transpiraci\u00f3n y los olores<\/td>\n<\/tr>\n<tr>\n<td>\ud83c\udf31 <strong>Respetuosas con el medio ambiente<\/strong><\/td>\n<td>Fabricadas con materiales sostenibles, las suelas son biodegradables y respetuosas con el medio ambiente.<\/td>\n<\/tr>\n<tr>\n<td>\ud83d\udd25 <strong>Eficiencia t\u00e9rmica<\/strong><\/td>\n<td>Ofrecen un excelente aislamiento t\u00e9rmico, manteniendo los pies calientes en invierno y agradablemente frescos en verano.<\/td>\n<\/tr>\n<tr>\n<td>\ud83d\udeb6 <strong>Almohadillado y confort<\/strong><\/td>\n<td>El acolchado de alta calidad absorbe los impactos, protegiendo las articulaciones, los m\u00fasculos y los tendones.<\/td>\n<\/tr>\n<tr>\n<td>\ud83e\uddb6 <strong>Salud del pie<\/strong><\/td>\n<td>Apoyan la posici\u00f3n natural del pie y pueden contrarrestar desalineaciones del pie como pies planos o arcos ca\u00eddos<\/td>\n<\/tr>\n<tr>\n<td>\ud83c\udfbd <strong>Beneficios deportivos<\/strong><\/td>\n<td>Ideales para deportistas: mejoran la estabilidad, favorecen el rendimiento y reducen el riesgo de lesiones.<\/td>\n<\/tr>\n<tr>\n<td>\ud83d\udee0\ufe0f <strong>Durabilidad<\/strong><\/td>\n<td>Los materiales duraderos garantizan que las plantillas duren mucho tiempo, incluso con un uso intensivo<\/td>\n<\/tr>\n<tr>\n<td>\ud83d\udc5c <strong>Aplicaci\u00f3n vers\u00e1til<\/strong><\/td>\n<td>Adecuadas para diferentes tipos de calzado, como calzado deportivo, calzado de trabajo o calzado de diario, sin p\u00e9rdida de comodidad<\/td>\n<\/tr>\n<\/tbody>\n<\/table>\n<p>&nbsp;<\/p>\n<h2>Experiencias Akusoli: Antecedentes cient\u00edficos<\/h2>\n<p>El efecto de las plantillas Akusoli se basa en dos enfoques centrales: La magnetoterapia y la acupresi\u00f3n. La magnetoterapia se investiga desde hace tiempo para aliviar el dolor y mejorar la circulaci\u00f3n. Un estudio publicado en el <em>Journal of Applied Physiology<\/em> demuestra que los campos magn\u00e9ticos pueden mejorar la microcirculaci\u00f3n en los tejidos.<\/p>\n<p>La acupresi\u00f3n, por su parte, utiliza la estimulaci\u00f3n de puntos de presi\u00f3n para conseguir efectos beneficiosos para la salud. Un estudio publicado en el <em>Journal of Alternative and Complementary Medicine<\/em> sugiere que la acupresi\u00f3n puede ayudar a perder peso estimulando el metabolismo y controlando el apetito.<\/p>\n<h2>Precio y disponibilidad<\/h2>\n<p>Las plantillas Akusoli se pueden adquirir exclusivamente a trav\u00e9s de la web oficial del fabricante y no est\u00e1n disponibles en farmacias convencionales como dm, Rossmann o supermercados como Kaufland. Tampoco est\u00e1n disponibles en plataformas como Amazon y Shop Apotheke. El precio de las plantillas se sit\u00faa en el segmento medio, lo que parece justificado dadas las tecnolog\u00edas y materiales utilizados. En comparaci\u00f3n con productos similares, Akusoli ofrece una buena relaci\u00f3n calidad-precio.<\/p>\n<h2>Opiniones y testimonios de usuarios<\/h2>\n<p>Muchos usuarios han tenido experiencias positivas con las plantillas Akusoli. Destacan especialmente la agradable comodidad de uso y la integraci\u00f3n discreta en la vida cotidiana. Algunos usuarios tambi\u00e9n han informado de una mejora de su bienestar y de que les ayudan a perder peso.<\/p>\n<p>Un usuario escribe: <em>\u00abEra esc\u00e9ptico, pero despu\u00e9s de unas semanas de uso diario me sent\u00ed con m\u00e1s energ\u00eda y he perdido unos cuantos kilos\u00bb<\/em> Otro a\u00f1ade: <em>\u00abLas plantillas son muy c\u00f3modas y noto una mejora significativa en mi digesti\u00f3n\u00bb&lt;\/em<\/em><\/p>\n<h2>Conclusi\u00f3n<\/h2>\n<p><a href=\"https:\/\/plantillasakusoli.es\/\">Las plantillas Akusoli<\/a> para adelgazar ofrecen una forma innovadora de apoyar la p\u00e9rdida de peso y aumentar el bienestar. Al combinar la magnetoterapia y la acupresi\u00f3n, pueden tener efectos positivos espec\u00edficos sobre el metabolismo y la digesti\u00f3n. Aunque no han sido probadas por instituciones como Stiftung Warentest o el centro de asesoramiento al consumidor, las numerosas opiniones positivas de los usuarios hablan por s\u00ed solas.<\/p>\n<p>Las plantillas Akusoli merecen la pena si se busca un m\u00e9todo sencillo y no invasivo que ayude a perder peso. El \u00fanico inconveniente es que s\u00f3lo est\u00e1n disponibles a trav\u00e9s del sitio web del fabricante, pero esto se compensa con la exclusividad y los beneficios espec\u00edficos del producto.<\/p>\n<table>\n<tbody>\n<tr>\n<th>Aspecto<\/th>\n<th>Calificaci\u00f3n<\/th>\n<\/tr>\n<tr>\n<td>Calidad del material<\/td>\n<td>\u2b50\u2b50\u2b50\u2b50\u2b50<\/td>\n<\/tr>\n<tr>\n<td>Efecto<\/td>\n<td>\u2b50\u2b50\u2b50\u2b50<\/td>\n<\/tr>\n<tr>\n<td>Relaci\u00f3n calidad-precio<\/td>\n<td>\u2b50\u2b50\u2b50\u2b50<\/td>\n<\/tr>\n<tr>\n<td>Disponibilidad<\/td>\n<td>\u2b50\u2b50\u2b50\u2b50<\/td>\n<\/tr>\n<\/tbody>\n<\/table>\n<p>En general, las plantillas Akusoli ofrecen un apoyo prometedor para cualquiera que desee mejorar su salud y su forma f\u00edsica sin recurrir a m\u00e9todos invasivos.<\/p>\n","protected":false},"excerpt":{"rendered":"<p>Las plantillas Akusoli para adelgazar son un producto innovador que se centra en ayudar a perder peso mediante el uso de materiales y tecnolog\u00edas especiales. En esta rese\u00f1a, analizamos en detalle las caracter\u00edsticas, ventajas y experiencias de los usuarios de estas plantillas. Tambi\u00e9n examinamos los antecedentes cient\u00edficos y analizamos su precio en comparaci\u00f3n con otros &#8230; <a title=\"Plantillas Akusoli\" class=\"read-more\" href=\"https:\/\/etoxproject.eu\/es\/producto\/plantillas-akusoli\/\" aria-label=\"M\u00e1s en Plantillas Akusoli\">Leer m\u00e1s<\/a><\/p>\n","protected":false},"featured_media":1165,"comment_status":"open","ping_status":"closed","template":"","meta":[],"product_brand":[],"product_cat":[],"product_tag":[],"class_list":{"0":"post-1164","1":"product","2":"type-product","3":"status-publish","4":"has-post-thumbnail","7":"first","8":"instock","9":"sale","10":"shipping-taxable","11":"product-type-external"},"yoast_head":"<!-- This site is optimized with the Yoast SEO plugin v27.4 - https:\/\/yoast.com\/product\/yoast-seo-wordpress\/ -->\n<title>Plantillas Akusoli \u2764\ufe0f Opiniones &amp; 70% de descuento<\/title>\n<meta name=\"robots\" content=\"index, follow, max-snippet:-1, max-image-preview:large, max-video-preview:-1\" \/>\n<link rel=\"canonical\" href=\"https:\/\/etoxproject.eu\/es\/producto\/plantillas-akusoli\/\" \/>\n<meta property=\"og:locale\" content=\"es_ES\" \/>\n<meta property=\"og:type\" content=\"article\" \/>\n<meta property=\"og:title\" content=\"Plantillas Akusoli \u2764\ufe0f Opiniones &amp; 70% de descuento\" \/>\n<meta property=\"og:description\" content=\"Las plantillas Akusoli para adelgazar son un producto innovador que se centra en ayudar a perder peso mediante el uso de materiales y tecnolog\u00edas especiales. En esta rese\u00f1a, analizamos en detalle las caracter\u00edsticas, ventajas y experiencias de los usuarios de estas plantillas. Tambi\u00e9n examinamos los antecedentes cient\u00edficos y analizamos su precio en comparaci\u00f3n con otros ... Leer m\u00e1s\" \/>\n<meta property=\"og:url\" content=\"https:\/\/etoxproject.eu\/es\/producto\/plantillas-akusoli\/\" \/>\n<meta property=\"og:site_name\" content=\"etoxproject.eu\" \/>\n<meta property=\"article:modified_time\" content=\"2025-04-04T06:24:03+00:00\" \/>\n<meta property=\"og:image\" content=\"https:\/\/etoxproject.eu\/wp-content\/uploads\/2024\/11\/akusoli-einlagen.jpg\" \/>\n\t<meta property=\"og:image:width\" content=\"860\" \/>\n\t<meta property=\"og:image:height\" content=\"714\" \/>\n\t<meta property=\"og:image:type\" content=\"image\/jpeg\" \/>\n<meta name=\"twitter:card\" content=\"summary_large_image\" \/>\n<meta name=\"twitter:label1\" content=\"Tiempo de lectura\" \/>\n\t<meta name=\"twitter:data1\" content=\"5 minutos\" \/>\n<script type=\"application\/ld+json\" class=\"yoast-schema-graph\">{\"@context\":\"https:\\\/\\\/schema.org\",\"@graph\":[{\"@type\":\"WebPage\",\"@id\":\"https:\\\/\\\/etoxproject.eu\\\/es\\\/producto\\\/plantillas-akusoli\\\/\",\"url\":\"https:\\\/\\\/etoxproject.eu\\\/es\\\/producto\\\/plantillas-akusoli\\\/\",\"name\":\"Plantillas Akusoli \u2764\ufe0f Opiniones & 70% de descuento\",\"isPartOf\":{\"@id\":\"https:\\\/\\\/etoxproject.eu\\\/es\\\/#website\"},\"primaryImageOfPage\":{\"@id\":\"https:\\\/\\\/etoxproject.eu\\\/es\\\/producto\\\/plantillas-akusoli\\\/#primaryimage\"},\"image\":{\"@id\":\"https:\\\/\\\/etoxproject.eu\\\/es\\\/producto\\\/plantillas-akusoli\\\/#primaryimage\"},\"thumbnailUrl\":\"https:\\\/\\\/etoxproject.eu\\\/wp-content\\\/uploads\\\/2024\\\/11\\\/akusoli-einlagen.jpg\",\"datePublished\":\"2024-12-06T05:24:41+00:00\",\"dateModified\":\"2025-04-04T06:24:03+00:00\",\"breadcrumb\":{\"@id\":\"https:\\\/\\\/etoxproject.eu\\\/es\\\/producto\\\/plantillas-akusoli\\\/#breadcrumb\"},\"inLanguage\":\"es\",\"potentialAction\":[{\"@type\":\"ReadAction\",\"target\":[\"https:\\\/\\\/etoxproject.eu\\\/es\\\/producto\\\/plantillas-akusoli\\\/\"]}]},{\"@type\":\"ImageObject\",\"inLanguage\":\"es\",\"@id\":\"https:\\\/\\\/etoxproject.eu\\\/es\\\/producto\\\/plantillas-akusoli\\\/#primaryimage\",\"url\":\"https:\\\/\\\/etoxproject.eu\\\/wp-content\\\/uploads\\\/2024\\\/11\\\/akusoli-einlagen.jpg\",\"contentUrl\":\"https:\\\/\\\/etoxproject.eu\\\/wp-content\\\/uploads\\\/2024\\\/11\\\/akusoli-einlagen.jpg\",\"width\":860,\"height\":714},{\"@type\":\"BreadcrumbList\",\"@id\":\"https:\\\/\\\/etoxproject.eu\\\/es\\\/producto\\\/plantillas-akusoli\\\/#breadcrumb\",\"itemListElement\":[{\"@type\":\"ListItem\",\"position\":1,\"name\":\"Startseite\",\"item\":\"https:\\\/\\\/etoxproject.eu\\\/es\\\/\"},{\"@type\":\"ListItem\",\"position\":2,\"name\":\"Shop\",\"item\":\"https:\\\/\\\/etoxproject.eu\\\/shop\\\/\"},{\"@type\":\"ListItem\",\"position\":3,\"name\":\"Plantillas Akusoli\"}]},{\"@type\":\"WebSite\",\"@id\":\"https:\\\/\\\/etoxproject.eu\\\/es\\\/#website\",\"url\":\"https:\\\/\\\/etoxproject.eu\\\/es\\\/\",\"name\":\"etoxproject.eu\",\"description\":\"\",\"publisher\":{\"@id\":\"https:\\\/\\\/etoxproject.eu\\\/es\\\/#organization\"},\"potentialAction\":[{\"@type\":\"SearchAction\",\"target\":{\"@type\":\"EntryPoint\",\"urlTemplate\":\"https:\\\/\\\/etoxproject.eu\\\/es\\\/?s={search_term_string}\"},\"query-input\":{\"@type\":\"PropertyValueSpecification\",\"valueRequired\":true,\"valueName\":\"search_term_string\"}}],\"inLanguage\":\"es\"},{\"@type\":\"Organization\",\"@id\":\"https:\\\/\\\/etoxproject.eu\\\/es\\\/#organization\",\"name\":\"etoxproject.eu\",\"url\":\"https:\\\/\\\/etoxproject.eu\\\/es\\\/\",\"logo\":{\"@type\":\"ImageObject\",\"inLanguage\":\"es\",\"@id\":\"https:\\\/\\\/etoxproject.eu\\\/es\\\/#\\\/schema\\\/logo\\\/image\\\/\",\"url\":\"https:\\\/\\\/etoxproject.eu\\\/wp-content\\\/uploads\\\/2024\\\/12\\\/etoxproject.png\",\"contentUrl\":\"https:\\\/\\\/etoxproject.eu\\\/wp-content\\\/uploads\\\/2024\\\/12\\\/etoxproject.png\",\"width\":315,\"height\":69,\"caption\":\"etoxproject.eu\"},\"image\":{\"@id\":\"https:\\\/\\\/etoxproject.eu\\\/es\\\/#\\\/schema\\\/logo\\\/image\\\/\"}}]}<\/script>\n<!-- \/ Yoast SEO plugin. -->","yoast_head_json":{"title":"Plantillas Akusoli \u2764\ufe0f Opiniones & 70% de descuento","robots":{"index":"index","follow":"follow","max-snippet":"max-snippet:-1","max-image-preview":"max-image-preview:large","max-video-preview":"max-video-preview:-1"},"canonical":"https:\/\/etoxproject.eu\/es\/producto\/plantillas-akusoli\/","og_locale":"es_ES","og_type":"article","og_title":"Plantillas Akusoli \u2764\ufe0f Opiniones & 70% de descuento","og_description":"Las plantillas Akusoli para adelgazar son un producto innovador que se centra en ayudar a perder peso mediante el uso de materiales y tecnolog\u00edas especiales. En esta rese\u00f1a, analizamos en detalle las caracter\u00edsticas, ventajas y experiencias de los usuarios de estas plantillas. Tambi\u00e9n examinamos los antecedentes cient\u00edficos y analizamos su precio en comparaci\u00f3n con otros ... Leer m\u00e1s","og_url":"https:\/\/etoxproject.eu\/es\/producto\/plantillas-akusoli\/","og_site_name":"etoxproject.eu","article_modified_time":"2025-04-04T06:24:03+00:00","og_image":[{"width":860,"height":714,"url":"https:\/\/etoxproject.eu\/wp-content\/uploads\/2024\/11\/akusoli-einlagen.jpg","type":"image\/jpeg"}],"twitter_card":"summary_large_image","twitter_misc":{"Tiempo de lectura":"5 minutos"},"schema":{"@context":"https:\/\/schema.org","@graph":[{"@type":"WebPage","@id":"https:\/\/etoxproject.eu\/es\/producto\/plantillas-akusoli\/","url":"https:\/\/etoxproject.eu\/es\/producto\/plantillas-akusoli\/","name":"Plantillas Akusoli \u2764\ufe0f Opiniones & 70% de descuento","isPartOf":{"@id":"https:\/\/etoxproject.eu\/es\/#website"},"primaryImageOfPage":{"@id":"https:\/\/etoxproject.eu\/es\/producto\/plantillas-akusoli\/#primaryimage"},"image":{"@id":"https:\/\/etoxproject.eu\/es\/producto\/plantillas-akusoli\/#primaryimage"},"thumbnailUrl":"https:\/\/etoxproject.eu\/wp-content\/uploads\/2024\/11\/akusoli-einlagen.jpg","datePublished":"2024-12-06T05:24:41+00:00","dateModified":"2025-04-04T06:24:03+00:00","breadcrumb":{"@id":"https:\/\/etoxproject.eu\/es\/producto\/plantillas-akusoli\/#breadcrumb"},"inLanguage":"es","potentialAction":[{"@type":"ReadAction","target":["https:\/\/etoxproject.eu\/es\/producto\/plantillas-akusoli\/"]}]},{"@type":"ImageObject","inLanguage":"es","@id":"https:\/\/etoxproject.eu\/es\/producto\/plantillas-akusoli\/#primaryimage","url":"https:\/\/etoxproject.eu\/wp-content\/uploads\/2024\/11\/akusoli-einlagen.jpg","contentUrl":"https:\/\/etoxproject.eu\/wp-content\/uploads\/2024\/11\/akusoli-einlagen.jpg","width":860,"height":714},{"@type":"BreadcrumbList","@id":"https:\/\/etoxproject.eu\/es\/producto\/plantillas-akusoli\/#breadcrumb","itemListElement":[{"@type":"ListItem","position":1,"name":"Startseite","item":"https:\/\/etoxproject.eu\/es\/"},{"@type":"ListItem","position":2,"name":"Shop","item":"https:\/\/etoxproject.eu\/shop\/"},{"@type":"ListItem","position":3,"name":"Plantillas Akusoli"}]},{"@type":"WebSite","@id":"https:\/\/etoxproject.eu\/es\/#website","url":"https:\/\/etoxproject.eu\/es\/","name":"etoxproject.eu","description":"","publisher":{"@id":"https:\/\/etoxproject.eu\/es\/#organization"},"potentialAction":[{"@type":"SearchAction","target":{"@type":"EntryPoint","urlTemplate":"https:\/\/etoxproject.eu\/es\/?s={search_term_string}"},"query-input":{"@type":"PropertyValueSpecification","valueRequired":true,"valueName":"search_term_string"}}],"inLanguage":"es"},{"@type":"Organization","@id":"https:\/\/etoxproject.eu\/es\/#organization","name":"etoxproject.eu","url":"https:\/\/etoxproject.eu\/es\/","logo":{"@type":"ImageObject","inLanguage":"es","@id":"https:\/\/etoxproject.eu\/es\/#\/schema\/logo\/image\/","url":"https:\/\/etoxproject.eu\/wp-content\/uploads\/2024\/12\/etoxproject.png","contentUrl":"https:\/\/etoxproject.eu\/wp-content\/uploads\/2024\/12\/etoxproject.png","width":315,"height":69,"caption":"etoxproject.eu"},"image":{"@id":"https:\/\/etoxproject.eu\/es\/#\/schema\/logo\/image\/"}}]}},"_links":{"self":[{"href":"https:\/\/etoxproject.eu\/es\/wp-json\/wp\/v2\/product\/1164","targetHints":{"allow":["GET"]}}],"collection":[{"href":"https:\/\/etoxproject.eu\/es\/wp-json\/wp\/v2\/product"}],"about":[{"href":"https:\/\/etoxproject.eu\/es\/wp-json\/wp\/v2\/types\/product"}],"replies":[{"embeddable":true,"href":"https:\/\/etoxproject.eu\/es\/wp-json\/wp\/v2\/comments?post=1164"}],"wp:featuredmedia":[{"embeddable":true,"href":"https:\/\/etoxproject.eu\/es\/wp-json\/wp\/v2\/media\/1165"}],"wp:attachment":[{"href":"https:\/\/etoxproject.eu\/es\/wp-json\/wp\/v2\/media?parent=1164"}],"wp:term":[{"taxonomy":"product_brand","embeddable":true,"href":"https:\/\/etoxproject.eu\/es\/wp-json\/wp\/v2\/product_brand?post=1164"},{"taxonomy":"product_cat","embeddable":true,"href":"https:\/\/etoxproject.eu\/es\/wp-json\/wp\/v2\/product_cat?post=1164"},{"taxonomy":"product_tag","embeddable":true,"href":"https:\/\/etoxproject.eu\/es\/wp-json\/wp\/v2\/product_tag?post=1164"}],"curies":[{"name":"wp","href":"https:\/\/api.w.org\/{rel}","templated":true}]}}