{"id":1204,"date":"2024-12-06T06:37:18","date_gmt":"2024-12-06T08:25:09","guid":{"rendered":"https:\/\/etoxproject.eu\/?post_type=product&#038;p=1204"},"modified":"2024-12-06T09:25:09","modified_gmt":"2024-12-06T08:25:09","slug":"synoshi-power-spin-scrubber","status":"publish","type":"product","link":"https:\/\/etoxproject.eu\/es\/producto\/synoshi-power-spin-scrubber\/","title":{"rendered":"Synoshi Power Spin Scrubber"},"content":{"rendered":"<p>La Power Spin Scrubber de Synoshi es un innovador aparato de limpieza especialmente desarrollado para limpiar sin esfuerzo la suciedad m\u00e1s resistente del hogar. En este detallado informe de prueba, analizamos su rendimiento, manejo y ventajas generales. \u00bfEs realmente la fregadora Synoshi Power Spin la elecci\u00f3n ideal para sus necesidades de limpieza? Llegamos al fondo de la cuesti\u00f3n.<\/p>\n<h2>Experiencia y prueba de la fregadora Power Spin de Synoshi<\/h2>\n<p>La fregadora Synoshi Power Spin impresiona con un dise\u00f1o moderno y ergon\u00f3mico que es a la vez funcional y est\u00e9ticamente agradable. La mano de obra es de alta calidad y los materiales utilizados son robustos y duraderos. El mango antideslizante, que garantiza un manejo seguro incluso durante un uso intensivo, es una caracter\u00edstica especialmente positiva.<\/p>\n<h3>Potencia y eficacia<\/h3>\n<p>Con un potente motor el\u00e9ctrico y varios accesorios de cepillo, Synoshi es ideal para limpiar una amplia variedad de superficies. Ya se trate de dep\u00f3sitos de cal en la ducha, manchas de grasa en la cocina o suciedad en los azulejos, los cabezales de cepillo giratorios garantizan unos resultados impresionantes. La duraci\u00f3n de la bater\u00eda de hasta 90 minutos es suficiente para varias sesiones de limpieza.<\/p>\n<h3>F\u00e1cil manejo<\/h3>\n<p>Utilizar la fregadora Synoshi Power Spin es extremadamente f\u00e1cil. Puede encender el aparato con s\u00f3lo pulsar un bot\u00f3n y los accesorios intercambiables del cepillo se pueden cambiar r\u00e1pida y f\u00e1cilmente. El dise\u00f1o sin cable es especialmente pr\u00e1ctico, ya que permite una total libertad de movimiento durante la limpieza.<\/p>\n<h3>Compra la fregadora Synoshi Power Spin al precio m\u00e1s barato<\/h3>\n<p>Puedes conseguir el mejor precio en la tienda online oficial (ver enlace en la parte superior de esta p\u00e1gina).<\/p>\n<h2>Synoshi Opiniones: Ventajas de un vistazo<\/h2>\n<table border=\"\u00ab1\u00bb\">\n<tbody>\n<tr>\n<th>\ud83d\udfe2 Ventajas<\/th>\n<th>\ud83d\udccb Explicaci\u00f3n detallada<\/th>\n<\/tr>\n<\/tbody>\n<tbody>\n<tr>\n<td>Dise\u00f1o ergon\u00f3mico \ud83e\udde4<\/td>\n<td>El Synoshi es c\u00f3modo de sujetar gracias a su empu\u00f1adura antideslizante y su carcasa ligera. Incluso con un uso prolongado, no hay signos de fatiga en las manos.&lt;\/td<\/td>\n<\/tr>\n<tr>\n<td>Potente motor \ud83d\udcaa<\/td>\n<td>El potente motor hace girar los cepillos a gran velocidad, eliminando eficazmente incluso la suciedad m\u00e1s resistente, como la cal y las manchas de grasa.<\/td>\n<\/tr>\n<tr>\n<td>Vers\u00e1tiles accesorios de cepillo \ud83c\udf00<\/td>\n<td>Con varios cabezales de cepillo, incluido un cepillo plano para grandes superficies y un cepillo estrecho para esquinas y juntas, el aparato est\u00e1 perfectamente equipado para cualquier tarea de limpieza.<\/td>\n<\/tr>\n<tr>\n<td>Dise\u00f1o sin cables \ud83d\udd0b<\/td>\n<td>Gracias a la bater\u00eda recargable integrada, no es necesario andar con cables. Esto permite una libertad de movimiento sin restricciones a la hora de limpiar, incluso en rincones de dif\u00edcil acceso.&lt;\/td<\/td>\n<\/tr>\n<tr>\n<td>Construcci\u00f3n resistente al agua \ud83c\udf0a<\/td>\n<td>El dispositivo es resistente a salpicaduras, por lo que puede utilizarse en entornos h\u00famedos como ba\u00f1os o cocinas sin dudarlo.<\/td>\n<\/tr>\n<tr>\n<td>F\u00e1cil limpieza de los cepillos \ud83e\uddfd<\/td>\n<td>Despu\u00e9s de su uso, los accesorios de los cepillos pueden enjuagarse simplemente bajo el grifo. Esto ahorra tiempo y garantiza una limpieza higi\u00e9nica.&lt;\/td<\/td>\n<\/tr>\n<tr>\n<td>Larga duraci\u00f3n de la bater\u00eda \ud83d\udd0b<\/td>\n<td>Con una autonom\u00eda de hasta 90 minutos, la Synoshi puede utilizarse para varios ciclos de limpieza antes de tener que recargarla.<\/td>\n<\/tr>\n<tr>\n<td>Cambio r\u00e1pido de cepillos \ud83d\udd04<\/td>\n<td>Los cabezales de los cepillos se cambian en segundos con un sencillo sistema de clic, lo que permite no interrumpir el flujo de trabajo.<\/td>\n<\/tr>\n<tr>\n<td>F\u00e1cil de transportar \ud83d\udeb6\u200d\u2642\ufe0f<\/td>\n<td>Gracias a su dise\u00f1o compacto y su bajo peso, la Synoshi se puede llevar f\u00e1cilmente a diferentes habitaciones o incluso para su uso en exteriores.<\/td>\n<\/tr>\n<tr>\n<td>Suave con las superficies \ud83c\udfa8<\/td>\n<td>Los cepillos est\u00e1n dise\u00f1ados para eliminar la suciedad sin da\u00f1ar materiales delicados como el cristal, la cer\u00e1mica o las superficies pintadas.<\/td>\n<\/tr>\n<tr>\n<td>Limpieza respetuosa con el medio ambiente \ud83c\udf0d<\/td>\n<td>El Synoshi permite una limpieza a fondo con un uso m\u00ednimo de productos qu\u00edmicos, lo que lo convierte en una alternativa respetuosa con el medio ambiente a los m\u00e9todos de limpieza convencionales.<\/td>\n<\/tr>\n<tr>\n<td>Bajo ruido de funcionamiento \ud83d\udd07<\/td>\n<td>Comparado con otros aparatos de limpieza, el Synoshi funciona de forma sorprendentemente silenciosa, lo que significa que tambi\u00e9n puede utilizarse en hogares con compa\u00f1eros de piso sensibles.<\/td>\n<\/tr>\n<\/tbody>\n<\/table>\n<h2>Prueba pr\u00e1ctica: nuestra experiencia y opiniones de los usuarios<\/h2>\n<p>En la prueba pr\u00e1ctica, el Synoshi Power Spin Scrubber demostr\u00f3 un impresionante rendimiento de limpieza. El aparato funcion\u00f3 especialmente bien al eliminar la cal y los restos de jab\u00f3n en la ducha. Las manchas de grasa en los azulejos de la cocina tambi\u00e9n se eliminaron sin esfuerzo. Una peque\u00f1a desventaja, sin embargo, es que la bater\u00eda se descarga m\u00e1s r\u00e1pido de lo indicado durante el uso intensivo, lo que podr\u00eda ser problem\u00e1tico para superficies m\u00e1s grandes.<\/p>\n<h2>Conclusi\u00f3n y evaluaci\u00f3n<\/h2>\n<p><a href=\"https:\/\/power-brush.org\/es\/synoshi-power-spin-scrubber\/\">La Synoshi Power Spin Scrubber es un aparato de limpieza vers\u00e1til<\/a> y potente que impresiona sobre todo por su facilidad de uso y su eficaz eliminaci\u00f3n de la suciedad. Es una opci\u00f3n excelente para hogares peque\u00f1os y medianos. Sin embargo, las superficies m\u00e1s grandes podr\u00edan sobrecargar la capacidad de la bater\u00eda. En general, la Synoshi ofrece una buena combinaci\u00f3n de comodidad y eficacia que facilita enormemente la limpieza diaria.<\/p>\n<p><strong>Recomendaci\u00f3n:<\/strong> Especialmente indicado para personas que desean una limpieza r\u00e1pida y a fondo sin gran esfuerzo.<\/p>\n","protected":false},"excerpt":{"rendered":"<p>La Power Spin Scrubber de Synoshi es un innovador aparato de limpieza especialmente desarrollado para limpiar sin esfuerzo la suciedad m\u00e1s resistente del hogar. En este detallado informe de prueba, analizamos su rendimiento, manejo y ventajas generales. \u00bfEs realmente la fregadora Synoshi Power Spin la elecci\u00f3n ideal para sus necesidades de limpieza? Llegamos al fondo &#8230; <a title=\"Synoshi Power Spin Scrubber\" class=\"read-more\" href=\"https:\/\/etoxproject.eu\/es\/producto\/synoshi-power-spin-scrubber\/\" aria-label=\"M\u00e1s en Synoshi Power Spin Scrubber\">Leer m\u00e1s<\/a><\/p>\n","protected":false},"featured_media":1175,"comment_status":"open","ping_status":"closed","template":"","meta":[],"product_brand":[],"product_cat":[],"product_tag":[],"class_list":{"0":"post-1204","1":"product","2":"type-product","3":"status-publish","4":"has-post-thumbnail","7":"first","8":"instock","9":"sale","10":"shipping-taxable","11":"product-type-external"},"yoast_head":"<!-- This site is optimized with the Yoast SEO plugin v27.4 - https:\/\/yoast.com\/product\/yoast-seo-wordpress\/ -->\n<title>Synoshi opiniones \u2734\ufe0f 70% de descuento en el precio<\/title>\n<meta name=\"robots\" content=\"index, follow, max-snippet:-1, max-image-preview:large, max-video-preview:-1\" \/>\n<link rel=\"canonical\" href=\"https:\/\/etoxproject.eu\/es\/producto\/synoshi-power-spin-scrubber\/\" \/>\n<meta property=\"og:locale\" content=\"es_ES\" \/>\n<meta property=\"og:type\" content=\"article\" \/>\n<meta property=\"og:title\" content=\"Synoshi opiniones \u2734\ufe0f 70% de descuento en el precio\" \/>\n<meta property=\"og:description\" content=\"La Power Spin Scrubber de Synoshi es un innovador aparato de limpieza especialmente desarrollado para limpiar sin esfuerzo la suciedad m\u00e1s resistente del hogar. En este detallado informe de prueba, analizamos su rendimiento, manejo y ventajas generales. \u00bfEs realmente la fregadora Synoshi Power Spin la elecci\u00f3n ideal para sus necesidades de limpieza? Llegamos al fondo ... Leer m\u00e1s\" \/>\n<meta property=\"og:url\" content=\"https:\/\/etoxproject.eu\/es\/producto\/synoshi-power-spin-scrubber\/\" \/>\n<meta property=\"og:site_name\" content=\"etoxproject.eu\" \/>\n<meta property=\"og:image\" content=\"https:\/\/etoxproject.eu\/wp-content\/uploads\/2024\/12\/synoshi.jpg\" \/>\n\t<meta property=\"og:image:width\" content=\"750\" \/>\n\t<meta property=\"og:image:height\" content=\"750\" \/>\n\t<meta property=\"og:image:type\" content=\"image\/jpeg\" \/>\n<meta name=\"twitter:card\" content=\"summary_large_image\" \/>\n<meta name=\"twitter:label1\" content=\"Tiempo de lectura\" \/>\n\t<meta name=\"twitter:data1\" content=\"5 minutos\" \/>\n<script type=\"application\/ld+json\" class=\"yoast-schema-graph\">{\"@context\":\"https:\\\/\\\/schema.org\",\"@graph\":[{\"@type\":\"WebPage\",\"@id\":\"https:\\\/\\\/etoxproject.eu\\\/es\\\/producto\\\/synoshi-power-spin-scrubber\\\/\",\"url\":\"https:\\\/\\\/etoxproject.eu\\\/es\\\/producto\\\/synoshi-power-spin-scrubber\\\/\",\"name\":\"Synoshi opiniones \u2734\ufe0f 70% de descuento en el precio\",\"isPartOf\":{\"@id\":\"https:\\\/\\\/etoxproject.eu\\\/es\\\/#website\"},\"primaryImageOfPage\":{\"@id\":\"https:\\\/\\\/etoxproject.eu\\\/es\\\/producto\\\/synoshi-power-spin-scrubber\\\/#primaryimage\"},\"image\":{\"@id\":\"https:\\\/\\\/etoxproject.eu\\\/es\\\/producto\\\/synoshi-power-spin-scrubber\\\/#primaryimage\"},\"thumbnailUrl\":\"https:\\\/\\\/etoxproject.eu\\\/wp-content\\\/uploads\\\/2024\\\/12\\\/synoshi.jpg\",\"datePublished\":\"2024-12-06T08:25:09+00:00\",\"breadcrumb\":{\"@id\":\"https:\\\/\\\/etoxproject.eu\\\/es\\\/producto\\\/synoshi-power-spin-scrubber\\\/#breadcrumb\"},\"inLanguage\":\"es\",\"potentialAction\":[{\"@type\":\"ReadAction\",\"target\":[\"https:\\\/\\\/etoxproject.eu\\\/es\\\/producto\\\/synoshi-power-spin-scrubber\\\/\"]}]},{\"@type\":\"ImageObject\",\"inLanguage\":\"es\",\"@id\":\"https:\\\/\\\/etoxproject.eu\\\/es\\\/producto\\\/synoshi-power-spin-scrubber\\\/#primaryimage\",\"url\":\"https:\\\/\\\/etoxproject.eu\\\/wp-content\\\/uploads\\\/2024\\\/12\\\/synoshi.jpg\",\"contentUrl\":\"https:\\\/\\\/etoxproject.eu\\\/wp-content\\\/uploads\\\/2024\\\/12\\\/synoshi.jpg\",\"width\":750,\"height\":750,\"caption\":\"synoshi\"},{\"@type\":\"BreadcrumbList\",\"@id\":\"https:\\\/\\\/etoxproject.eu\\\/es\\\/producto\\\/synoshi-power-spin-scrubber\\\/#breadcrumb\",\"itemListElement\":[{\"@type\":\"ListItem\",\"position\":1,\"name\":\"Startseite\",\"item\":\"https:\\\/\\\/etoxproject.eu\\\/es\\\/\"},{\"@type\":\"ListItem\",\"position\":2,\"name\":\"Shop\",\"item\":\"https:\\\/\\\/etoxproject.eu\\\/shop\\\/\"},{\"@type\":\"ListItem\",\"position\":3,\"name\":\"Synoshi Power Spin Scrubber\"}]},{\"@type\":\"WebSite\",\"@id\":\"https:\\\/\\\/etoxproject.eu\\\/es\\\/#website\",\"url\":\"https:\\\/\\\/etoxproject.eu\\\/es\\\/\",\"name\":\"etoxproject.eu\",\"description\":\"\",\"publisher\":{\"@id\":\"https:\\\/\\\/etoxproject.eu\\\/es\\\/#organization\"},\"potentialAction\":[{\"@type\":\"SearchAction\",\"target\":{\"@type\":\"EntryPoint\",\"urlTemplate\":\"https:\\\/\\\/etoxproject.eu\\\/es\\\/?s={search_term_string}\"},\"query-input\":{\"@type\":\"PropertyValueSpecification\",\"valueRequired\":true,\"valueName\":\"search_term_string\"}}],\"inLanguage\":\"es\"},{\"@type\":\"Organization\",\"@id\":\"https:\\\/\\\/etoxproject.eu\\\/es\\\/#organization\",\"name\":\"etoxproject.eu\",\"url\":\"https:\\\/\\\/etoxproject.eu\\\/es\\\/\",\"logo\":{\"@type\":\"ImageObject\",\"inLanguage\":\"es\",\"@id\":\"https:\\\/\\\/etoxproject.eu\\\/es\\\/#\\\/schema\\\/logo\\\/image\\\/\",\"url\":\"https:\\\/\\\/etoxproject.eu\\\/wp-content\\\/uploads\\\/2024\\\/12\\\/etoxproject.png\",\"contentUrl\":\"https:\\\/\\\/etoxproject.eu\\\/wp-content\\\/uploads\\\/2024\\\/12\\\/etoxproject.png\",\"width\":315,\"height\":69,\"caption\":\"etoxproject.eu\"},\"image\":{\"@id\":\"https:\\\/\\\/etoxproject.eu\\\/es\\\/#\\\/schema\\\/logo\\\/image\\\/\"}}]}<\/script>\n<!-- \/ Yoast SEO plugin. -->","yoast_head_json":{"title":"Synoshi opiniones \u2734\ufe0f 70% de descuento en el precio","robots":{"index":"index","follow":"follow","max-snippet":"max-snippet:-1","max-image-preview":"max-image-preview:large","max-video-preview":"max-video-preview:-1"},"canonical":"https:\/\/etoxproject.eu\/es\/producto\/synoshi-power-spin-scrubber\/","og_locale":"es_ES","og_type":"article","og_title":"Synoshi opiniones \u2734\ufe0f 70% de descuento en el precio","og_description":"La Power Spin Scrubber de Synoshi es un innovador aparato de limpieza especialmente desarrollado para limpiar sin esfuerzo la suciedad m\u00e1s resistente del hogar. En este detallado informe de prueba, analizamos su rendimiento, manejo y ventajas generales. \u00bfEs realmente la fregadora Synoshi Power Spin la elecci\u00f3n ideal para sus necesidades de limpieza? Llegamos al fondo ... Leer m\u00e1s","og_url":"https:\/\/etoxproject.eu\/es\/producto\/synoshi-power-spin-scrubber\/","og_site_name":"etoxproject.eu","og_image":[{"width":750,"height":750,"url":"https:\/\/etoxproject.eu\/wp-content\/uploads\/2024\/12\/synoshi.jpg","type":"image\/jpeg"}],"twitter_card":"summary_large_image","twitter_misc":{"Tiempo de lectura":"5 minutos"},"schema":{"@context":"https:\/\/schema.org","@graph":[{"@type":"WebPage","@id":"https:\/\/etoxproject.eu\/es\/producto\/synoshi-power-spin-scrubber\/","url":"https:\/\/etoxproject.eu\/es\/producto\/synoshi-power-spin-scrubber\/","name":"Synoshi opiniones \u2734\ufe0f 70% de descuento en el precio","isPartOf":{"@id":"https:\/\/etoxproject.eu\/es\/#website"},"primaryImageOfPage":{"@id":"https:\/\/etoxproject.eu\/es\/producto\/synoshi-power-spin-scrubber\/#primaryimage"},"image":{"@id":"https:\/\/etoxproject.eu\/es\/producto\/synoshi-power-spin-scrubber\/#primaryimage"},"thumbnailUrl":"https:\/\/etoxproject.eu\/wp-content\/uploads\/2024\/12\/synoshi.jpg","datePublished":"2024-12-06T08:25:09+00:00","breadcrumb":{"@id":"https:\/\/etoxproject.eu\/es\/producto\/synoshi-power-spin-scrubber\/#breadcrumb"},"inLanguage":"es","potentialAction":[{"@type":"ReadAction","target":["https:\/\/etoxproject.eu\/es\/producto\/synoshi-power-spin-scrubber\/"]}]},{"@type":"ImageObject","inLanguage":"es","@id":"https:\/\/etoxproject.eu\/es\/producto\/synoshi-power-spin-scrubber\/#primaryimage","url":"https:\/\/etoxproject.eu\/wp-content\/uploads\/2024\/12\/synoshi.jpg","contentUrl":"https:\/\/etoxproject.eu\/wp-content\/uploads\/2024\/12\/synoshi.jpg","width":750,"height":750,"caption":"synoshi"},{"@type":"BreadcrumbList","@id":"https:\/\/etoxproject.eu\/es\/producto\/synoshi-power-spin-scrubber\/#breadcrumb","itemListElement":[{"@type":"ListItem","position":1,"name":"Startseite","item":"https:\/\/etoxproject.eu\/es\/"},{"@type":"ListItem","position":2,"name":"Shop","item":"https:\/\/etoxproject.eu\/shop\/"},{"@type":"ListItem","position":3,"name":"Synoshi Power Spin Scrubber"}]},{"@type":"WebSite","@id":"https:\/\/etoxproject.eu\/es\/#website","url":"https:\/\/etoxproject.eu\/es\/","name":"etoxproject.eu","description":"","publisher":{"@id":"https:\/\/etoxproject.eu\/es\/#organization"},"potentialAction":[{"@type":"SearchAction","target":{"@type":"EntryPoint","urlTemplate":"https:\/\/etoxproject.eu\/es\/?s={search_term_string}"},"query-input":{"@type":"PropertyValueSpecification","valueRequired":true,"valueName":"search_term_string"}}],"inLanguage":"es"},{"@type":"Organization","@id":"https:\/\/etoxproject.eu\/es\/#organization","name":"etoxproject.eu","url":"https:\/\/etoxproject.eu\/es\/","logo":{"@type":"ImageObject","inLanguage":"es","@id":"https:\/\/etoxproject.eu\/es\/#\/schema\/logo\/image\/","url":"https:\/\/etoxproject.eu\/wp-content\/uploads\/2024\/12\/etoxproject.png","contentUrl":"https:\/\/etoxproject.eu\/wp-content\/uploads\/2024\/12\/etoxproject.png","width":315,"height":69,"caption":"etoxproject.eu"},"image":{"@id":"https:\/\/etoxproject.eu\/es\/#\/schema\/logo\/image\/"}}]}},"_links":{"self":[{"href":"https:\/\/etoxproject.eu\/es\/wp-json\/wp\/v2\/product\/1204","targetHints":{"allow":["GET"]}}],"collection":[{"href":"https:\/\/etoxproject.eu\/es\/wp-json\/wp\/v2\/product"}],"about":[{"href":"https:\/\/etoxproject.eu\/es\/wp-json\/wp\/v2\/types\/product"}],"replies":[{"embeddable":true,"href":"https:\/\/etoxproject.eu\/es\/wp-json\/wp\/v2\/comments?post=1204"}],"wp:featuredmedia":[{"embeddable":true,"href":"https:\/\/etoxproject.eu\/es\/wp-json\/wp\/v2\/media\/1175"}],"wp:attachment":[{"href":"https:\/\/etoxproject.eu\/es\/wp-json\/wp\/v2\/media?parent=1204"}],"wp:term":[{"taxonomy":"product_brand","embeddable":true,"href":"https:\/\/etoxproject.eu\/es\/wp-json\/wp\/v2\/product_brand?post=1204"},{"taxonomy":"product_cat","embeddable":true,"href":"https:\/\/etoxproject.eu\/es\/wp-json\/wp\/v2\/product_cat?post=1204"},{"taxonomy":"product_tag","embeddable":true,"href":"https:\/\/etoxproject.eu\/es\/wp-json\/wp\/v2\/product_tag?post=1204"}],"curies":[{"name":"wp","href":"https:\/\/api.w.org\/{rel}","templated":true}]}}