{"id":1945,"date":"2025-01-05T14:12:03","date_gmt":"2025-01-05T14:30:35","guid":{"rendered":"https:\/\/etoxproject.eu\/?post_type=product&#038;p=1945"},"modified":"2025-03-27T12:47:09","modified_gmt":"2025-03-27T11:47:09","slug":"hypnozio-app","status":"publish","type":"product","link":"https:\/\/etoxproject.eu\/es\/producto\/hypnozio-app\/","title":{"rendered":"Hypnozio App"},"content":{"rendered":"<p>La intersecci\u00f3n de la tecnolog\u00eda y la salud mental ha creado oportunidades para enfoques innovadores en la gesti\u00f3n del estr\u00e9s, la mejora del sue\u00f1o y la atenci\u00f3n plena. Entre estas herramientas, Hypnozio ha surgido como una aplicaci\u00f3n dise\u00f1ada para facilitar las pr\u00e1cticas de hipnosis, meditaci\u00f3n y atenci\u00f3n plena. Esta revisi\u00f3n eval\u00faa cr\u00edticamente Hypnozio desde una perspectiva cient\u00edfica, examinando sus caracter\u00edsticas, funcionalidad, fundamento te\u00f3rico y apoyo emp\u00edrico.<\/p>\n<h2><span class=\"keyword-panel-keyword cursor-pointer\"><span class=\"fw-bold\"><span class=\"fw-normal\">Hypnozio<\/span> para bajar de peso<\/span><\/span><\/h2>\n<ul>\n<li><span style=\"color: #339966; \u00ab&gt;&lt;strong&gt;app de hipnosis para &lt;span style=\u00bbtext-decoration: underline;\">P\u00e9rdida de peso<\/span><\/li>\n<li><span style=\"color: #339966; \u00ab&gt;&lt;strong&gt;app de hipnosis para &lt;span style=\u00bbtext-decoration: underline;\">Dormir<\/span><\/li>\n<li><span style=\"color: #339966; \u00ab&gt;&lt;strong&gt;aplicaci\u00f3n de hipnosis para &lt;span style=\u00bbtext-decoration: underline;\">Confianza<\/span><\/li>\n<li><a href=\"\u00abhttps:\/\/get-hypnozio.com\/checkout-one-pager\/?l=en&amp;vndr=evf&amp;evf=1&amp;uid=6161&amp;offid=55&amp;affiliate_id=792&amp;source_id=etox-es\u00bb\" target=\"\u00ab_blank\u00bb\" rel=\"\u00abnofollow\">Haga clic aqu\u00ed para obtener m\u00e1s informaci\u00f3n<\/a><\/li>\n<\/ul>\n<h2>Revisi\u00f3n de Hypnozio (espa\u0144ol)<\/h2>\n<p>Hypnozio afirma aprovechar los principios de la hipnosis y la atenci\u00f3n plena para mejorar el bienestar mental. La aplicaci\u00f3n incluye funciones como:<\/p>\n<ul>\n<li><strong>Sesiones Guiadas de Hipnosis<\/strong>: Adaptadas para la reducci\u00f3n del estr\u00e9s, el aumento de la confianza y la formaci\u00f3n de h\u00e1bitos.<\/li>\n<li><strong>Pistas de meditaci\u00f3n<\/strong>: Centradas en la atenci\u00f3n plena y la relajaci\u00f3n.<\/li>\n<li><strong>Apoyo al sue\u00f1o<\/strong>: Ritmos binaurales y narraci\u00f3n de historias dise\u00f1adas para mejorar la calidad del sue\u00f1o.<\/li>\n<li><strong>Personalizaci\u00f3n<\/strong>: Recomendaciones de sesiones impulsadas por IA basadas en las preferencias y los comentarios del usuario.<\/li>\n<li>Personalizaci\u00f3n: recomendaciones de sesiones basadas en las preferencias y los comentarios del usuario.<\/li>\n<\/ul>\n<h2>Fundamento Cient\u00edfico (Hypnozio App funciona &amp; opiniones)<\/h2>\n<h4>La hipnosis y sus mecanismos<\/h4>\n<p>La hipnosis es un estado de atenci\u00f3n focalizada y sugestionabilidad aumentada, a menudo utilizado terap\u00e9uticamente para afecciones como el dolor cr\u00f3nico, la ansiedad y el insomnio. Funciona a trav\u00e9s de mecanismos como:<\/p>\n<ul>\n<li><strong>Respuesta de relajaci\u00f3n<\/strong>: la hipnosis activa el sistema nervioso parasimp\u00e1tico, reduciendo la excitaci\u00f3n fisiol\u00f3gica relacionada con el estr\u00e9s.<\/li>\n<li><strong>Neuroplasticidad<\/strong>: los estudios sugieren que la hipnosis puede mejorar las v\u00edas neuronales asociadas con comportamientos o estados mentales deseados.<\/li>\n<li>Refuerzo cognitivo: la hipnosis activa el sistema nervioso parasimp\u00e1tico, reduciendo la excitaci\u00f3n fisiol\u00f3gica relacionada con el estr\u00e9s.<\/li>\n<li><strong>Reencuadre cognitivo<\/strong>: Las sugestiones hipn\u00f3ticas ayudan a reencuadrar los pensamientos negativos y a mejorar los mecanismos de afrontamiento.<\/li>\n<li><strong>Reflexi\u00f3n cognitiva<\/strong>.<\/li>\n<\/ul>\n<h4>Mindfulness y Meditaci\u00f3n<\/h4>\n<p>La atenci\u00f3n plena tiene sus ra\u00edces en antiguas tradiciones contemplativas y consiste en prestar atenci\u00f3n al momento presente sin juzgarlo. Se ha demostrado que<\/p>\n<ul>\n<li>Reducir los s\u00edntomas de ansiedad y depresi\u00f3n (Khoury et al., 2015)<\/li>\n<li>Mejorar la concentraci\u00f3n y la flexibilidad cognitiva<\/li>\n<li>Mejorar la regulaci\u00f3n emocional mediante la activaci\u00f3n del c\u00f3rtex prefrontal.<\/li>\n<\/ul>\n<p>Hypnozio integra estos principios, con el objetivo de proporcionar a los usuarios experiencias estructuradas y guiadas que sean accesibles y basadas en la evidencia.<\/p>\n<h2>Hypnozio App para la p\u00e9rdida de peso, sue\u00f1o, depresi\u00f3n y m\u00e1s<\/h2>\n<h4>Aplicaci\u00f3n de hipnosis para la p\u00e9rdida de peso<\/h4>\n<p>Hypnozio ofrece una serie de sesiones de hipnosis guiadas clasificadas por temas como el alivio del estr\u00e9s, la confianza en uno mismo y dejar de fumar. Estas sesiones:<\/p>\n<ul>\n<li>Utilizan voces en off tranquilizadoras con guiones basados en patrones de lenguaje hipn\u00f3tico (por ejemplo, el modelo Milton)<\/li>\n<li>Emplear paisajes sonoros de fondo para facilitar la inmersi\u00f3n y la relajaci\u00f3n.<\/li>\n<li>Incluyen t\u00e9cnicas de relajaci\u00f3n progresiva para inducir un estado de trance.<\/li>\n<\/ul>\n<h4>Pistas de meditaci\u00f3n y atenci\u00f3n plena<\/h4>\n<p>La secci\u00f3n de meditaci\u00f3n ofrece pistas variadas, que incluyen exploraciones corporales, ejercicios de respiraci\u00f3n y visualizaciones conscientes. Las sesiones incorporan:<\/p>\n<ul>\n<li><strong>Dificultad Adaptativa<\/strong>: las pistas var\u00edan en longitud y complejidad, por lo que son adecuadas tanto para principiantes como para meditadores experimentados.<\/li>\n<li><strong>Latidos binaurales<\/strong>: se incorporan frecuencias espec\u00edficas para promover la actividad de las ondas cerebrales theta, asociadas a la relajaci\u00f3n profunda.<\/li>\n<\/ul>\n<h4>Caracter\u00edsticas de apoyo al sue\u00f1o<\/h4>\n<p>La ayuda para dormir de Hypnozio incluye cuentos para dormir, ruido blanco y ritmos binaurales dise\u00f1ados para:<\/p>\n<ul>\n<li>Acortar la latencia de inicio del sue\u00f1o<\/li>\n<li>Mejorar la calidad del sue\u00f1o fomentando un estado de relajaci\u00f3n previo al sue\u00f1o.<\/li>\n<li>Afrontar trastornos comunes del sue\u00f1o como el insomnio.<\/li>\n<\/ul>\n<h4>Personalizaci\u00f3n basada en IA<\/h4>\n<p>Una caracter\u00edstica destacada es el sistema de IA de la aplicaci\u00f3n, que analiza el comportamiento del usuario y sus comentarios para:<\/p>\n<ul>\n<li>Sugerir sesiones alineadas con los objetivos del usuario (por ejemplo, reducir la ansiedad)<\/li>\n<li>Adaptar el contenido de las sesiones a lo largo del tiempo para lograr un compromiso continuo.<\/li>\n<\/ul>\n<h2>Evidencia emp\u00edrica<\/h2>\n<h4>Estudios sobre hipnosis<\/h4>\n<ol>\n<li><strong>Estr\u00e9s y ansiedad<\/strong>: Un metaan\u00e1lisis realizado por Hammond (2010) demostr\u00f3 que la hipnosis reduce eficazmente la ansiedad y las afecciones relacionadas con el estr\u00e9s.<\/li>\n<li>Estudios sobre el estr\u00e9s y la ansiedad.<\/li>\n<li><strong>Calidad del Sue\u00f1o<\/strong>: Se ha demostrado que la hipnoterapia mejora los par\u00e1metros del sue\u00f1o en individuos con insomnio (Cordi et al., 2014).<\/li>\n<li><\/li>\n<\/ol>\n<h4>Evidencia para la meditaci\u00f3n<\/h4>\n<p>Las intervenciones basadas en la atenci\u00f3n plena cuentan con un s\u00f3lido apoyo emp\u00edrico:<\/p>\n<ul>\n<li><strong>Salud Mental<\/strong>: Las revisiones sistem\u00e1ticas indican reducciones significativas en ansiedad y depresi\u00f3n (Goyal et al., 2014).<\/li>\n<li><strong>Beneficios cognitivos<\/strong>: La meditaci\u00f3n a largo plazo mejora la atenci\u00f3n y la memoria de trabajo (Zeidan et al., 2010).<\/li>\n<li>Beneficios cognitivos.<\/li>\n<\/ul>\n<h4>Aplicaci\u00f3n al hipnocio<\/h4>\n<p>Aunque ning\u00fan estudio revisado por pares ha examinado espec\u00edficamente Hypnozio, su dependencia de t\u00e9cnicas basadas en la evidencia sugiere una base te\u00f3rica s\u00f3lida. Sin embargo, es necesaria una investigaci\u00f3n m\u00e1s rigurosa y espec\u00edfica de la aplicaci\u00f3n para validar su eficacia.<\/p>\n<h2>Limitaciones potenciales<\/h2>\n<h4>Generalizaci\u00f3n de la hipnosis<\/h4>\n<p>La hipnosis es altamente individualizada. Algunos usuarios pueden no ser muy sugestionables, lo que podr\u00eda limitar la eficacia de la aplicaci\u00f3n. La detecci\u00f3n de la hipnotizabilidad podr\u00eda mejorar los resultados personalizados.<\/p>\n<h4>Excesiva dependencia de la tecnolog\u00eda<\/h4>\n<p>Aunque Hypnozio ofrece comodidad, corre el riesgo de fomentar una dependencia excesiva de las herramientas digitales para la salud mental. La terapia complementaria en persona podr\u00eda ser necesaria para enfermedades graves.<\/p>\n<h4>Ausencia de datos longitudinales<\/h4>\n<p>No se ha estudiado el impacto a largo plazo de la aplicaci\u00f3n en la salud mental. Los estudios longitudinales son esenciales para determinar la eficacia sostenida.<\/p>\n<h2>Comparaciones con la competencia<\/h2>\n<p>Hypnozio compite con aplicaciones como Calm, Headspace y Sleep Cycle. Sus puntos fuertes son:<\/p>\n<ul>\n<li><strong>Enfoque en la hipnosis<\/strong>: A diferencia de sus competidores, Hypnozio da prioridad a la hipnosis junto con la atenci\u00f3n plena.<\/li>\n<li>Personalizaci\u00f3n de la IA: Hypnozio se basa en la inteligencia artificial.<\/li>\n<li><strong>Personalizaci\u00f3n mediante IA<\/strong>: las recomendaciones de Hypnozio basadas en IA ofrecen una experiencia de usuario a medida.<\/li>\n<li><strong>Happyo<\/strong><\/li>\n<\/ul>\n<p>Sin embargo, los competidores suelen tener bases de usuarios m\u00e1s grandes y asociaciones de investigaci\u00f3n m\u00e1s consolidadas.<\/p>\n<h3>Opiniones de los usuarios<\/h3>\n<p>Las opiniones de los usuarios destacan puntos fuertes como:<\/p>\n<ul>\n<li>Mejora de la calidad del sue\u00f1o a las pocas semanas de uso.<\/li>\n<li>Niveles de ansiedad reducidos tras sesiones regulares.<\/li>\n<li>Interfaz intuitiva y dise\u00f1o atractivo.<\/li>\n<li>Interfaz intuitiva y dise\u00f1o atractivo.<\/li>\n<\/ul>\n<p>Las cr\u00edticas incluyen fallos t\u00e9cnicos ocasionales y contenido gratuito limitado. Los usuarios tambi\u00e9n piden funciones como descargas sin conexi\u00f3n y mayores opciones de personalizaci\u00f3n.<\/p>\n<h2>Consideraciones \u00e9ticas<\/h2>\n<h4>Privacidad de los datos<\/h4>\n<p>Hypnozio recopila datos confidenciales para optimizar la experiencia del usuario. Para mantener la confianza de los usuarios son cruciales unas pol\u00edticas transparentes de tratamiento de datos y un cifrado robusto.<\/p>\n<h4>Accesibilidad<\/h4>\n<p>Garantizar la accesibilidad y la inclusi\u00f3n ling\u00fc\u00edstica ampliar\u00e1 el alcance de la aplicaci\u00f3n. Actualmente, las funciones premium pueden resultar prohibitivas para algunos usuarios.<\/p>\n<h4>Afirmaciones basadas en pruebas<\/h4>\n<p>Las afirmaciones de marketing deben ajustarse a las pruebas cient\u00edficas para no inducir a error a los usuarios. Los materiales promocionales de Hypnozio hacen hincapi\u00e9 en el apoyo emp\u00edrico, pero es aconsejable que haya advertencias m\u00e1s claras sobre la variabilidad individual.<\/p>\n<h2>Recomendaciones para mejorar<\/h2>\n<ol>\n<li><strong>Asociaciones de investigaci\u00f3n reforzadas<\/strong>: Colaborar con instituciones acad\u00e9micas para realizar evaluaciones rigurosas.<\/li>\n<li><strong>Biblioteca de contenidos m\u00e1s amplia<\/strong>: Ampliar los temas para p\u00fablicos culturales y ling\u00fc\u00edsticos diversos.<\/li>\n<li><strong>Personalizaci\u00f3n mejorada<\/strong>: Permita a los usuarios adaptar la duraci\u00f3n de la sesi\u00f3n, la voz y los sonidos de fondo.<\/li>\n<li>Acceso sin conexi\u00f3n: Permita las descargas para un uso ininterrumpido.<\/li>\n<li><strong>Acceso sin conexi\u00f3n<\/strong>: habilite las descargas para un uso ininterrumpido en zonas de baja conectividad.<\/li>\n<li><strong>Acceso sin conexi\u00f3n<\/strong>: habilite las descargas para un uso ininterrumpido en zonas de baja conectividad.<\/li>\n<\/ol>\n<h3>Conclusi\u00f3n<\/h3>\n<p>Hypnozio est\u00e1 a la vanguardia de las herramientas de salud mental impulsadas por la tecnolog\u00eda, ofreciendo una innovadora mezcla de hipnosis, meditaci\u00f3n y personalizaci\u00f3n de IA. Aunque sus caracter\u00edsticas se basan en s\u00f3lidos principios cient\u00edficos, la aplicaci\u00f3n se beneficiar\u00eda de una mayor validaci\u00f3n emp\u00edrica y una mejor accesibilidad. Hypnozio es muy prometedora para los usuarios que buscan un m\u00e9todo c\u00f3modo y basado en pruebas para aliviar el estr\u00e9s y mejorar el sue\u00f1o.<\/p>\n","protected":false},"excerpt":{"rendered":"<p>La intersecci\u00f3n de la tecnolog\u00eda y la salud mental ha creado oportunidades para enfoques innovadores en la gesti\u00f3n del estr\u00e9s, la mejora del sue\u00f1o y la atenci\u00f3n plena. Entre estas herramientas, Hypnozio ha surgido como una aplicaci\u00f3n dise\u00f1ada para facilitar las pr\u00e1cticas de hipnosis, meditaci\u00f3n y atenci\u00f3n plena. Esta revisi\u00f3n eval\u00faa cr\u00edticamente Hypnozio desde una &#8230; <a title=\"Hypnozio App\" class=\"read-more\" href=\"https:\/\/etoxproject.eu\/es\/producto\/hypnozio-app\/\" aria-label=\"M\u00e1s en Hypnozio App\">Leer m\u00e1s<\/a><\/p>\n","protected":false},"featured_media":1943,"comment_status":"open","ping_status":"closed","template":"","meta":[],"product_brand":[],"product_cat":[],"product_tag":[],"class_list":{"0":"post-1945","1":"product","2":"type-product","3":"status-publish","4":"has-post-thumbnail","7":"first","8":"instock","9":"shipping-taxable","10":"product-type-external"},"yoast_head":"<!-- This site is optimized with the Yoast SEO plugin v27.4 - https:\/\/yoast.com\/product\/yoast-seo-wordpress\/ -->\n<title>Hypnozio App funciona &amp; opiniones \u2734\ufe0f pru\u00e9balo gratis<\/title>\n<meta name=\"robots\" content=\"index, follow, max-snippet:-1, max-image-preview:large, max-video-preview:-1\" \/>\n<link rel=\"canonical\" href=\"https:\/\/etoxproject.eu\/es\/producto\/hypnozio-app\/\" \/>\n<meta property=\"og:locale\" content=\"es_ES\" \/>\n<meta property=\"og:type\" content=\"article\" \/>\n<meta property=\"og:title\" content=\"Hypnozio App funciona &amp; opiniones \u2734\ufe0f pru\u00e9balo gratis\" \/>\n<meta property=\"og:description\" content=\"La intersecci\u00f3n de la tecnolog\u00eda y la salud mental ha creado oportunidades para enfoques innovadores en la gesti\u00f3n del estr\u00e9s, la mejora del sue\u00f1o y la atenci\u00f3n plena. Entre estas herramientas, Hypnozio ha surgido como una aplicaci\u00f3n dise\u00f1ada para facilitar las pr\u00e1cticas de hipnosis, meditaci\u00f3n y atenci\u00f3n plena. Esta revisi\u00f3n eval\u00faa cr\u00edticamente Hypnozio desde una ... Leer m\u00e1s\" \/>\n<meta property=\"og:url\" content=\"https:\/\/etoxproject.eu\/es\/producto\/hypnozio-app\/\" \/>\n<meta property=\"og:site_name\" content=\"etoxproject.eu\" \/>\n<meta property=\"article:modified_time\" content=\"2025-03-27T11:47:09+00:00\" \/>\n<meta property=\"og:image\" content=\"https:\/\/etoxproject.eu\/wp-content\/uploads\/2025\/01\/hypnozio-app.jpg\" \/>\n\t<meta property=\"og:image:width\" content=\"800\" \/>\n\t<meta property=\"og:image:height\" content=\"694\" \/>\n\t<meta property=\"og:image:type\" content=\"image\/jpeg\" \/>\n<meta name=\"twitter:card\" content=\"summary_large_image\" \/>\n<meta name=\"twitter:label1\" content=\"Tiempo de lectura\" \/>\n\t<meta name=\"twitter:data1\" content=\"8 minutos\" \/>\n<script type=\"application\/ld+json\" class=\"yoast-schema-graph\">{\"@context\":\"https:\\\/\\\/schema.org\",\"@graph\":[{\"@type\":\"WebPage\",\"@id\":\"https:\\\/\\\/etoxproject.eu\\\/es\\\/producto\\\/hypnozio-app\\\/\",\"url\":\"https:\\\/\\\/etoxproject.eu\\\/es\\\/producto\\\/hypnozio-app\\\/\",\"name\":\"Hypnozio App funciona & opiniones \u2734\ufe0f pru\u00e9balo gratis\",\"isPartOf\":{\"@id\":\"https:\\\/\\\/etoxproject.eu\\\/es\\\/#website\"},\"primaryImageOfPage\":{\"@id\":\"https:\\\/\\\/etoxproject.eu\\\/es\\\/producto\\\/hypnozio-app\\\/#primaryimage\"},\"image\":{\"@id\":\"https:\\\/\\\/etoxproject.eu\\\/es\\\/producto\\\/hypnozio-app\\\/#primaryimage\"},\"thumbnailUrl\":\"https:\\\/\\\/etoxproject.eu\\\/wp-content\\\/uploads\\\/2025\\\/01\\\/hypnozio-app.jpg\",\"datePublished\":\"2025-01-05T14:30:35+00:00\",\"dateModified\":\"2025-03-27T11:47:09+00:00\",\"breadcrumb\":{\"@id\":\"https:\\\/\\\/etoxproject.eu\\\/es\\\/producto\\\/hypnozio-app\\\/#breadcrumb\"},\"inLanguage\":\"es\",\"potentialAction\":[{\"@type\":\"ReadAction\",\"target\":[\"https:\\\/\\\/etoxproject.eu\\\/es\\\/producto\\\/hypnozio-app\\\/\"]}]},{\"@type\":\"ImageObject\",\"inLanguage\":\"es\",\"@id\":\"https:\\\/\\\/etoxproject.eu\\\/es\\\/producto\\\/hypnozio-app\\\/#primaryimage\",\"url\":\"https:\\\/\\\/etoxproject.eu\\\/wp-content\\\/uploads\\\/2025\\\/01\\\/hypnozio-app.jpg\",\"contentUrl\":\"https:\\\/\\\/etoxproject.eu\\\/wp-content\\\/uploads\\\/2025\\\/01\\\/hypnozio-app.jpg\",\"width\":800,\"height\":694,\"caption\":\"hypnozio app\"},{\"@type\":\"BreadcrumbList\",\"@id\":\"https:\\\/\\\/etoxproject.eu\\\/es\\\/producto\\\/hypnozio-app\\\/#breadcrumb\",\"itemListElement\":[{\"@type\":\"ListItem\",\"position\":1,\"name\":\"Startseite\",\"item\":\"https:\\\/\\\/etoxproject.eu\\\/es\\\/\"},{\"@type\":\"ListItem\",\"position\":2,\"name\":\"Shop\",\"item\":\"https:\\\/\\\/etoxproject.eu\\\/shop\\\/\"},{\"@type\":\"ListItem\",\"position\":3,\"name\":\"Hypnozio App\"}]},{\"@type\":\"WebSite\",\"@id\":\"https:\\\/\\\/etoxproject.eu\\\/es\\\/#website\",\"url\":\"https:\\\/\\\/etoxproject.eu\\\/es\\\/\",\"name\":\"etoxproject.eu\",\"description\":\"\",\"publisher\":{\"@id\":\"https:\\\/\\\/etoxproject.eu\\\/es\\\/#organization\"},\"potentialAction\":[{\"@type\":\"SearchAction\",\"target\":{\"@type\":\"EntryPoint\",\"urlTemplate\":\"https:\\\/\\\/etoxproject.eu\\\/es\\\/?s={search_term_string}\"},\"query-input\":{\"@type\":\"PropertyValueSpecification\",\"valueRequired\":true,\"valueName\":\"search_term_string\"}}],\"inLanguage\":\"es\"},{\"@type\":\"Organization\",\"@id\":\"https:\\\/\\\/etoxproject.eu\\\/es\\\/#organization\",\"name\":\"etoxproject.eu\",\"url\":\"https:\\\/\\\/etoxproject.eu\\\/es\\\/\",\"logo\":{\"@type\":\"ImageObject\",\"inLanguage\":\"es\",\"@id\":\"https:\\\/\\\/etoxproject.eu\\\/es\\\/#\\\/schema\\\/logo\\\/image\\\/\",\"url\":\"https:\\\/\\\/etoxproject.eu\\\/wp-content\\\/uploads\\\/2024\\\/12\\\/etoxproject.png\",\"contentUrl\":\"https:\\\/\\\/etoxproject.eu\\\/wp-content\\\/uploads\\\/2024\\\/12\\\/etoxproject.png\",\"width\":315,\"height\":69,\"caption\":\"etoxproject.eu\"},\"image\":{\"@id\":\"https:\\\/\\\/etoxproject.eu\\\/es\\\/#\\\/schema\\\/logo\\\/image\\\/\"}}]}<\/script>\n<!-- \/ Yoast SEO plugin. -->","yoast_head_json":{"title":"Hypnozio App funciona & opiniones \u2734\ufe0f pru\u00e9balo gratis","robots":{"index":"index","follow":"follow","max-snippet":"max-snippet:-1","max-image-preview":"max-image-preview:large","max-video-preview":"max-video-preview:-1"},"canonical":"https:\/\/etoxproject.eu\/es\/producto\/hypnozio-app\/","og_locale":"es_ES","og_type":"article","og_title":"Hypnozio App funciona & opiniones \u2734\ufe0f pru\u00e9balo gratis","og_description":"La intersecci\u00f3n de la tecnolog\u00eda y la salud mental ha creado oportunidades para enfoques innovadores en la gesti\u00f3n del estr\u00e9s, la mejora del sue\u00f1o y la atenci\u00f3n plena. Entre estas herramientas, Hypnozio ha surgido como una aplicaci\u00f3n dise\u00f1ada para facilitar las pr\u00e1cticas de hipnosis, meditaci\u00f3n y atenci\u00f3n plena. Esta revisi\u00f3n eval\u00faa cr\u00edticamente Hypnozio desde una ... Leer m\u00e1s","og_url":"https:\/\/etoxproject.eu\/es\/producto\/hypnozio-app\/","og_site_name":"etoxproject.eu","article_modified_time":"2025-03-27T11:47:09+00:00","og_image":[{"width":800,"height":694,"url":"https:\/\/etoxproject.eu\/wp-content\/uploads\/2025\/01\/hypnozio-app.jpg","type":"image\/jpeg"}],"twitter_card":"summary_large_image","twitter_misc":{"Tiempo de lectura":"8 minutos"},"schema":{"@context":"https:\/\/schema.org","@graph":[{"@type":"WebPage","@id":"https:\/\/etoxproject.eu\/es\/producto\/hypnozio-app\/","url":"https:\/\/etoxproject.eu\/es\/producto\/hypnozio-app\/","name":"Hypnozio App funciona & opiniones \u2734\ufe0f pru\u00e9balo gratis","isPartOf":{"@id":"https:\/\/etoxproject.eu\/es\/#website"},"primaryImageOfPage":{"@id":"https:\/\/etoxproject.eu\/es\/producto\/hypnozio-app\/#primaryimage"},"image":{"@id":"https:\/\/etoxproject.eu\/es\/producto\/hypnozio-app\/#primaryimage"},"thumbnailUrl":"https:\/\/etoxproject.eu\/wp-content\/uploads\/2025\/01\/hypnozio-app.jpg","datePublished":"2025-01-05T14:30:35+00:00","dateModified":"2025-03-27T11:47:09+00:00","breadcrumb":{"@id":"https:\/\/etoxproject.eu\/es\/producto\/hypnozio-app\/#breadcrumb"},"inLanguage":"es","potentialAction":[{"@type":"ReadAction","target":["https:\/\/etoxproject.eu\/es\/producto\/hypnozio-app\/"]}]},{"@type":"ImageObject","inLanguage":"es","@id":"https:\/\/etoxproject.eu\/es\/producto\/hypnozio-app\/#primaryimage","url":"https:\/\/etoxproject.eu\/wp-content\/uploads\/2025\/01\/hypnozio-app.jpg","contentUrl":"https:\/\/etoxproject.eu\/wp-content\/uploads\/2025\/01\/hypnozio-app.jpg","width":800,"height":694,"caption":"hypnozio app"},{"@type":"BreadcrumbList","@id":"https:\/\/etoxproject.eu\/es\/producto\/hypnozio-app\/#breadcrumb","itemListElement":[{"@type":"ListItem","position":1,"name":"Startseite","item":"https:\/\/etoxproject.eu\/es\/"},{"@type":"ListItem","position":2,"name":"Shop","item":"https:\/\/etoxproject.eu\/shop\/"},{"@type":"ListItem","position":3,"name":"Hypnozio App"}]},{"@type":"WebSite","@id":"https:\/\/etoxproject.eu\/es\/#website","url":"https:\/\/etoxproject.eu\/es\/","name":"etoxproject.eu","description":"","publisher":{"@id":"https:\/\/etoxproject.eu\/es\/#organization"},"potentialAction":[{"@type":"SearchAction","target":{"@type":"EntryPoint","urlTemplate":"https:\/\/etoxproject.eu\/es\/?s={search_term_string}"},"query-input":{"@type":"PropertyValueSpecification","valueRequired":true,"valueName":"search_term_string"}}],"inLanguage":"es"},{"@type":"Organization","@id":"https:\/\/etoxproject.eu\/es\/#organization","name":"etoxproject.eu","url":"https:\/\/etoxproject.eu\/es\/","logo":{"@type":"ImageObject","inLanguage":"es","@id":"https:\/\/etoxproject.eu\/es\/#\/schema\/logo\/image\/","url":"https:\/\/etoxproject.eu\/wp-content\/uploads\/2024\/12\/etoxproject.png","contentUrl":"https:\/\/etoxproject.eu\/wp-content\/uploads\/2024\/12\/etoxproject.png","width":315,"height":69,"caption":"etoxproject.eu"},"image":{"@id":"https:\/\/etoxproject.eu\/es\/#\/schema\/logo\/image\/"}}]}},"_links":{"self":[{"href":"https:\/\/etoxproject.eu\/es\/wp-json\/wp\/v2\/product\/1945","targetHints":{"allow":["GET"]}}],"collection":[{"href":"https:\/\/etoxproject.eu\/es\/wp-json\/wp\/v2\/product"}],"about":[{"href":"https:\/\/etoxproject.eu\/es\/wp-json\/wp\/v2\/types\/product"}],"replies":[{"embeddable":true,"href":"https:\/\/etoxproject.eu\/es\/wp-json\/wp\/v2\/comments?post=1945"}],"wp:featuredmedia":[{"embeddable":true,"href":"https:\/\/etoxproject.eu\/es\/wp-json\/wp\/v2\/media\/1943"}],"wp:attachment":[{"href":"https:\/\/etoxproject.eu\/es\/wp-json\/wp\/v2\/media?parent=1945"}],"wp:term":[{"taxonomy":"product_brand","embeddable":true,"href":"https:\/\/etoxproject.eu\/es\/wp-json\/wp\/v2\/product_brand?post=1945"},{"taxonomy":"product_cat","embeddable":true,"href":"https:\/\/etoxproject.eu\/es\/wp-json\/wp\/v2\/product_cat?post=1945"},{"taxonomy":"product_tag","embeddable":true,"href":"https:\/\/etoxproject.eu\/es\/wp-json\/wp\/v2\/product_tag?post=1945"}],"curies":[{"name":"wp","href":"https:\/\/api.w.org\/{rel}","templated":true}]}}