{"id":1230,"date":"2024-11-12T10:42:49","date_gmt":"2024-12-08T04:50:41","guid":{"rendered":"https:\/\/etoxproject.eu\/?post_type=product&#038;p=1230"},"modified":"2024-12-08T05:51:29","modified_gmt":"2024-12-08T04:51:29","slug":"ibutamoren-mk-677","status":"publish","type":"product","link":"https:\/\/etoxproject.eu\/fi\/tuote\/ibutamoren-mk-677\/","title":{"rendered":"Ibutamoren MK-677"},"content":{"rendered":"<p>Ibutamoren, joka tunnetaan my\u00f6s nimell\u00e4 MK-677, on suosittu ravintolis\u00e4, josta keskustellaan usein kunto- ja kehonrakennusyhteis\u00f6ss\u00e4. Sit\u00e4 arvostetaan erityisesti sen kyvyst\u00e4 lis\u00e4t\u00e4 kasvuhormonitasoja kehossa. Mutta mit\u00e4 t\u00e4m\u00e4n tuotteen takana todella on ja kannattaako sit\u00e4 todella kokeilla? T\u00e4ss\u00e4 katsauksessa tarkastelemme Ibutamorenia yksityiskohtaisesti.<\/p>\n<h2>Mik\u00e4 on Ibutamoren (MK-677)?<\/h2>\n<p>Ibutamoren on greliinireseptorin selektiivinen agonisti ja kasvuhormonin eritt\u00e4j\u00e4aine. T\u00e4m\u00e4 tarkoittaa, ett\u00e4 se edist\u00e4\u00e4 kasvuhormonien vapautumista elimist\u00f6ss\u00e4 ilman, ett\u00e4 tarvitaan suoria kasvuhormonipistoksia.<\/p>\n<h3>Miten ibutamoren toimii<\/h3>\n<p>Ibutamoren sitoutuu aivojen greliinireseptoriin ja aktivoi signaalikaskadin, joka stimuloi kasvuhormonien vapautumista aivolis\u00e4kkeest\u00e4. Tutkimukset ovat osoittaneet, ett\u00e4 ibutamoren voi nostaa IGF-1 (insuliinin kaltainen kasvutekij\u00e4 1) -pitoisuuksia, mik\u00e4 johtaa lihas- ja luumassan paranemiseen.<\/p>\n<h2>Ainesosat ja niiden vaikutukset<\/h2>\n<p>Ibutamorenin t\u00e4rkein ainesosa on vaikuttava aine MK-677, joka luokitellaan kemiallisesti ei-peptidimolekyyliksi, mik\u00e4 tarkoittaa, ett\u00e4 se voidaan ottaa suun kautta. T\u00e4m\u00e4 molekyyli kehitettiin alun perin edist\u00e4m\u00e4\u00e4n kasvuhormonia ihmisill\u00e4, jotka k\u00e4rsiv\u00e4t puutosoireista. Kliiniset tutkimukset ovat osoittaneet, ett\u00e4 MK-677 voi parantaa pitk\u00e4aikaisesti lihasmassaa ja luuntiheytt\u00e4 vanhemmilla aikuisilla.<\/p>\n<h2>Ibutamoren kokemukset<\/h2>\n<table>\n<thead>\n<tr>\n<th>Hy\u00f6ty<\/th>\n<th>Kuvaus<\/th>\n<\/tr>\n<\/thead>\n<tbody>\n<tr>\n<td>\ud83d\udcaa Lihasten rakentaminen<\/td>\n<td>Ibutamoren edist\u00e4\u00e4 luonnollisten kasvuhormonien lis\u00e4\u00e4ntymist\u00e4, mik\u00e4 johtaa lihasmassan merkitt\u00e4v\u00e4\u00e4n kasvuun. Se tukee lihasten rakentamista lis\u00e4\u00e4m\u00e4ll\u00e4 proteiinisynteesi\u00e4 ja parantamalla palautumista intensiivisten harjoitusjaksojen j\u00e4lkeen.<\/td>\n<\/tr>\n<tr>\n<td>\ud83e\uddb4 Luuntiheys<\/td>\n<td>Tutkimukset ovat osoittaneet, ett\u00e4 MK-677 lis\u00e4\u00e4 luuntiheytt\u00e4, mik\u00e4 voi olla erityisen hy\u00f6dyllist\u00e4 i\u00e4kk\u00e4ille ihmisille, jotka ovat alttiita osteoporoosille. Luuston terveyden parantaminen voi v\u00e4hent\u00e4\u00e4 murtumien ja vammojen riski\u00e4.&lt;\/td<\/td>\n<\/tr>\n<tr>\n<td>\ud83d\ude34 Unen laatu<\/td>\n<td>Monet k\u00e4ytt\u00e4j\u00e4t raportoivat parantuneesta unenlaadusta. T\u00e4m\u00e4 johtuu kasvuhormonien lis\u00e4\u00e4ntyneest\u00e4 vapautumisesta, jotka edist\u00e4v\u00e4t syv\u00e4\u00e4 unta ja siten tukevat kehon yleist\u00e4 palautumista ja uudistumista.&lt;\/td<\/td>\n<\/tr>\n<tr>\n<td>\ud83c\udfc3\u200d\u2642\ufe0f Lis\u00e4\u00e4ntynyt kest\u00e4vyys<\/td>\n<td>Ibutamoren voi lis\u00e4t\u00e4 kest\u00e4vyytt\u00e4 ja suorituskyky\u00e4 optimoimalla kehon energiantuotantoa. T\u00e4m\u00e4 voi johtaa parempaan harjoittelusuoritukseen ja nopeampaan palautumiseen harjoituksen j\u00e4lkeen.&lt;\/td<\/td>\n<\/tr>\n<\/tbody>\n<\/table>\n<h2>Hinta ja saatavuus<\/h2>\n<p>Ibutamorenin hinta voi vaihdella toimittajasta riippuen. Tyypillinen hintaluokka on 50-100 euroa kuukaudessa annoksesta ja merkin laadusta riippuen. On t\u00e4rke\u00e4\u00e4 huomata, ett\u00e4 Ibutamorenia ei ole saatavilla tavallisista apteekeista, kuten dm, Rossmann tai supermarketeista, kuten Kaufland. My\u00f6sk\u00e4\u00e4n Amazonin tai Shop Apotheken kaltaiset verkkoalustat eiv\u00e4t varastoi t\u00e4t\u00e4 tuotetta. Kuluttajien on siksi turvauduttava erikoistuneisiin verkkokauppoihin.<\/p>\n<p>Hintavertailu on suositeltavaa parhaan tarjouksen l\u00f6yt\u00e4miseksi, mutta tuotteen laatua ei pid\u00e4 j\u00e4tt\u00e4\u00e4 huomiotta. Koska Stiftung Warentest, kuluttajaneuvontakeskus tai kuluttajansuojaviranomaiset eiv\u00e4t ole testanneet Ibutamorenia, on t\u00e4rke\u00e4\u00e4 luottaa hyv\u00e4maineisiin l\u00e4hteisiin ja suosituksiin.<\/p>\n<h2>K\u00e4ytt\u00e4jien arvostelut ja kokemukset<\/h2>\n<p>Monet k\u00e4ytt\u00e4j\u00e4t raportoivat my\u00f6nteisi\u00e4 kokemuksia Ibutamorenista. Lihasmassan lis\u00e4\u00e4ntymist\u00e4 ja unen laadun paranemista korostetaan usein merkitt\u00e4vin\u00e4 etuina. Jotkut k\u00e4ytt\u00e4j\u00e4t raportoivat my\u00f6s lis\u00e4\u00e4ntyneest\u00e4 kest\u00e4vyydest\u00e4 ja nopeammasta palautumisesta harjoittelun j\u00e4lkeen.<\/p>\n<p>On kuitenkin my\u00f6s kriittisi\u00e4 \u00e4\u00e4ni\u00e4, jotka viittaavat mahdollisiin sivuvaikutuksiin, kuten lis\u00e4\u00e4ntyneeseen ruokahaluun tai liev\u00e4\u00e4n vedenpid\u00e4tyskykyyn. On suositeltavaa keskustella saannista l\u00e4\u00e4k\u00e4rin tai ravitsemusterapeutin kanssa, etenkin jos sinulla on jo olemassa olevia sairauksia tai k\u00e4yt\u00e4t muita l\u00e4\u00e4kkeit\u00e4.<\/p>\n<h2>Loppuarviointi<\/h2>\n<p><a href=\"https:\/\/ibutamoren-mk-677.fi\/\">Ibutamoren (MK-677)<\/a> on osoittautunut tehokkaaksi keinoksi tukea lihasten rakentamista ja yleist\u00e4 fyysist\u00e4 suorituskyky\u00e4. Kyky lis\u00e4t\u00e4 kasvuhormonitasoja luonnollisesti ilman suoria injektioita tekee siit\u00e4 houkuttelevan vaihtoehdon monille kuntoilijoille.<\/p>\n<p>Vaikka hy\u00f6dyt ovat lupaavia, on t\u00e4rke\u00e4\u00e4 olla tietoinen niihin liittyvist\u00e4 riskeist\u00e4 ja riippumattomien kuluttajaj\u00e4rjest\u00f6jen suorittamien kattavien testien puutteesta. Tietoon perustuva p\u00e4\u00e4t\u00f6s olisi teht\u00e4v\u00e4 tutkimuksen, hintavertailun ja yksil\u00f6llisten terveystarpeiden perusteella.<\/p>\n<p>Kaiken kaikkiaan Ibutamoren tarjoaa mielenkiintoisen mahdollisuuden suorituskyvyn parantamiseen, mutta sit\u00e4 tulisi k\u00e4ytt\u00e4\u00e4 varoen ja ottaen huomioon yksil\u00f6lliset terveydelliset tavoitteet ja olosuhteet.<\/p>\n<h2>Osta Ibutamoren (MK-677) edullisimpaan hintaan<\/h2>\n<p><a href=\"https:\/\/www.fasttrack39.com\/M5WPFDGQ\/2H46KCDF\/?source_id=etox-fi-base\" target=\"\u201d_blank\u201d\" rel=\"\u201dnofollow\">Klikkaa t\u00e4st\u00e4<\/a> siirty\u00e4ksesi viralliseen verkkokauppaan.<\/p>\n","protected":false},"excerpt":{"rendered":"<p>Ibutamoren, joka tunnetaan my\u00f6s nimell\u00e4 MK-677, on suosittu ravintolis\u00e4, josta keskustellaan usein kunto- ja kehonrakennusyhteis\u00f6ss\u00e4. Sit\u00e4 arvostetaan erityisesti sen kyvyst\u00e4 lis\u00e4t\u00e4 kasvuhormonitasoja kehossa. Mutta mit\u00e4 t\u00e4m\u00e4n tuotteen takana todella on ja kannattaako sit\u00e4 todella kokeilla? T\u00e4ss\u00e4 katsauksessa tarkastelemme Ibutamorenia yksityiskohtaisesti. Mik\u00e4 on Ibutamoren (MK-677)? Ibutamoren on greliinireseptorin selektiivinen agonisti ja kasvuhormonin eritt\u00e4j\u00e4aine. T\u00e4m\u00e4 tarkoittaa, ett\u00e4 &#8230; <a title=\"Ibutamoren MK-677\" class=\"read-more\" href=\"https:\/\/etoxproject.eu\/fi\/tuote\/ibutamoren-mk-677\/\" aria-label=\"Lis\u00e4\u00e4 Ibutamoren MK-677\">Lue lis\u00e4\u00e4<\/a><\/p>\n","protected":false},"featured_media":1231,"comment_status":"open","ping_status":"closed","template":"","meta":[],"product_brand":[],"product_cat":[],"product_tag":[],"class_list":{"0":"post-1230","1":"product","2":"type-product","3":"status-publish","4":"has-post-thumbnail","7":"first","8":"instock","9":"shipping-taxable","10":"product-type-external"},"yoast_head":"<!-- This site is optimized with the Yoast SEO plugin v27.4 - https:\/\/yoast.com\/product\/yoast-seo-wordpress\/ -->\n<title>Osta Ibutamoren MK-677 halvimmalla Suomessa<\/title>\n<meta name=\"robots\" content=\"index, follow, max-snippet:-1, max-image-preview:large, max-video-preview:-1\" \/>\n<link rel=\"canonical\" href=\"https:\/\/etoxproject.eu\/fi\/tuote\/ibutamoren-mk-677\/\" \/>\n<meta property=\"og:locale\" content=\"fi_FI\" \/>\n<meta property=\"og:type\" content=\"article\" \/>\n<meta property=\"og:title\" content=\"Osta Ibutamoren MK-677 halvimmalla Suomessa\" \/>\n<meta property=\"og:description\" content=\"Ibutamoren, joka tunnetaan my\u00f6s nimell\u00e4 MK-677, on suosittu ravintolis\u00e4, josta keskustellaan usein kunto- ja kehonrakennusyhteis\u00f6ss\u00e4. Sit\u00e4 arvostetaan erityisesti sen kyvyst\u00e4 lis\u00e4t\u00e4 kasvuhormonitasoja kehossa. Mutta mit\u00e4 t\u00e4m\u00e4n tuotteen takana todella on ja kannattaako sit\u00e4 todella kokeilla? T\u00e4ss\u00e4 katsauksessa tarkastelemme Ibutamorenia yksityiskohtaisesti. Mik\u00e4 on Ibutamoren (MK-677)? Ibutamoren on greliinireseptorin selektiivinen agonisti ja kasvuhormonin eritt\u00e4j\u00e4aine. T\u00e4m\u00e4 tarkoittaa, ett\u00e4 ... Lue lis\u00e4\u00e4\" \/>\n<meta property=\"og:url\" content=\"https:\/\/etoxproject.eu\/fi\/tuote\/ibutamoren-mk-677\/\" \/>\n<meta property=\"og:site_name\" content=\"etoxproject.eu\" \/>\n<meta property=\"article:modified_time\" content=\"2024-12-08T04:51:29+00:00\" \/>\n<meta property=\"og:image\" content=\"https:\/\/etoxproject.eu\/wp-content\/uploads\/2024\/11\/IBUTAMOREN-MK677.jpg\" \/>\n\t<meta property=\"og:image:width\" content=\"1226\" \/>\n\t<meta property=\"og:image:height\" content=\"1226\" \/>\n\t<meta property=\"og:image:type\" content=\"image\/jpeg\" \/>\n<meta name=\"twitter:card\" content=\"summary_large_image\" \/>\n<meta name=\"twitter:label1\" content=\"Arvioitu lukuaika\" \/>\n\t<meta name=\"twitter:data1\" content=\"3 minuuttia\" \/>\n<script type=\"application\/ld+json\" class=\"yoast-schema-graph\">{\"@context\":\"https:\\\/\\\/schema.org\",\"@graph\":[{\"@type\":\"WebPage\",\"@id\":\"https:\\\/\\\/etoxproject.eu\\\/fi\\\/tuote\\\/ibutamoren-mk-677\\\/\",\"url\":\"https:\\\/\\\/etoxproject.eu\\\/fi\\\/tuote\\\/ibutamoren-mk-677\\\/\",\"name\":\"Osta Ibutamoren MK-677 halvimmalla Suomessa\",\"isPartOf\":{\"@id\":\"https:\\\/\\\/etoxproject.eu\\\/fi\\\/#website\"},\"primaryImageOfPage\":{\"@id\":\"https:\\\/\\\/etoxproject.eu\\\/fi\\\/tuote\\\/ibutamoren-mk-677\\\/#primaryimage\"},\"image\":{\"@id\":\"https:\\\/\\\/etoxproject.eu\\\/fi\\\/tuote\\\/ibutamoren-mk-677\\\/#primaryimage\"},\"thumbnailUrl\":\"https:\\\/\\\/etoxproject.eu\\\/wp-content\\\/uploads\\\/2024\\\/11\\\/IBUTAMOREN-MK677.jpg\",\"datePublished\":\"2024-12-08T04:50:41+00:00\",\"dateModified\":\"2024-12-08T04:51:29+00:00\",\"breadcrumb\":{\"@id\":\"https:\\\/\\\/etoxproject.eu\\\/fi\\\/tuote\\\/ibutamoren-mk-677\\\/#breadcrumb\"},\"inLanguage\":\"fi\",\"potentialAction\":[{\"@type\":\"ReadAction\",\"target\":[\"https:\\\/\\\/etoxproject.eu\\\/fi\\\/tuote\\\/ibutamoren-mk-677\\\/\"]}]},{\"@type\":\"ImageObject\",\"inLanguage\":\"fi\",\"@id\":\"https:\\\/\\\/etoxproject.eu\\\/fi\\\/tuote\\\/ibutamoren-mk-677\\\/#primaryimage\",\"url\":\"https:\\\/\\\/etoxproject.eu\\\/wp-content\\\/uploads\\\/2024\\\/11\\\/IBUTAMOREN-MK677.jpg\",\"contentUrl\":\"https:\\\/\\\/etoxproject.eu\\\/wp-content\\\/uploads\\\/2024\\\/11\\\/IBUTAMOREN-MK677.jpg\",\"width\":1226,\"height\":1226},{\"@type\":\"BreadcrumbList\",\"@id\":\"https:\\\/\\\/etoxproject.eu\\\/fi\\\/tuote\\\/ibutamoren-mk-677\\\/#breadcrumb\",\"itemListElement\":[{\"@type\":\"ListItem\",\"position\":1,\"name\":\"Startseite\",\"item\":\"https:\\\/\\\/etoxproject.eu\\\/fi\\\/\"},{\"@type\":\"ListItem\",\"position\":2,\"name\":\"Shop\",\"item\":\"https:\\\/\\\/etoxproject.eu\\\/shop\\\/\"},{\"@type\":\"ListItem\",\"position\":3,\"name\":\"Ibutamoren MK-677\"}]},{\"@type\":\"WebSite\",\"@id\":\"https:\\\/\\\/etoxproject.eu\\\/fi\\\/#website\",\"url\":\"https:\\\/\\\/etoxproject.eu\\\/fi\\\/\",\"name\":\"etoxproject.eu\",\"description\":\"\",\"publisher\":{\"@id\":\"https:\\\/\\\/etoxproject.eu\\\/fi\\\/#organization\"},\"potentialAction\":[{\"@type\":\"SearchAction\",\"target\":{\"@type\":\"EntryPoint\",\"urlTemplate\":\"https:\\\/\\\/etoxproject.eu\\\/fi\\\/?s={search_term_string}\"},\"query-input\":{\"@type\":\"PropertyValueSpecification\",\"valueRequired\":true,\"valueName\":\"search_term_string\"}}],\"inLanguage\":\"fi\"},{\"@type\":\"Organization\",\"@id\":\"https:\\\/\\\/etoxproject.eu\\\/fi\\\/#organization\",\"name\":\"etoxproject.eu\",\"url\":\"https:\\\/\\\/etoxproject.eu\\\/fi\\\/\",\"logo\":{\"@type\":\"ImageObject\",\"inLanguage\":\"fi\",\"@id\":\"https:\\\/\\\/etoxproject.eu\\\/fi\\\/#\\\/schema\\\/logo\\\/image\\\/\",\"url\":\"https:\\\/\\\/etoxproject.eu\\\/wp-content\\\/uploads\\\/2024\\\/12\\\/etoxproject.png\",\"contentUrl\":\"https:\\\/\\\/etoxproject.eu\\\/wp-content\\\/uploads\\\/2024\\\/12\\\/etoxproject.png\",\"width\":315,\"height\":69,\"caption\":\"etoxproject.eu\"},\"image\":{\"@id\":\"https:\\\/\\\/etoxproject.eu\\\/fi\\\/#\\\/schema\\\/logo\\\/image\\\/\"}}]}<\/script>\n<!-- \/ Yoast SEO plugin. -->","yoast_head_json":{"title":"Osta Ibutamoren MK-677 halvimmalla Suomessa","robots":{"index":"index","follow":"follow","max-snippet":"max-snippet:-1","max-image-preview":"max-image-preview:large","max-video-preview":"max-video-preview:-1"},"canonical":"https:\/\/etoxproject.eu\/fi\/tuote\/ibutamoren-mk-677\/","og_locale":"fi_FI","og_type":"article","og_title":"Osta Ibutamoren MK-677 halvimmalla Suomessa","og_description":"Ibutamoren, joka tunnetaan my\u00f6s nimell\u00e4 MK-677, on suosittu ravintolis\u00e4, josta keskustellaan usein kunto- ja kehonrakennusyhteis\u00f6ss\u00e4. Sit\u00e4 arvostetaan erityisesti sen kyvyst\u00e4 lis\u00e4t\u00e4 kasvuhormonitasoja kehossa. Mutta mit\u00e4 t\u00e4m\u00e4n tuotteen takana todella on ja kannattaako sit\u00e4 todella kokeilla? T\u00e4ss\u00e4 katsauksessa tarkastelemme Ibutamorenia yksityiskohtaisesti. Mik\u00e4 on Ibutamoren (MK-677)? Ibutamoren on greliinireseptorin selektiivinen agonisti ja kasvuhormonin eritt\u00e4j\u00e4aine. T\u00e4m\u00e4 tarkoittaa, ett\u00e4 ... Lue lis\u00e4\u00e4","og_url":"https:\/\/etoxproject.eu\/fi\/tuote\/ibutamoren-mk-677\/","og_site_name":"etoxproject.eu","article_modified_time":"2024-12-08T04:51:29+00:00","og_image":[{"width":1226,"height":1226,"url":"https:\/\/etoxproject.eu\/wp-content\/uploads\/2024\/11\/IBUTAMOREN-MK677.jpg","type":"image\/jpeg"}],"twitter_card":"summary_large_image","twitter_misc":{"Arvioitu lukuaika":"3 minuuttia"},"schema":{"@context":"https:\/\/schema.org","@graph":[{"@type":"WebPage","@id":"https:\/\/etoxproject.eu\/fi\/tuote\/ibutamoren-mk-677\/","url":"https:\/\/etoxproject.eu\/fi\/tuote\/ibutamoren-mk-677\/","name":"Osta Ibutamoren MK-677 halvimmalla Suomessa","isPartOf":{"@id":"https:\/\/etoxproject.eu\/fi\/#website"},"primaryImageOfPage":{"@id":"https:\/\/etoxproject.eu\/fi\/tuote\/ibutamoren-mk-677\/#primaryimage"},"image":{"@id":"https:\/\/etoxproject.eu\/fi\/tuote\/ibutamoren-mk-677\/#primaryimage"},"thumbnailUrl":"https:\/\/etoxproject.eu\/wp-content\/uploads\/2024\/11\/IBUTAMOREN-MK677.jpg","datePublished":"2024-12-08T04:50:41+00:00","dateModified":"2024-12-08T04:51:29+00:00","breadcrumb":{"@id":"https:\/\/etoxproject.eu\/fi\/tuote\/ibutamoren-mk-677\/#breadcrumb"},"inLanguage":"fi","potentialAction":[{"@type":"ReadAction","target":["https:\/\/etoxproject.eu\/fi\/tuote\/ibutamoren-mk-677\/"]}]},{"@type":"ImageObject","inLanguage":"fi","@id":"https:\/\/etoxproject.eu\/fi\/tuote\/ibutamoren-mk-677\/#primaryimage","url":"https:\/\/etoxproject.eu\/wp-content\/uploads\/2024\/11\/IBUTAMOREN-MK677.jpg","contentUrl":"https:\/\/etoxproject.eu\/wp-content\/uploads\/2024\/11\/IBUTAMOREN-MK677.jpg","width":1226,"height":1226},{"@type":"BreadcrumbList","@id":"https:\/\/etoxproject.eu\/fi\/tuote\/ibutamoren-mk-677\/#breadcrumb","itemListElement":[{"@type":"ListItem","position":1,"name":"Startseite","item":"https:\/\/etoxproject.eu\/fi\/"},{"@type":"ListItem","position":2,"name":"Shop","item":"https:\/\/etoxproject.eu\/shop\/"},{"@type":"ListItem","position":3,"name":"Ibutamoren MK-677"}]},{"@type":"WebSite","@id":"https:\/\/etoxproject.eu\/fi\/#website","url":"https:\/\/etoxproject.eu\/fi\/","name":"etoxproject.eu","description":"","publisher":{"@id":"https:\/\/etoxproject.eu\/fi\/#organization"},"potentialAction":[{"@type":"SearchAction","target":{"@type":"EntryPoint","urlTemplate":"https:\/\/etoxproject.eu\/fi\/?s={search_term_string}"},"query-input":{"@type":"PropertyValueSpecification","valueRequired":true,"valueName":"search_term_string"}}],"inLanguage":"fi"},{"@type":"Organization","@id":"https:\/\/etoxproject.eu\/fi\/#organization","name":"etoxproject.eu","url":"https:\/\/etoxproject.eu\/fi\/","logo":{"@type":"ImageObject","inLanguage":"fi","@id":"https:\/\/etoxproject.eu\/fi\/#\/schema\/logo\/image\/","url":"https:\/\/etoxproject.eu\/wp-content\/uploads\/2024\/12\/etoxproject.png","contentUrl":"https:\/\/etoxproject.eu\/wp-content\/uploads\/2024\/12\/etoxproject.png","width":315,"height":69,"caption":"etoxproject.eu"},"image":{"@id":"https:\/\/etoxproject.eu\/fi\/#\/schema\/logo\/image\/"}}]}},"_links":{"self":[{"href":"https:\/\/etoxproject.eu\/fi\/wp-json\/wp\/v2\/product\/1230","targetHints":{"allow":["GET"]}}],"collection":[{"href":"https:\/\/etoxproject.eu\/fi\/wp-json\/wp\/v2\/product"}],"about":[{"href":"https:\/\/etoxproject.eu\/fi\/wp-json\/wp\/v2\/types\/product"}],"replies":[{"embeddable":true,"href":"https:\/\/etoxproject.eu\/fi\/wp-json\/wp\/v2\/comments?post=1230"}],"wp:featuredmedia":[{"embeddable":true,"href":"https:\/\/etoxproject.eu\/fi\/wp-json\/wp\/v2\/media\/1231"}],"wp:attachment":[{"href":"https:\/\/etoxproject.eu\/fi\/wp-json\/wp\/v2\/media?parent=1230"}],"wp:term":[{"taxonomy":"product_brand","embeddable":true,"href":"https:\/\/etoxproject.eu\/fi\/wp-json\/wp\/v2\/product_brand?post=1230"},{"taxonomy":"product_cat","embeddable":true,"href":"https:\/\/etoxproject.eu\/fi\/wp-json\/wp\/v2\/product_cat?post=1230"},{"taxonomy":"product_tag","embeddable":true,"href":"https:\/\/etoxproject.eu\/fi\/wp-json\/wp\/v2\/product_tag?post=1230"}],"curies":[{"name":"wp","href":"https:\/\/api.w.org\/{rel}","templated":true}]}}