{"id":2017,"date":"2025-01-05T14:12:03","date_gmt":"2025-01-06T11:31:35","guid":{"rendered":"https:\/\/etoxproject.eu\/?post_type=product&#038;p=2017"},"modified":"2025-01-06T12:31:35","modified_gmt":"2025-01-06T11:31:35","slug":"hypnozio-app","status":"publish","type":"product","link":"https:\/\/etoxproject.eu\/fi\/tuote\/hypnozio-app\/","title":{"rendered":"Hypnozio App"},"content":{"rendered":"<p>Teknologian ja mielenterveyden risteyskohta on luonut mahdollisuuksia innovatiivisiin l\u00e4hestymistapoihin stressinhallinnassa, unen parantamisessa ja mindfulnessissa. Hypnozio on noussut esiin t\u00e4llaisten ty\u00f6kalujen joukossa sovelluksena, joka on suunniteltu helpottamaan hypnoosin, meditaation ja mindfulness-harjoitusten k\u00e4ytt\u00f6\u00e4. T\u00e4ss\u00e4 katsauksessa arvioidaan kriittisesti Hypnoziota tieteellisest\u00e4 n\u00e4k\u00f6kulmasta ja tarkastellaan sen ominaisuuksia, toimivuutta, teoreettista perustaa ja empiirist\u00e4 tukea.<\/p>\n<ul>\n<li><span style=\"color: #339966; \u201d&gt;&lt;strong&gt;hypnoosisovellus &lt;span style=\u201dtext-decoration: underline;\">painonpudotukseen<\/span><\/li>\n<li><span style=\"color: #339966; \u201d&gt;&lt;strong&gt;hypnoosisovellus &lt;span style=\u201dtext-decoration: underline;\">Nukkumiseen<\/span><\/li>\n<li><span style=\"color: #339966; \u201d&gt;&lt;strong&gt;hypnoosisovellus &lt;span style=\u201dtext-decoration: underline;\">luottamukseen<\/span><\/li>\n<li><a href=\"https:\/\/get-hypnozio.com\/landing-wl?l=fi&amp;vndr=evf&amp;evf=1&amp;uid=6211&amp;offid=55&amp;affiliate_id=792&amp;source_id=etox-fi\" target=\"_blank\" rel=\"nofollow noopener\">Klikkaa t\u00e4st\u00e4 saadaksesi lis\u00e4tietoja<\/a><\/li>\n<\/ul>\n<h2>Hypnozio App kokemuksia Review<\/h2>\n<p>Hypnozio v\u00e4itt\u00e4\u00e4 hy\u00f6dynt\u00e4v\u00e4ns\u00e4 hypnoosin ja mindfulnessin periaatteita henkisen hyvinvoinnin parantamiseksi. Sovellus sis\u00e4lt\u00e4\u00e4 ominaisuuksia, kuten:<\/p>\n<ul>\n<li><strong>Ohjattuja hypnoosi-istuntoja<\/strong>: R\u00e4\u00e4t\u00e4l\u00f6ity stressin v\u00e4hent\u00e4miseen, luottamuksen rakentamiseen ja tapojen muodostamiseen.<\/li>\n<li><strong>Meditaatioradat<\/strong>: Keskittyy mindfulnessiin ja rentoutumiseen.<\/li>\n<li><strong>Nukkumisen tuki<\/strong>: Binauraaliset ly\u00f6nnit ja tarinankerronta, jotka on suunniteltu parantamaan unen laatua.<\/li>\n<li><strong>Henkil\u00f6kohtaistaminen<\/strong>: Teko\u00e4lyn ohjaamat istuntosuositukset, jotka perustuvat k\u00e4ytt\u00e4j\u00e4n mieltymyksiin ja palautteeseen.<\/li>\n<\/ul>\n<h2>Scientific Foundation (Hypnozio App Reviews Suomi)<\/h2>\n<h4>Hypnoosi ja sen mekanismit<\/h4>\n<p>Hypnoosi on keskittyneen huomion ja kohonneen suggestiivisuuden tila, jota k\u00e4ytet\u00e4\u00e4n usein terapeuttisesti esimerkiksi kroonisen kivun, ahdistuksen ja unettomuuden kaltaisiin tiloihin. Se toimii seuraavien mekanismien avulla:<\/p>\n<ul>\n<li><strong>Relaxation Response<\/strong>: Hypnoosi aktivoi parasympaattista hermostoa, mik\u00e4 v\u00e4hent\u00e4\u00e4 stressiin liittyv\u00e4\u00e4 fysiologista kiihtymyst\u00e4.<\/li>\n<li><strong>Neuroplastisuus<\/strong>: Tutkimukset viittaavat siihen, ett\u00e4 hypnoosi voi parantaa hermoratoja, jotka liittyv\u00e4t haluttuun k\u00e4ytt\u00e4ytymiseen tai mielentilaan.<\/li>\n<li><strong>Kognitiivinen uudelleenmuotoilu<\/strong>: Hypnoottiset suggestiot auttavat muotoilemaan negatiivisia ajatuksia uudelleen ja parantamaan selviytymiskeinoja.<\/li>\n<\/ul>\n<h4>Mindfulness ja meditaatio<\/h4>\n<p>Mindfulness juontaa juurensa ikivanhoihin mietiskelyperinteisiin, ja siihen kuuluu huomion kiinnitt\u00e4minen nykyhetkeen ennakkoluulottomasti. Sen on osoitettu:<\/p>\n<ul>\n<li>v\u00e4hent\u00e4\u00e4 ahdistus- ja masennusoireita (Khoury ym., 2015).<\/li>\n<li>parantaa keskittymist\u00e4 ja kognitiivista joustavuutta.<\/li>\n<li>Parantaa tunteiden s\u00e4\u00e4tely\u00e4 prefrontaalisen aivokuoren aktivoinnin kautta.<\/li>\n<\/ul>\n<p>Hypnozio yhdist\u00e4\u00e4 n\u00e4m\u00e4 periaatteet ja pyrkii tarjoamaan k\u00e4ytt\u00e4jille strukturoituja, ohjattuja kokemuksia, jotka ovat helposti saatavilla ja n\u00e4ytt\u00f6\u00f6n perustuvia.<\/p>\n<h2>Hypnozio-sovellus painonpudotukseen, uneen, masennukseen ja muuhun<\/h2>\n<h4>Hypnoosisovellus painonpudotukseen<\/h4>\n<p>Hypnozio tarjoaa valikoiman ohjattuja hypnoosisessioita, jotka on luokiteltu teemoittain, kuten stressin lievitt\u00e4minen, itseluottamus ja tupakoinnin lopettaminen. N\u00e4m\u00e4 istunnot:<\/p>\n<ul>\n<li>K\u00e4ytt\u00e4v\u00e4t rauhoittavaa \u00e4\u00e4ntely\u00e4, jonka k\u00e4sikirjoitukset perustuvat hypnoottisiin kielimalleihin (esim. Milton-malliin).<\/li>\n<\/ul>\n<p>Hyvinvointisessiot.<\/p>\n<ul>\n<li>K\u00e4ytt\u00e4v\u00e4t tausta\u00e4\u00e4nimaisemia, jotka helpottavat uppoutumista ja rentoutumista.<\/li>\n<li>Sis\u00e4lt\u00e4v\u00e4t progressiivisia rentoutumistekniikoita transsin kaltaisen tilan aikaansaamiseksi.<\/li>\n<\/ul>\n<h4>Meditaatio- ja mindfulness-raidat<\/h4>\n<p>Meditaatio-osio tarjoaa monipuolisia raitoja, kuten kehon skannauksia, hengitysharjoituksia ja tietoisuuteen perustuvia visualisointeja. Istunnot sis\u00e4lt\u00e4v\u00e4t mm:<\/p>\n<ul>\n<li><strong>Adaptiivinen vaikeusaste<\/strong>: Radat vaihtelevat pituudeltaan ja monimutkaisuudeltaan, ja ne sopivat sek\u00e4 aloittelijoille ett\u00e4 kokeneille meditoijille.<\/li>\n<li><strong>Binauraaliset ly\u00f6nnit<\/strong>: Erityiset taajuudet on upotettu edist\u00e4m\u00e4\u00e4n syv\u00e4\u00e4n rentoutumiseen liittyv\u00e4\u00e4 theta-aineaaltotoimintaa.<\/li>\n<\/ul>\n<h4>Unta tukevat ominaisuudet<\/h4>\n<p>Hypnozion unituki sis\u00e4lt\u00e4\u00e4 iltasatuja, valkoista kohinaa ja binauraalisia ly\u00f6ntej\u00e4, jotka on suunniteltu:<\/p>\n<ul>\n<li>Lyhent\u00e4\u00e4 unen alkamislatenssia.<\/li>\n<li>parantaa unen laatua edist\u00e4m\u00e4ll\u00e4 unta edelt\u00e4v\u00e4\u00e4 rentoutumistilaa.<\/li>\n<li>Hoitaa yleisi\u00e4 unih\u00e4iri\u00f6it\u00e4, kuten unettomuutta.<\/li>\n<\/ul>\n<h4>AI-ohjautuva personointi<\/h4>\n<p>Erinomainen ominaisuus on sovelluksen teko\u00e4lyj\u00e4rjestelm\u00e4, joka analysoi k\u00e4ytt\u00e4j\u00e4n k\u00e4ytt\u00e4ytymist\u00e4 ja palautetta ja n\u00e4in:<\/p>\n<ul>\n<li>Ehdottaa istuntoja, jotka ovat linjassa k\u00e4ytt\u00e4j\u00e4n tavoitteiden kanssa (esim. ahdistuksen v\u00e4hent\u00e4minen).<\/li>\n<li>Mukauttaa istuntojen sis\u00e4lt\u00f6\u00e4 ajan my\u00f6t\u00e4 jatkuvan sitoutumisen varmistamiseksi.<\/li>\n<\/ul>\n<h2>Empiiriset todisteet<\/h2>\n<h4>Hypnoosia koskevat tutkimukset<\/h4>\n<ol>\n<li><strong>Stressi ja ahdistus<\/strong>: Hammondin (2010) tekem\u00e4 meta-analyysi osoitti, ett\u00e4 hypnoosi v\u00e4hent\u00e4\u00e4 tehokkaasti ahdistusta ja stressiin liittyvi\u00e4 tiloja.<\/li>\n<li><strong>Unen laatu<\/strong>: Hypnoosin on osoitettu parantavan unen parametreja unettomuudesta k\u00e4rsivill\u00e4 henkil\u00f6ill\u00e4 (Cordi ym., 2014).<\/li>\n<\/ol>\n<h4>Todisteet meditaation puolesta<\/h4>\n<p>Mindfulness-pohjaisilla interventioilla on vankka empiirinen tuki:<\/p>\n<ul>\n<li><strong>Mielenterveys<\/strong>: Systemaattiset katsaukset osoittavat, ett\u00e4 ahdistuneisuus ja masennus v\u00e4henev\u00e4t merkitt\u00e4v\u00e4sti (Goyal et al., 2014).<\/li>\n<li><strong>Kognitiiviset hy\u00f6dyt<\/strong>: Pitk\u00e4aikainen meditaatio parantaa tarkkaavaisuutta ja ty\u00f6muistia (Zeidan et al., 2010).<\/li>\n<\/ul>\n<h4>Hypnozion soveltaminen<\/h4>\n<p>Vaikka vertaisarvioiduissa tutkimuksissa ei ole erityisesti tutkittu Hypnoziota, sen tukeutuminen n\u00e4ytt\u00f6\u00f6n perustuviin tekniikoihin viittaa vankkaan teoreettiseen perustaan. Sen tehokkuuden validoimiseksi tarvitaan kuitenkin tiukempaa, sovelluskohtaista tutkimusta.<\/p>\n<h2>Mahdolliset rajoitukset<\/h2>\n<h4>Hypnoosin yleist\u00e4minen<\/h4>\n<p>Hypnoosi on hyvin yksil\u00f6llist\u00e4. Jotkut k\u00e4ytt\u00e4j\u00e4t eiv\u00e4t ehk\u00e4 ole eritt\u00e4in suggestiivisia, mik\u00e4 voi rajoittaa sovelluksen tehokkuutta. Hypnotisoitavuuden seulonta voisi parantaa yksil\u00f6llisi\u00e4 tuloksia.<\/p>\n<h4>Yliriippuvuus teknologiasta<\/h4>\n<p>Vaikka Hypnozio tarjoaa mukavuutta, se saattaa edist\u00e4\u00e4 liiallisen riippuvuuden syntymist\u00e4 mielenterveyden digitaalisista ty\u00f6kaluista. T\u00e4ydent\u00e4v\u00e4 henkil\u00f6kohtainen terapia saattaa olla tarpeen vakavissa tiloissa.<\/p>\n<h4>Pitkitt\u00e4istietojen puuttuminen<\/h4>\n<p>Sovelluksen pitk\u00e4n aikav\u00e4lin vaikutusta mielenterveystuloksiin ei ole tutkittu. Pitkitt\u00e4istutkimukset ovat v\u00e4ltt\u00e4m\u00e4tt\u00f6mi\u00e4, jotta voidaan m\u00e4\u00e4ritt\u00e4\u00e4 jatkuva tehokkuus.<\/p>\n<h2>Vertailu kilpailijoihin<\/h2>\n<p>Hypnozio kilpailee sellaisten sovellusten kanssa kuin Calm, Headspace ja Sleep Cycle. Ainutlaatuisia myyntivaltteja ovat mm:<\/p>\n<ul>\n<li><strong>Hypnosis Focus<\/strong>: Toisin kuin kilpailijat, Hypnozio asettaa hypnoosin etusijalle mindfulnessin rinnalle.<\/li>\n<li><strong>AI-kohtaistaminen<\/strong>: Hypnozion teko\u00e4lypohjaiset suositukset tarjoavat r\u00e4\u00e4t\u00e4l\u00f6idyn k\u00e4ytt\u00f6kokemuksen.<\/li>\n<li>Happyo<\/li>\n<\/ul>\n<p>Kilpailijoilla on kuitenkin usein suurempi k\u00e4ytt\u00e4j\u00e4kunta ja vakiintuneempia tutkimuskumppanuuksia.<\/p>\n<h3>K\u00e4ytt\u00e4j\u00e4palaute<\/h3>\n<p>K\u00e4ytt\u00e4j\u00e4arvosteluissa korostuvat vahvuudet, kuten mm:<\/p>\n<ul>\n<li>Parantunut unenlaatu viikkojen kuluessa k\u00e4yt\u00f6st\u00e4.<\/li>\n<li>V\u00e4hentynyt ahdistuneisuus s\u00e4\u00e4nn\u00f6llisten istuntojen j\u00e4lkeen.<\/li>\n<li>Intuitiivinen k\u00e4ytt\u00f6liittym\u00e4 ja houkutteleva muotoilu.<\/li>\n<\/ul>\n<p>Kritiikkiin kuuluvat satunnaiset tekniset h\u00e4iri\u00f6t ja rajallinen ilmainen sis\u00e4lt\u00f6. K\u00e4ytt\u00e4j\u00e4t toivovat my\u00f6s ominaisuuksia, kuten offline-latauksia ja syv\u00e4llisempi\u00e4 r\u00e4\u00e4t\u00e4l\u00f6intimahdollisuuksia.<\/p>\n<h2>Eettiset n\u00e4k\u00f6kohdat<\/h2>\n<h4>Tietojen yksityisyys<\/h4>\n<p>Hypnozio ker\u00e4\u00e4 arkaluonteisia tietoja k\u00e4ytt\u00e4j\u00e4kokemuksen optimoimiseksi. L\u00e4pin\u00e4kyv\u00e4t tietojenk\u00e4sittelyk\u00e4yt\u00e4nn\u00f6t ja vankka salaus ovat ratkaisevan t\u00e4rkeit\u00e4 k\u00e4ytt\u00e4jien luottamuksen s\u00e4ilytt\u00e4miseksi.<\/p>\n<h4>Saavutettavuus<\/h4>\n<p>Kohtuuhintaisuuden ja kielellisen osallisuuden varmistaminen laajentaa sovelluksen tavoittavuutta. T\u00e4ll\u00e4 hetkell\u00e4 premium-ominaisuudet voivat olla joillekin k\u00e4ytt\u00e4jille liian kalliita.<\/p>\n<h4>Todisteisiin perustuvat v\u00e4itteet<\/h4>\n<p>Markkinointiv\u00e4itt\u00e4mien olisi vastattava tieteellist\u00e4 n\u00e4ytt\u00f6\u00e4, jotta k\u00e4ytt\u00e4ji\u00e4 ei johdeta harhaan. Hypnozion mainosmateriaaleissa korostetaan empiirist\u00e4 tukea, mutta yksil\u00f6llist\u00e4 vaihtelua koskevat selke\u00e4mm\u00e4t lausumat ovat suositeltavia.<\/p>\n<h2>Parannussuositukset<\/h2>\n<ol>\n<li><strong>Vahvistetut tutkimuskumppanuudet<\/strong>: Tehd\u00e4\u00e4n yhteisty\u00f6t\u00e4 akateemisten laitosten kanssa tiukkoja arviointeja varten.<\/li>\n<li><strong>Laajempi sis\u00e4lt\u00f6kirjasto<\/strong>: Laajenna eri kulttuurisille ja kielellisille yleis\u00f6ille suunnattuja kappaleita.<\/li>\n<li><strong>Parannettu r\u00e4\u00e4t\u00e4l\u00f6inti<\/strong>: K\u00e4ytt\u00e4j\u00e4t voivat r\u00e4\u00e4t\u00e4l\u00f6id\u00e4 istunnon pituutta, \u00e4\u00e4nt\u00e4 ja tausta\u00e4\u00e4ni\u00e4.<\/li>\n<li><strong>Offline-k\u00e4ytt\u00f6<\/strong>: Mahdollistaa lataukset keskeytym\u00e4t\u00f6nt\u00e4 k\u00e4ytt\u00f6\u00e4 varten alueilla, joilla yhteys on heikko.<\/li>\n<\/ol>\n<h3>Johtop\u00e4\u00e4t\u00f6s<\/h3>\n<p>Hypnozio on teknologiapohjaisten mielenterveysty\u00f6kalujen eturintamassa, sill\u00e4 se tarjoaa innovatiivisen sekoituksen hypnoosia, meditaatiota ja teko\u00e4lyn personointia. Vaikka sen ominaisuudet perustuvat vankkoihin tieteellisiin periaatteisiin, sovellus hy\u00f6tyisi empiirisest\u00e4 validoinnista ja paremmasta saatavuudesta. K\u00e4ytt\u00e4jille, jotka etsiv\u00e4t k\u00e4tev\u00e4\u00e4, n\u00e4ytt\u00f6\u00f6n perustuvaa l\u00e4hestymistapaa stressin lievitt\u00e4miseen ja unen parantamiseen, Hypnozio on eritt\u00e4in lupaava.<\/p>\n","protected":false},"excerpt":{"rendered":"<p>Teknologian ja mielenterveyden risteyskohta on luonut mahdollisuuksia innovatiivisiin l\u00e4hestymistapoihin stressinhallinnassa, unen parantamisessa ja mindfulnessissa. Hypnozio on noussut esiin t\u00e4llaisten ty\u00f6kalujen joukossa sovelluksena, joka on suunniteltu helpottamaan hypnoosin, meditaation ja mindfulness-harjoitusten k\u00e4ytt\u00f6\u00e4. T\u00e4ss\u00e4 katsauksessa arvioidaan kriittisesti Hypnoziota tieteellisest\u00e4 n\u00e4k\u00f6kulmasta ja tarkastellaan sen ominaisuuksia, toimivuutta, teoreettista perustaa ja empiirist\u00e4 tukea. painonpudotukseen Nukkumiseen luottamukseen Klikkaa t\u00e4st\u00e4 saadaksesi lis\u00e4tietoja &#8230; <a title=\"Hypnozio App\" class=\"read-more\" href=\"https:\/\/etoxproject.eu\/fi\/tuote\/hypnozio-app\/\" aria-label=\"Lis\u00e4\u00e4 Hypnozio App\">Lue lis\u00e4\u00e4<\/a><\/p>\n","protected":false},"featured_media":1931,"comment_status":"open","ping_status":"closed","template":"","meta":[],"product_brand":[],"product_cat":[],"product_tag":[],"class_list":{"0":"post-2017","1":"product","2":"type-product","3":"status-publish","4":"has-post-thumbnail","7":"first","8":"instock","9":"shipping-taxable","10":"product-type-external"},"yoast_head":"<!-- This site is optimized with the Yoast SEO plugin v27.4 - https:\/\/yoast.com\/product\/yoast-seo-wordpress\/ -->\n<title>Hypnozio App kokemuksia \u2733\ufe0f 75% alennus hinnasta<\/title>\n<meta name=\"robots\" content=\"index, follow, max-snippet:-1, max-image-preview:large, max-video-preview:-1\" \/>\n<link rel=\"canonical\" href=\"https:\/\/etoxproject.eu\/fi\/tuote\/hypnozio-app\/\" \/>\n<meta property=\"og:locale\" content=\"fi_FI\" \/>\n<meta property=\"og:type\" content=\"article\" \/>\n<meta property=\"og:title\" content=\"Hypnozio App kokemuksia \u2733\ufe0f 75% alennus hinnasta\" \/>\n<meta property=\"og:description\" content=\"Teknologian ja mielenterveyden risteyskohta on luonut mahdollisuuksia innovatiivisiin l\u00e4hestymistapoihin stressinhallinnassa, unen parantamisessa ja mindfulnessissa. Hypnozio on noussut esiin t\u00e4llaisten ty\u00f6kalujen joukossa sovelluksena, joka on suunniteltu helpottamaan hypnoosin, meditaation ja mindfulness-harjoitusten k\u00e4ytt\u00f6\u00e4. T\u00e4ss\u00e4 katsauksessa arvioidaan kriittisesti Hypnoziota tieteellisest\u00e4 n\u00e4k\u00f6kulmasta ja tarkastellaan sen ominaisuuksia, toimivuutta, teoreettista perustaa ja empiirist\u00e4 tukea. painonpudotukseen Nukkumiseen luottamukseen Klikkaa t\u00e4st\u00e4 saadaksesi lis\u00e4tietoja ... Lue lis\u00e4\u00e4\" \/>\n<meta property=\"og:url\" content=\"https:\/\/etoxproject.eu\/fi\/tuote\/hypnozio-app\/\" \/>\n<meta property=\"og:site_name\" content=\"etoxproject.eu\" \/>\n<meta property=\"og:image\" content=\"https:\/\/etoxproject.eu\/wp-content\/uploads\/2025\/01\/hypnozio-app.jpg\" \/>\n\t<meta property=\"og:image:width\" content=\"800\" \/>\n\t<meta property=\"og:image:height\" content=\"694\" \/>\n\t<meta property=\"og:image:type\" content=\"image\/jpeg\" \/>\n<meta name=\"twitter:card\" content=\"summary_large_image\" \/>\n<meta name=\"twitter:label1\" content=\"Arvioitu lukuaika\" \/>\n\t<meta name=\"twitter:data1\" content=\"5 minuuttia\" \/>\n<script type=\"application\/ld+json\" class=\"yoast-schema-graph\">{\"@context\":\"https:\\\/\\\/schema.org\",\"@graph\":[{\"@type\":\"WebPage\",\"@id\":\"https:\\\/\\\/etoxproject.eu\\\/fi\\\/tuote\\\/hypnozio-app\\\/\",\"url\":\"https:\\\/\\\/etoxproject.eu\\\/fi\\\/tuote\\\/hypnozio-app\\\/\",\"name\":\"Hypnozio App kokemuksia \u2733\ufe0f 75% alennus hinnasta\",\"isPartOf\":{\"@id\":\"https:\\\/\\\/etoxproject.eu\\\/fi\\\/#website\"},\"primaryImageOfPage\":{\"@id\":\"https:\\\/\\\/etoxproject.eu\\\/fi\\\/tuote\\\/hypnozio-app\\\/#primaryimage\"},\"image\":{\"@id\":\"https:\\\/\\\/etoxproject.eu\\\/fi\\\/tuote\\\/hypnozio-app\\\/#primaryimage\"},\"thumbnailUrl\":\"https:\\\/\\\/etoxproject.eu\\\/wp-content\\\/uploads\\\/2025\\\/01\\\/hypnozio-app.jpg\",\"datePublished\":\"2025-01-06T11:31:35+00:00\",\"breadcrumb\":{\"@id\":\"https:\\\/\\\/etoxproject.eu\\\/fi\\\/tuote\\\/hypnozio-app\\\/#breadcrumb\"},\"inLanguage\":\"fi\",\"potentialAction\":[{\"@type\":\"ReadAction\",\"target\":[\"https:\\\/\\\/etoxproject.eu\\\/fi\\\/tuote\\\/hypnozio-app\\\/\"]}]},{\"@type\":\"ImageObject\",\"inLanguage\":\"fi\",\"@id\":\"https:\\\/\\\/etoxproject.eu\\\/fi\\\/tuote\\\/hypnozio-app\\\/#primaryimage\",\"url\":\"https:\\\/\\\/etoxproject.eu\\\/wp-content\\\/uploads\\\/2025\\\/01\\\/hypnozio-app.jpg\",\"contentUrl\":\"https:\\\/\\\/etoxproject.eu\\\/wp-content\\\/uploads\\\/2025\\\/01\\\/hypnozio-app.jpg\",\"width\":800,\"height\":694,\"caption\":\"hypnozio app\"},{\"@type\":\"BreadcrumbList\",\"@id\":\"https:\\\/\\\/etoxproject.eu\\\/fi\\\/tuote\\\/hypnozio-app\\\/#breadcrumb\",\"itemListElement\":[{\"@type\":\"ListItem\",\"position\":1,\"name\":\"Startseite\",\"item\":\"https:\\\/\\\/etoxproject.eu\\\/fi\\\/\"},{\"@type\":\"ListItem\",\"position\":2,\"name\":\"Shop\",\"item\":\"https:\\\/\\\/etoxproject.eu\\\/shop\\\/\"},{\"@type\":\"ListItem\",\"position\":3,\"name\":\"Hypnozio App\"}]},{\"@type\":\"WebSite\",\"@id\":\"https:\\\/\\\/etoxproject.eu\\\/fi\\\/#website\",\"url\":\"https:\\\/\\\/etoxproject.eu\\\/fi\\\/\",\"name\":\"etoxproject.eu\",\"description\":\"\",\"publisher\":{\"@id\":\"https:\\\/\\\/etoxproject.eu\\\/fi\\\/#organization\"},\"potentialAction\":[{\"@type\":\"SearchAction\",\"target\":{\"@type\":\"EntryPoint\",\"urlTemplate\":\"https:\\\/\\\/etoxproject.eu\\\/fi\\\/?s={search_term_string}\"},\"query-input\":{\"@type\":\"PropertyValueSpecification\",\"valueRequired\":true,\"valueName\":\"search_term_string\"}}],\"inLanguage\":\"fi\"},{\"@type\":\"Organization\",\"@id\":\"https:\\\/\\\/etoxproject.eu\\\/fi\\\/#organization\",\"name\":\"etoxproject.eu\",\"url\":\"https:\\\/\\\/etoxproject.eu\\\/fi\\\/\",\"logo\":{\"@type\":\"ImageObject\",\"inLanguage\":\"fi\",\"@id\":\"https:\\\/\\\/etoxproject.eu\\\/fi\\\/#\\\/schema\\\/logo\\\/image\\\/\",\"url\":\"https:\\\/\\\/etoxproject.eu\\\/wp-content\\\/uploads\\\/2024\\\/12\\\/etoxproject.png\",\"contentUrl\":\"https:\\\/\\\/etoxproject.eu\\\/wp-content\\\/uploads\\\/2024\\\/12\\\/etoxproject.png\",\"width\":315,\"height\":69,\"caption\":\"etoxproject.eu\"},\"image\":{\"@id\":\"https:\\\/\\\/etoxproject.eu\\\/fi\\\/#\\\/schema\\\/logo\\\/image\\\/\"}}]}<\/script>\n<!-- \/ Yoast SEO plugin. -->","yoast_head_json":{"title":"Hypnozio App kokemuksia \u2733\ufe0f 75% alennus hinnasta","robots":{"index":"index","follow":"follow","max-snippet":"max-snippet:-1","max-image-preview":"max-image-preview:large","max-video-preview":"max-video-preview:-1"},"canonical":"https:\/\/etoxproject.eu\/fi\/tuote\/hypnozio-app\/","og_locale":"fi_FI","og_type":"article","og_title":"Hypnozio App kokemuksia \u2733\ufe0f 75% alennus hinnasta","og_description":"Teknologian ja mielenterveyden risteyskohta on luonut mahdollisuuksia innovatiivisiin l\u00e4hestymistapoihin stressinhallinnassa, unen parantamisessa ja mindfulnessissa. Hypnozio on noussut esiin t\u00e4llaisten ty\u00f6kalujen joukossa sovelluksena, joka on suunniteltu helpottamaan hypnoosin, meditaation ja mindfulness-harjoitusten k\u00e4ytt\u00f6\u00e4. T\u00e4ss\u00e4 katsauksessa arvioidaan kriittisesti Hypnoziota tieteellisest\u00e4 n\u00e4k\u00f6kulmasta ja tarkastellaan sen ominaisuuksia, toimivuutta, teoreettista perustaa ja empiirist\u00e4 tukea. painonpudotukseen Nukkumiseen luottamukseen Klikkaa t\u00e4st\u00e4 saadaksesi lis\u00e4tietoja ... Lue lis\u00e4\u00e4","og_url":"https:\/\/etoxproject.eu\/fi\/tuote\/hypnozio-app\/","og_site_name":"etoxproject.eu","og_image":[{"width":800,"height":694,"url":"https:\/\/etoxproject.eu\/wp-content\/uploads\/2025\/01\/hypnozio-app.jpg","type":"image\/jpeg"}],"twitter_card":"summary_large_image","twitter_misc":{"Arvioitu lukuaika":"5 minuuttia"},"schema":{"@context":"https:\/\/schema.org","@graph":[{"@type":"WebPage","@id":"https:\/\/etoxproject.eu\/fi\/tuote\/hypnozio-app\/","url":"https:\/\/etoxproject.eu\/fi\/tuote\/hypnozio-app\/","name":"Hypnozio App kokemuksia \u2733\ufe0f 75% alennus hinnasta","isPartOf":{"@id":"https:\/\/etoxproject.eu\/fi\/#website"},"primaryImageOfPage":{"@id":"https:\/\/etoxproject.eu\/fi\/tuote\/hypnozio-app\/#primaryimage"},"image":{"@id":"https:\/\/etoxproject.eu\/fi\/tuote\/hypnozio-app\/#primaryimage"},"thumbnailUrl":"https:\/\/etoxproject.eu\/wp-content\/uploads\/2025\/01\/hypnozio-app.jpg","datePublished":"2025-01-06T11:31:35+00:00","breadcrumb":{"@id":"https:\/\/etoxproject.eu\/fi\/tuote\/hypnozio-app\/#breadcrumb"},"inLanguage":"fi","potentialAction":[{"@type":"ReadAction","target":["https:\/\/etoxproject.eu\/fi\/tuote\/hypnozio-app\/"]}]},{"@type":"ImageObject","inLanguage":"fi","@id":"https:\/\/etoxproject.eu\/fi\/tuote\/hypnozio-app\/#primaryimage","url":"https:\/\/etoxproject.eu\/wp-content\/uploads\/2025\/01\/hypnozio-app.jpg","contentUrl":"https:\/\/etoxproject.eu\/wp-content\/uploads\/2025\/01\/hypnozio-app.jpg","width":800,"height":694,"caption":"hypnozio app"},{"@type":"BreadcrumbList","@id":"https:\/\/etoxproject.eu\/fi\/tuote\/hypnozio-app\/#breadcrumb","itemListElement":[{"@type":"ListItem","position":1,"name":"Startseite","item":"https:\/\/etoxproject.eu\/fi\/"},{"@type":"ListItem","position":2,"name":"Shop","item":"https:\/\/etoxproject.eu\/shop\/"},{"@type":"ListItem","position":3,"name":"Hypnozio App"}]},{"@type":"WebSite","@id":"https:\/\/etoxproject.eu\/fi\/#website","url":"https:\/\/etoxproject.eu\/fi\/","name":"etoxproject.eu","description":"","publisher":{"@id":"https:\/\/etoxproject.eu\/fi\/#organization"},"potentialAction":[{"@type":"SearchAction","target":{"@type":"EntryPoint","urlTemplate":"https:\/\/etoxproject.eu\/fi\/?s={search_term_string}"},"query-input":{"@type":"PropertyValueSpecification","valueRequired":true,"valueName":"search_term_string"}}],"inLanguage":"fi"},{"@type":"Organization","@id":"https:\/\/etoxproject.eu\/fi\/#organization","name":"etoxproject.eu","url":"https:\/\/etoxproject.eu\/fi\/","logo":{"@type":"ImageObject","inLanguage":"fi","@id":"https:\/\/etoxproject.eu\/fi\/#\/schema\/logo\/image\/","url":"https:\/\/etoxproject.eu\/wp-content\/uploads\/2024\/12\/etoxproject.png","contentUrl":"https:\/\/etoxproject.eu\/wp-content\/uploads\/2024\/12\/etoxproject.png","width":315,"height":69,"caption":"etoxproject.eu"},"image":{"@id":"https:\/\/etoxproject.eu\/fi\/#\/schema\/logo\/image\/"}}]}},"_links":{"self":[{"href":"https:\/\/etoxproject.eu\/fi\/wp-json\/wp\/v2\/product\/2017","targetHints":{"allow":["GET"]}}],"collection":[{"href":"https:\/\/etoxproject.eu\/fi\/wp-json\/wp\/v2\/product"}],"about":[{"href":"https:\/\/etoxproject.eu\/fi\/wp-json\/wp\/v2\/types\/product"}],"replies":[{"embeddable":true,"href":"https:\/\/etoxproject.eu\/fi\/wp-json\/wp\/v2\/comments?post=2017"}],"wp:featuredmedia":[{"embeddable":true,"href":"https:\/\/etoxproject.eu\/fi\/wp-json\/wp\/v2\/media\/1931"}],"wp:attachment":[{"href":"https:\/\/etoxproject.eu\/fi\/wp-json\/wp\/v2\/media?parent=2017"}],"wp:term":[{"taxonomy":"product_brand","embeddable":true,"href":"https:\/\/etoxproject.eu\/fi\/wp-json\/wp\/v2\/product_brand?post=2017"},{"taxonomy":"product_cat","embeddable":true,"href":"https:\/\/etoxproject.eu\/fi\/wp-json\/wp\/v2\/product_cat?post=2017"},{"taxonomy":"product_tag","embeddable":true,"href":"https:\/\/etoxproject.eu\/fi\/wp-json\/wp\/v2\/product_tag?post=2017"}],"curies":[{"name":"wp","href":"https:\/\/api.w.org\/{rel}","templated":true}]}}