{"id":2061,"date":"2025-01-05T15:53:36","date_gmt":"2025-01-12T12:28:00","guid":{"rendered":"https:\/\/etoxproject.eu\/?post_type=product&#038;p=2061"},"modified":"2025-01-12T13:28:00","modified_gmt":"2025-01-12T12:28:00","slug":"happyo-app","status":"publish","type":"product","link":"https:\/\/etoxproject.eu\/fi\/tuote\/happyo-app\/","title":{"rendered":"Happyo App"},"content":{"rendered":"<p>Happyo Hypnotherapy App on digitaalinen alusta, joka on suunniteltu auttamaan k\u00e4ytt\u00e4ji\u00e4 hy\u00f6dynt\u00e4m\u00e4\u00e4n hypnoterapian voimaa henkil\u00f6kohtaisessa kasvussa, ADHD:n ehk\u00e4isyss\u00e4, henkisess\u00e4 hyvinvoinnissa ja stressin v\u00e4hent\u00e4misess\u00e4. T\u00e4m\u00e4nkaltaiset hypnoterapiasovellukset kasvattavat suosiotaan erityisesti niiden henkil\u00f6iden keskuudessa, jotka etsiv\u00e4t k\u00e4tev\u00e4\u00e4, ei-invasiivista tapaa parantaa mielenterveytt\u00e4\u00e4n. Tutustuttuamme perusteellisesti Happyoon, t\u00e4ss\u00e4 on yksityiskohtainen katsaus sen ominaisuuksiin, tehokkuuteen, helppok\u00e4ytt\u00f6isyyteen ja kokonaisarvoon.<\/p>\n<h2><strong>Happyo-sovelluksen kokemus ja arvostelu<br \/>\n<\/strong><\/h2>\n<ol>\n<li><strong>Laaja istuntokirjasto<\/strong><br \/>\nHappyo tarjoaa erilaisia hypnoterapiaistuntoja, jotka on r\u00e4\u00e4t\u00e4l\u00f6ity tiettyihin huolenaiheisiin, kuten ahdistukseen, stressiin, painonhallintaan, unettomuuteen ja itseluottamuksen rakentamiseen. Istunnot vaihtelevat pituudeltaan, lyhyit\u00e4 5-10 minuutin \u201dbooster\u201d-jaksoja ja pidempi\u00e4, intensiivisempi\u00e4 istuntoja, jotka kest\u00e4v\u00e4t jopa tunnin.<\/li>\n<li><strong>Henkil\u00f6kohtaiset suositukset<\/strong><br \/>\nRekister\u00f6itymisen yhteydess\u00e4 k\u00e4ytt\u00e4ji\u00e4 pyydet\u00e4\u00e4n vastaamaan kysymyksiin heid\u00e4n tavoitteistaan, haasteistaan ja mieltymyksist\u00e4\u00e4n. N\u00e4it\u00e4 tietoja k\u00e4ytet\u00e4\u00e4n r\u00e4\u00e4t\u00e4l\u00f6ityjen suositusten antamiseen, jolloin sovellus tuntuu henkil\u00f6kohtaisemmalta.<\/li>\n<li><strong>P\u00e4iv\u00e4iset muistutukset ja edistymisen seuranta<\/strong><br \/>\nIntegroitu muistutusj\u00e4rjestelm\u00e4 varmistaa johdonmukaisuuden, mik\u00e4 on ratkaisevan t\u00e4rke\u00e4\u00e4 hypnoterapian tehokkuuden kannalta. K\u00e4ytt\u00e4j\u00e4t voivat seurata edistymist\u00e4\u00e4n ajan mittaan visuaalisten mittareiden avulla, jotka osoittavat istuntojen tiheyden ja loppuunsaattamisprosentin.<\/li>\n<li><strong>Offline-tila<\/strong><br \/>\nHappyo tarjoaa mahdollisuuden ladata istuntoja offline-k\u00e4ytt\u00f6\u00e4 varten. T\u00e4m\u00e4 on erityisen hy\u00f6dyllist\u00e4 k\u00e4ytt\u00e4jille, joilla ei ole aina internet-yhteytt\u00e4, mutta jotka haluavat s\u00e4ilytt\u00e4\u00e4 rutiininsa.<\/li>\n<li><strong>Lauhallinen k\u00e4ytt\u00f6liittym\u00e4 ja muotoilu<\/strong>.<br \/>\nSovelluksen ulkoasu on tyylik\u00e4s ja minimalistinen, ja siin\u00e4 on rauhoittavat v\u00e4rit ja helppo navigointi. Istuntojen \u00e4\u00e4nenlaatu on erinomainen, ja ammattitaitoiset kertojat opastavat k\u00e4ytt\u00e4ji\u00e4 prosessin l\u00e4pi rauhallisella, rauhoittavalla \u00e4\u00e4nell\u00e4.<\/li>\n<\/ol>\n<h2><strong>Tehokkuus (Happyo-sovelluksen arvostelu ja arvosanat)<br \/>\n<\/strong><\/h2>\n<p>Monet k\u00e4ytt\u00e4j\u00e4t raportoivat havaittavista parannuksista mielenterveyteens\u00e4 sovelluksen s\u00e4\u00e4nn\u00f6llisen k\u00e4yt\u00f6n j\u00e4lkeen. Seuraavassa on joitakin keskeisi\u00e4 havaintoja:<\/p>\n<ol>\n<li><strong>Stressin v\u00e4hent\u00e4minen ja rentoutuminen<\/strong>.<br \/>\nStressin v\u00e4hent\u00e4miseen tarkoitetut ohjatut hypnoterapiaistunnot ovat eritt\u00e4in tehokkaita. K\u00e4sikirjoitukset on laadittu huolellisesti edist\u00e4m\u00e4\u00e4n rentoutumista ja tietoisuutta, mink\u00e4 monet k\u00e4ytt\u00e4j\u00e4t kokevat hy\u00f6dylliseksi rentoutumisessa pitk\u00e4n p\u00e4iv\u00e4n j\u00e4lkeen.<\/li>\n<li><strong>parempi uni<\/strong><br \/>\nUneen liittyv\u00e4t kappaleet ovat saaneet erityisen hyv\u00e4n vastaanoton. K\u00e4ytt\u00e4j\u00e4t korostavat usein my\u00f6nteist\u00e4 vaikutusta siihen, ett\u00e4 he nukahtavat nopeammin ja nauttivat levollisemmista \u00f6ist\u00e4.<\/li>\n<li><strong>K\u00e4ytt\u00e4ytymisen muutos<\/strong><br \/>\nItseluottamuksen lis\u00e4\u00e4miseen ja negatiivisten tapojen (kuten tupakoinnin tai ylensy\u00f6nnin) lopettamiseen t\u00e4ht\u00e4\u00e4v\u00e4t istunnot ovat lupaavia. Niiden tehokkuus riippuu kuitenkin yksil\u00f6llisest\u00e4 sitoutumisesta ja tavoitteen luonteesta.<\/li>\n<li><strong>Lyhyen aikav\u00e4lin vs. pitk\u00e4n aikav\u00e4lin hy\u00f6dyt<\/strong><br \/>\nVaikka sovellus tarjoaa v\u00e4lit\u00f6nt\u00e4 rentoutumista, pitk\u00e4n aikav\u00e4lin tulosten saavuttaminen (esim. syv\u00e4\u00e4n juurtuneen ahdistuksen voittaminen) edellytt\u00e4\u00e4 s\u00e4\u00e4nn\u00f6llist\u00e4 k\u00e4ytt\u00f6\u00e4 ja mahdollisesti t\u00e4ydent\u00e4v\u00e4\u00e4 ammattimaista terapiaa.&lt;\/li<\/li>\n<\/ol>\n<h2><strong>Happyo ADHD -sovelluksen k\u00e4ytt\u00e4j\u00e4yst\u00e4v\u00e4llisyys<\/strong><\/h2>\n<ol>\n<li><strong>Helppo k\u00e4ytt\u00e4\u00e4<\/strong><br \/>\nSovellus on intuitiivinen ja k\u00e4ytt\u00e4j\u00e4yst\u00e4v\u00e4llinen, jopa ihmisille, jotka eiv\u00e4t ole tekniikkaan perehtyneit\u00e4. K\u00e4ytt\u00f6\u00f6nottoprosessi on sujuva, ja henkil\u00f6kohtaiset suositukset s\u00e4\u00e4st\u00e4v\u00e4t aikaa k\u00e4ytt\u00e4jilt\u00e4, jotka muuten hukkuisivat istuntokirjastoon.<\/li>\n<li><strong>Yhteensopivuus<\/strong><br \/>\nHappyo on yhteensopiva sek\u00e4 iOS- ett\u00e4 Android-laitteiden kanssa, ja se integroituu hyvin Apple Watchin kaltaisten puettavien laitteiden kanssa muistutuksia ja seurantaa varten.<\/li>\n<li><strong>Hinnoittelu<\/strong><br \/>\nHappyo tarjoaa ilmaisen kokeilujakson, joka antaa k\u00e4ytt\u00e4jille p\u00e4\u00e4syn rajoitettuun m\u00e4\u00e4r\u00e4\u00e4n istuntoja. Premium-tilaus on kohtuuhintainen verrattuna vastaaviin sovelluksiin, mutta joidenkin k\u00e4ytt\u00e4jien mielest\u00e4 hinta voi olla korkea, jos he k\u00e4ytt\u00e4v\u00e4t sovellusta vain satunnaisesti.&lt;\/li<\/li>\n<\/ol>\n<h2><strong>Hy\u00f6tyj\u00e4<\/strong><\/h2>\n<ul>\n<li>Laaja istuntokirjasto eri mielenterveysaiheista<\/li>\n<li>Laadukas kerronta ja \u00e4\u00e4nimaisemat.<\/li>\n<li>Offline-tila joustavuutta varten<\/li>\n<li>Henkil\u00f6kohtaiset suositukset kohdennettuja tuloksia varten.<\/li>\n<li>Vakuuttava, helppok\u00e4ytt\u00f6inen k\u00e4ytt\u00f6liittym\u00e4.<\/li>\n<\/ul>\n<h2><strong>Haitat<\/strong><\/h2>\n<ul>\n<li>Tulokset voivat vaihdella sen mukaan, miten yksil\u00f6 reagoi hypnoterapiaan<\/li>\n<li>Pitk\u00e4aikaisten hy\u00f6tyjen saamiseksi tarvitaan s\u00e4\u00e4nn\u00f6llist\u00e4 k\u00e4ytt\u00f6\u00e4<\/li>\n<li>Tilauskustannukset voivat olla esteen\u00e4 joillekin k\u00e4ytt\u00e4jille<\/li>\n<li>Vuorovaikutteisuuden rajallisuus &#8211; ei sis\u00e4ll\u00e4 ominaisuuksia, kuten live-istuntoja tai k\u00e4ytt\u00e4j\u00e4foorumeita.<\/li>\n<\/ul>\n<h2><strong>Ket\u00e4 varten<\/strong><\/h2>\n<p>Happyo sopii ihmisille, jotka etsiv\u00e4t helppok\u00e4ytt\u00f6ist\u00e4 ja edullista johdatusta hypnoterapiaan. Sovellus sopii erityisesti kiireisille ammattilaisille, opiskelijoille tai kaikille, jotka etsiv\u00e4t helppoa tapaa hallita stressi\u00e4 ja parantaa henkist\u00e4 selkeytt\u00e4. Vakavasta mielenterveysongelmasta tai traumasta k\u00e4rsiv\u00e4t saattavat kuitenkin hy\u00f6ty\u00e4 enemm\u00e4n ty\u00f6skentelyst\u00e4 kahdenkeskisesti sertifioidun terapeutin kanssa.<\/p>\n<h2><strong>Johtop\u00e4\u00e4t\u00f6s ja arviointi<br \/>\n<\/strong><\/h2>\n<p>Happyo Hypnotherapy -sovellus on monipuolinen ja harkittu ty\u00f6kalu itsens\u00e4 kehitt\u00e4miseen ja henkiseen hyvinvointiin. Keskittyminen helposti saatavilla oleviin hypnoterapiaistuntoihin tekee siit\u00e4 loistavan valinnan aloittelijoille ja satunnaisille k\u00e4ytt\u00e4jille. Vaikka se ei voi korvata perinteist\u00e4 terapiaa monimutkaisissa asioissa, se on arvokas lis\u00e4 muihin hyvinvointik\u00e4yt\u00e4nt\u00f6ihin. Jos etsit k\u00e4tev\u00e4\u00e4 tapaa v\u00e4hent\u00e4\u00e4 stressi\u00e4, parantaa unta tai lis\u00e4t\u00e4 itseluottamusta, Happyo on kokeilemisen arvoinen.<\/p>\n","protected":false},"excerpt":{"rendered":"<p>Happyo Hypnotherapy App on digitaalinen alusta, joka on suunniteltu auttamaan k\u00e4ytt\u00e4ji\u00e4 hy\u00f6dynt\u00e4m\u00e4\u00e4n hypnoterapian voimaa henkil\u00f6kohtaisessa kasvussa, ADHD:n ehk\u00e4isyss\u00e4, henkisess\u00e4 hyvinvoinnissa ja stressin v\u00e4hent\u00e4misess\u00e4. T\u00e4m\u00e4nkaltaiset hypnoterapiasovellukset kasvattavat suosiotaan erityisesti niiden henkil\u00f6iden keskuudessa, jotka etsiv\u00e4t k\u00e4tev\u00e4\u00e4, ei-invasiivista tapaa parantaa mielenterveytt\u00e4\u00e4n. Tutustuttuamme perusteellisesti Happyoon, t\u00e4ss\u00e4 on yksityiskohtainen katsaus sen ominaisuuksiin, tehokkuuteen, helppok\u00e4ytt\u00f6isyyteen ja kokonaisarvoon. Happyo-sovelluksen kokemus ja arvostelu &#8230; <a title=\"Happyo App\" class=\"read-more\" href=\"https:\/\/etoxproject.eu\/fi\/tuote\/happyo-app\/\" aria-label=\"Lis\u00e4\u00e4 Happyo App\">Lue lis\u00e4\u00e4<\/a><\/p>\n","protected":false},"featured_media":1954,"comment_status":"open","ping_status":"closed","template":"","meta":[],"product_brand":[],"product_cat":[],"product_tag":[],"class_list":{"0":"post-2061","1":"product","2":"type-product","3":"status-publish","4":"has-post-thumbnail","7":"first","8":"instock","9":"shipping-taxable","10":"product-type-external"},"yoast_head":"<!-- This site is optimized with the Yoast SEO plugin v27.4 - https:\/\/yoast.com\/product\/yoast-seo-wordpress\/ -->\n<title>Happyo App \ud83d\uddd2\ufe0f Kokemuksia (Suomi) - 75% alennettu hinta<\/title>\n<meta name=\"robots\" content=\"index, follow, max-snippet:-1, max-image-preview:large, max-video-preview:-1\" \/>\n<link rel=\"canonical\" href=\"https:\/\/etoxproject.eu\/fi\/tuote\/happyo-app\/\" \/>\n<meta property=\"og:locale\" content=\"fi_FI\" \/>\n<meta property=\"og:type\" content=\"article\" \/>\n<meta property=\"og:title\" content=\"Happyo App \ud83d\uddd2\ufe0f Kokemuksia (Suomi) - 75% alennettu hinta\" \/>\n<meta property=\"og:description\" content=\"Happyo Hypnotherapy App on digitaalinen alusta, joka on suunniteltu auttamaan k\u00e4ytt\u00e4ji\u00e4 hy\u00f6dynt\u00e4m\u00e4\u00e4n hypnoterapian voimaa henkil\u00f6kohtaisessa kasvussa, ADHD:n ehk\u00e4isyss\u00e4, henkisess\u00e4 hyvinvoinnissa ja stressin v\u00e4hent\u00e4misess\u00e4. T\u00e4m\u00e4nkaltaiset hypnoterapiasovellukset kasvattavat suosiotaan erityisesti niiden henkil\u00f6iden keskuudessa, jotka etsiv\u00e4t k\u00e4tev\u00e4\u00e4, ei-invasiivista tapaa parantaa mielenterveytt\u00e4\u00e4n. Tutustuttuamme perusteellisesti Happyoon, t\u00e4ss\u00e4 on yksityiskohtainen katsaus sen ominaisuuksiin, tehokkuuteen, helppok\u00e4ytt\u00f6isyyteen ja kokonaisarvoon. Happyo-sovelluksen kokemus ja arvostelu ... Lue lis\u00e4\u00e4\" \/>\n<meta property=\"og:url\" content=\"https:\/\/etoxproject.eu\/fi\/tuote\/happyo-app\/\" \/>\n<meta property=\"og:site_name\" content=\"etoxproject.eu\" \/>\n<meta property=\"og:image\" content=\"https:\/\/etoxproject.eu\/wp-content\/uploads\/2025\/01\/happyo-app.jpg\" \/>\n\t<meta property=\"og:image:width\" content=\"777\" \/>\n\t<meta property=\"og:image:height\" content=\"777\" \/>\n\t<meta property=\"og:image:type\" content=\"image\/jpeg\" \/>\n<meta name=\"twitter:card\" content=\"summary_large_image\" \/>\n<meta name=\"twitter:label1\" content=\"Arvioitu lukuaika\" \/>\n\t<meta name=\"twitter:data1\" content=\"4 minuuttia\" \/>\n<script type=\"application\/ld+json\" class=\"yoast-schema-graph\">{\"@context\":\"https:\\\/\\\/schema.org\",\"@graph\":[{\"@type\":\"WebPage\",\"@id\":\"https:\\\/\\\/etoxproject.eu\\\/fi\\\/tuote\\\/happyo-app\\\/\",\"url\":\"https:\\\/\\\/etoxproject.eu\\\/fi\\\/tuote\\\/happyo-app\\\/\",\"name\":\"Happyo App \ud83d\uddd2\ufe0f Kokemuksia (Suomi) - 75% alennettu hinta\",\"isPartOf\":{\"@id\":\"https:\\\/\\\/etoxproject.eu\\\/fi\\\/#website\"},\"primaryImageOfPage\":{\"@id\":\"https:\\\/\\\/etoxproject.eu\\\/fi\\\/tuote\\\/happyo-app\\\/#primaryimage\"},\"image\":{\"@id\":\"https:\\\/\\\/etoxproject.eu\\\/fi\\\/tuote\\\/happyo-app\\\/#primaryimage\"},\"thumbnailUrl\":\"https:\\\/\\\/etoxproject.eu\\\/wp-content\\\/uploads\\\/2025\\\/01\\\/happyo-app.jpg\",\"datePublished\":\"2025-01-12T12:28:00+00:00\",\"breadcrumb\":{\"@id\":\"https:\\\/\\\/etoxproject.eu\\\/fi\\\/tuote\\\/happyo-app\\\/#breadcrumb\"},\"inLanguage\":\"fi\",\"potentialAction\":[{\"@type\":\"ReadAction\",\"target\":[\"https:\\\/\\\/etoxproject.eu\\\/fi\\\/tuote\\\/happyo-app\\\/\"]}]},{\"@type\":\"ImageObject\",\"inLanguage\":\"fi\",\"@id\":\"https:\\\/\\\/etoxproject.eu\\\/fi\\\/tuote\\\/happyo-app\\\/#primaryimage\",\"url\":\"https:\\\/\\\/etoxproject.eu\\\/wp-content\\\/uploads\\\/2025\\\/01\\\/happyo-app.jpg\",\"contentUrl\":\"https:\\\/\\\/etoxproject.eu\\\/wp-content\\\/uploads\\\/2025\\\/01\\\/happyo-app.jpg\",\"width\":777,\"height\":777,\"caption\":\"happyo app\"},{\"@type\":\"BreadcrumbList\",\"@id\":\"https:\\\/\\\/etoxproject.eu\\\/fi\\\/tuote\\\/happyo-app\\\/#breadcrumb\",\"itemListElement\":[{\"@type\":\"ListItem\",\"position\":1,\"name\":\"Startseite\",\"item\":\"https:\\\/\\\/etoxproject.eu\\\/fi\\\/\"},{\"@type\":\"ListItem\",\"position\":2,\"name\":\"Shop\",\"item\":\"https:\\\/\\\/etoxproject.eu\\\/shop\\\/\"},{\"@type\":\"ListItem\",\"position\":3,\"name\":\"Happyo App\"}]},{\"@type\":\"WebSite\",\"@id\":\"https:\\\/\\\/etoxproject.eu\\\/fi\\\/#website\",\"url\":\"https:\\\/\\\/etoxproject.eu\\\/fi\\\/\",\"name\":\"etoxproject.eu\",\"description\":\"\",\"publisher\":{\"@id\":\"https:\\\/\\\/etoxproject.eu\\\/fi\\\/#organization\"},\"potentialAction\":[{\"@type\":\"SearchAction\",\"target\":{\"@type\":\"EntryPoint\",\"urlTemplate\":\"https:\\\/\\\/etoxproject.eu\\\/fi\\\/?s={search_term_string}\"},\"query-input\":{\"@type\":\"PropertyValueSpecification\",\"valueRequired\":true,\"valueName\":\"search_term_string\"}}],\"inLanguage\":\"fi\"},{\"@type\":\"Organization\",\"@id\":\"https:\\\/\\\/etoxproject.eu\\\/fi\\\/#organization\",\"name\":\"etoxproject.eu\",\"url\":\"https:\\\/\\\/etoxproject.eu\\\/fi\\\/\",\"logo\":{\"@type\":\"ImageObject\",\"inLanguage\":\"fi\",\"@id\":\"https:\\\/\\\/etoxproject.eu\\\/fi\\\/#\\\/schema\\\/logo\\\/image\\\/\",\"url\":\"https:\\\/\\\/etoxproject.eu\\\/wp-content\\\/uploads\\\/2024\\\/12\\\/etoxproject.png\",\"contentUrl\":\"https:\\\/\\\/etoxproject.eu\\\/wp-content\\\/uploads\\\/2024\\\/12\\\/etoxproject.png\",\"width\":315,\"height\":69,\"caption\":\"etoxproject.eu\"},\"image\":{\"@id\":\"https:\\\/\\\/etoxproject.eu\\\/fi\\\/#\\\/schema\\\/logo\\\/image\\\/\"}}]}<\/script>\n<!-- \/ Yoast SEO plugin. -->","yoast_head_json":{"title":"Happyo App \ud83d\uddd2\ufe0f Kokemuksia (Suomi) - 75% alennettu hinta","robots":{"index":"index","follow":"follow","max-snippet":"max-snippet:-1","max-image-preview":"max-image-preview:large","max-video-preview":"max-video-preview:-1"},"canonical":"https:\/\/etoxproject.eu\/fi\/tuote\/happyo-app\/","og_locale":"fi_FI","og_type":"article","og_title":"Happyo App \ud83d\uddd2\ufe0f Kokemuksia (Suomi) - 75% alennettu hinta","og_description":"Happyo Hypnotherapy App on digitaalinen alusta, joka on suunniteltu auttamaan k\u00e4ytt\u00e4ji\u00e4 hy\u00f6dynt\u00e4m\u00e4\u00e4n hypnoterapian voimaa henkil\u00f6kohtaisessa kasvussa, ADHD:n ehk\u00e4isyss\u00e4, henkisess\u00e4 hyvinvoinnissa ja stressin v\u00e4hent\u00e4misess\u00e4. T\u00e4m\u00e4nkaltaiset hypnoterapiasovellukset kasvattavat suosiotaan erityisesti niiden henkil\u00f6iden keskuudessa, jotka etsiv\u00e4t k\u00e4tev\u00e4\u00e4, ei-invasiivista tapaa parantaa mielenterveytt\u00e4\u00e4n. Tutustuttuamme perusteellisesti Happyoon, t\u00e4ss\u00e4 on yksityiskohtainen katsaus sen ominaisuuksiin, tehokkuuteen, helppok\u00e4ytt\u00f6isyyteen ja kokonaisarvoon. Happyo-sovelluksen kokemus ja arvostelu ... Lue lis\u00e4\u00e4","og_url":"https:\/\/etoxproject.eu\/fi\/tuote\/happyo-app\/","og_site_name":"etoxproject.eu","og_image":[{"width":777,"height":777,"url":"https:\/\/etoxproject.eu\/wp-content\/uploads\/2025\/01\/happyo-app.jpg","type":"image\/jpeg"}],"twitter_card":"summary_large_image","twitter_misc":{"Arvioitu lukuaika":"4 minuuttia"},"schema":{"@context":"https:\/\/schema.org","@graph":[{"@type":"WebPage","@id":"https:\/\/etoxproject.eu\/fi\/tuote\/happyo-app\/","url":"https:\/\/etoxproject.eu\/fi\/tuote\/happyo-app\/","name":"Happyo App \ud83d\uddd2\ufe0f Kokemuksia (Suomi) - 75% alennettu hinta","isPartOf":{"@id":"https:\/\/etoxproject.eu\/fi\/#website"},"primaryImageOfPage":{"@id":"https:\/\/etoxproject.eu\/fi\/tuote\/happyo-app\/#primaryimage"},"image":{"@id":"https:\/\/etoxproject.eu\/fi\/tuote\/happyo-app\/#primaryimage"},"thumbnailUrl":"https:\/\/etoxproject.eu\/wp-content\/uploads\/2025\/01\/happyo-app.jpg","datePublished":"2025-01-12T12:28:00+00:00","breadcrumb":{"@id":"https:\/\/etoxproject.eu\/fi\/tuote\/happyo-app\/#breadcrumb"},"inLanguage":"fi","potentialAction":[{"@type":"ReadAction","target":["https:\/\/etoxproject.eu\/fi\/tuote\/happyo-app\/"]}]},{"@type":"ImageObject","inLanguage":"fi","@id":"https:\/\/etoxproject.eu\/fi\/tuote\/happyo-app\/#primaryimage","url":"https:\/\/etoxproject.eu\/wp-content\/uploads\/2025\/01\/happyo-app.jpg","contentUrl":"https:\/\/etoxproject.eu\/wp-content\/uploads\/2025\/01\/happyo-app.jpg","width":777,"height":777,"caption":"happyo app"},{"@type":"BreadcrumbList","@id":"https:\/\/etoxproject.eu\/fi\/tuote\/happyo-app\/#breadcrumb","itemListElement":[{"@type":"ListItem","position":1,"name":"Startseite","item":"https:\/\/etoxproject.eu\/fi\/"},{"@type":"ListItem","position":2,"name":"Shop","item":"https:\/\/etoxproject.eu\/shop\/"},{"@type":"ListItem","position":3,"name":"Happyo App"}]},{"@type":"WebSite","@id":"https:\/\/etoxproject.eu\/fi\/#website","url":"https:\/\/etoxproject.eu\/fi\/","name":"etoxproject.eu","description":"","publisher":{"@id":"https:\/\/etoxproject.eu\/fi\/#organization"},"potentialAction":[{"@type":"SearchAction","target":{"@type":"EntryPoint","urlTemplate":"https:\/\/etoxproject.eu\/fi\/?s={search_term_string}"},"query-input":{"@type":"PropertyValueSpecification","valueRequired":true,"valueName":"search_term_string"}}],"inLanguage":"fi"},{"@type":"Organization","@id":"https:\/\/etoxproject.eu\/fi\/#organization","name":"etoxproject.eu","url":"https:\/\/etoxproject.eu\/fi\/","logo":{"@type":"ImageObject","inLanguage":"fi","@id":"https:\/\/etoxproject.eu\/fi\/#\/schema\/logo\/image\/","url":"https:\/\/etoxproject.eu\/wp-content\/uploads\/2024\/12\/etoxproject.png","contentUrl":"https:\/\/etoxproject.eu\/wp-content\/uploads\/2024\/12\/etoxproject.png","width":315,"height":69,"caption":"etoxproject.eu"},"image":{"@id":"https:\/\/etoxproject.eu\/fi\/#\/schema\/logo\/image\/"}}]}},"_links":{"self":[{"href":"https:\/\/etoxproject.eu\/fi\/wp-json\/wp\/v2\/product\/2061","targetHints":{"allow":["GET"]}}],"collection":[{"href":"https:\/\/etoxproject.eu\/fi\/wp-json\/wp\/v2\/product"}],"about":[{"href":"https:\/\/etoxproject.eu\/fi\/wp-json\/wp\/v2\/types\/product"}],"replies":[{"embeddable":true,"href":"https:\/\/etoxproject.eu\/fi\/wp-json\/wp\/v2\/comments?post=2061"}],"wp:featuredmedia":[{"embeddable":true,"href":"https:\/\/etoxproject.eu\/fi\/wp-json\/wp\/v2\/media\/1954"}],"wp:attachment":[{"href":"https:\/\/etoxproject.eu\/fi\/wp-json\/wp\/v2\/media?parent=2061"}],"wp:term":[{"taxonomy":"product_brand","embeddable":true,"href":"https:\/\/etoxproject.eu\/fi\/wp-json\/wp\/v2\/product_brand?post=2061"},{"taxonomy":"product_cat","embeddable":true,"href":"https:\/\/etoxproject.eu\/fi\/wp-json\/wp\/v2\/product_cat?post=2061"},{"taxonomy":"product_tag","embeddable":true,"href":"https:\/\/etoxproject.eu\/fi\/wp-json\/wp\/v2\/product_tag?post=2061"}],"curies":[{"name":"wp","href":"https:\/\/api.w.org\/{rel}","templated":true}]}}