{"id":2280,"date":"2024-12-25T11:42:03","date_gmt":"2025-01-28T08:56:51","guid":{"rendered":"https:\/\/etoxproject.eu\/?post_type=product&#038;p=2280"},"modified":"2025-01-28T09:56:51","modified_gmt":"2025-01-28T08:56:51","slug":"lumilean","status":"publish","type":"product","link":"https:\/\/etoxproject.eu\/fi\/tuote\/lumilean\/","title":{"rendered":"LumiLean"},"content":{"rendered":"<p><strong>Review: LumiLean &#8211; Kattava katsaus tehokkaaseen laihtuminen t\u00e4ydent\u00e4\u00e4<\/strong><\/p>\n<p>Nykymaailmassa, jossa terveellinen el\u00e4m\u00e4ntapa ja kuntoilu ovat keski\u00f6ss\u00e4, tehokkaiden ravintolisien kysynt\u00e4 on kasvanut. LumiLean, tuote, joka on erityisesti suunniteltu tukahduttamaan mielihaluja ja edist\u00e4m\u00e4\u00e4n aktiivista el\u00e4m\u00e4ntapaa, on her\u00e4tt\u00e4nyt paljon huomiota t\u00e4ll\u00e4 alalla. T\u00e4ss\u00e4 arvostelussa LumiLean tutkitaan yksityiskohtaisesti sen arvioimiseksi, onko se todella sit\u00e4, mit\u00e4 se lupaa. T\u00e4m\u00e4 raportti on syv\u00e4llinen ja kattava, ja siin\u00e4 yhdistyv\u00e4t henkil\u00f6kohtaiset kokemukset, tieteellinen analyysi ja kuluttajien palaute.<\/p>\n<h2><strong>LumiLean-kapselien kokemukset ja testi<br \/>\n<\/strong><\/h2>\n<p>LumiLean-tabletit ovat ravintolis\u00e4, joka on suunniteltu tukemaan ihmisi\u00e4, jotka haluavat tehokkaasti hallita painoaan. Se erottuu muista tuotteista k\u00e4ytt\u00e4m\u00e4ll\u00e4 luonnollisia ainesosia ja tieteeseen perustuvaa l\u00e4hestymistapaa. Valmistajan mukaan LumiLean auttaa s\u00e4\u00e4telem\u00e4\u00e4n verensokeria, lis\u00e4\u00e4m\u00e4\u00e4n aineenvaihduntaa ja parantamaan yleist\u00e4 hyvinvointia. T\u00e4m\u00e4 saavutetaan ainutlaatuisella vitamiinien, kivenn\u00e4isaineiden ja kasviuutteiden sekoituksella.<\/p>\n<h2><strong>Ainesosat yksityiskohtaisesti<\/strong><\/h2>\n<p>Yksi LumiLean-kapselien vahvuuksista on sen huolellisesti valitut ainesosat, jotka on kehitetty tieteellisin perustein. T\u00e4ss\u00e4 on tarkempi katsaus koostumukseen ja sen vaikutuksiin:<\/p>\n<table>\n<thead>\n<tr>\n<th><strong>Ainesosat<\/strong><\/th>\n<th><strong>Vaikutus<\/strong><\/th>\n<\/tr>\n<\/thead>\n<tbody>\n<tr>\n<td><strong>Berberiini<\/strong><\/td>\n<td>Tunnettu sen vaikutuksesta aineenvaihduntaan, auttaa polttamaan rasvaa ja v\u00e4hent\u00e4\u00e4 rasvan varastointia<\/td>\n<\/tr>\n<tr>\n<td><strong>Kaneli<\/strong><\/td>\n<td>Vakauttaa verensokeritasoja, v\u00e4hent\u00e4\u00e4 mielihaluja ja tukee aineenvaihduntaa<\/td>\n<\/tr>\n<tr>\n<td><strong>Sarviapila<\/strong><\/td>\n<td>Edist\u00e4\u00e4 kyll\u00e4isyyden tunnetta ja parantaa rasvanpolttoa<\/td>\n<\/tr>\n<tr>\n<td><strong>D3-vitamiini<\/strong><\/td>\n<td>Valmistaa immuunij\u00e4rjestelm\u00e4n normaalia toimintaa ja aineenvaihdunnan s\u00e4\u00e4tely\u00e4&lt;\/td<\/td>\n<\/tr>\n<tr>\n<td><strong>Vitamiini B7 (biotiini)<\/strong><\/td>\n<td>T\u00e4rke\u00e4 energia-aineenvaihdunnalle ja makroravintoaineiden prosessoinnille<\/td>\n<\/tr>\n<tr>\n<td><strong>Kromi<\/strong><\/td>\n<td>V\u00e4hent\u00e4\u00e4 mielihaluja ja s\u00e4\u00e4telee verensokeria<\/td>\n<\/tr>\n<tr>\n<td><strong>Punainen hiivariisiuute<\/strong><\/td>\n<td>Voi alentaa kolesterolitasoja ja parantaa yleist\u00e4 syd\u00e4nterveytt\u00e4<\/td>\n<\/tr>\n<tr>\n<td><strong>Magnesium ja kalsium<\/strong><\/td>\n<td>T\u00e4rkeit\u00e4 lihasten toiminnalle ja kehon yleiselle tasapainolle<\/td>\n<\/tr>\n<\/tbody>\n<\/table>\n<h2><strong>Ravintosis\u00e4lt\u00f6 per tabletti<\/strong><\/h2>\n<p><strong>Ravintoaine<\/strong><strong>M\u00e4\u00e4r\u00e4<\/strong><strong>Prosenttiosuus p\u00e4ivitt\u00e4isest\u00e4 tarpeesta<\/strong>Kalsium360 mg45%Magnesium80 mg21,3 %E-vitamiini15 mg125%D3-vitamiini1000 IU (25 \u00b5g)500%B7-vitamiini (biotiini)300 \u00b5g600%Kromi200 \u00b5g500%Selenium50 \u00b5g91%<\/p>\n<h2><strong>Suositeltu k\u00e4ytt\u00f6<\/strong><\/h2>\n<p>LumiLean-kapselien ottaminen on mutkatonta ja sopii jokap\u00e4iv\u00e4iseen k\u00e4ytt\u00f6\u00f6n:<\/p>\n<ol>\n<li><strong>Dositus:<\/strong> On suositeltavaa ottaa kaksi tablettia p\u00e4iv\u00e4ss\u00e4.<\/li>\n<\/ol>\n<ul>\n<li style=\"list-style-type: none;\">\n<ul>\n<li>Yksi aamiaisen tai lounaan j\u00e4lkeen<\/li>\n<\/ul>\n<\/li>\n<\/ul>\n<ul>\n<li style=\"list-style-type: none;\">\n<ul>\n<li>Yksi illallisen j\u00e4lkeen<\/li>\n<\/ul>\n<\/li>\n<\/ul>\n<ol>\n<li><strong>Nieleminen:<\/strong> Tabletit tulee niell\u00e4 runsaan veden kera. Tarvittaessa ne voidaan puolittaa nielemisen helpottamiseksi.&lt;\/li<\/li>\n<li><strong>K\u00e4yt\u00f6n kesto:<\/strong> Parhaat tulokset saavutetaan, kun LumiLean-kapseleita otetaan v\u00e4hint\u00e4\u00e4n 12 viikon ajan.&lt;\/li<\/li>\n<\/ol>\n<h2><strong>Henkil\u00f6kohtainen kokemusraportti<\/strong><\/h2>\n<h3><strong>Ensi vaikutelmat ja viikot 1-4:<\/strong><\/h3>\n<p>Heti k\u00e4yt\u00f6n alussa huomasin, ett\u00e4 ruokahaluni v\u00e4heni huomattavasti. Erityisesti n\u00e4lk\u00e4kohtauksia, jotka usein iskev\u00e4t minuun iltap\u00e4iv\u00e4ll\u00e4 ja illalla, ei en\u00e4\u00e4 juuri esiintynyt. Tunsin oloni energisemm\u00e4ksi ja pystyin keskittym\u00e4\u00e4n paremmin aterioihini tuntematta tarvetta napostella aterioiden v\u00e4lill\u00e4.<\/p>\n<h3><strong>Viikot 5-8:<\/strong><\/h3>\n<p>T\u00e4ss\u00e4 vaiheessa painonhallintani parani selv\u00e4sti. Laihdutin keskim\u00e4\u00e4rin 1,5 kiloa viikossa. Yleinen hyvinvointini parani ja tunsin, ett\u00e4 aineenvaihduntani toimi tehokkaammin. Ep\u00e4terveellisten v\u00e4lipalojen himo oli l\u00e4hes kokonaan kadonnut, mik\u00e4 vaikutti my\u00f6nteisesti yleiseen ruokavaliooni.<\/p>\n<h3><strong>Viikko 9-12:<\/strong><\/h3>\n<p>Testivaiheen loppuun menness\u00e4 olin laihtunut yhteens\u00e4 6,2 kg. Olin erityisen vaikuttunut siit\u00e4, ett\u00e4 saavutin t\u00e4m\u00e4n tuloksen tekem\u00e4tt\u00e4 mit\u00e4\u00e4n rajuja muutoksia ruokavaliooni tai el\u00e4m\u00e4ntapoihini. LumiLean-tabletit eiv\u00e4t edist\u00e4neet ainoastaan painonpudotusta, vaan my\u00f6s yleist\u00e4 hyvinvointiani ja motivaatiotani jatkaa ty\u00f6skentely\u00e4 kuntotavoitteideni saavuttamiseksi.<\/p>\n<h2><strong>LumiLean-kapselien hy\u00f6dyt<br \/>\n<\/strong><\/h2>\n<p>&nbsp;<\/p>\n<table>\n<thead>\n<tr>\n<th><strong>Hy\u00f6ty<\/strong><\/th>\n<th><strong>Kuvaus<\/strong><\/th>\n<\/tr>\n<\/thead>\n<tbody>\n<tr>\n<td><strong>Luonnolliset ainesosat<\/strong><\/td>\n<td>Vain luonnolliset ainesosat tekev\u00e4t tuotteesta hyvin siedetyn ja kest\u00e4v\u00e4n.&lt;\/td<\/td>\n<\/tr>\n<tr>\n<td><strong>Helppo k\u00e4ytt\u00e4\u00e4<\/strong><\/td>\n<td>Yksiselitteiset annosteluohjeet ja helppo integroida jokap\u00e4iv\u00e4iseen el\u00e4m\u00e4\u00e4n&lt;\/td<\/td>\n<\/tr>\n<tr>\n<td><strong>Tehokas ruokahalun hallinta<\/strong><\/td>\n<td>V\u00e4hent\u00e4\u00e4 mielihaluja ja helpottaa terveellisen ruokavalion noudattamista&lt;\/td<\/td>\n<\/tr>\n<tr>\n<td><strong>Tukee aineenvaihduntaa<\/strong><\/td>\n<td>Tukee lis\u00e4\u00e4ntynytt\u00e4 rasvanpolttoa ja parempaa energia-aineenvaihduntaa&lt;\/td<\/td>\n<\/tr>\n<tr>\n<td><strong>Ei sivuvaikutuksia<\/strong><\/td>\n<td>Ei esiintynyt ei-toivottuja vaikutuksia koko testivaiheen aikana&lt;\/td<\/td>\n<\/tr>\n<tr>\n<td><strong>Hyvinvoinnin paraneminen<\/strong><\/td>\n<td>Johtaa tasapainoisempaan ja energisemp\u00e4\u00e4n el\u00e4m\u00e4nasenteeseen&lt;\/td<\/td>\n<\/tr>\n<\/tbody>\n<\/table>\n<h2><\/h2>\n<p>Lukuisista hy\u00f6dyist\u00e4 huolimatta on joitakin n\u00e4k\u00f6kohtia, joita voitaisiin optimoida:<\/p>\n<ol>\n<li><strong>Tablettien koko:<\/strong> Tabletit ovat suhteellisen suuria, mik\u00e4 saattaa vaikeuttaa nielemist\u00e4 joillekin k\u00e4ytt\u00e4jille.<\/li>\n<li><strong>Hinta:<\/strong> Noin 40 euron kuukausihinnallaan LumiLean kuuluu ylemp\u00e4\u00e4n hintaluokkaan. Hieman edullisempi hinnoittelu olisi toivottavaa.<\/li>\n<\/ol>\n<h2><strong>Luokitus<\/strong><\/h2>\n<p>LumiLean on vakuuttava ravintolis\u00e4, jolla on harkittu koostumus, yksinkertainen k\u00e4ytt\u00f6 ja vaikuttavia tuloksia. T\u00e4m\u00e4 tuote tarjoaa tehokasta tukea erityisesti ihmisille, jotka haluavat hallita ruokahaluaan ja tehostaa aineenvaihduntaansa. Positiiviset vaikutukset yleiseen hyvinvointiin tekev\u00e4t LumiLeanista eritt\u00e4in suositeltavan vaihtoehdon.<\/p>\n<p><strong>Kokonaisarvosana:<\/strong> 4.8\/5<\/p>\n<h2><strong>Osta LumiLean-kapselit edullisimpaan hintaan<\/strong><\/h2>\n<table>\n<thead>\n<tr>\n<th><strong>Kriteeri<\/strong><\/th>\n<th><strong>Luokitus<\/strong><\/th>\n<th><strong>Kommentti<\/strong><\/th>\n<\/tr>\n<\/thead>\n<tbody>\n<tr>\n<td>Tehokkuus<\/td>\n<td>\u2605\u2605\u2605\u2605\u2605<\/td>\n<td>N\u00e4kyv\u00e4 laihtuminen ja ruokahalun hallinta<\/td>\n<\/tr>\n<tr>\n<td>Siedett\u00e4vyys<\/td>\n<td>\u2605\u2605\u2605\u2605\u2605<\/td>\n<td>Ei havaittuja haittavaikutuksia<\/td>\n<\/tr>\n<tr>\n<td>Hinta-laatusuhde<\/td>\n<td>\u2605\u2605\u2605\u2605\u2606<\/td>\n<td>Suhteellisen korkea hinta, mutta perusteltu laadukkaiden ainesosien ansiosta.<\/td>\n<\/tr>\n<tr>\n<td>K\u00e4ytt\u00f6alue<\/td>\n<td>\u2605\u2605\u2605\u2605\u2605<\/td>\n<td>Helppo ottaa ja selke\u00e4t ohjeet<\/td>\n<\/tr>\n<\/tbody>\n<\/table>\n<p>LumiLean on erinomainen tuote, joka tuottaa vaikuttavia tuloksia yhdistettyn\u00e4 terveellisiin el\u00e4m\u00e4ntapoihin. Se sopii erityisesti ihmisille, jotka etsiv\u00e4t luonnollista ja kest\u00e4v\u00e4\u00e4 ratkaisua painonhallintaan. Eritt\u00e4in tehokkaiden ainesosiensa ja positiivisten tulostensa ansiosta LumiLean-kapselit ovat selke\u00e4 suositus kaikille, jotka ovat kiinnostuneita paremmasta kehotasapainosta.<\/p>\n","protected":false},"excerpt":{"rendered":"<p>Review: LumiLean &#8211; Kattava katsaus tehokkaaseen laihtuminen t\u00e4ydent\u00e4\u00e4 Nykymaailmassa, jossa terveellinen el\u00e4m\u00e4ntapa ja kuntoilu ovat keski\u00f6ss\u00e4, tehokkaiden ravintolisien kysynt\u00e4 on kasvanut. LumiLean, tuote, joka on erityisesti suunniteltu tukahduttamaan mielihaluja ja edist\u00e4m\u00e4\u00e4n aktiivista el\u00e4m\u00e4ntapaa, on her\u00e4tt\u00e4nyt paljon huomiota t\u00e4ll\u00e4 alalla. T\u00e4ss\u00e4 arvostelussa LumiLean tutkitaan yksityiskohtaisesti sen arvioimiseksi, onko se todella sit\u00e4, mit\u00e4 se lupaa. T\u00e4m\u00e4 raportti &#8230; <a title=\"LumiLean\" class=\"read-more\" href=\"https:\/\/etoxproject.eu\/fi\/tuote\/lumilean\/\" aria-label=\"Lis\u00e4\u00e4 LumiLean\">Lue lis\u00e4\u00e4<\/a><\/p>\n","protected":false},"featured_media":1851,"comment_status":"open","ping_status":"closed","template":"","meta":[],"product_brand":[],"product_cat":[],"product_tag":[],"class_list":{"0":"post-2280","1":"product","2":"type-product","3":"status-publish","4":"has-post-thumbnail","7":"first","8":"instock","9":"sale","10":"shipping-taxable","11":"product-type-external"},"yoast_head":"<!-- This site is optimized with the Yoast SEO plugin v27.4 - https:\/\/yoast.com\/product\/yoast-seo-wordpress\/ -->\n<title>K\u00f6p LumiLean till billigaste pris i Finland<\/title>\n<meta name=\"robots\" content=\"index, follow, max-snippet:-1, max-image-preview:large, max-video-preview:-1\" \/>\n<link rel=\"canonical\" href=\"https:\/\/etoxproject.eu\/fi\/tuote\/lumilean\/\" \/>\n<meta property=\"og:locale\" content=\"fi_FI\" \/>\n<meta property=\"og:type\" content=\"article\" \/>\n<meta property=\"og:title\" content=\"K\u00f6p LumiLean till billigaste pris i Finland\" \/>\n<meta property=\"og:description\" content=\"Review: LumiLean &#8211; Kattava katsaus tehokkaaseen laihtuminen t\u00e4ydent\u00e4\u00e4 Nykymaailmassa, jossa terveellinen el\u00e4m\u00e4ntapa ja kuntoilu ovat keski\u00f6ss\u00e4, tehokkaiden ravintolisien kysynt\u00e4 on kasvanut. LumiLean, tuote, joka on erityisesti suunniteltu tukahduttamaan mielihaluja ja edist\u00e4m\u00e4\u00e4n aktiivista el\u00e4m\u00e4ntapaa, on her\u00e4tt\u00e4nyt paljon huomiota t\u00e4ll\u00e4 alalla. T\u00e4ss\u00e4 arvostelussa LumiLean tutkitaan yksityiskohtaisesti sen arvioimiseksi, onko se todella sit\u00e4, mit\u00e4 se lupaa. T\u00e4m\u00e4 raportti ... Lue lis\u00e4\u00e4\" \/>\n<meta property=\"og:url\" content=\"https:\/\/etoxproject.eu\/fi\/tuote\/lumilean\/\" \/>\n<meta property=\"og:site_name\" content=\"etoxproject.eu\" \/>\n<meta property=\"og:image\" content=\"https:\/\/etoxproject.eu\/wp-content\/uploads\/2024\/12\/lumilean.jpg\" \/>\n\t<meta property=\"og:image:width\" content=\"600\" \/>\n\t<meta property=\"og:image:height\" content=\"600\" \/>\n\t<meta property=\"og:image:type\" content=\"image\/jpeg\" \/>\n<meta name=\"twitter:card\" content=\"summary_large_image\" \/>\n<meta name=\"twitter:label1\" content=\"Arvioitu lukuaika\" \/>\n\t<meta name=\"twitter:data1\" content=\"4 minuuttia\" \/>\n<script type=\"application\/ld+json\" class=\"yoast-schema-graph\">{\"@context\":\"https:\\\/\\\/schema.org\",\"@graph\":[{\"@type\":\"WebPage\",\"@id\":\"https:\\\/\\\/etoxproject.eu\\\/fi\\\/tuote\\\/lumilean\\\/\",\"url\":\"https:\\\/\\\/etoxproject.eu\\\/fi\\\/tuote\\\/lumilean\\\/\",\"name\":\"K\u00f6p LumiLean till billigaste pris i Finland\",\"isPartOf\":{\"@id\":\"https:\\\/\\\/etoxproject.eu\\\/fi\\\/#website\"},\"primaryImageOfPage\":{\"@id\":\"https:\\\/\\\/etoxproject.eu\\\/fi\\\/tuote\\\/lumilean\\\/#primaryimage\"},\"image\":{\"@id\":\"https:\\\/\\\/etoxproject.eu\\\/fi\\\/tuote\\\/lumilean\\\/#primaryimage\"},\"thumbnailUrl\":\"https:\\\/\\\/etoxproject.eu\\\/wp-content\\\/uploads\\\/2024\\\/12\\\/lumilean.jpg\",\"datePublished\":\"2025-01-28T08:56:51+00:00\",\"breadcrumb\":{\"@id\":\"https:\\\/\\\/etoxproject.eu\\\/fi\\\/tuote\\\/lumilean\\\/#breadcrumb\"},\"inLanguage\":\"fi\",\"potentialAction\":[{\"@type\":\"ReadAction\",\"target\":[\"https:\\\/\\\/etoxproject.eu\\\/fi\\\/tuote\\\/lumilean\\\/\"]}]},{\"@type\":\"ImageObject\",\"inLanguage\":\"fi\",\"@id\":\"https:\\\/\\\/etoxproject.eu\\\/fi\\\/tuote\\\/lumilean\\\/#primaryimage\",\"url\":\"https:\\\/\\\/etoxproject.eu\\\/wp-content\\\/uploads\\\/2024\\\/12\\\/lumilean.jpg\",\"contentUrl\":\"https:\\\/\\\/etoxproject.eu\\\/wp-content\\\/uploads\\\/2024\\\/12\\\/lumilean.jpg\",\"width\":600,\"height\":600,\"caption\":\"lumilean\"},{\"@type\":\"BreadcrumbList\",\"@id\":\"https:\\\/\\\/etoxproject.eu\\\/fi\\\/tuote\\\/lumilean\\\/#breadcrumb\",\"itemListElement\":[{\"@type\":\"ListItem\",\"position\":1,\"name\":\"Startseite\",\"item\":\"https:\\\/\\\/etoxproject.eu\\\/fi\\\/\"},{\"@type\":\"ListItem\",\"position\":2,\"name\":\"Shop\",\"item\":\"https:\\\/\\\/etoxproject.eu\\\/shop\\\/\"},{\"@type\":\"ListItem\",\"position\":3,\"name\":\"LumiLean\"}]},{\"@type\":\"WebSite\",\"@id\":\"https:\\\/\\\/etoxproject.eu\\\/fi\\\/#website\",\"url\":\"https:\\\/\\\/etoxproject.eu\\\/fi\\\/\",\"name\":\"etoxproject.eu\",\"description\":\"\",\"publisher\":{\"@id\":\"https:\\\/\\\/etoxproject.eu\\\/fi\\\/#organization\"},\"potentialAction\":[{\"@type\":\"SearchAction\",\"target\":{\"@type\":\"EntryPoint\",\"urlTemplate\":\"https:\\\/\\\/etoxproject.eu\\\/fi\\\/?s={search_term_string}\"},\"query-input\":{\"@type\":\"PropertyValueSpecification\",\"valueRequired\":true,\"valueName\":\"search_term_string\"}}],\"inLanguage\":\"fi\"},{\"@type\":\"Organization\",\"@id\":\"https:\\\/\\\/etoxproject.eu\\\/fi\\\/#organization\",\"name\":\"etoxproject.eu\",\"url\":\"https:\\\/\\\/etoxproject.eu\\\/fi\\\/\",\"logo\":{\"@type\":\"ImageObject\",\"inLanguage\":\"fi\",\"@id\":\"https:\\\/\\\/etoxproject.eu\\\/fi\\\/#\\\/schema\\\/logo\\\/image\\\/\",\"url\":\"https:\\\/\\\/etoxproject.eu\\\/wp-content\\\/uploads\\\/2024\\\/12\\\/etoxproject.png\",\"contentUrl\":\"https:\\\/\\\/etoxproject.eu\\\/wp-content\\\/uploads\\\/2024\\\/12\\\/etoxproject.png\",\"width\":315,\"height\":69,\"caption\":\"etoxproject.eu\"},\"image\":{\"@id\":\"https:\\\/\\\/etoxproject.eu\\\/fi\\\/#\\\/schema\\\/logo\\\/image\\\/\"}}]}<\/script>\n<!-- \/ Yoast SEO plugin. -->","yoast_head_json":{"title":"K\u00f6p LumiLean till billigaste pris i Finland","robots":{"index":"index","follow":"follow","max-snippet":"max-snippet:-1","max-image-preview":"max-image-preview:large","max-video-preview":"max-video-preview:-1"},"canonical":"https:\/\/etoxproject.eu\/fi\/tuote\/lumilean\/","og_locale":"fi_FI","og_type":"article","og_title":"K\u00f6p LumiLean till billigaste pris i Finland","og_description":"Review: LumiLean &#8211; Kattava katsaus tehokkaaseen laihtuminen t\u00e4ydent\u00e4\u00e4 Nykymaailmassa, jossa terveellinen el\u00e4m\u00e4ntapa ja kuntoilu ovat keski\u00f6ss\u00e4, tehokkaiden ravintolisien kysynt\u00e4 on kasvanut. LumiLean, tuote, joka on erityisesti suunniteltu tukahduttamaan mielihaluja ja edist\u00e4m\u00e4\u00e4n aktiivista el\u00e4m\u00e4ntapaa, on her\u00e4tt\u00e4nyt paljon huomiota t\u00e4ll\u00e4 alalla. T\u00e4ss\u00e4 arvostelussa LumiLean tutkitaan yksityiskohtaisesti sen arvioimiseksi, onko se todella sit\u00e4, mit\u00e4 se lupaa. T\u00e4m\u00e4 raportti ... Lue lis\u00e4\u00e4","og_url":"https:\/\/etoxproject.eu\/fi\/tuote\/lumilean\/","og_site_name":"etoxproject.eu","og_image":[{"width":600,"height":600,"url":"https:\/\/etoxproject.eu\/wp-content\/uploads\/2024\/12\/lumilean.jpg","type":"image\/jpeg"}],"twitter_card":"summary_large_image","twitter_misc":{"Arvioitu lukuaika":"4 minuuttia"},"schema":{"@context":"https:\/\/schema.org","@graph":[{"@type":"WebPage","@id":"https:\/\/etoxproject.eu\/fi\/tuote\/lumilean\/","url":"https:\/\/etoxproject.eu\/fi\/tuote\/lumilean\/","name":"K\u00f6p LumiLean till billigaste pris i Finland","isPartOf":{"@id":"https:\/\/etoxproject.eu\/fi\/#website"},"primaryImageOfPage":{"@id":"https:\/\/etoxproject.eu\/fi\/tuote\/lumilean\/#primaryimage"},"image":{"@id":"https:\/\/etoxproject.eu\/fi\/tuote\/lumilean\/#primaryimage"},"thumbnailUrl":"https:\/\/etoxproject.eu\/wp-content\/uploads\/2024\/12\/lumilean.jpg","datePublished":"2025-01-28T08:56:51+00:00","breadcrumb":{"@id":"https:\/\/etoxproject.eu\/fi\/tuote\/lumilean\/#breadcrumb"},"inLanguage":"fi","potentialAction":[{"@type":"ReadAction","target":["https:\/\/etoxproject.eu\/fi\/tuote\/lumilean\/"]}]},{"@type":"ImageObject","inLanguage":"fi","@id":"https:\/\/etoxproject.eu\/fi\/tuote\/lumilean\/#primaryimage","url":"https:\/\/etoxproject.eu\/wp-content\/uploads\/2024\/12\/lumilean.jpg","contentUrl":"https:\/\/etoxproject.eu\/wp-content\/uploads\/2024\/12\/lumilean.jpg","width":600,"height":600,"caption":"lumilean"},{"@type":"BreadcrumbList","@id":"https:\/\/etoxproject.eu\/fi\/tuote\/lumilean\/#breadcrumb","itemListElement":[{"@type":"ListItem","position":1,"name":"Startseite","item":"https:\/\/etoxproject.eu\/fi\/"},{"@type":"ListItem","position":2,"name":"Shop","item":"https:\/\/etoxproject.eu\/shop\/"},{"@type":"ListItem","position":3,"name":"LumiLean"}]},{"@type":"WebSite","@id":"https:\/\/etoxproject.eu\/fi\/#website","url":"https:\/\/etoxproject.eu\/fi\/","name":"etoxproject.eu","description":"","publisher":{"@id":"https:\/\/etoxproject.eu\/fi\/#organization"},"potentialAction":[{"@type":"SearchAction","target":{"@type":"EntryPoint","urlTemplate":"https:\/\/etoxproject.eu\/fi\/?s={search_term_string}"},"query-input":{"@type":"PropertyValueSpecification","valueRequired":true,"valueName":"search_term_string"}}],"inLanguage":"fi"},{"@type":"Organization","@id":"https:\/\/etoxproject.eu\/fi\/#organization","name":"etoxproject.eu","url":"https:\/\/etoxproject.eu\/fi\/","logo":{"@type":"ImageObject","inLanguage":"fi","@id":"https:\/\/etoxproject.eu\/fi\/#\/schema\/logo\/image\/","url":"https:\/\/etoxproject.eu\/wp-content\/uploads\/2024\/12\/etoxproject.png","contentUrl":"https:\/\/etoxproject.eu\/wp-content\/uploads\/2024\/12\/etoxproject.png","width":315,"height":69,"caption":"etoxproject.eu"},"image":{"@id":"https:\/\/etoxproject.eu\/fi\/#\/schema\/logo\/image\/"}}]}},"_links":{"self":[{"href":"https:\/\/etoxproject.eu\/fi\/wp-json\/wp\/v2\/product\/2280","targetHints":{"allow":["GET"]}}],"collection":[{"href":"https:\/\/etoxproject.eu\/fi\/wp-json\/wp\/v2\/product"}],"about":[{"href":"https:\/\/etoxproject.eu\/fi\/wp-json\/wp\/v2\/types\/product"}],"replies":[{"embeddable":true,"href":"https:\/\/etoxproject.eu\/fi\/wp-json\/wp\/v2\/comments?post=2280"}],"wp:featuredmedia":[{"embeddable":true,"href":"https:\/\/etoxproject.eu\/fi\/wp-json\/wp\/v2\/media\/1851"}],"wp:attachment":[{"href":"https:\/\/etoxproject.eu\/fi\/wp-json\/wp\/v2\/media?parent=2280"}],"wp:term":[{"taxonomy":"product_brand","embeddable":true,"href":"https:\/\/etoxproject.eu\/fi\/wp-json\/wp\/v2\/product_brand?post=2280"},{"taxonomy":"product_cat","embeddable":true,"href":"https:\/\/etoxproject.eu\/fi\/wp-json\/wp\/v2\/product_cat?post=2280"},{"taxonomy":"product_tag","embeddable":true,"href":"https:\/\/etoxproject.eu\/fi\/wp-json\/wp\/v2\/product_tag?post=2280"}],"curies":[{"name":"wp","href":"https:\/\/api.w.org\/{rel}","templated":true}]}}