{"id":3081,"date":"2025-03-18T13:40:24","date_gmt":"2025-03-28T12:18:15","guid":{"rendered":"https:\/\/etoxproject.eu\/?post_type=product&#038;p=3081"},"modified":"2025-03-28T13:18:15","modified_gmt":"2025-03-28T12:18:15","slug":"shape-up-kapselit","status":"publish","type":"product","link":"https:\/\/etoxproject.eu\/fi\/tuote\/shape-up-kapselit\/","title":{"rendered":"Shape Up kapselit"},"content":{"rendered":"<p><strong>Jos etsit ravintolis\u00e4\u00e4, joka auttaa sinua laihtumaan ja lis\u00e4\u00e4m\u00e4\u00e4n samalla energiaasi ja hyvinvointiasi, Shape Up voi olla oikea valinta. T\u00e4m\u00e4 tuote lupaa tukea rasvanpolttoon, tehokkaamman ruokavaliovaiheen ja paremman fyysisen suorituskyvyn. Mutta lunastaako Shape Up todella sen, mit\u00e4 se lupaa?<\/strong><\/p>\n<h2>Shape Up -kapselit testiss\u00e4 &#8211; l\u00e4\u00e4ke onnistuneeseen laihtumiseen<\/h2>\n<p>\u201dShape Upia markkinoidaan t\u00e4ll\u00e4 hetkell\u00e4 erityisen tehokkaana tuotteena, joka erityisten ainesosiensa ansiosta tukee kehoa optimaalisesti kaloripitoisen ruokavalion aikana. Erityisesti sen sis\u00e4lt\u00e4m\u00e4n beetahydroksibutyraatin (BHB) sanotaan auttavan saattamaan elimist\u00f6n nopeammin ketoosiin ja kiihdytt\u00e4v\u00e4n siten rasvanpolttoa. Monet k\u00e4ytt\u00e4j\u00e4t ovat innostuneita t\u00e4st\u00e4 konseptista, sill\u00e4 se tarjoaa vaihtoehdon monimutkaisille ja usein demotivoiville ruokavaliosuunnitelmille.<\/p>\n<p>Toinen syy Shape Upin suosioon on sen helppok\u00e4ytt\u00f6isyys. Toisin kuin monimutkaisissa ruokavalio-ohjelmissa tai erityisiss\u00e4 ravitsemuskonsepteissa, riitt\u00e4\u00e4, kun ottaa yhden tai kaksi kapselia p\u00e4iv\u00e4ss\u00e4. T\u00e4m\u00e4 mahdollistaa stressitt\u00f6m\u00e4n integroinnin arkeen, mik\u00e4 on erityisen houkuttelevaa ty\u00f6ss\u00e4k\u00e4yville tai ihmisille, joilla on tiukka aikataulu.<\/p>\n<h3>T\u00e4rkeimm\u00e4t edut yhdell\u00e4 silm\u00e4yksell\u00e4<\/h3>\n<table>\n<thead>\n<tr>\n<th>Etu<\/th>\n<th>Kuvaus<\/th>\n<\/tr>\n<\/thead>\n<tbody>\n<tr>\n<td>\ud83d\ude80 <strong>Fast Ketoosi<\/strong><\/td>\n<td>Hy\u00f6tyy saattamaan kehon nopeammin ketogeeniseen tilaan, mik\u00e4 edist\u00e4\u00e4 huomattavasti rasvanpolttoa<\/td>\n<\/tr>\n<tr>\n<td>\u26a1\ufe0f <strong>Lis\u00e4\u00e4ntynyt energia<\/strong><\/td>\n<td>Enemm\u00e4n energiaa ja v\u00e4hemm\u00e4n v\u00e4symyst\u00e4 dieettivaiheen aikana<\/td>\n<\/tr>\n<tr>\n<td>\ud83c\udf7d\ufe0f <strong>parempi ruokahalun hallinta<\/strong><\/td>\n<td>Tukee ruoanhimon ja ruokahalun hallintaa<\/td>\n<\/tr>\n<tr>\n<td>\ud83d\udee1\ufe0f <strong>Vahvistaa immuunij\u00e4rjestelm\u00e4\u00e4<\/strong><\/td>\n<td>Sis\u00e4lt\u00e4\u00e4 arvokkaita kivenn\u00e4isaineita, kuten magnesiumia ja kalsiumia, jotka vahvistavat kehon puolustuskyky\u00e4<\/td>\n<\/tr>\n<tr>\n<td>\ud83d\udca7 <strong>helppo ottaa<\/strong><\/td>\n<td>K\u00e4yt\u00e4nn\u00f6lliset kapselit, jotka on helppo integroida jokap\u00e4iv\u00e4iseen el\u00e4m\u00e4\u00e4n<\/td>\n<\/tr>\n<tr>\n<td>\ud83d\udcc9 <strong>Kest\u00e4v\u00e4 laihtuminen<\/strong><\/td>\n<td>Tukee kest\u00e4v\u00e4\u00e4 ja pitk\u00e4aikaista painonpudotusta<\/td>\n<\/tr>\n<tr>\n<td>\ud83e\uddd8 <strong>Hyvinvointi ja tasapaino<\/strong><\/td>\n<td>Parantaa yleist\u00e4 hyvinvointia ja mielialaa kaloreita v\u00e4hent\u00e4v\u00e4n ruokavalion aikana<\/td>\n<\/tr>\n<tr>\n<td>\ud83d\udca1 <strong>Kirkas ajattelu<\/strong><\/td>\n<td>Monet k\u00e4ytt\u00e4j\u00e4t raportoivat lis\u00e4\u00e4ntyneest\u00e4 henkisest\u00e4 selkeydest\u00e4 ja paremmasta keskittymiskyvyst\u00e4<\/td>\n<\/tr>\n<\/tbody>\n<\/table>\n<p>&nbsp;<\/p>\n<h2>Shape Up kokemuksia asiakkailta &#8211; mit\u00e4 k\u00e4ytt\u00e4j\u00e4t sanovat<\/h2>\n<p>Monet k\u00e4ytt\u00e4j\u00e4t raportoivat positiivisia kokemuksia erityisesti lis\u00e4\u00e4ntyneest\u00e4 energiasta ja parantuneesta rasvanpoltosta. Usein mainitaan, ett\u00e4 mielihalut v\u00e4heniv\u00e4t merkitt\u00e4v\u00e4sti ja ruokavalio oli helpompi pit\u00e4\u00e4 yll\u00e4. K\u00e4ytt\u00e4j\u00e4t, joilla oli aiemmin ollut vaikeuksia laihduttaa, korostavat erityisesti sit\u00e4, miten helppoa kapselien sis\u00e4llytt\u00e4minen jokap\u00e4iv\u00e4iseen el\u00e4m\u00e4\u00e4n oli ja miten motivoivia n\u00e4kyv\u00e4t onnistumiset olivat.<\/p>\n<p>Jotkut asiakkaat korostavat, ett\u00e4 Shape Up ei ole ainoastaan auttanut heit\u00e4 laihtumaan, vaan ett\u00e4 he tuntevat itsens\u00e4 kaiken kaikkiaan aktiivisemmiksi ja elinvoimaisemmiksi. Monet k\u00e4ytt\u00e4j\u00e4t raportoivat urheilusuorituksen parantuneen merkitt\u00e4v\u00e4sti, motivaation lis\u00e4\u00e4ntyneen s\u00e4\u00e4nn\u00f6llisiin harjoituksiin ja yleisen kunnon kohonneen.<\/p>\n<p>Tulokset vaihtelevat tietysti henkil\u00f6itt\u00e4in. On my\u00f6s asiakkaita, jotka huomaavat pieni\u00e4 onnistumisia, kuten ruokahalun v\u00e4henemisen ja hieman enemm\u00e4n energiaa, mutta eiv\u00e4t saavuta odottamaansa valtavaa painonpudotusta. N\u00e4m\u00e4 k\u00e4ytt\u00e4j\u00e4t suosittelevat kuitenkin, etteiv\u00e4t he luovuta heti, vaan ottavat tuotetta pidemm\u00e4n aikaa, jotta vaikutus olisi kest\u00e4v\u00e4.<\/p>\n<h3>Ainesosat<\/h3>\n<p>Shape Upin vaikutus perustuu p\u00e4\u00e4asiassa beetahydroksibutyraatteihin, joita syntyy luonnostaan elimist\u00f6ss\u00e4, kun se k\u00e4ytt\u00e4\u00e4 rasvaa p\u00e4\u00e4asiallisena energianl\u00e4hteen\u00e4\u00e4n. Tuotetta on t\u00e4ydennetty mineraaleilla, kuten magnesiumilla ja kalsiumilla, jotka ovat elimist\u00f6lle v\u00e4ltt\u00e4m\u00e4tt\u00f6mi\u00e4 erityisesti ruokavalion aikana. N\u00e4m\u00e4 mineraalit auttavat ehk\u00e4isem\u00e4\u00e4n lihaskramppeja ja tukevat elimist\u00f6\u00e4 uudistumisen aikana.<\/p>\n<h3>Shape Up Slimming &#8211; Onko haittavaikutuksia?<\/h3>\n<p>Useimmat asiakkaat siet\u00e4v\u00e4t \u201dShape Upia\u201d hyvin. Yksitt\u00e4istapauksissa on raportoitu lievi\u00e4 vatsavaivoja, mutta ne ovat usein h\u00e4vinneet annoksen s\u00e4\u00e4t\u00e4misen j\u00e4lkeen. Yleisesti suositellaan, ett\u00e4 kapselit otetaan aina riitt\u00e4v\u00e4n veden kanssa ja jos sinulla on herkk\u00e4 vatsa, ota ne aterian j\u00e4lkeen.<\/p>\n<p>On suositeltavaa neuvotella l\u00e4\u00e4k\u00e4rin kanssa etuk\u00e4teen, jos sinulla on jokin ennest\u00e4\u00e4n oleva sairaus tai k\u00e4yt\u00e4t l\u00e4\u00e4kkeit\u00e4. Varotoimenpiteen\u00e4 suositeltua p\u00e4ivitt\u00e4ist\u00e4 annosta ei tulisi ylitt\u00e4\u00e4, jotta v\u00e4ltet\u00e4\u00e4n haittavaikutukset, kuten pahoinvointi tai ruoansulatusongelmat.<\/p>\n<h3>Asiantuntijan vinkit parhaaseen tehoon<\/h3>\n<p>Asiantuntijat neuvovat, ett\u00e4 Shape Up tulisi mieluiten yhdist\u00e4\u00e4 v\u00e4h\u00e4hiilihydraattiseen ruokavalioon ja s\u00e4\u00e4nn\u00f6lliseen liikuntaan laihduttamiseksi. Shape Upin vaikutus voidaan maksimoida kohdennetulla harjoittelulla. Erityisesti suositellaan kest\u00e4vyysurheilulajeja, kuten h\u00f6lkk\u00e4\u00e4, py\u00f6r\u00e4ily\u00e4 tai uintia, sill\u00e4 ne optimoivat rasva-aineenvaihduntaa.<\/p>\n<p>S\u00e4\u00e4nn\u00f6llinen nesteytys voi olla yht\u00e4 hy\u00f6dyllist\u00e4. Riitt\u00e4v\u00e4 veden juominen edist\u00e4\u00e4 aktiivisten ainesosien imeytymist\u00e4 ja k\u00e4sittely\u00e4 ja parantaa my\u00f6s yleist\u00e4 hyvinvointia.<\/p>\n<p>&nbsp;<\/p>\n<h2>Johtop\u00e4\u00e4t\u00f6s ja arviointi &#8211; Onko Shape Up sen arvoinen?<\/h2>\n<p>Kaiken kaikkiaan Shape Up vaikuttaa suositeltavalta tuotteelta niille, jotka haluavat optimoida ruokavalionsa. Laadukkaan koostumuksensa ja lukuisten my\u00f6nteisten suosittelujen ansiosta \u201dShape Up\u201d voi olla ratkaiseva palapelin pala matkalla haluamaasi painoon. On kuitenkin oltava selv\u00e4\u00e4, ett\u00e4 mik\u00e4\u00e4n tuote ei tee ihmeit\u00e4 ilman liikuntaa ja tietoista ruokavaliota. Jos kuitenkin olet valmis aktiivisesti muuttamaan jotain, sinun pit\u00e4isi olla tyytyv\u00e4inen \u201dShape Up\u201d -ohjelmaan. Se on arvokas kumppani onnistuneeseen, motivoivaan ja nautinnolliseen painonpudotukseen.<\/p>\n","protected":false},"excerpt":{"rendered":"<p>Jos etsit ravintolis\u00e4\u00e4, joka auttaa sinua laihtumaan ja lis\u00e4\u00e4m\u00e4\u00e4n samalla energiaasi ja hyvinvointiasi, Shape Up voi olla oikea valinta. T\u00e4m\u00e4 tuote lupaa tukea rasvanpolttoon, tehokkaamman ruokavaliovaiheen ja paremman fyysisen suorituskyvyn. Mutta lunastaako Shape Up todella sen, mit\u00e4 se lupaa? Shape Up -kapselit testiss\u00e4 &#8211; l\u00e4\u00e4ke onnistuneeseen laihtumiseen \u201dShape Upia markkinoidaan t\u00e4ll\u00e4 hetkell\u00e4 erityisen tehokkaana tuotteena, &#8230; <a title=\"Shape Up kapselit\" class=\"read-more\" href=\"https:\/\/etoxproject.eu\/fi\/tuote\/shape-up-kapselit\/\" aria-label=\"Lis\u00e4\u00e4 Shape Up kapselit\">Lue lis\u00e4\u00e4<\/a><\/p>\n","protected":false},"featured_media":2543,"comment_status":"open","ping_status":"closed","template":"","meta":[],"product_brand":[],"product_cat":[],"product_tag":[],"class_list":{"0":"post-3081","1":"product","2":"type-product","3":"status-publish","4":"has-post-thumbnail","7":"first","8":"instock","9":"sale","10":"shipping-taxable","11":"product-type-external"},"yoast_head":"<!-- This site is optimized with the Yoast SEO plugin v27.3 - https:\/\/yoast.com\/product\/yoast-seo-wordpress\/ -->\n<title>Osta Shape Up kapselit \ud83c\udff7\ufe0f 46% alennus Suomessa<\/title>\n<meta name=\"robots\" content=\"index, follow, max-snippet:-1, max-image-preview:large, max-video-preview:-1\" \/>\n<link rel=\"canonical\" href=\"https:\/\/etoxproject.eu\/fi\/tuote\/shape-up-kapselit\/\" \/>\n<meta property=\"og:locale\" content=\"fi_FI\" \/>\n<meta property=\"og:type\" content=\"article\" \/>\n<meta property=\"og:title\" content=\"Osta Shape Up kapselit \ud83c\udff7\ufe0f 46% alennus Suomessa\" \/>\n<meta property=\"og:description\" content=\"Jos etsit ravintolis\u00e4\u00e4, joka auttaa sinua laihtumaan ja lis\u00e4\u00e4m\u00e4\u00e4n samalla energiaasi ja hyvinvointiasi, Shape Up voi olla oikea valinta. T\u00e4m\u00e4 tuote lupaa tukea rasvanpolttoon, tehokkaamman ruokavaliovaiheen ja paremman fyysisen suorituskyvyn. Mutta lunastaako Shape Up todella sen, mit\u00e4 se lupaa? Shape Up -kapselit testiss\u00e4 &#8211; l\u00e4\u00e4ke onnistuneeseen laihtumiseen \u201dShape Upia markkinoidaan t\u00e4ll\u00e4 hetkell\u00e4 erityisen tehokkaana tuotteena, ... Lue lis\u00e4\u00e4\" \/>\n<meta property=\"og:url\" content=\"https:\/\/etoxproject.eu\/fi\/tuote\/shape-up-kapselit\/\" \/>\n<meta property=\"og:site_name\" content=\"etoxproject.eu\" \/>\n<meta property=\"og:image\" content=\"https:\/\/etoxproject.eu\/wp-content\/uploads\/2025\/03\/shape-up.jpg\" \/>\n\t<meta property=\"og:image:width\" content=\"600\" \/>\n\t<meta property=\"og:image:height\" content=\"600\" \/>\n\t<meta property=\"og:image:type\" content=\"image\/jpeg\" \/>\n<meta name=\"twitter:card\" content=\"summary_large_image\" \/>\n<meta name=\"twitter:label1\" content=\"Arvioitu lukuaika\" \/>\n\t<meta name=\"twitter:data1\" content=\"4 minuuttia\" \/>\n<script type=\"application\/ld+json\" class=\"yoast-schema-graph\">{\"@context\":\"https:\\\/\\\/schema.org\",\"@graph\":[{\"@type\":\"WebPage\",\"@id\":\"https:\\\/\\\/etoxproject.eu\\\/fi\\\/tuote\\\/shape-up-kapselit\\\/\",\"url\":\"https:\\\/\\\/etoxproject.eu\\\/fi\\\/tuote\\\/shape-up-kapselit\\\/\",\"name\":\"Osta Shape Up kapselit \ud83c\udff7\ufe0f 46% alennus Suomessa\",\"isPartOf\":{\"@id\":\"https:\\\/\\\/etoxproject.eu\\\/fi\\\/#website\"},\"primaryImageOfPage\":{\"@id\":\"https:\\\/\\\/etoxproject.eu\\\/fi\\\/tuote\\\/shape-up-kapselit\\\/#primaryimage\"},\"image\":{\"@id\":\"https:\\\/\\\/etoxproject.eu\\\/fi\\\/tuote\\\/shape-up-kapselit\\\/#primaryimage\"},\"thumbnailUrl\":\"https:\\\/\\\/etoxproject.eu\\\/wp-content\\\/uploads\\\/2025\\\/03\\\/shape-up.jpg\",\"datePublished\":\"2025-03-28T12:18:15+00:00\",\"breadcrumb\":{\"@id\":\"https:\\\/\\\/etoxproject.eu\\\/fi\\\/tuote\\\/shape-up-kapselit\\\/#breadcrumb\"},\"inLanguage\":\"fi\",\"potentialAction\":[{\"@type\":\"ReadAction\",\"target\":[\"https:\\\/\\\/etoxproject.eu\\\/fi\\\/tuote\\\/shape-up-kapselit\\\/\"]}]},{\"@type\":\"ImageObject\",\"inLanguage\":\"fi\",\"@id\":\"https:\\\/\\\/etoxproject.eu\\\/fi\\\/tuote\\\/shape-up-kapselit\\\/#primaryimage\",\"url\":\"https:\\\/\\\/etoxproject.eu\\\/wp-content\\\/uploads\\\/2025\\\/03\\\/shape-up.jpg\",\"contentUrl\":\"https:\\\/\\\/etoxproject.eu\\\/wp-content\\\/uploads\\\/2025\\\/03\\\/shape-up.jpg\",\"width\":600,\"height\":600,\"caption\":\"shape up\"},{\"@type\":\"BreadcrumbList\",\"@id\":\"https:\\\/\\\/etoxproject.eu\\\/fi\\\/tuote\\\/shape-up-kapselit\\\/#breadcrumb\",\"itemListElement\":[{\"@type\":\"ListItem\",\"position\":1,\"name\":\"Startseite\",\"item\":\"https:\\\/\\\/etoxproject.eu\\\/fi\\\/\"},{\"@type\":\"ListItem\",\"position\":2,\"name\":\"Shop\",\"item\":\"https:\\\/\\\/etoxproject.eu\\\/shop\\\/\"},{\"@type\":\"ListItem\",\"position\":3,\"name\":\"Shape Up kapselit\"}]},{\"@type\":\"WebSite\",\"@id\":\"https:\\\/\\\/etoxproject.eu\\\/fi\\\/#website\",\"url\":\"https:\\\/\\\/etoxproject.eu\\\/fi\\\/\",\"name\":\"etoxproject.eu\",\"description\":\"\",\"publisher\":{\"@id\":\"https:\\\/\\\/etoxproject.eu\\\/fi\\\/#organization\"},\"potentialAction\":[{\"@type\":\"SearchAction\",\"target\":{\"@type\":\"EntryPoint\",\"urlTemplate\":\"https:\\\/\\\/etoxproject.eu\\\/fi\\\/?s={search_term_string}\"},\"query-input\":{\"@type\":\"PropertyValueSpecification\",\"valueRequired\":true,\"valueName\":\"search_term_string\"}}],\"inLanguage\":\"fi\"},{\"@type\":\"Organization\",\"@id\":\"https:\\\/\\\/etoxproject.eu\\\/fi\\\/#organization\",\"name\":\"etoxproject.eu\",\"url\":\"https:\\\/\\\/etoxproject.eu\\\/fi\\\/\",\"logo\":{\"@type\":\"ImageObject\",\"inLanguage\":\"fi\",\"@id\":\"https:\\\/\\\/etoxproject.eu\\\/fi\\\/#\\\/schema\\\/logo\\\/image\\\/\",\"url\":\"https:\\\/\\\/etoxproject.eu\\\/wp-content\\\/uploads\\\/2024\\\/12\\\/etoxproject.png\",\"contentUrl\":\"https:\\\/\\\/etoxproject.eu\\\/wp-content\\\/uploads\\\/2024\\\/12\\\/etoxproject.png\",\"width\":315,\"height\":69,\"caption\":\"etoxproject.eu\"},\"image\":{\"@id\":\"https:\\\/\\\/etoxproject.eu\\\/fi\\\/#\\\/schema\\\/logo\\\/image\\\/\"}}]}<\/script>\n<!-- \/ Yoast SEO plugin. -->","yoast_head_json":{"title":"Osta Shape Up kapselit \ud83c\udff7\ufe0f 46% alennus Suomessa","robots":{"index":"index","follow":"follow","max-snippet":"max-snippet:-1","max-image-preview":"max-image-preview:large","max-video-preview":"max-video-preview:-1"},"canonical":"https:\/\/etoxproject.eu\/fi\/tuote\/shape-up-kapselit\/","og_locale":"fi_FI","og_type":"article","og_title":"Osta Shape Up kapselit \ud83c\udff7\ufe0f 46% alennus Suomessa","og_description":"Jos etsit ravintolis\u00e4\u00e4, joka auttaa sinua laihtumaan ja lis\u00e4\u00e4m\u00e4\u00e4n samalla energiaasi ja hyvinvointiasi, Shape Up voi olla oikea valinta. T\u00e4m\u00e4 tuote lupaa tukea rasvanpolttoon, tehokkaamman ruokavaliovaiheen ja paremman fyysisen suorituskyvyn. Mutta lunastaako Shape Up todella sen, mit\u00e4 se lupaa? Shape Up -kapselit testiss\u00e4 &#8211; l\u00e4\u00e4ke onnistuneeseen laihtumiseen \u201dShape Upia markkinoidaan t\u00e4ll\u00e4 hetkell\u00e4 erityisen tehokkaana tuotteena, ... Lue lis\u00e4\u00e4","og_url":"https:\/\/etoxproject.eu\/fi\/tuote\/shape-up-kapselit\/","og_site_name":"etoxproject.eu","og_image":[{"width":600,"height":600,"url":"https:\/\/etoxproject.eu\/wp-content\/uploads\/2025\/03\/shape-up.jpg","type":"image\/jpeg"}],"twitter_card":"summary_large_image","twitter_misc":{"Arvioitu lukuaika":"4 minuuttia"},"schema":{"@context":"https:\/\/schema.org","@graph":[{"@type":"WebPage","@id":"https:\/\/etoxproject.eu\/fi\/tuote\/shape-up-kapselit\/","url":"https:\/\/etoxproject.eu\/fi\/tuote\/shape-up-kapselit\/","name":"Osta Shape Up kapselit \ud83c\udff7\ufe0f 46% alennus Suomessa","isPartOf":{"@id":"https:\/\/etoxproject.eu\/fi\/#website"},"primaryImageOfPage":{"@id":"https:\/\/etoxproject.eu\/fi\/tuote\/shape-up-kapselit\/#primaryimage"},"image":{"@id":"https:\/\/etoxproject.eu\/fi\/tuote\/shape-up-kapselit\/#primaryimage"},"thumbnailUrl":"https:\/\/etoxproject.eu\/wp-content\/uploads\/2025\/03\/shape-up.jpg","datePublished":"2025-03-28T12:18:15+00:00","breadcrumb":{"@id":"https:\/\/etoxproject.eu\/fi\/tuote\/shape-up-kapselit\/#breadcrumb"},"inLanguage":"fi","potentialAction":[{"@type":"ReadAction","target":["https:\/\/etoxproject.eu\/fi\/tuote\/shape-up-kapselit\/"]}]},{"@type":"ImageObject","inLanguage":"fi","@id":"https:\/\/etoxproject.eu\/fi\/tuote\/shape-up-kapselit\/#primaryimage","url":"https:\/\/etoxproject.eu\/wp-content\/uploads\/2025\/03\/shape-up.jpg","contentUrl":"https:\/\/etoxproject.eu\/wp-content\/uploads\/2025\/03\/shape-up.jpg","width":600,"height":600,"caption":"shape up"},{"@type":"BreadcrumbList","@id":"https:\/\/etoxproject.eu\/fi\/tuote\/shape-up-kapselit\/#breadcrumb","itemListElement":[{"@type":"ListItem","position":1,"name":"Startseite","item":"https:\/\/etoxproject.eu\/fi\/"},{"@type":"ListItem","position":2,"name":"Shop","item":"https:\/\/etoxproject.eu\/shop\/"},{"@type":"ListItem","position":3,"name":"Shape Up kapselit"}]},{"@type":"WebSite","@id":"https:\/\/etoxproject.eu\/fi\/#website","url":"https:\/\/etoxproject.eu\/fi\/","name":"etoxproject.eu","description":"","publisher":{"@id":"https:\/\/etoxproject.eu\/fi\/#organization"},"potentialAction":[{"@type":"SearchAction","target":{"@type":"EntryPoint","urlTemplate":"https:\/\/etoxproject.eu\/fi\/?s={search_term_string}"},"query-input":{"@type":"PropertyValueSpecification","valueRequired":true,"valueName":"search_term_string"}}],"inLanguage":"fi"},{"@type":"Organization","@id":"https:\/\/etoxproject.eu\/fi\/#organization","name":"etoxproject.eu","url":"https:\/\/etoxproject.eu\/fi\/","logo":{"@type":"ImageObject","inLanguage":"fi","@id":"https:\/\/etoxproject.eu\/fi\/#\/schema\/logo\/image\/","url":"https:\/\/etoxproject.eu\/wp-content\/uploads\/2024\/12\/etoxproject.png","contentUrl":"https:\/\/etoxproject.eu\/wp-content\/uploads\/2024\/12\/etoxproject.png","width":315,"height":69,"caption":"etoxproject.eu"},"image":{"@id":"https:\/\/etoxproject.eu\/fi\/#\/schema\/logo\/image\/"}}]}},"_links":{"self":[{"href":"https:\/\/etoxproject.eu\/fi\/wp-json\/wp\/v2\/product\/3081","targetHints":{"allow":["GET"]}}],"collection":[{"href":"https:\/\/etoxproject.eu\/fi\/wp-json\/wp\/v2\/product"}],"about":[{"href":"https:\/\/etoxproject.eu\/fi\/wp-json\/wp\/v2\/types\/product"}],"replies":[{"embeddable":true,"href":"https:\/\/etoxproject.eu\/fi\/wp-json\/wp\/v2\/comments?post=3081"}],"wp:featuredmedia":[{"embeddable":true,"href":"https:\/\/etoxproject.eu\/fi\/wp-json\/wp\/v2\/media\/2543"}],"wp:attachment":[{"href":"https:\/\/etoxproject.eu\/fi\/wp-json\/wp\/v2\/media?parent=3081"}],"wp:term":[{"taxonomy":"product_brand","embeddable":true,"href":"https:\/\/etoxproject.eu\/fi\/wp-json\/wp\/v2\/product_brand?post=3081"},{"taxonomy":"product_cat","embeddable":true,"href":"https:\/\/etoxproject.eu\/fi\/wp-json\/wp\/v2\/product_cat?post=3081"},{"taxonomy":"product_tag","embeddable":true,"href":"https:\/\/etoxproject.eu\/fi\/wp-json\/wp\/v2\/product_tag?post=3081"}],"curies":[{"name":"wp","href":"https:\/\/api.w.org\/{rel}","templated":true}]}}