{"id":3345,"date":"2025-04-27T09:46:47","date_gmt":"2025-04-27T08:32:59","guid":{"rendered":"https:\/\/etoxproject.eu\/?post_type=product&#038;p=3345"},"modified":"2025-04-27T10:32:59","modified_gmt":"2025-04-27T08:32:59","slug":"nourix-kapselit","status":"publish","type":"product","link":"https:\/\/etoxproject.eu\/fi\/tuote\/nourix-kapselit\/","title":{"rendered":"Nourix kapselit"},"content":{"rendered":"<p>\ud83d\udfe2 <strong>Nourix-laihtumiskapselien yksityiskohtainen testiraportti \u2013 kokemuksemme ja arviointimme<\/strong><\/p>\n<h2>\ud83c\udf3f <strong>Nourix-kapselien kokemukset ja testiraportti<\/strong><\/h2>\n<p>Nourix-kapselit ovat t\u00e4ll\u00e4 hetkell\u00e4 yksi markkinoiden suosituimmista luonnollisista ravintolisist\u00e4 painonpudotuksen tukemiseen. Niiden erityispiirre on, ett\u00e4 ne yhdist\u00e4v\u00e4t useita eritt\u00e4in tehokkaita luonnollisia ainesosia tukemaan kehon painonpudotusta kohdennetusti. Monet k\u00e4ytt\u00e4j\u00e4t kertovat vaikuttavista tuloksista ilman, ett\u00e4 heid\u00e4n olisi tarvinnut muuttaa ruokavaliotaan radikaalisti.<\/p>\n<h2>\ud83d\udd0d <strong>Ainesosat \u2013 luonnon voima<\/strong><\/h2>\n<p>Nourix-kapselien tehokkuus perustuu ainutlaatuiseen ja huolellisesti valittuun luonnollisten ainesosien sekoitukseen:<\/p>\n<ul>\n<li><strong>Vihre\u00e4 tee -uute:<\/strong> Tehokas aineenvaihdunnan kiihdytt\u00e4j\u00e4, joka voi merkitt\u00e4v\u00e4sti lis\u00e4t\u00e4 rasvanpolttoa. Antioksidanttisen vaikutuksensa ansiosta se suojaa samalla soluja ja tukee terveytt\u00e4.<\/li>\n<li><strong>Garcinia Cambogia:<\/strong> Tunnetaan korkeasta hydroksisitruunahappopitoisuudestaan (HCA), joka on osoitettu hillitsev\u00e4n ruokahalua ja v\u00e4hent\u00e4v\u00e4n uusien rasvasolujen muodostumista. Monet k\u00e4ytt\u00e4j\u00e4t raportoivat, ett\u00e4 ruokahalun voimakas lis\u00e4\u00e4ntyminen on v\u00e4hentynyt merkitt\u00e4v\u00e4sti.<\/li>\n<li><strong>Omenaviinietikka:<\/strong> Perinteinen l\u00e4\u00e4ke, jonka on todettu auttavan laihtumisessa tukemalla ruoansulatusta, vakauttamalla verensokeria ja lis\u00e4\u00e4m\u00e4ll\u00e4 yleist\u00e4 kyll\u00e4isyytt\u00e4.<\/li>\n<li><strong>Forskolin (Coleus Forskohlii):<\/strong> V\u00e4hemm\u00e4n tunnettu, mutta eritt\u00e4in tehokas ainesosa, joka aktivoi rasvanpolttoa ja v\u00e4hent\u00e4\u00e4 erityisesti sitke\u00e4\u00e4 vatsarasvaa.<\/li>\n<li><strong>Inkiv\u00e4\u00e4rijuuri:<\/strong> T\u00e4m\u00e4 juurikas parantaa ruoansulatusta, v\u00e4hent\u00e4\u00e4 ilmavaivoja ja edist\u00e4\u00e4 miellytt\u00e4v\u00e4\u00e4 vatsan tunnetta, jolloin olo on kevyempi ja energisempi.<\/li>\n<li><strong>Kromi:<\/strong> T\u00e4rke\u00e4 mineraali, joka auttaa s\u00e4\u00e4telem\u00e4\u00e4n verensokeria ja v\u00e4hent\u00e4\u00e4 merkitt\u00e4v\u00e4sti makeanhimoa.<\/li>\n<\/ul>\n<h2>\u2728 <strong>Miten Nourix-kapselit toimivat?<\/strong><\/h2>\n<p>N\u00e4iden ainesosien yhdistelm\u00e4 takaa moniulotteisen vaikutuksen: aineenvaihdunta aktivoituu, rasvanpoltto tehostuu, ruokahalu s\u00e4\u00e4telee ja samalla yleinen hyvinvointi paranee. Kaikkien ainesosien synergistinen vaikutus mahdollistaa kest\u00e4v\u00e4n ja terveellisen painonpudotuksen.<\/p>\n<h2>\ud83e\uddea <strong>K\u00e4ytt\u00f6 ja annostus \u2013 helppoa ja k\u00e4yt\u00e4nn\u00f6llist\u00e4<\/strong><\/h2>\n<p>Nourixin k\u00e4ytt\u00f6 on eritt\u00e4in helppoa: Suositeltava annos on yksi kapseli p\u00e4iv\u00e4ss\u00e4 noin 20\u201330 minuuttia ennen p\u00e4\u00e4ateriaa. Ihannetapauksessa kapseli otetaan lasillisen veden kanssa. Monet k\u00e4ytt\u00e4j\u00e4t raportoivat jo muutaman p\u00e4iv\u00e4n kuluttua ensimm\u00e4isist\u00e4 positiivisista muutoksista, kuten parantuneesta ruoansulatuksesta ja v\u00e4hentyneist\u00e4 ruokahalun kohtauksista.<\/p>\n<h2>\ud83c\udfaf <strong>Kokemukset \u2013 mit\u00e4 k\u00e4ytt\u00e4j\u00e4t sanovat<\/strong><\/h2>\n<p>Palaute Nourixista on ylivoimaisen positiivista. Monet k\u00e4ytt\u00e4j\u00e4t raportoivat h\u00e4mm\u00e4stytt\u00e4vist\u00e4 tuloksista:<\/p>\n<p><strong>Julia (37 vuotta)<\/strong> kertoo laihtuneensa kuudessa viikossa per\u00e4ti 6 kg ilman n\u00e4l\u00e4n tunnetta tai jojo-ilmi\u00f6t\u00e4. H\u00e4n korostaa erityisesti v\u00e4hentynytt\u00e4 makeanhimoa.<\/p>\n<p><strong>Martin (44 vuotta)<\/strong> kertoo, ett\u00e4 Nourix auttoi h\u00e4nt\u00e4 pienent\u00e4m\u00e4\u00e4n vatsan ymp\u00e4rysmittaa n\u00e4kyv\u00e4sti ja parantamaan hyvinvointiaan huomattavasti. Yhdess\u00e4 kohtuullisen liikunnan kanssa h\u00e4n onnistui laihtumaan jopa 8 kg kahdessa kuukaudessa.<\/p>\n<p><strong>Sabine (29-vuotias)<\/strong> on innoissaan uudesta energiasta, jota h\u00e4n on tuntenut tuotteen k\u00e4yt\u00f6n aloittamisen j\u00e4lkeen. H\u00e4n korostaa, ett\u00e4 h\u00e4n sy\u00f6 huomattavasti v\u00e4hemm\u00e4n v\u00e4lipaloja ja ett\u00e4 h\u00e4nen ruoansulatuksensa toimii selv\u00e4sti paremmin.<\/p>\n<p>\ud83d\udcc8 <strong>Edut yhdell\u00e4 silm\u00e4yksell\u00e4<\/strong><\/p>\n<ul>\n<li>Puhtaasti kasviper\u00e4iset ainesosat ilman kemiallisia lis\u00e4aineita<\/li>\n<li>V\u00e4hent\u00e4\u00e4 n\u00e4l\u00e4n tunnetta ja ruokahalua<\/li>\n<li>Aineenvaihdunnan aktivointi ja kohdennettu rasvanpoltto<\/li>\n<li>Parempi ruoansulatus ja lis\u00e4\u00e4ntynyt hyvinvointi<\/li>\n<li>Helppo ja yksinkertainen k\u00e4ytt\u00f6<\/li>\n<li>Ei tunnettua jojo-ilmi\u00f6t\u00e4<\/li>\n<\/ul>\n<p>\u2696\ufe0f <strong>Mahdolliset haitat<\/strong><\/p>\n<ul>\n<li>Yksil\u00f6lliset vaikutukset voivat vaihdella<\/li>\n<li>Suositellaan k\u00e4ytett\u00e4v\u00e4ksi pidemp\u00e4\u00e4n optimaalisten tulosten saavuttamiseksi<\/li>\n<li>Saatavana vain verkossa<\/li>\n<\/ul>\n<h2>\ud83c\udfc5 <strong>Pitk\u00e4aikaiset tulokset ja kest\u00e4vyys<\/strong><\/h2>\n<p>Monet k\u00e4ytt\u00e4j\u00e4t kertovat, ett\u00e4 Nourixin avulla saavutetut tulokset ovat pitk\u00e4aikaisia. Radikaalien ruokavalioiden v\u00e4ltt\u00e4minen yhdess\u00e4 kapseleiden kanssa johtaa kest\u00e4viin tuloksiin ilman tyypillisi\u00e4 relapsia tai jojo-ilmi\u00f6t\u00e4. Kapseleet motivoivat my\u00f6s terveellisemp\u00e4\u00e4n el\u00e4m\u00e4ntapaan, koska ne edist\u00e4v\u00e4t yleist\u00e4 hyvinvointia ja lis\u00e4\u00e4v\u00e4t elinvoimaa.<\/p>\n<h2>\ud83d\udca1 <strong>Vinkkej\u00e4 optimaalisten tulosten saavuttamiseksi<\/strong><\/h2>\n<p>Parhaiden tulosten saavuttamiseksi Nourixin kanssa on suositeltavaa yhdist\u00e4\u00e4 sen k\u00e4ytt\u00f6 terveelliseen ja tasapainoiseen ruokavalioon sek\u00e4 s\u00e4\u00e4nn\u00f6lliseen liikuntaan. Jo kohtuullinen liikunta, kuten k\u00e4vely, py\u00f6r\u00e4ily tai kevyt kuntoilu, riitt\u00e4\u00e4 vahvistamaan Nourixin vaikutusta.<\/p>\n<h2>\ud83d\uded2 <strong>Hinta-laatusuhde ja saatavuus<\/strong><\/h2>\n<p>Nourix-kapselit ovat saatavilla yksinomaan virallisella verkkosivustolla, mik\u00e4 takaa korkeimmat laatustandardit. Hinta on t\u00e4ll\u00e4 hetkell\u00e4 noin 39 \u20ac per pakkaus. Usein on saatavilla houkuttelevia alennuksia jopa 50 %, joten tuotteen kokeilu on riskit\u00f6nt\u00e4 ja edullista. Valmistaja tarjoaa usein my\u00f6s useamman pakkauksen paketteja huomattavasti alennettuun hintaan.<\/p>\n<h2>\ud83d\ude9a <strong>Toimitus ja asiakaspalvelu<\/strong><\/h2>\n<p>Toimitus tapahtuu nopeasti ja huomaamattomasti suoraan kotiisi. Asiakkaat kiitt\u00e4v\u00e4t yst\u00e4v\u00e4llist\u00e4 ja avuliasta asiakaspalvelua, joka on aina valmiina vastaamaan kysymyksiin ja antamaan asiantuntevaa neuvontaa.<\/p>\n<h2>\ud83d\udccc <strong>Yhteenveto \u2013 lopullinen arvio<\/strong><\/h2>\n<p>Nourix-laihtumiskapselit ovat selke\u00e4 suositus kaikille, jotka haluavat laihtua luonnollisella tavalla. Luonnollisten ainesosien kohdennetun yhdistelm\u00e4n ansiosta laihtuminen on kest\u00e4v\u00e4\u00e4, terveellist\u00e4 ja tehokasta. Lukuisat positiiviset kokemukset korostavat tuotteen luotettavuutta ja tehokkuutta.<\/p>\n<p>Jos haluat laihtua pitk\u00e4aikaisesti ilman radikaalia ruokavalion muutosta, sinun kannattaa ehdottomasti kokeilla Nourixia. Kokemuksemme osoittavat selv\u00e4sti, ett\u00e4 t\u00e4m\u00e4 tuote pit\u00e4\u00e4 lupauksensa. Terveellisempi, kevyempi ja elinvoimaisempi el\u00e4m\u00e4 voi olla vain yhden p\u00e4\u00e4t\u00f6ksen p\u00e4\u00e4ss\u00e4.<\/p>\n","protected":false},"excerpt":{"rendered":"<p>\ud83d\udfe2 Nourix-laihtumiskapselien yksityiskohtainen testiraportti \u2013 kokemuksemme ja arviointimme \ud83c\udf3f Nourix-kapselien kokemukset ja testiraportti Nourix-kapselit ovat t\u00e4ll\u00e4 hetkell\u00e4 yksi markkinoiden suosituimmista luonnollisista ravintolisist\u00e4 painonpudotuksen tukemiseen. Niiden erityispiirre on, ett\u00e4 ne yhdist\u00e4v\u00e4t useita eritt\u00e4in tehokkaita luonnollisia ainesosia tukemaan kehon painonpudotusta kohdennetusti. Monet k\u00e4ytt\u00e4j\u00e4t kertovat vaikuttavista tuloksista ilman, ett\u00e4 heid\u00e4n olisi tarvinnut muuttaa ruokavaliotaan radikaalisti. \ud83d\udd0d Ainesosat \u2013 &#8230; <a title=\"Nourix kapselit\" class=\"read-more\" href=\"https:\/\/etoxproject.eu\/fi\/tuote\/nourix-kapselit\/\" aria-label=\"Lis\u00e4\u00e4 Nourix kapselit\">Lue lis\u00e4\u00e4<\/a><\/p>\n","protected":false},"featured_media":3184,"comment_status":"open","ping_status":"closed","template":"","meta":[],"product_brand":[],"product_cat":[],"product_tag":[],"class_list":{"0":"post-3345","1":"product","2":"type-product","3":"status-publish","4":"has-post-thumbnail","7":"first","8":"instock","9":"sale","10":"shipping-taxable","11":"product-type-external"},"yoast_head":"<!-- This site is optimized with the Yoast SEO plugin v27.3 - https:\/\/yoast.com\/product\/yoast-seo-wordpress\/ -->\n<title>Nourix kapselit \ud83c\udff7\ufe0f 46 % alennus Suomen hinnasta<\/title>\n<meta name=\"robots\" content=\"index, follow, max-snippet:-1, max-image-preview:large, max-video-preview:-1\" \/>\n<link rel=\"canonical\" href=\"https:\/\/etoxproject.eu\/fi\/tuote\/nourix-kapselit\/\" \/>\n<meta property=\"og:locale\" content=\"fi_FI\" \/>\n<meta property=\"og:type\" content=\"article\" \/>\n<meta property=\"og:title\" content=\"Nourix kapselit \ud83c\udff7\ufe0f 46 % alennus Suomen hinnasta\" \/>\n<meta property=\"og:description\" content=\"\ud83d\udfe2 Nourix-laihtumiskapselien yksityiskohtainen testiraportti \u2013 kokemuksemme ja arviointimme \ud83c\udf3f Nourix-kapselien kokemukset ja testiraportti Nourix-kapselit ovat t\u00e4ll\u00e4 hetkell\u00e4 yksi markkinoiden suosituimmista luonnollisista ravintolisist\u00e4 painonpudotuksen tukemiseen. Niiden erityispiirre on, ett\u00e4 ne yhdist\u00e4v\u00e4t useita eritt\u00e4in tehokkaita luonnollisia ainesosia tukemaan kehon painonpudotusta kohdennetusti. Monet k\u00e4ytt\u00e4j\u00e4t kertovat vaikuttavista tuloksista ilman, ett\u00e4 heid\u00e4n olisi tarvinnut muuttaa ruokavaliotaan radikaalisti. \ud83d\udd0d Ainesosat \u2013 ... Lue lis\u00e4\u00e4\" \/>\n<meta property=\"og:url\" content=\"https:\/\/etoxproject.eu\/fi\/tuote\/nourix-kapselit\/\" \/>\n<meta property=\"og:site_name\" content=\"etoxproject.eu\" \/>\n<meta property=\"og:image\" content=\"https:\/\/etoxproject.eu\/wp-content\/uploads\/2025\/04\/nourix.jpg\" \/>\n\t<meta property=\"og:image:width\" content=\"683\" \/>\n\t<meta property=\"og:image:height\" content=\"683\" \/>\n\t<meta property=\"og:image:type\" content=\"image\/jpeg\" \/>\n<meta name=\"twitter:card\" content=\"summary_large_image\" \/>\n<meta name=\"twitter:label1\" content=\"Arvioitu lukuaika\" \/>\n\t<meta name=\"twitter:data1\" content=\"4 minuuttia\" \/>\n<script type=\"application\/ld+json\" class=\"yoast-schema-graph\">{\"@context\":\"https:\\\/\\\/schema.org\",\"@graph\":[{\"@type\":\"WebPage\",\"@id\":\"https:\\\/\\\/etoxproject.eu\\\/fi\\\/tuote\\\/nourix-kapselit\\\/\",\"url\":\"https:\\\/\\\/etoxproject.eu\\\/fi\\\/tuote\\\/nourix-kapselit\\\/\",\"name\":\"Nourix kapselit \ud83c\udff7\ufe0f 46 % alennus Suomen hinnasta\",\"isPartOf\":{\"@id\":\"https:\\\/\\\/etoxproject.eu\\\/fi\\\/#website\"},\"primaryImageOfPage\":{\"@id\":\"https:\\\/\\\/etoxproject.eu\\\/fi\\\/tuote\\\/nourix-kapselit\\\/#primaryimage\"},\"image\":{\"@id\":\"https:\\\/\\\/etoxproject.eu\\\/fi\\\/tuote\\\/nourix-kapselit\\\/#primaryimage\"},\"thumbnailUrl\":\"https:\\\/\\\/etoxproject.eu\\\/wp-content\\\/uploads\\\/2025\\\/04\\\/nourix.jpg\",\"datePublished\":\"2025-04-27T08:32:59+00:00\",\"breadcrumb\":{\"@id\":\"https:\\\/\\\/etoxproject.eu\\\/fi\\\/tuote\\\/nourix-kapselit\\\/#breadcrumb\"},\"inLanguage\":\"fi\",\"potentialAction\":[{\"@type\":\"ReadAction\",\"target\":[\"https:\\\/\\\/etoxproject.eu\\\/fi\\\/tuote\\\/nourix-kapselit\\\/\"]}]},{\"@type\":\"ImageObject\",\"inLanguage\":\"fi\",\"@id\":\"https:\\\/\\\/etoxproject.eu\\\/fi\\\/tuote\\\/nourix-kapselit\\\/#primaryimage\",\"url\":\"https:\\\/\\\/etoxproject.eu\\\/wp-content\\\/uploads\\\/2025\\\/04\\\/nourix.jpg\",\"contentUrl\":\"https:\\\/\\\/etoxproject.eu\\\/wp-content\\\/uploads\\\/2025\\\/04\\\/nourix.jpg\",\"width\":683,\"height\":683,\"caption\":\"nourix\"},{\"@type\":\"BreadcrumbList\",\"@id\":\"https:\\\/\\\/etoxproject.eu\\\/fi\\\/tuote\\\/nourix-kapselit\\\/#breadcrumb\",\"itemListElement\":[{\"@type\":\"ListItem\",\"position\":1,\"name\":\"Startseite\",\"item\":\"https:\\\/\\\/etoxproject.eu\\\/fi\\\/\"},{\"@type\":\"ListItem\",\"position\":2,\"name\":\"Shop\",\"item\":\"https:\\\/\\\/etoxproject.eu\\\/shop\\\/\"},{\"@type\":\"ListItem\",\"position\":3,\"name\":\"Nourix kapselit\"}]},{\"@type\":\"WebSite\",\"@id\":\"https:\\\/\\\/etoxproject.eu\\\/fi\\\/#website\",\"url\":\"https:\\\/\\\/etoxproject.eu\\\/fi\\\/\",\"name\":\"etoxproject.eu\",\"description\":\"\",\"publisher\":{\"@id\":\"https:\\\/\\\/etoxproject.eu\\\/fi\\\/#organization\"},\"potentialAction\":[{\"@type\":\"SearchAction\",\"target\":{\"@type\":\"EntryPoint\",\"urlTemplate\":\"https:\\\/\\\/etoxproject.eu\\\/fi\\\/?s={search_term_string}\"},\"query-input\":{\"@type\":\"PropertyValueSpecification\",\"valueRequired\":true,\"valueName\":\"search_term_string\"}}],\"inLanguage\":\"fi\"},{\"@type\":\"Organization\",\"@id\":\"https:\\\/\\\/etoxproject.eu\\\/fi\\\/#organization\",\"name\":\"etoxproject.eu\",\"url\":\"https:\\\/\\\/etoxproject.eu\\\/fi\\\/\",\"logo\":{\"@type\":\"ImageObject\",\"inLanguage\":\"fi\",\"@id\":\"https:\\\/\\\/etoxproject.eu\\\/fi\\\/#\\\/schema\\\/logo\\\/image\\\/\",\"url\":\"https:\\\/\\\/etoxproject.eu\\\/wp-content\\\/uploads\\\/2024\\\/12\\\/etoxproject.png\",\"contentUrl\":\"https:\\\/\\\/etoxproject.eu\\\/wp-content\\\/uploads\\\/2024\\\/12\\\/etoxproject.png\",\"width\":315,\"height\":69,\"caption\":\"etoxproject.eu\"},\"image\":{\"@id\":\"https:\\\/\\\/etoxproject.eu\\\/fi\\\/#\\\/schema\\\/logo\\\/image\\\/\"}}]}<\/script>\n<!-- \/ Yoast SEO plugin. -->","yoast_head_json":{"title":"Nourix kapselit \ud83c\udff7\ufe0f 46 % alennus Suomen hinnasta","robots":{"index":"index","follow":"follow","max-snippet":"max-snippet:-1","max-image-preview":"max-image-preview:large","max-video-preview":"max-video-preview:-1"},"canonical":"https:\/\/etoxproject.eu\/fi\/tuote\/nourix-kapselit\/","og_locale":"fi_FI","og_type":"article","og_title":"Nourix kapselit \ud83c\udff7\ufe0f 46 % alennus Suomen hinnasta","og_description":"\ud83d\udfe2 Nourix-laihtumiskapselien yksityiskohtainen testiraportti \u2013 kokemuksemme ja arviointimme \ud83c\udf3f Nourix-kapselien kokemukset ja testiraportti Nourix-kapselit ovat t\u00e4ll\u00e4 hetkell\u00e4 yksi markkinoiden suosituimmista luonnollisista ravintolisist\u00e4 painonpudotuksen tukemiseen. Niiden erityispiirre on, ett\u00e4 ne yhdist\u00e4v\u00e4t useita eritt\u00e4in tehokkaita luonnollisia ainesosia tukemaan kehon painonpudotusta kohdennetusti. Monet k\u00e4ytt\u00e4j\u00e4t kertovat vaikuttavista tuloksista ilman, ett\u00e4 heid\u00e4n olisi tarvinnut muuttaa ruokavaliotaan radikaalisti. \ud83d\udd0d Ainesosat \u2013 ... Lue lis\u00e4\u00e4","og_url":"https:\/\/etoxproject.eu\/fi\/tuote\/nourix-kapselit\/","og_site_name":"etoxproject.eu","og_image":[{"width":683,"height":683,"url":"https:\/\/etoxproject.eu\/wp-content\/uploads\/2025\/04\/nourix.jpg","type":"image\/jpeg"}],"twitter_card":"summary_large_image","twitter_misc":{"Arvioitu lukuaika":"4 minuuttia"},"schema":{"@context":"https:\/\/schema.org","@graph":[{"@type":"WebPage","@id":"https:\/\/etoxproject.eu\/fi\/tuote\/nourix-kapselit\/","url":"https:\/\/etoxproject.eu\/fi\/tuote\/nourix-kapselit\/","name":"Nourix kapselit \ud83c\udff7\ufe0f 46 % alennus Suomen hinnasta","isPartOf":{"@id":"https:\/\/etoxproject.eu\/fi\/#website"},"primaryImageOfPage":{"@id":"https:\/\/etoxproject.eu\/fi\/tuote\/nourix-kapselit\/#primaryimage"},"image":{"@id":"https:\/\/etoxproject.eu\/fi\/tuote\/nourix-kapselit\/#primaryimage"},"thumbnailUrl":"https:\/\/etoxproject.eu\/wp-content\/uploads\/2025\/04\/nourix.jpg","datePublished":"2025-04-27T08:32:59+00:00","breadcrumb":{"@id":"https:\/\/etoxproject.eu\/fi\/tuote\/nourix-kapselit\/#breadcrumb"},"inLanguage":"fi","potentialAction":[{"@type":"ReadAction","target":["https:\/\/etoxproject.eu\/fi\/tuote\/nourix-kapselit\/"]}]},{"@type":"ImageObject","inLanguage":"fi","@id":"https:\/\/etoxproject.eu\/fi\/tuote\/nourix-kapselit\/#primaryimage","url":"https:\/\/etoxproject.eu\/wp-content\/uploads\/2025\/04\/nourix.jpg","contentUrl":"https:\/\/etoxproject.eu\/wp-content\/uploads\/2025\/04\/nourix.jpg","width":683,"height":683,"caption":"nourix"},{"@type":"BreadcrumbList","@id":"https:\/\/etoxproject.eu\/fi\/tuote\/nourix-kapselit\/#breadcrumb","itemListElement":[{"@type":"ListItem","position":1,"name":"Startseite","item":"https:\/\/etoxproject.eu\/fi\/"},{"@type":"ListItem","position":2,"name":"Shop","item":"https:\/\/etoxproject.eu\/shop\/"},{"@type":"ListItem","position":3,"name":"Nourix kapselit"}]},{"@type":"WebSite","@id":"https:\/\/etoxproject.eu\/fi\/#website","url":"https:\/\/etoxproject.eu\/fi\/","name":"etoxproject.eu","description":"","publisher":{"@id":"https:\/\/etoxproject.eu\/fi\/#organization"},"potentialAction":[{"@type":"SearchAction","target":{"@type":"EntryPoint","urlTemplate":"https:\/\/etoxproject.eu\/fi\/?s={search_term_string}"},"query-input":{"@type":"PropertyValueSpecification","valueRequired":true,"valueName":"search_term_string"}}],"inLanguage":"fi"},{"@type":"Organization","@id":"https:\/\/etoxproject.eu\/fi\/#organization","name":"etoxproject.eu","url":"https:\/\/etoxproject.eu\/fi\/","logo":{"@type":"ImageObject","inLanguage":"fi","@id":"https:\/\/etoxproject.eu\/fi\/#\/schema\/logo\/image\/","url":"https:\/\/etoxproject.eu\/wp-content\/uploads\/2024\/12\/etoxproject.png","contentUrl":"https:\/\/etoxproject.eu\/wp-content\/uploads\/2024\/12\/etoxproject.png","width":315,"height":69,"caption":"etoxproject.eu"},"image":{"@id":"https:\/\/etoxproject.eu\/fi\/#\/schema\/logo\/image\/"}}]}},"_links":{"self":[{"href":"https:\/\/etoxproject.eu\/fi\/wp-json\/wp\/v2\/product\/3345","targetHints":{"allow":["GET"]}}],"collection":[{"href":"https:\/\/etoxproject.eu\/fi\/wp-json\/wp\/v2\/product"}],"about":[{"href":"https:\/\/etoxproject.eu\/fi\/wp-json\/wp\/v2\/types\/product"}],"replies":[{"embeddable":true,"href":"https:\/\/etoxproject.eu\/fi\/wp-json\/wp\/v2\/comments?post=3345"}],"wp:featuredmedia":[{"embeddable":true,"href":"https:\/\/etoxproject.eu\/fi\/wp-json\/wp\/v2\/media\/3184"}],"wp:attachment":[{"href":"https:\/\/etoxproject.eu\/fi\/wp-json\/wp\/v2\/media?parent=3345"}],"wp:term":[{"taxonomy":"product_brand","embeddable":true,"href":"https:\/\/etoxproject.eu\/fi\/wp-json\/wp\/v2\/product_brand?post=3345"},{"taxonomy":"product_cat","embeddable":true,"href":"https:\/\/etoxproject.eu\/fi\/wp-json\/wp\/v2\/product_cat?post=3345"},{"taxonomy":"product_tag","embeddable":true,"href":"https:\/\/etoxproject.eu\/fi\/wp-json\/wp\/v2\/product_tag?post=3345"}],"curies":[{"name":"wp","href":"https:\/\/api.w.org\/{rel}","templated":true}]}}