{"id":1157,"date":"2024-11-12T10:42:34","date_gmt":"2024-12-06T04:47:46","guid":{"rendered":"https:\/\/etoxproject.eu\/?post_type=product&#038;p=1157"},"modified":"2025-04-04T08:27:28","modified_gmt":"2025-04-04T06:27:28","slug":"akusoli","status":"publish","type":"product","link":"https:\/\/etoxproject.eu\/fr\/produit\/akusoli\/","title":{"rendered":"Semelles Akusoli"},"content":{"rendered":"<p>Les semelles Akusoli pour perdre du poids sont un produit innovant qui se concentre sur l&rsquo;aide \u00e0 la perte de poids gr\u00e2ce \u00e0 l&rsquo;utilisation de mat\u00e9riaux et de technologies sp\u00e9cifiques. Dans ce rapport de test, nous examinons en d\u00e9tail les caract\u00e9ristiques, les avantages et les exp\u00e9riences des utilisateurs de ces semelles. En outre, nous mettons en lumi\u00e8re le contexte scientifique et discutons de la mani\u00e8re dont le prix se comporte par rapport \u00e0 d&rsquo;autres produits.<\/p>\n<h2>Mat\u00e9riaux et ingr\u00e9dients<\/h2>\n<p><strong><a href=\"https:\/\/semellesacupression.fr\/\">Les semelles d&rsquo;acupression Akusoli<\/a> sont compos\u00e9es d&rsquo;une combinaison de mat\u00e9riaux de haute qualit\u00e9. On notera en particulier :<\/strong><\/p>\n<ul>\n<li><strong>Les inserts magn\u00e9tiques<\/strong> : ils favorisent la circulation sanguine et stimulent le m\u00e9tabolisme. Des \u00e9tudes ont montr\u00e9 que les champs magn\u00e9tiques peuvent avoir un effet positif sur la circulation sanguine.<\/li>\n<li><strong>Points d&rsquo;acupression<\/strong> : les picots plac\u00e9s strat\u00e9giquement stimulent certains points du pied qui sont en rapport avec le syst\u00e8me digestif. L&rsquo;acupressure est utilis\u00e9e depuis des si\u00e8cles dans la m\u00e9decine traditionnelle chinoise pour promouvoir la sant\u00e9.<\/li>\n<li><strong>Tissu respirant<\/strong> : celui-ci assure le confort et emp\u00eache la transpiration, ce qui est particuli\u00e8rement important pour l&rsquo;utilisation quotidienne.<\/li>\n<\/ul>\n<h2>Akusoli Semelles Avis m\u00e9dical<\/h2>\n<table>\n<thead>\n<tr>\n<th>Avantage<\/th>\n<th>Explication<\/th>\n<\/tr>\n<\/thead>\n<tbody>\n<tr>\n<td>\ud83d\udc63 <strong>Conception ergonomique<\/strong><\/td>\n<td>Les semelles s&rsquo;adaptent de mani\u00e8re optimale \u00e0 la forme du pied et favorisent une posture naturelle lors de la marche et de la position debout.<\/td>\n<\/tr>\n<tr>\n<td>\ud83d\udee1\ufe0f <strong>R\u00e9duction de la pression<\/strong><\/td>\n<td>Les semelles int\u00e9rieures Akusoli r\u00e9partissent la pression de mani\u00e8re uniforme sur toute la plante du pied, ce qui r\u00e9duit les points de pression douloureux.<\/td>\n<\/tr>\n<tr>\n<td>\ud83c\udf2c\ufe0f <strong>Respiration<\/strong><\/td>\n<td>Gr\u00e2ce \u00e0 des mat\u00e9riaux sp\u00e9ciaux, elles favorisent une bonne circulation de l&rsquo;air, ce qui minimise la transpiration et les odeurs.<\/td>\n<\/tr>\n<tr>\n<td>\ud83c\udf31 <strong>Respect de l&rsquo;environnement<\/strong><\/td>\n<td>Fabriqu\u00e9es \u00e0 partir de mat\u00e9riaux durables, les semelles sont biod\u00e9gradables et ne nuisent pas \u00e0 l&rsquo;environnement.<\/td>\n<\/tr>\n<tr>\n<td>\ud83d\udd25 <strong>Efficacit\u00e9 thermique<\/strong><\/td>\n<td>Ils offrent une excellente isolation thermique, gardent les pieds au chaud en hiver et au frais en \u00e9t\u00e9.<\/td>\n<\/tr>\n<tr>\n<td>\ud83d\udeb6 <strong>Amortissement et confort<\/strong><\/td>\n<td>Les rembourrages de qualit\u00e9 sup\u00e9rieure absorbent les chocs, ce qui permet de pr\u00e9server les articulations, les muscles et les tendons.<\/td>\n<\/tr>\n<tr>\n<td>\ud83e\uddb6 <strong>Sant\u00e9 du pied<\/strong><\/td>\n<td>Soutiennent la position naturelle du pied et peuvent lutter contre les malformations du pied comme les pieds plats ou les pieds creux.<\/td>\n<\/tr>\n<tr>\n<td>\ud83c\udfbd <strong>Avantage sportif<\/strong><\/td>\n<td>Id\u00e9ales pour les sportifs : elles am\u00e9liorent la stabilit\u00e9, favorisent les performances et r\u00e9duisent le risque de blessures.<\/td>\n<\/tr>\n<tr>\n<td>\ud83d\udee0\ufe0f <strong>Dur\u00e9e de vie<\/strong><\/td>\n<td>Des mat\u00e9riaux r\u00e9sistants permettent aux semelles int\u00e9rieures de durer longtemps, m\u00eame en cas d&rsquo;utilisation intensive.<\/td>\n<\/tr>\n<tr>\n<td>\ud83d\udc5c <strong>Une utilisation vari\u00e9e<\/strong><\/td>\n<td>Convient \u00e0 diff\u00e9rents types de chaussures, comme les chaussures de sport, les chaussures de travail ou les chaussures de tous les jours, sans perte de confort.<\/td>\n<\/tr>\n<\/tbody>\n<\/table>\n<p>&nbsp;<\/p>\n<h2>Akusoli Avis<\/h2>\n<p>L&rsquo;effet des semelles Akusoli repose sur deux approches centrales : La th\u00e9rapie magn\u00e9tique et l&rsquo;acupression. La th\u00e9rapie magn\u00e9tique fait l&rsquo;objet de recherches depuis longtemps pour soulager la douleur et am\u00e9liorer la circulation sanguine. Une \u00e9tude publi\u00e9e dans le <em>Journal of Applied Physiology<\/em> montre que les champs magn\u00e9tiques peuvent am\u00e9liorer la microcirculation dans les tissus.<\/p>\n<p>L&rsquo;acupressure, quant \u00e0 elle, utilise la stimulation de points de pression pour obtenir des effets b\u00e9n\u00e9fiques sur la sant\u00e9. Une \u00e9tude publi\u00e9e dans le <em>Journal of Alternative and Complementary Medicine<\/em> sugg\u00e8re que l&rsquo;acupression peut contribuer \u00e0 soutenir la perte de poids en stimulant le m\u00e9tabolisme et en contr\u00f4lant l&rsquo;app\u00e9tit.<\/p>\n<h2>Prix et disponibilit\u00e9<\/h2>\n<p>Les semelles Akusoli sont exclusivement disponibles sur le site web officiel du fabricant et ne sont pas propos\u00e9es dans les drogueries courantes comme dm, Rossmann ou les supermarch\u00e9s comme Kaufland. Elles ne sont pas non plus disponibles sur des plateformes comme Amazon ou Shop Apotheke. Le prix des inserts se situe dans le segment moyen, ce qui semble justifi\u00e9 au vu des technologies et des mat\u00e9riaux utilis\u00e9s. En comparaison avec des produits similaires, Akusoli offre un bon rapport qualit\u00e9-prix.<\/p>\n<h2>Akusoli semelles orthop\u00e9diques avis<\/h2>\n<p>De nombreux utilisateurs font \u00e9tat d&rsquo;exp\u00e9riences positives avec les semelles Akusoli. Ils soulignent en particulier le confort de port agr\u00e9able et l&rsquo;int\u00e9gration discr\u00e8te dans la vie quotidienne. Certains utilisateurs ont \u00e9galement fait \u00e9tat d&rsquo;une am\u00e9lioration de leur bien-\u00eatre et d&rsquo;une aide \u00e0 la perte de poids.<\/p>\n<p>Un utilisateur \u00e9crit : <em>\u00ab J&rsquo;\u00e9tais sceptique, mais apr\u00e8s quelques semaines d&rsquo;utilisation quotidienne, je me suis senti plus \u00e9nergique et j&rsquo;ai effectivement perdu quelques kilos ! \u00bb<\/em> Un autre ajoute : <em>\u00ab Les semelles sont tr\u00e8s confortables et je ressens une nette am\u00e9lioration de ma digestion \u00bb <\/em>.<\/p>\n<h2><span class=\"keyword-panel-keyword cursor-pointer\"><span class=\"fw-bold\">Semelles <span class=\"fw-normal\">Akusoli<\/span> avis client<\/span><\/span><\/h2>\n<p>Les semelles Akusoli pour perdre du poids offrent une possibilit\u00e9 innovante de soutenir la perte de poids et d&rsquo;augmenter le bien-\u00eatre. En combinant la magn\u00e9toth\u00e9rapie et l&rsquo;acupression, elles peuvent avoir des effets positifs cibl\u00e9s sur le m\u00e9tabolisme et la digestion. Bien qu&rsquo;ils n&rsquo;aient pas \u00e9t\u00e9 test\u00e9s par des institutions telles que Stiftung Warentest ou Verbraucherzentrale, les nombreuses \u00e9valuations positives des utilisateurs parlent d&rsquo;elles-m\u00eames.<\/p>\n<p>Pour tous ceux qui cherchent une m\u00e9thode simple et non invasive pour soutenir leurs objectifs de perte de poids, les semelles Akusoli valent vraiment la peine d&rsquo;\u00eatre essay\u00e9es. Le seul inconv\u00e9nient est qu&rsquo;elles ne sont disponibles que sur le site web du fabricant, mais cela est compens\u00e9 par l&rsquo;exclusivit\u00e9 et les avantages sp\u00e9cifiques du produit.<\/p>\n<table>\n<thead>\n<tr>\n<th>Aspect<\/th>\n<th>Evaluation<\/th>\n<\/tr>\n<\/thead>\n<tbody>\n<tr>\n<td>Qualit\u00e9 du mat\u00e9riel<\/td>\n<td>\u2b50\u2b50\u2b50\u2b50\u2b50<\/td>\n<\/tr>\n<tr>\n<td>L&rsquo;effet<\/td>\n<td>\u2b50\u2b50\u2b50\u2b50<\/td>\n<\/tr>\n<tr>\n<td>Rapport qualit\u00e9\/prix<\/td>\n<td>\u2b50\u2b50\u2b50\u2b50<\/td>\n<\/tr>\n<tr>\n<td>Disponibilit\u00e9<\/td>\n<td>\u2b50\u2b50\u2b50<\/td>\n<\/tr>\n<\/tbody>\n<\/table>\n<p>&nbsp;<\/p>\n<h2>Semelles Akusoli (perte de poids) o\u00f9 les trouver<\/h2>\n<p>Dans l&rsquo;ensemble, les semelles Akusoli offrent un soutien prometteur \u00e0 tous ceux qui souhaitent am\u00e9liorer leur sant\u00e9 et leur forme physique sans avoir recours \u00e0 des m\u00e9thodes invasives.<\/p>\n","protected":false},"excerpt":{"rendered":"<p>Les semelles Akusoli pour perdre du poids sont un produit innovant qui se concentre sur l&rsquo;aide \u00e0 la perte de poids gr\u00e2ce \u00e0 l&rsquo;utilisation de mat\u00e9riaux et de technologies sp\u00e9cifiques. Dans ce rapport de test, nous examinons en d\u00e9tail les caract\u00e9ristiques, les avantages et les exp\u00e9riences des utilisateurs de ces semelles. En outre, nous mettons &#8230; <a title=\"Semelles Akusoli\" class=\"read-more\" href=\"https:\/\/etoxproject.eu\/fr\/produit\/akusoli\/\" aria-label=\"More on Semelles Akusoli\">Lire plus<\/a><\/p>\n","protected":false},"featured_media":1158,"comment_status":"open","ping_status":"closed","template":"","meta":[],"product_brand":[],"product_cat":[],"product_tag":[],"class_list":{"0":"post-1157","1":"product","2":"type-product","3":"status-publish","4":"has-post-thumbnail","7":"first","8":"instock","9":"sale","10":"shipping-taxable","11":"product-type-external"},"yoast_head":"<!-- This site is optimized with the Yoast SEO plugin v27.4 - https:\/\/yoast.com\/product\/yoast-seo-wordpress\/ -->\n<title>Semelles Akusoli avis client \u2764\ufe0f 70% de r\u00e9duction de prix<\/title>\n<meta name=\"robots\" content=\"index, follow, max-snippet:-1, max-image-preview:large, max-video-preview:-1\" \/>\n<link rel=\"canonical\" href=\"https:\/\/etoxproject.eu\/fr\/produit\/akusoli\/\" \/>\n<meta property=\"og:locale\" content=\"fr_FR\" \/>\n<meta property=\"og:type\" content=\"article\" \/>\n<meta property=\"og:title\" content=\"Semelles Akusoli avis client \u2764\ufe0f 70% de r\u00e9duction de prix\" \/>\n<meta property=\"og:description\" content=\"Les semelles Akusoli pour perdre du poids sont un produit innovant qui se concentre sur l&rsquo;aide \u00e0 la perte de poids gr\u00e2ce \u00e0 l&rsquo;utilisation de mat\u00e9riaux et de technologies sp\u00e9cifiques. Dans ce rapport de test, nous examinons en d\u00e9tail les caract\u00e9ristiques, les avantages et les exp\u00e9riences des utilisateurs de ces semelles. En outre, nous mettons ... Lire plus\" \/>\n<meta property=\"og:url\" content=\"https:\/\/etoxproject.eu\/fr\/produit\/akusoli\/\" \/>\n<meta property=\"og:site_name\" content=\"etoxproject.eu\" \/>\n<meta property=\"article:modified_time\" content=\"2025-04-04T06:27:28+00:00\" \/>\n<meta property=\"og:image\" content=\"https:\/\/etoxproject.eu\/wp-content\/uploads\/2024\/11\/akusoli-einlagen.jpg\" \/>\n\t<meta property=\"og:image:width\" content=\"860\" \/>\n\t<meta property=\"og:image:height\" content=\"714\" \/>\n\t<meta property=\"og:image:type\" content=\"image\/jpeg\" \/>\n<meta name=\"twitter:card\" content=\"summary_large_image\" \/>\n<meta name=\"twitter:label1\" content=\"Dur\u00e9e de lecture estim\u00e9e\" \/>\n\t<meta name=\"twitter:data1\" content=\"6 minutes\" \/>\n<script type=\"application\/ld+json\" class=\"yoast-schema-graph\">{\"@context\":\"https:\\\/\\\/schema.org\",\"@graph\":[{\"@type\":\"WebPage\",\"@id\":\"https:\\\/\\\/etoxproject.eu\\\/fr\\\/produit\\\/akusoli\\\/\",\"url\":\"https:\\\/\\\/etoxproject.eu\\\/fr\\\/produit\\\/akusoli\\\/\",\"name\":\"Semelles Akusoli avis client \u2764\ufe0f 70% de r\u00e9duction de prix\",\"isPartOf\":{\"@id\":\"https:\\\/\\\/etoxproject.eu\\\/fr\\\/#website\"},\"primaryImageOfPage\":{\"@id\":\"https:\\\/\\\/etoxproject.eu\\\/fr\\\/produit\\\/akusoli\\\/#primaryimage\"},\"image\":{\"@id\":\"https:\\\/\\\/etoxproject.eu\\\/fr\\\/produit\\\/akusoli\\\/#primaryimage\"},\"thumbnailUrl\":\"https:\\\/\\\/etoxproject.eu\\\/wp-content\\\/uploads\\\/2024\\\/11\\\/akusoli-einlagen.jpg\",\"datePublished\":\"2024-12-06T04:47:46+00:00\",\"dateModified\":\"2025-04-04T06:27:28+00:00\",\"breadcrumb\":{\"@id\":\"https:\\\/\\\/etoxproject.eu\\\/fr\\\/produit\\\/akusoli\\\/#breadcrumb\"},\"inLanguage\":\"fr-FR\",\"potentialAction\":[{\"@type\":\"ReadAction\",\"target\":[\"https:\\\/\\\/etoxproject.eu\\\/fr\\\/produit\\\/akusoli\\\/\"]}]},{\"@type\":\"ImageObject\",\"inLanguage\":\"fr-FR\",\"@id\":\"https:\\\/\\\/etoxproject.eu\\\/fr\\\/produit\\\/akusoli\\\/#primaryimage\",\"url\":\"https:\\\/\\\/etoxproject.eu\\\/wp-content\\\/uploads\\\/2024\\\/11\\\/akusoli-einlagen.jpg\",\"contentUrl\":\"https:\\\/\\\/etoxproject.eu\\\/wp-content\\\/uploads\\\/2024\\\/11\\\/akusoli-einlagen.jpg\",\"width\":860,\"height\":714},{\"@type\":\"BreadcrumbList\",\"@id\":\"https:\\\/\\\/etoxproject.eu\\\/fr\\\/produit\\\/akusoli\\\/#breadcrumb\",\"itemListElement\":[{\"@type\":\"ListItem\",\"position\":1,\"name\":\"Startseite\",\"item\":\"https:\\\/\\\/etoxproject.eu\\\/fr\\\/\"},{\"@type\":\"ListItem\",\"position\":2,\"name\":\"Shop\",\"item\":\"https:\\\/\\\/etoxproject.eu\\\/shop\\\/\"},{\"@type\":\"ListItem\",\"position\":3,\"name\":\"Semelles Akusoli\"}]},{\"@type\":\"WebSite\",\"@id\":\"https:\\\/\\\/etoxproject.eu\\\/fr\\\/#website\",\"url\":\"https:\\\/\\\/etoxproject.eu\\\/fr\\\/\",\"name\":\"etoxproject.eu\",\"description\":\"\",\"publisher\":{\"@id\":\"https:\\\/\\\/etoxproject.eu\\\/fr\\\/#organization\"},\"potentialAction\":[{\"@type\":\"SearchAction\",\"target\":{\"@type\":\"EntryPoint\",\"urlTemplate\":\"https:\\\/\\\/etoxproject.eu\\\/fr\\\/?s={search_term_string}\"},\"query-input\":{\"@type\":\"PropertyValueSpecification\",\"valueRequired\":true,\"valueName\":\"search_term_string\"}}],\"inLanguage\":\"fr-FR\"},{\"@type\":\"Organization\",\"@id\":\"https:\\\/\\\/etoxproject.eu\\\/fr\\\/#organization\",\"name\":\"etoxproject.eu\",\"url\":\"https:\\\/\\\/etoxproject.eu\\\/fr\\\/\",\"logo\":{\"@type\":\"ImageObject\",\"inLanguage\":\"fr-FR\",\"@id\":\"https:\\\/\\\/etoxproject.eu\\\/fr\\\/#\\\/schema\\\/logo\\\/image\\\/\",\"url\":\"https:\\\/\\\/etoxproject.eu\\\/wp-content\\\/uploads\\\/2024\\\/12\\\/etoxproject.png\",\"contentUrl\":\"https:\\\/\\\/etoxproject.eu\\\/wp-content\\\/uploads\\\/2024\\\/12\\\/etoxproject.png\",\"width\":315,\"height\":69,\"caption\":\"etoxproject.eu\"},\"image\":{\"@id\":\"https:\\\/\\\/etoxproject.eu\\\/fr\\\/#\\\/schema\\\/logo\\\/image\\\/\"}}]}<\/script>\n<!-- \/ Yoast SEO plugin. -->","yoast_head_json":{"title":"Semelles Akusoli avis client \u2764\ufe0f 70% de r\u00e9duction de prix","robots":{"index":"index","follow":"follow","max-snippet":"max-snippet:-1","max-image-preview":"max-image-preview:large","max-video-preview":"max-video-preview:-1"},"canonical":"https:\/\/etoxproject.eu\/fr\/produit\/akusoli\/","og_locale":"fr_FR","og_type":"article","og_title":"Semelles Akusoli avis client \u2764\ufe0f 70% de r\u00e9duction de prix","og_description":"Les semelles Akusoli pour perdre du poids sont un produit innovant qui se concentre sur l&rsquo;aide \u00e0 la perte de poids gr\u00e2ce \u00e0 l&rsquo;utilisation de mat\u00e9riaux et de technologies sp\u00e9cifiques. Dans ce rapport de test, nous examinons en d\u00e9tail les caract\u00e9ristiques, les avantages et les exp\u00e9riences des utilisateurs de ces semelles. En outre, nous mettons ... Lire plus","og_url":"https:\/\/etoxproject.eu\/fr\/produit\/akusoli\/","og_site_name":"etoxproject.eu","article_modified_time":"2025-04-04T06:27:28+00:00","og_image":[{"width":860,"height":714,"url":"https:\/\/etoxproject.eu\/wp-content\/uploads\/2024\/11\/akusoli-einlagen.jpg","type":"image\/jpeg"}],"twitter_card":"summary_large_image","twitter_misc":{"Dur\u00e9e de lecture estim\u00e9e":"6 minutes"},"schema":{"@context":"https:\/\/schema.org","@graph":[{"@type":"WebPage","@id":"https:\/\/etoxproject.eu\/fr\/produit\/akusoli\/","url":"https:\/\/etoxproject.eu\/fr\/produit\/akusoli\/","name":"Semelles Akusoli avis client \u2764\ufe0f 70% de r\u00e9duction de prix","isPartOf":{"@id":"https:\/\/etoxproject.eu\/fr\/#website"},"primaryImageOfPage":{"@id":"https:\/\/etoxproject.eu\/fr\/produit\/akusoli\/#primaryimage"},"image":{"@id":"https:\/\/etoxproject.eu\/fr\/produit\/akusoli\/#primaryimage"},"thumbnailUrl":"https:\/\/etoxproject.eu\/wp-content\/uploads\/2024\/11\/akusoli-einlagen.jpg","datePublished":"2024-12-06T04:47:46+00:00","dateModified":"2025-04-04T06:27:28+00:00","breadcrumb":{"@id":"https:\/\/etoxproject.eu\/fr\/produit\/akusoli\/#breadcrumb"},"inLanguage":"fr-FR","potentialAction":[{"@type":"ReadAction","target":["https:\/\/etoxproject.eu\/fr\/produit\/akusoli\/"]}]},{"@type":"ImageObject","inLanguage":"fr-FR","@id":"https:\/\/etoxproject.eu\/fr\/produit\/akusoli\/#primaryimage","url":"https:\/\/etoxproject.eu\/wp-content\/uploads\/2024\/11\/akusoli-einlagen.jpg","contentUrl":"https:\/\/etoxproject.eu\/wp-content\/uploads\/2024\/11\/akusoli-einlagen.jpg","width":860,"height":714},{"@type":"BreadcrumbList","@id":"https:\/\/etoxproject.eu\/fr\/produit\/akusoli\/#breadcrumb","itemListElement":[{"@type":"ListItem","position":1,"name":"Startseite","item":"https:\/\/etoxproject.eu\/fr\/"},{"@type":"ListItem","position":2,"name":"Shop","item":"https:\/\/etoxproject.eu\/shop\/"},{"@type":"ListItem","position":3,"name":"Semelles Akusoli"}]},{"@type":"WebSite","@id":"https:\/\/etoxproject.eu\/fr\/#website","url":"https:\/\/etoxproject.eu\/fr\/","name":"etoxproject.eu","description":"","publisher":{"@id":"https:\/\/etoxproject.eu\/fr\/#organization"},"potentialAction":[{"@type":"SearchAction","target":{"@type":"EntryPoint","urlTemplate":"https:\/\/etoxproject.eu\/fr\/?s={search_term_string}"},"query-input":{"@type":"PropertyValueSpecification","valueRequired":true,"valueName":"search_term_string"}}],"inLanguage":"fr-FR"},{"@type":"Organization","@id":"https:\/\/etoxproject.eu\/fr\/#organization","name":"etoxproject.eu","url":"https:\/\/etoxproject.eu\/fr\/","logo":{"@type":"ImageObject","inLanguage":"fr-FR","@id":"https:\/\/etoxproject.eu\/fr\/#\/schema\/logo\/image\/","url":"https:\/\/etoxproject.eu\/wp-content\/uploads\/2024\/12\/etoxproject.png","contentUrl":"https:\/\/etoxproject.eu\/wp-content\/uploads\/2024\/12\/etoxproject.png","width":315,"height":69,"caption":"etoxproject.eu"},"image":{"@id":"https:\/\/etoxproject.eu\/fr\/#\/schema\/logo\/image\/"}}]}},"_links":{"self":[{"href":"https:\/\/etoxproject.eu\/fr\/wp-json\/wp\/v2\/product\/1157","targetHints":{"allow":["GET"]}}],"collection":[{"href":"https:\/\/etoxproject.eu\/fr\/wp-json\/wp\/v2\/product"}],"about":[{"href":"https:\/\/etoxproject.eu\/fr\/wp-json\/wp\/v2\/types\/product"}],"replies":[{"embeddable":true,"href":"https:\/\/etoxproject.eu\/fr\/wp-json\/wp\/v2\/comments?post=1157"}],"wp:featuredmedia":[{"embeddable":true,"href":"https:\/\/etoxproject.eu\/fr\/wp-json\/wp\/v2\/media\/1158"}],"wp:attachment":[{"href":"https:\/\/etoxproject.eu\/fr\/wp-json\/wp\/v2\/media?parent=1157"}],"wp:term":[{"taxonomy":"product_brand","embeddable":true,"href":"https:\/\/etoxproject.eu\/fr\/wp-json\/wp\/v2\/product_brand?post=1157"},{"taxonomy":"product_cat","embeddable":true,"href":"https:\/\/etoxproject.eu\/fr\/wp-json\/wp\/v2\/product_cat?post=1157"},{"taxonomy":"product_tag","embeddable":true,"href":"https:\/\/etoxproject.eu\/fr\/wp-json\/wp\/v2\/product_tag?post=1157"}],"curies":[{"name":"wp","href":"https:\/\/api.w.org\/{rel}","templated":true}]}}