{"id":1194,"date":"2024-12-06T06:37:18","date_gmt":"2024-12-06T06:50:58","guid":{"rendered":"https:\/\/etoxproject.eu\/?post_type=product&#038;p=1194"},"modified":"2024-12-06T07:50:58","modified_gmt":"2024-12-06T06:50:58","slug":"synoshi-power-spin-scrubber","status":"publish","type":"product","link":"https:\/\/etoxproject.eu\/fr\/produit\/synoshi-power-spin-scrubber\/","title":{"rendered":"Synoshi Power Spin Scrubber"},"content":{"rendered":"<p>Le Synoshi Power Spin Scrubber est un appareil de nettoyage innovant, con\u00e7u en particulier pour le nettoyage sans effort des salet\u00e9s tenaces dans les m\u00e9nages. Dans ce rapport de test d\u00e9taill\u00e9, nous analysons ses performances, son maniement et ses avantages g\u00e9n\u00e9raux. Le Synoshi Power Spin Scrubber est-il vraiment le choix id\u00e9al pour vos besoins de nettoyage ? Nous allons aller au fond de la question.<\/p>\n<h2>Exp\u00e9riences et test du Synoshi Power Spin Scrubber<\/h2>\n<p>Le Synoshi Power Spin Scrubber convainc par son design moderne et ergonomique qui est \u00e0 la fois fonctionnel et esth\u00e9tique. La finition est de grande qualit\u00e9 et les mat\u00e9riaux utilis\u00e9s sont robustes et durables. La poign\u00e9e antid\u00e9rapante, qui garantit une manipulation s\u00fbre m\u00eame en cas d&rsquo;utilisation intensive, est particuli\u00e8rement appr\u00e9ciable.<\/p>\n<h3>Puissance et efficacit\u00e9<\/h3>\n<p>Gr\u00e2ce \u00e0 son moteur \u00e9lectrique puissant et \u00e0 ses diff\u00e9rentes brosses, le Synoshi est parfaitement adapt\u00e9 au nettoyage des surfaces les plus diverses. Qu&rsquo;il s&rsquo;agisse de d\u00e9p\u00f4ts de calcaire dans la douche, de taches de graisse dans la cuisine ou de salet\u00e9 sur le carrelage, les t\u00eates de brosse rotatives garantissent des r\u00e9sultats impressionnants. L&rsquo;autonomie de la batterie, qui peut atteindre 90 minutes, est suffisante pour plusieurs unit\u00e9s de nettoyage.<\/p>\n<h3>Une utilisation simple<\/h3>\n<p>L&rsquo;utilisation du Synoshi Power Spin Scrubber est tr\u00e8s simple. Il suffit d&rsquo;appuyer sur un bouton pour d\u00e9marrer l&rsquo;appareil et les embouts de brosse interchangeables peuvent \u00eatre chang\u00e9s rapidement et facilement. La conception sans fil est particuli\u00e8rement pratique et permet une totale libert\u00e9 de mouvement pendant le nettoyage.<\/p>\n<h3>Acheter le Synoshi Power Spin Scrubber au meilleur prix<\/h3>\n<p>Vous pouvez obtenir le prix le plus avantageux dans la boutique en ligne officielle (voir lien en haut de cette page).<\/p>\n<h2>Synoshi Avis<\/h2>\n<p>Le produit de nettoyage de l&rsquo;aspirateur de piscine est un produit de qualit\u00e9.<\/p>\n<table border=\"\u00ab\" width=\"\">\n<thead>\n<tr>\n<th>\ud83d\udfe2 Avantage<\/th>\n<th>\ud83d\udccb Explication d\u00e9taill\u00e9e&lt;\/th<\/th>\n<\/tr>\n<\/thead>\n<tbody>\n<tr>\n<td>Design ergonomique \ud83e\udde4<\/td>\n<td>Le Synoshi est agr\u00e9able \u00e0 prendre en main gr\u00e2ce \u00e0 sa poign\u00e9e antid\u00e9rapante et \u00e0 son bo\u00eetier l\u00e9ger. M\u00eame une utilisation prolong\u00e9e ne provoque aucun signe de fatigue dans les mains.<\/td>\n<\/tr>\n<tr>\n<td>Moteur puissant \ud83d\udcaa<\/td>\n<td>Le moteur puissant fait tourner les brosses \u00e0 grande vitesse, ce qui permet d&rsquo;\u00e9liminer efficacement m\u00eame les salissures les plus tenaces, comme les d\u00e9p\u00f4ts de calcaire et les taches de graisse.<\/td>\n<\/tr>\n<tr>\n<td>T\u00eates de brosse polyvalentes \ud83c\udf00<\/td>\n<td>Avec diff\u00e9rentes t\u00eates de brosse, dont une brosse plate pour les grandes surfaces et une brosse \u00e9troite pour les coins et les joints, l&rsquo;appareil est parfaitement \u00e9quip\u00e9 pour chaque t\u00e2che de nettoyage.<\/td>\n<\/tr>\n<tr>\n<td>Conception sans fil \ud83d\udd0b<\/td>\n<td>Gr\u00e2ce \u00e0 la batterie int\u00e9gr\u00e9e, la manipulation fastidieuse des c\u00e2bles devient superflue. Cela permet une libert\u00e9 de mouvement illimit\u00e9e lors du nettoyage, m\u00eame dans les coins difficiles d&rsquo;acc\u00e8s.<\/td>\n<\/tr>\n<tr>\n<td>Construction \u00e9tanche \ud83c\udf0a<\/td>\n<td>L&rsquo;appareil est prot\u00e9g\u00e9 contre les projections d&rsquo;eau, ce qui permet de l&rsquo;utiliser sans crainte dans des environnements humides tels que les salles de bain ou les cuisines.<\/td>\n<\/tr>\n<tr>\n<td>Nettoyage facile des brosses \ud83e\uddfd<\/td>\n<td>Apr\u00e8s utilisation, les embouts de brosse peuvent \u00eatre facilement rinc\u00e9s sous l&rsquo;eau courante. Cela permet de gagner du temps et d&rsquo;assurer une propret\u00e9 hygi\u00e9nique.<\/td>\n<\/tr>\n<tr>\n<td>Longue dur\u00e9e de vie de la batterie \ud83d\udd0b<\/td>\n<td>Avec une autonomie pouvant atteindre 90 minutes, le Synoshi peut \u00eatre utilis\u00e9 pour plusieurs cycles de nettoyage avant de devoir \u00eatre recharg\u00e9.<\/td>\n<\/tr>\n<tr>\n<td>Changement rapide des brosses \ud83d\udd04<\/td>\n<td>Les t\u00eates de brosse peuvent \u00eatre remplac\u00e9es en quelques secondes gr\u00e2ce \u00e0 un simple syst\u00e8me de clic, ce qui permet de ne pas interrompre le flux de travail.<\/td>\n<\/tr>\n<tr>\n<td>Facile \u00e0 transporter \ud83d\udeb6\u200d\u2642\ufe0f<\/td>\n<td>Gr\u00e2ce \u00e0 son design compact et \u00e0 son poids r\u00e9duit, le Synoshi peut \u00eatre facilement transport\u00e9 dans diff\u00e9rentes pi\u00e8ces ou m\u00eame pour une utilisation en ext\u00e9rieur.<\/td>\n<\/tr>\n<tr>\n<td>Pour m\u00e9nager les surfaces \ud83c\udfa8<\/td>\n<td>Les brosses sont con\u00e7ues pour \u00e9liminer les salissures sans endommager les mat\u00e9riaux fragiles comme le verre, la c\u00e9ramique ou les surfaces peintes.<\/td>\n<\/tr>\n<tr>\n<td>Un nettoyage respectueux de l&rsquo;environnement \ud83c\udf0d<\/td>\n<td>Le Synoshi permet un nettoyage en profondeur avec une utilisation minimale de produits chimiques, ce qui en fait une alternative \u00e9cologique aux m\u00e9thodes de nettoyage classiques.<\/td>\n<\/tr>\n<tr>\n<td>Bas bruit de fonctionnement \ud83d\udd07<\/td>\n<td>Compar\u00e9 \u00e0 d&rsquo;autres appareils de nettoyage, le Synoshi fonctionne \u00e9tonnamment silencieusement, ce qui permet de l&rsquo;utiliser dans les foyers o\u00f9 vivent des personnes sensibles.<\/td>\n<\/tr>\n<\/tbody>\n<\/table>\n<h2>Avis client : notre exp\u00e9rience et les \u00e9valuations des utilisateurs<\/h2>\n<p>Lors du test pratique, le Synoshi Power Spin Scrubber a montr\u00e9 des performances de nettoyage impressionnantes. L&rsquo;appareil s&rsquo;est particuli\u00e8rement bien comport\u00e9 pour \u00e9liminer le calcaire et les r\u00e9sidus de savon dans la douche. Les salissures grasses sur les carreaux de cuisine ont \u00e9galement \u00e9t\u00e9 \u00e9limin\u00e9es sans effort. Un petit inconv\u00e9nient cependant : en cas d&rsquo;utilisation intensive, la batterie se d\u00e9charge plus rapidement qu&rsquo;indiqu\u00e9, ce qui pourrait \u00eatre probl\u00e9matique pour les grandes surfaces.<\/p>\n<h2>Conclusion et \u00e9valuation<\/h2>\n<p><a href=\"https:\/\/synoshi-power-spin-scrubber.fr\/\">Le Synoshi Power Spin Scrubber est un appareil de nettoyage<\/a> polyvalent et performant qui convainc surtout par sa facilit\u00e9 d&rsquo;utilisation et l&rsquo;\u00e9limination efficace de la salet\u00e9. Pour les m\u00e9nages de petite et moyenne taille, l&rsquo;appareil est un excellent choix. Les surfaces plus grandes pourraient toutefois d\u00e9passer les capacit\u00e9s de la batterie. Dans l&rsquo;ensemble, le Synoshi offre une bonne combinaison de confort et d&rsquo;efficacit\u00e9 qui facilite consid\u00e9rablement le nettoyage au quotidien.<\/p>\n<p><strong>Recommandation:<\/strong> Particuli\u00e8rement adapt\u00e9 aux personnes qui souhaitent un nettoyage rapide et en profondeur sans avoir \u00e0 fournir beaucoup d&rsquo;efforts.<\/p>\n","protected":false},"excerpt":{"rendered":"<p>Le Synoshi Power Spin Scrubber est un appareil de nettoyage innovant, con\u00e7u en particulier pour le nettoyage sans effort des salet\u00e9s tenaces dans les m\u00e9nages. Dans ce rapport de test d\u00e9taill\u00e9, nous analysons ses performances, son maniement et ses avantages g\u00e9n\u00e9raux. Le Synoshi Power Spin Scrubber est-il vraiment le choix id\u00e9al pour vos besoins de &#8230; <a title=\"Synoshi Power Spin Scrubber\" class=\"read-more\" href=\"https:\/\/etoxproject.eu\/fr\/produit\/synoshi-power-spin-scrubber\/\" aria-label=\"More on Synoshi Power Spin Scrubber\">Lire plus<\/a><\/p>\n","protected":false},"featured_media":1172,"comment_status":"open","ping_status":"closed","template":"","meta":[],"product_brand":[],"product_cat":[],"product_tag":[],"class_list":{"0":"post-1194","1":"product","2":"type-product","3":"status-publish","4":"has-post-thumbnail","7":"first","8":"instock","9":"sale","10":"shipping-taxable","11":"product-type-external"},"yoast_head":"<!-- This site is optimized with the Yoast SEO plugin v27.5 - https:\/\/yoast.com\/product\/yoast-seo-wordpress\/ -->\n<title>Synoshi Power Spin Scrubber Avis client \u2734\ufe0f Prix 35,65\u20ac<\/title>\n<meta name=\"robots\" content=\"index, follow, max-snippet:-1, max-image-preview:large, max-video-preview:-1\" \/>\n<link rel=\"canonical\" href=\"https:\/\/etoxproject.eu\/fr\/produit\/synoshi-power-spin-scrubber\/\" \/>\n<meta property=\"og:locale\" content=\"fr_FR\" \/>\n<meta property=\"og:type\" content=\"article\" \/>\n<meta property=\"og:title\" content=\"Synoshi Power Spin Scrubber Avis client \u2734\ufe0f Prix 35,65\u20ac\" \/>\n<meta property=\"og:description\" content=\"Le Synoshi Power Spin Scrubber est un appareil de nettoyage innovant, con\u00e7u en particulier pour le nettoyage sans effort des salet\u00e9s tenaces dans les m\u00e9nages. Dans ce rapport de test d\u00e9taill\u00e9, nous analysons ses performances, son maniement et ses avantages g\u00e9n\u00e9raux. Le Synoshi Power Spin Scrubber est-il vraiment le choix id\u00e9al pour vos besoins de ... Lire plus\" \/>\n<meta property=\"og:url\" content=\"https:\/\/etoxproject.eu\/fr\/produit\/synoshi-power-spin-scrubber\/\" \/>\n<meta property=\"og:site_name\" content=\"etoxproject.eu\" \/>\n<meta property=\"og:image\" content=\"https:\/\/etoxproject.eu\/wp-content\/uploads\/2024\/12\/synoshi.jpg\" \/>\n\t<meta property=\"og:image:width\" content=\"750\" \/>\n\t<meta property=\"og:image:height\" content=\"750\" \/>\n\t<meta property=\"og:image:type\" content=\"image\/jpeg\" \/>\n<meta name=\"twitter:card\" content=\"summary_large_image\" \/>\n<meta name=\"twitter:label1\" content=\"Dur\u00e9e de lecture estim\u00e9e\" \/>\n\t<meta name=\"twitter:data1\" content=\"5 minutes\" \/>\n<script type=\"application\/ld+json\" class=\"yoast-schema-graph\">{\"@context\":\"https:\\\/\\\/schema.org\",\"@graph\":[{\"@type\":\"WebPage\",\"@id\":\"https:\\\/\\\/etoxproject.eu\\\/fr\\\/produit\\\/synoshi-power-spin-scrubber\\\/\",\"url\":\"https:\\\/\\\/etoxproject.eu\\\/fr\\\/produit\\\/synoshi-power-spin-scrubber\\\/\",\"name\":\"Synoshi Power Spin Scrubber Avis client \u2734\ufe0f Prix 35,65\u20ac\",\"isPartOf\":{\"@id\":\"https:\\\/\\\/etoxproject.eu\\\/fr\\\/#website\"},\"primaryImageOfPage\":{\"@id\":\"https:\\\/\\\/etoxproject.eu\\\/fr\\\/produit\\\/synoshi-power-spin-scrubber\\\/#primaryimage\"},\"image\":{\"@id\":\"https:\\\/\\\/etoxproject.eu\\\/fr\\\/produit\\\/synoshi-power-spin-scrubber\\\/#primaryimage\"},\"thumbnailUrl\":\"https:\\\/\\\/etoxproject.eu\\\/wp-content\\\/uploads\\\/2024\\\/12\\\/synoshi.jpg\",\"datePublished\":\"2024-12-06T06:50:58+00:00\",\"breadcrumb\":{\"@id\":\"https:\\\/\\\/etoxproject.eu\\\/fr\\\/produit\\\/synoshi-power-spin-scrubber\\\/#breadcrumb\"},\"inLanguage\":\"fr-FR\",\"potentialAction\":[{\"@type\":\"ReadAction\",\"target\":[\"https:\\\/\\\/etoxproject.eu\\\/fr\\\/produit\\\/synoshi-power-spin-scrubber\\\/\"]}]},{\"@type\":\"ImageObject\",\"inLanguage\":\"fr-FR\",\"@id\":\"https:\\\/\\\/etoxproject.eu\\\/fr\\\/produit\\\/synoshi-power-spin-scrubber\\\/#primaryimage\",\"url\":\"https:\\\/\\\/etoxproject.eu\\\/wp-content\\\/uploads\\\/2024\\\/12\\\/synoshi.jpg\",\"contentUrl\":\"https:\\\/\\\/etoxproject.eu\\\/wp-content\\\/uploads\\\/2024\\\/12\\\/synoshi.jpg\",\"width\":750,\"height\":750,\"caption\":\"synoshi\"},{\"@type\":\"BreadcrumbList\",\"@id\":\"https:\\\/\\\/etoxproject.eu\\\/fr\\\/produit\\\/synoshi-power-spin-scrubber\\\/#breadcrumb\",\"itemListElement\":[{\"@type\":\"ListItem\",\"position\":1,\"name\":\"Startseite\",\"item\":\"https:\\\/\\\/etoxproject.eu\\\/fr\\\/\"},{\"@type\":\"ListItem\",\"position\":2,\"name\":\"Shop\",\"item\":\"https:\\\/\\\/etoxproject.eu\\\/shop\\\/\"},{\"@type\":\"ListItem\",\"position\":3,\"name\":\"Synoshi Power Spin Scrubber\"}]},{\"@type\":\"WebSite\",\"@id\":\"https:\\\/\\\/etoxproject.eu\\\/fr\\\/#website\",\"url\":\"https:\\\/\\\/etoxproject.eu\\\/fr\\\/\",\"name\":\"etoxproject.eu\",\"description\":\"\",\"publisher\":{\"@id\":\"https:\\\/\\\/etoxproject.eu\\\/fr\\\/#organization\"},\"potentialAction\":[{\"@type\":\"SearchAction\",\"target\":{\"@type\":\"EntryPoint\",\"urlTemplate\":\"https:\\\/\\\/etoxproject.eu\\\/fr\\\/?s={search_term_string}\"},\"query-input\":{\"@type\":\"PropertyValueSpecification\",\"valueRequired\":true,\"valueName\":\"search_term_string\"}}],\"inLanguage\":\"fr-FR\"},{\"@type\":\"Organization\",\"@id\":\"https:\\\/\\\/etoxproject.eu\\\/fr\\\/#organization\",\"name\":\"etoxproject.eu\",\"url\":\"https:\\\/\\\/etoxproject.eu\\\/fr\\\/\",\"logo\":{\"@type\":\"ImageObject\",\"inLanguage\":\"fr-FR\",\"@id\":\"https:\\\/\\\/etoxproject.eu\\\/fr\\\/#\\\/schema\\\/logo\\\/image\\\/\",\"url\":\"https:\\\/\\\/etoxproject.eu\\\/wp-content\\\/uploads\\\/2024\\\/12\\\/etoxproject.png\",\"contentUrl\":\"https:\\\/\\\/etoxproject.eu\\\/wp-content\\\/uploads\\\/2024\\\/12\\\/etoxproject.png\",\"width\":315,\"height\":69,\"caption\":\"etoxproject.eu\"},\"image\":{\"@id\":\"https:\\\/\\\/etoxproject.eu\\\/fr\\\/#\\\/schema\\\/logo\\\/image\\\/\"}}]}<\/script>\n<!-- \/ Yoast SEO plugin. -->","yoast_head_json":{"title":"Synoshi Power Spin Scrubber Avis client \u2734\ufe0f Prix 35,65\u20ac","robots":{"index":"index","follow":"follow","max-snippet":"max-snippet:-1","max-image-preview":"max-image-preview:large","max-video-preview":"max-video-preview:-1"},"canonical":"https:\/\/etoxproject.eu\/fr\/produit\/synoshi-power-spin-scrubber\/","og_locale":"fr_FR","og_type":"article","og_title":"Synoshi Power Spin Scrubber Avis client \u2734\ufe0f Prix 35,65\u20ac","og_description":"Le Synoshi Power Spin Scrubber est un appareil de nettoyage innovant, con\u00e7u en particulier pour le nettoyage sans effort des salet\u00e9s tenaces dans les m\u00e9nages. Dans ce rapport de test d\u00e9taill\u00e9, nous analysons ses performances, son maniement et ses avantages g\u00e9n\u00e9raux. Le Synoshi Power Spin Scrubber est-il vraiment le choix id\u00e9al pour vos besoins de ... Lire plus","og_url":"https:\/\/etoxproject.eu\/fr\/produit\/synoshi-power-spin-scrubber\/","og_site_name":"etoxproject.eu","og_image":[{"width":750,"height":750,"url":"https:\/\/etoxproject.eu\/wp-content\/uploads\/2024\/12\/synoshi.jpg","type":"image\/jpeg"}],"twitter_card":"summary_large_image","twitter_misc":{"Dur\u00e9e de lecture estim\u00e9e":"5 minutes"},"schema":{"@context":"https:\/\/schema.org","@graph":[{"@type":"WebPage","@id":"https:\/\/etoxproject.eu\/fr\/produit\/synoshi-power-spin-scrubber\/","url":"https:\/\/etoxproject.eu\/fr\/produit\/synoshi-power-spin-scrubber\/","name":"Synoshi Power Spin Scrubber Avis client \u2734\ufe0f Prix 35,65\u20ac","isPartOf":{"@id":"https:\/\/etoxproject.eu\/fr\/#website"},"primaryImageOfPage":{"@id":"https:\/\/etoxproject.eu\/fr\/produit\/synoshi-power-spin-scrubber\/#primaryimage"},"image":{"@id":"https:\/\/etoxproject.eu\/fr\/produit\/synoshi-power-spin-scrubber\/#primaryimage"},"thumbnailUrl":"https:\/\/etoxproject.eu\/wp-content\/uploads\/2024\/12\/synoshi.jpg","datePublished":"2024-12-06T06:50:58+00:00","breadcrumb":{"@id":"https:\/\/etoxproject.eu\/fr\/produit\/synoshi-power-spin-scrubber\/#breadcrumb"},"inLanguage":"fr-FR","potentialAction":[{"@type":"ReadAction","target":["https:\/\/etoxproject.eu\/fr\/produit\/synoshi-power-spin-scrubber\/"]}]},{"@type":"ImageObject","inLanguage":"fr-FR","@id":"https:\/\/etoxproject.eu\/fr\/produit\/synoshi-power-spin-scrubber\/#primaryimage","url":"https:\/\/etoxproject.eu\/wp-content\/uploads\/2024\/12\/synoshi.jpg","contentUrl":"https:\/\/etoxproject.eu\/wp-content\/uploads\/2024\/12\/synoshi.jpg","width":750,"height":750,"caption":"synoshi"},{"@type":"BreadcrumbList","@id":"https:\/\/etoxproject.eu\/fr\/produit\/synoshi-power-spin-scrubber\/#breadcrumb","itemListElement":[{"@type":"ListItem","position":1,"name":"Startseite","item":"https:\/\/etoxproject.eu\/fr\/"},{"@type":"ListItem","position":2,"name":"Shop","item":"https:\/\/etoxproject.eu\/shop\/"},{"@type":"ListItem","position":3,"name":"Synoshi Power Spin Scrubber"}]},{"@type":"WebSite","@id":"https:\/\/etoxproject.eu\/fr\/#website","url":"https:\/\/etoxproject.eu\/fr\/","name":"etoxproject.eu","description":"","publisher":{"@id":"https:\/\/etoxproject.eu\/fr\/#organization"},"potentialAction":[{"@type":"SearchAction","target":{"@type":"EntryPoint","urlTemplate":"https:\/\/etoxproject.eu\/fr\/?s={search_term_string}"},"query-input":{"@type":"PropertyValueSpecification","valueRequired":true,"valueName":"search_term_string"}}],"inLanguage":"fr-FR"},{"@type":"Organization","@id":"https:\/\/etoxproject.eu\/fr\/#organization","name":"etoxproject.eu","url":"https:\/\/etoxproject.eu\/fr\/","logo":{"@type":"ImageObject","inLanguage":"fr-FR","@id":"https:\/\/etoxproject.eu\/fr\/#\/schema\/logo\/image\/","url":"https:\/\/etoxproject.eu\/wp-content\/uploads\/2024\/12\/etoxproject.png","contentUrl":"https:\/\/etoxproject.eu\/wp-content\/uploads\/2024\/12\/etoxproject.png","width":315,"height":69,"caption":"etoxproject.eu"},"image":{"@id":"https:\/\/etoxproject.eu\/fr\/#\/schema\/logo\/image\/"}}]}},"_links":{"self":[{"href":"https:\/\/etoxproject.eu\/fr\/wp-json\/wp\/v2\/product\/1194","targetHints":{"allow":["GET"]}}],"collection":[{"href":"https:\/\/etoxproject.eu\/fr\/wp-json\/wp\/v2\/product"}],"about":[{"href":"https:\/\/etoxproject.eu\/fr\/wp-json\/wp\/v2\/types\/product"}],"replies":[{"embeddable":true,"href":"https:\/\/etoxproject.eu\/fr\/wp-json\/wp\/v2\/comments?post=1194"}],"wp:featuredmedia":[{"embeddable":true,"href":"https:\/\/etoxproject.eu\/fr\/wp-json\/wp\/v2\/media\/1172"}],"wp:attachment":[{"href":"https:\/\/etoxproject.eu\/fr\/wp-json\/wp\/v2\/media?parent=1194"}],"wp:term":[{"taxonomy":"product_brand","embeddable":true,"href":"https:\/\/etoxproject.eu\/fr\/wp-json\/wp\/v2\/product_brand?post=1194"},{"taxonomy":"product_cat","embeddable":true,"href":"https:\/\/etoxproject.eu\/fr\/wp-json\/wp\/v2\/product_cat?post=1194"},{"taxonomy":"product_tag","embeddable":true,"href":"https:\/\/etoxproject.eu\/fr\/wp-json\/wp\/v2\/product_tag?post=1194"}],"curies":[{"name":"wp","href":"https:\/\/api.w.org\/{rel}","templated":true}]}}