{"id":1487,"date":"2024-12-16T06:50:50","date_gmt":"2024-12-16T07:21:00","guid":{"rendered":"https:\/\/etoxproject.eu\/?post_type=product&#038;p=1487"},"modified":"2024-12-16T08:32:47","modified_gmt":"2024-12-16T07:32:47","slug":"troviran-capsules","status":"publish","type":"product","link":"https:\/\/etoxproject.eu\/fr\/produit\/troviran-capsules\/","title":{"rendered":"Troviran Capsules \/ G\u00e9lules"},"content":{"rendered":"<p>\u00ab Troviran \u00bb est un compl\u00e9ment alimentaire innovant qui a \u00e9t\u00e9 d\u00e9velopp\u00e9 sp\u00e9cifiquement pour stimuler le m\u00e9tabolisme, renforcer le syst\u00e8me immunitaire et aider \u00e0 la perte de poids. Il jouit d&rsquo;une grande popularit\u00e9 aupr\u00e8s des utilisateurs qui attachent de l&rsquo;importance aux ingr\u00e9dients naturels et aux r\u00e9sultats durables.<\/p>\n<h2>G\u00e9lules Troviran Avis<\/h2>\n<table>\n<tbody>\n<tr>\n<th>Propri\u00e9t\u00e9<\/th>\n<th>D\u00e9tails<\/th>\n<\/tr>\n<tr>\n<td>Nom du produit<\/td>\n<td>Troviran<\/td>\n<\/tr>\n<tr>\n<td>Fabricant<\/td>\n<td>HealthCore GmbH<\/td>\n<\/tr>\n<tr>\n<td>Utilisation<\/td>\n<td>Stimulation du m\u00e9tabolisme et gestion du poids<\/td>\n<\/tr>\n<tr>\n<td>Forme d&rsquo;administration<\/td>\n<td>Comprim\u00e9s<\/td>\n<\/tr>\n<tr>\n<td>Dosage recommand\u00e9<\/td>\n<td>1 comprim\u00e9 par jour<\/td>\n<\/tr>\n<tr>\n<td>Prix<\/td>\n<td><a href=\"https:\/\/clickepc.com\/?a=667&amp;c=6346&amp;s1=etox-fr\" target=\"_blank\" rel=\"nofollow\">36,65 \u20ac par bo\u00eete (30 comprim\u00e9s)<\/a><\/td>\n<\/tr>\n<\/tbody>\n<\/table>\n<p>&nbsp;<\/p>\n<h2>Ingr\u00e9dients<\/h2>\n<p>L&rsquo;action de \u00ab Troviran \u00bb repose sur une combinaison unique d&rsquo;ingr\u00e9dients naturels qui sont parfaitement adapt\u00e9s les uns aux autres afin d&rsquo;obtenir des r\u00e9sultats optimaux. Voici les principaux ingr\u00e9dients :<\/p>\n<ul>\n<li><strong>Poudre de spiruline:<\/strong> Riche en antioxydants et en acides amin\u00e9s essentiels. Favorise la d\u00e9sintoxication et fournit de pr\u00e9cieux nutriments.<\/li>\n<li><strong>Poudre de matcha:<\/strong> Favorise le m\u00e9tabolisme, a un effet tonifiant et contient une forte concentration de cat\u00e9chines.<\/li>\n<li><strong>Extrait de vinaigre de cidre:<\/strong> Favorise la digestion et le m\u00e9tabolisme des graisses. Favorise un \u00e9quilibre acido-basique sain.<\/li>\n<li><strong>L-Arginine HCL:<\/strong> Am\u00e9liore la circulation sanguine et augmente les performances sportives.<\/li>\n<li><strong>L-carnitine HCL:<\/strong> Joue un r\u00f4le cl\u00e9 dans le m\u00e9tabolisme des graisses et aide \u00e0 convertir les graisses stock\u00e9es en \u00e9nergie.<\/li>\n<li><strong>Zinc:<\/strong> Renforce le syst\u00e8me immunitaire et contribue au fonctionnement normal de la peau, des cheveux et des ongles.<\/li>\n<\/ul>\n<h2>Avantages de Troviran<\/h2>\n<p>\u00ab Troviran \u00bb offre une multitude d&rsquo;avantages qui en font un excellent choix pour les personnes qui souhaitent am\u00e9liorer leur sant\u00e9 et leur bien-\u00eatre :<\/p>\n<ul>\n<li>Des ingr\u00e9dients naturels test\u00e9s scientifiquement.<\/li>\n<li>Facile \u00e0 int\u00e9grer dans le quotidien avec seulement un comprim\u00e9 par jour.<\/li>\n<li>Favorise durablement la combustion des graisses et favorise la gestion du poids.<\/li>\n<li>Am\u00e9liore le niveau d&rsquo;\u00e9nergie et le bien-\u00eatre g\u00e9n\u00e9ral.<\/li>\n<li>Renforce le syst\u00e8me immunitaire et prot\u00e8ge contre les radicaux libres.<\/li>\n<li>Haute satisfaction des clients et \u00e9valuations positives.<\/li>\n<\/ul>\n<h2>Mode d&#8217;emploi<\/h2>\n<p>La prise de \u00ab Troviran \u00bb est tr\u00e8s simple : prendre un comprim\u00e9 par jour avec suffisamment d&rsquo;eau, de pr\u00e9f\u00e9rence le matin, pour profiter de l&rsquo;effet stimulant sur le m\u00e9tabolisme tout au long de la journ\u00e9e.<\/p>\n<h2>Exp\u00e9riences des clients<\/h2>\n<p>\u00ab Troviran \u00bb a re\u00e7u de nombreuses \u00e9valuations enthousiastes de la part des clients. En voici quelques exemples :<\/p>\n<blockquote><p>\u00ab\u00a0Depuis que je prends Troviran, je me sens plus \u00e9nergique et j&rsquo;ai enfin fait des progr\u00e8s pour perdre du poids ! \u00bb &#8211; <em>Sandra K.<\/em><\/p>\n<p>\u00ab J&rsquo;\u00e9tais sceptique, mais apr\u00e8s un mois, je suis ravie. Mon m\u00e9tabolisme tourne \u00e0 plein r\u00e9gime et je me sens parfaitement bien \u00bb. &#8211; <em>Michael T.<\/em><\/p>\n<p>\u00ab Troviran m&rsquo;a aid\u00e9 \u00e0 atteindre mes objectifs de r\u00e9gime. Facile \u00e0 utiliser et tr\u00e8s efficace \u00bb. &#8211; <em>Lisa M.<\/em><\/p><\/blockquote>\n<h2>Evaluation des principaux crit\u00e8res<\/h2>\n<table>\n<tbody>\n<tr>\n<th>Crit\u00e8re<\/th>\n<th>Evaluation<\/th>\n<th>Commentaire<\/th>\n<\/tr>\n<tr>\n<td>Efficacit\u00e9<\/td>\n<td>Exceptionnel<\/td>\n<td>Am\u00e9liorations significatives du m\u00e9tabolisme en cas de prise r\u00e9guli\u00e8re.<\/td>\n<\/tr>\n<tr>\n<td>S\u00e9curit\u00e9<\/td>\n<td>Tr\u00e8s bon<\/td>\n<td>Ingr\u00e9dients naturels sans effets secondaires connus.<\/td>\n<\/tr>\n<tr>\n<td>Facilit\u00e9 d&rsquo;utilisation<\/td>\n<td>Excellente<\/td>\n<td>Facile \u00e0 prendre et \u00e0 doser.<\/td>\n<\/tr>\n<tr>\n<td>Rapport qualit\u00e9\/prix<\/td>\n<td>Bon<\/td>\n<td>Les ingr\u00e9dients de haute qualit\u00e9 justifient le prix.<\/td>\n<\/tr>\n<\/tbody>\n<\/table>\n<p>&nbsp;<\/p>\n<h2>Evaluation<\/h2>\n<p>\u00ab Troviran \u00bb est un compl\u00e9ment alimentaire exceptionnel qui non seulement soutient efficacement le m\u00e9tabolisme, mais am\u00e9liore \u00e9galement le bien-\u00eatre g\u00e9n\u00e9ral. Gr\u00e2ce \u00e0 ses ingr\u00e9dients naturels et de haute qualit\u00e9 ainsi qu&rsquo;aux r\u00e9actions positives des utilisateurs, \u00ab Troviran \u00bb est clairement recommand\u00e9 \u00e0 tous ceux qui souhaitent perdre du poids sainement et mettre leur corps en pleine forme.<\/p>\n<p>Nous recommandons \u00ab Troviran \u00bb \u00e0 tous ceux qui sont \u00e0 la recherche d&rsquo;un produit fiable pour optimiser leur m\u00e9tabolisme et perdre du poids. Commandez d\u00e8s aujourd&rsquo;hui et constatez par vous-m\u00eame les r\u00e9sultats impressionnants !<\/p>\n","protected":false},"excerpt":{"rendered":"<p>\u00ab Troviran \u00bb est un compl\u00e9ment alimentaire innovant qui a \u00e9t\u00e9 d\u00e9velopp\u00e9 sp\u00e9cifiquement pour stimuler le m\u00e9tabolisme, renforcer le syst\u00e8me immunitaire et aider \u00e0 la perte de poids. Il jouit d&rsquo;une grande popularit\u00e9 aupr\u00e8s des utilisateurs qui attachent de l&rsquo;importance aux ingr\u00e9dients naturels et aux r\u00e9sultats durables. G\u00e9lules Troviran Avis Propri\u00e9t\u00e9 D\u00e9tails Nom du produit &#8230; <a title=\"Troviran Capsules \/ G\u00e9lules\" class=\"read-more\" href=\"https:\/\/etoxproject.eu\/fr\/produit\/troviran-capsules\/\" aria-label=\"More on Troviran Capsules \/ G\u00e9lules\">Lire plus<\/a><\/p>\n","protected":false},"featured_media":1475,"comment_status":"open","ping_status":"closed","template":"","meta":[],"product_brand":[],"product_cat":[],"product_tag":[],"class_list":{"0":"post-1487","1":"product","2":"type-product","3":"status-publish","4":"has-post-thumbnail","7":"first","8":"instock","9":"sale","10":"shipping-taxable","11":"product-type-external"},"yoast_head":"<!-- This site is optimized with the Yoast SEO plugin v27.4 - https:\/\/yoast.com\/product\/yoast-seo-wordpress\/ -->\n<title>Troviran Capsules Avis \u2764\ufe0f 46% de r\u00e9duction sur le prix<\/title>\n<meta name=\"robots\" content=\"index, follow, max-snippet:-1, max-image-preview:large, max-video-preview:-1\" \/>\n<link rel=\"canonical\" href=\"https:\/\/etoxproject.eu\/fr\/produit\/troviran-capsules\/\" \/>\n<meta property=\"og:locale\" content=\"fr_FR\" \/>\n<meta property=\"og:type\" content=\"article\" \/>\n<meta property=\"og:title\" content=\"Troviran Capsules Avis \u2764\ufe0f 46% de r\u00e9duction sur le prix\" \/>\n<meta property=\"og:description\" content=\"\u00ab Troviran \u00bb est un compl\u00e9ment alimentaire innovant qui a \u00e9t\u00e9 d\u00e9velopp\u00e9 sp\u00e9cifiquement pour stimuler le m\u00e9tabolisme, renforcer le syst\u00e8me immunitaire et aider \u00e0 la perte de poids. Il jouit d&rsquo;une grande popularit\u00e9 aupr\u00e8s des utilisateurs qui attachent de l&rsquo;importance aux ingr\u00e9dients naturels et aux r\u00e9sultats durables. G\u00e9lules Troviran Avis Propri\u00e9t\u00e9 D\u00e9tails Nom du produit ... Lire plus\" \/>\n<meta property=\"og:url\" content=\"https:\/\/etoxproject.eu\/fr\/produit\/troviran-capsules\/\" \/>\n<meta property=\"og:site_name\" content=\"etoxproject.eu\" \/>\n<meta property=\"article:modified_time\" content=\"2024-12-16T07:32:47+00:00\" \/>\n<meta property=\"og:image\" content=\"https:\/\/etoxproject.eu\/wp-content\/uploads\/2024\/12\/troviran.jpg\" \/>\n\t<meta property=\"og:image:width\" content=\"473\" \/>\n\t<meta property=\"og:image:height\" content=\"473\" \/>\n\t<meta property=\"og:image:type\" content=\"image\/jpeg\" \/>\n<meta name=\"twitter:card\" content=\"summary_large_image\" \/>\n<meta name=\"twitter:label1\" content=\"Dur\u00e9e de lecture estim\u00e9e\" \/>\n\t<meta name=\"twitter:data1\" content=\"3 minutes\" \/>\n<script type=\"application\/ld+json\" class=\"yoast-schema-graph\">{\"@context\":\"https:\\\/\\\/schema.org\",\"@graph\":[{\"@type\":\"WebPage\",\"@id\":\"https:\\\/\\\/etoxproject.eu\\\/fr\\\/produit\\\/troviran-capsules\\\/\",\"url\":\"https:\\\/\\\/etoxproject.eu\\\/fr\\\/produit\\\/troviran-capsules\\\/\",\"name\":\"Troviran Capsules Avis \u2764\ufe0f 46% de r\u00e9duction sur le prix\",\"isPartOf\":{\"@id\":\"https:\\\/\\\/etoxproject.eu\\\/fr\\\/#website\"},\"primaryImageOfPage\":{\"@id\":\"https:\\\/\\\/etoxproject.eu\\\/fr\\\/produit\\\/troviran-capsules\\\/#primaryimage\"},\"image\":{\"@id\":\"https:\\\/\\\/etoxproject.eu\\\/fr\\\/produit\\\/troviran-capsules\\\/#primaryimage\"},\"thumbnailUrl\":\"https:\\\/\\\/etoxproject.eu\\\/wp-content\\\/uploads\\\/2024\\\/12\\\/troviran.jpg\",\"datePublished\":\"2024-12-16T07:21:00+00:00\",\"dateModified\":\"2024-12-16T07:32:47+00:00\",\"breadcrumb\":{\"@id\":\"https:\\\/\\\/etoxproject.eu\\\/fr\\\/produit\\\/troviran-capsules\\\/#breadcrumb\"},\"inLanguage\":\"fr-FR\",\"potentialAction\":[{\"@type\":\"ReadAction\",\"target\":[\"https:\\\/\\\/etoxproject.eu\\\/fr\\\/produit\\\/troviran-capsules\\\/\"]}]},{\"@type\":\"ImageObject\",\"inLanguage\":\"fr-FR\",\"@id\":\"https:\\\/\\\/etoxproject.eu\\\/fr\\\/produit\\\/troviran-capsules\\\/#primaryimage\",\"url\":\"https:\\\/\\\/etoxproject.eu\\\/wp-content\\\/uploads\\\/2024\\\/12\\\/troviran.jpg\",\"contentUrl\":\"https:\\\/\\\/etoxproject.eu\\\/wp-content\\\/uploads\\\/2024\\\/12\\\/troviran.jpg\",\"width\":473,\"height\":473,\"caption\":\"troviran\"},{\"@type\":\"BreadcrumbList\",\"@id\":\"https:\\\/\\\/etoxproject.eu\\\/fr\\\/produit\\\/troviran-capsules\\\/#breadcrumb\",\"itemListElement\":[{\"@type\":\"ListItem\",\"position\":1,\"name\":\"Startseite\",\"item\":\"https:\\\/\\\/etoxproject.eu\\\/fr\\\/\"},{\"@type\":\"ListItem\",\"position\":2,\"name\":\"Shop\",\"item\":\"https:\\\/\\\/etoxproject.eu\\\/shop\\\/\"},{\"@type\":\"ListItem\",\"position\":3,\"name\":\"Troviran Capsules \\\/ G\u00e9lules\"}]},{\"@type\":\"WebSite\",\"@id\":\"https:\\\/\\\/etoxproject.eu\\\/fr\\\/#website\",\"url\":\"https:\\\/\\\/etoxproject.eu\\\/fr\\\/\",\"name\":\"etoxproject.eu\",\"description\":\"\",\"publisher\":{\"@id\":\"https:\\\/\\\/etoxproject.eu\\\/fr\\\/#organization\"},\"potentialAction\":[{\"@type\":\"SearchAction\",\"target\":{\"@type\":\"EntryPoint\",\"urlTemplate\":\"https:\\\/\\\/etoxproject.eu\\\/fr\\\/?s={search_term_string}\"},\"query-input\":{\"@type\":\"PropertyValueSpecification\",\"valueRequired\":true,\"valueName\":\"search_term_string\"}}],\"inLanguage\":\"fr-FR\"},{\"@type\":\"Organization\",\"@id\":\"https:\\\/\\\/etoxproject.eu\\\/fr\\\/#organization\",\"name\":\"etoxproject.eu\",\"url\":\"https:\\\/\\\/etoxproject.eu\\\/fr\\\/\",\"logo\":{\"@type\":\"ImageObject\",\"inLanguage\":\"fr-FR\",\"@id\":\"https:\\\/\\\/etoxproject.eu\\\/fr\\\/#\\\/schema\\\/logo\\\/image\\\/\",\"url\":\"https:\\\/\\\/etoxproject.eu\\\/wp-content\\\/uploads\\\/2024\\\/12\\\/etoxproject.png\",\"contentUrl\":\"https:\\\/\\\/etoxproject.eu\\\/wp-content\\\/uploads\\\/2024\\\/12\\\/etoxproject.png\",\"width\":315,\"height\":69,\"caption\":\"etoxproject.eu\"},\"image\":{\"@id\":\"https:\\\/\\\/etoxproject.eu\\\/fr\\\/#\\\/schema\\\/logo\\\/image\\\/\"}}]}<\/script>\n<!-- \/ Yoast SEO plugin. -->","yoast_head_json":{"title":"Troviran Capsules Avis \u2764\ufe0f 46% de r\u00e9duction sur le prix","robots":{"index":"index","follow":"follow","max-snippet":"max-snippet:-1","max-image-preview":"max-image-preview:large","max-video-preview":"max-video-preview:-1"},"canonical":"https:\/\/etoxproject.eu\/fr\/produit\/troviran-capsules\/","og_locale":"fr_FR","og_type":"article","og_title":"Troviran Capsules Avis \u2764\ufe0f 46% de r\u00e9duction sur le prix","og_description":"\u00ab Troviran \u00bb est un compl\u00e9ment alimentaire innovant qui a \u00e9t\u00e9 d\u00e9velopp\u00e9 sp\u00e9cifiquement pour stimuler le m\u00e9tabolisme, renforcer le syst\u00e8me immunitaire et aider \u00e0 la perte de poids. Il jouit d&rsquo;une grande popularit\u00e9 aupr\u00e8s des utilisateurs qui attachent de l&rsquo;importance aux ingr\u00e9dients naturels et aux r\u00e9sultats durables. G\u00e9lules Troviran Avis Propri\u00e9t\u00e9 D\u00e9tails Nom du produit ... Lire plus","og_url":"https:\/\/etoxproject.eu\/fr\/produit\/troviran-capsules\/","og_site_name":"etoxproject.eu","article_modified_time":"2024-12-16T07:32:47+00:00","og_image":[{"width":473,"height":473,"url":"https:\/\/etoxproject.eu\/wp-content\/uploads\/2024\/12\/troviran.jpg","type":"image\/jpeg"}],"twitter_card":"summary_large_image","twitter_misc":{"Dur\u00e9e de lecture estim\u00e9e":"3 minutes"},"schema":{"@context":"https:\/\/schema.org","@graph":[{"@type":"WebPage","@id":"https:\/\/etoxproject.eu\/fr\/produit\/troviran-capsules\/","url":"https:\/\/etoxproject.eu\/fr\/produit\/troviran-capsules\/","name":"Troviran Capsules Avis \u2764\ufe0f 46% de r\u00e9duction sur le prix","isPartOf":{"@id":"https:\/\/etoxproject.eu\/fr\/#website"},"primaryImageOfPage":{"@id":"https:\/\/etoxproject.eu\/fr\/produit\/troviran-capsules\/#primaryimage"},"image":{"@id":"https:\/\/etoxproject.eu\/fr\/produit\/troviran-capsules\/#primaryimage"},"thumbnailUrl":"https:\/\/etoxproject.eu\/wp-content\/uploads\/2024\/12\/troviran.jpg","datePublished":"2024-12-16T07:21:00+00:00","dateModified":"2024-12-16T07:32:47+00:00","breadcrumb":{"@id":"https:\/\/etoxproject.eu\/fr\/produit\/troviran-capsules\/#breadcrumb"},"inLanguage":"fr-FR","potentialAction":[{"@type":"ReadAction","target":["https:\/\/etoxproject.eu\/fr\/produit\/troviran-capsules\/"]}]},{"@type":"ImageObject","inLanguage":"fr-FR","@id":"https:\/\/etoxproject.eu\/fr\/produit\/troviran-capsules\/#primaryimage","url":"https:\/\/etoxproject.eu\/wp-content\/uploads\/2024\/12\/troviran.jpg","contentUrl":"https:\/\/etoxproject.eu\/wp-content\/uploads\/2024\/12\/troviran.jpg","width":473,"height":473,"caption":"troviran"},{"@type":"BreadcrumbList","@id":"https:\/\/etoxproject.eu\/fr\/produit\/troviran-capsules\/#breadcrumb","itemListElement":[{"@type":"ListItem","position":1,"name":"Startseite","item":"https:\/\/etoxproject.eu\/fr\/"},{"@type":"ListItem","position":2,"name":"Shop","item":"https:\/\/etoxproject.eu\/shop\/"},{"@type":"ListItem","position":3,"name":"Troviran Capsules \/ G\u00e9lules"}]},{"@type":"WebSite","@id":"https:\/\/etoxproject.eu\/fr\/#website","url":"https:\/\/etoxproject.eu\/fr\/","name":"etoxproject.eu","description":"","publisher":{"@id":"https:\/\/etoxproject.eu\/fr\/#organization"},"potentialAction":[{"@type":"SearchAction","target":{"@type":"EntryPoint","urlTemplate":"https:\/\/etoxproject.eu\/fr\/?s={search_term_string}"},"query-input":{"@type":"PropertyValueSpecification","valueRequired":true,"valueName":"search_term_string"}}],"inLanguage":"fr-FR"},{"@type":"Organization","@id":"https:\/\/etoxproject.eu\/fr\/#organization","name":"etoxproject.eu","url":"https:\/\/etoxproject.eu\/fr\/","logo":{"@type":"ImageObject","inLanguage":"fr-FR","@id":"https:\/\/etoxproject.eu\/fr\/#\/schema\/logo\/image\/","url":"https:\/\/etoxproject.eu\/wp-content\/uploads\/2024\/12\/etoxproject.png","contentUrl":"https:\/\/etoxproject.eu\/wp-content\/uploads\/2024\/12\/etoxproject.png","width":315,"height":69,"caption":"etoxproject.eu"},"image":{"@id":"https:\/\/etoxproject.eu\/fr\/#\/schema\/logo\/image\/"}}]}},"_links":{"self":[{"href":"https:\/\/etoxproject.eu\/fr\/wp-json\/wp\/v2\/product\/1487","targetHints":{"allow":["GET"]}}],"collection":[{"href":"https:\/\/etoxproject.eu\/fr\/wp-json\/wp\/v2\/product"}],"about":[{"href":"https:\/\/etoxproject.eu\/fr\/wp-json\/wp\/v2\/types\/product"}],"replies":[{"embeddable":true,"href":"https:\/\/etoxproject.eu\/fr\/wp-json\/wp\/v2\/comments?post=1487"}],"wp:featuredmedia":[{"embeddable":true,"href":"https:\/\/etoxproject.eu\/fr\/wp-json\/wp\/v2\/media\/1475"}],"wp:attachment":[{"href":"https:\/\/etoxproject.eu\/fr\/wp-json\/wp\/v2\/media?parent=1487"}],"wp:term":[{"taxonomy":"product_brand","embeddable":true,"href":"https:\/\/etoxproject.eu\/fr\/wp-json\/wp\/v2\/product_brand?post=1487"},{"taxonomy":"product_cat","embeddable":true,"href":"https:\/\/etoxproject.eu\/fr\/wp-json\/wp\/v2\/product_cat?post=1487"},{"taxonomy":"product_tag","embeddable":true,"href":"https:\/\/etoxproject.eu\/fr\/wp-json\/wp\/v2\/product_tag?post=1487"}],"curies":[{"name":"wp","href":"https:\/\/api.w.org\/{rel}","templated":true}]}}