{"id":1500,"date":"2024-11-12T10:42:34","date_gmt":"2024-12-17T00:06:22","guid":{"rendered":"https:\/\/etoxproject.eu\/?post_type=product&#038;p=1500"},"modified":"2024-12-17T01:06:22","modified_gmt":"2024-12-17T00:06:22","slug":"fitex-gomme","status":"publish","type":"product","link":"https:\/\/etoxproject.eu\/fr\/produit\/fitex-gomme\/","title":{"rendered":"Fitex Gomme"},"content":{"rendered":"<p>Les g\u00e9lules Fitex sont un compl\u00e9ment alimentaire qui a r\u00e9cemment fait l&rsquo;objet d&rsquo;une attention accrue. Ces g\u00e9lules sont d\u00e9crites par de nombreux utilisateurs comme \u00e9tant utiles pour augmenter le bien-\u00eatre g\u00e9n\u00e9ral et la vitalit\u00e9. Mais que se cache-t-il exactement derri\u00e8re ce produit et qu&rsquo;en est-il de son efficacit\u00e9 et de sa tol\u00e9rance ?<\/p>\n<h2>Fitex gomme avis<\/h2>\n<p>Les gommes Fitex se composent d&rsquo;un m\u00e9lange soigneusement \u00e9labor\u00e9 d&rsquo;ingr\u00e9dients naturels connus dans le monde scientifique pour leurs propri\u00e9t\u00e9s b\u00e9n\u00e9fiques pour la sant\u00e9. Nous pr\u00e9sentons ci-dessous les principaux composants ainsi que leurs effets scientifiquement prouv\u00e9s :<\/p>\n<table>\n<tbody>\n<tr>\n<th>Ingr\u00e9dient<\/th>\n<th>Effet<\/th>\n<\/tr>\n<tr>\n<td>Le ginseng<\/td>\n<td>Le ginseng est connu pour ses propri\u00e9t\u00e9s adaptog\u00e8nes, qui aident \u00e0 augmenter la r\u00e9sistance du corps au stress et \u00e0 am\u00e9liorer les niveaux d&rsquo;\u00e9nergie. Des \u00e9tudes ont montr\u00e9 que le ginseng peut soutenir les fonctions cognitives.<\/td>\n<\/tr>\n<tr>\n<td>Racine de maca<\/td>\n<td>Cette plante originaire des Andes est traditionnellement utilis\u00e9e pour augmenter l&rsquo;endurance et soutenir l&rsquo;\u00e9quilibre hormonal. Des recherches sugg\u00e8rent que la maca peut am\u00e9liorer l&rsquo;humeur.<\/td>\n<\/tr>\n<tr>\n<td>L&rsquo;arginine<\/td>\n<td>En tant qu&rsquo;acide amin\u00e9 semi-essentiel, la L-arginine est importante pour la synth\u00e8se des prot\u00e9ines et la stimulation de la circulation sanguine. Elle peut am\u00e9liorer la fonction vasculaire et soutenir la production d&rsquo;oxyde nitrique.<\/td>\n<\/tr>\n<tr>\n<td>Le zinc<\/td>\n<td>Le zinc joue un r\u00f4le crucial dans le syst\u00e8me immunitaire, la cicatrisation des plaies et la croissance cellulaire. C&rsquo;est un nutriment essentiel qui contribue \u00e9galement au maintien d&rsquo;un m\u00e9tabolisme sain.<\/td>\n<\/tr>\n<\/tbody>\n<\/table>\n<h2>Avantages et propri\u00e9t\u00e9s principaux<\/h2>\n<p>Les g\u00e9lules Fitex offrent une multitude d&rsquo;avantages bas\u00e9s sur les effets synergiques de leurs ingr\u00e9dients. Le tableau suivant r\u00e9sume les principaux avantages et propri\u00e9t\u00e9s :<\/p>\n<table>\n<tbody>\n<tr>\n<th>Avantage<\/th>\n<th>Description<\/th>\n<\/tr>\n<tr>\n<td>\ud83c\udf1f Augmentation de l&rsquo;\u00e9nergie<\/td>\n<td>Les propri\u00e9t\u00e9s adaptog\u00e8nes du ginseng, associ\u00e9es \u00e0 l&rsquo;augmentation de la vitalit\u00e9 apport\u00e9e par la maca, entra\u00eenent une augmentation notable de l&rsquo;\u00e9nergie et de l&rsquo;endurance, ce qui est un avantage au quotidien et lors des activit\u00e9s sportives.<\/td>\n<\/tr>\n<tr>\n<td>\ud83e\udde0 Am\u00e9lioration de la fonction cognitive<\/td>\n<td>Le ginseng a montr\u00e9 dans des \u00e9tudes qu&rsquo;il pouvait am\u00e9liorer les performances cognitives et la fonction de la m\u00e9moire, ce qui est particuli\u00e8rement utile dans des situations de travail stressantes.<\/td>\n<\/tr>\n<tr>\n<td>\ud83d\udcaa Soutien du syst\u00e8me immunitaire<\/td>\n<td>Le zinc est indispensable pour un syst\u00e8me immunitaire fort. Il aide \u00e0 prot\u00e9ger l&rsquo;organisme contre les infections et favorise la r\u00e9cup\u00e9ration apr\u00e8s un effort physique.<\/td>\n<\/tr>\n<tr>\n<td>\u2696\ufe0f \u00e9quilibre hormonal<\/td>\n<td>Le maca peut aider \u00e0 soutenir l&rsquo;\u00e9quilibre hormonal, ce qui peut \u00eatre particuli\u00e8rement important pour les personnes souffrant de variations hormonales.<\/td>\n<\/tr>\n<\/tbody>\n<\/table>\n<h2>Disponibilit\u00e9 et prix<\/h2>\n<p>Les g\u00e9lules Fitex ne sont pas disponibles dans les cha\u00eenes de vente au d\u00e9tail courantes comme dm, Kaufland, Rossmann ou dans les boutiques en ligne comme Amazon et Shop Apotheke. La distribution se fait exclusivement via le site web officiel du fabricant, ce qui garantit une certaine exclusivit\u00e9 et une disponibilit\u00e9 directe.<\/p>\n<p>En termes de prix, les gommes Fitex se situent dans le segment moyen \u00e0 sup\u00e9rieur des compl\u00e9ments alimentaires. Une comparaison des prix montre que des produits similaires sont souvent moins chers, mais n&rsquo;offrent pas la m\u00eame combinaison d&rsquo;ingr\u00e9dients de qualit\u00e9.<\/p>\n<h2>Tests et \u00e9valuations ind\u00e9pendants<\/h2>\n<p>Jusqu&rsquo;\u00e0 pr\u00e9sent, <a href=\"https:\/\/fitexcapsules.fr\/\">les gommes Fitex<\/a> n&rsquo;ont pas \u00e9t\u00e9 test\u00e9es par des organisations renomm\u00e9es telles que Stiftung Warentest, l&rsquo;association des consommateurs ou la protection des consommateurs. Toutefois, cela ne signifie pas n\u00e9cessairement une qualit\u00e9 moindre, mais pourrait \u00eatre li\u00e9 \u00e0 la nouveaut\u00e9 du produit.<\/p>\n<h2>Exp\u00e9riences des utilisateurs et \u00e9valuations<\/h2>\n<p>Les rapports d&rsquo;exp\u00e9rience des utilisateurs sont majoritairement positifs. De nombreux utilisateurs font \u00e9tat d&rsquo;une augmentation sensible du niveau d&rsquo;\u00e9nergie et d&rsquo;une meilleure capacit\u00e9 de concentration. Certains utilisateurs remarquent \u00e9galement une meilleure sant\u00e9 g\u00e9n\u00e9rale et un syst\u00e8me immunitaire plus fort.<\/p>\n<p>Un utilisateur \u00e9crit : \u00ab Depuis que je prends r\u00e9guli\u00e8rement les g\u00e9lules Fitex, je me sens beaucoup plus \u00e9nergique et je peux mieux me concentrer sur mon travail. J&rsquo;appr\u00e9cie particuli\u00e8rement les ingr\u00e9dients naturels \u00bb.<\/p>\n<h3>Aspects positifs tir\u00e9s des \u00e9valuations des utilisateurs:<\/h3>\n<ul>\n<li>Energie et vitalit\u00e9 accrues<\/li>\n<li>Am\u00e9lioration des capacit\u00e9s cognitives<\/li>\n<li>Soutien d&rsquo;un syst\u00e8me immunitaire sain<\/li>\n<li>Ingr\u00e9dients naturels sans additifs artificiels<\/li>\n<\/ul>\n<h2>Evaluation finale<\/h2>\n<p>Les g\u00e9lules Fitex repr\u00e9sentent une option int\u00e9ressante pour tous ceux qui cherchent des moyens naturels d&rsquo;augmenter leur \u00e9nergie, leur vitalit\u00e9 et leurs performances cognitives. La combinaison de ginseng, de maca, de L-arginine et de zinc est formul\u00e9e de mani\u00e8re \u00e9quilibr\u00e9e pour couvrir un large \u00e9ventail de bienfaits pour la sant\u00e9.<\/p>\n<p>Le fait que le produit n&rsquo;ait pas encore \u00e9t\u00e9 test\u00e9 par des organismes de test ind\u00e9pendants ne devrait pas d\u00e9courager les acheteurs potentiels, mais plut\u00f4t les inciter \u00e0 essayer le produit par eux-m\u00eames et \u00e0 se faire leur propre opinion.<\/p>\n<p>Dans l&rsquo;ensemble, les g\u00e9lules Fitex sont un investissement qui vaut la peine pour ceux qui souhaitent explorer les compl\u00e9ments alimentaires naturels pour leur sant\u00e9 et leur bien-\u00eatre.<\/p>\n","protected":false},"excerpt":{"rendered":"<p>Les g\u00e9lules Fitex sont un compl\u00e9ment alimentaire qui a r\u00e9cemment fait l&rsquo;objet d&rsquo;une attention accrue. Ces g\u00e9lules sont d\u00e9crites par de nombreux utilisateurs comme \u00e9tant utiles pour augmenter le bien-\u00eatre g\u00e9n\u00e9ral et la vitalit\u00e9. Mais que se cache-t-il exactement derri\u00e8re ce produit et qu&rsquo;en est-il de son efficacit\u00e9 et de sa tol\u00e9rance ? Fitex gomme &#8230; <a title=\"Fitex Gomme\" class=\"read-more\" href=\"https:\/\/etoxproject.eu\/fr\/produit\/fitex-gomme\/\" aria-label=\"More on Fitex Gomme\">Lire plus<\/a><\/p>\n","protected":false},"featured_media":1501,"comment_status":"open","ping_status":"closed","template":"","meta":[],"product_brand":[],"product_cat":[],"product_tag":[],"class_list":{"0":"post-1500","1":"product","2":"type-product","3":"status-publish","4":"has-post-thumbnail","7":"first","8":"instock","9":"sale","10":"shipping-taxable","11":"product-type-external"},"yoast_head":"<!-- This site is optimized with the Yoast SEO plugin v27.5 - https:\/\/yoast.com\/product\/yoast-seo-wordpress\/ -->\n<title>Fitex Gomme \u2764\ufe0f 46% de r\u00e9duction sur le prix en France<\/title>\n<meta name=\"robots\" content=\"index, follow, max-snippet:-1, max-image-preview:large, max-video-preview:-1\" \/>\n<link rel=\"canonical\" href=\"https:\/\/etoxproject.eu\/fr\/produit\/fitex-gomme\/\" \/>\n<meta property=\"og:locale\" content=\"fr_FR\" \/>\n<meta property=\"og:type\" content=\"article\" \/>\n<meta property=\"og:title\" content=\"Fitex Gomme \u2764\ufe0f 46% de r\u00e9duction sur le prix en France\" \/>\n<meta property=\"og:description\" content=\"Les g\u00e9lules Fitex sont un compl\u00e9ment alimentaire qui a r\u00e9cemment fait l&rsquo;objet d&rsquo;une attention accrue. Ces g\u00e9lules sont d\u00e9crites par de nombreux utilisateurs comme \u00e9tant utiles pour augmenter le bien-\u00eatre g\u00e9n\u00e9ral et la vitalit\u00e9. Mais que se cache-t-il exactement derri\u00e8re ce produit et qu&rsquo;en est-il de son efficacit\u00e9 et de sa tol\u00e9rance ? Fitex gomme ... Lire plus\" \/>\n<meta property=\"og:url\" content=\"https:\/\/etoxproject.eu\/fr\/produit\/fitex-gomme\/\" \/>\n<meta property=\"og:site_name\" content=\"etoxproject.eu\" \/>\n<meta property=\"og:image\" content=\"https:\/\/etoxproject.eu\/wp-content\/uploads\/2024\/11\/fitex-kapseln.jpg\" \/>\n\t<meta property=\"og:image:width\" content=\"750\" \/>\n\t<meta property=\"og:image:height\" content=\"750\" \/>\n\t<meta property=\"og:image:type\" content=\"image\/jpeg\" \/>\n<meta name=\"twitter:card\" content=\"summary_large_image\" \/>\n<meta name=\"twitter:label1\" content=\"Dur\u00e9e de lecture estim\u00e9e\" \/>\n\t<meta name=\"twitter:data1\" content=\"5 minutes\" \/>\n<script type=\"application\/ld+json\" class=\"yoast-schema-graph\">{\"@context\":\"https:\\\/\\\/schema.org\",\"@graph\":[{\"@type\":\"WebPage\",\"@id\":\"https:\\\/\\\/etoxproject.eu\\\/fr\\\/produit\\\/fitex-gomme\\\/\",\"url\":\"https:\\\/\\\/etoxproject.eu\\\/fr\\\/produit\\\/fitex-gomme\\\/\",\"name\":\"Fitex Gomme \u2764\ufe0f 46% de r\u00e9duction sur le prix en France\",\"isPartOf\":{\"@id\":\"https:\\\/\\\/etoxproject.eu\\\/fr\\\/#website\"},\"primaryImageOfPage\":{\"@id\":\"https:\\\/\\\/etoxproject.eu\\\/fr\\\/produit\\\/fitex-gomme\\\/#primaryimage\"},\"image\":{\"@id\":\"https:\\\/\\\/etoxproject.eu\\\/fr\\\/produit\\\/fitex-gomme\\\/#primaryimage\"},\"thumbnailUrl\":\"https:\\\/\\\/etoxproject.eu\\\/wp-content\\\/uploads\\\/2024\\\/11\\\/fitex-kapseln.jpg\",\"datePublished\":\"2024-12-17T00:06:22+00:00\",\"breadcrumb\":{\"@id\":\"https:\\\/\\\/etoxproject.eu\\\/fr\\\/produit\\\/fitex-gomme\\\/#breadcrumb\"},\"inLanguage\":\"fr-FR\",\"potentialAction\":[{\"@type\":\"ReadAction\",\"target\":[\"https:\\\/\\\/etoxproject.eu\\\/fr\\\/produit\\\/fitex-gomme\\\/\"]}]},{\"@type\":\"ImageObject\",\"inLanguage\":\"fr-FR\",\"@id\":\"https:\\\/\\\/etoxproject.eu\\\/fr\\\/produit\\\/fitex-gomme\\\/#primaryimage\",\"url\":\"https:\\\/\\\/etoxproject.eu\\\/wp-content\\\/uploads\\\/2024\\\/11\\\/fitex-kapseln.jpg\",\"contentUrl\":\"https:\\\/\\\/etoxproject.eu\\\/wp-content\\\/uploads\\\/2024\\\/11\\\/fitex-kapseln.jpg\",\"width\":750,\"height\":750},{\"@type\":\"BreadcrumbList\",\"@id\":\"https:\\\/\\\/etoxproject.eu\\\/fr\\\/produit\\\/fitex-gomme\\\/#breadcrumb\",\"itemListElement\":[{\"@type\":\"ListItem\",\"position\":1,\"name\":\"Startseite\",\"item\":\"https:\\\/\\\/etoxproject.eu\\\/fr\\\/\"},{\"@type\":\"ListItem\",\"position\":2,\"name\":\"Shop\",\"item\":\"https:\\\/\\\/etoxproject.eu\\\/shop\\\/\"},{\"@type\":\"ListItem\",\"position\":3,\"name\":\"Fitex Gomme\"}]},{\"@type\":\"WebSite\",\"@id\":\"https:\\\/\\\/etoxproject.eu\\\/fr\\\/#website\",\"url\":\"https:\\\/\\\/etoxproject.eu\\\/fr\\\/\",\"name\":\"etoxproject.eu\",\"description\":\"\",\"publisher\":{\"@id\":\"https:\\\/\\\/etoxproject.eu\\\/fr\\\/#organization\"},\"potentialAction\":[{\"@type\":\"SearchAction\",\"target\":{\"@type\":\"EntryPoint\",\"urlTemplate\":\"https:\\\/\\\/etoxproject.eu\\\/fr\\\/?s={search_term_string}\"},\"query-input\":{\"@type\":\"PropertyValueSpecification\",\"valueRequired\":true,\"valueName\":\"search_term_string\"}}],\"inLanguage\":\"fr-FR\"},{\"@type\":\"Organization\",\"@id\":\"https:\\\/\\\/etoxproject.eu\\\/fr\\\/#organization\",\"name\":\"etoxproject.eu\",\"url\":\"https:\\\/\\\/etoxproject.eu\\\/fr\\\/\",\"logo\":{\"@type\":\"ImageObject\",\"inLanguage\":\"fr-FR\",\"@id\":\"https:\\\/\\\/etoxproject.eu\\\/fr\\\/#\\\/schema\\\/logo\\\/image\\\/\",\"url\":\"https:\\\/\\\/etoxproject.eu\\\/wp-content\\\/uploads\\\/2024\\\/12\\\/etoxproject.png\",\"contentUrl\":\"https:\\\/\\\/etoxproject.eu\\\/wp-content\\\/uploads\\\/2024\\\/12\\\/etoxproject.png\",\"width\":315,\"height\":69,\"caption\":\"etoxproject.eu\"},\"image\":{\"@id\":\"https:\\\/\\\/etoxproject.eu\\\/fr\\\/#\\\/schema\\\/logo\\\/image\\\/\"}}]}<\/script>\n<!-- \/ Yoast SEO plugin. -->","yoast_head_json":{"title":"Fitex Gomme \u2764\ufe0f 46% de r\u00e9duction sur le prix en France","robots":{"index":"index","follow":"follow","max-snippet":"max-snippet:-1","max-image-preview":"max-image-preview:large","max-video-preview":"max-video-preview:-1"},"canonical":"https:\/\/etoxproject.eu\/fr\/produit\/fitex-gomme\/","og_locale":"fr_FR","og_type":"article","og_title":"Fitex Gomme \u2764\ufe0f 46% de r\u00e9duction sur le prix en France","og_description":"Les g\u00e9lules Fitex sont un compl\u00e9ment alimentaire qui a r\u00e9cemment fait l&rsquo;objet d&rsquo;une attention accrue. Ces g\u00e9lules sont d\u00e9crites par de nombreux utilisateurs comme \u00e9tant utiles pour augmenter le bien-\u00eatre g\u00e9n\u00e9ral et la vitalit\u00e9. Mais que se cache-t-il exactement derri\u00e8re ce produit et qu&rsquo;en est-il de son efficacit\u00e9 et de sa tol\u00e9rance ? Fitex gomme ... Lire plus","og_url":"https:\/\/etoxproject.eu\/fr\/produit\/fitex-gomme\/","og_site_name":"etoxproject.eu","og_image":[{"width":750,"height":750,"url":"https:\/\/etoxproject.eu\/wp-content\/uploads\/2024\/11\/fitex-kapseln.jpg","type":"image\/jpeg"}],"twitter_card":"summary_large_image","twitter_misc":{"Dur\u00e9e de lecture estim\u00e9e":"5 minutes"},"schema":{"@context":"https:\/\/schema.org","@graph":[{"@type":"WebPage","@id":"https:\/\/etoxproject.eu\/fr\/produit\/fitex-gomme\/","url":"https:\/\/etoxproject.eu\/fr\/produit\/fitex-gomme\/","name":"Fitex Gomme \u2764\ufe0f 46% de r\u00e9duction sur le prix en France","isPartOf":{"@id":"https:\/\/etoxproject.eu\/fr\/#website"},"primaryImageOfPage":{"@id":"https:\/\/etoxproject.eu\/fr\/produit\/fitex-gomme\/#primaryimage"},"image":{"@id":"https:\/\/etoxproject.eu\/fr\/produit\/fitex-gomme\/#primaryimage"},"thumbnailUrl":"https:\/\/etoxproject.eu\/wp-content\/uploads\/2024\/11\/fitex-kapseln.jpg","datePublished":"2024-12-17T00:06:22+00:00","breadcrumb":{"@id":"https:\/\/etoxproject.eu\/fr\/produit\/fitex-gomme\/#breadcrumb"},"inLanguage":"fr-FR","potentialAction":[{"@type":"ReadAction","target":["https:\/\/etoxproject.eu\/fr\/produit\/fitex-gomme\/"]}]},{"@type":"ImageObject","inLanguage":"fr-FR","@id":"https:\/\/etoxproject.eu\/fr\/produit\/fitex-gomme\/#primaryimage","url":"https:\/\/etoxproject.eu\/wp-content\/uploads\/2024\/11\/fitex-kapseln.jpg","contentUrl":"https:\/\/etoxproject.eu\/wp-content\/uploads\/2024\/11\/fitex-kapseln.jpg","width":750,"height":750},{"@type":"BreadcrumbList","@id":"https:\/\/etoxproject.eu\/fr\/produit\/fitex-gomme\/#breadcrumb","itemListElement":[{"@type":"ListItem","position":1,"name":"Startseite","item":"https:\/\/etoxproject.eu\/fr\/"},{"@type":"ListItem","position":2,"name":"Shop","item":"https:\/\/etoxproject.eu\/shop\/"},{"@type":"ListItem","position":3,"name":"Fitex Gomme"}]},{"@type":"WebSite","@id":"https:\/\/etoxproject.eu\/fr\/#website","url":"https:\/\/etoxproject.eu\/fr\/","name":"etoxproject.eu","description":"","publisher":{"@id":"https:\/\/etoxproject.eu\/fr\/#organization"},"potentialAction":[{"@type":"SearchAction","target":{"@type":"EntryPoint","urlTemplate":"https:\/\/etoxproject.eu\/fr\/?s={search_term_string}"},"query-input":{"@type":"PropertyValueSpecification","valueRequired":true,"valueName":"search_term_string"}}],"inLanguage":"fr-FR"},{"@type":"Organization","@id":"https:\/\/etoxproject.eu\/fr\/#organization","name":"etoxproject.eu","url":"https:\/\/etoxproject.eu\/fr\/","logo":{"@type":"ImageObject","inLanguage":"fr-FR","@id":"https:\/\/etoxproject.eu\/fr\/#\/schema\/logo\/image\/","url":"https:\/\/etoxproject.eu\/wp-content\/uploads\/2024\/12\/etoxproject.png","contentUrl":"https:\/\/etoxproject.eu\/wp-content\/uploads\/2024\/12\/etoxproject.png","width":315,"height":69,"caption":"etoxproject.eu"},"image":{"@id":"https:\/\/etoxproject.eu\/fr\/#\/schema\/logo\/image\/"}}]}},"_links":{"self":[{"href":"https:\/\/etoxproject.eu\/fr\/wp-json\/wp\/v2\/product\/1500","targetHints":{"allow":["GET"]}}],"collection":[{"href":"https:\/\/etoxproject.eu\/fr\/wp-json\/wp\/v2\/product"}],"about":[{"href":"https:\/\/etoxproject.eu\/fr\/wp-json\/wp\/v2\/types\/product"}],"replies":[{"embeddable":true,"href":"https:\/\/etoxproject.eu\/fr\/wp-json\/wp\/v2\/comments?post=1500"}],"wp:featuredmedia":[{"embeddable":true,"href":"https:\/\/etoxproject.eu\/fr\/wp-json\/wp\/v2\/media\/1501"}],"wp:attachment":[{"href":"https:\/\/etoxproject.eu\/fr\/wp-json\/wp\/v2\/media?parent=1500"}],"wp:term":[{"taxonomy":"product_brand","embeddable":true,"href":"https:\/\/etoxproject.eu\/fr\/wp-json\/wp\/v2\/product_brand?post=1500"},{"taxonomy":"product_cat","embeddable":true,"href":"https:\/\/etoxproject.eu\/fr\/wp-json\/wp\/v2\/product_cat?post=1500"},{"taxonomy":"product_tag","embeddable":true,"href":"https:\/\/etoxproject.eu\/fr\/wp-json\/wp\/v2\/product_tag?post=1500"}],"curies":[{"name":"wp","href":"https:\/\/api.w.org\/{rel}","templated":true}]}}