{"id":1503,"date":"2024-11-12T10:42:39","date_gmt":"2024-12-17T04:47:28","guid":{"rendered":"https:\/\/etoxproject.eu\/?post_type=product&#038;p=1503"},"modified":"2024-12-17T05:47:28","modified_gmt":"2024-12-17T04:47:28","slug":"nexalyn","status":"publish","type":"product","link":"https:\/\/etoxproject.eu\/fr\/produit\/nexalyn\/","title":{"rendered":"Nexalyn"},"content":{"rendered":"<p>Nexalyn est un produit innovant qui a r\u00e9cemment attir\u00e9 l&rsquo;attention du march\u00e9. Il promet une multitude d&rsquo;avantages, particuli\u00e8rement importants dans le monde moderne et tr\u00e9pidant d&rsquo;aujourd&rsquo;hui. Dans ce rapport d&rsquo;essai, nous allons examiner en d\u00e9tail les caract\u00e9ristiques et les avantages de Nexalyn, analyser ses ingr\u00e9dients et r\u00e9sumer les avis des utilisateurs.<\/p>\n<h2>Nexalyn Avis<\/h2>\n<p>Vous trouverez ci-dessous un tableau d\u00e9taill\u00e9 qui pr\u00e9sente les principales caract\u00e9ristiques et avantages de Nexalyn :<\/p>\n<p>Nexalyn est un m\u00e9dicament \u00e0 base de plantes.<\/p>\n<table border=\"\u00ab\" cellpadding=\"\u00ab\">\n<thead>\n<tr>\n<th>Propri\u00e9t\u00e9<\/th>\n<th>Avantage<\/th>\n<\/tr>\n<\/thead>\n<tbody>\n<tr>\n<td>\ud83c\udf3f Ingr\u00e9dients naturels<\/td>\n<td>Nexalyn utilise uniquement des ingr\u00e9dients naturels, ce qui r\u00e9duit consid\u00e9rablement le risque d&rsquo;effets secondaires. Ceci est particuli\u00e8rement b\u00e9n\u00e9fique pour les personnes ayant une peau sensible ou des allergies.<\/td>\n<\/tr>\n<tr>\n<td>\ud83d\ude80 Action rapide<\/td>\n<td>L&rsquo;action de Nexalyn est rapide, ce qui en fait un choix id\u00e9al pour les personnes qui attendent des r\u00e9sultats efficaces \u00e0 court terme.<\/td>\n<\/tr>\n<tr>\n<td>\ud83c\udf0d Respectueux de l&rsquo;environnement<\/td>\n<td>Le Nexalyn est produit dans le respect de pratiques durables, ce qui en fait une option respectueuse de l&rsquo;environnement.<\/td>\n<\/tr>\n<tr>\n<td>\ud83d\udcaa Des r\u00e9sultats durables<\/td>\n<td>Les effets de Nexalyn sont durables, ce qui signifie que les utilisateurs n&rsquo;ont pas besoin d&rsquo;en rajouter sans cesse pour en ressentir les bienfaits.<\/td>\n<\/tr>\n<\/tbody>\n<\/table>\n<h2>Les ingr\u00e9dients et leurs effets scientifiques<\/h2>\n<p>La composition de Nexalyn est un m\u00e9lange soigneusement s\u00e9lectionn\u00e9 d&rsquo;ingr\u00e9dients naturels qui remplissent chacun une fonction sp\u00e9cifique :<\/p>\n<h3>1. extrait de ginseng<\/h3>\n<p>.<br \/>\nLe ginseng est connu pour ses propri\u00e9t\u00e9s adaptog\u00e8nes, qui aident \u00e0 r\u00e9duire le stress et \u00e0 am\u00e9liorer le bien-\u00eatre g\u00e9n\u00e9ral. Des \u00e9tudes ont montr\u00e9 que le ginseng peut am\u00e9liorer la clart\u00e9 mentale et les performances physiques.<\/p>\n<h3>2. L-arginine<\/h3>\n<p>Cet acide amin\u00e9 est essentiel pour la dilatation des vaisseaux sanguins et am\u00e9liore la circulation sanguine. L&rsquo;am\u00e9lioration de la circulation sanguine peut entra\u00eener une augmentation de l&rsquo;\u00e9nergie et de l&rsquo;endurance, ce qui est \u00e9tay\u00e9 par plusieurs \u00e9tudes scientifiques.<\/p>\n<h3>3. racine de maca<\/h3>\n<p>La maca est un superaliment bien connu pour sa capacit\u00e9 \u00e0 augmenter les niveaux d&rsquo;\u00e9nergie et \u00e0 am\u00e9liorer l&rsquo;endurance. Des \u00e9tudes ont \u00e9galement d\u00e9montr\u00e9 ses effets positifs sur la fonction cognitive.<\/p>\n<h3>4. complexe de vitamines B<\/h3>\n<p>Les vitamines du complexe B sont essentielles pour le m\u00e9tabolisme \u00e9nerg\u00e9tique du corps. Elles contribuent \u00e0 r\u00e9duire la fatigue et \u00e0 soutenir le syst\u00e8me nerveux. Leur r\u00f4le dans le soutien de la sant\u00e9 mentale et physique est bien document\u00e9.<\/p>\n<h2>Prix et disponibilit\u00e9<\/h2>\n<p>Nexalyn n&rsquo;est pas disponible dans les magasins de d\u00e9tail traditionnels comme dm, Kaufland, Rossmann ou dans les boutiques en ligne comme Amazon ou Shop Apotheke. Cette distribution exclusive garantit que le produit conserve sa qualit\u00e9 et son efficacit\u00e9.<\/p>\n<p>Le prix de Nexalyn se situe dans le segment sup\u00e9rieur, ce qui est justifi\u00e9 par les ingr\u00e9dients de haute qualit\u00e9 et la production durable. Une comparaison des prix montre que Nexalyn pourrait \u00eatre plus cher que certains concurrents, mais les avantages \u00e0 long terme et la qualit\u00e9 valent bien le prix.<\/p>\n<h2>Evaluations et t\u00e9moignages<\/h2>\n<p>Bien que Nexalyn n&rsquo;ait pas encore \u00e9t\u00e9 test\u00e9 par des institutions telles que Stiftung Warentest ou Verbraucherzentrale, de nombreuses \u00e9valuations d&rsquo;utilisateurs parlent un langage positif. De nombreux utilisateurs font \u00e9tat d&rsquo;une am\u00e9lioration consid\u00e9rable de leur bien-\u00eatre et de leur niveau d&rsquo;\u00e9nergie. La rapidit\u00e9 d&rsquo;action et les r\u00e9sultats durables sont souvent mis en avant.<\/p>\n<p>Certains t\u00e9moignages mettent \u00e9galement en avant la facilit\u00e9 d&rsquo;utilisation et l&rsquo;absence d&rsquo;effets secondaires. Les utilisateurs appr\u00e9cient les ingr\u00e9dients naturels et le fait que le produit soit fabriqu\u00e9 dans le respect de l&rsquo;environnement.<\/p>\n<h2>Evaluation finale<\/h2>\n<p>Dans l&rsquo;ensemble, Nexalyn est un produit remarquable qui convainc par ses ingr\u00e9dients naturels et son effet rapide et durable. Les m\u00e9thodes de production respectueuses de l&rsquo;environnement et les t\u00e9moignages positifs de nombreux utilisateurs soulignent sa valeur \u00e0 l&rsquo;heure actuelle. Alors que le prix peut \u00eatre plus \u00e9lev\u00e9 que celui de produits comparables, la qualit\u00e9 et les r\u00e9sultats positifs justifient l&rsquo;investissement.<\/p>\n<p>Pour ceux qui recherchent un produit de qualit\u00e9 et efficace qui am\u00e9liore le bien-\u00eatre de mani\u00e8re naturelle, Nexalyn est un excellent choix. Il reste \u00e0 esp\u00e9rer qu&rsquo;\u00e0 l&rsquo;avenir, des tests ind\u00e9pendants seront r\u00e9alis\u00e9s par des institutions telles que Stiftung Warentest ou Verbraucherzentrale, afin d&rsquo;\u00e9tayer davantage les t\u00e9moignages positifs.<\/p>\n","protected":false},"excerpt":{"rendered":"<p>Nexalyn est un produit innovant qui a r\u00e9cemment attir\u00e9 l&rsquo;attention du march\u00e9. Il promet une multitude d&rsquo;avantages, particuli\u00e8rement importants dans le monde moderne et tr\u00e9pidant d&rsquo;aujourd&rsquo;hui. Dans ce rapport d&rsquo;essai, nous allons examiner en d\u00e9tail les caract\u00e9ristiques et les avantages de Nexalyn, analyser ses ingr\u00e9dients et r\u00e9sumer les avis des utilisateurs. Nexalyn Avis Vous trouverez &#8230; <a title=\"Nexalyn\" class=\"read-more\" href=\"https:\/\/etoxproject.eu\/fr\/produit\/nexalyn\/\" aria-label=\"More on Nexalyn\">Lire plus<\/a><\/p>\n","protected":false},"featured_media":1504,"comment_status":"open","ping_status":"closed","template":"","meta":[],"product_brand":[],"product_cat":[],"product_tag":[],"class_list":{"0":"post-1503","1":"product","2":"type-product","3":"status-publish","4":"has-post-thumbnail","7":"first","8":"instock","9":"sale","10":"shipping-taxable","11":"product-type-external"},"yoast_head":"<!-- This site is optimized with the Yoast SEO plugin v27.4 - https:\/\/yoast.com\/product\/yoast-seo-wordpress\/ -->\n<title>Nexalyn Avis \u2764\ufe0f Obtenir une r\u00e9duction de 50% sur le prix<\/title>\n<meta name=\"robots\" content=\"index, follow, max-snippet:-1, max-image-preview:large, max-video-preview:-1\" \/>\n<link rel=\"canonical\" href=\"https:\/\/etoxproject.eu\/fr\/produit\/nexalyn\/\" \/>\n<meta property=\"og:locale\" content=\"fr_FR\" \/>\n<meta property=\"og:type\" content=\"article\" \/>\n<meta property=\"og:title\" content=\"Nexalyn Avis \u2764\ufe0f Obtenir une r\u00e9duction de 50% sur le prix\" \/>\n<meta property=\"og:description\" content=\"Nexalyn est un produit innovant qui a r\u00e9cemment attir\u00e9 l&rsquo;attention du march\u00e9. Il promet une multitude d&rsquo;avantages, particuli\u00e8rement importants dans le monde moderne et tr\u00e9pidant d&rsquo;aujourd&rsquo;hui. Dans ce rapport d&rsquo;essai, nous allons examiner en d\u00e9tail les caract\u00e9ristiques et les avantages de Nexalyn, analyser ses ingr\u00e9dients et r\u00e9sumer les avis des utilisateurs. Nexalyn Avis Vous trouverez ... Lire plus\" \/>\n<meta property=\"og:url\" content=\"https:\/\/etoxproject.eu\/fr\/produit\/nexalyn\/\" \/>\n<meta property=\"og:site_name\" content=\"etoxproject.eu\" \/>\n<meta property=\"og:image\" content=\"https:\/\/etoxproject.eu\/wp-content\/uploads\/2024\/11\/nexalyn.jpg\" \/>\n\t<meta property=\"og:image:width\" content=\"357\" \/>\n\t<meta property=\"og:image:height\" content=\"357\" \/>\n\t<meta property=\"og:image:type\" content=\"image\/jpeg\" \/>\n<meta name=\"twitter:card\" content=\"summary_large_image\" \/>\n<meta name=\"twitter:label1\" content=\"Dur\u00e9e de lecture estim\u00e9e\" \/>\n\t<meta name=\"twitter:data1\" content=\"4 minutes\" \/>\n<script type=\"application\/ld+json\" class=\"yoast-schema-graph\">{\"@context\":\"https:\\\/\\\/schema.org\",\"@graph\":[{\"@type\":\"WebPage\",\"@id\":\"https:\\\/\\\/etoxproject.eu\\\/fr\\\/produit\\\/nexalyn\\\/\",\"url\":\"https:\\\/\\\/etoxproject.eu\\\/fr\\\/produit\\\/nexalyn\\\/\",\"name\":\"Nexalyn Avis \u2764\ufe0f Obtenir une r\u00e9duction de 50% sur le prix\",\"isPartOf\":{\"@id\":\"https:\\\/\\\/etoxproject.eu\\\/fr\\\/#website\"},\"primaryImageOfPage\":{\"@id\":\"https:\\\/\\\/etoxproject.eu\\\/fr\\\/produit\\\/nexalyn\\\/#primaryimage\"},\"image\":{\"@id\":\"https:\\\/\\\/etoxproject.eu\\\/fr\\\/produit\\\/nexalyn\\\/#primaryimage\"},\"thumbnailUrl\":\"https:\\\/\\\/etoxproject.eu\\\/wp-content\\\/uploads\\\/2024\\\/11\\\/nexalyn.jpg\",\"datePublished\":\"2024-12-17T04:47:28+00:00\",\"breadcrumb\":{\"@id\":\"https:\\\/\\\/etoxproject.eu\\\/fr\\\/produit\\\/nexalyn\\\/#breadcrumb\"},\"inLanguage\":\"fr-FR\",\"potentialAction\":[{\"@type\":\"ReadAction\",\"target\":[\"https:\\\/\\\/etoxproject.eu\\\/fr\\\/produit\\\/nexalyn\\\/\"]}]},{\"@type\":\"ImageObject\",\"inLanguage\":\"fr-FR\",\"@id\":\"https:\\\/\\\/etoxproject.eu\\\/fr\\\/produit\\\/nexalyn\\\/#primaryimage\",\"url\":\"https:\\\/\\\/etoxproject.eu\\\/wp-content\\\/uploads\\\/2024\\\/11\\\/nexalyn.jpg\",\"contentUrl\":\"https:\\\/\\\/etoxproject.eu\\\/wp-content\\\/uploads\\\/2024\\\/11\\\/nexalyn.jpg\",\"width\":357,\"height\":357},{\"@type\":\"BreadcrumbList\",\"@id\":\"https:\\\/\\\/etoxproject.eu\\\/fr\\\/produit\\\/nexalyn\\\/#breadcrumb\",\"itemListElement\":[{\"@type\":\"ListItem\",\"position\":1,\"name\":\"Startseite\",\"item\":\"https:\\\/\\\/etoxproject.eu\\\/fr\\\/\"},{\"@type\":\"ListItem\",\"position\":2,\"name\":\"Shop\",\"item\":\"https:\\\/\\\/etoxproject.eu\\\/shop\\\/\"},{\"@type\":\"ListItem\",\"position\":3,\"name\":\"Nexalyn\"}]},{\"@type\":\"WebSite\",\"@id\":\"https:\\\/\\\/etoxproject.eu\\\/fr\\\/#website\",\"url\":\"https:\\\/\\\/etoxproject.eu\\\/fr\\\/\",\"name\":\"etoxproject.eu\",\"description\":\"\",\"publisher\":{\"@id\":\"https:\\\/\\\/etoxproject.eu\\\/fr\\\/#organization\"},\"potentialAction\":[{\"@type\":\"SearchAction\",\"target\":{\"@type\":\"EntryPoint\",\"urlTemplate\":\"https:\\\/\\\/etoxproject.eu\\\/fr\\\/?s={search_term_string}\"},\"query-input\":{\"@type\":\"PropertyValueSpecification\",\"valueRequired\":true,\"valueName\":\"search_term_string\"}}],\"inLanguage\":\"fr-FR\"},{\"@type\":\"Organization\",\"@id\":\"https:\\\/\\\/etoxproject.eu\\\/fr\\\/#organization\",\"name\":\"etoxproject.eu\",\"url\":\"https:\\\/\\\/etoxproject.eu\\\/fr\\\/\",\"logo\":{\"@type\":\"ImageObject\",\"inLanguage\":\"fr-FR\",\"@id\":\"https:\\\/\\\/etoxproject.eu\\\/fr\\\/#\\\/schema\\\/logo\\\/image\\\/\",\"url\":\"https:\\\/\\\/etoxproject.eu\\\/wp-content\\\/uploads\\\/2024\\\/12\\\/etoxproject.png\",\"contentUrl\":\"https:\\\/\\\/etoxproject.eu\\\/wp-content\\\/uploads\\\/2024\\\/12\\\/etoxproject.png\",\"width\":315,\"height\":69,\"caption\":\"etoxproject.eu\"},\"image\":{\"@id\":\"https:\\\/\\\/etoxproject.eu\\\/fr\\\/#\\\/schema\\\/logo\\\/image\\\/\"}}]}<\/script>\n<!-- \/ Yoast SEO plugin. -->","yoast_head_json":{"title":"Nexalyn Avis \u2764\ufe0f Obtenir une r\u00e9duction de 50% sur le prix","robots":{"index":"index","follow":"follow","max-snippet":"max-snippet:-1","max-image-preview":"max-image-preview:large","max-video-preview":"max-video-preview:-1"},"canonical":"https:\/\/etoxproject.eu\/fr\/produit\/nexalyn\/","og_locale":"fr_FR","og_type":"article","og_title":"Nexalyn Avis \u2764\ufe0f Obtenir une r\u00e9duction de 50% sur le prix","og_description":"Nexalyn est un produit innovant qui a r\u00e9cemment attir\u00e9 l&rsquo;attention du march\u00e9. Il promet une multitude d&rsquo;avantages, particuli\u00e8rement importants dans le monde moderne et tr\u00e9pidant d&rsquo;aujourd&rsquo;hui. Dans ce rapport d&rsquo;essai, nous allons examiner en d\u00e9tail les caract\u00e9ristiques et les avantages de Nexalyn, analyser ses ingr\u00e9dients et r\u00e9sumer les avis des utilisateurs. Nexalyn Avis Vous trouverez ... Lire plus","og_url":"https:\/\/etoxproject.eu\/fr\/produit\/nexalyn\/","og_site_name":"etoxproject.eu","og_image":[{"width":357,"height":357,"url":"https:\/\/etoxproject.eu\/wp-content\/uploads\/2024\/11\/nexalyn.jpg","type":"image\/jpeg"}],"twitter_card":"summary_large_image","twitter_misc":{"Dur\u00e9e de lecture estim\u00e9e":"4 minutes"},"schema":{"@context":"https:\/\/schema.org","@graph":[{"@type":"WebPage","@id":"https:\/\/etoxproject.eu\/fr\/produit\/nexalyn\/","url":"https:\/\/etoxproject.eu\/fr\/produit\/nexalyn\/","name":"Nexalyn Avis \u2764\ufe0f Obtenir une r\u00e9duction de 50% sur le prix","isPartOf":{"@id":"https:\/\/etoxproject.eu\/fr\/#website"},"primaryImageOfPage":{"@id":"https:\/\/etoxproject.eu\/fr\/produit\/nexalyn\/#primaryimage"},"image":{"@id":"https:\/\/etoxproject.eu\/fr\/produit\/nexalyn\/#primaryimage"},"thumbnailUrl":"https:\/\/etoxproject.eu\/wp-content\/uploads\/2024\/11\/nexalyn.jpg","datePublished":"2024-12-17T04:47:28+00:00","breadcrumb":{"@id":"https:\/\/etoxproject.eu\/fr\/produit\/nexalyn\/#breadcrumb"},"inLanguage":"fr-FR","potentialAction":[{"@type":"ReadAction","target":["https:\/\/etoxproject.eu\/fr\/produit\/nexalyn\/"]}]},{"@type":"ImageObject","inLanguage":"fr-FR","@id":"https:\/\/etoxproject.eu\/fr\/produit\/nexalyn\/#primaryimage","url":"https:\/\/etoxproject.eu\/wp-content\/uploads\/2024\/11\/nexalyn.jpg","contentUrl":"https:\/\/etoxproject.eu\/wp-content\/uploads\/2024\/11\/nexalyn.jpg","width":357,"height":357},{"@type":"BreadcrumbList","@id":"https:\/\/etoxproject.eu\/fr\/produit\/nexalyn\/#breadcrumb","itemListElement":[{"@type":"ListItem","position":1,"name":"Startseite","item":"https:\/\/etoxproject.eu\/fr\/"},{"@type":"ListItem","position":2,"name":"Shop","item":"https:\/\/etoxproject.eu\/shop\/"},{"@type":"ListItem","position":3,"name":"Nexalyn"}]},{"@type":"WebSite","@id":"https:\/\/etoxproject.eu\/fr\/#website","url":"https:\/\/etoxproject.eu\/fr\/","name":"etoxproject.eu","description":"","publisher":{"@id":"https:\/\/etoxproject.eu\/fr\/#organization"},"potentialAction":[{"@type":"SearchAction","target":{"@type":"EntryPoint","urlTemplate":"https:\/\/etoxproject.eu\/fr\/?s={search_term_string}"},"query-input":{"@type":"PropertyValueSpecification","valueRequired":true,"valueName":"search_term_string"}}],"inLanguage":"fr-FR"},{"@type":"Organization","@id":"https:\/\/etoxproject.eu\/fr\/#organization","name":"etoxproject.eu","url":"https:\/\/etoxproject.eu\/fr\/","logo":{"@type":"ImageObject","inLanguage":"fr-FR","@id":"https:\/\/etoxproject.eu\/fr\/#\/schema\/logo\/image\/","url":"https:\/\/etoxproject.eu\/wp-content\/uploads\/2024\/12\/etoxproject.png","contentUrl":"https:\/\/etoxproject.eu\/wp-content\/uploads\/2024\/12\/etoxproject.png","width":315,"height":69,"caption":"etoxproject.eu"},"image":{"@id":"https:\/\/etoxproject.eu\/fr\/#\/schema\/logo\/image\/"}}]}},"_links":{"self":[{"href":"https:\/\/etoxproject.eu\/fr\/wp-json\/wp\/v2\/product\/1503","targetHints":{"allow":["GET"]}}],"collection":[{"href":"https:\/\/etoxproject.eu\/fr\/wp-json\/wp\/v2\/product"}],"about":[{"href":"https:\/\/etoxproject.eu\/fr\/wp-json\/wp\/v2\/types\/product"}],"replies":[{"embeddable":true,"href":"https:\/\/etoxproject.eu\/fr\/wp-json\/wp\/v2\/comments?post=1503"}],"wp:featuredmedia":[{"embeddable":true,"href":"https:\/\/etoxproject.eu\/fr\/wp-json\/wp\/v2\/media\/1504"}],"wp:attachment":[{"href":"https:\/\/etoxproject.eu\/fr\/wp-json\/wp\/v2\/media?parent=1503"}],"wp:term":[{"taxonomy":"product_brand","embeddable":true,"href":"https:\/\/etoxproject.eu\/fr\/wp-json\/wp\/v2\/product_brand?post=1503"},{"taxonomy":"product_cat","embeddable":true,"href":"https:\/\/etoxproject.eu\/fr\/wp-json\/wp\/v2\/product_cat?post=1503"},{"taxonomy":"product_tag","embeddable":true,"href":"https:\/\/etoxproject.eu\/fr\/wp-json\/wp\/v2\/product_tag?post=1503"}],"curies":[{"name":"wp","href":"https:\/\/api.w.org\/{rel}","templated":true}]}}