{"id":1637,"date":"2024-11-12T10:42:38","date_gmt":"2024-12-21T07:07:52","guid":{"rendered":"https:\/\/etoxproject.eu\/?post_type=product&#038;p=1637"},"modified":"2024-12-21T08:07:52","modified_gmt":"2024-12-21T07:07:52","slug":"phenq","status":"publish","type":"product","link":"https:\/\/etoxproject.eu\/fr\/produit\/phenq\/","title":{"rendered":"PhenQ"},"content":{"rendered":"<p>PhenQ est un compl\u00e9ment alimentaire pour la perte de poids qui est devenu de plus en plus populaire ces derni\u00e8res ann\u00e9es. Il est commercialis\u00e9 comme une solution puissante d&rsquo;aide \u00e0 la gestion du poids. Mais tient-il ses promesses ? Dans ce rapport de test d\u00e9taill\u00e9, nous examinons les propri\u00e9t\u00e9s, les ingr\u00e9dients et l&rsquo;exp\u00e9rience des utilisateurs de PhenQ afin de vous donner un avis \u00e9clair\u00e9.<\/p>\n<h2>PhenQ Avis m\u00e9dical<\/h2>\n<table>\n<thead>\n<tr>\n<th>Propri\u00e9t\u00e9<\/th>\n<th>Avantage<\/th>\n<\/tr>\n<\/thead>\n<tbody>\n<tr>\n<td><strong>Contr\u00f4leur d&rsquo;app\u00e9tit<\/strong> \ud83c\udf4f<\/td>\n<td>PhenQ aide \u00e0 contr\u00f4ler la faim en r\u00e9duisant l&rsquo;envie de grignoter entre les repas. Cela favorise un r\u00e9gime hypocalorique et encourage la perte de poids.<\/td>\n<\/tr>\n<tr>\n<td><strong>Combustion des graisses<\/strong> \ud83d\udd25<\/td>\n<td>L&rsquo;effet thermog\u00e9nique de PhenQ stimule le m\u00e9tabolisme, ce qui entra\u00eene une augmentation de la combustion des graisses. Des \u00e9tudes montrent qu&rsquo;une thermogen\u00e8se accrue peut augmenter la consommation de calories m\u00eame pendant les phases de repos.<\/td>\n<\/tr>\n<tr>\n<td><strong>Un boost d&rsquo;\u00e9nergie<\/strong> \u26a1<\/td>\n<td>Les ingr\u00e9dients de PhenQ contribuent \u00e0 augmenter le niveau d&rsquo;\u00e9nergie, ce qui peut \u00eatre particuli\u00e8rement b\u00e9n\u00e9fique en p\u00e9riode de r\u00e9gime, lorsque l&rsquo;on se sent souvent fatigu\u00e9 et \u00e9puis\u00e9.<\/td>\n<\/tr>\n<tr>\n<td><strong>Accroissement de l&rsquo;humeur<\/strong> \ud83d\ude0a<\/td>\n<td>Ce produit contient des ingr\u00e9dients qui aident \u00e0 stabiliser l&rsquo;humeur et donc \u00e0 lutter contre l&rsquo;alimentation \u00e9motionnelle. Une humeur positive peut favoriser la motivation \u00e0 suivre un plan de r\u00e9gime.<\/td>\n<\/tr>\n<tr>\n<td><strong>Blocage de la production de graisse<\/strong> \ud83d\udeab<\/td>\n<td>PhenQ contient des composants sp\u00e9ciaux qui bloquent la formation de nouvelles cellules graisseuses. Cela favorise non seulement la perte de poids, mais facilite \u00e9galement le contr\u00f4le du poids \u00e0 long terme.<\/td>\n<\/tr>\n<\/tbody>\n<\/table>\n<p>&nbsp;<\/p>\n<h2>Les ingr\u00e9dients et leurs effets<\/h2>\n<p>PhenQ combine plusieurs ingr\u00e9dients naturels qui ont \u00e9t\u00e9 soigneusement s\u00e9lectionn\u00e9s pour obtenir les meilleurs r\u00e9sultats. Voici les principaux composants :<\/p>\n<h3>\u03b1-Lacys Reset\u00ae<\/h3>\n<p>Cette formule brevet\u00e9e est un \u00e9l\u00e9ment essentiel de PhenQ et se compose d&rsquo;acide alpha-lipo\u00efque et de cyst\u00e9ine. Des \u00e9tudes montrent qu&rsquo;\u03b1-Lacys Reset\u00ae peut acc\u00e9l\u00e9rer le m\u00e9tabolisme et augmenter la thermogen\u00e8se, ce qui permet de br\u00fbler les graisses plus efficacement.<\/p>\n<h3>Nopal<\/h3>\n<p>Le nopal est un extrait de cactus riche en fibres alimentaires. Ces fibres contribuent \u00e0 cr\u00e9er une sensation de sati\u00e9t\u00e9, ce qui r\u00e9duit l&rsquo;absorption de calories. De plus, le nopal fournit des acides amin\u00e9s essentiels qui soutiennent l&rsquo;\u00e9quilibre \u00e9nerg\u00e9tique.<\/p>\n<h3>L-carnitine fumarate<\/h3>\n<p>La L-carnitine est un acide amin\u00e9 qui contribue \u00e0 la transformation des graisses en \u00e9nergie. Cela signifie qu&rsquo;elle aide non seulement \u00e0 br\u00fbler les graisses, mais aussi \u00e0 augmenter le niveau d&rsquo;\u00e9nergie, ce qui est particuli\u00e8rement utile dans le cadre d&rsquo;un r\u00e9gime.<\/p>\n<h3>La caf\u00e9ine<\/h3>\n<p>La caf\u00e9ine est connue pour ses effets stimulants. Elle augmente la vigilance et peut am\u00e9liorer les performances physiques. En outre, elle stimule le m\u00e9tabolisme et favorise ainsi la combustion des graisses.<\/p>\n<h3>Poudre de capsimax<\/h3>\n<p>Cette poudre est un m\u00e9lange de capsicum, de pip\u00e9rine, de caf\u00e9ine et de niacine. Elle augmente la temp\u00e9rature du corps et favorise la thermogen\u00e8se, ce qui contribue \u00e0 la combustion des graisses. La pip\u00e9rine am\u00e9liore \u00e9galement la biodisponibilit\u00e9 d&rsquo;autres nutriments.<\/p>\n<h2>Prix et disponibilit\u00e9 &#8211; G\u00e9lules minceur Phenq<\/h2>\n<p>Les g\u00e9lules minceur PhenQ est uniquement disponible sur le site web officiel du fabricant. Il n&rsquo;est pas vendu chez les grands d\u00e9taillants comme dm, Kaufland, Rossmann, Amazon ou dans les pharmacies Shop. Le prix se situe dans le segment premium, ce qui est justifi\u00e9 par la composition de haute qualit\u00e9 et les avantages offerts.<\/p>\n<h2>Phenq prix et comparaison de prix &#8211; coupe faim puissant phenq<\/h2>\n<table>\n<thead>\n<tr>\n<th>Produit<\/th>\n<th>Prix<\/th>\n<th>Disponibilit\u00e9<\/th>\n<\/tr>\n<\/thead>\n<tbody>\n<tr>\n<td>PhenQ &#8211; paquet de 1 mois&lt;\/td<\/td>\n<td>\u20ac69.95<\/td>\n<td>Seulement sur le site officiel<\/td>\n<\/tr>\n<tr>\n<td>PhenQ &#8211; Coffret de 3 mois&lt;\/td<\/td>\n<td>\u20ac139.90<\/td>\n<td>Seulement sur le site officiel<\/td>\n<\/tr>\n<tr>\n<td>PhenQ &#8211; paquet de 5 mois<\/td>\n<td>\u20ac189.95<\/td>\n<td>Seulement sur le site officiel<\/td>\n<\/tr>\n<\/tbody>\n<\/table>\n<p>&amp;nbsp ;<\/p>\n<h2>Exp\u00e9riences des clients et \u00e9valuations<\/h2>\n<p>La majorit\u00e9 des \u00e9valuations des utilisateurs de PhenQ sont positives. De nombreux utilisateurs font \u00e9tat de progr\u00e8s significatifs en mati\u00e8re de perte de poids et louent l&rsquo;\u00e9nergie suppl\u00e9mentaire que leur procure le produit. Certains utilisateurs mentionnent \u00e9galement une am\u00e9lioration de l&rsquo;humeur et une diminution des fringales.<\/p>\n<p>Voici quelques t\u00e9moignages exemplaires :<\/p>\n<ul>\n<li><em>\u00ab\u00a0J&rsquo;ai perdu 8 kilos au cours des deux premiers mois et je me sens tr\u00e8s bien. PhenQ m&rsquo;a aid\u00e9 \u00e0 contr\u00f4ler mes habitudes alimentaires et j&rsquo;ai plus d&rsquo;\u00e9nergie pour mes entra\u00eenements quotidiens \u00bb <\/em><\/li>\n<li><em>\u00ab\u00a0Un vrai produit miracle ! Je n&rsquo;aurais jamais pens\u00e9 qu&rsquo;une pilule pouvait avoir autant d&rsquo;effet. Mon humeur s&rsquo;est am\u00e9lior\u00e9e et j&rsquo;ai enfin le contr\u00f4le de mon alimentation.\u00a0\u00bb<\/em><\/li>\n<li><em>\u00ab\u00a0Cela m&rsquo;a permis d&rsquo;\u00e9viter l&rsquo;effet yo-yo. Je peux maintenir mon poids sans me priver de tout et je me sens pleine d&rsquo;\u00e9nergie.\u00a0\u00bb<\/em><\/li>\n<\/ul>\n<h2>Avis Phenq &#8211; Evaluation finale<\/h2>\n<p>PhenQ se r\u00e9v\u00e8le \u00eatre un compl\u00e9ment alimentaire prometteur pour soutenir la perte de poids. Gr\u00e2ce \u00e0 la combinaison d&rsquo;ingr\u00e9dients soutenus scientifiquement et d&rsquo;exp\u00e9riences positives d&rsquo;utilisateurs, il offre une solution compl\u00e8te \u00e0 tous ceux qui luttent contre leur poids.<\/p>\n<p>Alors que le prix peut \u00eatre plus \u00e9lev\u00e9 par rapport \u00e0 d&rsquo;autres produits, la qualit\u00e9 des ingr\u00e9dients et les r\u00e9sultats obtenus justifient l&rsquo;investissement. Si vous \u00eates \u00e0 la recherche d&rsquo;un soutien efficace pour votre perte de poids, PhenQ pourrait \u00eatre un excellent choix.<\/p>\n<p>Il est important de noter que PhenQ n&rsquo;a pas \u00e9t\u00e9 test\u00e9 par Stiftung Warentest, l&rsquo;association des consommateurs ou la protection des consommateurs. La d\u00e9cision de l&rsquo;essayer doit donc \u00eatre bas\u00e9e sur des recherches personnelles et des conseils d&rsquo;un professionnel de la sant\u00e9.<\/p>\n","protected":false},"excerpt":{"rendered":"<p>PhenQ est un compl\u00e9ment alimentaire pour la perte de poids qui est devenu de plus en plus populaire ces derni\u00e8res ann\u00e9es. Il est commercialis\u00e9 comme une solution puissante d&rsquo;aide \u00e0 la gestion du poids. Mais tient-il ses promesses ? Dans ce rapport de test d\u00e9taill\u00e9, nous examinons les propri\u00e9t\u00e9s, les ingr\u00e9dients et l&rsquo;exp\u00e9rience des utilisateurs &#8230; <a title=\"PhenQ\" class=\"read-more\" href=\"https:\/\/etoxproject.eu\/fr\/produit\/phenq\/\" aria-label=\"More on PhenQ\">Lire plus<\/a><\/p>\n","protected":false},"featured_media":1638,"comment_status":"open","ping_status":"closed","template":"","meta":[],"product_brand":[],"product_cat":[],"product_tag":[],"class_list":{"0":"post-1637","1":"product","2":"type-product","3":"status-publish","4":"has-post-thumbnail","7":"first","8":"instock","9":"sale","10":"shipping-taxable","11":"product-type-external"},"yoast_head":"<!-- This site is optimized with the Yoast SEO plugin v27.4 - https:\/\/yoast.com\/product\/yoast-seo-wordpress\/ -->\n<title>PhenQ Avis \u2764\ufe0f Acheter avec 60% de r\u00e9duction en France<\/title>\n<meta name=\"robots\" content=\"index, follow, max-snippet:-1, max-image-preview:large, max-video-preview:-1\" \/>\n<link rel=\"canonical\" href=\"https:\/\/etoxproject.eu\/fr\/produit\/phenq\/\" \/>\n<meta property=\"og:locale\" content=\"fr_FR\" \/>\n<meta property=\"og:type\" content=\"article\" \/>\n<meta property=\"og:title\" content=\"PhenQ Avis \u2764\ufe0f Acheter avec 60% de r\u00e9duction en France\" \/>\n<meta property=\"og:description\" content=\"PhenQ est un compl\u00e9ment alimentaire pour la perte de poids qui est devenu de plus en plus populaire ces derni\u00e8res ann\u00e9es. Il est commercialis\u00e9 comme une solution puissante d&rsquo;aide \u00e0 la gestion du poids. Mais tient-il ses promesses ? Dans ce rapport de test d\u00e9taill\u00e9, nous examinons les propri\u00e9t\u00e9s, les ingr\u00e9dients et l&rsquo;exp\u00e9rience des utilisateurs ... Lire plus\" \/>\n<meta property=\"og:url\" content=\"https:\/\/etoxproject.eu\/fr\/produit\/phenq\/\" \/>\n<meta property=\"og:site_name\" content=\"etoxproject.eu\" \/>\n<meta property=\"og:image\" content=\"https:\/\/etoxproject.eu\/wp-content\/uploads\/2024\/11\/phenq-1.jpg\" \/>\n\t<meta property=\"og:image:width\" content=\"651\" \/>\n\t<meta property=\"og:image:height\" content=\"651\" \/>\n\t<meta property=\"og:image:type\" content=\"image\/jpeg\" \/>\n<meta name=\"twitter:card\" content=\"summary_large_image\" \/>\n<meta name=\"twitter:label1\" content=\"Dur\u00e9e de lecture estim\u00e9e\" \/>\n\t<meta name=\"twitter:data1\" content=\"5 minutes\" \/>\n<script type=\"application\/ld+json\" class=\"yoast-schema-graph\">{\"@context\":\"https:\\\/\\\/schema.org\",\"@graph\":[{\"@type\":\"WebPage\",\"@id\":\"https:\\\/\\\/etoxproject.eu\\\/fr\\\/produit\\\/phenq\\\/\",\"url\":\"https:\\\/\\\/etoxproject.eu\\\/fr\\\/produit\\\/phenq\\\/\",\"name\":\"PhenQ Avis \u2764\ufe0f Acheter avec 60% de r\u00e9duction en France\",\"isPartOf\":{\"@id\":\"https:\\\/\\\/etoxproject.eu\\\/fr\\\/#website\"},\"primaryImageOfPage\":{\"@id\":\"https:\\\/\\\/etoxproject.eu\\\/fr\\\/produit\\\/phenq\\\/#primaryimage\"},\"image\":{\"@id\":\"https:\\\/\\\/etoxproject.eu\\\/fr\\\/produit\\\/phenq\\\/#primaryimage\"},\"thumbnailUrl\":\"https:\\\/\\\/etoxproject.eu\\\/wp-content\\\/uploads\\\/2024\\\/11\\\/phenq-1.jpg\",\"datePublished\":\"2024-12-21T07:07:52+00:00\",\"breadcrumb\":{\"@id\":\"https:\\\/\\\/etoxproject.eu\\\/fr\\\/produit\\\/phenq\\\/#breadcrumb\"},\"inLanguage\":\"fr-FR\",\"potentialAction\":[{\"@type\":\"ReadAction\",\"target\":[\"https:\\\/\\\/etoxproject.eu\\\/fr\\\/produit\\\/phenq\\\/\"]}]},{\"@type\":\"ImageObject\",\"inLanguage\":\"fr-FR\",\"@id\":\"https:\\\/\\\/etoxproject.eu\\\/fr\\\/produit\\\/phenq\\\/#primaryimage\",\"url\":\"https:\\\/\\\/etoxproject.eu\\\/wp-content\\\/uploads\\\/2024\\\/11\\\/phenq-1.jpg\",\"contentUrl\":\"https:\\\/\\\/etoxproject.eu\\\/wp-content\\\/uploads\\\/2024\\\/11\\\/phenq-1.jpg\",\"width\":651,\"height\":651},{\"@type\":\"BreadcrumbList\",\"@id\":\"https:\\\/\\\/etoxproject.eu\\\/fr\\\/produit\\\/phenq\\\/#breadcrumb\",\"itemListElement\":[{\"@type\":\"ListItem\",\"position\":1,\"name\":\"Startseite\",\"item\":\"https:\\\/\\\/etoxproject.eu\\\/fr\\\/\"},{\"@type\":\"ListItem\",\"position\":2,\"name\":\"Shop\",\"item\":\"https:\\\/\\\/etoxproject.eu\\\/shop\\\/\"},{\"@type\":\"ListItem\",\"position\":3,\"name\":\"PhenQ\"}]},{\"@type\":\"WebSite\",\"@id\":\"https:\\\/\\\/etoxproject.eu\\\/fr\\\/#website\",\"url\":\"https:\\\/\\\/etoxproject.eu\\\/fr\\\/\",\"name\":\"etoxproject.eu\",\"description\":\"\",\"publisher\":{\"@id\":\"https:\\\/\\\/etoxproject.eu\\\/fr\\\/#organization\"},\"potentialAction\":[{\"@type\":\"SearchAction\",\"target\":{\"@type\":\"EntryPoint\",\"urlTemplate\":\"https:\\\/\\\/etoxproject.eu\\\/fr\\\/?s={search_term_string}\"},\"query-input\":{\"@type\":\"PropertyValueSpecification\",\"valueRequired\":true,\"valueName\":\"search_term_string\"}}],\"inLanguage\":\"fr-FR\"},{\"@type\":\"Organization\",\"@id\":\"https:\\\/\\\/etoxproject.eu\\\/fr\\\/#organization\",\"name\":\"etoxproject.eu\",\"url\":\"https:\\\/\\\/etoxproject.eu\\\/fr\\\/\",\"logo\":{\"@type\":\"ImageObject\",\"inLanguage\":\"fr-FR\",\"@id\":\"https:\\\/\\\/etoxproject.eu\\\/fr\\\/#\\\/schema\\\/logo\\\/image\\\/\",\"url\":\"https:\\\/\\\/etoxproject.eu\\\/wp-content\\\/uploads\\\/2024\\\/12\\\/etoxproject.png\",\"contentUrl\":\"https:\\\/\\\/etoxproject.eu\\\/wp-content\\\/uploads\\\/2024\\\/12\\\/etoxproject.png\",\"width\":315,\"height\":69,\"caption\":\"etoxproject.eu\"},\"image\":{\"@id\":\"https:\\\/\\\/etoxproject.eu\\\/fr\\\/#\\\/schema\\\/logo\\\/image\\\/\"}}]}<\/script>\n<!-- \/ Yoast SEO plugin. -->","yoast_head_json":{"title":"PhenQ Avis \u2764\ufe0f Acheter avec 60% de r\u00e9duction en France","robots":{"index":"index","follow":"follow","max-snippet":"max-snippet:-1","max-image-preview":"max-image-preview:large","max-video-preview":"max-video-preview:-1"},"canonical":"https:\/\/etoxproject.eu\/fr\/produit\/phenq\/","og_locale":"fr_FR","og_type":"article","og_title":"PhenQ Avis \u2764\ufe0f Acheter avec 60% de r\u00e9duction en France","og_description":"PhenQ est un compl\u00e9ment alimentaire pour la perte de poids qui est devenu de plus en plus populaire ces derni\u00e8res ann\u00e9es. Il est commercialis\u00e9 comme une solution puissante d&rsquo;aide \u00e0 la gestion du poids. Mais tient-il ses promesses ? Dans ce rapport de test d\u00e9taill\u00e9, nous examinons les propri\u00e9t\u00e9s, les ingr\u00e9dients et l&rsquo;exp\u00e9rience des utilisateurs ... Lire plus","og_url":"https:\/\/etoxproject.eu\/fr\/produit\/phenq\/","og_site_name":"etoxproject.eu","og_image":[{"width":651,"height":651,"url":"https:\/\/etoxproject.eu\/wp-content\/uploads\/2024\/11\/phenq-1.jpg","type":"image\/jpeg"}],"twitter_card":"summary_large_image","twitter_misc":{"Dur\u00e9e de lecture estim\u00e9e":"5 minutes"},"schema":{"@context":"https:\/\/schema.org","@graph":[{"@type":"WebPage","@id":"https:\/\/etoxproject.eu\/fr\/produit\/phenq\/","url":"https:\/\/etoxproject.eu\/fr\/produit\/phenq\/","name":"PhenQ Avis \u2764\ufe0f Acheter avec 60% de r\u00e9duction en France","isPartOf":{"@id":"https:\/\/etoxproject.eu\/fr\/#website"},"primaryImageOfPage":{"@id":"https:\/\/etoxproject.eu\/fr\/produit\/phenq\/#primaryimage"},"image":{"@id":"https:\/\/etoxproject.eu\/fr\/produit\/phenq\/#primaryimage"},"thumbnailUrl":"https:\/\/etoxproject.eu\/wp-content\/uploads\/2024\/11\/phenq-1.jpg","datePublished":"2024-12-21T07:07:52+00:00","breadcrumb":{"@id":"https:\/\/etoxproject.eu\/fr\/produit\/phenq\/#breadcrumb"},"inLanguage":"fr-FR","potentialAction":[{"@type":"ReadAction","target":["https:\/\/etoxproject.eu\/fr\/produit\/phenq\/"]}]},{"@type":"ImageObject","inLanguage":"fr-FR","@id":"https:\/\/etoxproject.eu\/fr\/produit\/phenq\/#primaryimage","url":"https:\/\/etoxproject.eu\/wp-content\/uploads\/2024\/11\/phenq-1.jpg","contentUrl":"https:\/\/etoxproject.eu\/wp-content\/uploads\/2024\/11\/phenq-1.jpg","width":651,"height":651},{"@type":"BreadcrumbList","@id":"https:\/\/etoxproject.eu\/fr\/produit\/phenq\/#breadcrumb","itemListElement":[{"@type":"ListItem","position":1,"name":"Startseite","item":"https:\/\/etoxproject.eu\/fr\/"},{"@type":"ListItem","position":2,"name":"Shop","item":"https:\/\/etoxproject.eu\/shop\/"},{"@type":"ListItem","position":3,"name":"PhenQ"}]},{"@type":"WebSite","@id":"https:\/\/etoxproject.eu\/fr\/#website","url":"https:\/\/etoxproject.eu\/fr\/","name":"etoxproject.eu","description":"","publisher":{"@id":"https:\/\/etoxproject.eu\/fr\/#organization"},"potentialAction":[{"@type":"SearchAction","target":{"@type":"EntryPoint","urlTemplate":"https:\/\/etoxproject.eu\/fr\/?s={search_term_string}"},"query-input":{"@type":"PropertyValueSpecification","valueRequired":true,"valueName":"search_term_string"}}],"inLanguage":"fr-FR"},{"@type":"Organization","@id":"https:\/\/etoxproject.eu\/fr\/#organization","name":"etoxproject.eu","url":"https:\/\/etoxproject.eu\/fr\/","logo":{"@type":"ImageObject","inLanguage":"fr-FR","@id":"https:\/\/etoxproject.eu\/fr\/#\/schema\/logo\/image\/","url":"https:\/\/etoxproject.eu\/wp-content\/uploads\/2024\/12\/etoxproject.png","contentUrl":"https:\/\/etoxproject.eu\/wp-content\/uploads\/2024\/12\/etoxproject.png","width":315,"height":69,"caption":"etoxproject.eu"},"image":{"@id":"https:\/\/etoxproject.eu\/fr\/#\/schema\/logo\/image\/"}}]}},"_links":{"self":[{"href":"https:\/\/etoxproject.eu\/fr\/wp-json\/wp\/v2\/product\/1637","targetHints":{"allow":["GET"]}}],"collection":[{"href":"https:\/\/etoxproject.eu\/fr\/wp-json\/wp\/v2\/product"}],"about":[{"href":"https:\/\/etoxproject.eu\/fr\/wp-json\/wp\/v2\/types\/product"}],"replies":[{"embeddable":true,"href":"https:\/\/etoxproject.eu\/fr\/wp-json\/wp\/v2\/comments?post=1637"}],"wp:featuredmedia":[{"embeddable":true,"href":"https:\/\/etoxproject.eu\/fr\/wp-json\/wp\/v2\/media\/1638"}],"wp:attachment":[{"href":"https:\/\/etoxproject.eu\/fr\/wp-json\/wp\/v2\/media?parent=1637"}],"wp:term":[{"taxonomy":"product_brand","embeddable":true,"href":"https:\/\/etoxproject.eu\/fr\/wp-json\/wp\/v2\/product_brand?post=1637"},{"taxonomy":"product_cat","embeddable":true,"href":"https:\/\/etoxproject.eu\/fr\/wp-json\/wp\/v2\/product_cat?post=1637"},{"taxonomy":"product_tag","embeddable":true,"href":"https:\/\/etoxproject.eu\/fr\/wp-json\/wp\/v2\/product_tag?post=1637"}],"curies":[{"name":"wp","href":"https:\/\/api.w.org\/{rel}","templated":true}]}}