{"id":2051,"date":"2025-01-08T21:33:29","date_gmt":"2025-01-09T09:19:09","guid":{"rendered":"https:\/\/etoxproject.eu\/?post_type=product&#038;p=2051"},"modified":"2025-01-09T10:19:43","modified_gmt":"2025-01-09T09:19:43","slug":"gelules-performax","status":"publish","type":"product","link":"https:\/\/etoxproject.eu\/fr\/produit\/gelules-performax\/","title":{"rendered":"G\u00e9lules Performax"},"content":{"rendered":"<p><strong>Rapport d&rsquo;essai : Performax &#8211; un suppl\u00e9ment complet pour la sant\u00e9 des hommes<\/strong>.<\/p>\n<p>Dans le monde des compl\u00e9ments alimentaires, il existe de nombreux produits qui pr\u00e9tendent \u00eatre la solution ultime pour l&rsquo;\u00e9nergie, l&rsquo;endurance et la vitalit\u00e9 g\u00e9n\u00e9rale. Mais peu d&rsquo;entre eux tiennent leurs promesses. Avec Performax, un compl\u00e9ment alimentaire qui convainc non seulement par ses ingr\u00e9dients, mais aussi par son efficacit\u00e9, entre en sc\u00e8ne. Dans ce rapport de test, nous jetons un regard d\u00e9taill\u00e9 sur Performax et examinons pourquoi il s&rsquo;agit d&rsquo;un produit si remarquable.<\/p>\n<h2><strong>Performax<\/strong> capsules avis m\u00e9dical<\/h2>\n<p>Performax est un compl\u00e9ment alimentaire sp\u00e9cialement con\u00e7u pour r\u00e9pondre aux besoins des hommes. Il promet de stimuler l&rsquo;\u00e9nergie, l&rsquo;endurance, la libido et le d\u00e9veloppement musculaire. Le produit est bas\u00e9 sur une formule bien pens\u00e9e qui combine des ingr\u00e9dients test\u00e9s scientifiquement afin d&rsquo;obtenir un maximum de r\u00e9sultats. D\u00e8s le premier regard sur l&#8217;emballage, Performax donne un sentiment de qualit\u00e9 et de professionnalisme.<\/p>\n<h2><strong>Acheter Performax<\/strong> au prix le plus bas<\/h2>\n<p>L&#8217;emballage de Performax a un design moderne et de qualit\u00e9. Les lignes claires, le design minimaliste et le choix professionnel des couleurs inspirent confiance. Toutes les informations importantes sur les ingr\u00e9dients et le dosage figurent sur l&#8217;emballage, ce qui offre \u00e0 l&rsquo;utilisateur un haut niveau de transparence. Il est particuli\u00e8rement impressionnant que l&#8217;emballage soit con\u00e7u dans le respect de l&rsquo;environnement, ce qui est un atout important \u00e0 l&rsquo;heure actuelle.<\/p>\n<h2><strong>Ingr\u00e9dients<\/strong><\/h2>\n<p>Les ingr\u00e9dients de Performax sont au c\u0153ur de ce suppl\u00e9ment. Chaque g\u00e9lule est remplie d&rsquo;ingr\u00e9dients hautement efficaces qui ont \u00e9t\u00e9 soigneusement s\u00e9lectionn\u00e9s pour soutenir les besoins sp\u00e9cifiques des hommes. Voici le d\u00e9tail des principaux ingr\u00e9dients :<\/p>\n<h3>L-arginine<\/h3>\n<p>Stimule la circulation sanguine et soutient la production d&rsquo;oxyde nitrique, ce qui entra\u00eene une am\u00e9lioration de la pompe musculaire et une endurance accrue.<\/p>\n<h3>Tribulus Terrestris<\/h3>\n<p>Un booster naturel de testost\u00e9rone qui augmente la libido et peut augmenter la masse musculaire.<\/p>\n<h3>Extrait de ginseng<\/h3>\n<p>Am\u00e9liore les performances cognitives et r\u00e9duit le stress, ce qui augmente l&rsquo;\u00e9nergie g\u00e9n\u00e9rale.<\/p>\n<h3>Zinc et magn\u00e9sium<\/h3>\n<p>Min\u00e9raux essentiels qui favorisent la production de testost\u00e9rone et la r\u00e9g\u00e9n\u00e9ration musculaire.<\/p>\n<h3>Complexe de vitamines B<\/h3>\n<p>.<br \/>\nAugmente le m\u00e9tabolisme \u00e9nerg\u00e9tique et favorise la vitalit\u00e9 g\u00e9n\u00e9rale.<\/p>\n<h2><strong>Application et dosage<\/strong><\/h2>\n<p>Performax est livr\u00e9 en capsules faciles \u00e0 avaler. La posologie recommand\u00e9e est d&rsquo;une capsule deux fois par jour, de pr\u00e9f\u00e9rence avec un repas. Ce dosage est id\u00e9al pour r\u00e9partir uniform\u00e9ment les substances actives tout au long de la journ\u00e9e et assurer un approvisionnement constant de l&rsquo;organisme. Pour des r\u00e9sultats optimaux, il est recommand\u00e9 de prendre Performax en continu pendant au moins 30 jours.<\/p>\n<h2><strong>Effet<\/strong><\/h2>\n<h3><strong>R\u00e9sultats \u00e0 court terme<\/strong><\/h3>\n<p>Les premiers effets positifs se font d\u00e9j\u00e0 sentir apr\u00e8s quelques jours de prise de gommes aux fruits Performax. La plupart des utilisateurs font \u00e9tat d&rsquo;un regain d&rsquo;\u00e9nergie, d&rsquo;une meilleure concentration et d&rsquo;un sentiment accru de vitalit\u00e9. L&rsquo;am\u00e9lioration rapide de l&rsquo;endurance lors d&rsquo;activit\u00e9s sportives est particuli\u00e8rement remarquable.<\/p>\n<h3><strong>R\u00e9sultats \u00e0 long terme<\/strong><\/h3>\n<p>Apr\u00e8s environ deux \u00e0 quatre semaines d&rsquo;utilisation continue, les r\u00e9sultats sont plus nets. La force musculaire augmente, la libido s&rsquo;am\u00e9liore sensiblement et l&rsquo;humeur g\u00e9n\u00e9rale s&rsquo;am\u00e9liore. De nombreux utilisateurs font \u00e9galement \u00e9tat d&rsquo;une meilleure qualit\u00e9 de sommeil et d&rsquo;une r\u00e9cup\u00e9ration plus rapide apr\u00e8s l&rsquo;entra\u00eenement.<\/p>\n<h2><strong>Avantages de Performax<\/strong><\/h2>\n<h3><strong>Ingr\u00e9dients naturels<\/strong><\/h3>\n<p>Tous les ingr\u00e9dients sont naturels et fabriqu\u00e9s dans une usine certifi\u00e9e GMP.<\/p>\n<h3><strong>Pas d&rsquo;effets secondaires<\/strong><\/h3>\n<p>Les gommes Performax sont exemptes de produits chimiques nocifs et n&rsquo;ont pas montr\u00e9 d&rsquo;effets secondaires chez la plupart des utilisateurs.<\/p>\n<h3><strong>Action multifonctionnelle<\/strong><\/h3>\n<p>Il n&rsquo;agit pas seulement comme un booster d&rsquo;\u00e9nergie, mais soutient \u00e9galement la sant\u00e9 g\u00e9n\u00e9rale et le bien-\u00eatre.<\/p>\n<h3><strong>Bon rapport qualit\u00e9\/prix<\/strong><\/h3>\n<p>Compar\u00e9 \u00e0 d&rsquo;autres produits sur le march\u00e9, Performax offre un excellent rapport qualit\u00e9-prix.<\/p>\n<h2><strong>Examens des clients<\/strong><\/h2>\n<p>Les comprim\u00e9s Performax ont re\u00e7u de nombreuses \u00e9valuations positives. Avec une note moyenne de 4,8 \u00e9toiles sur 5, les utilisateurs louent l&rsquo;efficacit\u00e9, la facilit\u00e9 de prise et les r\u00e9sultats rapides. Ils soulignent en particulier l&rsquo;effet sur l&rsquo;\u00e9nergie et la libido, que beaucoup d\u00e9crivent comme changeant la vie.<\/p>\n<h2><strong>Conclusion et \u00e9valuation<br \/>\n<\/strong><\/h2>\n<p>Performax est sans aucun doute l&rsquo;un des meilleurs compl\u00e9ments alimentaires pour hommes sur le march\u00e9. Il combine des ingr\u00e9dients naturels avec une formule efficace qui offre des avantages \u00e0 court et \u00e0 long terme. Que ce soit pour plus d&rsquo;\u00e9nergie, de meilleures performances sportives ou une libido accrue, Performax fournit \u00e0 tous les niveaux.<\/p>\n<p>Pour tout homme qui cherche une solution naturelle et efficace pour am\u00e9liorer sa qualit\u00e9 de vie, Performax est une recommandation claire. Avec sa formule bien pens\u00e9e, sa facilit\u00e9 d&rsquo;utilisation et ses r\u00e9sultats impressionnants, il \u00e9tablit de nouvelles normes dans le monde des compl\u00e9ments alimentaires.<\/p>\n","protected":false},"excerpt":{"rendered":"<p>Rapport d&rsquo;essai : Performax &#8211; un suppl\u00e9ment complet pour la sant\u00e9 des hommes. Dans le monde des compl\u00e9ments alimentaires, il existe de nombreux produits qui pr\u00e9tendent \u00eatre la solution ultime pour l&rsquo;\u00e9nergie, l&rsquo;endurance et la vitalit\u00e9 g\u00e9n\u00e9rale. Mais peu d&rsquo;entre eux tiennent leurs promesses. Avec Performax, un compl\u00e9ment alimentaire qui convainc non seulement par ses &#8230; <a title=\"G\u00e9lules Performax\" class=\"read-more\" href=\"https:\/\/etoxproject.eu\/fr\/produit\/gelules-performax\/\" aria-label=\"More on G\u00e9lules Performax\">Lire plus<\/a><\/p>\n","protected":false},"featured_media":2038,"comment_status":"open","ping_status":"closed","template":"","meta":[],"product_brand":[],"product_cat":[],"product_tag":[],"class_list":{"0":"post-2051","1":"product","2":"type-product","3":"status-publish","4":"has-post-thumbnail","7":"first","8":"instock","9":"sale","10":"shipping-taxable","11":"product-type-external"},"yoast_head":"<!-- This site is optimized with the Yoast SEO plugin v27.5 - https:\/\/yoast.com\/product\/yoast-seo-wordpress\/ -->\n<title>Performax capsules Avis \u2733\ufe0f Prix le plus bas en France<\/title>\n<meta name=\"robots\" content=\"index, follow, max-snippet:-1, max-image-preview:large, max-video-preview:-1\" \/>\n<link rel=\"canonical\" href=\"https:\/\/etoxproject.eu\/fr\/produit\/gelules-performax\/\" \/>\n<meta property=\"og:locale\" content=\"fr_FR\" \/>\n<meta property=\"og:type\" content=\"article\" \/>\n<meta property=\"og:title\" content=\"Performax capsules Avis \u2733\ufe0f Prix le plus bas en France\" \/>\n<meta property=\"og:description\" content=\"Rapport d&rsquo;essai : Performax &#8211; un suppl\u00e9ment complet pour la sant\u00e9 des hommes. Dans le monde des compl\u00e9ments alimentaires, il existe de nombreux produits qui pr\u00e9tendent \u00eatre la solution ultime pour l&rsquo;\u00e9nergie, l&rsquo;endurance et la vitalit\u00e9 g\u00e9n\u00e9rale. Mais peu d&rsquo;entre eux tiennent leurs promesses. Avec Performax, un compl\u00e9ment alimentaire qui convainc non seulement par ses ... Lire plus\" \/>\n<meta property=\"og:url\" content=\"https:\/\/etoxproject.eu\/fr\/produit\/gelules-performax\/\" \/>\n<meta property=\"og:site_name\" content=\"etoxproject.eu\" \/>\n<meta property=\"article:modified_time\" content=\"2025-01-09T09:19:43+00:00\" \/>\n<meta property=\"og:image\" content=\"https:\/\/etoxproject.eu\/wp-content\/uploads\/2025\/01\/performax.jpg\" \/>\n\t<meta property=\"og:image:width\" content=\"774\" \/>\n\t<meta property=\"og:image:height\" content=\"828\" \/>\n\t<meta property=\"og:image:type\" content=\"image\/jpeg\" \/>\n<meta name=\"twitter:card\" content=\"summary_large_image\" \/>\n<meta name=\"twitter:label1\" content=\"Dur\u00e9e de lecture estim\u00e9e\" \/>\n\t<meta name=\"twitter:data1\" content=\"5 minutes\" \/>\n<script type=\"application\/ld+json\" class=\"yoast-schema-graph\">{\"@context\":\"https:\\\/\\\/schema.org\",\"@graph\":[{\"@type\":\"WebPage\",\"@id\":\"https:\\\/\\\/etoxproject.eu\\\/fr\\\/produit\\\/gelules-performax\\\/\",\"url\":\"https:\\\/\\\/etoxproject.eu\\\/fr\\\/produit\\\/gelules-performax\\\/\",\"name\":\"Performax capsules Avis \u2733\ufe0f Prix le plus bas en France\",\"isPartOf\":{\"@id\":\"https:\\\/\\\/etoxproject.eu\\\/fr\\\/#website\"},\"primaryImageOfPage\":{\"@id\":\"https:\\\/\\\/etoxproject.eu\\\/fr\\\/produit\\\/gelules-performax\\\/#primaryimage\"},\"image\":{\"@id\":\"https:\\\/\\\/etoxproject.eu\\\/fr\\\/produit\\\/gelules-performax\\\/#primaryimage\"},\"thumbnailUrl\":\"https:\\\/\\\/etoxproject.eu\\\/wp-content\\\/uploads\\\/2025\\\/01\\\/performax.jpg\",\"datePublished\":\"2025-01-09T09:19:09+00:00\",\"dateModified\":\"2025-01-09T09:19:43+00:00\",\"breadcrumb\":{\"@id\":\"https:\\\/\\\/etoxproject.eu\\\/fr\\\/produit\\\/gelules-performax\\\/#breadcrumb\"},\"inLanguage\":\"fr-FR\",\"potentialAction\":[{\"@type\":\"ReadAction\",\"target\":[\"https:\\\/\\\/etoxproject.eu\\\/fr\\\/produit\\\/gelules-performax\\\/\"]}]},{\"@type\":\"ImageObject\",\"inLanguage\":\"fr-FR\",\"@id\":\"https:\\\/\\\/etoxproject.eu\\\/fr\\\/produit\\\/gelules-performax\\\/#primaryimage\",\"url\":\"https:\\\/\\\/etoxproject.eu\\\/wp-content\\\/uploads\\\/2025\\\/01\\\/performax.jpg\",\"contentUrl\":\"https:\\\/\\\/etoxproject.eu\\\/wp-content\\\/uploads\\\/2025\\\/01\\\/performax.jpg\",\"width\":774,\"height\":828,\"caption\":\"performax\"},{\"@type\":\"BreadcrumbList\",\"@id\":\"https:\\\/\\\/etoxproject.eu\\\/fr\\\/produit\\\/gelules-performax\\\/#breadcrumb\",\"itemListElement\":[{\"@type\":\"ListItem\",\"position\":1,\"name\":\"Startseite\",\"item\":\"https:\\\/\\\/etoxproject.eu\\\/fr\\\/\"},{\"@type\":\"ListItem\",\"position\":2,\"name\":\"Shop\",\"item\":\"https:\\\/\\\/etoxproject.eu\\\/shop\\\/\"},{\"@type\":\"ListItem\",\"position\":3,\"name\":\"G\u00e9lules Performax\"}]},{\"@type\":\"WebSite\",\"@id\":\"https:\\\/\\\/etoxproject.eu\\\/fr\\\/#website\",\"url\":\"https:\\\/\\\/etoxproject.eu\\\/fr\\\/\",\"name\":\"etoxproject.eu\",\"description\":\"\",\"publisher\":{\"@id\":\"https:\\\/\\\/etoxproject.eu\\\/fr\\\/#organization\"},\"potentialAction\":[{\"@type\":\"SearchAction\",\"target\":{\"@type\":\"EntryPoint\",\"urlTemplate\":\"https:\\\/\\\/etoxproject.eu\\\/fr\\\/?s={search_term_string}\"},\"query-input\":{\"@type\":\"PropertyValueSpecification\",\"valueRequired\":true,\"valueName\":\"search_term_string\"}}],\"inLanguage\":\"fr-FR\"},{\"@type\":\"Organization\",\"@id\":\"https:\\\/\\\/etoxproject.eu\\\/fr\\\/#organization\",\"name\":\"etoxproject.eu\",\"url\":\"https:\\\/\\\/etoxproject.eu\\\/fr\\\/\",\"logo\":{\"@type\":\"ImageObject\",\"inLanguage\":\"fr-FR\",\"@id\":\"https:\\\/\\\/etoxproject.eu\\\/fr\\\/#\\\/schema\\\/logo\\\/image\\\/\",\"url\":\"https:\\\/\\\/etoxproject.eu\\\/wp-content\\\/uploads\\\/2024\\\/12\\\/etoxproject.png\",\"contentUrl\":\"https:\\\/\\\/etoxproject.eu\\\/wp-content\\\/uploads\\\/2024\\\/12\\\/etoxproject.png\",\"width\":315,\"height\":69,\"caption\":\"etoxproject.eu\"},\"image\":{\"@id\":\"https:\\\/\\\/etoxproject.eu\\\/fr\\\/#\\\/schema\\\/logo\\\/image\\\/\"}}]}<\/script>\n<!-- \/ Yoast SEO plugin. -->","yoast_head_json":{"title":"Performax capsules Avis \u2733\ufe0f Prix le plus bas en France","robots":{"index":"index","follow":"follow","max-snippet":"max-snippet:-1","max-image-preview":"max-image-preview:large","max-video-preview":"max-video-preview:-1"},"canonical":"https:\/\/etoxproject.eu\/fr\/produit\/gelules-performax\/","og_locale":"fr_FR","og_type":"article","og_title":"Performax capsules Avis \u2733\ufe0f Prix le plus bas en France","og_description":"Rapport d&rsquo;essai : Performax &#8211; un suppl\u00e9ment complet pour la sant\u00e9 des hommes. Dans le monde des compl\u00e9ments alimentaires, il existe de nombreux produits qui pr\u00e9tendent \u00eatre la solution ultime pour l&rsquo;\u00e9nergie, l&rsquo;endurance et la vitalit\u00e9 g\u00e9n\u00e9rale. Mais peu d&rsquo;entre eux tiennent leurs promesses. Avec Performax, un compl\u00e9ment alimentaire qui convainc non seulement par ses ... Lire plus","og_url":"https:\/\/etoxproject.eu\/fr\/produit\/gelules-performax\/","og_site_name":"etoxproject.eu","article_modified_time":"2025-01-09T09:19:43+00:00","og_image":[{"width":774,"height":828,"url":"https:\/\/etoxproject.eu\/wp-content\/uploads\/2025\/01\/performax.jpg","type":"image\/jpeg"}],"twitter_card":"summary_large_image","twitter_misc":{"Dur\u00e9e de lecture estim\u00e9e":"5 minutes"},"schema":{"@context":"https:\/\/schema.org","@graph":[{"@type":"WebPage","@id":"https:\/\/etoxproject.eu\/fr\/produit\/gelules-performax\/","url":"https:\/\/etoxproject.eu\/fr\/produit\/gelules-performax\/","name":"Performax capsules Avis \u2733\ufe0f Prix le plus bas en France","isPartOf":{"@id":"https:\/\/etoxproject.eu\/fr\/#website"},"primaryImageOfPage":{"@id":"https:\/\/etoxproject.eu\/fr\/produit\/gelules-performax\/#primaryimage"},"image":{"@id":"https:\/\/etoxproject.eu\/fr\/produit\/gelules-performax\/#primaryimage"},"thumbnailUrl":"https:\/\/etoxproject.eu\/wp-content\/uploads\/2025\/01\/performax.jpg","datePublished":"2025-01-09T09:19:09+00:00","dateModified":"2025-01-09T09:19:43+00:00","breadcrumb":{"@id":"https:\/\/etoxproject.eu\/fr\/produit\/gelules-performax\/#breadcrumb"},"inLanguage":"fr-FR","potentialAction":[{"@type":"ReadAction","target":["https:\/\/etoxproject.eu\/fr\/produit\/gelules-performax\/"]}]},{"@type":"ImageObject","inLanguage":"fr-FR","@id":"https:\/\/etoxproject.eu\/fr\/produit\/gelules-performax\/#primaryimage","url":"https:\/\/etoxproject.eu\/wp-content\/uploads\/2025\/01\/performax.jpg","contentUrl":"https:\/\/etoxproject.eu\/wp-content\/uploads\/2025\/01\/performax.jpg","width":774,"height":828,"caption":"performax"},{"@type":"BreadcrumbList","@id":"https:\/\/etoxproject.eu\/fr\/produit\/gelules-performax\/#breadcrumb","itemListElement":[{"@type":"ListItem","position":1,"name":"Startseite","item":"https:\/\/etoxproject.eu\/fr\/"},{"@type":"ListItem","position":2,"name":"Shop","item":"https:\/\/etoxproject.eu\/shop\/"},{"@type":"ListItem","position":3,"name":"G\u00e9lules Performax"}]},{"@type":"WebSite","@id":"https:\/\/etoxproject.eu\/fr\/#website","url":"https:\/\/etoxproject.eu\/fr\/","name":"etoxproject.eu","description":"","publisher":{"@id":"https:\/\/etoxproject.eu\/fr\/#organization"},"potentialAction":[{"@type":"SearchAction","target":{"@type":"EntryPoint","urlTemplate":"https:\/\/etoxproject.eu\/fr\/?s={search_term_string}"},"query-input":{"@type":"PropertyValueSpecification","valueRequired":true,"valueName":"search_term_string"}}],"inLanguage":"fr-FR"},{"@type":"Organization","@id":"https:\/\/etoxproject.eu\/fr\/#organization","name":"etoxproject.eu","url":"https:\/\/etoxproject.eu\/fr\/","logo":{"@type":"ImageObject","inLanguage":"fr-FR","@id":"https:\/\/etoxproject.eu\/fr\/#\/schema\/logo\/image\/","url":"https:\/\/etoxproject.eu\/wp-content\/uploads\/2024\/12\/etoxproject.png","contentUrl":"https:\/\/etoxproject.eu\/wp-content\/uploads\/2024\/12\/etoxproject.png","width":315,"height":69,"caption":"etoxproject.eu"},"image":{"@id":"https:\/\/etoxproject.eu\/fr\/#\/schema\/logo\/image\/"}}]}},"_links":{"self":[{"href":"https:\/\/etoxproject.eu\/fr\/wp-json\/wp\/v2\/product\/2051","targetHints":{"allow":["GET"]}}],"collection":[{"href":"https:\/\/etoxproject.eu\/fr\/wp-json\/wp\/v2\/product"}],"about":[{"href":"https:\/\/etoxproject.eu\/fr\/wp-json\/wp\/v2\/types\/product"}],"replies":[{"embeddable":true,"href":"https:\/\/etoxproject.eu\/fr\/wp-json\/wp\/v2\/comments?post=2051"}],"wp:featuredmedia":[{"embeddable":true,"href":"https:\/\/etoxproject.eu\/fr\/wp-json\/wp\/v2\/media\/2038"}],"wp:attachment":[{"href":"https:\/\/etoxproject.eu\/fr\/wp-json\/wp\/v2\/media?parent=2051"}],"wp:term":[{"taxonomy":"product_brand","embeddable":true,"href":"https:\/\/etoxproject.eu\/fr\/wp-json\/wp\/v2\/product_brand?post=2051"},{"taxonomy":"product_cat","embeddable":true,"href":"https:\/\/etoxproject.eu\/fr\/wp-json\/wp\/v2\/product_cat?post=2051"},{"taxonomy":"product_tag","embeddable":true,"href":"https:\/\/etoxproject.eu\/fr\/wp-json\/wp\/v2\/product_tag?post=2051"}],"curies":[{"name":"wp","href":"https:\/\/api.w.org\/{rel}","templated":true}]}}