{"id":2328,"date":"2024-11-12T10:42:39","date_gmt":"2025-02-24T05:24:39","guid":{"rendered":"https:\/\/etoxproject.eu\/?post_type=product&#038;p=2328"},"modified":"2025-02-24T06:24:39","modified_gmt":"2025-02-24T05:24:39","slug":"revitaprost","status":"publish","type":"product","link":"https:\/\/etoxproject.eu\/fr\/produit\/revitaprost\/","title":{"rendered":"Revitaprost"},"content":{"rendered":"<p>Revitaprost est un compl\u00e9ment alimentaire qui a \u00e9t\u00e9 d\u00e9velopp\u00e9 pour soutenir la sant\u00e9 de la prostate. Dans ce rapport de test, nous jetons un regard d\u00e9taill\u00e9 sur les propri\u00e9t\u00e9s, les ingr\u00e9dients et les effets de Revitaprost afin de savoir s&rsquo;il tient ses promesses.<\/p>\n<h2>Revitaprost Avis m\u00e9dical (Belgique, France, Suisse)<\/h2>\n<p>Revitaprost vise \u00e0 promouvoir la sant\u00e9 de la prostate gr\u00e2ce \u00e0 un m\u00e9lange d&rsquo;ingr\u00e9dients naturels. La formule a \u00e9t\u00e9 soigneusement con\u00e7ue pour soutenir les processus naturels du corps et am\u00e9liorer le bien-\u00eatre g\u00e9n\u00e9ral.<\/p>\n<h3>Principaux avantages de Revitaprost<\/h3>\n<p>Avantage Description<br \/>\n\ud83c\udfaf Soutien de la prostate Les ingr\u00e9dients de Revitaprost sont con\u00e7us pour favoriser la sant\u00e9 de la prostate. Cela peut conduire \u00e0 une am\u00e9lioration du bien-\u00eatre et de la qualit\u00e9 de vie.<br \/>\n\ud83c\udf3f Ingr\u00e9dients naturels Revitaprost utilise une combinaison d&rsquo;ingr\u00e9dients naturels et bien \u00e9tudi\u00e9s, connus pour leurs effets b\u00e9n\u00e9fiques sur la prostate.<br \/>\n\ud83d\udcaa Am\u00e9lioration de la fonction v\u00e9sicale De nombreux utilisateurs rapportent une am\u00e9lioration de la fonction v\u00e9sicale et une r\u00e9duction de l&rsquo;urgence et de la fr\u00e9quence des mictions.<br \/>\n\ud83d\udd2c Une formule fond\u00e9e sur la science L&rsquo;action de Revitaprost est \u00e9tay\u00e9e par des \u00e9tudes scientifiques qui prouvent l&rsquo;efficacit\u00e9 des ingr\u00e9dients qu&rsquo;il contient.<\/p>\n<h3>Les ingr\u00e9dients et leurs effets<\/h3>\n<p>Revitaprost contient un m\u00e9lange soigneusement compos\u00e9 d&rsquo;ingr\u00e9dients naturels qui ont tous leurs avantages sp\u00e9cifiques.<\/p>\n<p>Effet des ingr\u00e9dients<br \/>\nPalmier nain (Serenoa repens) Des \u00e9tudes ont montr\u00e9 que le palmier nain peut aider \u00e0 soulager les sympt\u00f4mes de l&rsquo;hypertrophie b\u00e9nigne de la prostate. Elle a un effet anti-inflammatoire et peut am\u00e9liorer la fonction urinaire.<br \/>\nRacine d&rsquo;ortie (Urtica dioica) La racine d&rsquo;ortie est connue pour sa capacit\u00e9 \u00e0 soulager les sympt\u00f4mes de l&rsquo;hypertrophie de la prostate. Elle peut aider \u00e0 soutenir la fonction v\u00e9sicale et \u00e0 am\u00e9liorer le d\u00e9bit urinaire.<br \/>\nZinc Le zinc est un min\u00e9ral essentiel qui joue un r\u00f4le important dans le maintien de la sant\u00e9 de la prostate. Il soutient la fonction immunitaire et est important pour la division et la croissance cellulaires.<br \/>\nVitamine E La vitamine E est un antioxydant puissant qui prot\u00e8ge les cellules contre le stress oxydatif. Elle peut \u00e9galement soutenir la sant\u00e9 de la prostate et avoir des propri\u00e9t\u00e9s anti-inflammatoires.<\/p>\n<p>Une \u00e9tude publi\u00e9e dans le <em>Journal of Urology<\/em>, a confirm\u00e9 l&rsquo;efficacit\u00e9 du palmier nain et de la racine d&rsquo;ortie pour soulager les troubles de la prostate. Ces ingr\u00e9dients travaillent en synergie pour favoriser la sant\u00e9 g\u00e9n\u00e9rale de la prostate.<\/p>\n<h2>Possibilit\u00e9s d&rsquo;achat et comparaison des prix<\/h2>\n<p>Revitaprost ne peut pas \u00eatre achet\u00e9 dans les magasins locaux tels que dm, Kaufland, Rossmann ou dans les pharmacies Shop. Il n&rsquo;est pas non plus disponible sur Amazon. L&rsquo;achat se fait uniquement sur le site officiel du fabricant, ce qui garantit l&rsquo;obtention d&rsquo;un produit authentique.<\/p>\n<p>Le prix de Revitaprost peut varier en fonction de la promotion ou de la r\u00e9duction actuelle qui est propos\u00e9e. Compar\u00e9 aux autres pr\u00e9parations pour la prostate sur le march\u00e9, Revitaprost se situe dans le segment de prix moyen, l&rsquo;accent \u00e9tant mis sur la qualit\u00e9 des ingr\u00e9dients.<\/p>\n<h2>\u00c9valuations et t\u00e9moignages<\/h2>\n<p>De nombreux utilisateurs font part de leurs exp\u00e9riences positives avec Revitaprost. L&rsquo;am\u00e9lioration de la fonction v\u00e9sicale et une augmentation g\u00e9n\u00e9rale du bien-\u00eatre sont souvent cit\u00e9es.<\/p>\n<p>\u00ab Depuis que je prends Revitaprost, mes mictions nocturnes ont nettement diminu\u00e9. Je me sens globalement beaucoup mieux et je suis tr\u00e8s satisfaite du produit \u00bb. &#8211; Un client satisfait<\/p>\n<p>L&rsquo;\u00e9cho positif se refl\u00e8te \u00e9galement dans les \u00e9valuations, de nombreux utilisateurs soulignant les ingr\u00e9dients naturels et l&rsquo;absence d&rsquo;effets secondaires.<\/p>\n<h2>Conclusion et \u00e9valuation<\/h2>\n<p>Revitaprost est une option prometteuse pour ceux qui souhaitent soutenir la sant\u00e9 de leur prostate de mani\u00e8re naturelle. La combinaison d&rsquo;ingr\u00e9dients soutenus scientifiquement et de t\u00e9moignages positifs plaide en faveur de l&rsquo;efficacit\u00e9 du produit.<\/p>\n<p>Dans l&rsquo;ensemble, Revitaprost offre un moyen naturel et scientifiquement fond\u00e9 de soutenir la sant\u00e9 de la prostate et pourrait \u00eatre un compl\u00e9ment pr\u00e9cieux pour ceux qui recherchent des solutions alternatives.<\/p>\n","protected":false},"excerpt":{"rendered":"<p>Revitaprost est un compl\u00e9ment alimentaire qui a \u00e9t\u00e9 d\u00e9velopp\u00e9 pour soutenir la sant\u00e9 de la prostate. Dans ce rapport de test, nous jetons un regard d\u00e9taill\u00e9 sur les propri\u00e9t\u00e9s, les ingr\u00e9dients et les effets de Revitaprost afin de savoir s&rsquo;il tient ses promesses. Revitaprost Avis m\u00e9dical (Belgique, France, Suisse) Revitaprost vise \u00e0 promouvoir la sant\u00e9 &#8230; <a title=\"Revitaprost\" class=\"read-more\" href=\"https:\/\/etoxproject.eu\/fr\/produit\/revitaprost\/\" aria-label=\"More on Revitaprost\">Lire plus<\/a><\/p>\n","protected":false},"featured_media":2330,"comment_status":"open","ping_status":"closed","template":"","meta":[],"product_brand":[],"product_cat":[],"product_tag":[],"class_list":{"0":"post-2328","1":"product","2":"type-product","3":"status-publish","4":"has-post-thumbnail","7":"first","8":"instock","9":"sale","10":"shipping-taxable","11":"product-type-external"},"yoast_head":"<!-- This site is optimized with the Yoast SEO plugin v27.3 - https:\/\/yoast.com\/product\/yoast-seo-wordpress\/ -->\n<title>Revitaprost Avis m\u00e9dical \u2764\ufe0f 50% de r\u00e9duction de prix<\/title>\n<meta name=\"robots\" content=\"index, follow, max-snippet:-1, max-image-preview:large, max-video-preview:-1\" \/>\n<link rel=\"canonical\" href=\"https:\/\/etoxproject.eu\/fr\/produit\/revitaprost\/\" \/>\n<meta property=\"og:locale\" content=\"fr_FR\" \/>\n<meta property=\"og:type\" content=\"article\" \/>\n<meta property=\"og:title\" content=\"Revitaprost Avis m\u00e9dical \u2764\ufe0f 50% de r\u00e9duction de prix\" \/>\n<meta property=\"og:description\" content=\"Revitaprost est un compl\u00e9ment alimentaire qui a \u00e9t\u00e9 d\u00e9velopp\u00e9 pour soutenir la sant\u00e9 de la prostate. Dans ce rapport de test, nous jetons un regard d\u00e9taill\u00e9 sur les propri\u00e9t\u00e9s, les ingr\u00e9dients et les effets de Revitaprost afin de savoir s&rsquo;il tient ses promesses. Revitaprost Avis m\u00e9dical (Belgique, France, Suisse) Revitaprost vise \u00e0 promouvoir la sant\u00e9 ... Lire plus\" \/>\n<meta property=\"og:url\" content=\"https:\/\/etoxproject.eu\/fr\/produit\/revitaprost\/\" \/>\n<meta property=\"og:site_name\" content=\"etoxproject.eu\" \/>\n<meta property=\"og:image\" content=\"https:\/\/etoxproject.eu\/wp-content\/uploads\/2024\/11\/Revitaprost.jpg\" \/>\n\t<meta property=\"og:image:width\" content=\"550\" \/>\n\t<meta property=\"og:image:height\" content=\"550\" \/>\n\t<meta property=\"og:image:type\" content=\"image\/jpeg\" \/>\n<meta name=\"twitter:card\" content=\"summary_large_image\" \/>\n<meta name=\"twitter:label1\" content=\"Dur\u00e9e de lecture estim\u00e9e\" \/>\n\t<meta name=\"twitter:data1\" content=\"4 minutes\" \/>\n<script type=\"application\/ld+json\" class=\"yoast-schema-graph\">{\"@context\":\"https:\\\/\\\/schema.org\",\"@graph\":[{\"@type\":\"WebPage\",\"@id\":\"https:\\\/\\\/etoxproject.eu\\\/fr\\\/produit\\\/revitaprost\\\/\",\"url\":\"https:\\\/\\\/etoxproject.eu\\\/fr\\\/produit\\\/revitaprost\\\/\",\"name\":\"Revitaprost Avis m\u00e9dical \u2764\ufe0f 50% de r\u00e9duction de prix\",\"isPartOf\":{\"@id\":\"https:\\\/\\\/etoxproject.eu\\\/fr\\\/#website\"},\"primaryImageOfPage\":{\"@id\":\"https:\\\/\\\/etoxproject.eu\\\/fr\\\/produit\\\/revitaprost\\\/#primaryimage\"},\"image\":{\"@id\":\"https:\\\/\\\/etoxproject.eu\\\/fr\\\/produit\\\/revitaprost\\\/#primaryimage\"},\"thumbnailUrl\":\"https:\\\/\\\/etoxproject.eu\\\/wp-content\\\/uploads\\\/2024\\\/11\\\/Revitaprost.jpg\",\"datePublished\":\"2025-02-24T05:24:39+00:00\",\"breadcrumb\":{\"@id\":\"https:\\\/\\\/etoxproject.eu\\\/fr\\\/produit\\\/revitaprost\\\/#breadcrumb\"},\"inLanguage\":\"fr-FR\",\"potentialAction\":[{\"@type\":\"ReadAction\",\"target\":[\"https:\\\/\\\/etoxproject.eu\\\/fr\\\/produit\\\/revitaprost\\\/\"]}]},{\"@type\":\"ImageObject\",\"inLanguage\":\"fr-FR\",\"@id\":\"https:\\\/\\\/etoxproject.eu\\\/fr\\\/produit\\\/revitaprost\\\/#primaryimage\",\"url\":\"https:\\\/\\\/etoxproject.eu\\\/wp-content\\\/uploads\\\/2024\\\/11\\\/Revitaprost.jpg\",\"contentUrl\":\"https:\\\/\\\/etoxproject.eu\\\/wp-content\\\/uploads\\\/2024\\\/11\\\/Revitaprost.jpg\",\"width\":550,\"height\":550},{\"@type\":\"BreadcrumbList\",\"@id\":\"https:\\\/\\\/etoxproject.eu\\\/fr\\\/produit\\\/revitaprost\\\/#breadcrumb\",\"itemListElement\":[{\"@type\":\"ListItem\",\"position\":1,\"name\":\"Startseite\",\"item\":\"https:\\\/\\\/etoxproject.eu\\\/fr\\\/\"},{\"@type\":\"ListItem\",\"position\":2,\"name\":\"Shop\",\"item\":\"https:\\\/\\\/etoxproject.eu\\\/shop\\\/\"},{\"@type\":\"ListItem\",\"position\":3,\"name\":\"Revitaprost\"}]},{\"@type\":\"WebSite\",\"@id\":\"https:\\\/\\\/etoxproject.eu\\\/fr\\\/#website\",\"url\":\"https:\\\/\\\/etoxproject.eu\\\/fr\\\/\",\"name\":\"etoxproject.eu\",\"description\":\"\",\"publisher\":{\"@id\":\"https:\\\/\\\/etoxproject.eu\\\/fr\\\/#organization\"},\"potentialAction\":[{\"@type\":\"SearchAction\",\"target\":{\"@type\":\"EntryPoint\",\"urlTemplate\":\"https:\\\/\\\/etoxproject.eu\\\/fr\\\/?s={search_term_string}\"},\"query-input\":{\"@type\":\"PropertyValueSpecification\",\"valueRequired\":true,\"valueName\":\"search_term_string\"}}],\"inLanguage\":\"fr-FR\"},{\"@type\":\"Organization\",\"@id\":\"https:\\\/\\\/etoxproject.eu\\\/fr\\\/#organization\",\"name\":\"etoxproject.eu\",\"url\":\"https:\\\/\\\/etoxproject.eu\\\/fr\\\/\",\"logo\":{\"@type\":\"ImageObject\",\"inLanguage\":\"fr-FR\",\"@id\":\"https:\\\/\\\/etoxproject.eu\\\/fr\\\/#\\\/schema\\\/logo\\\/image\\\/\",\"url\":\"https:\\\/\\\/etoxproject.eu\\\/wp-content\\\/uploads\\\/2024\\\/12\\\/etoxproject.png\",\"contentUrl\":\"https:\\\/\\\/etoxproject.eu\\\/wp-content\\\/uploads\\\/2024\\\/12\\\/etoxproject.png\",\"width\":315,\"height\":69,\"caption\":\"etoxproject.eu\"},\"image\":{\"@id\":\"https:\\\/\\\/etoxproject.eu\\\/fr\\\/#\\\/schema\\\/logo\\\/image\\\/\"}}]}<\/script>\n<!-- \/ Yoast SEO plugin. -->","yoast_head_json":{"title":"Revitaprost Avis m\u00e9dical \u2764\ufe0f 50% de r\u00e9duction de prix","robots":{"index":"index","follow":"follow","max-snippet":"max-snippet:-1","max-image-preview":"max-image-preview:large","max-video-preview":"max-video-preview:-1"},"canonical":"https:\/\/etoxproject.eu\/fr\/produit\/revitaprost\/","og_locale":"fr_FR","og_type":"article","og_title":"Revitaprost Avis m\u00e9dical \u2764\ufe0f 50% de r\u00e9duction de prix","og_description":"Revitaprost est un compl\u00e9ment alimentaire qui a \u00e9t\u00e9 d\u00e9velopp\u00e9 pour soutenir la sant\u00e9 de la prostate. Dans ce rapport de test, nous jetons un regard d\u00e9taill\u00e9 sur les propri\u00e9t\u00e9s, les ingr\u00e9dients et les effets de Revitaprost afin de savoir s&rsquo;il tient ses promesses. Revitaprost Avis m\u00e9dical (Belgique, France, Suisse) Revitaprost vise \u00e0 promouvoir la sant\u00e9 ... Lire plus","og_url":"https:\/\/etoxproject.eu\/fr\/produit\/revitaprost\/","og_site_name":"etoxproject.eu","og_image":[{"width":550,"height":550,"url":"https:\/\/etoxproject.eu\/wp-content\/uploads\/2024\/11\/Revitaprost.jpg","type":"image\/jpeg"}],"twitter_card":"summary_large_image","twitter_misc":{"Dur\u00e9e de lecture estim\u00e9e":"4 minutes"},"schema":{"@context":"https:\/\/schema.org","@graph":[{"@type":"WebPage","@id":"https:\/\/etoxproject.eu\/fr\/produit\/revitaprost\/","url":"https:\/\/etoxproject.eu\/fr\/produit\/revitaprost\/","name":"Revitaprost Avis m\u00e9dical \u2764\ufe0f 50% de r\u00e9duction de prix","isPartOf":{"@id":"https:\/\/etoxproject.eu\/fr\/#website"},"primaryImageOfPage":{"@id":"https:\/\/etoxproject.eu\/fr\/produit\/revitaprost\/#primaryimage"},"image":{"@id":"https:\/\/etoxproject.eu\/fr\/produit\/revitaprost\/#primaryimage"},"thumbnailUrl":"https:\/\/etoxproject.eu\/wp-content\/uploads\/2024\/11\/Revitaprost.jpg","datePublished":"2025-02-24T05:24:39+00:00","breadcrumb":{"@id":"https:\/\/etoxproject.eu\/fr\/produit\/revitaprost\/#breadcrumb"},"inLanguage":"fr-FR","potentialAction":[{"@type":"ReadAction","target":["https:\/\/etoxproject.eu\/fr\/produit\/revitaprost\/"]}]},{"@type":"ImageObject","inLanguage":"fr-FR","@id":"https:\/\/etoxproject.eu\/fr\/produit\/revitaprost\/#primaryimage","url":"https:\/\/etoxproject.eu\/wp-content\/uploads\/2024\/11\/Revitaprost.jpg","contentUrl":"https:\/\/etoxproject.eu\/wp-content\/uploads\/2024\/11\/Revitaprost.jpg","width":550,"height":550},{"@type":"BreadcrumbList","@id":"https:\/\/etoxproject.eu\/fr\/produit\/revitaprost\/#breadcrumb","itemListElement":[{"@type":"ListItem","position":1,"name":"Startseite","item":"https:\/\/etoxproject.eu\/fr\/"},{"@type":"ListItem","position":2,"name":"Shop","item":"https:\/\/etoxproject.eu\/shop\/"},{"@type":"ListItem","position":3,"name":"Revitaprost"}]},{"@type":"WebSite","@id":"https:\/\/etoxproject.eu\/fr\/#website","url":"https:\/\/etoxproject.eu\/fr\/","name":"etoxproject.eu","description":"","publisher":{"@id":"https:\/\/etoxproject.eu\/fr\/#organization"},"potentialAction":[{"@type":"SearchAction","target":{"@type":"EntryPoint","urlTemplate":"https:\/\/etoxproject.eu\/fr\/?s={search_term_string}"},"query-input":{"@type":"PropertyValueSpecification","valueRequired":true,"valueName":"search_term_string"}}],"inLanguage":"fr-FR"},{"@type":"Organization","@id":"https:\/\/etoxproject.eu\/fr\/#organization","name":"etoxproject.eu","url":"https:\/\/etoxproject.eu\/fr\/","logo":{"@type":"ImageObject","inLanguage":"fr-FR","@id":"https:\/\/etoxproject.eu\/fr\/#\/schema\/logo\/image\/","url":"https:\/\/etoxproject.eu\/wp-content\/uploads\/2024\/12\/etoxproject.png","contentUrl":"https:\/\/etoxproject.eu\/wp-content\/uploads\/2024\/12\/etoxproject.png","width":315,"height":69,"caption":"etoxproject.eu"},"image":{"@id":"https:\/\/etoxproject.eu\/fr\/#\/schema\/logo\/image\/"}}]}},"_links":{"self":[{"href":"https:\/\/etoxproject.eu\/fr\/wp-json\/wp\/v2\/product\/2328","targetHints":{"allow":["GET"]}}],"collection":[{"href":"https:\/\/etoxproject.eu\/fr\/wp-json\/wp\/v2\/product"}],"about":[{"href":"https:\/\/etoxproject.eu\/fr\/wp-json\/wp\/v2\/types\/product"}],"replies":[{"embeddable":true,"href":"https:\/\/etoxproject.eu\/fr\/wp-json\/wp\/v2\/comments?post=2328"}],"wp:featuredmedia":[{"embeddable":true,"href":"https:\/\/etoxproject.eu\/fr\/wp-json\/wp\/v2\/media\/2330"}],"wp:attachment":[{"href":"https:\/\/etoxproject.eu\/fr\/wp-json\/wp\/v2\/media?parent=2328"}],"wp:term":[{"taxonomy":"product_brand","embeddable":true,"href":"https:\/\/etoxproject.eu\/fr\/wp-json\/wp\/v2\/product_brand?post=2328"},{"taxonomy":"product_cat","embeddable":true,"href":"https:\/\/etoxproject.eu\/fr\/wp-json\/wp\/v2\/product_cat?post=2328"},{"taxonomy":"product_tag","embeddable":true,"href":"https:\/\/etoxproject.eu\/fr\/wp-json\/wp\/v2\/product_tag?post=2328"}],"curies":[{"name":"wp","href":"https:\/\/api.w.org\/{rel}","templated":true}]}}