{"id":2331,"date":"2025-01-22T12:34:33","date_gmt":"2025-02-27T02:57:44","guid":{"rendered":"https:\/\/etoxproject.eu\/?post_type=product&#038;p=2331"},"modified":"2025-02-27T03:57:45","modified_gmt":"2025-02-27T02:57:45","slug":"lean-caps","status":"publish","type":"product","link":"https:\/\/etoxproject.eu\/fr\/produit\/lean-caps\/","title":{"rendered":"Lean Caps"},"content":{"rendered":"<p><strong>Lean Caps<\/strong> est connu pour son r\u00f4le exceptionnel dans le domaine des compl\u00e9ments alimentaires. Il offre une combinaison organique et bien pens\u00e9e d&rsquo;ingr\u00e9dients naturels. L&rsquo;application s&rsquo;adresse aux personnes qui recherchent une m\u00e9thode efficace et simple pour soutenir leur gestion du poids. <strong>Avantages:<\/strong><\/p>\n<ul>\n<li><span style=\"color: #339966;\"><strong>Soutient le corps et l&rsquo;esprit<\/strong><\/span><\/li>\n<li><span style=\"color: #339966;\"><strong>Utilisation s\u00fbre<\/strong><\/span><\/li>\n<li><span style=\"color: #339966;\"><strong>Pas d&rsquo;\u00e9tapes compliqu\u00e9es \u00e0 suivre<\/strong><\/span><\/li>\n<\/ul>\n<h2>Lean Caps Avis France<\/h2>\n<p>est un produit qui offre un large \u00e9ventail d&rsquo;avantages. Il est compos\u00e9 d&rsquo;ingr\u00e9dients naturels qui ne contiennent pas d&rsquo;additifs artificiels et sont donc bien tol\u00e9r\u00e9s. Une particularit\u00e9 de Leancaps est son <strong>effet thermog\u00e9nique<\/strong> : il favorise la combustion des graisses m\u00eame pendant les p\u00e9riodes de repos, ce qui en fait un compagnon utile pour la gestion du poids.<\/p>\n<p>Un autre avantage du produit est la <em>r\u00e9gulation de l&rsquo;app\u00e9tit<\/em>. Gr\u00e2ce \u00e0 la formulation sp\u00e9ciale, les utilisateurs signalent une r\u00e9duction de l&rsquo;envie de grignoter et une agr\u00e9able sensation de sati\u00e9t\u00e9. Tout aussi remarquable est le regain d&rsquo;\u00e9nergie que procurent les g\u00e9lules, sans nervosit\u00e9 ni baisse d&rsquo;\u00e9nergie.<\/p>\n<p>Le produit est particuli\u00e8rement <strong>pratique<\/strong> pour un usage quotidien, puisqu&rsquo;il suffit de prendre deux g\u00e9lules par jour. Les utilisateurs appr\u00e9cient \u00e9galement le soutien apport\u00e9 au bien-\u00eatre g\u00e9n\u00e9ral, notamment une meilleure digestion et une humeur stable. Les utilisateurs \u00e0 long terme font \u00e9tat de r\u00e9sultats durables dans la gestion du poids et soulignent l&rsquo;aspect pratique du produit, qui n&rsquo;a pas d&rsquo;arri\u00e8re-go\u00fbt d\u00e9sagr\u00e9able.<\/p>\n<p>, selon de nombreux utilisateurs, m\u00eame en cas d&rsquo;estomac sensible. Leancaps favorise le m\u00e9tabolisme, soutient la r\u00e9gulation de la glyc\u00e9mie et offre une certaine protection cellulaire. Tout cela en fait un compl\u00e9ment alimentaire efficace et digne de confiance.<\/p>\n<h2>Ingr\u00e9dients de Leancaps<\/h2>\n<p>La composition soigneusement \u00e9quilibr\u00e9e de LeanCaps se compose d&rsquo;ingr\u00e9dients naturels connus pour leurs effets b\u00e9n\u00e9fiques. est un ingr\u00e9dient essentiel qui stimule le m\u00e9tabolisme et est riche en antioxydants pour favoriser la combustion des graisses.<\/p>\n<p>resveratrol et le <strong>banaba<\/strong> am\u00e9liorent le m\u00e9tabolisme des graisses et favorisent la sant\u00e9 cellulaire. Cette combinaison d&rsquo;ingr\u00e9dients montre que les LeanCaps sont con\u00e7ues non seulement pour des r\u00e9sultats \u00e0 court terme, mais aussi pour une sant\u00e9 \u00e0 long terme.<\/p>\n<h2>Utilisation, dosage et int\u00e9gration dans la vie quotidienne<\/h2>\n<p>Les LeanCaps sont faciles \u00e0 utiliser et ne n\u00e9cessitent que deux g\u00e9lules par jour. Ce dosage simple s&rsquo;int\u00e8gre facilement dans la routine quotidienne. Que ce soit le matin avant le petit-d\u00e9jeuner ou \u00e0 l&rsquo;heure du d\u00e9jeuner, la flexibilit\u00e9 des horaires de prise r\u00e9duit le stress quotidien. Les LeanCaps sont exemptes d&rsquo;arri\u00e8re-go\u00fbt d\u00e9sagr\u00e9able et sont bien tol\u00e9r\u00e9es, ce qui les distingue de nombreux autres produits et les rend agr\u00e9ables \u00e0 utiliser dans la vie de tous les jours.<\/p>\n<h2>Les avis des utilisateurs de Lean Caps, \u00e9valuations et commentaires<\/h2>\n<p>est souvent recommand\u00e9 par les utilisateurs qui veulent non seulement <strong>perdre du poids<\/strong>, mais aussi b\u00e9n\u00e9ficier d&rsquo;une <strong>\u00e9nergie boost\u00e9e<\/strong> sans effets secondaires ind\u00e9sirables. Cette \u00e9nergie dure toute la journ\u00e9e, sans l&rsquo;effet nerveux des produits contenant de la caf\u00e9ine.<\/p>\n<p>Parmi les autres avantages, citons un sentiment de bien-\u00eatre accru, une meilleure digestion et une r\u00e9duction des envies de grignotage. L&rsquo;effet <em>thermog\u00e8ne<\/em> de certains ingr\u00e9dients contribue \u00e0 la combustion des calories m\u00eame pendant les p\u00e9riodes d&rsquo;inactivit\u00e9.<\/p>\n<p>Ces produits aident \u00e9galement \u00e0 <em>stabiliser le taux de sucre dans le sang<\/em>, ce qui permet de conserver une \u00e9nergie et une humeur constantes. Lean Caps favorise \u00e9galement une digestion saine et am\u00e9liore l&rsquo;absorption des nutriments.<\/p>\n<h2>V\u00e9rit\u00e9 ou arnaque ?<\/h2>\n<p>est connu pour sa r\u00e9putation et sa l\u00e9gitimit\u00e9. La <strong>confiance<\/strong> est <strong>importante<\/strong>, et <strong>Leancaps<\/strong> la remplit.<\/p>\n<h2>R\u00e9sultats \u00e0 long terme<\/h2>\n<p><strong>LeanCaps<\/strong> a apport\u00e9 des changements remarquables et durables \u00e0 de nombreux utilisateurs. Ces personnes ont non seulement perdu du poids, mais ont \u00e9galement am\u00e9lior\u00e9 leur comportement alimentaire \u00e0 long terme. motivation \u00e0 prendre des d\u00e9cisions conscientes et \u00e0 maintenir un mode de vie plus sain.<\/p>\n<h2>Acheter Lean Caps<\/h2>\n<p><strong>Lean Caps<\/strong> se caract\u00e9rise par des normes de s\u00e9curit\u00e9 \u00e9lev\u00e9es. Leurs ingr\u00e9dients naturels sont doux et conviennent \u00e0 presque tout le monde. M\u00eame les personnes \u00e0 l&rsquo;estomac sensible en profitent, car les Lean Caps ne contiennent pas d&rsquo;additifs artificiels, de conservateurs ou d&rsquo;agents de remplissage inutiles. Cela en fait un choix acceptable pour diverses intol\u00e9rances.<\/p>\n<h2>Conclusion et \u00e9valuation<\/h2>\n<p>se caract\u00e9risent par leur composition naturelle de premier ordre. L&rsquo;application simple permet une int\u00e9gration en douceur dans la vie de tous les jours. Les utilisateurs font \u00e9tat de progr\u00e8s notables et durables, tant sur le plan physique que sur le plan \u00e9motionnel, qui peuvent \u00eatre obtenus gr\u00e2ce \u00e0 une prise r\u00e9guli\u00e8re.<\/p>\n<p>La capacit\u00e9 de LeanCaps \u00e0 soutenir les fonctions corporelles et \u00e0 stimuler la motivation en fait une solution <strong>recommand\u00e9e<\/strong> pour tous ceux qui cherchent \u00e0 augmenter leur vitalit\u00e9 et \u00e0 r\u00e9guler efficacement leur poids. Dans un march\u00e9 rempli de produits aux promesses vides, LeanCaps offre une exp\u00e9rience transparente et fiable qui favorise r\u00e9ellement un changement positif.<\/p>\n","protected":false},"excerpt":{"rendered":"<p>Lean Caps est connu pour son r\u00f4le exceptionnel dans le domaine des compl\u00e9ments alimentaires. Il offre une combinaison organique et bien pens\u00e9e d&rsquo;ingr\u00e9dients naturels. L&rsquo;application s&rsquo;adresse aux personnes qui recherchent une m\u00e9thode efficace et simple pour soutenir leur gestion du poids. Avantages: Soutient le corps et l&rsquo;esprit Utilisation s\u00fbre Pas d&rsquo;\u00e9tapes compliqu\u00e9es \u00e0 suivre Lean &#8230; <a title=\"Lean Caps\" class=\"read-more\" href=\"https:\/\/etoxproject.eu\/fr\/produit\/lean-caps\/\" aria-label=\"More on Lean Caps\">Lire plus<\/a><\/p>\n","protected":false},"featured_media":2243,"comment_status":"open","ping_status":"closed","template":"","meta":[],"product_brand":[],"product_cat":[],"product_tag":[],"class_list":{"0":"post-2331","1":"product","2":"type-product","3":"status-publish","4":"has-post-thumbnail","7":"first","8":"instock","9":"sale","10":"shipping-taxable","11":"product-type-external"},"yoast_head":"<!-- This site is optimized with the Yoast SEO plugin v27.4 - https:\/\/yoast.com\/product\/yoast-seo-wordpress\/ -->\n<title>Lean Caps Avis \ud83c\udff7\ufe0f Le prix le plus bas en France (-50%)<\/title>\n<meta name=\"robots\" content=\"index, follow, max-snippet:-1, max-image-preview:large, max-video-preview:-1\" \/>\n<link rel=\"canonical\" href=\"https:\/\/etoxproject.eu\/fr\/produit\/lean-caps\/\" \/>\n<meta property=\"og:locale\" content=\"fr_FR\" \/>\n<meta property=\"og:type\" content=\"article\" \/>\n<meta property=\"og:title\" content=\"Lean Caps Avis \ud83c\udff7\ufe0f Le prix le plus bas en France (-50%)\" \/>\n<meta property=\"og:description\" content=\"Lean Caps est connu pour son r\u00f4le exceptionnel dans le domaine des compl\u00e9ments alimentaires. Il offre une combinaison organique et bien pens\u00e9e d&rsquo;ingr\u00e9dients naturels. L&rsquo;application s&rsquo;adresse aux personnes qui recherchent une m\u00e9thode efficace et simple pour soutenir leur gestion du poids. Avantages: Soutient le corps et l&rsquo;esprit Utilisation s\u00fbre Pas d&rsquo;\u00e9tapes compliqu\u00e9es \u00e0 suivre Lean ... Lire plus\" \/>\n<meta property=\"og:url\" content=\"https:\/\/etoxproject.eu\/fr\/produit\/lean-caps\/\" \/>\n<meta property=\"og:site_name\" content=\"etoxproject.eu\" \/>\n<meta property=\"article:modified_time\" content=\"2025-02-27T02:57:45+00:00\" \/>\n<meta property=\"og:image\" content=\"https:\/\/etoxproject.eu\/wp-content\/uploads\/2025\/01\/lean-caps.jpg\" \/>\n\t<meta property=\"og:image:width\" content=\"512\" \/>\n\t<meta property=\"og:image:height\" content=\"512\" \/>\n\t<meta property=\"og:image:type\" content=\"image\/jpeg\" \/>\n<meta name=\"twitter:card\" content=\"summary_large_image\" \/>\n<meta name=\"twitter:label1\" content=\"Dur\u00e9e de lecture estim\u00e9e\" \/>\n\t<meta name=\"twitter:data1\" content=\"5 minutes\" \/>\n<script type=\"application\/ld+json\" class=\"yoast-schema-graph\">{\"@context\":\"https:\\\/\\\/schema.org\",\"@graph\":[{\"@type\":\"WebPage\",\"@id\":\"https:\\\/\\\/etoxproject.eu\\\/fr\\\/produit\\\/lean-caps\\\/\",\"url\":\"https:\\\/\\\/etoxproject.eu\\\/fr\\\/produit\\\/lean-caps\\\/\",\"name\":\"Lean Caps Avis \ud83c\udff7\ufe0f Le prix le plus bas en France (-50%)\",\"isPartOf\":{\"@id\":\"https:\\\/\\\/etoxproject.eu\\\/fr\\\/#website\"},\"primaryImageOfPage\":{\"@id\":\"https:\\\/\\\/etoxproject.eu\\\/fr\\\/produit\\\/lean-caps\\\/#primaryimage\"},\"image\":{\"@id\":\"https:\\\/\\\/etoxproject.eu\\\/fr\\\/produit\\\/lean-caps\\\/#primaryimage\"},\"thumbnailUrl\":\"https:\\\/\\\/etoxproject.eu\\\/wp-content\\\/uploads\\\/2025\\\/01\\\/lean-caps.jpg\",\"datePublished\":\"2025-02-27T02:57:44+00:00\",\"dateModified\":\"2025-02-27T02:57:45+00:00\",\"breadcrumb\":{\"@id\":\"https:\\\/\\\/etoxproject.eu\\\/fr\\\/produit\\\/lean-caps\\\/#breadcrumb\"},\"inLanguage\":\"fr-FR\",\"potentialAction\":[{\"@type\":\"ReadAction\",\"target\":[\"https:\\\/\\\/etoxproject.eu\\\/fr\\\/produit\\\/lean-caps\\\/\"]}]},{\"@type\":\"ImageObject\",\"inLanguage\":\"fr-FR\",\"@id\":\"https:\\\/\\\/etoxproject.eu\\\/fr\\\/produit\\\/lean-caps\\\/#primaryimage\",\"url\":\"https:\\\/\\\/etoxproject.eu\\\/wp-content\\\/uploads\\\/2025\\\/01\\\/lean-caps.jpg\",\"contentUrl\":\"https:\\\/\\\/etoxproject.eu\\\/wp-content\\\/uploads\\\/2025\\\/01\\\/lean-caps.jpg\",\"width\":512,\"height\":512,\"caption\":\"lean caps\"},{\"@type\":\"BreadcrumbList\",\"@id\":\"https:\\\/\\\/etoxproject.eu\\\/fr\\\/produit\\\/lean-caps\\\/#breadcrumb\",\"itemListElement\":[{\"@type\":\"ListItem\",\"position\":1,\"name\":\"Startseite\",\"item\":\"https:\\\/\\\/etoxproject.eu\\\/fr\\\/\"},{\"@type\":\"ListItem\",\"position\":2,\"name\":\"Shop\",\"item\":\"https:\\\/\\\/etoxproject.eu\\\/shop\\\/\"},{\"@type\":\"ListItem\",\"position\":3,\"name\":\"Lean Caps\"}]},{\"@type\":\"WebSite\",\"@id\":\"https:\\\/\\\/etoxproject.eu\\\/fr\\\/#website\",\"url\":\"https:\\\/\\\/etoxproject.eu\\\/fr\\\/\",\"name\":\"etoxproject.eu\",\"description\":\"\",\"publisher\":{\"@id\":\"https:\\\/\\\/etoxproject.eu\\\/fr\\\/#organization\"},\"potentialAction\":[{\"@type\":\"SearchAction\",\"target\":{\"@type\":\"EntryPoint\",\"urlTemplate\":\"https:\\\/\\\/etoxproject.eu\\\/fr\\\/?s={search_term_string}\"},\"query-input\":{\"@type\":\"PropertyValueSpecification\",\"valueRequired\":true,\"valueName\":\"search_term_string\"}}],\"inLanguage\":\"fr-FR\"},{\"@type\":\"Organization\",\"@id\":\"https:\\\/\\\/etoxproject.eu\\\/fr\\\/#organization\",\"name\":\"etoxproject.eu\",\"url\":\"https:\\\/\\\/etoxproject.eu\\\/fr\\\/\",\"logo\":{\"@type\":\"ImageObject\",\"inLanguage\":\"fr-FR\",\"@id\":\"https:\\\/\\\/etoxproject.eu\\\/fr\\\/#\\\/schema\\\/logo\\\/image\\\/\",\"url\":\"https:\\\/\\\/etoxproject.eu\\\/wp-content\\\/uploads\\\/2024\\\/12\\\/etoxproject.png\",\"contentUrl\":\"https:\\\/\\\/etoxproject.eu\\\/wp-content\\\/uploads\\\/2024\\\/12\\\/etoxproject.png\",\"width\":315,\"height\":69,\"caption\":\"etoxproject.eu\"},\"image\":{\"@id\":\"https:\\\/\\\/etoxproject.eu\\\/fr\\\/#\\\/schema\\\/logo\\\/image\\\/\"}}]}<\/script>\n<!-- \/ Yoast SEO plugin. -->","yoast_head_json":{"title":"Lean Caps Avis \ud83c\udff7\ufe0f Le prix le plus bas en France (-50%)","robots":{"index":"index","follow":"follow","max-snippet":"max-snippet:-1","max-image-preview":"max-image-preview:large","max-video-preview":"max-video-preview:-1"},"canonical":"https:\/\/etoxproject.eu\/fr\/produit\/lean-caps\/","og_locale":"fr_FR","og_type":"article","og_title":"Lean Caps Avis \ud83c\udff7\ufe0f Le prix le plus bas en France (-50%)","og_description":"Lean Caps est connu pour son r\u00f4le exceptionnel dans le domaine des compl\u00e9ments alimentaires. Il offre une combinaison organique et bien pens\u00e9e d&rsquo;ingr\u00e9dients naturels. L&rsquo;application s&rsquo;adresse aux personnes qui recherchent une m\u00e9thode efficace et simple pour soutenir leur gestion du poids. Avantages: Soutient le corps et l&rsquo;esprit Utilisation s\u00fbre Pas d&rsquo;\u00e9tapes compliqu\u00e9es \u00e0 suivre Lean ... Lire plus","og_url":"https:\/\/etoxproject.eu\/fr\/produit\/lean-caps\/","og_site_name":"etoxproject.eu","article_modified_time":"2025-02-27T02:57:45+00:00","og_image":[{"width":512,"height":512,"url":"https:\/\/etoxproject.eu\/wp-content\/uploads\/2025\/01\/lean-caps.jpg","type":"image\/jpeg"}],"twitter_card":"summary_large_image","twitter_misc":{"Dur\u00e9e de lecture estim\u00e9e":"5 minutes"},"schema":{"@context":"https:\/\/schema.org","@graph":[{"@type":"WebPage","@id":"https:\/\/etoxproject.eu\/fr\/produit\/lean-caps\/","url":"https:\/\/etoxproject.eu\/fr\/produit\/lean-caps\/","name":"Lean Caps Avis \ud83c\udff7\ufe0f Le prix le plus bas en France (-50%)","isPartOf":{"@id":"https:\/\/etoxproject.eu\/fr\/#website"},"primaryImageOfPage":{"@id":"https:\/\/etoxproject.eu\/fr\/produit\/lean-caps\/#primaryimage"},"image":{"@id":"https:\/\/etoxproject.eu\/fr\/produit\/lean-caps\/#primaryimage"},"thumbnailUrl":"https:\/\/etoxproject.eu\/wp-content\/uploads\/2025\/01\/lean-caps.jpg","datePublished":"2025-02-27T02:57:44+00:00","dateModified":"2025-02-27T02:57:45+00:00","breadcrumb":{"@id":"https:\/\/etoxproject.eu\/fr\/produit\/lean-caps\/#breadcrumb"},"inLanguage":"fr-FR","potentialAction":[{"@type":"ReadAction","target":["https:\/\/etoxproject.eu\/fr\/produit\/lean-caps\/"]}]},{"@type":"ImageObject","inLanguage":"fr-FR","@id":"https:\/\/etoxproject.eu\/fr\/produit\/lean-caps\/#primaryimage","url":"https:\/\/etoxproject.eu\/wp-content\/uploads\/2025\/01\/lean-caps.jpg","contentUrl":"https:\/\/etoxproject.eu\/wp-content\/uploads\/2025\/01\/lean-caps.jpg","width":512,"height":512,"caption":"lean caps"},{"@type":"BreadcrumbList","@id":"https:\/\/etoxproject.eu\/fr\/produit\/lean-caps\/#breadcrumb","itemListElement":[{"@type":"ListItem","position":1,"name":"Startseite","item":"https:\/\/etoxproject.eu\/fr\/"},{"@type":"ListItem","position":2,"name":"Shop","item":"https:\/\/etoxproject.eu\/shop\/"},{"@type":"ListItem","position":3,"name":"Lean Caps"}]},{"@type":"WebSite","@id":"https:\/\/etoxproject.eu\/fr\/#website","url":"https:\/\/etoxproject.eu\/fr\/","name":"etoxproject.eu","description":"","publisher":{"@id":"https:\/\/etoxproject.eu\/fr\/#organization"},"potentialAction":[{"@type":"SearchAction","target":{"@type":"EntryPoint","urlTemplate":"https:\/\/etoxproject.eu\/fr\/?s={search_term_string}"},"query-input":{"@type":"PropertyValueSpecification","valueRequired":true,"valueName":"search_term_string"}}],"inLanguage":"fr-FR"},{"@type":"Organization","@id":"https:\/\/etoxproject.eu\/fr\/#organization","name":"etoxproject.eu","url":"https:\/\/etoxproject.eu\/fr\/","logo":{"@type":"ImageObject","inLanguage":"fr-FR","@id":"https:\/\/etoxproject.eu\/fr\/#\/schema\/logo\/image\/","url":"https:\/\/etoxproject.eu\/wp-content\/uploads\/2024\/12\/etoxproject.png","contentUrl":"https:\/\/etoxproject.eu\/wp-content\/uploads\/2024\/12\/etoxproject.png","width":315,"height":69,"caption":"etoxproject.eu"},"image":{"@id":"https:\/\/etoxproject.eu\/fr\/#\/schema\/logo\/image\/"}}]}},"_links":{"self":[{"href":"https:\/\/etoxproject.eu\/fr\/wp-json\/wp\/v2\/product\/2331","targetHints":{"allow":["GET"]}}],"collection":[{"href":"https:\/\/etoxproject.eu\/fr\/wp-json\/wp\/v2\/product"}],"about":[{"href":"https:\/\/etoxproject.eu\/fr\/wp-json\/wp\/v2\/types\/product"}],"replies":[{"embeddable":true,"href":"https:\/\/etoxproject.eu\/fr\/wp-json\/wp\/v2\/comments?post=2331"}],"wp:featuredmedia":[{"embeddable":true,"href":"https:\/\/etoxproject.eu\/fr\/wp-json\/wp\/v2\/media\/2243"}],"wp:attachment":[{"href":"https:\/\/etoxproject.eu\/fr\/wp-json\/wp\/v2\/media?parent=2331"}],"wp:term":[{"taxonomy":"product_brand","embeddable":true,"href":"https:\/\/etoxproject.eu\/fr\/wp-json\/wp\/v2\/product_brand?post=2331"},{"taxonomy":"product_cat","embeddable":true,"href":"https:\/\/etoxproject.eu\/fr\/wp-json\/wp\/v2\/product_cat?post=2331"},{"taxonomy":"product_tag","embeddable":true,"href":"https:\/\/etoxproject.eu\/fr\/wp-json\/wp\/v2\/product_tag?post=2331"}],"curies":[{"name":"wp","href":"https:\/\/api.w.org\/{rel}","templated":true}]}}