{"id":2401,"date":"2025-03-02T03:18:04","date_gmt":"2025-03-02T02:25:29","guid":{"rendered":"https:\/\/etoxproject.eu\/?post_type=product&#038;p=2401"},"modified":"2025-03-02T03:25:29","modified_gmt":"2025-03-02T02:25:29","slug":"magnesium-revolution-nutrisolution","status":"publish","type":"product","link":"https:\/\/etoxproject.eu\/fr\/produit\/magnesium-revolution-nutrisolution\/","title":{"rendered":"Magn\u00e9sium R\u00e9volution (Nutrisolution)"},"content":{"rendered":"<p>Le magn\u00e9sium est l&rsquo;un des min\u00e9raux les plus importants pour notre corps, mais de nombreuses personnes souffrent d&rsquo;une carence sans le savoir. C&rsquo;est pr\u00e9cis\u00e9ment l\u00e0 qu&rsquo;intervient <strong>Magnesium Revolution<\/strong> de Nutrisolution : un suppl\u00e9ment de magn\u00e9sium hautement dos\u00e9 qui combine sept formes diff\u00e9rentes de magn\u00e9sium afin d&rsquo;assurer un apport optimal. Mais le produit tient-il vraiment ses promesses ? Dans ce rapport d&rsquo;essai d\u00e9taill\u00e9, nous examinons de pr\u00e8s <strong>Magnesium Revolution<\/strong>, nous mettons en lumi\u00e8re ses avantages, nous expliquons le contexte scientifique, nous le comparons \u00e0 d&rsquo;autres compl\u00e9ments de magn\u00e9sium et nous montrons ce que les clients en disent.<\/p>\n<h2>Magn\u00e9sium Revolution Nutrisolution Avis<\/h2>\n<p>Magnesium Revolution est un compl\u00e9ment alimentaire qui contient une combinaison unique de sept formes diff\u00e9rentes de magn\u00e9sium. Selon le fabricant Nutrisolution, cette formule sp\u00e9ciale aurait une biodisponibilit\u00e9 particuli\u00e8rement \u00e9lev\u00e9e et optimiserait ainsi l&rsquo;absorption du magn\u00e9sium par l&rsquo;organisme. Le magn\u00e9sium est n\u00e9cessaire \u00e0 plus de <strong>600 processus biochimiques<\/strong> dans le corps et joue un r\u00f4le crucial dans de nombreux domaines, notamment les contractions musculaires, la signalisation nerveuse, la sant\u00e9 cardiaque et le m\u00e9tabolisme \u00e9nerg\u00e9tique.<\/p>\n<h3>Les 7 formes de magn\u00e9sium dans Magnesium Revolution<\/h3>\n<ol>\n<li><strong>Citrate de magn\u00e9sium<\/strong> &#8211; Favorise la digestion et la relaxation musculaire.<\/li>\n<li><strong>Bisglycinate de magn\u00e9sium<\/strong> &#8211; Bien tol\u00e9r\u00e9, convient particuli\u00e8rement aux estomacs sensibles.<\/li>\n<li><strong>Oxyde de magn\u00e9sium<\/strong> &#8211; Haute concentration, favorise la sant\u00e9 intestinale.<\/li>\n<li><strong>Malate de magn\u00e9sium<\/strong> &#8211; Connu pour ses propri\u00e9t\u00e9s favorisant la performance.<\/li>\n<li><strong>taurate de magn\u00e9sium<\/strong> &#8211; A un effet calmant sur le syst\u00e8me nerveux.<\/li>\n<li><strong>orotate de magn\u00e9sium<\/strong> &#8211; Favorise la r\u00e9g\u00e9n\u00e9ration cellulaire.<\/li>\n<li><strong>L-thr\u00e9onate de magn\u00e9sium<\/strong> &#8211; Peut am\u00e9liorer la fonction c\u00e9r\u00e9brale.<\/li>\n<\/ol>\n<p>Gr\u00e2ce \u00e0 ce m\u00e9lange sp\u00e9cial, le produit devrait fournir un apport complet en magn\u00e9sium et apporter de nombreux avantages pour la sant\u00e9.<\/p>\n<h2>Pourquoi le magn\u00e9sium est-il si important?<\/h2>\n<p>Le magn\u00e9sium est un min\u00e9ral essentiel que l&rsquo;on trouve dans de nombreux aliments naturels. Cependant, en raison des m\u00e9thodes de culture modernes, des aliments transform\u00e9s et d&rsquo;un mode de vie stressant, de nombreuses personnes ne re\u00e7oivent pas suffisamment de magn\u00e9sium dans leur alimentation. Une carence en magn\u00e9sium peut avoir des cons\u00e9quences importantes, notamment<\/p>\n<ul>\n<li><strong>Douleurs musculaires et crampes<\/strong><\/li>\n<li><strong>Epuisement et fatigue<\/strong><\/li>\n<li><strong>Probl\u00e8mes de sommeil<\/strong><\/li>\n<li><strong>maux de t\u00eate et migraines<\/strong><\/li>\n<li><strong>Troubles du rythme cardiaque<\/strong><\/li>\n<li><strong>Probl\u00e8mes de concentration et vuln\u00e9rabilit\u00e9 au stress<\/strong><\/li>\n<\/ul>\n<p>De nombreuses personnes souffrent de ces sympt\u00f4mes sans savoir qu&rsquo;elles sont tout simplement carenc\u00e9es en magn\u00e9sium. Des \u00e9tudes montrent que plus de <strong>70 % de la population<\/strong> ne consomment pas suffisamment de magn\u00e9sium. C&rsquo;est pr\u00e9cis\u00e9ment l\u00e0 que Magnesium Revolution intervient et promet un apport optimal gr\u00e2ce \u00e0 sa formulation sp\u00e9ciale.<\/p>\n<h2>Les avantages de Magnesium Revolution<\/h2>\n<p>La combinaison de sept formes de magn\u00e9sium assure une absorption optimale.La combinaison de sept formes de magn\u00e9sium assure une absorption optimale.<\/p>\n<table>\n<thead>\n<tr>\n<th>Avantage \ud83d\udcaa<\/th>\n<th>Description \ud83d\udcc4<\/th>\n<\/tr>\n<\/thead>\n<tbody>\n<tr>\n<td>\u2728 <strong>Haute biodisponibilit\u00e9<\/strong><\/td>\n<td>La combinaison de sept formes de magn\u00e9sium assure une absorption optimale.<\/td>\n<\/tr>\n<tr>\n<td>\ud83d\udc68\u200d\ud83c\udf3e <strong>Soutient les muscles &amp; les nerfs<\/strong><\/td>\n<td>Id\u00e9al pour les sportifs et les personnes dont le quotidien est stressant.<\/td>\n<\/tr>\n<tr>\n<td>\u23f3 <strong>Effet rapide<\/strong><\/td>\n<td>Les premiers effets positifs se font souvent sentir au bout de quelques jours seulement.<\/td>\n<\/tr>\n<tr>\n<td>\ud83d\ude34 <strong>Un meilleur sommeil<\/strong><\/td>\n<td>Le magn\u00e9sium peut contribuer \u00e0 am\u00e9liorer la qualit\u00e9 du sommeil.<\/td>\n<\/tr>\n<tr>\n<td>\ud83c\udfa7 <strong>Aide \u00e0 lutter contre le stress &amp; l&rsquo;anxi\u00e9t\u00e9<\/strong><\/td>\n<td>L&rsquo;effet apaisant du magn\u00e9sium peut \u00eatre r\u00e9ducteur de stress.<\/td>\n<\/tr>\n<tr>\n<td>\ud83d\udc68\u200d\ud83c\udf93 <strong>Soutient la fonction c\u00e9r\u00e9brale<\/strong><\/td>\n<td>Le L-thr\u00e9onate de magn\u00e9sium est associ\u00e9 \u00e0 une meilleure concentration et \u00e0 une meilleure m\u00e9moire.<\/td>\n<\/tr>\n<tr>\n<td>\u2728 <strong>Sans additifs inutiles<\/strong><\/td>\n<td>Sans gluten, sans lactose et sans OGM.<\/td>\n<\/tr>\n<tr>\n<td>\ud83d\udcc8 <strong>Bon rapport qualit\u00e9\/prix<\/strong><\/td>\n<td>Un paquet d&rsquo;un mois co\u00fbte 39\u20ac, des r\u00e9ductions sont accord\u00e9es pour les grandes quantit\u00e9s.<\/td>\n<\/tr>\n<\/tbody>\n<\/table>\n<h2>Test et avis sur le magn\u00e9sium Revolution<\/h2>\n<h3>Comment le magn\u00e9sium agit-il dans le corps?<\/h3>\n<p>Le magn\u00e9sium joue un r\u00f4le cl\u00e9 dans la production d&rsquo;ATP, la principale source d&rsquo;\u00e9nergie de notre corps. Il aide \u00e0 transmettre correctement les impulsions nerveuses, stabilise la pression art\u00e9rielle et r\u00e9gule le taux de sucre dans le sang. Sans suffisamment de magn\u00e9sium, ces processus ne peuvent pas fonctionner de mani\u00e8re optimale.<\/p>\n<p><strong>Des \u00e9tudes montrent qu&rsquo;une carence en magn\u00e9sium augmente le risque de d\u00e9velopper les maladies suivantes:<\/strong>.<\/p>\n<ul>\n<li>le diab\u00e8te de type 2<\/li>\n<li>Hypertension art\u00e9rielle<\/li>\n<li>Ost\u00e9oporose<\/li>\n<li>Maladies cardiovasculaires<\/li>\n<li>D\u00e9pression<\/li>\n<\/ul>\n<p>Une pr\u00e9paration de magn\u00e9sium de haute qualit\u00e9 comme Magnesium Revolution peut donc contribuer \u00e0 la sant\u00e9 g\u00e9n\u00e9rale \u00e0 long terme.<\/p>\n<h2>Exp\u00e9riences avec Magnesium Revolution<\/h2>\n<p>Les \u00e9valuations des clients jouent un r\u00f4le important dans l&rsquo;appr\u00e9ciation d&rsquo;un produit. Selon les indications du fabricant, la plupart des utilisateurs sont enthousiastes \u00e0 propos de <strong>Magn\u00e9sium Revolution<\/strong>. Voici quelques t\u00e9moignages r\u00e9els :<\/p>\n<h3>\ud83d\udc68\u200d\ud83d\udc69\u200d\ud83d\udc66 Markus L., 42 ans<\/h3>\n<p><em>\u00ab\u00a0J&rsquo;ai longtemps eu des probl\u00e8mes de crampes musculaires, surtout la nuit. Depuis que je prends Magnesium Revolution, les crampes ont disparu ! Je me sens aussi globalement plus \u00e9nergique.\u00a0\u00bb<\/em><\/p>\n<h3>\ud83d\udc69\u200d\ud83c\udfa8 Sabine K., 35 ans<\/h3>\n<p><em>\u00ab\u00a0Mon niveau de stress \u00e9tait extr\u00eamement \u00e9lev\u00e9 et j&rsquo;avais souvent mal \u00e0 la t\u00eate. Une amie m&rsquo;a recommand\u00e9 Magnesium Revolution, et je suis absolument ravie ! Mes nerfs sont sensiblement plus d\u00e9tendus, et je dors beaucoup mieux.\u00a0\u00bb<\/em><\/p>\n<h3>\ud83c\udfcb\ufe0f Jonas M., 29 ans<\/h3>\n<p><em>\u00ab\u00a0En tant que sportif, je fais tr\u00e8s attention \u00e0 mon apport en min\u00e9raux. Magnesium Revolution m&rsquo;a aid\u00e9 \u00e0 me r\u00e9g\u00e9n\u00e9rer plus rapidement apr\u00e8s l&rsquo;entra\u00eenement. Super produit !\u00a0\u00bb<\/em><\/p>\n<p>Bien s\u00fbr, il y a aussi quelques utilisateurs qui ne remarquent pas de changements drastiques, mais la majorit\u00e9 des \u00e9valuations sont tr\u00e8s positives.<\/p>\n<h2>Prix &amp; Sources d&rsquo;approvisionnement<\/h2>\n<p>Magnesium Revolution peut \u00eatre command\u00e9 sur le site officiel <strong>Nutrisolution<\/strong>. Le prix d&rsquo;un emballage mensuel est de <strong>39\u20ac<\/strong>, avec des r\u00e9ductions pour les grandes quantit\u00e9s :<\/p>\n<ul>\n<li>Cure de 3 mois : <strong>99\u20ac<\/strong> (au lieu de 117\u20ac)<\/li>\n<li>Cure de 6 mois : <strong>174\u20ac<\/strong> (au lieu de 234\u20ac)<\/li>\n<\/ul>\n<p>La livraison est souvent gratuite et il y a une <strong>Garantie Satisfait ou Rembours\u00e9 de 180 jours<\/strong> si on n&rsquo;est pas satisfait.<\/p>\n<h2>Conclusion et \u00e9valuation : Magnesium Revolution vaut-il le coup ?<\/h2>\n<p>D&rsquo;apr\u00e8s notre test d\u00e9taill\u00e9, Magnesium Revolution est convaincant. La combinaison de sept formes de magn\u00e9sium assure une absorption optimale et offre de multiples avantages pour la sant\u00e9 &#8211; d&rsquo;une meilleure qualit\u00e9 de sommeil \u00e0 une \u00e9nergie accrue. Les \u00e9valuations positives des clients confirment son efficacit\u00e9 et, gr\u00e2ce \u00e0 la garantie \u00ab satisfait ou rembours\u00e9 \u00bb, le produit peut \u00eatre test\u00e9 sans risque.<\/p>\n<p>\ud83d\udca1 <strong>En bref : si vous \u00eates \u00e0 la recherche d&rsquo;un suppl\u00e9ment de magn\u00e9sium de qualit\u00e9, Magnesium Revolution devrait d\u00e9finitivement \u00eatre essay\u00e9!<\/strong>.<\/p>\n","protected":false},"excerpt":{"rendered":"<p>Le magn\u00e9sium est l&rsquo;un des min\u00e9raux les plus importants pour notre corps, mais de nombreuses personnes souffrent d&rsquo;une carence sans le savoir. C&rsquo;est pr\u00e9cis\u00e9ment l\u00e0 qu&rsquo;intervient Magnesium Revolution de Nutrisolution : un suppl\u00e9ment de magn\u00e9sium hautement dos\u00e9 qui combine sept formes diff\u00e9rentes de magn\u00e9sium afin d&rsquo;assurer un apport optimal. Mais le produit tient-il vraiment ses &#8230; <a title=\"Magn\u00e9sium R\u00e9volution (Nutrisolution)\" class=\"read-more\" href=\"https:\/\/etoxproject.eu\/fr\/produit\/magnesium-revolution-nutrisolution\/\" aria-label=\"More on Magn\u00e9sium R\u00e9volution (Nutrisolution)\">Lire plus<\/a><\/p>\n","protected":false},"featured_media":2381,"comment_status":"open","ping_status":"closed","template":"","meta":[],"product_brand":[],"product_cat":[],"product_tag":[],"class_list":{"0":"post-2401","1":"product","2":"type-product","3":"status-publish","4":"has-post-thumbnail","7":"first","8":"instock","9":"sale","10":"shipping-taxable","11":"product-type-external"},"yoast_head":"<!-- This site is optimized with the Yoast SEO plugin v27.5 - https:\/\/yoast.com\/product\/yoast-seo-wordpress\/ -->\n<title>Magn\u00e9sium R\u00e9volution Avis \u2600\ufe0f Prix r\u00e9duit en France<\/title>\n<meta name=\"robots\" content=\"index, follow, max-snippet:-1, max-image-preview:large, max-video-preview:-1\" \/>\n<link rel=\"canonical\" href=\"https:\/\/etoxproject.eu\/fr\/produit\/magnesium-revolution-nutrisolution\/\" \/>\n<meta property=\"og:locale\" content=\"fr_FR\" \/>\n<meta property=\"og:type\" content=\"article\" \/>\n<meta property=\"og:title\" content=\"Magn\u00e9sium R\u00e9volution Avis \u2600\ufe0f Prix r\u00e9duit en France\" \/>\n<meta property=\"og:description\" content=\"Le magn\u00e9sium est l&rsquo;un des min\u00e9raux les plus importants pour notre corps, mais de nombreuses personnes souffrent d&rsquo;une carence sans le savoir. C&rsquo;est pr\u00e9cis\u00e9ment l\u00e0 qu&rsquo;intervient Magnesium Revolution de Nutrisolution : un suppl\u00e9ment de magn\u00e9sium hautement dos\u00e9 qui combine sept formes diff\u00e9rentes de magn\u00e9sium afin d&rsquo;assurer un apport optimal. Mais le produit tient-il vraiment ses ... Lire plus\" \/>\n<meta property=\"og:url\" content=\"https:\/\/etoxproject.eu\/fr\/produit\/magnesium-revolution-nutrisolution\/\" \/>\n<meta property=\"og:site_name\" content=\"etoxproject.eu\" \/>\n<meta property=\"og:image\" content=\"https:\/\/etoxproject.eu\/wp-content\/uploads\/2025\/03\/magnesium-revolution-nutrisolution.jpg\" \/>\n\t<meta property=\"og:image:width\" content=\"700\" \/>\n\t<meta property=\"og:image:height\" content=\"700\" \/>\n\t<meta property=\"og:image:type\" content=\"image\/jpeg\" \/>\n<meta name=\"twitter:card\" content=\"summary_large_image\" \/>\n<meta name=\"twitter:label1\" content=\"Dur\u00e9e de lecture estim\u00e9e\" \/>\n\t<meta name=\"twitter:data1\" content=\"6 minutes\" \/>\n<script type=\"application\/ld+json\" class=\"yoast-schema-graph\">{\"@context\":\"https:\\\/\\\/schema.org\",\"@graph\":[{\"@type\":\"WebPage\",\"@id\":\"https:\\\/\\\/etoxproject.eu\\\/fr\\\/produit\\\/magnesium-revolution-nutrisolution\\\/\",\"url\":\"https:\\\/\\\/etoxproject.eu\\\/fr\\\/produit\\\/magnesium-revolution-nutrisolution\\\/\",\"name\":\"Magn\u00e9sium R\u00e9volution Avis \u2600\ufe0f Prix r\u00e9duit en France\",\"isPartOf\":{\"@id\":\"https:\\\/\\\/etoxproject.eu\\\/fr\\\/#website\"},\"primaryImageOfPage\":{\"@id\":\"https:\\\/\\\/etoxproject.eu\\\/fr\\\/produit\\\/magnesium-revolution-nutrisolution\\\/#primaryimage\"},\"image\":{\"@id\":\"https:\\\/\\\/etoxproject.eu\\\/fr\\\/produit\\\/magnesium-revolution-nutrisolution\\\/#primaryimage\"},\"thumbnailUrl\":\"https:\\\/\\\/etoxproject.eu\\\/wp-content\\\/uploads\\\/2025\\\/03\\\/magnesium-revolution-nutrisolution.jpg\",\"datePublished\":\"2025-03-02T02:25:29+00:00\",\"breadcrumb\":{\"@id\":\"https:\\\/\\\/etoxproject.eu\\\/fr\\\/produit\\\/magnesium-revolution-nutrisolution\\\/#breadcrumb\"},\"inLanguage\":\"fr-FR\",\"potentialAction\":[{\"@type\":\"ReadAction\",\"target\":[\"https:\\\/\\\/etoxproject.eu\\\/fr\\\/produit\\\/magnesium-revolution-nutrisolution\\\/\"]}]},{\"@type\":\"ImageObject\",\"inLanguage\":\"fr-FR\",\"@id\":\"https:\\\/\\\/etoxproject.eu\\\/fr\\\/produit\\\/magnesium-revolution-nutrisolution\\\/#primaryimage\",\"url\":\"https:\\\/\\\/etoxproject.eu\\\/wp-content\\\/uploads\\\/2025\\\/03\\\/magnesium-revolution-nutrisolution.jpg\",\"contentUrl\":\"https:\\\/\\\/etoxproject.eu\\\/wp-content\\\/uploads\\\/2025\\\/03\\\/magnesium-revolution-nutrisolution.jpg\",\"width\":700,\"height\":700,\"caption\":\"magnesium revolution nutrisolution\"},{\"@type\":\"BreadcrumbList\",\"@id\":\"https:\\\/\\\/etoxproject.eu\\\/fr\\\/produit\\\/magnesium-revolution-nutrisolution\\\/#breadcrumb\",\"itemListElement\":[{\"@type\":\"ListItem\",\"position\":1,\"name\":\"Startseite\",\"item\":\"https:\\\/\\\/etoxproject.eu\\\/fr\\\/\"},{\"@type\":\"ListItem\",\"position\":2,\"name\":\"Shop\",\"item\":\"https:\\\/\\\/etoxproject.eu\\\/shop\\\/\"},{\"@type\":\"ListItem\",\"position\":3,\"name\":\"Magn\u00e9sium R\u00e9volution (Nutrisolution)\"}]},{\"@type\":\"WebSite\",\"@id\":\"https:\\\/\\\/etoxproject.eu\\\/fr\\\/#website\",\"url\":\"https:\\\/\\\/etoxproject.eu\\\/fr\\\/\",\"name\":\"etoxproject.eu\",\"description\":\"\",\"publisher\":{\"@id\":\"https:\\\/\\\/etoxproject.eu\\\/fr\\\/#organization\"},\"potentialAction\":[{\"@type\":\"SearchAction\",\"target\":{\"@type\":\"EntryPoint\",\"urlTemplate\":\"https:\\\/\\\/etoxproject.eu\\\/fr\\\/?s={search_term_string}\"},\"query-input\":{\"@type\":\"PropertyValueSpecification\",\"valueRequired\":true,\"valueName\":\"search_term_string\"}}],\"inLanguage\":\"fr-FR\"},{\"@type\":\"Organization\",\"@id\":\"https:\\\/\\\/etoxproject.eu\\\/fr\\\/#organization\",\"name\":\"etoxproject.eu\",\"url\":\"https:\\\/\\\/etoxproject.eu\\\/fr\\\/\",\"logo\":{\"@type\":\"ImageObject\",\"inLanguage\":\"fr-FR\",\"@id\":\"https:\\\/\\\/etoxproject.eu\\\/fr\\\/#\\\/schema\\\/logo\\\/image\\\/\",\"url\":\"https:\\\/\\\/etoxproject.eu\\\/wp-content\\\/uploads\\\/2024\\\/12\\\/etoxproject.png\",\"contentUrl\":\"https:\\\/\\\/etoxproject.eu\\\/wp-content\\\/uploads\\\/2024\\\/12\\\/etoxproject.png\",\"width\":315,\"height\":69,\"caption\":\"etoxproject.eu\"},\"image\":{\"@id\":\"https:\\\/\\\/etoxproject.eu\\\/fr\\\/#\\\/schema\\\/logo\\\/image\\\/\"}}]}<\/script>\n<!-- \/ Yoast SEO plugin. -->","yoast_head_json":{"title":"Magn\u00e9sium R\u00e9volution Avis \u2600\ufe0f Prix r\u00e9duit en France","robots":{"index":"index","follow":"follow","max-snippet":"max-snippet:-1","max-image-preview":"max-image-preview:large","max-video-preview":"max-video-preview:-1"},"canonical":"https:\/\/etoxproject.eu\/fr\/produit\/magnesium-revolution-nutrisolution\/","og_locale":"fr_FR","og_type":"article","og_title":"Magn\u00e9sium R\u00e9volution Avis \u2600\ufe0f Prix r\u00e9duit en France","og_description":"Le magn\u00e9sium est l&rsquo;un des min\u00e9raux les plus importants pour notre corps, mais de nombreuses personnes souffrent d&rsquo;une carence sans le savoir. C&rsquo;est pr\u00e9cis\u00e9ment l\u00e0 qu&rsquo;intervient Magnesium Revolution de Nutrisolution : un suppl\u00e9ment de magn\u00e9sium hautement dos\u00e9 qui combine sept formes diff\u00e9rentes de magn\u00e9sium afin d&rsquo;assurer un apport optimal. Mais le produit tient-il vraiment ses ... Lire plus","og_url":"https:\/\/etoxproject.eu\/fr\/produit\/magnesium-revolution-nutrisolution\/","og_site_name":"etoxproject.eu","og_image":[{"width":700,"height":700,"url":"https:\/\/etoxproject.eu\/wp-content\/uploads\/2025\/03\/magnesium-revolution-nutrisolution.jpg","type":"image\/jpeg"}],"twitter_card":"summary_large_image","twitter_misc":{"Dur\u00e9e de lecture estim\u00e9e":"6 minutes"},"schema":{"@context":"https:\/\/schema.org","@graph":[{"@type":"WebPage","@id":"https:\/\/etoxproject.eu\/fr\/produit\/magnesium-revolution-nutrisolution\/","url":"https:\/\/etoxproject.eu\/fr\/produit\/magnesium-revolution-nutrisolution\/","name":"Magn\u00e9sium R\u00e9volution Avis \u2600\ufe0f Prix r\u00e9duit en France","isPartOf":{"@id":"https:\/\/etoxproject.eu\/fr\/#website"},"primaryImageOfPage":{"@id":"https:\/\/etoxproject.eu\/fr\/produit\/magnesium-revolution-nutrisolution\/#primaryimage"},"image":{"@id":"https:\/\/etoxproject.eu\/fr\/produit\/magnesium-revolution-nutrisolution\/#primaryimage"},"thumbnailUrl":"https:\/\/etoxproject.eu\/wp-content\/uploads\/2025\/03\/magnesium-revolution-nutrisolution.jpg","datePublished":"2025-03-02T02:25:29+00:00","breadcrumb":{"@id":"https:\/\/etoxproject.eu\/fr\/produit\/magnesium-revolution-nutrisolution\/#breadcrumb"},"inLanguage":"fr-FR","potentialAction":[{"@type":"ReadAction","target":["https:\/\/etoxproject.eu\/fr\/produit\/magnesium-revolution-nutrisolution\/"]}]},{"@type":"ImageObject","inLanguage":"fr-FR","@id":"https:\/\/etoxproject.eu\/fr\/produit\/magnesium-revolution-nutrisolution\/#primaryimage","url":"https:\/\/etoxproject.eu\/wp-content\/uploads\/2025\/03\/magnesium-revolution-nutrisolution.jpg","contentUrl":"https:\/\/etoxproject.eu\/wp-content\/uploads\/2025\/03\/magnesium-revolution-nutrisolution.jpg","width":700,"height":700,"caption":"magnesium revolution nutrisolution"},{"@type":"BreadcrumbList","@id":"https:\/\/etoxproject.eu\/fr\/produit\/magnesium-revolution-nutrisolution\/#breadcrumb","itemListElement":[{"@type":"ListItem","position":1,"name":"Startseite","item":"https:\/\/etoxproject.eu\/fr\/"},{"@type":"ListItem","position":2,"name":"Shop","item":"https:\/\/etoxproject.eu\/shop\/"},{"@type":"ListItem","position":3,"name":"Magn\u00e9sium R\u00e9volution (Nutrisolution)"}]},{"@type":"WebSite","@id":"https:\/\/etoxproject.eu\/fr\/#website","url":"https:\/\/etoxproject.eu\/fr\/","name":"etoxproject.eu","description":"","publisher":{"@id":"https:\/\/etoxproject.eu\/fr\/#organization"},"potentialAction":[{"@type":"SearchAction","target":{"@type":"EntryPoint","urlTemplate":"https:\/\/etoxproject.eu\/fr\/?s={search_term_string}"},"query-input":{"@type":"PropertyValueSpecification","valueRequired":true,"valueName":"search_term_string"}}],"inLanguage":"fr-FR"},{"@type":"Organization","@id":"https:\/\/etoxproject.eu\/fr\/#organization","name":"etoxproject.eu","url":"https:\/\/etoxproject.eu\/fr\/","logo":{"@type":"ImageObject","inLanguage":"fr-FR","@id":"https:\/\/etoxproject.eu\/fr\/#\/schema\/logo\/image\/","url":"https:\/\/etoxproject.eu\/wp-content\/uploads\/2024\/12\/etoxproject.png","contentUrl":"https:\/\/etoxproject.eu\/wp-content\/uploads\/2024\/12\/etoxproject.png","width":315,"height":69,"caption":"etoxproject.eu"},"image":{"@id":"https:\/\/etoxproject.eu\/fr\/#\/schema\/logo\/image\/"}}]}},"_links":{"self":[{"href":"https:\/\/etoxproject.eu\/fr\/wp-json\/wp\/v2\/product\/2401","targetHints":{"allow":["GET"]}}],"collection":[{"href":"https:\/\/etoxproject.eu\/fr\/wp-json\/wp\/v2\/product"}],"about":[{"href":"https:\/\/etoxproject.eu\/fr\/wp-json\/wp\/v2\/types\/product"}],"replies":[{"embeddable":true,"href":"https:\/\/etoxproject.eu\/fr\/wp-json\/wp\/v2\/comments?post=2401"}],"wp:featuredmedia":[{"embeddable":true,"href":"https:\/\/etoxproject.eu\/fr\/wp-json\/wp\/v2\/media\/2381"}],"wp:attachment":[{"href":"https:\/\/etoxproject.eu\/fr\/wp-json\/wp\/v2\/media?parent=2401"}],"wp:term":[{"taxonomy":"product_brand","embeddable":true,"href":"https:\/\/etoxproject.eu\/fr\/wp-json\/wp\/v2\/product_brand?post=2401"},{"taxonomy":"product_cat","embeddable":true,"href":"https:\/\/etoxproject.eu\/fr\/wp-json\/wp\/v2\/product_cat?post=2401"},{"taxonomy":"product_tag","embeddable":true,"href":"https:\/\/etoxproject.eu\/fr\/wp-json\/wp\/v2\/product_tag?post=2401"}],"curies":[{"name":"wp","href":"https:\/\/api.w.org\/{rel}","templated":true}]}}