{"id":2889,"date":"2025-03-19T14:17:20","date_gmt":"2025-03-19T13:27:37","guid":{"rendered":"https:\/\/etoxproject.eu\/?post_type=product&#038;p=2889"},"modified":"2025-03-19T14:29:14","modified_gmt":"2025-03-19T13:29:14","slug":"burn-plus-perte-de-poids","status":"publish","type":"product","link":"https:\/\/etoxproject.eu\/fr\/produit\/burn-plus-perte-de-poids\/","title":{"rendered":"Burn Plus (Perte de poids)"},"content":{"rendered":"<p><strong>Burn Plus est un compl\u00e9ment alimentaire innovant, con\u00e7u pour mettre le corps en mode de combustion des graisses de mani\u00e8re cibl\u00e9e et continue.<\/strong> <strong>La prise r\u00e9guli\u00e8re des g\u00e9lules permet de r\u00e9duire l&rsquo;exc\u00e8s de graisse corporelle tout en augmentant la vitalit\u00e9 et l&rsquo;\u00e9nergie g\u00e9n\u00e9rales.<\/strong><\/p>\n<h2>Burn Plus : une combustion des graisses efficace et plus d&rsquo;\u00e9nergie au quotidien<\/h2>\n<p>Burn Plus utilise une combinaison sp\u00e9ciale de substances actives s\u00e9lectionn\u00e9es qui agissent en synergie pour stimuler efficacement le m\u00e9tabolisme. Gr\u00e2ce \u00e0 cette activation, le corps br\u00fble les graisses plus rapidement, m\u00eame pendant les phases de repos, ce qui peut entra\u00eener une perte de poids durable. Parall\u00e8lement, les ingr\u00e9dients soutiennent l&rsquo;\u00e9quilibre \u00e9nerg\u00e9tique, de sorte que les utilisateurs restent plus actifs et plus performants au quotidien.<\/p>\n<h2>Burn Plus Avis &#8211; Perte de poids<\/h2>\n<p>Les t\u00e9moignages positifs de nombreux utilisateurs parlent d&rsquo;eux-m\u00eames :<\/p>\n<ul>\n<li><strong>Amelie G. <\/strong>raconte fi\u00e8rement sa remarquable perte de poids de 29 kg. Outre la transformation physique, elle se sent d\u00e9sormais nettement plus s\u00fbre d&rsquo;elle et pleine d&rsquo;\u00e9nergie dans sa vie quotidienne.<\/li>\n<li><strong>Gema N. <\/strong>a pu perdre 19 kg gr\u00e2ce \u00e0 Burn Plus. De plus, sa sant\u00e9 s&rsquo;est sensiblement am\u00e9lior\u00e9e, notamment ses taux de cholest\u00e9rol et de glyc\u00e9mie.<\/li>\n<li><strong>Lars J. <\/strong>a quant \u00e0 lui perdu 17 kg en seulement trois mois. Il souligne qu&rsquo;il n&rsquo;a pas d\u00fb pour autant renoncer \u00e0 ses plats pr\u00e9f\u00e9r\u00e9s comme les burgers ou les pizzas et qu&rsquo;il se sent d\u00e9sormais plus vital et en meilleure sant\u00e9.<\/li>\n<li><strong>Nadine B. <\/strong>impressionne avec une perte de poids de 16 kg \u00e0 l&rsquo;\u00e2ge de 61 ans et se r\u00e9jouit d&rsquo;avoir perdu quatre tailles de v\u00eatements tout en continuant \u00e0 savourer ses plats pr\u00e9f\u00e9r\u00e9s.<\/li>\n<li><strong>Birgit T. <\/strong>a tout de m\u00eame perdu 11 kg malgr\u00e9 un travail stressant et peu de temps pour faire du sport. L&rsquo;am\u00e9lioration de sa concentration et l&rsquo;augmentation de ses performances au travail sont particuli\u00e8rement pr\u00e9cieuses pour elle, ce qui a permis d&rsquo;am\u00e9liorer consid\u00e9rablement son \u00e9quilibre entre vie professionnelle et vie priv\u00e9e.<\/li>\n<\/ul>\n<h2>Des offres attrayantes et un achat sans risque<\/h2>\n<p>Burn Plus minceur est propos\u00e9 aux personnes int\u00e9ress\u00e9es sous la forme de plusieurs forfaits attrayants. Le fournisseur propose notamment une r\u00e9serve d&rsquo;un mois avec une r\u00e9duction de 30 % ainsi qu&rsquo;une r\u00e9serve de six mois particuli\u00e8rement appr\u00e9ci\u00e9e, qui est m\u00eame disponible avec une r\u00e9duction de 50 % et qui est en outre livr\u00e9e sans frais de port.<\/p>\n<p>Pour faciliter la d\u00e9cision des nouveaux clients potentiels, chaque paquet comprend une garantie de remboursement de 60 jours. Cela permet d&rsquo;essayer Burn Plus sans risque et de se rendre compte par soi-m\u00eame de l&rsquo;efficacit\u00e9 du produit.<\/p>\n<h2>Conclusion et \u00e9valuation<\/h2>\n<p>Bien que de nombreux utilisateurs enregistrent des succ\u00e8s remarquables, il faut tenir compte du fait que les r\u00e9sultats peuvent varier d&rsquo;une personne \u00e0 l&rsquo;autre. Pour une efficacit\u00e9 optimale, il est recommand\u00e9 de prendre le produit r\u00e9guli\u00e8rement, conform\u00e9ment aux indications du fabricant. De plus, il est conseill\u00e9 de consulter un m\u00e9decin avant de commencer \u00e0 prendre Burn Plus ou d&rsquo;autres compl\u00e9ments alimentaires, en particulier en cas de conditions de sant\u00e9 existantes ou de prise de m\u00e9dicaments.<\/p>\n<p>Burn Plus permet aux utilisateurs de perdre du poids de mani\u00e8re cibl\u00e9e et efficace tout en am\u00e9liorant sensiblement leur qualit\u00e9 de vie &#8211; une voie moderne vers une vie plus saine et plus active.<\/p>\n","protected":false},"excerpt":{"rendered":"<p>Burn Plus est un compl\u00e9ment alimentaire innovant, con\u00e7u pour mettre le corps en mode de combustion des graisses de mani\u00e8re cibl\u00e9e et continue. La prise r\u00e9guli\u00e8re des g\u00e9lules permet de r\u00e9duire l&rsquo;exc\u00e8s de graisse corporelle tout en augmentant la vitalit\u00e9 et l&rsquo;\u00e9nergie g\u00e9n\u00e9rales. Burn Plus : une combustion des graisses efficace et plus d&rsquo;\u00e9nergie au &#8230; <a title=\"Burn Plus (Perte de poids)\" class=\"read-more\" href=\"https:\/\/etoxproject.eu\/fr\/produit\/burn-plus-perte-de-poids\/\" aria-label=\"More on Burn Plus (Perte de poids)\">Lire plus<\/a><\/p>\n","protected":false},"featured_media":2716,"comment_status":"open","ping_status":"closed","template":"","meta":[],"product_brand":[],"product_cat":[],"product_tag":[],"class_list":{"0":"post-2889","1":"product","2":"type-product","3":"status-publish","4":"has-post-thumbnail","7":"first","8":"instock","9":"sale","10":"shipping-taxable","11":"product-type-external"},"yoast_head":"<!-- This site is optimized with the Yoast SEO plugin v27.3 - https:\/\/yoast.com\/product\/yoast-seo-wordpress\/ -->\n<title>Burn Plus Avis \ud83c\udff7\ufe0f 50% de r\u00e9duction de prix en pharmacie<\/title>\n<meta name=\"robots\" content=\"index, follow, max-snippet:-1, max-image-preview:large, max-video-preview:-1\" \/>\n<link rel=\"canonical\" href=\"https:\/\/etoxproject.eu\/fr\/produit\/burn-plus-perte-de-poids\/\" \/>\n<meta property=\"og:locale\" content=\"fr_FR\" \/>\n<meta property=\"og:type\" content=\"article\" \/>\n<meta property=\"og:title\" content=\"Burn Plus Avis \ud83c\udff7\ufe0f 50% de r\u00e9duction de prix en pharmacie\" \/>\n<meta property=\"og:description\" content=\"Burn Plus est un compl\u00e9ment alimentaire innovant, con\u00e7u pour mettre le corps en mode de combustion des graisses de mani\u00e8re cibl\u00e9e et continue. La prise r\u00e9guli\u00e8re des g\u00e9lules permet de r\u00e9duire l&rsquo;exc\u00e8s de graisse corporelle tout en augmentant la vitalit\u00e9 et l&rsquo;\u00e9nergie g\u00e9n\u00e9rales. Burn Plus : une combustion des graisses efficace et plus d&rsquo;\u00e9nergie au ... Lire plus\" \/>\n<meta property=\"og:url\" content=\"https:\/\/etoxproject.eu\/fr\/produit\/burn-plus-perte-de-poids\/\" \/>\n<meta property=\"og:site_name\" content=\"etoxproject.eu\" \/>\n<meta property=\"article:modified_time\" content=\"2025-03-19T13:29:14+00:00\" \/>\n<meta property=\"og:image\" content=\"https:\/\/etoxproject.eu\/wp-content\/uploads\/2025\/03\/burn-plus.jpg\" \/>\n\t<meta property=\"og:image:width\" content=\"600\" \/>\n\t<meta property=\"og:image:height\" content=\"600\" \/>\n\t<meta property=\"og:image:type\" content=\"image\/jpeg\" \/>\n<meta name=\"twitter:card\" content=\"summary_large_image\" \/>\n<meta name=\"twitter:label1\" content=\"Dur\u00e9e de lecture estim\u00e9e\" \/>\n\t<meta name=\"twitter:data1\" content=\"4 minutes\" \/>\n<script type=\"application\/ld+json\" class=\"yoast-schema-graph\">{\"@context\":\"https:\\\/\\\/schema.org\",\"@graph\":[{\"@type\":\"WebPage\",\"@id\":\"https:\\\/\\\/etoxproject.eu\\\/fr\\\/produit\\\/burn-plus-perte-de-poids\\\/\",\"url\":\"https:\\\/\\\/etoxproject.eu\\\/fr\\\/produit\\\/burn-plus-perte-de-poids\\\/\",\"name\":\"Burn Plus Avis \ud83c\udff7\ufe0f 50% de r\u00e9duction de prix en pharmacie\",\"isPartOf\":{\"@id\":\"https:\\\/\\\/etoxproject.eu\\\/fr\\\/#website\"},\"primaryImageOfPage\":{\"@id\":\"https:\\\/\\\/etoxproject.eu\\\/fr\\\/produit\\\/burn-plus-perte-de-poids\\\/#primaryimage\"},\"image\":{\"@id\":\"https:\\\/\\\/etoxproject.eu\\\/fr\\\/produit\\\/burn-plus-perte-de-poids\\\/#primaryimage\"},\"thumbnailUrl\":\"https:\\\/\\\/etoxproject.eu\\\/wp-content\\\/uploads\\\/2025\\\/03\\\/burn-plus.jpg\",\"datePublished\":\"2025-03-19T13:27:37+00:00\",\"dateModified\":\"2025-03-19T13:29:14+00:00\",\"breadcrumb\":{\"@id\":\"https:\\\/\\\/etoxproject.eu\\\/fr\\\/produit\\\/burn-plus-perte-de-poids\\\/#breadcrumb\"},\"inLanguage\":\"fr-FR\",\"potentialAction\":[{\"@type\":\"ReadAction\",\"target\":[\"https:\\\/\\\/etoxproject.eu\\\/fr\\\/produit\\\/burn-plus-perte-de-poids\\\/\"]}]},{\"@type\":\"ImageObject\",\"inLanguage\":\"fr-FR\",\"@id\":\"https:\\\/\\\/etoxproject.eu\\\/fr\\\/produit\\\/burn-plus-perte-de-poids\\\/#primaryimage\",\"url\":\"https:\\\/\\\/etoxproject.eu\\\/wp-content\\\/uploads\\\/2025\\\/03\\\/burn-plus.jpg\",\"contentUrl\":\"https:\\\/\\\/etoxproject.eu\\\/wp-content\\\/uploads\\\/2025\\\/03\\\/burn-plus.jpg\",\"width\":600,\"height\":600,\"caption\":\"burn plus\"},{\"@type\":\"BreadcrumbList\",\"@id\":\"https:\\\/\\\/etoxproject.eu\\\/fr\\\/produit\\\/burn-plus-perte-de-poids\\\/#breadcrumb\",\"itemListElement\":[{\"@type\":\"ListItem\",\"position\":1,\"name\":\"Startseite\",\"item\":\"https:\\\/\\\/etoxproject.eu\\\/fr\\\/\"},{\"@type\":\"ListItem\",\"position\":2,\"name\":\"Shop\",\"item\":\"https:\\\/\\\/etoxproject.eu\\\/shop\\\/\"},{\"@type\":\"ListItem\",\"position\":3,\"name\":\"Burn Plus (Perte de poids)\"}]},{\"@type\":\"WebSite\",\"@id\":\"https:\\\/\\\/etoxproject.eu\\\/fr\\\/#website\",\"url\":\"https:\\\/\\\/etoxproject.eu\\\/fr\\\/\",\"name\":\"etoxproject.eu\",\"description\":\"\",\"publisher\":{\"@id\":\"https:\\\/\\\/etoxproject.eu\\\/fr\\\/#organization\"},\"potentialAction\":[{\"@type\":\"SearchAction\",\"target\":{\"@type\":\"EntryPoint\",\"urlTemplate\":\"https:\\\/\\\/etoxproject.eu\\\/fr\\\/?s={search_term_string}\"},\"query-input\":{\"@type\":\"PropertyValueSpecification\",\"valueRequired\":true,\"valueName\":\"search_term_string\"}}],\"inLanguage\":\"fr-FR\"},{\"@type\":\"Organization\",\"@id\":\"https:\\\/\\\/etoxproject.eu\\\/fr\\\/#organization\",\"name\":\"etoxproject.eu\",\"url\":\"https:\\\/\\\/etoxproject.eu\\\/fr\\\/\",\"logo\":{\"@type\":\"ImageObject\",\"inLanguage\":\"fr-FR\",\"@id\":\"https:\\\/\\\/etoxproject.eu\\\/fr\\\/#\\\/schema\\\/logo\\\/image\\\/\",\"url\":\"https:\\\/\\\/etoxproject.eu\\\/wp-content\\\/uploads\\\/2024\\\/12\\\/etoxproject.png\",\"contentUrl\":\"https:\\\/\\\/etoxproject.eu\\\/wp-content\\\/uploads\\\/2024\\\/12\\\/etoxproject.png\",\"width\":315,\"height\":69,\"caption\":\"etoxproject.eu\"},\"image\":{\"@id\":\"https:\\\/\\\/etoxproject.eu\\\/fr\\\/#\\\/schema\\\/logo\\\/image\\\/\"}}]}<\/script>\n<!-- \/ Yoast SEO plugin. -->","yoast_head_json":{"title":"Burn Plus Avis \ud83c\udff7\ufe0f 50% de r\u00e9duction de prix en pharmacie","robots":{"index":"index","follow":"follow","max-snippet":"max-snippet:-1","max-image-preview":"max-image-preview:large","max-video-preview":"max-video-preview:-1"},"canonical":"https:\/\/etoxproject.eu\/fr\/produit\/burn-plus-perte-de-poids\/","og_locale":"fr_FR","og_type":"article","og_title":"Burn Plus Avis \ud83c\udff7\ufe0f 50% de r\u00e9duction de prix en pharmacie","og_description":"Burn Plus est un compl\u00e9ment alimentaire innovant, con\u00e7u pour mettre le corps en mode de combustion des graisses de mani\u00e8re cibl\u00e9e et continue. La prise r\u00e9guli\u00e8re des g\u00e9lules permet de r\u00e9duire l&rsquo;exc\u00e8s de graisse corporelle tout en augmentant la vitalit\u00e9 et l&rsquo;\u00e9nergie g\u00e9n\u00e9rales. Burn Plus : une combustion des graisses efficace et plus d&rsquo;\u00e9nergie au ... Lire plus","og_url":"https:\/\/etoxproject.eu\/fr\/produit\/burn-plus-perte-de-poids\/","og_site_name":"etoxproject.eu","article_modified_time":"2025-03-19T13:29:14+00:00","og_image":[{"width":600,"height":600,"url":"https:\/\/etoxproject.eu\/wp-content\/uploads\/2025\/03\/burn-plus.jpg","type":"image\/jpeg"}],"twitter_card":"summary_large_image","twitter_misc":{"Dur\u00e9e de lecture estim\u00e9e":"4 minutes"},"schema":{"@context":"https:\/\/schema.org","@graph":[{"@type":"WebPage","@id":"https:\/\/etoxproject.eu\/fr\/produit\/burn-plus-perte-de-poids\/","url":"https:\/\/etoxproject.eu\/fr\/produit\/burn-plus-perte-de-poids\/","name":"Burn Plus Avis \ud83c\udff7\ufe0f 50% de r\u00e9duction de prix en pharmacie","isPartOf":{"@id":"https:\/\/etoxproject.eu\/fr\/#website"},"primaryImageOfPage":{"@id":"https:\/\/etoxproject.eu\/fr\/produit\/burn-plus-perte-de-poids\/#primaryimage"},"image":{"@id":"https:\/\/etoxproject.eu\/fr\/produit\/burn-plus-perte-de-poids\/#primaryimage"},"thumbnailUrl":"https:\/\/etoxproject.eu\/wp-content\/uploads\/2025\/03\/burn-plus.jpg","datePublished":"2025-03-19T13:27:37+00:00","dateModified":"2025-03-19T13:29:14+00:00","breadcrumb":{"@id":"https:\/\/etoxproject.eu\/fr\/produit\/burn-plus-perte-de-poids\/#breadcrumb"},"inLanguage":"fr-FR","potentialAction":[{"@type":"ReadAction","target":["https:\/\/etoxproject.eu\/fr\/produit\/burn-plus-perte-de-poids\/"]}]},{"@type":"ImageObject","inLanguage":"fr-FR","@id":"https:\/\/etoxproject.eu\/fr\/produit\/burn-plus-perte-de-poids\/#primaryimage","url":"https:\/\/etoxproject.eu\/wp-content\/uploads\/2025\/03\/burn-plus.jpg","contentUrl":"https:\/\/etoxproject.eu\/wp-content\/uploads\/2025\/03\/burn-plus.jpg","width":600,"height":600,"caption":"burn plus"},{"@type":"BreadcrumbList","@id":"https:\/\/etoxproject.eu\/fr\/produit\/burn-plus-perte-de-poids\/#breadcrumb","itemListElement":[{"@type":"ListItem","position":1,"name":"Startseite","item":"https:\/\/etoxproject.eu\/fr\/"},{"@type":"ListItem","position":2,"name":"Shop","item":"https:\/\/etoxproject.eu\/shop\/"},{"@type":"ListItem","position":3,"name":"Burn Plus (Perte de poids)"}]},{"@type":"WebSite","@id":"https:\/\/etoxproject.eu\/fr\/#website","url":"https:\/\/etoxproject.eu\/fr\/","name":"etoxproject.eu","description":"","publisher":{"@id":"https:\/\/etoxproject.eu\/fr\/#organization"},"potentialAction":[{"@type":"SearchAction","target":{"@type":"EntryPoint","urlTemplate":"https:\/\/etoxproject.eu\/fr\/?s={search_term_string}"},"query-input":{"@type":"PropertyValueSpecification","valueRequired":true,"valueName":"search_term_string"}}],"inLanguage":"fr-FR"},{"@type":"Organization","@id":"https:\/\/etoxproject.eu\/fr\/#organization","name":"etoxproject.eu","url":"https:\/\/etoxproject.eu\/fr\/","logo":{"@type":"ImageObject","inLanguage":"fr-FR","@id":"https:\/\/etoxproject.eu\/fr\/#\/schema\/logo\/image\/","url":"https:\/\/etoxproject.eu\/wp-content\/uploads\/2024\/12\/etoxproject.png","contentUrl":"https:\/\/etoxproject.eu\/wp-content\/uploads\/2024\/12\/etoxproject.png","width":315,"height":69,"caption":"etoxproject.eu"},"image":{"@id":"https:\/\/etoxproject.eu\/fr\/#\/schema\/logo\/image\/"}}]}},"_links":{"self":[{"href":"https:\/\/etoxproject.eu\/fr\/wp-json\/wp\/v2\/product\/2889","targetHints":{"allow":["GET"]}}],"collection":[{"href":"https:\/\/etoxproject.eu\/fr\/wp-json\/wp\/v2\/product"}],"about":[{"href":"https:\/\/etoxproject.eu\/fr\/wp-json\/wp\/v2\/types\/product"}],"replies":[{"embeddable":true,"href":"https:\/\/etoxproject.eu\/fr\/wp-json\/wp\/v2\/comments?post=2889"}],"wp:featuredmedia":[{"embeddable":true,"href":"https:\/\/etoxproject.eu\/fr\/wp-json\/wp\/v2\/media\/2716"}],"wp:attachment":[{"href":"https:\/\/etoxproject.eu\/fr\/wp-json\/wp\/v2\/media?parent=2889"}],"wp:term":[{"taxonomy":"product_brand","embeddable":true,"href":"https:\/\/etoxproject.eu\/fr\/wp-json\/wp\/v2\/product_brand?post=2889"},{"taxonomy":"product_cat","embeddable":true,"href":"https:\/\/etoxproject.eu\/fr\/wp-json\/wp\/v2\/product_cat?post=2889"},{"taxonomy":"product_tag","embeddable":true,"href":"https:\/\/etoxproject.eu\/fr\/wp-json\/wp\/v2\/product_tag?post=2889"}],"curies":[{"name":"wp","href":"https:\/\/api.w.org\/{rel}","templated":true}]}}