{"id":1196,"date":"2024-12-06T06:37:18","date_gmt":"2024-12-06T07:13:57","guid":{"rendered":"https:\/\/etoxproject.eu\/?post_type=product&#038;p=1196"},"modified":"2024-12-06T08:13:57","modified_gmt":"2024-12-06T07:13:57","slug":"synoshi-power-spin-scrubber","status":"publish","type":"product","link":"https:\/\/etoxproject.eu\/hu\/termek\/synoshi-power-spin-scrubber\/","title":{"rendered":"Synoshi Power Spin Scrubber"},"content":{"rendered":"<p>A Synoshi Power Spin Scrubber egy innovat\u00edv tiszt\u00edt\u00f3berendez\u00e9s, amelyet kifejezetten a makacs szennyez\u0151d\u00e9sek k\u00f6nnyed megtiszt\u00edt\u00e1s\u00e1ra fejlesztettek ki otthon\u00e1ban. Ebben a r\u00e9szletes tesztbesz\u00e1mol\u00f3ban elemezz\u00fck teljes\u00edtm\u00e9ny\u00e9t, kezel\u00e9s\u00e9t \u00e9s \u00e1ltal\u00e1nos el\u0151nyeit. A Synoshi Power Spin Scrubber val\u00f3ban ide\u00e1lis v\u00e1laszt\u00e1s az \u00d6n takar\u00edt\u00e1si ig\u00e9nyeihez? A k\u00e9rd\u00e9s v\u00e9g\u00e9re j\u00e1runk.<\/p>\n<h2>Synoshi Power Spin Scrubber tapasztalatok \u00e9s teszt<\/h2>\n<p>A Synoshi Power Spin Scrubber modern, ergonomikus kialak\u00edt\u00e1s\u00e1val ny\u0171g\u00f6z le, amely egyszerre funkcion\u00e1lis \u00e9s eszt\u00e9tikus. A kivitelez\u00e9s kiv\u00e1l\u00f3 min\u0151s\u00e9g\u0171, a felhaszn\u00e1lt anyagok pedig strapab\u00edr\u00f3ak \u00e9s tart\u00f3sak. K\u00fcl\u00f6n\u00f6sen pozit\u00edv tulajdons\u00e1ga a cs\u00fasz\u00e1smentes foganty\u00fa, amely intenz\u00edv haszn\u00e1lat sor\u00e1n is biztons\u00e1gos kezel\u00e9st biztos\u00edt.<\/p>\n<h3>Teljes\u00edtm\u00e9ny \u00e9s hat\u00e9konys\u00e1g<\/h3>\n<p>Az er\u0151teljes elektromos motorral \u00e9s a k\u00fcl\u00f6nb\u00f6z\u0151 kef\u00e9s tartoz\u00e9kokkal a Synoshi ide\u00e1lis a legk\u00fcl\u00f6nb\u00f6z\u0151bb fel\u00fcletek tiszt\u00edt\u00e1s\u00e1ra. Legyen sz\u00f3 v\u00edzk\u0151lerak\u00f3d\u00e1sokr\u00f3l a zuhanyz\u00f3ban, zs\u00edrfoltokr\u00f3l a konyh\u00e1ban vagy szennyez\u0151d\u00e9sekr\u0151l a csemp\u00e9ken &#8211; a forg\u00f3 kefefejek leny\u0171g\u00f6z\u0151 eredm\u00e9nyt biztos\u00edtanak. Az akkumul\u00e1tor ak\u00e1r 90 perces \u00fczemideje t\u00f6bb tiszt\u00edt\u00e1si munkamenethez is elegend\u0151.<\/p>\n<h3>Egyszer\u0171 haszn\u00e1lat<\/h3>\n<p>A Synoshi Power Spin Scrubber haszn\u00e1lata rendk\u00edv\u00fcl egyszer\u0171. A k\u00e9sz\u00fcl\u00e9ket egy gombnyom\u00e1ssal elind\u00edthatja, a cser\u00e9lhet\u0151 kef\u00e9s tartoz\u00e9kok pedig gyorsan \u00e9s egyszer\u0171en cser\u00e9lhet\u0151k. A vezet\u00e9k n\u00e9lk\u00fcli kivitel k\u00fcl\u00f6n\u00f6sen praktikus, mivel teljes mozg\u00e1sszabads\u00e1got biztos\u00edt a tiszt\u00edt\u00e1s sor\u00e1n.<\/p>\n<h3>V\u00e1s\u00e1rolja meg a Synoshi Power Spin s\u00farol\u00f3g\u00e9pet a legolcs\u00f3bban<\/h3>\n<p>A legjobb \u00e1rat a hivatalos web\u00e1ruh\u00e1zban kaphatja meg (l\u00e1sd az oldal tetej\u00e9n tal\u00e1lhat\u00f3 linket).<\/p>\n<h2>Synoshi tapasztalatok: El\u0151ny\u00f6k egy pillant\u00e1sra<\/h2>\n<p>&nbsp;<\/p>\n<table border=\"\u201e1\u201d\">\n<thead>\n<tr>\n<th>\ud83d\udfe2 El\u0151ny<\/th>\n<th>\ud83d\udccb R\u00e9szletes magyar\u00e1zat<\/th>\n<\/tr>\n<\/thead>\n<tbody>\n<tr>\n<td>Ergon\u00f3miai tervez\u00e9s \ud83e\udde4<\/td>\n<td>A Synoshi cs\u00fasz\u00e1smentes markolat\u00e1nak \u00e9s k\u00f6nny\u0171 h\u00e1z\u00e1nak k\u00f6sz\u00f6nhet\u0151en k\u00e9nyelmesen k\u00e9zben tarthat\u00f3. M\u00e9g hosszan tart\u00f3 haszn\u00e1lat eset\u00e9n sem tapasztalhat\u00f3ak a kezekben a f\u00e1radts\u00e1g jelei.&lt;\/td<\/td>\n<\/tr>\n<tr>\n<td>Teljes\u00edtm\u00e9nyes motor \ud83d\udcaa<\/td>\n<td>A nagy teljes\u00edtm\u00e9ny\u0171 motor nagy sebess\u00e9ggel forgatja a kef\u00e9ket, hat\u00e9konyan elt\u00e1vol\u00edtva m\u00e9g a makacs szennyez\u0151d\u00e9seket, p\u00e9ld\u00e1ul a v\u00edzk\u0151lerak\u00f3d\u00e1sokat \u00e9s zs\u00edrfoltokat is.<\/td>\n<\/tr>\n<tr>\n<td>V\u00e1ltozatos kef\u00e9s tartoz\u00e9kok \ud83c\udf00<\/td>\n<td>A k\u00fcl\u00f6nb\u00f6z\u0151 kefefejekkel, k\u00f6zt\u00fck egy lapos kef\u00e9vel a nagy fel\u00fcletekhez \u00e9s egy keskeny kef\u00e9vel a sarkokhoz \u00e9s illeszt\u00e9sekhez, a k\u00e9sz\u00fcl\u00e9k minden tiszt\u00edt\u00e1si feladathoz ide\u00e1lisan felszerelt.<\/td>\n<\/tr>\n<tr>\n<td>Az akkumul\u00e1tor n\u00e9lk\u00fcli kialak\u00edt\u00e1s \ud83d\udd0b<\/td>\n<td>A be\u00e9p\u00edtett \u00fajrat\u00f6lthet\u0151 akkumul\u00e1tornak k\u00f6sz\u00f6nhet\u0151en nincs sz\u00fcks\u00e9g k\u00e1belekkel val\u00f3 b\u00edbel\u0151d\u00e9sre. Ez korl\u00e1tlan mozg\u00e1sszabads\u00e1got biztos\u00edt a tiszt\u00edt\u00e1s sor\u00e1n, m\u00e9g a nehezen el\u00e9rhet\u0151 sarkokban is.&lt;\/td<\/td>\n<\/tr>\n<tr>\n<td>V\u00edz\u00e1ll\u00f3 kivitel \ud83c\udf0a<\/td>\n<td>A k\u00e9sz\u00fcl\u00e9k fr\u00f6ccsen\u00e9s\u00e1ll\u00f3, \u00edgy nedves k\u00f6rnyezetben, p\u00e9ld\u00e1ul f\u00fcrd\u0151szob\u00e1ban vagy konyh\u00e1ban is nyugodtan haszn\u00e1lhat\u00f3.<\/td>\n<\/tr>\n<tr>\n<td>A kef\u00e9k k\u00f6nny\u0171 tiszt\u00edt\u00e1sa \ud83e\uddfd<\/td>\n<td>A haszn\u00e1lat ut\u00e1n a kef\u00e9s tartoz\u00e9kok egyszer\u0171en le\u00f6bl\u00edthet\u0151k foly\u00f3 v\u00edz alatt. Ez id\u0151t takar\u00edt meg \u00e9s biztos\u00edtja a higi\u00e9nikus tisztas\u00e1got.&lt;\/td<\/td>\n<\/tr>\n<tr>\n<td>Hossz\u00fa akkumul\u00e1tor-\u00fczemid\u0151 \ud83d\udd0b<\/td>\n<td>A Synoshi ak\u00e1r 90 perces \u00fczemidej\u00e9vel t\u00f6bb tiszt\u00edt\u00e1si cikluson kereszt\u00fcl is haszn\u00e1lhat\u00f3, miel\u0151tt \u00fajra kellene t\u00f6lteni.<\/td>\n<\/tr>\n<tr>\n<td>Gyors kefev\u00e1lt\u00e1s \ud83d\udd04<\/td>\n<td>A kefefejek m\u00e1sodpercek alatt cser\u00e9lhet\u0151k egy egyszer\u0171 kattint\u00e1sos rendszerrel, \u00edgy a munkafolyamat nem szakad meg.<\/td>\n<\/tr>\n<tr>\n<td>Egyszer\u0171en sz\u00e1ll\u00edthat\u00f3 \ud83d\udeb6\u200d\u2642\ufe0f<\/td>\n<td>Kompakt kialak\u00edt\u00e1s\u00e1nak \u00e9s kis s\u00faly\u00e1nak k\u00f6sz\u00f6nhet\u0151en a Synoshi k\u00f6nnyed\u00e9n elvihet\u0151 k\u00fcl\u00f6nb\u00f6z\u0151 helyis\u00e9gekbe vagy ak\u00e1r k\u00fclt\u00e9ri haszn\u00e1latra is.<\/td>\n<\/tr>\n<tr>\n<td>K\u00edm\u00e9letes a fel\u00fcleteken \ud83c\udfa8<\/td>\n<td>A kef\u00e9ket \u00fagy tervezt\u00e9k, hogy a szennyez\u0151d\u00e9seket \u00fagy t\u00e1vol\u00edtsa el, hogy ne s\u00e9rtse meg az olyan k\u00e9nyes anyagokat, mint az \u00fcveg, a ker\u00e1mia vagy a festett fel\u00fcletek.<\/td>\n<\/tr>\n<tr>\n<td>K\u00f6rnyezetbar\u00e1t tiszt\u00edt\u00e1s \ud83c\udf0d<\/td>\n<td>A Synoshi lehet\u0151v\u00e9 teszi az alapos tiszt\u00edt\u00e1st minim\u00e1lis vegyszerhaszn\u00e1lat mellett, \u00edgy k\u00f6rnyezetbar\u00e1t alternat\u00edv\u00e1t jelent a hagyom\u00e1nyos tiszt\u00edt\u00e1si m\u00f3dszerekhez k\u00e9pest.<\/td>\n<\/tr>\n<tr>\n<td>alacsony m\u0171k\u00f6d\u00e9si zaj \ud83d\udd07<\/td>\n<td>A Synoshi m\u00e1s tiszt\u00edt\u00f3berendez\u00e9sekhez k\u00e9pest meglep\u0151en halkan m\u0171k\u00f6dik, \u00edgy olyan h\u00e1ztart\u00e1sokban is haszn\u00e1lhat\u00f3, ahol \u00e9rz\u00e9keny lak\u00f3t\u00e1rsak \u00e9lnek.<\/td>\n<\/tr>\n<\/tbody>\n<\/table>\n<h2>Praktikus teszt: Tapasztalataink \u00e9s felhaszn\u00e1l\u00f3i v\u00e9lem\u00e9nyek<\/h2>\n<p>A gyakorlati teszt sor\u00e1n a Synoshi Power Spin Scrubber leny\u0171g\u00f6z\u0151 tiszt\u00edt\u00e1si teljes\u00edtm\u00e9nyt mutatott. A k\u00e9sz\u00fcl\u00e9k k\u00fcl\u00f6n\u00f6sen j\u00f3l teljes\u00edtett a v\u00edzk\u0151 \u00e9s a szappanmaradv\u00e1nyok elt\u00e1vol\u00edt\u00e1sakor a zuhanyz\u00f3ban. A konyhai csemp\u00e9ken l\u00e9v\u0151 zs\u00edros foltokat is k\u00f6nnyed\u00e9n elt\u00e1vol\u00edtotta. Apr\u00f3 h\u00e1tr\u00e1nya azonban, hogy az akkumul\u00e1tor intenz\u00edv haszn\u00e1lat sor\u00e1n a megadottn\u00e1l gyorsabban lemer\u00fcl, ami nagyobb fel\u00fcletek eset\u00e9n probl\u00e9m\u00e1s lehet.<\/p>\n<h2>K\u00f6vetkeztet\u00e9s \u00e9s \u00e9rt\u00e9kel\u00e9s<\/h2>\n<p>A Synoshi Power Spin Scrubber egy sokoldal\u00fa \u00e9s nagy teljes\u00edtm\u00e9ny\u0171 takar\u00edt\u00f3eszk\u00f6z, amely mindenekel\u0151tt k\u00f6nny\u0171 kezelhet\u0151s\u00e9g\u00e9vel \u00e9s hat\u00e9kony szennyez\u0151d\u00e9selt\u00e1vol\u00edt\u00e1s\u00e1val ny\u0171g\u00f6z le. A k\u00e9sz\u00fcl\u00e9k kiv\u00e1l\u00f3 v\u00e1laszt\u00e1s a kis \u00e9s k\u00f6zepes m\u00e9ret\u0171 h\u00e1ztart\u00e1sok sz\u00e1m\u00e1ra. A nagyobb ter\u00fcletek azonban t\u00falterhelhetik az akkumul\u00e1tor kapacit\u00e1s\u00e1t. \u00d6sszess\u00e9g\u00e9ben a Synoshi a k\u00e9nyelem \u00e9s a hat\u00e9konys\u00e1g j\u00f3 kombin\u00e1ci\u00f3j\u00e1t k\u00edn\u00e1lja, ami nagyban megk\u00f6nny\u00edti a mindennapi takar\u00edt\u00e1st.<\/p>\n<p><strong>Javaslat:<\/strong> K\u00fcl\u00f6n\u00f6sen alkalmas azoknak, akik gyors \u00e9s alapos tiszt\u00edt\u00e1st szeretn\u00e9nek nagy er\u0151fesz\u00edt\u00e9s n\u00e9lk\u00fcl.<\/p>\n","protected":false},"excerpt":{"rendered":"<p>A Synoshi Power Spin Scrubber egy innovat\u00edv tiszt\u00edt\u00f3berendez\u00e9s, amelyet kifejezetten a makacs szennyez\u0151d\u00e9sek k\u00f6nnyed megtiszt\u00edt\u00e1s\u00e1ra fejlesztettek ki otthon\u00e1ban. Ebben a r\u00e9szletes tesztbesz\u00e1mol\u00f3ban elemezz\u00fck teljes\u00edtm\u00e9ny\u00e9t, kezel\u00e9s\u00e9t \u00e9s \u00e1ltal\u00e1nos el\u0151nyeit. A Synoshi Power Spin Scrubber val\u00f3ban ide\u00e1lis v\u00e1laszt\u00e1s az \u00d6n takar\u00edt\u00e1si ig\u00e9nyeihez? A k\u00e9rd\u00e9s v\u00e9g\u00e9re j\u00e1runk. Synoshi Power Spin Scrubber tapasztalatok \u00e9s teszt A Synoshi Power Spin &#8230; <a title=\"Synoshi Power Spin Scrubber\" class=\"read-more\" href=\"https:\/\/etoxproject.eu\/hu\/termek\/synoshi-power-spin-scrubber\/\" aria-label=\"More on Synoshi Power Spin Scrubber\">Read more<\/a><\/p>\n","protected":false},"featured_media":1187,"comment_status":"open","ping_status":"closed","template":"","meta":[],"product_brand":[],"product_cat":[],"product_tag":[],"class_list":{"0":"post-1196","1":"product","2":"type-product","3":"status-publish","4":"has-post-thumbnail","7":"first","8":"instock","9":"sale","10":"shipping-taxable","11":"product-type-external"},"yoast_head":"<!-- This site is optimized with the Yoast SEO plugin v27.5 - https:\/\/yoast.com\/product\/yoast-seo-wordpress\/ -->\n<title>Synoshi Power Spin Scrubber \u2734\ufe0f Rendeljen 70% kedvezm\u00e9nnyel<\/title>\n<meta name=\"robots\" content=\"index, follow, max-snippet:-1, max-image-preview:large, max-video-preview:-1\" \/>\n<link rel=\"canonical\" href=\"https:\/\/etoxproject.eu\/hu\/termek\/synoshi-power-spin-scrubber\/\" \/>\n<meta property=\"og:locale\" content=\"hu_HU\" \/>\n<meta property=\"og:type\" content=\"article\" \/>\n<meta property=\"og:title\" content=\"Synoshi Power Spin Scrubber \u2734\ufe0f Rendeljen 70% kedvezm\u00e9nnyel\" \/>\n<meta property=\"og:description\" content=\"A Synoshi Power Spin Scrubber egy innovat\u00edv tiszt\u00edt\u00f3berendez\u00e9s, amelyet kifejezetten a makacs szennyez\u0151d\u00e9sek k\u00f6nnyed megtiszt\u00edt\u00e1s\u00e1ra fejlesztettek ki otthon\u00e1ban. Ebben a r\u00e9szletes tesztbesz\u00e1mol\u00f3ban elemezz\u00fck teljes\u00edtm\u00e9ny\u00e9t, kezel\u00e9s\u00e9t \u00e9s \u00e1ltal\u00e1nos el\u0151nyeit. A Synoshi Power Spin Scrubber val\u00f3ban ide\u00e1lis v\u00e1laszt\u00e1s az \u00d6n takar\u00edt\u00e1si ig\u00e9nyeihez? A k\u00e9rd\u00e9s v\u00e9g\u00e9re j\u00e1runk. Synoshi Power Spin Scrubber tapasztalatok \u00e9s teszt A Synoshi Power Spin ... Read more\" \/>\n<meta property=\"og:url\" content=\"https:\/\/etoxproject.eu\/hu\/termek\/synoshi-power-spin-scrubber\/\" \/>\n<meta property=\"og:site_name\" content=\"etoxproject.eu\" \/>\n<meta property=\"og:image\" content=\"https:\/\/etoxproject.eu\/wp-content\/uploads\/2024\/12\/synoshi.jpg\" \/>\n\t<meta property=\"og:image:width\" content=\"750\" \/>\n\t<meta property=\"og:image:height\" content=\"750\" \/>\n\t<meta property=\"og:image:type\" content=\"image\/jpeg\" \/>\n<meta name=\"twitter:card\" content=\"summary_large_image\" \/>\n<meta name=\"twitter:label1\" content=\"Becs\u00fclt olvas\u00e1si id\u0151\" \/>\n\t<meta name=\"twitter:data1\" content=\"4 perc\" \/>\n<script type=\"application\/ld+json\" class=\"yoast-schema-graph\">{\"@context\":\"https:\\\/\\\/schema.org\",\"@graph\":[{\"@type\":\"WebPage\",\"@id\":\"https:\\\/\\\/etoxproject.eu\\\/hu\\\/termek\\\/synoshi-power-spin-scrubber\\\/\",\"url\":\"https:\\\/\\\/etoxproject.eu\\\/hu\\\/termek\\\/synoshi-power-spin-scrubber\\\/\",\"name\":\"Synoshi Power Spin Scrubber \u2734\ufe0f Rendeljen 70% kedvezm\u00e9nnyel\",\"isPartOf\":{\"@id\":\"https:\\\/\\\/etoxproject.eu\\\/hu\\\/#website\"},\"primaryImageOfPage\":{\"@id\":\"https:\\\/\\\/etoxproject.eu\\\/hu\\\/termek\\\/synoshi-power-spin-scrubber\\\/#primaryimage\"},\"image\":{\"@id\":\"https:\\\/\\\/etoxproject.eu\\\/hu\\\/termek\\\/synoshi-power-spin-scrubber\\\/#primaryimage\"},\"thumbnailUrl\":\"https:\\\/\\\/etoxproject.eu\\\/wp-content\\\/uploads\\\/2024\\\/12\\\/synoshi.jpg\",\"datePublished\":\"2024-12-06T07:13:57+00:00\",\"breadcrumb\":{\"@id\":\"https:\\\/\\\/etoxproject.eu\\\/hu\\\/termek\\\/synoshi-power-spin-scrubber\\\/#breadcrumb\"},\"inLanguage\":\"hu\",\"potentialAction\":[{\"@type\":\"ReadAction\",\"target\":[\"https:\\\/\\\/etoxproject.eu\\\/hu\\\/termek\\\/synoshi-power-spin-scrubber\\\/\"]}]},{\"@type\":\"ImageObject\",\"inLanguage\":\"hu\",\"@id\":\"https:\\\/\\\/etoxproject.eu\\\/hu\\\/termek\\\/synoshi-power-spin-scrubber\\\/#primaryimage\",\"url\":\"https:\\\/\\\/etoxproject.eu\\\/wp-content\\\/uploads\\\/2024\\\/12\\\/synoshi.jpg\",\"contentUrl\":\"https:\\\/\\\/etoxproject.eu\\\/wp-content\\\/uploads\\\/2024\\\/12\\\/synoshi.jpg\",\"width\":750,\"height\":750},{\"@type\":\"BreadcrumbList\",\"@id\":\"https:\\\/\\\/etoxproject.eu\\\/hu\\\/termek\\\/synoshi-power-spin-scrubber\\\/#breadcrumb\",\"itemListElement\":[{\"@type\":\"ListItem\",\"position\":1,\"name\":\"Startseite\",\"item\":\"https:\\\/\\\/etoxproject.eu\\\/hu\\\/\"},{\"@type\":\"ListItem\",\"position\":2,\"name\":\"Shop\",\"item\":\"https:\\\/\\\/etoxproject.eu\\\/shop\\\/\"},{\"@type\":\"ListItem\",\"position\":3,\"name\":\"Synoshi Power Spin Scrubber\"}]},{\"@type\":\"WebSite\",\"@id\":\"https:\\\/\\\/etoxproject.eu\\\/hu\\\/#website\",\"url\":\"https:\\\/\\\/etoxproject.eu\\\/hu\\\/\",\"name\":\"etoxproject.eu\",\"description\":\"\",\"publisher\":{\"@id\":\"https:\\\/\\\/etoxproject.eu\\\/hu\\\/#organization\"},\"potentialAction\":[{\"@type\":\"SearchAction\",\"target\":{\"@type\":\"EntryPoint\",\"urlTemplate\":\"https:\\\/\\\/etoxproject.eu\\\/hu\\\/?s={search_term_string}\"},\"query-input\":{\"@type\":\"PropertyValueSpecification\",\"valueRequired\":true,\"valueName\":\"search_term_string\"}}],\"inLanguage\":\"hu\"},{\"@type\":\"Organization\",\"@id\":\"https:\\\/\\\/etoxproject.eu\\\/hu\\\/#organization\",\"name\":\"etoxproject.eu\",\"url\":\"https:\\\/\\\/etoxproject.eu\\\/hu\\\/\",\"logo\":{\"@type\":\"ImageObject\",\"inLanguage\":\"hu\",\"@id\":\"https:\\\/\\\/etoxproject.eu\\\/hu\\\/#\\\/schema\\\/logo\\\/image\\\/\",\"url\":\"https:\\\/\\\/etoxproject.eu\\\/wp-content\\\/uploads\\\/2024\\\/12\\\/etoxproject.png\",\"contentUrl\":\"https:\\\/\\\/etoxproject.eu\\\/wp-content\\\/uploads\\\/2024\\\/12\\\/etoxproject.png\",\"width\":315,\"height\":69,\"caption\":\"etoxproject.eu\"},\"image\":{\"@id\":\"https:\\\/\\\/etoxproject.eu\\\/hu\\\/#\\\/schema\\\/logo\\\/image\\\/\"}}]}<\/script>\n<!-- \/ Yoast SEO plugin. -->","yoast_head_json":{"title":"Synoshi Power Spin Scrubber \u2734\ufe0f Rendeljen 70% kedvezm\u00e9nnyel","robots":{"index":"index","follow":"follow","max-snippet":"max-snippet:-1","max-image-preview":"max-image-preview:large","max-video-preview":"max-video-preview:-1"},"canonical":"https:\/\/etoxproject.eu\/hu\/termek\/synoshi-power-spin-scrubber\/","og_locale":"hu_HU","og_type":"article","og_title":"Synoshi Power Spin Scrubber \u2734\ufe0f Rendeljen 70% kedvezm\u00e9nnyel","og_description":"A Synoshi Power Spin Scrubber egy innovat\u00edv tiszt\u00edt\u00f3berendez\u00e9s, amelyet kifejezetten a makacs szennyez\u0151d\u00e9sek k\u00f6nnyed megtiszt\u00edt\u00e1s\u00e1ra fejlesztettek ki otthon\u00e1ban. Ebben a r\u00e9szletes tesztbesz\u00e1mol\u00f3ban elemezz\u00fck teljes\u00edtm\u00e9ny\u00e9t, kezel\u00e9s\u00e9t \u00e9s \u00e1ltal\u00e1nos el\u0151nyeit. A Synoshi Power Spin Scrubber val\u00f3ban ide\u00e1lis v\u00e1laszt\u00e1s az \u00d6n takar\u00edt\u00e1si ig\u00e9nyeihez? A k\u00e9rd\u00e9s v\u00e9g\u00e9re j\u00e1runk. Synoshi Power Spin Scrubber tapasztalatok \u00e9s teszt A Synoshi Power Spin ... Read more","og_url":"https:\/\/etoxproject.eu\/hu\/termek\/synoshi-power-spin-scrubber\/","og_site_name":"etoxproject.eu","og_image":[{"width":750,"height":750,"url":"https:\/\/etoxproject.eu\/wp-content\/uploads\/2024\/12\/synoshi.jpg","type":"image\/jpeg"}],"twitter_card":"summary_large_image","twitter_misc":{"Becs\u00fclt olvas\u00e1si id\u0151":"4 perc"},"schema":{"@context":"https:\/\/schema.org","@graph":[{"@type":"WebPage","@id":"https:\/\/etoxproject.eu\/hu\/termek\/synoshi-power-spin-scrubber\/","url":"https:\/\/etoxproject.eu\/hu\/termek\/synoshi-power-spin-scrubber\/","name":"Synoshi Power Spin Scrubber \u2734\ufe0f Rendeljen 70% kedvezm\u00e9nnyel","isPartOf":{"@id":"https:\/\/etoxproject.eu\/hu\/#website"},"primaryImageOfPage":{"@id":"https:\/\/etoxproject.eu\/hu\/termek\/synoshi-power-spin-scrubber\/#primaryimage"},"image":{"@id":"https:\/\/etoxproject.eu\/hu\/termek\/synoshi-power-spin-scrubber\/#primaryimage"},"thumbnailUrl":"https:\/\/etoxproject.eu\/wp-content\/uploads\/2024\/12\/synoshi.jpg","datePublished":"2024-12-06T07:13:57+00:00","breadcrumb":{"@id":"https:\/\/etoxproject.eu\/hu\/termek\/synoshi-power-spin-scrubber\/#breadcrumb"},"inLanguage":"hu","potentialAction":[{"@type":"ReadAction","target":["https:\/\/etoxproject.eu\/hu\/termek\/synoshi-power-spin-scrubber\/"]}]},{"@type":"ImageObject","inLanguage":"hu","@id":"https:\/\/etoxproject.eu\/hu\/termek\/synoshi-power-spin-scrubber\/#primaryimage","url":"https:\/\/etoxproject.eu\/wp-content\/uploads\/2024\/12\/synoshi.jpg","contentUrl":"https:\/\/etoxproject.eu\/wp-content\/uploads\/2024\/12\/synoshi.jpg","width":750,"height":750},{"@type":"BreadcrumbList","@id":"https:\/\/etoxproject.eu\/hu\/termek\/synoshi-power-spin-scrubber\/#breadcrumb","itemListElement":[{"@type":"ListItem","position":1,"name":"Startseite","item":"https:\/\/etoxproject.eu\/hu\/"},{"@type":"ListItem","position":2,"name":"Shop","item":"https:\/\/etoxproject.eu\/shop\/"},{"@type":"ListItem","position":3,"name":"Synoshi Power Spin Scrubber"}]},{"@type":"WebSite","@id":"https:\/\/etoxproject.eu\/hu\/#website","url":"https:\/\/etoxproject.eu\/hu\/","name":"etoxproject.eu","description":"","publisher":{"@id":"https:\/\/etoxproject.eu\/hu\/#organization"},"potentialAction":[{"@type":"SearchAction","target":{"@type":"EntryPoint","urlTemplate":"https:\/\/etoxproject.eu\/hu\/?s={search_term_string}"},"query-input":{"@type":"PropertyValueSpecification","valueRequired":true,"valueName":"search_term_string"}}],"inLanguage":"hu"},{"@type":"Organization","@id":"https:\/\/etoxproject.eu\/hu\/#organization","name":"etoxproject.eu","url":"https:\/\/etoxproject.eu\/hu\/","logo":{"@type":"ImageObject","inLanguage":"hu","@id":"https:\/\/etoxproject.eu\/hu\/#\/schema\/logo\/image\/","url":"https:\/\/etoxproject.eu\/wp-content\/uploads\/2024\/12\/etoxproject.png","contentUrl":"https:\/\/etoxproject.eu\/wp-content\/uploads\/2024\/12\/etoxproject.png","width":315,"height":69,"caption":"etoxproject.eu"},"image":{"@id":"https:\/\/etoxproject.eu\/hu\/#\/schema\/logo\/image\/"}}]}},"_links":{"self":[{"href":"https:\/\/etoxproject.eu\/hu\/wp-json\/wp\/v2\/product\/1196","targetHints":{"allow":["GET"]}}],"collection":[{"href":"https:\/\/etoxproject.eu\/hu\/wp-json\/wp\/v2\/product"}],"about":[{"href":"https:\/\/etoxproject.eu\/hu\/wp-json\/wp\/v2\/types\/product"}],"replies":[{"embeddable":true,"href":"https:\/\/etoxproject.eu\/hu\/wp-json\/wp\/v2\/comments?post=1196"}],"wp:featuredmedia":[{"embeddable":true,"href":"https:\/\/etoxproject.eu\/hu\/wp-json\/wp\/v2\/media\/1187"}],"wp:attachment":[{"href":"https:\/\/etoxproject.eu\/hu\/wp-json\/wp\/v2\/media?parent=1196"}],"wp:term":[{"taxonomy":"product_brand","embeddable":true,"href":"https:\/\/etoxproject.eu\/hu\/wp-json\/wp\/v2\/product_brand?post=1196"},{"taxonomy":"product_cat","embeddable":true,"href":"https:\/\/etoxproject.eu\/hu\/wp-json\/wp\/v2\/product_cat?post=1196"},{"taxonomy":"product_tag","embeddable":true,"href":"https:\/\/etoxproject.eu\/hu\/wp-json\/wp\/v2\/product_tag?post=1196"}],"curies":[{"name":"wp","href":"https:\/\/api.w.org\/{rel}","templated":true}]}}