{"id":1319,"date":"2024-12-10T06:43:40","date_gmt":"2024-12-10T06:01:39","guid":{"rendered":"https:\/\/etoxproject.eu\/?post_type=product&#038;p=1319"},"modified":"2024-12-10T07:01:39","modified_gmt":"2024-12-10T06:01:39","slug":"eroboost-potencianoevelo","status":"publish","type":"product","link":"https:\/\/etoxproject.eu\/hu\/termek\/eroboost-potencianoevelo\/","title":{"rendered":"Eroboost potencian\u00f6vel\u0151"},"content":{"rendered":"<p>Az Eroboost kapszula n\u00e9pszer\u0171 v\u00e1laszt\u00e1s azok sz\u00e1m\u00e1ra, akik energi\u00e1jukat \u00e9s vitalit\u00e1sukat szeretn\u00e9k n\u00f6velni. <strong>Sok felhaszn\u00e1l\u00f3 sz\u00e1mol be pozit\u00edv tapasztalatokr\u00f3l a megn\u00f6vekedett \u00e1ll\u00f3k\u00e9pess\u00e9g \u00e9s a jobb teljes\u00edtm\u00e9ny tekintet\u00e9ben.<\/strong> Gyakran term\u00e9szetes kieg\u00e9sz\u00edt\u0151nek tekintik ezeket a kapszul\u00e1kat, amelyek sz\u00e1mos, t\u00e1mogat\u00f3 tulajdons\u00e1gaikr\u00f3l ismert \u00f6sszetev\u0151t tartalmaznak.<\/p>\n<h2>Eroboost kapszula tapasztalatok: Hat\u00e1s \u00e9s el\u0151ny\u00f6k a tesztben<\/h2>\n<p>Az Eroboost \u00f6sszet\u00e9tele olyan term\u00e9szetes kivonatokat tartalmaz, amelyeket hagyom\u00e1nyosan a j\u00f3l\u00e9t el\u0151seg\u00edt\u00e9s\u00e9re haszn\u00e1lnak. A felhaszn\u00e1l\u00f3k gyakran \u00e9rt\u00e9kelik a k\u00f6nny\u0171 haszn\u00e1latot \u00e9s azt a t\u00e9nyt, hogy beilleszthet\u0151k a napi rutinba. A fizikai t\u00e1mogat\u00e1s mellett a megn\u00f6vekedett \u00e1ltal\u00e1nos el\u00e9gedetts\u00e9gr\u0151l is besz\u00e1molnak.<\/p>\n<p>Az Eroboost kapszul\u00e1k potenci\u00e1lis felhaszn\u00e1l\u00f3inak term\u00e9szetesen ismerni\u00fck kell az \u00f6sszetev\u0151ket, \u00e9s egy\u00e9nileg kell eld\u00f6nteni\u00fck, hogy megfelel-e az ig\u00e9nyeiknek. Mindazon\u00e1ltal sz\u00e1mos besz\u00e1mol\u00f3 azt mutatja, hogy rendszeres haszn\u00e1lat mellett pozit\u00edv hat\u00e1sok \u00e9rhet\u0151k el.<\/p>\n<h2>Eroboost v\u00e9lem\u00e9nyek<\/h2>\n<p>Az Eroboost kapszul\u00e1k a f\u00e9rfi vitalit\u00e1s t\u00e1mogat\u00e1s\u00e1ra kifejlesztett \u00e9trend-kieg\u00e9sz\u00edt\u0151. Term\u00e9szetes \u00f6sszetev\u0151k kever\u00e9k\u00e9t tartalmazz\u00e1k, amelyek c\u00e9lja, hogy potenci\u00e1lisan pozit\u00edv hat\u00e1st gyakoroljanak a f\u00e9rfi teljes\u00edtm\u00e9nyre.<\/p>\n<h3>\u00f6sszet\u00e9tel \u00e9s \u00f6sszetev\u0151k<\/h3>\n<p>Az Eroboost kapszula \u00f6sszet\u00e9tele a term\u00e9szetes \u00f6sszetev\u0151kre \u00f6sszpontos\u00edt. A tipikus \u00f6sszetev\u0151k olyan n\u00f6v\u00e9nyek kivonatai, mint a maca, a ginzeng \u00e9s a tribulus terrestris. A <strong>Maca<\/strong> az \u00e1ll\u00f3k\u00e9pess\u00e9g n\u00f6vel\u00e9s\u00e9nek potenci\u00e1lis k\u00e9pess\u00e9g\u00e9r\u0151l ismert. A <strong>Ginseng<\/strong> gyakran haszn\u00e1lj\u00e1k stimul\u00e1l\u00f3 tulajdons\u00e1gai miatt, amelyek n\u00f6velhetik az energi\u00e1t. <strong>A <strong>Tribulus terrestris<\/strong> gyakran \u00fagy tartj\u00e1k, hogy t\u00e1mogatja a tesztoszterontermel\u00e9st.<\/strong><\/p>\n<p>Egy\u00e9b \u00f6sszetev\u0151k k\u00f6z\u00e9 tartozhatnak olyan aminosavak, mint az L-arginin, amelyek el\u0151seg\u00edthetik a v\u00e9r\u00e1raml\u00e1st. A vitaminok \u00e9s \u00e1sv\u00e1nyi anyagok kieg\u00e9sz\u00edtik a n\u00f6v\u00e9nyi anyagokat, hogy \u00e1tfog\u00f3 t\u00e1mogat\u00e1st ny\u00fajtsanak. Fontos, hogy a csomagol\u00e1son olvassa el a pontos \u00f6sszetev\u0151ket a lehets\u00e9ges allerg\u00e9nek azonos\u00edt\u00e1sa \u00e9rdek\u00e9ben.<\/p>\n<h3>Hat\u00e1sm\u00f3d \u00e9s \u00edg\u00e9retek<\/h3>\n<p>Az Eroboost kapszula c\u00e9lja, hogy n\u00f6velje a felhaszn\u00e1l\u00f3 vitalit\u00e1s\u00e1t \u00e9s teljes\u00edtm\u00e9ny\u00e9t. Az \u00f6sszetev\u0151k kombin\u00e1ci\u00f3ja az energia \u00e9s az \u00e1ll\u00f3k\u00e9pess\u00e9g javul\u00e1s\u00e1t \u00edg\u00e9ri. A felhaszn\u00e1l\u00f3k gyakran a libid\u00f3 t\u00e1mogat\u00e1s\u00e1ra \u00e9s a v\u00e9rkering\u00e9s javul\u00e1s\u00e1ra is sz\u00e1m\u00edtanak, ami viszont befoly\u00e1solhatja a fizikai teljes\u00edtm\u00e9nyt.<\/p>\n<p>A gy\u00e1rt\u00f3k hangs\u00falyozz\u00e1k, hogy a rendszeres haszn\u00e1lat vezet a legjobb eredm\u00e9nyekhez. <strong>Az eredm\u00e9nyek v\u00e1ltozhatnak<\/strong>, \u00e9s elengedhetetlen az aj\u00e1nlott adagol\u00e1s betart\u00e1sa. A felhaszn\u00e1l\u00f3knak t\u00e1mogatniuk kell az eg\u00e9szs\u00e9ges \u00e9letm\u00f3dot a legjobb hat\u00e1s el\u00e9r\u00e9se \u00e9rdek\u00e9ben. A szak\u00e9rt\u0151k azt tan\u00e1csolj\u00e1k, hogy bizonytalans\u00e1g eset\u00e9n forduljon orvoshoz.<\/p>\n<h2>Alkalmaz\u00e1s \u00e9s adagol\u00e1s<\/h2>\n<p>Az Eroboost kapszul\u00e1kat helyesen kell haszn\u00e1lni az optim\u00e1lis eredm\u00e9nyek el\u00e9r\u00e9se \u00e9rdek\u00e9ben. Az adagol\u00e1s sor\u00e1n az aj\u00e1nlott napi mennyis\u00e9get kell betartani a teljes hat\u00e1s el\u00e9r\u00e9se \u00e9rdek\u00e9ben.<\/p>\n<h3>Szed\u00e9si \u00fatmutat\u00f3<\/h3>\n<p>Ide\u00e1lis esetben az Eroboost kapszul\u00e1kat naponta egyszer kell bevenni. A felsz\u00edv\u00f3d\u00e1s megk\u00f6nny\u00edt\u00e9se \u00e9rdek\u00e9ben egy poh\u00e1r v\u00edzzel is bevehet\u0151k. A legjobb id\u0151pont a bev\u00e9telre \u00e9tkez\u00e9s el\u0151tt, hogy maximaliz\u00e1ljuk az \u00f6sszetev\u0151k biol\u00f3giai hozz\u00e1f\u00e9rhet\u0151s\u00e9g\u00e9t. Fontos, hogy a kapszul\u00e1kat ne r\u00e1gjuk sz\u00e9t, \u00e9s a megb\u00edzhat\u00f3 eredm\u00e9nyek el\u00e9r\u00e9se \u00e9rdek\u00e9ben rendszeresen, ide\u00e1lis esetben a nap ugyanazon id\u0151pontj\u00e1ban haszn\u00e1ljuk \u0151ket. Ez a rutin t\u00e1mogatja a hat\u00f3anyagok folyamatos szintj\u00e9t a szervezetben. Azok, akiknek neh\u00e9zs\u00e9get okoz a kapszul\u00e1k fogyaszt\u00e1sa, \u00e9tkez\u00e9s k\u00f6zben is bevehetik azokat.<\/p>\n<h3>Javasolt napi adag<\/h3>\n<p>Az Eroboost kapszula aj\u00e1nlott napi adagja napi egy kapszula. Ezt az adagot \u00fagy alak\u00edtott\u00e1k ki, hogy a mell\u00e9khat\u00e1sok vesz\u00e9lyeztet\u00e9se n\u00e9lk\u00fcl biztos\u00edtsa a benne l\u00e9v\u0151 hat\u00f3anyagok megfelel\u0151 mennyis\u00e9g\u00e9t. Er\u0151sen aj\u00e1nlott az adagot nem n\u00f6velni az eg\u00e9szs\u00e9g\u00fcgyi szakemberrel val\u00f3 konzult\u00e1ci\u00f3 n\u00e9lk\u00fcl. Meg kell jegyezni, hogy az egy\u00e9ni ig\u00e9nyeket \u00e9s az orvosi h\u00e1tteret figyelembe kell venni. Bizonytalans\u00e1g vagy intolerancia eset\u00e9n aj\u00e1nlott az orvossal val\u00f3 konzult\u00e1ci\u00f3. A napi adag t\u00fall\u00e9p\u00e9se nem felt\u00e9tlen\u00fcl vezet jobb eredm\u00e9nyekhez, \u00e9s nemk\u00edv\u00e1natos hat\u00e1sokat okozhat.<\/p>\n<h2>Eroboost kapszula besz\u00e1mol\u00f3k<\/h2>\n<p>Az Eroboost kapszul\u00e1kkal kapcsolatos tapasztalatok pozit\u00edv \u00e9s kritikus visszajelz\u00e9seket egyar\u00e1nt mutatnak. A felhaszn\u00e1l\u00f3k gyakran sz\u00e1molnak be k\u00fcl\u00f6nb\u00f6z\u0151 szempontokr\u00f3l, mint p\u00e9ld\u00e1ul a hat\u00e9konys\u00e1g, a mell\u00e9khat\u00e1sok \u00e9s a felhaszn\u00e1l\u00f3bar\u00e1ts\u00e1g.<\/p>\n<h3>Pozit\u00edv tapasztalatok<\/h3>\n<p>Sok felhaszn\u00e1l\u00f3 dics\u00e9ri az Eroboost kapszula <strong>hat\u00e1soss\u00e1g\u00e1t<\/strong>. Sz\u00e1mos jelent\u00e9s hangs\u00falyozza, hogy az energia \u00e9s az \u00e1ll\u00f3k\u00e9pess\u00e9g javul\u00e1sa \u00e9szrevehet\u0151. Egyes felhaszn\u00e1l\u00f3k hangs\u00falyozz\u00e1k, hogy a szed\u00e9s k\u00f6nnyen beilleszthet\u0151 a napi rutinjukba.<\/p>\n<p>Sokan pozit\u00edvan nyilatkoznak a <strong>toler\u00e1lhat\u00f3s\u00e1gr\u00f3l<\/strong>. N\u00e9h\u00e1ny felhaszn\u00e1l\u00f3 arr\u00f3l sz\u00e1mol be, hogy nem \u00e9szleltek jelent\u0151s mell\u00e9khat\u00e1sokat a term\u00e9k szed\u00e9se k\u00f6zben. A kapszul\u00e1k term\u00e9szetes \u00f6sszet\u00e9tel\u00e9t is \u00fajra \u00e9s \u00fajra \u00e9rt\u00e9kelik.<\/p>\n<p>Egy m\u00e1sik pozit\u00edvum a <strong>hat\u00e1s gyorsas\u00e1ga<\/strong>. Egyes jelent\u00e9sek szerint m\u00e1r n\u00e9h\u00e1ny nap ut\u00e1n \u00e9szrevehet\u0151 volt a v\u00e1ltoz\u00e1s. Ez hozz\u00e1j\u00e1rul a felhaszn\u00e1l\u00f3k nagyfok\u00fa el\u00e9gedetts\u00e9g\u00e9hez.<\/p>\n<h3>Kritikus visszajelz\u00e9sek<\/h3>\n<p>A sok pozit\u00edv hang ellen\u00e9re vannak <strong>kritikus visszajelz\u00e9sek<\/strong> is. Egyes felhaszn\u00e1l\u00f3k a hat\u00e9konys\u00e1g hi\u00e1ny\u00e1r\u00f3l sz\u00e1molnak be, \u00e9s nem \u00e9rz\u00e9kelnek jelent\u0151s v\u00e1ltoz\u00e1st. Ez k\u00e9rd\u00e9seket vet fel a hat\u00e9konys\u00e1gi eredm\u00e9nyek k\u00f6vetkezetess\u00e9g\u00e9vel kapcsolatban.<\/p>\n<p>Ami a <strong>mell\u00e9khat\u00e1sokat<\/strong> illeti, egyes felhaszn\u00e1l\u00f3k olyan panaszokat fejeznek ki, mint az enyhe fejf\u00e1j\u00e1s vagy gyomorpanaszok. Ez a visszajelz\u00e9s nem gyakori, de l\u00e9tezik, \u00e9s figyelembe kell venni.<\/p>\n<p>Az <strong>\u00e1r<\/strong> szint\u00e9n id\u0151nk\u00e9nt kritikak\u00e9nt eml\u00edtik. Egyes felhaszn\u00e1l\u00f3k \u00fagy \u00e9rzik, hogy az el\u00e9rt eredm\u00e9nyekhez k\u00e9pest t\u00fal magas a k\u00f6lts\u00e9g. Ez k\u00fcl\u00f6n\u00f6sen akkor j\u00e1tszhat szerepet, ha a k\u00edv\u00e1nt hat\u00e1sok nem jelentkeznek.<\/p>\n<h2>Tudom\u00e1nyos \u00e9rt\u00e9kel\u00e9s<\/h2>\n<p>Az <strong>Eroboost kapszula<\/strong> tudom\u00e1nyos \u00e9rt\u00e9kel\u00e9se a rendelkez\u00e9sre \u00e1ll\u00f3 tanulm\u00e1nyokra \u00e9s kutat\u00e1si eredm\u00e9nyekre \u00f6sszpontos\u00edt. Ezek hat\u00e1rozz\u00e1k meg az \u00f6sszetev\u0151k hat\u00e9konys\u00e1g\u00e1t \u00e9s biztons\u00e1goss\u00e1g\u00e1t, valamint az emberi szervezetre gyakorolt hat\u00e1sukat.<\/p>\n<h3>Tanulm\u00e1nyok \u00e9s kutat\u00e1si eredm\u00e9nyek<\/h3>\n<p>Az <strong>Eroboost kapszula<\/strong> \u00f6sszetev\u0151inek a f\u00e9rfiak eg\u00e9szs\u00e9g\u00e9re gyakorolt hat\u00e1s\u00e1t sz\u00e1mos tanulm\u00e1nyban vizsg\u00e1lt\u00e1k. Gyakran elemezt\u00e9k a kapszul\u00e1kban tal\u00e1lhat\u00f3 L-arginint, amely a v\u00e9r\u00e1raml\u00e1s jav\u00edt\u00e1sa r\u00e9v\u00e9n potenci\u00e1lisan hat\u00e1ssal lehet az eg\u00e9szs\u00e9gre.<\/p>\n<p>Egy m\u00e1sik elemzett \u00f6sszetev\u0151 a ginzeng, amelyet hagyom\u00e1nyosan az energia \u00e9s a vitalit\u00e1s jav\u00edt\u00e1s\u00e1ra haszn\u00e1lnak. Kutat\u00e1sok kimutatt\u00e1k, hogy a ginzengnek pozit\u00edv hat\u00e1sa lehet a f\u00e9rfi funkci\u00f3kra.<\/p>\n<p>Ezenk\u00edv\u00fcl a cink a kapszul\u00e1k egyik \u00f6sszetev\u0151je, amelyr\u0151l kimutatt\u00e1k, hogy seg\u00edt fenntartani a norm\u00e1l tesztoszteronszintet. Neves tanulm\u00e1nyok al\u00e1t\u00e1masztj\u00e1k ezt az \u00e1ll\u00edt\u00e1st, mivel a cinket a f\u00e9rfi reprodukt\u00edv eg\u00e9szs\u00e9ggel hozz\u00e1k \u00f6sszef\u00fcgg\u00e9sbe.<\/p>\n<p>Az eddigi tudom\u00e1nyos kutat\u00e1sok \u00e9rt\u00e9kes betekint\u00e9st ny\u00fajtanak, m\u00edg a kapszul\u00e1k teljes k\u00f6r\u0171 \u00e9rt\u00e9kel\u00e9s\u00e9hez tov\u00e1bbi kutat\u00e1sokra van sz\u00fcks\u00e9g.<\/p>\n<h2>V\u00e1s\u00e1rl\u00e1s \u00e9s el\u00e9rhet\u0151s\u00e9g<\/h2>\n<p>Az Eroboost kapszul\u00e1k sz\u00e1mos \u00e9rt\u00e9kes\u00edt\u00e9si ponton kaphat\u00f3k, \u00e9s az \u00e1rak nagym\u00e9rt\u00e9kben v\u00e1ltozhatnak. A fogyaszt\u00f3knak meg kell n\u00e9zni\u00fck, hogy hol tal\u00e1lj\u00e1k a legjobb aj\u00e1nlatokat, hogy a legjobb \u00e1r-\u00e9rt\u00e9k ar\u00e1nyt kapj\u00e1k.<\/p>\n<h3>K\u00edn\u00e1lati forr\u00e1sok<\/h3>\n<p>Az Eroboost kapszul\u00e1k megv\u00e1s\u00e1rolhat\u00f3k gy\u00f3gyszert\u00e1rakban, online \u00e1ruh\u00e1zakban \u00e9s n\u00e9ha drog\u00e9ria l\u00e1ncokban. Sok fogyaszt\u00f3 ink\u00e1bb az online v\u00e1s\u00e1rl\u00e1st r\u00e9szes\u00edti el\u0151nyben, mivel az k\u00e9nyelmesebb \u00e9s gyakran sz\u00e9lesebb v\u00e1laszt\u00e9kot k\u00edn\u00e1l. <strong>Az ilyen term\u00e9kek \u00e9rt\u00e9kes\u00edt\u00e9s\u00e9re szakosodott, megb\u00edzhat\u00f3 weboldalak<\/strong> gyakran k\u00edn\u00e1lnak prom\u00f3ci\u00f3s k\u00f3dokat vagy mennyis\u00e9gi kedvezm\u00e9nyeket. A gy\u00f3gyszert\u00e1rban t\u00f6rt\u00e9n\u0151 v\u00e1s\u00e1rl\u00e1s \u00e1ltal\u00e1ban dr\u00e1g\u00e1bb, de a <strong>szakszer\u0171 tan\u00e1csad\u00e1s el\u0151nyeit<\/strong> k\u00edn\u00e1lja.<\/p>\n<p>Egyes online kiskeresked\u0151k automatikus sz\u00e1ll\u00edt\u00e1si lehet\u0151s\u00e9get is k\u00edn\u00e1lnak, ami lehet\u0151v\u00e9 teszi, hogy a v\u00e1s\u00e1rl\u00f3k rendszeresen megkapj\u00e1k a term\u00e9ket an\u00e9lk\u00fcl, hogy minden egyes rendel\u00e9st k\u00e9zzel kellene leadniuk. V\u00e1s\u00e1rl\u00e1skor a fogyaszt\u00f3knak meg kell gy\u0151z\u0151dni\u00fck arr\u00f3l, hogy a forr\u00e1s <strong>hiteles<\/strong>, hogy elker\u00fclj\u00e9k a hamis\u00edtv\u00e1nyok vagy a rosszabb min\u0151s\u00e9g\u0171 term\u00e9kek \u00e1tv\u00e9tel\u00e9t.<\/p>\n<h3>\u00c1r\u00f6sszehasonl\u00edt\u00e1s<\/h3>\n<p>Az Eroboost kapszul\u00e1k \u00e1ra jelent\u0151sen elt\u00e9rhet att\u00f3l f\u00fcgg\u0151en, hogy hol v\u00e1s\u00e1rolj\u00e1k meg \u0151ket. Az <strong>online \u00fczletekben<\/strong> az \u00e1rak gyakran alacsonyabbak lehetnek, k\u00fcl\u00f6n\u00f6sen, ha mennyis\u00e9gi kedvezm\u00e9nyeket k\u00edn\u00e1lnak. V\u00e1s\u00e1rl\u00e1s el\u0151tt c\u00e9lszer\u0171 \u00f6sszehasonl\u00edtani az \u00e1rakat, hogy megtal\u00e1ljuk a legjobb aj\u00e1nlatot.<\/p>\n<p>Egy t\u00e1bl\u00e1zat, amely a k\u00fcl\u00f6nb\u00f6z\u0151 besz\u00e1ll\u00edt\u00f3k <strong>\u00e1tlag\u00e1r\u00e1t<\/strong> tartalmazza, megk\u00f6nny\u00edtheti az \u00e1ttekint\u00e9st:<\/p>\n<table>\n<thead>\n<tr>\n<th>Sz\u00e1ll\u00edt\u00f3k<\/th>\n<th>Packonk\u00e9nti \u00e1r (\u20ac-ban)<\/th>\n<th>Kedvezm\u00e9nyes aj\u00e1nlatok<\/th>\n<\/tr>\n<\/thead>\n<tbody>\n<tr>\n<td>A web\u00e1ruh\u00e1z A<\/td>\n<td>29.99<\/td>\n<td>10% az els\u0151 rendel\u00e9sn\u00e9l<\/td>\n<\/tr>\n<tr>\n<td>B online bolt<\/td>\n<td>27.50<\/td>\n<td>5+1 ingyenes el\u0151fizet\u00e9ssel<\/td>\n<\/tr>\n<tr>\n<td>Patika C<\/td>\n<td>35,00<\/td>\n<td>N\/A<\/td>\n<\/tr>\n<\/tbody>\n<\/table>\n<p>A fogyaszt\u00f3knak a sz\u00e1ll\u00edt\u00e1si k\u00f6lts\u00e9geket \u00e9s a sz\u00e1ll\u00edt\u00e1si felt\u00e9teleket is figyelembe kell venni\u00fck a legjobb \u00e1r meghat\u00e1roz\u00e1s\u00e1hoz. A gondos \u00e1r\u00f6sszehasonl\u00edt\u00e1s seg\u00edthet <strong>p\u00e9nzt megtakar\u00edtani<\/strong>, mik\u00f6zben biztos\u00edtja a term\u00e9k min\u0151s\u00e9g\u00e9t \u00e9s hat\u00e9konys\u00e1g\u00e1t.<\/p>\n","protected":false},"excerpt":{"rendered":"<p>Az Eroboost kapszula n\u00e9pszer\u0171 v\u00e1laszt\u00e1s azok sz\u00e1m\u00e1ra, akik energi\u00e1jukat \u00e9s vitalit\u00e1sukat szeretn\u00e9k n\u00f6velni. Sok felhaszn\u00e1l\u00f3 sz\u00e1mol be pozit\u00edv tapasztalatokr\u00f3l a megn\u00f6vekedett \u00e1ll\u00f3k\u00e9pess\u00e9g \u00e9s a jobb teljes\u00edtm\u00e9ny tekintet\u00e9ben. Gyakran term\u00e9szetes kieg\u00e9sz\u00edt\u0151nek tekintik ezeket a kapszul\u00e1kat, amelyek sz\u00e1mos, t\u00e1mogat\u00f3 tulajdons\u00e1gaikr\u00f3l ismert \u00f6sszetev\u0151t tartalmaznak. Eroboost kapszula tapasztalatok: Hat\u00e1s \u00e9s el\u0151ny\u00f6k a tesztben Az Eroboost \u00f6sszet\u00e9tele olyan term\u00e9szetes kivonatokat &#8230; <a title=\"Eroboost potencian\u00f6vel\u0151\" class=\"read-more\" href=\"https:\/\/etoxproject.eu\/hu\/termek\/eroboost-potencianoevelo\/\" aria-label=\"More on Eroboost potencian\u00f6vel\u0151\">Read more<\/a><\/p>\n","protected":false},"featured_media":1308,"comment_status":"open","ping_status":"closed","template":"","meta":[],"product_brand":[],"product_cat":[],"product_tag":[],"class_list":{"0":"post-1319","1":"product","2":"type-product","3":"status-publish","4":"has-post-thumbnail","7":"first","8":"instock","9":"sale","10":"shipping-taxable","11":"product-type-external"},"yoast_head":"<!-- This site is optimized with the Yoast SEO plugin v27.4 - https:\/\/yoast.com\/product\/yoast-seo-wordpress\/ -->\n<title>Eroboost v\u00e9lem\u00e9nyek \u2764\ufe0f 50% kedvezm\u00e9ny Magyarorsz\u00e1gon<\/title>\n<meta name=\"robots\" content=\"index, follow, max-snippet:-1, max-image-preview:large, max-video-preview:-1\" \/>\n<link rel=\"canonical\" href=\"https:\/\/etoxproject.eu\/hu\/termek\/eroboost-potencianoevelo\/\" \/>\n<meta property=\"og:locale\" content=\"hu_HU\" \/>\n<meta property=\"og:type\" content=\"article\" \/>\n<meta property=\"og:title\" content=\"Eroboost v\u00e9lem\u00e9nyek \u2764\ufe0f 50% kedvezm\u00e9ny Magyarorsz\u00e1gon\" \/>\n<meta property=\"og:description\" content=\"Az Eroboost kapszula n\u00e9pszer\u0171 v\u00e1laszt\u00e1s azok sz\u00e1m\u00e1ra, akik energi\u00e1jukat \u00e9s vitalit\u00e1sukat szeretn\u00e9k n\u00f6velni. Sok felhaszn\u00e1l\u00f3 sz\u00e1mol be pozit\u00edv tapasztalatokr\u00f3l a megn\u00f6vekedett \u00e1ll\u00f3k\u00e9pess\u00e9g \u00e9s a jobb teljes\u00edtm\u00e9ny tekintet\u00e9ben. Gyakran term\u00e9szetes kieg\u00e9sz\u00edt\u0151nek tekintik ezeket a kapszul\u00e1kat, amelyek sz\u00e1mos, t\u00e1mogat\u00f3 tulajdons\u00e1gaikr\u00f3l ismert \u00f6sszetev\u0151t tartalmaznak. Eroboost kapszula tapasztalatok: Hat\u00e1s \u00e9s el\u0151ny\u00f6k a tesztben Az Eroboost \u00f6sszet\u00e9tele olyan term\u00e9szetes kivonatokat ... Read more\" \/>\n<meta property=\"og:url\" content=\"https:\/\/etoxproject.eu\/hu\/termek\/eroboost-potencianoevelo\/\" \/>\n<meta property=\"og:site_name\" content=\"etoxproject.eu\" \/>\n<meta property=\"og:image\" content=\"https:\/\/etoxproject.eu\/wp-content\/uploads\/2024\/12\/eroboost.jpg\" \/>\n\t<meta property=\"og:image:width\" content=\"350\" \/>\n\t<meta property=\"og:image:height\" content=\"350\" \/>\n\t<meta property=\"og:image:type\" content=\"image\/jpeg\" \/>\n<meta name=\"twitter:card\" content=\"summary_large_image\" \/>\n<meta name=\"twitter:label1\" content=\"Becs\u00fclt olvas\u00e1si id\u0151\" \/>\n\t<meta name=\"twitter:data1\" content=\"7 perc\" \/>\n<script type=\"application\/ld+json\" class=\"yoast-schema-graph\">{\"@context\":\"https:\\\/\\\/schema.org\",\"@graph\":[{\"@type\":\"WebPage\",\"@id\":\"https:\\\/\\\/etoxproject.eu\\\/hu\\\/termek\\\/eroboost-potencianoevelo\\\/\",\"url\":\"https:\\\/\\\/etoxproject.eu\\\/hu\\\/termek\\\/eroboost-potencianoevelo\\\/\",\"name\":\"Eroboost v\u00e9lem\u00e9nyek \u2764\ufe0f 50% kedvezm\u00e9ny Magyarorsz\u00e1gon\",\"isPartOf\":{\"@id\":\"https:\\\/\\\/etoxproject.eu\\\/hu\\\/#website\"},\"primaryImageOfPage\":{\"@id\":\"https:\\\/\\\/etoxproject.eu\\\/hu\\\/termek\\\/eroboost-potencianoevelo\\\/#primaryimage\"},\"image\":{\"@id\":\"https:\\\/\\\/etoxproject.eu\\\/hu\\\/termek\\\/eroboost-potencianoevelo\\\/#primaryimage\"},\"thumbnailUrl\":\"https:\\\/\\\/etoxproject.eu\\\/wp-content\\\/uploads\\\/2024\\\/12\\\/eroboost.jpg\",\"datePublished\":\"2024-12-10T06:01:39+00:00\",\"breadcrumb\":{\"@id\":\"https:\\\/\\\/etoxproject.eu\\\/hu\\\/termek\\\/eroboost-potencianoevelo\\\/#breadcrumb\"},\"inLanguage\":\"hu\",\"potentialAction\":[{\"@type\":\"ReadAction\",\"target\":[\"https:\\\/\\\/etoxproject.eu\\\/hu\\\/termek\\\/eroboost-potencianoevelo\\\/\"]}]},{\"@type\":\"ImageObject\",\"inLanguage\":\"hu\",\"@id\":\"https:\\\/\\\/etoxproject.eu\\\/hu\\\/termek\\\/eroboost-potencianoevelo\\\/#primaryimage\",\"url\":\"https:\\\/\\\/etoxproject.eu\\\/wp-content\\\/uploads\\\/2024\\\/12\\\/eroboost.jpg\",\"contentUrl\":\"https:\\\/\\\/etoxproject.eu\\\/wp-content\\\/uploads\\\/2024\\\/12\\\/eroboost.jpg\",\"width\":350,\"height\":350,\"caption\":\"eroboost\"},{\"@type\":\"BreadcrumbList\",\"@id\":\"https:\\\/\\\/etoxproject.eu\\\/hu\\\/termek\\\/eroboost-potencianoevelo\\\/#breadcrumb\",\"itemListElement\":[{\"@type\":\"ListItem\",\"position\":1,\"name\":\"Startseite\",\"item\":\"https:\\\/\\\/etoxproject.eu\\\/hu\\\/\"},{\"@type\":\"ListItem\",\"position\":2,\"name\":\"Shop\",\"item\":\"https:\\\/\\\/etoxproject.eu\\\/shop\\\/\"},{\"@type\":\"ListItem\",\"position\":3,\"name\":\"Eroboost potencian\u00f6vel\u0151\"}]},{\"@type\":\"WebSite\",\"@id\":\"https:\\\/\\\/etoxproject.eu\\\/hu\\\/#website\",\"url\":\"https:\\\/\\\/etoxproject.eu\\\/hu\\\/\",\"name\":\"etoxproject.eu\",\"description\":\"\",\"publisher\":{\"@id\":\"https:\\\/\\\/etoxproject.eu\\\/hu\\\/#organization\"},\"potentialAction\":[{\"@type\":\"SearchAction\",\"target\":{\"@type\":\"EntryPoint\",\"urlTemplate\":\"https:\\\/\\\/etoxproject.eu\\\/hu\\\/?s={search_term_string}\"},\"query-input\":{\"@type\":\"PropertyValueSpecification\",\"valueRequired\":true,\"valueName\":\"search_term_string\"}}],\"inLanguage\":\"hu\"},{\"@type\":\"Organization\",\"@id\":\"https:\\\/\\\/etoxproject.eu\\\/hu\\\/#organization\",\"name\":\"etoxproject.eu\",\"url\":\"https:\\\/\\\/etoxproject.eu\\\/hu\\\/\",\"logo\":{\"@type\":\"ImageObject\",\"inLanguage\":\"hu\",\"@id\":\"https:\\\/\\\/etoxproject.eu\\\/hu\\\/#\\\/schema\\\/logo\\\/image\\\/\",\"url\":\"https:\\\/\\\/etoxproject.eu\\\/wp-content\\\/uploads\\\/2024\\\/12\\\/etoxproject.png\",\"contentUrl\":\"https:\\\/\\\/etoxproject.eu\\\/wp-content\\\/uploads\\\/2024\\\/12\\\/etoxproject.png\",\"width\":315,\"height\":69,\"caption\":\"etoxproject.eu\"},\"image\":{\"@id\":\"https:\\\/\\\/etoxproject.eu\\\/hu\\\/#\\\/schema\\\/logo\\\/image\\\/\"}}]}<\/script>\n<!-- \/ Yoast SEO plugin. -->","yoast_head_json":{"title":"Eroboost v\u00e9lem\u00e9nyek \u2764\ufe0f 50% kedvezm\u00e9ny Magyarorsz\u00e1gon","robots":{"index":"index","follow":"follow","max-snippet":"max-snippet:-1","max-image-preview":"max-image-preview:large","max-video-preview":"max-video-preview:-1"},"canonical":"https:\/\/etoxproject.eu\/hu\/termek\/eroboost-potencianoevelo\/","og_locale":"hu_HU","og_type":"article","og_title":"Eroboost v\u00e9lem\u00e9nyek \u2764\ufe0f 50% kedvezm\u00e9ny Magyarorsz\u00e1gon","og_description":"Az Eroboost kapszula n\u00e9pszer\u0171 v\u00e1laszt\u00e1s azok sz\u00e1m\u00e1ra, akik energi\u00e1jukat \u00e9s vitalit\u00e1sukat szeretn\u00e9k n\u00f6velni. Sok felhaszn\u00e1l\u00f3 sz\u00e1mol be pozit\u00edv tapasztalatokr\u00f3l a megn\u00f6vekedett \u00e1ll\u00f3k\u00e9pess\u00e9g \u00e9s a jobb teljes\u00edtm\u00e9ny tekintet\u00e9ben. Gyakran term\u00e9szetes kieg\u00e9sz\u00edt\u0151nek tekintik ezeket a kapszul\u00e1kat, amelyek sz\u00e1mos, t\u00e1mogat\u00f3 tulajdons\u00e1gaikr\u00f3l ismert \u00f6sszetev\u0151t tartalmaznak. Eroboost kapszula tapasztalatok: Hat\u00e1s \u00e9s el\u0151ny\u00f6k a tesztben Az Eroboost \u00f6sszet\u00e9tele olyan term\u00e9szetes kivonatokat ... Read more","og_url":"https:\/\/etoxproject.eu\/hu\/termek\/eroboost-potencianoevelo\/","og_site_name":"etoxproject.eu","og_image":[{"width":350,"height":350,"url":"https:\/\/etoxproject.eu\/wp-content\/uploads\/2024\/12\/eroboost.jpg","type":"image\/jpeg"}],"twitter_card":"summary_large_image","twitter_misc":{"Becs\u00fclt olvas\u00e1si id\u0151":"7 perc"},"schema":{"@context":"https:\/\/schema.org","@graph":[{"@type":"WebPage","@id":"https:\/\/etoxproject.eu\/hu\/termek\/eroboost-potencianoevelo\/","url":"https:\/\/etoxproject.eu\/hu\/termek\/eroboost-potencianoevelo\/","name":"Eroboost v\u00e9lem\u00e9nyek \u2764\ufe0f 50% kedvezm\u00e9ny Magyarorsz\u00e1gon","isPartOf":{"@id":"https:\/\/etoxproject.eu\/hu\/#website"},"primaryImageOfPage":{"@id":"https:\/\/etoxproject.eu\/hu\/termek\/eroboost-potencianoevelo\/#primaryimage"},"image":{"@id":"https:\/\/etoxproject.eu\/hu\/termek\/eroboost-potencianoevelo\/#primaryimage"},"thumbnailUrl":"https:\/\/etoxproject.eu\/wp-content\/uploads\/2024\/12\/eroboost.jpg","datePublished":"2024-12-10T06:01:39+00:00","breadcrumb":{"@id":"https:\/\/etoxproject.eu\/hu\/termek\/eroboost-potencianoevelo\/#breadcrumb"},"inLanguage":"hu","potentialAction":[{"@type":"ReadAction","target":["https:\/\/etoxproject.eu\/hu\/termek\/eroboost-potencianoevelo\/"]}]},{"@type":"ImageObject","inLanguage":"hu","@id":"https:\/\/etoxproject.eu\/hu\/termek\/eroboost-potencianoevelo\/#primaryimage","url":"https:\/\/etoxproject.eu\/wp-content\/uploads\/2024\/12\/eroboost.jpg","contentUrl":"https:\/\/etoxproject.eu\/wp-content\/uploads\/2024\/12\/eroboost.jpg","width":350,"height":350,"caption":"eroboost"},{"@type":"BreadcrumbList","@id":"https:\/\/etoxproject.eu\/hu\/termek\/eroboost-potencianoevelo\/#breadcrumb","itemListElement":[{"@type":"ListItem","position":1,"name":"Startseite","item":"https:\/\/etoxproject.eu\/hu\/"},{"@type":"ListItem","position":2,"name":"Shop","item":"https:\/\/etoxproject.eu\/shop\/"},{"@type":"ListItem","position":3,"name":"Eroboost potencian\u00f6vel\u0151"}]},{"@type":"WebSite","@id":"https:\/\/etoxproject.eu\/hu\/#website","url":"https:\/\/etoxproject.eu\/hu\/","name":"etoxproject.eu","description":"","publisher":{"@id":"https:\/\/etoxproject.eu\/hu\/#organization"},"potentialAction":[{"@type":"SearchAction","target":{"@type":"EntryPoint","urlTemplate":"https:\/\/etoxproject.eu\/hu\/?s={search_term_string}"},"query-input":{"@type":"PropertyValueSpecification","valueRequired":true,"valueName":"search_term_string"}}],"inLanguage":"hu"},{"@type":"Organization","@id":"https:\/\/etoxproject.eu\/hu\/#organization","name":"etoxproject.eu","url":"https:\/\/etoxproject.eu\/hu\/","logo":{"@type":"ImageObject","inLanguage":"hu","@id":"https:\/\/etoxproject.eu\/hu\/#\/schema\/logo\/image\/","url":"https:\/\/etoxproject.eu\/wp-content\/uploads\/2024\/12\/etoxproject.png","contentUrl":"https:\/\/etoxproject.eu\/wp-content\/uploads\/2024\/12\/etoxproject.png","width":315,"height":69,"caption":"etoxproject.eu"},"image":{"@id":"https:\/\/etoxproject.eu\/hu\/#\/schema\/logo\/image\/"}}]}},"_links":{"self":[{"href":"https:\/\/etoxproject.eu\/hu\/wp-json\/wp\/v2\/product\/1319","targetHints":{"allow":["GET"]}}],"collection":[{"href":"https:\/\/etoxproject.eu\/hu\/wp-json\/wp\/v2\/product"}],"about":[{"href":"https:\/\/etoxproject.eu\/hu\/wp-json\/wp\/v2\/types\/product"}],"replies":[{"embeddable":true,"href":"https:\/\/etoxproject.eu\/hu\/wp-json\/wp\/v2\/comments?post=1319"}],"wp:featuredmedia":[{"embeddable":true,"href":"https:\/\/etoxproject.eu\/hu\/wp-json\/wp\/v2\/media\/1308"}],"wp:attachment":[{"href":"https:\/\/etoxproject.eu\/hu\/wp-json\/wp\/v2\/media?parent=1319"}],"wp:term":[{"taxonomy":"product_brand","embeddable":true,"href":"https:\/\/etoxproject.eu\/hu\/wp-json\/wp\/v2\/product_brand?post=1319"},{"taxonomy":"product_cat","embeddable":true,"href":"https:\/\/etoxproject.eu\/hu\/wp-json\/wp\/v2\/product_cat?post=1319"},{"taxonomy":"product_tag","embeddable":true,"href":"https:\/\/etoxproject.eu\/hu\/wp-json\/wp\/v2\/product_tag?post=1319"}],"curies":[{"name":"wp","href":"https:\/\/api.w.org\/{rel}","templated":true}]}}