{"id":2282,"date":"2025-01-05T14:12:03","date_gmt":"2025-02-01T09:43:05","guid":{"rendered":"https:\/\/etoxproject.eu\/?post_type=product&#038;p=2282"},"modified":"2025-02-01T10:43:06","modified_gmt":"2025-02-01T09:43:06","slug":"hypnozio-app","status":"publish","type":"product","link":"https:\/\/etoxproject.eu\/hu\/termek\/hypnozio-app\/","title":{"rendered":"Hypnozio App"},"content":{"rendered":"<p>A technol\u00f3gia \u00e9s a ment\u00e1lis eg\u00e9szs\u00e9g keresztez\u0151d\u00e9se lehet\u0151s\u00e9get teremtett a stresszkezel\u00e9s, az alv\u00e1sjav\u00edt\u00e1s \u00e9s a tudatoss\u00e1g innovat\u00edv megk\u00f6zel\u00edt\u00e9s\u00e9re. Az ilyen eszk\u00f6z\u00f6k k\u00f6z\u00fcl a Hypnozio olyan alkalmaz\u00e1sk\u00e9nt jelent meg, amelyet a hipn\u00f3zis, a medit\u00e1ci\u00f3 \u00e9s a mindfulness gyakorlatok megk\u00f6nny\u00edt\u00e9s\u00e9re terveztek. Ez a fel\u00fclvizsg\u00e1lat kritikusan \u00e9rt\u00e9keli a Hypnozio-t tudom\u00e1nyos szempontb\u00f3l, megvizsg\u00e1lva annak jellemz\u0151it, funkcionalit\u00e1s\u00e1t, elm\u00e9leti alapjait \u00e9s empirikus al\u00e1t\u00e1maszt\u00e1s\u00e1t.<\/p>\n<ul>\n<li><span style=\"color: #339966; \u201e&gt;&lt;strong&gt;hypn\u00f3zis alkalmaz\u00e1s a &lt;span style=\u201dtext-decoration: underline;\">fogy\u00e1s\u00e9rt<\/span><\/li>\n<li><span style=\"color: #339966; \u201e&gt;&lt;strong&gt;hypn\u00f3zis alkalmaz\u00e1s &lt;span style=\u201dtext-decoration: underline;\">alv\u00e1shoz<\/span><\/li>\n<li><span style=\"color: #339966; \u201e&gt;&lt;strong&gt;hipn\u00f3zis alkalmaz\u00e1s a &lt;span style=\u201dtext-decoration: underline;\">bizalom\u00e9rt<\/span><\/li>\n<li><a href=\"\u201ehttps:\/\/get-hypnozio.com\/checkout-one-pager\/?l=en&amp;vndr=evf&amp;evf=1&amp;uid=6161&amp;offid=55&amp;affiliate_id=792&amp;source_id=etox-en\u201d\" target=\"\u201e_blank\u201d\" rel=\"\u201enofollow\">Kattints ide, hogy t\u00f6bbet megtudj<\/a><\/li>\n<\/ul>\n<h2>Hypnozio fel\u00fclvizsg\u00e1lata<\/h2>\n<p>A Hypnozio azt \u00e1ll\u00edtja, hogy a hipn\u00f3zis \u00e9s a mindfulness elveit kihaszn\u00e1lva fokozza a ment\u00e1lis j\u00f3l\u00e9tet. Az alkalmaz\u00e1s olyan funkci\u00f3kat tartalmaz, mint p\u00e9ld\u00e1ul:<\/p>\n<ul>\n<li><strong>Vezetett hipn\u00f3zis \u00fcl\u00e9sek<\/strong>: Stresszcs\u00f6kkent\u00e9sre, \u00f6nbizalom\u00e9p\u00edt\u00e9sre \u00e9s szok\u00e1sok kialak\u00edt\u00e1s\u00e1ra szabva.<\/li>\n<li><strong>Medit\u00e1ci\u00f3s s\u00e1vok<\/strong>: A tudatoss\u00e1gra \u00e9s a relax\u00e1ci\u00f3ra \u00f6sszpontos\u00edtva.<\/li>\n<li><strong>Alv\u00e1st\u00e1mogat\u00e1s<\/strong>: Binaur\u00e1lis \u00fctemek \u00e9s t\u00f6rt\u00e9netmes\u00e9l\u00e9s az alv\u00e1smin\u0151s\u00e9g jav\u00edt\u00e1s\u00e1ra tervezve.<\/li>\n<li><strong>Szem\u00e9lyre szab\u00e1s<\/strong>: AI-vez\u00e9relt munkamenet-aj\u00e1nl\u00e1sok a felhaszn\u00e1l\u00f3i preferenci\u00e1k \u00e9s visszajelz\u00e9sek alapj\u00e1n.<\/li>\n<\/ul>\n<h2>Tudom\u00e1nyos alapoz\u00e1s (Hypnozio App Reviews UK)<\/h2>\n<h4>Hypn\u00f3zis \u00e9s mechanizmusai<\/h4>\n<p>A hipn\u00f3zis a koncentr\u00e1lt figyelem \u00e9s a fokozott szuggesztibilit\u00e1s \u00e1llapota, amelyet gyakran haszn\u00e1lnak ter\u00e1pi\u00e1san olyan \u00e1llapotok kezel\u00e9s\u00e9re, mint a kr\u00f3nikus f\u00e1jdalom, a szorong\u00e1s \u00e9s az \u00e1lmatlans\u00e1g. Olyan mechanizmusokon kereszt\u00fcl m\u0171k\u00f6dik, mint p\u00e9ld\u00e1ul:<\/p>\n<ul>\n<li><strong>Relax\u00e1ci\u00f3s v\u00e1lasz<\/strong>: A hipn\u00f3zis aktiv\u00e1lja a paraszimpatikus idegrendszert, cs\u00f6kkentve a stresszel kapcsolatos fiziol\u00f3giai arousal-t.<\/li>\n<li><strong>Neuroplaszticit\u00e1s<\/strong>: Tanulm\u00e1nyok szerint a hipn\u00f3zis fokozhatja a k\u00edv\u00e1nt viselked\u00e9sekhez vagy ment\u00e1lis \u00e1llapotokhoz kapcsol\u00f3d\u00f3 neur\u00e1lis p\u00e1ly\u00e1kat.<\/li>\n<li><strong>Kognit\u00edv \u00e1tform\u00e1l\u00e1s<\/strong>: A hipnotikus szuggeszti\u00f3k seg\u00edtenek a negat\u00edv gondolatok \u00e1tform\u00e1l\u00e1s\u00e1ban \u00e9s a megk\u00fczd\u00e9si mechanizmusok jav\u00edt\u00e1s\u00e1ban.<\/li>\n<\/ul>\n<h4>Mindfulness \u00e9s medit\u00e1ci\u00f3<\/h4>\n<p>A mindfulness az \u0151si szeml\u00e9l\u0151d\u0151 hagyom\u00e1nyokban gy\u00f6kerezik, \u00e9s a jelen pillanatra val\u00f3 \u00edt\u00e9lkez\u00e9s n\u00e9lk\u00fcli odafigyel\u00e9st jelenti. Kimutatt\u00e1k, hogy:<\/p>\n<ul>\n<li>cs\u00f6kkenti a szorong\u00e1s \u00e9s a depresszi\u00f3 t\u00fcneteit (Khoury et al., 2015).<\/li>\n<li>jav\u00edtja a f\u00f3kuszt \u00e9s a kognit\u00edv rugalmass\u00e1got.<\/li>\n<li>El\u0151s\u00edti az \u00e9rzelmi szab\u00e1lyoz\u00e1st a prefront\u00e1lis k\u00e9reg aktiv\u00e1l\u00e1s\u00e1n kereszt\u00fcl.<\/li>\n<\/ul>\n<p>A Hypnozio integr\u00e1lja ezeket az elveket, \u00e9s c\u00e9lja, hogy a felhaszn\u00e1l\u00f3k sz\u00e1m\u00e1ra struktur\u00e1lt, ir\u00e1ny\u00edtott \u00e9lm\u00e9nyeket ny\u00fajtson, amelyek hozz\u00e1f\u00e9rhet\u0151ek \u00e9s bizony\u00edt\u00e9kokon alapulnak.<\/p>\n<h2>Hypnozio alkalmaz\u00e1s a fogy\u00e1shoz, alv\u00e1shoz, depresszi\u00f3hoz \u00e9s m\u00e9g sok m\u00e1shoz<\/h2>\n<h4>Hypn\u00f3zis alkalmaz\u00e1s fogy\u00e1shoz<\/h4>\n<p>A Hypnozio sz\u00e1mos ir\u00e1ny\u00edtott hipn\u00f3zissal kapcsolatos foglalkoz\u00e1st k\u00edn\u00e1l, amelyek olyan t\u00e9m\u00e1k szerint vannak kategoriz\u00e1lva, mint a stresszold\u00e1s, az \u00f6nbizalom \u00e9s a doh\u00e1nyz\u00e1sr\u00f3l val\u00f3 leszok\u00e1s. Ezek a foglalkoz\u00e1sok:<\/p>\n<ul>\n<li>Nyugtat\u00f3 hangal\u00e1mond\u00e1sokat haszn\u00e1lnak hipnotikus nyelvi mint\u00e1kon (pl. Milton-modell) alapul\u00f3 szkriptekkel.<\/li>\n<li>H\u00e1tt\u00e9rhangokat haszn\u00e1lnak az elm\u00e9ly\u00fcl\u00e9s \u00e9s a relax\u00e1ci\u00f3 el\u0151seg\u00edt\u00e9s\u00e9re.<\/li>\n<li>A progressz\u00edv relax\u00e1ci\u00f3s technik\u00e1kat tartalmaznak a transz-szer\u0171 \u00e1llapot el\u0151id\u00e9z\u00e9s\u00e9hez.<\/li>\n<\/ul>\n<h4>Medit\u00e1ci\u00f3s \u00e9s tudatoss\u00e1gi zenesz\u00e1mok<\/h4>\n<p>A medit\u00e1ci\u00f3s r\u00e9sz v\u00e1ltozatos s\u00e1vokat k\u00edn\u00e1l, t\u00f6bbek k\u00f6z\u00f6tt testszkennel\u00e9seket, l\u00e9gz\u0151gyakorlatokat \u00e9s tudatos vizualiz\u00e1ci\u00f3kat. A foglalkoz\u00e1sok tartalmazz\u00e1k:<\/p>\n<ul>\n<li><strong>Adapt\u00edv neh\u00e9zs\u00e9g<\/strong>: A p\u00e1ly\u00e1k hossza \u00e9s \u00f6sszetetts\u00e9ge v\u00e1ltoz\u00f3, \u00edgy a kezd\u0151k \u00e9s a tapasztalt medit\u00e1l\u00f3k sz\u00e1m\u00e1ra egyar\u00e1nt megfelelnek.<\/li>\n<li><strong>Binaural Beats<\/strong>: Speci\u00e1lis frekvenci\u00e1k vannak be\u00e1gyazva a m\u00e9ly relax\u00e1ci\u00f3hoz kapcsol\u00f3d\u00f3 th\u00e9ta agyhull\u00e1m-aktivit\u00e1s el\u0151seg\u00edt\u00e9s\u00e9re.<\/li>\n<\/ul>\n<h4>Alv\u00e1st\u00e1mogat\u00f3 funkci\u00f3k<\/h4>\n<p>A Hypnozio alv\u00e1st\u00e1mogat\u00e1sa lefekv\u00e9s el\u0151tti t\u00f6rt\u00e9neteket, feh\u00e9r zajt \u00e9s binaur\u00e1lis \u00fctemeket tartalmaz, amelyek c\u00e9lja:<\/p>\n<ul>\n<li>Ler\u00f6vid\u00edti az alv\u00e1skezd\u00e9si latenci\u00e1t.<\/li>\n<li>Az alv\u00e1smin\u0151s\u00e9g jav\u00edt\u00e1sa az elalv\u00e1s el\u0151tti relax\u00e1ci\u00f3s \u00e1llapot el\u0151seg\u00edt\u00e9s\u00e9vel.<\/li>\n<li>Kezelje a gyakori alv\u00e1szavarokat, mint p\u00e9ld\u00e1ul az \u00e1lmatlans\u00e1g.<\/li>\n<\/ul>\n<h4>AI-vez\u00e9relt szem\u00e9lyre szab\u00e1s<\/h4>\n<p>Kiemelked\u0151 funkci\u00f3ja az alkalmaz\u00e1s AI rendszere, amely elemzi a felhaszn\u00e1l\u00f3i viselked\u00e9st \u00e9s visszajelz\u00e9seket, hogy:<\/p>\n<ul>\n<li>A felhaszn\u00e1l\u00f3i c\u00e9lokhoz (pl. a szorong\u00e1s cs\u00f6kkent\u00e9se) igazod\u00f3 foglalkoz\u00e1sokat javasol.<\/li>\n<li>A munkamenet tartalm\u00e1nak id\u0151vel t\u00f6rt\u00e9n\u0151 adapt\u00e1l\u00e1sa a folyamatos elk\u00f6telez\u0151d\u00e9s \u00e9rdek\u00e9ben.<\/li>\n<\/ul>\n<h2>Empirikus bizony\u00edt\u00e9kok<\/h2>\n<h4>Tanulm\u00e1nyok a hipn\u00f3zisr\u00f3l<\/h4>\n<ol>\n<li><strong>Stressz \u00e9s szorong\u00e1s<\/strong>: Hammond (2010) metaanal\u00edzise kimutatta, hogy a hipn\u00f3zis hat\u00e9konyan cs\u00f6kkenti a szorong\u00e1st \u00e9s a stresszel kapcsolatos \u00e1llapotokat.<\/li>\n<li><strong>Alv\u00e1smin\u0151s\u00e9g<\/strong>: A hipnoter\u00e1pia bizony\u00edtottan jav\u00edtja az alv\u00e1s param\u00e9tereit \u00e1lmatlans\u00e1gban szenved\u0151 egy\u00e9nekn\u00e9l (Cordi et al., 2014).<\/li>\n<\/ol>\n<h4>A medit\u00e1ci\u00f3ra vonatkoz\u00f3 bizony\u00edt\u00e9kok<\/h4>\n<p>A mindfulness-alap\u00fa beavatkoz\u00e1soknak szil\u00e1rd empirikus al\u00e1t\u00e1maszt\u00e1sa van:<\/p>\n<ul>\n<li><strong>Lelki eg\u00e9szs\u00e9g<\/strong>: A szisztematikus \u00e1ttekint\u00e9sek a szorong\u00e1s \u00e9s a depresszi\u00f3 jelent\u0151s cs\u00f6kken\u00e9s\u00e9t jelzik (Goyal et al., 2014).<\/li>\n<li><strong>Kognit\u00edv el\u0151ny\u00f6k<\/strong>: A hossz\u00fa t\u00e1v\u00fa medit\u00e1ci\u00f3 jav\u00edtja a figyelmet \u00e9s a munkamem\u00f3ri\u00e1t (Zeidan et al., 2010).<\/li>\n<\/ul>\n<h4>A Hypnozio alkalmaz\u00e1sa<\/h4>\n<p>B\u00e1r a Hypnozio-t nem vizsg\u00e1lt\u00e1k kifejezetten szak\u00e9rt\u0151i tanulm\u00e1nyok, a bizony\u00edt\u00e9kokon alapul\u00f3 technik\u00e1kra val\u00f3 t\u00e1maszkod\u00e1s szil\u00e1rd elm\u00e9leti alapokra utal. A hat\u00e9konys\u00e1g\u00e1nak valid\u00e1l\u00e1s\u00e1hoz azonban szigor\u00fabb, alkalmaz\u00e1sspecifikus kutat\u00e1sokra van sz\u00fcks\u00e9g.<\/p>\n<h2>Potenci\u00e1lis korl\u00e1tok<\/h2>\n<h4>A hipn\u00f3zis \u00e1ltal\u00e1nos\u00edt\u00e1sa<\/h4>\n<p>A hipn\u00f3zis er\u0151sen egy\u00e9nre szabott. Egyes felhaszn\u00e1l\u00f3k nem biztos, hogy er\u0151sen szuggeszt\u00edvek, ami korl\u00e1tozhatja az alkalmaz\u00e1s hat\u00e9konys\u00e1g\u00e1t. A hipnotiz\u00e1lhat\u00f3s\u00e1g sz\u0171r\u00e9se jav\u00edthatja a szem\u00e9lyre szabott eredm\u00e9nyeket.<\/p>\n<h4>T\u00fals\u00e1gosan a technol\u00f3gi\u00e1ra hagyatkoz\u00e1s<\/h4>\n<p>B\u00e1r a Hypnozio k\u00e9nyelmet k\u00edn\u00e1l, fenn\u00e1ll a vesz\u00e9lye, hogy el\u0151seg\u00edti a ment\u00e1lis eg\u00e9szs\u00e9ggel kapcsolatos digit\u00e1lis eszk\u00f6z\u00f6kre val\u00f3 t\u00falzott hagyatkoz\u00e1st. S\u00falyos \u00e1llapotok eset\u00e9n sz\u00fcks\u00e9g lehet kieg\u00e9sz\u00edt\u0151 szem\u00e9lyes ter\u00e1pi\u00e1ra.<\/p>\n<h4>A longitudin\u00e1lis adatok hi\u00e1nya<\/h4>\n<p>Az alkalmaz\u00e1s ment\u00e1lis eg\u00e9szs\u00e9gi \u00e1llapotra gyakorolt hossz\u00fa t\u00e1v\u00fa hat\u00e1s\u00e1t nem vizsg\u00e1lt\u00e1k. A tart\u00f3s hat\u00e9konys\u00e1g meghat\u00e1roz\u00e1s\u00e1hoz elengedhetetlenek a longitudin\u00e1lis vizsg\u00e1latok.<\/p>\n<h2>\u00d6sszehasonl\u00edt\u00e1sok a versenyt\u00e1rsakkal<\/h2>\n<p>A Hypnozio olyan alkalmaz\u00e1sokkal versenyez, mint a Calm, a Headspace \u00e9s az Sleep Cycle. Az egyedi \u00e9rt\u00e9kes\u00edt\u00e9si pontok k\u00f6z\u00e9 tartoznak:<\/p>\n<ul>\n<li><strong>Hypnosis Focus<\/strong>: A versenyt\u00e1rsakt\u00f3l elt\u00e9r\u0151en a Hypnozio a hipn\u00f3zist helyezi el\u0151t\u00e9rbe a mindfulness mellett.<\/li>\n<li><strong>AI szem\u00e9lyre szab\u00e1s<\/strong>: A Hypnozio AI-vez\u00e9relt aj\u00e1nl\u00e1sai szem\u00e9lyre szabott felhaszn\u00e1l\u00f3i \u00e9lm\u00e9nyt ny\u00fajtanak.<\/li>\n<li>Happyo<\/li>\n<\/ul>\n<p>A versenyt\u00e1rsak azonban gyakran nagyobb felhaszn\u00e1l\u00f3i b\u00e1zissal \u00e9s megalapozottabb kutat\u00e1si partners\u00e9gekkel rendelkeznek.<\/p>\n<h3>Felhaszn\u00e1l\u00f3i visszajelz\u00e9sek<\/h3>\n<p>A felhaszn\u00e1l\u00f3i v\u00e9lem\u00e9nyek olyan er\u0151ss\u00e9geket emelnek ki, mint p\u00e9ld\u00e1ul:<\/p>\n<ul>\n<li>Az alv\u00e1smin\u0151s\u00e9g javul\u00e1sa a haszn\u00e1lat het\u00e9ben.<\/li>\n<li>cs\u00f6kkent szorong\u00e1sszint rendszeres kezel\u00e9s ut\u00e1n.<\/li>\n<li>Intuit\u00edv kezel\u0151fel\u00fclet \u00e9s tetszet\u0151s design.<\/li>\n<\/ul>\n<p>A kritik\u00e1k k\u00f6z\u00e9 tartoznak az id\u0151nk\u00e9nti technikai hib\u00e1k \u00e9s a korl\u00e1tozott ingyenes tartalom. A felhaszn\u00e1l\u00f3k olyan funkci\u00f3kat is k\u00e9rnek, mint az offline let\u00f6lt\u00e9s \u00e9s a m\u00e9lyebb testreszab\u00e1si lehet\u0151s\u00e9gek.<\/p>\n<h2>Etikai megfontol\u00e1sok<\/h2>\n<h4>Adatv\u00e9delem<\/h4>\n<p>A Hypnozio \u00e9rz\u00e9keny adatokat gy\u0171jt a felhaszn\u00e1l\u00f3i \u00e9lm\u00e9ny optimaliz\u00e1l\u00e1sa \u00e9rdek\u00e9ben. Az \u00e1tl\u00e1that\u00f3 adatkezel\u00e9si ir\u00e1nyelvek \u00e9s a robusztus titkos\u00edt\u00e1s elengedhetetlen a felhaszn\u00e1l\u00f3i bizalom fenntart\u00e1s\u00e1hoz.<\/p>\n<h4>Az el\u00e9rhet\u0151s\u00e9g<\/h4>\n<p>A megfizethet\u0151s\u00e9g \u00e9s a nyelvi inkluzivit\u00e1s biztos\u00edt\u00e1sa kisz\u00e9les\u00edti az alkalmaz\u00e1s el\u00e9rhet\u0151s\u00e9g\u00e9t. Jelenleg a pr\u00e9mium funkci\u00f3k egyes felhaszn\u00e1l\u00f3k sz\u00e1m\u00e1ra megfizethetetlenek lehetnek.<\/p>\n<h4>bizony\u00edt\u00e9kalap\u00fa \u00e1ll\u00edt\u00e1sok<\/h4>\n<p>A felhaszn\u00e1l\u00f3k f\u00e9lrevezet\u00e9s\u00e9nek elker\u00fcl\u00e9se \u00e9rdek\u00e9ben a marketing \u00e1ll\u00edt\u00e1soknak \u00f6sszhangban kell lenni\u00fck a tudom\u00e1nyos bizony\u00edt\u00e9kokkal. A Hypnozio prom\u00f3ci\u00f3s anyagai hangs\u00falyozz\u00e1k az empirikus al\u00e1t\u00e1maszt\u00e1st, de az egy\u00e9ni v\u00e1ltoz\u00e9konys\u00e1gra vonatkoz\u00f3 egy\u00e9rtelm\u0171bb kijelent\u00e9sek c\u00e9lszer\u0171ek.<\/p>\n<h2>Javaslatok a jav\u00edt\u00e1sra<\/h2>\n<ol>\n<li><strong>B\u0151v\u00edtett kutat\u00e1si partners\u00e9gek<\/strong>: Egy\u00fcttm\u0171k\u00f6d\u00e9s tudom\u00e1nyos int\u00e9zm\u00e9nyekkel a szigor\u00fa \u00e9rt\u00e9kel\u00e9sek \u00e9rdek\u00e9ben.<\/li>\n<li><strong>B\u0151vebb tartalomk\u00f6nyvt\u00e1r<\/strong>: B\u0151v\u00edtse a k\u00fcl\u00f6nb\u00f6z\u0151 kultur\u00e1lis \u00e9s nyelvi c\u00e9lk\u00f6z\u00f6ns\u00e9gek sz\u00e1m\u00e1ra k\u00e9sz\u00fclt p\u00e1ly\u00e1kat.<\/li>\n<li><strong>B\u0151v\u00edtett testreszabhat\u00f3s\u00e1g<\/strong>: Lehet\u0151v\u00e9 teszi a felhaszn\u00e1l\u00f3k sz\u00e1m\u00e1ra a munkamenet hossz\u00e1nak, a hangnak \u00e9s a h\u00e1tt\u00e9rhangoknak a testreszab\u00e1s\u00e1t.<\/li>\n<li><strong>Offline hozz\u00e1f\u00e9r\u00e9s<\/strong>: Lehet\u0151v\u00e9 teszi a let\u00f6lt\u00e9seket a megszak\u00edt\u00e1s n\u00e9lk\u00fcli haszn\u00e1lathoz a gyenge kapcsolat\u00fa ter\u00fcleteken.<\/li>\n<\/ol>\n<h3>K\u00f6vetkeztet\u00e9s<\/h3>\n<p>A Hypnozio a technol\u00f3gia \u00e1ltal vez\u00e9relt ment\u00e1lis eg\u00e9szs\u00e9g\u00fcgyi eszk\u00f6z\u00f6k \u00e9lvonal\u00e1ban \u00e1ll, a hipn\u00f3zis, a medit\u00e1ci\u00f3 \u00e9s a mesters\u00e9ges intelligencia szem\u00e9lyre szab\u00e1s\u00e1nak innovat\u00edv kever\u00e9k\u00e9t k\u00edn\u00e1lva. B\u00e1r funkci\u00f3i szil\u00e1rd tudom\u00e1nyos alapokon nyugszanak, az alkalmaz\u00e1snak tov\u00e1bbi empirikus valid\u00e1l\u00e1s \u00e9s jobb hozz\u00e1f\u00e9rhet\u0151s\u00e9g lenne a jav\u00e1ra. A felhaszn\u00e1l\u00f3k sz\u00e1m\u00e1ra, akik a stresszold\u00e1s \u00e9s az alv\u00e1sjav\u00edt\u00e1s k\u00e9nyelmes, bizony\u00edt\u00e9kokon alapul\u00f3 megk\u00f6zel\u00edt\u00e9s\u00e9t keresik, a Hypnozio jelent\u0151s \u00edg\u00e9retet hordoz mag\u00e1ban.<\/p>\n","protected":false},"excerpt":{"rendered":"<p>A technol\u00f3gia \u00e9s a ment\u00e1lis eg\u00e9szs\u00e9g keresztez\u0151d\u00e9se lehet\u0151s\u00e9get teremtett a stresszkezel\u00e9s, az alv\u00e1sjav\u00edt\u00e1s \u00e9s a tudatoss\u00e1g innovat\u00edv megk\u00f6zel\u00edt\u00e9s\u00e9re. Az ilyen eszk\u00f6z\u00f6k k\u00f6z\u00fcl a Hypnozio olyan alkalmaz\u00e1sk\u00e9nt jelent meg, amelyet a hipn\u00f3zis, a medit\u00e1ci\u00f3 \u00e9s a mindfulness gyakorlatok megk\u00f6nny\u00edt\u00e9s\u00e9re terveztek. Ez a fel\u00fclvizsg\u00e1lat kritikusan \u00e9rt\u00e9keli a Hypnozio-t tudom\u00e1nyos szempontb\u00f3l, megvizsg\u00e1lva annak jellemz\u0151it, funkcionalit\u00e1s\u00e1t, elm\u00e9leti alapjait \u00e9s &#8230; <a title=\"Hypnozio App\" class=\"read-more\" href=\"https:\/\/etoxproject.eu\/hu\/termek\/hypnozio-app\/\" aria-label=\"More on Hypnozio App\">Read more<\/a><\/p>\n","protected":false},"featured_media":1935,"comment_status":"open","ping_status":"closed","template":"","meta":[],"product_brand":[],"product_cat":[],"product_tag":[],"class_list":{"0":"post-2282","1":"product","2":"type-product","3":"status-publish","4":"has-post-thumbnail","7":"first","8":"instock","9":"shipping-taxable","10":"product-type-external"},"yoast_head":"<!-- This site is optimized with the Yoast SEO plugin v27.4 - https:\/\/yoast.com\/product\/yoast-seo-wordpress\/ -->\n<title>Hypnozio App \ud83c\udff7\ufe0f 75% kedvezm\u00e9ny a magyarorsz\u00e1gi \u00e1rb\u00f3l<\/title>\n<meta name=\"robots\" content=\"index, follow, max-snippet:-1, max-image-preview:large, max-video-preview:-1\" \/>\n<link rel=\"canonical\" href=\"https:\/\/etoxproject.eu\/hu\/termek\/hypnozio-app\/\" \/>\n<meta property=\"og:locale\" content=\"hu_HU\" \/>\n<meta property=\"og:type\" content=\"article\" \/>\n<meta property=\"og:title\" content=\"Hypnozio App \ud83c\udff7\ufe0f 75% kedvezm\u00e9ny a magyarorsz\u00e1gi \u00e1rb\u00f3l\" \/>\n<meta property=\"og:description\" content=\"A technol\u00f3gia \u00e9s a ment\u00e1lis eg\u00e9szs\u00e9g keresztez\u0151d\u00e9se lehet\u0151s\u00e9get teremtett a stresszkezel\u00e9s, az alv\u00e1sjav\u00edt\u00e1s \u00e9s a tudatoss\u00e1g innovat\u00edv megk\u00f6zel\u00edt\u00e9s\u00e9re. Az ilyen eszk\u00f6z\u00f6k k\u00f6z\u00fcl a Hypnozio olyan alkalmaz\u00e1sk\u00e9nt jelent meg, amelyet a hipn\u00f3zis, a medit\u00e1ci\u00f3 \u00e9s a mindfulness gyakorlatok megk\u00f6nny\u00edt\u00e9s\u00e9re terveztek. Ez a fel\u00fclvizsg\u00e1lat kritikusan \u00e9rt\u00e9keli a Hypnozio-t tudom\u00e1nyos szempontb\u00f3l, megvizsg\u00e1lva annak jellemz\u0151it, funkcionalit\u00e1s\u00e1t, elm\u00e9leti alapjait \u00e9s ... Read more\" \/>\n<meta property=\"og:url\" content=\"https:\/\/etoxproject.eu\/hu\/termek\/hypnozio-app\/\" \/>\n<meta property=\"og:site_name\" content=\"etoxproject.eu\" \/>\n<meta property=\"article:modified_time\" content=\"2025-02-01T09:43:06+00:00\" \/>\n<meta property=\"og:image\" content=\"https:\/\/etoxproject.eu\/wp-content\/uploads\/2025\/01\/hypnozio-app.jpg\" \/>\n\t<meta property=\"og:image:width\" content=\"800\" \/>\n\t<meta property=\"og:image:height\" content=\"694\" \/>\n\t<meta property=\"og:image:type\" content=\"image\/jpeg\" \/>\n<meta name=\"twitter:card\" content=\"summary_large_image\" \/>\n<meta name=\"twitter:label1\" content=\"Becs\u00fclt olvas\u00e1si id\u0151\" \/>\n\t<meta name=\"twitter:data1\" content=\"6 perc\" \/>\n<script type=\"application\/ld+json\" class=\"yoast-schema-graph\">{\"@context\":\"https:\\\/\\\/schema.org\",\"@graph\":[{\"@type\":\"WebPage\",\"@id\":\"https:\\\/\\\/etoxproject.eu\\\/hu\\\/termek\\\/hypnozio-app\\\/\",\"url\":\"https:\\\/\\\/etoxproject.eu\\\/hu\\\/termek\\\/hypnozio-app\\\/\",\"name\":\"Hypnozio App \ud83c\udff7\ufe0f 75% kedvezm\u00e9ny a magyarorsz\u00e1gi \u00e1rb\u00f3l\",\"isPartOf\":{\"@id\":\"https:\\\/\\\/etoxproject.eu\\\/hu\\\/#website\"},\"primaryImageOfPage\":{\"@id\":\"https:\\\/\\\/etoxproject.eu\\\/hu\\\/termek\\\/hypnozio-app\\\/#primaryimage\"},\"image\":{\"@id\":\"https:\\\/\\\/etoxproject.eu\\\/hu\\\/termek\\\/hypnozio-app\\\/#primaryimage\"},\"thumbnailUrl\":\"https:\\\/\\\/etoxproject.eu\\\/wp-content\\\/uploads\\\/2025\\\/01\\\/hypnozio-app.jpg\",\"datePublished\":\"2025-02-01T09:43:05+00:00\",\"dateModified\":\"2025-02-01T09:43:06+00:00\",\"breadcrumb\":{\"@id\":\"https:\\\/\\\/etoxproject.eu\\\/hu\\\/termek\\\/hypnozio-app\\\/#breadcrumb\"},\"inLanguage\":\"hu\",\"potentialAction\":[{\"@type\":\"ReadAction\",\"target\":[\"https:\\\/\\\/etoxproject.eu\\\/hu\\\/termek\\\/hypnozio-app\\\/\"]}]},{\"@type\":\"ImageObject\",\"inLanguage\":\"hu\",\"@id\":\"https:\\\/\\\/etoxproject.eu\\\/hu\\\/termek\\\/hypnozio-app\\\/#primaryimage\",\"url\":\"https:\\\/\\\/etoxproject.eu\\\/wp-content\\\/uploads\\\/2025\\\/01\\\/hypnozio-app.jpg\",\"contentUrl\":\"https:\\\/\\\/etoxproject.eu\\\/wp-content\\\/uploads\\\/2025\\\/01\\\/hypnozio-app.jpg\",\"width\":800,\"height\":694,\"caption\":\"hypnozio app\"},{\"@type\":\"BreadcrumbList\",\"@id\":\"https:\\\/\\\/etoxproject.eu\\\/hu\\\/termek\\\/hypnozio-app\\\/#breadcrumb\",\"itemListElement\":[{\"@type\":\"ListItem\",\"position\":1,\"name\":\"Startseite\",\"item\":\"https:\\\/\\\/etoxproject.eu\\\/hu\\\/\"},{\"@type\":\"ListItem\",\"position\":2,\"name\":\"Shop\",\"item\":\"https:\\\/\\\/etoxproject.eu\\\/shop\\\/\"},{\"@type\":\"ListItem\",\"position\":3,\"name\":\"Hypnozio App\"}]},{\"@type\":\"WebSite\",\"@id\":\"https:\\\/\\\/etoxproject.eu\\\/hu\\\/#website\",\"url\":\"https:\\\/\\\/etoxproject.eu\\\/hu\\\/\",\"name\":\"etoxproject.eu\",\"description\":\"\",\"publisher\":{\"@id\":\"https:\\\/\\\/etoxproject.eu\\\/hu\\\/#organization\"},\"potentialAction\":[{\"@type\":\"SearchAction\",\"target\":{\"@type\":\"EntryPoint\",\"urlTemplate\":\"https:\\\/\\\/etoxproject.eu\\\/hu\\\/?s={search_term_string}\"},\"query-input\":{\"@type\":\"PropertyValueSpecification\",\"valueRequired\":true,\"valueName\":\"search_term_string\"}}],\"inLanguage\":\"hu\"},{\"@type\":\"Organization\",\"@id\":\"https:\\\/\\\/etoxproject.eu\\\/hu\\\/#organization\",\"name\":\"etoxproject.eu\",\"url\":\"https:\\\/\\\/etoxproject.eu\\\/hu\\\/\",\"logo\":{\"@type\":\"ImageObject\",\"inLanguage\":\"hu\",\"@id\":\"https:\\\/\\\/etoxproject.eu\\\/hu\\\/#\\\/schema\\\/logo\\\/image\\\/\",\"url\":\"https:\\\/\\\/etoxproject.eu\\\/wp-content\\\/uploads\\\/2024\\\/12\\\/etoxproject.png\",\"contentUrl\":\"https:\\\/\\\/etoxproject.eu\\\/wp-content\\\/uploads\\\/2024\\\/12\\\/etoxproject.png\",\"width\":315,\"height\":69,\"caption\":\"etoxproject.eu\"},\"image\":{\"@id\":\"https:\\\/\\\/etoxproject.eu\\\/hu\\\/#\\\/schema\\\/logo\\\/image\\\/\"}}]}<\/script>\n<!-- \/ Yoast SEO plugin. -->","yoast_head_json":{"title":"Hypnozio App \ud83c\udff7\ufe0f 75% kedvezm\u00e9ny a magyarorsz\u00e1gi \u00e1rb\u00f3l","robots":{"index":"index","follow":"follow","max-snippet":"max-snippet:-1","max-image-preview":"max-image-preview:large","max-video-preview":"max-video-preview:-1"},"canonical":"https:\/\/etoxproject.eu\/hu\/termek\/hypnozio-app\/","og_locale":"hu_HU","og_type":"article","og_title":"Hypnozio App \ud83c\udff7\ufe0f 75% kedvezm\u00e9ny a magyarorsz\u00e1gi \u00e1rb\u00f3l","og_description":"A technol\u00f3gia \u00e9s a ment\u00e1lis eg\u00e9szs\u00e9g keresztez\u0151d\u00e9se lehet\u0151s\u00e9get teremtett a stresszkezel\u00e9s, az alv\u00e1sjav\u00edt\u00e1s \u00e9s a tudatoss\u00e1g innovat\u00edv megk\u00f6zel\u00edt\u00e9s\u00e9re. Az ilyen eszk\u00f6z\u00f6k k\u00f6z\u00fcl a Hypnozio olyan alkalmaz\u00e1sk\u00e9nt jelent meg, amelyet a hipn\u00f3zis, a medit\u00e1ci\u00f3 \u00e9s a mindfulness gyakorlatok megk\u00f6nny\u00edt\u00e9s\u00e9re terveztek. Ez a fel\u00fclvizsg\u00e1lat kritikusan \u00e9rt\u00e9keli a Hypnozio-t tudom\u00e1nyos szempontb\u00f3l, megvizsg\u00e1lva annak jellemz\u0151it, funkcionalit\u00e1s\u00e1t, elm\u00e9leti alapjait \u00e9s ... Read more","og_url":"https:\/\/etoxproject.eu\/hu\/termek\/hypnozio-app\/","og_site_name":"etoxproject.eu","article_modified_time":"2025-02-01T09:43:06+00:00","og_image":[{"width":800,"height":694,"url":"https:\/\/etoxproject.eu\/wp-content\/uploads\/2025\/01\/hypnozio-app.jpg","type":"image\/jpeg"}],"twitter_card":"summary_large_image","twitter_misc":{"Becs\u00fclt olvas\u00e1si id\u0151":"6 perc"},"schema":{"@context":"https:\/\/schema.org","@graph":[{"@type":"WebPage","@id":"https:\/\/etoxproject.eu\/hu\/termek\/hypnozio-app\/","url":"https:\/\/etoxproject.eu\/hu\/termek\/hypnozio-app\/","name":"Hypnozio App \ud83c\udff7\ufe0f 75% kedvezm\u00e9ny a magyarorsz\u00e1gi \u00e1rb\u00f3l","isPartOf":{"@id":"https:\/\/etoxproject.eu\/hu\/#website"},"primaryImageOfPage":{"@id":"https:\/\/etoxproject.eu\/hu\/termek\/hypnozio-app\/#primaryimage"},"image":{"@id":"https:\/\/etoxproject.eu\/hu\/termek\/hypnozio-app\/#primaryimage"},"thumbnailUrl":"https:\/\/etoxproject.eu\/wp-content\/uploads\/2025\/01\/hypnozio-app.jpg","datePublished":"2025-02-01T09:43:05+00:00","dateModified":"2025-02-01T09:43:06+00:00","breadcrumb":{"@id":"https:\/\/etoxproject.eu\/hu\/termek\/hypnozio-app\/#breadcrumb"},"inLanguage":"hu","potentialAction":[{"@type":"ReadAction","target":["https:\/\/etoxproject.eu\/hu\/termek\/hypnozio-app\/"]}]},{"@type":"ImageObject","inLanguage":"hu","@id":"https:\/\/etoxproject.eu\/hu\/termek\/hypnozio-app\/#primaryimage","url":"https:\/\/etoxproject.eu\/wp-content\/uploads\/2025\/01\/hypnozio-app.jpg","contentUrl":"https:\/\/etoxproject.eu\/wp-content\/uploads\/2025\/01\/hypnozio-app.jpg","width":800,"height":694,"caption":"hypnozio app"},{"@type":"BreadcrumbList","@id":"https:\/\/etoxproject.eu\/hu\/termek\/hypnozio-app\/#breadcrumb","itemListElement":[{"@type":"ListItem","position":1,"name":"Startseite","item":"https:\/\/etoxproject.eu\/hu\/"},{"@type":"ListItem","position":2,"name":"Shop","item":"https:\/\/etoxproject.eu\/shop\/"},{"@type":"ListItem","position":3,"name":"Hypnozio App"}]},{"@type":"WebSite","@id":"https:\/\/etoxproject.eu\/hu\/#website","url":"https:\/\/etoxproject.eu\/hu\/","name":"etoxproject.eu","description":"","publisher":{"@id":"https:\/\/etoxproject.eu\/hu\/#organization"},"potentialAction":[{"@type":"SearchAction","target":{"@type":"EntryPoint","urlTemplate":"https:\/\/etoxproject.eu\/hu\/?s={search_term_string}"},"query-input":{"@type":"PropertyValueSpecification","valueRequired":true,"valueName":"search_term_string"}}],"inLanguage":"hu"},{"@type":"Organization","@id":"https:\/\/etoxproject.eu\/hu\/#organization","name":"etoxproject.eu","url":"https:\/\/etoxproject.eu\/hu\/","logo":{"@type":"ImageObject","inLanguage":"hu","@id":"https:\/\/etoxproject.eu\/hu\/#\/schema\/logo\/image\/","url":"https:\/\/etoxproject.eu\/wp-content\/uploads\/2024\/12\/etoxproject.png","contentUrl":"https:\/\/etoxproject.eu\/wp-content\/uploads\/2024\/12\/etoxproject.png","width":315,"height":69,"caption":"etoxproject.eu"},"image":{"@id":"https:\/\/etoxproject.eu\/hu\/#\/schema\/logo\/image\/"}}]}},"_links":{"self":[{"href":"https:\/\/etoxproject.eu\/hu\/wp-json\/wp\/v2\/product\/2282","targetHints":{"allow":["GET"]}}],"collection":[{"href":"https:\/\/etoxproject.eu\/hu\/wp-json\/wp\/v2\/product"}],"about":[{"href":"https:\/\/etoxproject.eu\/hu\/wp-json\/wp\/v2\/types\/product"}],"replies":[{"embeddable":true,"href":"https:\/\/etoxproject.eu\/hu\/wp-json\/wp\/v2\/comments?post=2282"}],"wp:featuredmedia":[{"embeddable":true,"href":"https:\/\/etoxproject.eu\/hu\/wp-json\/wp\/v2\/media\/1935"}],"wp:attachment":[{"href":"https:\/\/etoxproject.eu\/hu\/wp-json\/wp\/v2\/media?parent=2282"}],"wp:term":[{"taxonomy":"product_brand","embeddable":true,"href":"https:\/\/etoxproject.eu\/hu\/wp-json\/wp\/v2\/product_brand?post=2282"},{"taxonomy":"product_cat","embeddable":true,"href":"https:\/\/etoxproject.eu\/hu\/wp-json\/wp\/v2\/product_cat?post=2282"},{"taxonomy":"product_tag","embeddable":true,"href":"https:\/\/etoxproject.eu\/hu\/wp-json\/wp\/v2\/product_tag?post=2282"}],"curies":[{"name":"wp","href":"https:\/\/api.w.org\/{rel}","templated":true}]}}