{"id":1197,"date":"2024-12-06T06:37:18","date_gmt":"2024-12-06T07:19:01","guid":{"rendered":"https:\/\/etoxproject.eu\/?post_type=product&#038;p=1197"},"modified":"2024-12-06T08:19:01","modified_gmt":"2024-12-06T07:19:01","slug":"synoshi-power-spin-scrubber","status":"publish","type":"product","link":"https:\/\/etoxproject.eu\/it\/prodotto\/synoshi-power-spin-scrubber\/","title":{"rendered":"Synoshi Power Spin Scrubber"},"content":{"rendered":"<p>La Power Spin Scrubber di Synoshi \u00e8 un innovativo apparecchio per la pulizia sviluppato appositamente per eliminare senza fatica lo sporco ostinato in casa. In questo dettagliato rapporto di prova ne analizziamo le prestazioni, la maneggevolezza e i vantaggi generali. Synoshi Power Spin Scrubber \u00e8 davvero la scelta ideale per le vostre esigenze di pulizia? Andiamo a fondo della questione.<\/p>\n<h2>Esperienza e test della lavasciuga pavimenti Synoshi Power Spin<\/h2>\n<p>La lavasciuga pavimenti Synoshi Power Spin colpisce per il suo design moderno ed ergonomico, funzionale ed esteticamente gradevole. La lavorazione \u00e8 di alta qualit\u00e0 e i materiali utilizzati sono robusti e durevoli. Particolarmente positiva \u00e8 l&#8217;impugnatura antiscivolo, che garantisce una manipolazione sicura anche durante l&#8217;uso intensivo.<\/p>\n<h3>Potenza ed efficienza<\/h3>\n<p>Grazie al potente motore elettrico e ai vari accessori per le spazzole, Synoshi \u00e8 ideale per la pulizia di un&#8217;ampia gamma di superfici. Che si tratti di depositi di calcare nella doccia, di macchie di grasso in cucina o di sporco sulle piastrelle, le testine rotanti garantiscono risultati impressionanti. La durata della batteria, fino a 90 minuti, \u00e8 sufficiente per diverse sessioni di pulizia.<\/p>\n<h3>Facile da usare<\/h3>\n<p>L&#8217;utilizzo di Synoshi Power Spin Scrubber \u00e8 estremamente semplice. Basta premere un pulsante per avviare l&#8217;apparecchio e le spazzole intercambiabili possono essere sostituite in modo rapido e semplice. Il design senza fili \u00e8 particolarmente pratico e consente una completa libert\u00e0 di movimento durante la pulizia.<\/p>\n<h3>Acquista Synoshi Power Spin Scrubber al prezzo pi\u00f9 economico<\/h3>\n<p>\u00c8 possibile ottenere il miglior prezzo nel negozio online ufficiale (vedi link in cima a questa pagina).<\/p>\n<h2>Synoshi Recensioni &amp; Opinioni: Vantaggi in sintesi<\/h2>\n<table border=\"\u201c1\u201d\">\n<thead>\n<tr>\n<th>\ud83d\udfe2 Vantaggio<\/th>\n<th>\ud83d\udccb Spiegazione dettagliata<\/th>\n<\/tr>\n<\/thead>\n<tbody>\n<tr>\n<td>Design ergonomico \ud83e\udde4<\/td>\n<td>Il Synoshi \u00e8 comodo da tenere in mano grazie all&#8217;impugnatura antiscivolo e al corpo leggero. Anche con un uso prolungato, non si notano segni di affaticamento nelle mani.&lt;\/td<\/td>\n<\/tr>\n<tr>\n<td>Motore potente \ud83d\udcaa<\/td>\n<td>Il potente motore fa ruotare le spazzole ad alta velocit\u00e0, rimuovendo efficacemente anche lo sporco pi\u00f9 ostinato come il calcare e le macchie di grasso.<\/td>\n<\/tr>\n<tr>\n<td>Accessori per spazzole versatili \ud83c\udf00<\/td>\n<td>Con diverse testine, tra cui una spazzola piatta per le grandi superfici e una spazzola stretta per gli angoli e le giunture, l&#8217;apparecchio \u00e8 attrezzato in modo ideale per ogni compito di pulizia.<\/td>\n<\/tr>\n<tr>\n<td>Design senza fili \ud83d\udd0b<\/td>\n<td>Grazie alla batteria ricaricabile integrata, non \u00e8 necessario armeggiare con i cavi. Ci\u00f2 consente una libert\u00e0 di movimento illimitata durante la pulizia, anche negli angoli pi\u00f9 difficili da raggiungere.&lt;\/td<\/td>\n<\/tr>\n<tr>\n<td>Costruzione impermeabile \ud83c\udf0a<\/td>\n<td>Il dispositivo \u00e8 resistente agli spruzzi d&#8217;acqua, quindi pu\u00f2 essere utilizzato senza esitazione in ambienti umidi come bagni o cucine.<\/td>\n<\/tr>\n<tr>\n<td>Facile pulizia delle spazzole \ud83e\uddfd<\/td>\n<td>Dopo l&#8217;uso, le spazzole possono essere semplicemente sciacquate sotto l&#8217;acqua corrente. In questo modo si risparmia tempo e si garantisce una pulizia igienica.&lt;\/td<\/td>\n<\/tr>\n<tr>\n<td>Lunga durata della batteria \ud83d\udd0b<\/td>\n<td>Con un&#8217;autonomia fino a 90 minuti, il Synoshi pu\u00f2 essere utilizzato per diversi cicli di pulizia prima di essere ricaricato.<\/td>\n<\/tr>\n<tr>\n<td>Cambio rapido delle spazzole \ud83d\udd04<\/td>\n<td>Le testine possono essere cambiate in pochi secondi con un semplice sistema a scatto, il che significa che il flusso di lavoro non viene interrotto.<\/td>\n<\/tr>\n<tr>\n<td>Facile da trasportare \ud83d\udeb6\u200d\u2642\ufe0f<\/td>\n<td>Grazie al suo design compatto e al peso ridotto, il Synoshi pu\u00f2 essere facilmente trasportato in stanze diverse o anche per l&#8217;uso all&#8217;aperto.<\/td>\n<\/tr>\n<tr>\n<td>Delicato sulle superfici \ud83c\udfa8<\/td>\n<td>Le spazzole sono progettate per rimuovere lo sporco senza danneggiare materiali delicati come vetro, ceramica o superfici verniciate.<\/td>\n<\/tr>\n<tr>\n<td>Pulizia ecologica \ud83c\udf0d<\/td>\n<td>Il Synoshi consente una pulizia accurata con un uso minimo di sostanze chimiche, rappresentando un&#8217;alternativa ecologica ai metodi di pulizia convenzionali.<\/td>\n<\/tr>\n<tr>\n<td>Basso rumore di funzionamento \ud83d\udd07<\/td>\n<td>Rispetto ad altri apparecchi di pulizia, il Synoshi funziona in modo sorprendentemente silenzioso, il che significa che pu\u00f2 essere utilizzato anche in famiglie con coinquilini sensibili.<\/td>\n<\/tr>\n<\/tbody>\n<\/table>\n<h2>Test pratico: la nostra esperienza e le recensioni degli utenti<\/h2>\n<p>Nel test pratico, la lavasciuga pavimenti Synoshi Power Spin ha dimostrato prestazioni di pulizia impressionanti. L&#8217;apparecchio si \u00e8 comportato particolarmente bene nella rimozione del calcare e dei residui di sapone nella doccia. Anche le macchie di grasso sulle piastrelle della cucina sono state rimosse senza problemi. Un piccolo svantaggio, tuttavia, \u00e8 che la batteria si scarica pi\u00f9 rapidamente di quanto dichiarato durante l&#8217;uso intensivo, il che potrebbe essere problematico per le superfici pi\u00f9 grandi.<\/p>\n<h2>Conclusione e valutazione<\/h2>\n<p>La Power Spin Scrubber di Synoshi \u00e8 un apparecchio per la pulizia versatile e potente che convince soprattutto per la sua facilit\u00e0 d&#8217;uso e l&#8217;efficace rimozione dello sporco. L&#8217;apparecchio \u00e8 una scelta eccellente per le famiglie di piccole e medie dimensioni. Tuttavia, le aree pi\u00f9 grandi potrebbero sovraccaricare la capacit\u00e0 della batteria. Nel complesso, il Synoshi offre una buona combinazione di praticit\u00e0 ed efficienza che rende molto pi\u00f9 semplice la pulizia quotidiana.<\/p>\n<p><strong>Consigliato:<\/strong> Particolarmente adatto a chi desidera una pulizia rapida e accurata senza grandi sforzi.<\/p>\n","protected":false},"excerpt":{"rendered":"<p>La Power Spin Scrubber di Synoshi \u00e8 un innovativo apparecchio per la pulizia sviluppato appositamente per eliminare senza fatica lo sporco ostinato in casa. In questo dettagliato rapporto di prova ne analizziamo le prestazioni, la maneggevolezza e i vantaggi generali. Synoshi Power Spin Scrubber \u00e8 davvero la scelta ideale per le vostre esigenze di pulizia? &#8230; <a title=\"Synoshi Power Spin Scrubber\" class=\"read-more\" href=\"https:\/\/etoxproject.eu\/it\/prodotto\/synoshi-power-spin-scrubber\/\" aria-label=\"More on Synoshi Power Spin Scrubber\">Leggi tutto<\/a><\/p>\n","protected":false},"featured_media":1173,"comment_status":"open","ping_status":"closed","template":"","meta":[],"product_brand":[],"product_cat":[],"product_tag":[],"class_list":{"0":"post-1197","1":"product","2":"type-product","3":"status-publish","4":"has-post-thumbnail","7":"first","8":"instock","9":"sale","10":"shipping-taxable","11":"product-type-external"},"yoast_head":"<!-- This site is optimized with the Yoast SEO plugin v27.4 - https:\/\/yoast.com\/product\/yoast-seo-wordpress\/ -->\n<title>Synoshi Power Spin Scrubber \u2734\ufe0f Ordine con il 70% di sconto<\/title>\n<meta name=\"robots\" content=\"index, follow, max-snippet:-1, max-image-preview:large, max-video-preview:-1\" \/>\n<link rel=\"canonical\" href=\"https:\/\/etoxproject.eu\/it\/prodotto\/synoshi-power-spin-scrubber\/\" \/>\n<meta property=\"og:locale\" content=\"it_IT\" \/>\n<meta property=\"og:type\" content=\"article\" \/>\n<meta property=\"og:title\" content=\"Synoshi Power Spin Scrubber \u2734\ufe0f Ordine con il 70% di sconto\" \/>\n<meta property=\"og:description\" content=\"La Power Spin Scrubber di Synoshi \u00e8 un innovativo apparecchio per la pulizia sviluppato appositamente per eliminare senza fatica lo sporco ostinato in casa. In questo dettagliato rapporto di prova ne analizziamo le prestazioni, la maneggevolezza e i vantaggi generali. Synoshi Power Spin Scrubber \u00e8 davvero la scelta ideale per le vostre esigenze di pulizia? ... Leggi tutto\" \/>\n<meta property=\"og:url\" content=\"https:\/\/etoxproject.eu\/it\/prodotto\/synoshi-power-spin-scrubber\/\" \/>\n<meta property=\"og:site_name\" content=\"etoxproject.eu\" \/>\n<meta property=\"og:image\" content=\"https:\/\/etoxproject.eu\/wp-content\/uploads\/2024\/12\/synoshi.jpg\" \/>\n\t<meta property=\"og:image:width\" content=\"750\" \/>\n\t<meta property=\"og:image:height\" content=\"750\" \/>\n\t<meta property=\"og:image:type\" content=\"image\/jpeg\" \/>\n<meta name=\"twitter:card\" content=\"summary_large_image\" \/>\n<meta name=\"twitter:label1\" content=\"Tempo di lettura stimato\" \/>\n\t<meta name=\"twitter:data1\" content=\"5 minuti\" \/>\n<script type=\"application\/ld+json\" class=\"yoast-schema-graph\">{\"@context\":\"https:\\\/\\\/schema.org\",\"@graph\":[{\"@type\":\"WebPage\",\"@id\":\"https:\\\/\\\/etoxproject.eu\\\/it\\\/prodotto\\\/synoshi-power-spin-scrubber\\\/\",\"url\":\"https:\\\/\\\/etoxproject.eu\\\/it\\\/prodotto\\\/synoshi-power-spin-scrubber\\\/\",\"name\":\"Synoshi Power Spin Scrubber \u2734\ufe0f Ordine con il 70% di sconto\",\"isPartOf\":{\"@id\":\"https:\\\/\\\/etoxproject.eu\\\/it\\\/#website\"},\"primaryImageOfPage\":{\"@id\":\"https:\\\/\\\/etoxproject.eu\\\/it\\\/prodotto\\\/synoshi-power-spin-scrubber\\\/#primaryimage\"},\"image\":{\"@id\":\"https:\\\/\\\/etoxproject.eu\\\/it\\\/prodotto\\\/synoshi-power-spin-scrubber\\\/#primaryimage\"},\"thumbnailUrl\":\"https:\\\/\\\/etoxproject.eu\\\/wp-content\\\/uploads\\\/2024\\\/12\\\/synoshi.jpg\",\"datePublished\":\"2024-12-06T07:19:01+00:00\",\"breadcrumb\":{\"@id\":\"https:\\\/\\\/etoxproject.eu\\\/it\\\/prodotto\\\/synoshi-power-spin-scrubber\\\/#breadcrumb\"},\"inLanguage\":\"it-IT\",\"potentialAction\":[{\"@type\":\"ReadAction\",\"target\":[\"https:\\\/\\\/etoxproject.eu\\\/it\\\/prodotto\\\/synoshi-power-spin-scrubber\\\/\"]}]},{\"@type\":\"ImageObject\",\"inLanguage\":\"it-IT\",\"@id\":\"https:\\\/\\\/etoxproject.eu\\\/it\\\/prodotto\\\/synoshi-power-spin-scrubber\\\/#primaryimage\",\"url\":\"https:\\\/\\\/etoxproject.eu\\\/wp-content\\\/uploads\\\/2024\\\/12\\\/synoshi.jpg\",\"contentUrl\":\"https:\\\/\\\/etoxproject.eu\\\/wp-content\\\/uploads\\\/2024\\\/12\\\/synoshi.jpg\",\"width\":750,\"height\":750,\"caption\":\"synoshi\"},{\"@type\":\"BreadcrumbList\",\"@id\":\"https:\\\/\\\/etoxproject.eu\\\/it\\\/prodotto\\\/synoshi-power-spin-scrubber\\\/#breadcrumb\",\"itemListElement\":[{\"@type\":\"ListItem\",\"position\":1,\"name\":\"Startseite\",\"item\":\"https:\\\/\\\/etoxproject.eu\\\/it\\\/\"},{\"@type\":\"ListItem\",\"position\":2,\"name\":\"Shop\",\"item\":\"https:\\\/\\\/etoxproject.eu\\\/shop\\\/\"},{\"@type\":\"ListItem\",\"position\":3,\"name\":\"Synoshi Power Spin Scrubber\"}]},{\"@type\":\"WebSite\",\"@id\":\"https:\\\/\\\/etoxproject.eu\\\/it\\\/#website\",\"url\":\"https:\\\/\\\/etoxproject.eu\\\/it\\\/\",\"name\":\"etoxproject.eu\",\"description\":\"\",\"publisher\":{\"@id\":\"https:\\\/\\\/etoxproject.eu\\\/it\\\/#organization\"},\"potentialAction\":[{\"@type\":\"SearchAction\",\"target\":{\"@type\":\"EntryPoint\",\"urlTemplate\":\"https:\\\/\\\/etoxproject.eu\\\/it\\\/?s={search_term_string}\"},\"query-input\":{\"@type\":\"PropertyValueSpecification\",\"valueRequired\":true,\"valueName\":\"search_term_string\"}}],\"inLanguage\":\"it-IT\"},{\"@type\":\"Organization\",\"@id\":\"https:\\\/\\\/etoxproject.eu\\\/it\\\/#organization\",\"name\":\"etoxproject.eu\",\"url\":\"https:\\\/\\\/etoxproject.eu\\\/it\\\/\",\"logo\":{\"@type\":\"ImageObject\",\"inLanguage\":\"it-IT\",\"@id\":\"https:\\\/\\\/etoxproject.eu\\\/it\\\/#\\\/schema\\\/logo\\\/image\\\/\",\"url\":\"https:\\\/\\\/etoxproject.eu\\\/wp-content\\\/uploads\\\/2024\\\/12\\\/etoxproject.png\",\"contentUrl\":\"https:\\\/\\\/etoxproject.eu\\\/wp-content\\\/uploads\\\/2024\\\/12\\\/etoxproject.png\",\"width\":315,\"height\":69,\"caption\":\"etoxproject.eu\"},\"image\":{\"@id\":\"https:\\\/\\\/etoxproject.eu\\\/it\\\/#\\\/schema\\\/logo\\\/image\\\/\"}}]}<\/script>\n<!-- \/ Yoast SEO plugin. -->","yoast_head_json":{"title":"Synoshi Power Spin Scrubber \u2734\ufe0f Ordine con il 70% di sconto","robots":{"index":"index","follow":"follow","max-snippet":"max-snippet:-1","max-image-preview":"max-image-preview:large","max-video-preview":"max-video-preview:-1"},"canonical":"https:\/\/etoxproject.eu\/it\/prodotto\/synoshi-power-spin-scrubber\/","og_locale":"it_IT","og_type":"article","og_title":"Synoshi Power Spin Scrubber \u2734\ufe0f Ordine con il 70% di sconto","og_description":"La Power Spin Scrubber di Synoshi \u00e8 un innovativo apparecchio per la pulizia sviluppato appositamente per eliminare senza fatica lo sporco ostinato in casa. In questo dettagliato rapporto di prova ne analizziamo le prestazioni, la maneggevolezza e i vantaggi generali. Synoshi Power Spin Scrubber \u00e8 davvero la scelta ideale per le vostre esigenze di pulizia? ... Leggi tutto","og_url":"https:\/\/etoxproject.eu\/it\/prodotto\/synoshi-power-spin-scrubber\/","og_site_name":"etoxproject.eu","og_image":[{"width":750,"height":750,"url":"https:\/\/etoxproject.eu\/wp-content\/uploads\/2024\/12\/synoshi.jpg","type":"image\/jpeg"}],"twitter_card":"summary_large_image","twitter_misc":{"Tempo di lettura stimato":"5 minuti"},"schema":{"@context":"https:\/\/schema.org","@graph":[{"@type":"WebPage","@id":"https:\/\/etoxproject.eu\/it\/prodotto\/synoshi-power-spin-scrubber\/","url":"https:\/\/etoxproject.eu\/it\/prodotto\/synoshi-power-spin-scrubber\/","name":"Synoshi Power Spin Scrubber \u2734\ufe0f Ordine con il 70% di sconto","isPartOf":{"@id":"https:\/\/etoxproject.eu\/it\/#website"},"primaryImageOfPage":{"@id":"https:\/\/etoxproject.eu\/it\/prodotto\/synoshi-power-spin-scrubber\/#primaryimage"},"image":{"@id":"https:\/\/etoxproject.eu\/it\/prodotto\/synoshi-power-spin-scrubber\/#primaryimage"},"thumbnailUrl":"https:\/\/etoxproject.eu\/wp-content\/uploads\/2024\/12\/synoshi.jpg","datePublished":"2024-12-06T07:19:01+00:00","breadcrumb":{"@id":"https:\/\/etoxproject.eu\/it\/prodotto\/synoshi-power-spin-scrubber\/#breadcrumb"},"inLanguage":"it-IT","potentialAction":[{"@type":"ReadAction","target":["https:\/\/etoxproject.eu\/it\/prodotto\/synoshi-power-spin-scrubber\/"]}]},{"@type":"ImageObject","inLanguage":"it-IT","@id":"https:\/\/etoxproject.eu\/it\/prodotto\/synoshi-power-spin-scrubber\/#primaryimage","url":"https:\/\/etoxproject.eu\/wp-content\/uploads\/2024\/12\/synoshi.jpg","contentUrl":"https:\/\/etoxproject.eu\/wp-content\/uploads\/2024\/12\/synoshi.jpg","width":750,"height":750,"caption":"synoshi"},{"@type":"BreadcrumbList","@id":"https:\/\/etoxproject.eu\/it\/prodotto\/synoshi-power-spin-scrubber\/#breadcrumb","itemListElement":[{"@type":"ListItem","position":1,"name":"Startseite","item":"https:\/\/etoxproject.eu\/it\/"},{"@type":"ListItem","position":2,"name":"Shop","item":"https:\/\/etoxproject.eu\/shop\/"},{"@type":"ListItem","position":3,"name":"Synoshi Power Spin Scrubber"}]},{"@type":"WebSite","@id":"https:\/\/etoxproject.eu\/it\/#website","url":"https:\/\/etoxproject.eu\/it\/","name":"etoxproject.eu","description":"","publisher":{"@id":"https:\/\/etoxproject.eu\/it\/#organization"},"potentialAction":[{"@type":"SearchAction","target":{"@type":"EntryPoint","urlTemplate":"https:\/\/etoxproject.eu\/it\/?s={search_term_string}"},"query-input":{"@type":"PropertyValueSpecification","valueRequired":true,"valueName":"search_term_string"}}],"inLanguage":"it-IT"},{"@type":"Organization","@id":"https:\/\/etoxproject.eu\/it\/#organization","name":"etoxproject.eu","url":"https:\/\/etoxproject.eu\/it\/","logo":{"@type":"ImageObject","inLanguage":"it-IT","@id":"https:\/\/etoxproject.eu\/it\/#\/schema\/logo\/image\/","url":"https:\/\/etoxproject.eu\/wp-content\/uploads\/2024\/12\/etoxproject.png","contentUrl":"https:\/\/etoxproject.eu\/wp-content\/uploads\/2024\/12\/etoxproject.png","width":315,"height":69,"caption":"etoxproject.eu"},"image":{"@id":"https:\/\/etoxproject.eu\/it\/#\/schema\/logo\/image\/"}}]}},"_links":{"self":[{"href":"https:\/\/etoxproject.eu\/it\/wp-json\/wp\/v2\/product\/1197","targetHints":{"allow":["GET"]}}],"collection":[{"href":"https:\/\/etoxproject.eu\/it\/wp-json\/wp\/v2\/product"}],"about":[{"href":"https:\/\/etoxproject.eu\/it\/wp-json\/wp\/v2\/types\/product"}],"replies":[{"embeddable":true,"href":"https:\/\/etoxproject.eu\/it\/wp-json\/wp\/v2\/comments?post=1197"}],"wp:featuredmedia":[{"embeddable":true,"href":"https:\/\/etoxproject.eu\/it\/wp-json\/wp\/v2\/media\/1173"}],"wp:attachment":[{"href":"https:\/\/etoxproject.eu\/it\/wp-json\/wp\/v2\/media?parent=1197"}],"wp:term":[{"taxonomy":"product_brand","embeddable":true,"href":"https:\/\/etoxproject.eu\/it\/wp-json\/wp\/v2\/product_brand?post=1197"},{"taxonomy":"product_cat","embeddable":true,"href":"https:\/\/etoxproject.eu\/it\/wp-json\/wp\/v2\/product_cat?post=1197"},{"taxonomy":"product_tag","embeddable":true,"href":"https:\/\/etoxproject.eu\/it\/wp-json\/wp\/v2\/product_tag?post=1197"}],"curies":[{"name":"wp","href":"https:\/\/api.w.org\/{rel}","templated":true}]}}