{"id":2137,"date":"2025-01-13T12:40:52","date_gmt":"2025-01-13T11:55:35","guid":{"rendered":"https:\/\/etoxproject.eu\/?post_type=product&#038;p=2137"},"modified":"2025-01-13T12:55:35","modified_gmt":"2025-01-13T11:55:35","slug":"neuro-boost-nutrisolution","status":"publish","type":"product","link":"https:\/\/etoxproject.eu\/it\/prodotto\/neuro-boost-nutrisolution\/","title":{"rendered":"Neuro Boost (Nutrisolution)"},"content":{"rendered":"<h2>Rapporto dettagliato del test su Neuro Boost: La rivoluzione per le massime prestazioni mentali<\/h2>\n<p><strong>Introduzione: Nutrisolution Neuro Boost &#8211; La risposta alle crescenti esigenze mentali<\/strong><\/p>\n<p>In un mondo in cui la concentrazione, la memoria e la resistenza mentale sono sempre pi\u00f9 richieste, <strong>Neuro Boost<\/strong> si presenta come un integratore alimentare innovativo. \u00c8 stato sviluppato per ottimizzare le capacit\u00e0 cognitive e promuovere una salute cerebrale sostenibile. Grazie alla sua formula naturale e scientifica, Neuro Boost ha gi\u00e0 conquistato numerosi utenti. Questa recensione approfondita mette in evidenza i numerosi benefici e mostra perch\u00e9 questo prodotto \u00e8 essenziale per chiunque voglia massimizzare il proprio potenziale mentale.<\/p>\n<hr \/>\n<h2>Neuro Boost di Nutrisolution &#8211; Opinioni &amp; Recensioni<\/h2>\n<p>Una delle caratteristiche pi\u00f9 rilevanti di Nutrisolution NeuroBoost \u00e8 la sua capacit\u00e0 di migliorare significativamente la concentrazione. Molti utenti riferiscono di essere pi\u00f9 concentrati e attenti gi\u00e0 dopo pochi giorni di assunzione.<\/p>\n<p><i> e la concentrazione rimane stabile anche durante i periodi di lavoro pi\u00f9 lunghi. Nutrisolution Neuro Boost mostra i suoi punti di forza soprattutto nei progetti che richiedono la massima attenzione e precisione. La produttivit\u00e0 aumenta, gli errori sono ridotti al minimo e la resilienza mentale aumenta sensibilmente.<\/i><\/p>\n<p>Per gli studenti e i professionisti che devono affrontare regolarmente compiti impegnativi, questo supporto \u00e8 prezioso. Le capsule di Neuro Boost rendono pi\u00f9 facile stabilire le priorit\u00e0 e resistere alle distrazioni, il che porta a un lavoro significativamente pi\u00f9 efficiente.<\/p>\n<hr \/>\n<h2>Miglioramento della memoria: risultati a lungo termine e sostenibili<\/h2>\n<p>Un altro beneficio chiave delle compresse Neuro Boost \u00e8 il supporto alla memoria. Gli utenti riferiscono un miglioramento significativo della capacit\u00e0 di memorizzare e ricordare le informazioni sia a breve che a lungo termine.<\/p>\n<p>I benefici in sintesi:<\/p>\n<ul>\n<li><strong>Miglioramento della memoria a breve termine<\/strong>: dettagli come appuntamenti, nomi o numeri vengono riconosciuti pi\u00f9 rapidamente e conservati in modo pi\u00f9 affidabile.<\/li>\n<li><strong>Rafforzamento della memoria a lungo termine<\/strong>: anche le informazioni pi\u00f9 vecchie possono essere richiamate pi\u00f9 facilmente, il che \u00e8 particolarmente vantaggioso in ambito accademico e professionale.&lt;\/li<\/li>\n<li><strong>Riduzione delle dimenticanze<\/strong>: lo stress causato da frequenti vuoti di memoria viene ridotto al minimo, con conseguente aumento della fiducia in se stessi<\/li>\n<li>Per molti utenti questo non significa solo un aumento delle prestazioni mentali, ma anche un notevole sollievo nella vita quotidiana, potendo contare sulla propria memoria.<\/li>\n<\/ul>\n<hr \/>\n<h2>Energia mentale costante: la chiave per una maggiore resistenza<\/h2>\n<p>A differenza dei classici stimolanti, che spesso hanno un effetto solo a breve termine e poi portano a un \u201ccalo di energia\u201d, Neuro Boost offre un&#8217;energia mentale stabile e duratura.<\/p>\n<p>Gli utenti riferiscono di rimanere vigili e produttivi per tutta la giornata, senza ricorrere al caff\u00e8 o ad altri stimolanti a breve termine. L&#8217;aspetto particolarmente degno di nota \u00e8 che l&#8217;energia mentale non diminuisce nemmeno dopo lunghe giornate di lavoro o fasi di pensiero intenso. In questo modo \u00e8 possibile continuare a essere produttivi o creativi anche la sera e allo stesso tempo godersi il tempo libero in modo rilassato.<\/p>\n<p>L&#8217;energia costante non solo aumenta le prestazioni, ma favorisce anche il benessere generale. Con Nutrisolution Neuro Boost, la stanchezza e l&#8217;esaurimento, che gravano su molte persone nella vita quotidiana, appartengono al passato.<\/p>\n<hr \/>\n<h2>Influenza positiva su umore e benessere<\/h2>\n<p>Neuro Boost non ha solo benefici fisici ma anche psicologici. Migliorando la concentrazione, la memoria e l&#8217;energia, gli utenti riferiscono di avere un umore molto pi\u00f9 positivo. Lo stress e la frustrazione, spesso causati dal sovraccarico mentale, si riducono.<\/p>\n<p>Molti utenti si sentono pi\u00f9 motivati, pi\u00f9 sicuri di s\u00e9 e in generale pi\u00f9 soddisfatti. Questa maggiore qualit\u00e0 di vita \u00e8 preziosa, soprattutto nelle fasi di stress della vita professionale o privata. Neuro Boost aiuta ad affrontare le sfide con ottimismo e a rimanere fiduciosi anche sotto pressione.<\/p>\n<hr \/>\n<h2>Ingredienti naturali per la massima sicurezza<\/h2>\n<p>Un grande vantaggio di Neuro Boost \u00e8 la sua formula naturale. A differenza di molti prodotti analoghi, non contiene additivi artificiali o stimolanti chimici che potrebbero causare effetti collaterali. Ciascuno degli ingredienti accuratamente selezionati \u00e8 stato testato per verificarne la sicurezza e l&#8217;efficacia.<\/p>\n<p>Gli utenti apprezzano questa trasparenza e la sicurezza di consumare un prodotto basato su anni di ricerca. L&#8217;assunzione delle capsule, facili da deglutire, \u00e8 semplice e pu\u00f2 essere facilmente integrata nella vita di tutti i giorni, sia al mattino che prima di compiti mentali impegnativi.<\/p>\n<hr \/>\n<h2>Testimonianze di Neuro Boost e critiche da parte di utenti soddisfatti<\/h2>\n<p>Le esperienze positive di numerosi utenti sottolineano l&#8217;efficacia di Neuro Boost. Ecco alcuni esempi:<\/p>\n<ul>\n<li><strong>Anna, 32 anni, project manager<\/strong>: \u201cCon Neuro Boost posso finalmente concentrarmi di nuovo sul mio lavoro. Sono pi\u00f9 concentrata e riesco a fare di pi\u00f9 in meno tempo, senza sentirmi stressata\u201d.<\/li>\n<li><strong>Thomas, 27 anni, studente<\/strong>: \u201cDa quando prendo Neuro Boost, gli esami sono molto pi\u00f9 facili da affrontare. Imparo pi\u00f9 velocemente e riesco a ricordare pi\u00f9 dettagli&#8221;<\/li>\n<li><strong>Sabine, 45 anni, libero professionista<\/strong>: \u201cConduco una vita frenetica, ma Neuro Boost mi d\u00e0 l&#8217;energia e la chiarezza di cui ho bisogno per realizzare con successo i miei progetti.\u201d<\/li>\n<\/ul>\n<p>&nbsp;<\/p>\n<hr \/>\n<h2>Conclusione e valutazione: acquistate Neuro Boost &#8211; Un compagno indispensabile per prestazioni mentali al top<\/h2>\n<p>Neuro Boost offre una soluzione completa a chiunque voglia potenziare le proprie capacit\u00e0 cognitive e realizzare il proprio potenziale mentale. Grazie alla sua formula naturale, ai risultati comprovati e agli effetti positivi sulla concentrazione, sulla memoria e sull&#8217;energia, \u00e8 un investimento nella qualit\u00e0 della vita.<\/p>\n<p>Al lavoro, all&#8217;universit\u00e0 o nella vita di tutti i giorni, Neuro Boost vi aiuta a essere pi\u00f9 concentrati, pi\u00f9 efficienti e pi\u00f9 rilassati. Per chiunque cerchi un supporto affidabile, questo prodotto \u00e8 un chiaro consiglio.<\/p>\n","protected":false},"excerpt":{"rendered":"<p>Rapporto dettagliato del test su Neuro Boost: La rivoluzione per le massime prestazioni mentali Introduzione: Nutrisolution Neuro Boost &#8211; La risposta alle crescenti esigenze mentali In un mondo in cui la concentrazione, la memoria e la resistenza mentale sono sempre pi\u00f9 richieste, Neuro Boost si presenta come un integratore alimentare innovativo. \u00c8 stato sviluppato per &#8230; <a title=\"Neuro Boost (Nutrisolution)\" class=\"read-more\" href=\"https:\/\/etoxproject.eu\/it\/prodotto\/neuro-boost-nutrisolution\/\" aria-label=\"More on Neuro Boost (Nutrisolution)\">Leggi tutto<\/a><\/p>\n","protected":false},"featured_media":2127,"comment_status":"open","ping_status":"closed","template":"","meta":[],"product_brand":[],"product_cat":[],"product_tag":[],"class_list":{"0":"post-2137","1":"product","2":"type-product","3":"status-publish","4":"has-post-thumbnail","7":"first","8":"instock","9":"sale","10":"shipping-taxable","11":"product-type-external"},"yoast_head":"<!-- This site is optimized with the Yoast SEO plugin v27.4 - https:\/\/yoast.com\/product\/yoast-seo-wordpress\/ -->\n<title>Neuro Boost Opinioni &amp; Recensioni \ud83c\udff7\ufe0f Sconto elevato in Italia<\/title>\n<meta name=\"robots\" content=\"index, follow, max-snippet:-1, max-image-preview:large, max-video-preview:-1\" \/>\n<link rel=\"canonical\" href=\"https:\/\/etoxproject.eu\/it\/prodotto\/neuro-boost-nutrisolution\/\" \/>\n<meta property=\"og:locale\" content=\"it_IT\" \/>\n<meta property=\"og:type\" content=\"article\" \/>\n<meta property=\"og:title\" content=\"Neuro Boost Opinioni &amp; Recensioni \ud83c\udff7\ufe0f Sconto elevato in Italia\" \/>\n<meta property=\"og:description\" content=\"Rapporto dettagliato del test su Neuro Boost: La rivoluzione per le massime prestazioni mentali Introduzione: Nutrisolution Neuro Boost &#8211; La risposta alle crescenti esigenze mentali In un mondo in cui la concentrazione, la memoria e la resistenza mentale sono sempre pi\u00f9 richieste, Neuro Boost si presenta come un integratore alimentare innovativo. \u00c8 stato sviluppato per ... Leggi tutto\" \/>\n<meta property=\"og:url\" content=\"https:\/\/etoxproject.eu\/it\/prodotto\/neuro-boost-nutrisolution\/\" \/>\n<meta property=\"og:site_name\" content=\"etoxproject.eu\" \/>\n<meta property=\"og:image\" content=\"https:\/\/etoxproject.eu\/wp-content\/uploads\/2025\/01\/neuro-boost.png\" \/>\n\t<meta property=\"og:image:width\" content=\"596\" \/>\n\t<meta property=\"og:image:height\" content=\"518\" \/>\n\t<meta property=\"og:image:type\" content=\"image\/png\" \/>\n<meta name=\"twitter:card\" content=\"summary_large_image\" \/>\n<meta name=\"twitter:label1\" content=\"Tempo di lettura stimato\" \/>\n\t<meta name=\"twitter:data1\" content=\"6 minuti\" \/>\n<script type=\"application\/ld+json\" class=\"yoast-schema-graph\">{\"@context\":\"https:\\\/\\\/schema.org\",\"@graph\":[{\"@type\":\"WebPage\",\"@id\":\"https:\\\/\\\/etoxproject.eu\\\/it\\\/prodotto\\\/neuro-boost-nutrisolution\\\/\",\"url\":\"https:\\\/\\\/etoxproject.eu\\\/it\\\/prodotto\\\/neuro-boost-nutrisolution\\\/\",\"name\":\"Neuro Boost Opinioni & Recensioni \ud83c\udff7\ufe0f Sconto elevato in Italia\",\"isPartOf\":{\"@id\":\"https:\\\/\\\/etoxproject.eu\\\/it\\\/#website\"},\"primaryImageOfPage\":{\"@id\":\"https:\\\/\\\/etoxproject.eu\\\/it\\\/prodotto\\\/neuro-boost-nutrisolution\\\/#primaryimage\"},\"image\":{\"@id\":\"https:\\\/\\\/etoxproject.eu\\\/it\\\/prodotto\\\/neuro-boost-nutrisolution\\\/#primaryimage\"},\"thumbnailUrl\":\"https:\\\/\\\/etoxproject.eu\\\/wp-content\\\/uploads\\\/2025\\\/01\\\/neuro-boost.png\",\"datePublished\":\"2025-01-13T11:55:35+00:00\",\"breadcrumb\":{\"@id\":\"https:\\\/\\\/etoxproject.eu\\\/it\\\/prodotto\\\/neuro-boost-nutrisolution\\\/#breadcrumb\"},\"inLanguage\":\"it-IT\",\"potentialAction\":[{\"@type\":\"ReadAction\",\"target\":[\"https:\\\/\\\/etoxproject.eu\\\/it\\\/prodotto\\\/neuro-boost-nutrisolution\\\/\"]}]},{\"@type\":\"ImageObject\",\"inLanguage\":\"it-IT\",\"@id\":\"https:\\\/\\\/etoxproject.eu\\\/it\\\/prodotto\\\/neuro-boost-nutrisolution\\\/#primaryimage\",\"url\":\"https:\\\/\\\/etoxproject.eu\\\/wp-content\\\/uploads\\\/2025\\\/01\\\/neuro-boost.png\",\"contentUrl\":\"https:\\\/\\\/etoxproject.eu\\\/wp-content\\\/uploads\\\/2025\\\/01\\\/neuro-boost.png\",\"width\":596,\"height\":518,\"caption\":\"neuro boost\"},{\"@type\":\"BreadcrumbList\",\"@id\":\"https:\\\/\\\/etoxproject.eu\\\/it\\\/prodotto\\\/neuro-boost-nutrisolution\\\/#breadcrumb\",\"itemListElement\":[{\"@type\":\"ListItem\",\"position\":1,\"name\":\"Startseite\",\"item\":\"https:\\\/\\\/etoxproject.eu\\\/it\\\/\"},{\"@type\":\"ListItem\",\"position\":2,\"name\":\"Shop\",\"item\":\"https:\\\/\\\/etoxproject.eu\\\/shop\\\/\"},{\"@type\":\"ListItem\",\"position\":3,\"name\":\"Neuro Boost (Nutrisolution)\"}]},{\"@type\":\"WebSite\",\"@id\":\"https:\\\/\\\/etoxproject.eu\\\/it\\\/#website\",\"url\":\"https:\\\/\\\/etoxproject.eu\\\/it\\\/\",\"name\":\"etoxproject.eu\",\"description\":\"\",\"publisher\":{\"@id\":\"https:\\\/\\\/etoxproject.eu\\\/it\\\/#organization\"},\"potentialAction\":[{\"@type\":\"SearchAction\",\"target\":{\"@type\":\"EntryPoint\",\"urlTemplate\":\"https:\\\/\\\/etoxproject.eu\\\/it\\\/?s={search_term_string}\"},\"query-input\":{\"@type\":\"PropertyValueSpecification\",\"valueRequired\":true,\"valueName\":\"search_term_string\"}}],\"inLanguage\":\"it-IT\"},{\"@type\":\"Organization\",\"@id\":\"https:\\\/\\\/etoxproject.eu\\\/it\\\/#organization\",\"name\":\"etoxproject.eu\",\"url\":\"https:\\\/\\\/etoxproject.eu\\\/it\\\/\",\"logo\":{\"@type\":\"ImageObject\",\"inLanguage\":\"it-IT\",\"@id\":\"https:\\\/\\\/etoxproject.eu\\\/it\\\/#\\\/schema\\\/logo\\\/image\\\/\",\"url\":\"https:\\\/\\\/etoxproject.eu\\\/wp-content\\\/uploads\\\/2024\\\/12\\\/etoxproject.png\",\"contentUrl\":\"https:\\\/\\\/etoxproject.eu\\\/wp-content\\\/uploads\\\/2024\\\/12\\\/etoxproject.png\",\"width\":315,\"height\":69,\"caption\":\"etoxproject.eu\"},\"image\":{\"@id\":\"https:\\\/\\\/etoxproject.eu\\\/it\\\/#\\\/schema\\\/logo\\\/image\\\/\"}}]}<\/script>\n<!-- \/ Yoast SEO plugin. -->","yoast_head_json":{"title":"Neuro Boost Opinioni & Recensioni \ud83c\udff7\ufe0f Sconto elevato in Italia","robots":{"index":"index","follow":"follow","max-snippet":"max-snippet:-1","max-image-preview":"max-image-preview:large","max-video-preview":"max-video-preview:-1"},"canonical":"https:\/\/etoxproject.eu\/it\/prodotto\/neuro-boost-nutrisolution\/","og_locale":"it_IT","og_type":"article","og_title":"Neuro Boost Opinioni & Recensioni \ud83c\udff7\ufe0f Sconto elevato in Italia","og_description":"Rapporto dettagliato del test su Neuro Boost: La rivoluzione per le massime prestazioni mentali Introduzione: Nutrisolution Neuro Boost &#8211; La risposta alle crescenti esigenze mentali In un mondo in cui la concentrazione, la memoria e la resistenza mentale sono sempre pi\u00f9 richieste, Neuro Boost si presenta come un integratore alimentare innovativo. \u00c8 stato sviluppato per ... Leggi tutto","og_url":"https:\/\/etoxproject.eu\/it\/prodotto\/neuro-boost-nutrisolution\/","og_site_name":"etoxproject.eu","og_image":[{"width":596,"height":518,"url":"https:\/\/etoxproject.eu\/wp-content\/uploads\/2025\/01\/neuro-boost.png","type":"image\/png"}],"twitter_card":"summary_large_image","twitter_misc":{"Tempo di lettura stimato":"6 minuti"},"schema":{"@context":"https:\/\/schema.org","@graph":[{"@type":"WebPage","@id":"https:\/\/etoxproject.eu\/it\/prodotto\/neuro-boost-nutrisolution\/","url":"https:\/\/etoxproject.eu\/it\/prodotto\/neuro-boost-nutrisolution\/","name":"Neuro Boost Opinioni & Recensioni \ud83c\udff7\ufe0f Sconto elevato in Italia","isPartOf":{"@id":"https:\/\/etoxproject.eu\/it\/#website"},"primaryImageOfPage":{"@id":"https:\/\/etoxproject.eu\/it\/prodotto\/neuro-boost-nutrisolution\/#primaryimage"},"image":{"@id":"https:\/\/etoxproject.eu\/it\/prodotto\/neuro-boost-nutrisolution\/#primaryimage"},"thumbnailUrl":"https:\/\/etoxproject.eu\/wp-content\/uploads\/2025\/01\/neuro-boost.png","datePublished":"2025-01-13T11:55:35+00:00","breadcrumb":{"@id":"https:\/\/etoxproject.eu\/it\/prodotto\/neuro-boost-nutrisolution\/#breadcrumb"},"inLanguage":"it-IT","potentialAction":[{"@type":"ReadAction","target":["https:\/\/etoxproject.eu\/it\/prodotto\/neuro-boost-nutrisolution\/"]}]},{"@type":"ImageObject","inLanguage":"it-IT","@id":"https:\/\/etoxproject.eu\/it\/prodotto\/neuro-boost-nutrisolution\/#primaryimage","url":"https:\/\/etoxproject.eu\/wp-content\/uploads\/2025\/01\/neuro-boost.png","contentUrl":"https:\/\/etoxproject.eu\/wp-content\/uploads\/2025\/01\/neuro-boost.png","width":596,"height":518,"caption":"neuro boost"},{"@type":"BreadcrumbList","@id":"https:\/\/etoxproject.eu\/it\/prodotto\/neuro-boost-nutrisolution\/#breadcrumb","itemListElement":[{"@type":"ListItem","position":1,"name":"Startseite","item":"https:\/\/etoxproject.eu\/it\/"},{"@type":"ListItem","position":2,"name":"Shop","item":"https:\/\/etoxproject.eu\/shop\/"},{"@type":"ListItem","position":3,"name":"Neuro Boost (Nutrisolution)"}]},{"@type":"WebSite","@id":"https:\/\/etoxproject.eu\/it\/#website","url":"https:\/\/etoxproject.eu\/it\/","name":"etoxproject.eu","description":"","publisher":{"@id":"https:\/\/etoxproject.eu\/it\/#organization"},"potentialAction":[{"@type":"SearchAction","target":{"@type":"EntryPoint","urlTemplate":"https:\/\/etoxproject.eu\/it\/?s={search_term_string}"},"query-input":{"@type":"PropertyValueSpecification","valueRequired":true,"valueName":"search_term_string"}}],"inLanguage":"it-IT"},{"@type":"Organization","@id":"https:\/\/etoxproject.eu\/it\/#organization","name":"etoxproject.eu","url":"https:\/\/etoxproject.eu\/it\/","logo":{"@type":"ImageObject","inLanguage":"it-IT","@id":"https:\/\/etoxproject.eu\/it\/#\/schema\/logo\/image\/","url":"https:\/\/etoxproject.eu\/wp-content\/uploads\/2024\/12\/etoxproject.png","contentUrl":"https:\/\/etoxproject.eu\/wp-content\/uploads\/2024\/12\/etoxproject.png","width":315,"height":69,"caption":"etoxproject.eu"},"image":{"@id":"https:\/\/etoxproject.eu\/it\/#\/schema\/logo\/image\/"}}]}},"_links":{"self":[{"href":"https:\/\/etoxproject.eu\/it\/wp-json\/wp\/v2\/product\/2137","targetHints":{"allow":["GET"]}}],"collection":[{"href":"https:\/\/etoxproject.eu\/it\/wp-json\/wp\/v2\/product"}],"about":[{"href":"https:\/\/etoxproject.eu\/it\/wp-json\/wp\/v2\/types\/product"}],"replies":[{"embeddable":true,"href":"https:\/\/etoxproject.eu\/it\/wp-json\/wp\/v2\/comments?post=2137"}],"wp:featuredmedia":[{"embeddable":true,"href":"https:\/\/etoxproject.eu\/it\/wp-json\/wp\/v2\/media\/2127"}],"wp:attachment":[{"href":"https:\/\/etoxproject.eu\/it\/wp-json\/wp\/v2\/media?parent=2137"}],"wp:term":[{"taxonomy":"product_brand","embeddable":true,"href":"https:\/\/etoxproject.eu\/it\/wp-json\/wp\/v2\/product_brand?post=2137"},{"taxonomy":"product_cat","embeddable":true,"href":"https:\/\/etoxproject.eu\/it\/wp-json\/wp\/v2\/product_cat?post=2137"},{"taxonomy":"product_tag","embeddable":true,"href":"https:\/\/etoxproject.eu\/it\/wp-json\/wp\/v2\/product_tag?post=2137"}],"curies":[{"name":"wp","href":"https:\/\/api.w.org\/{rel}","templated":true}]}}