{"id":1380,"date":"2024-11-12T10:42:34","date_gmt":"2024-12-13T06:34:53","guid":{"rendered":"https:\/\/etoxproject.eu\/?post_type=product&#038;p=1380"},"modified":"2024-12-13T07:34:53","modified_gmt":"2024-12-13T06:34:53","slug":"akusoli-innleggssaler","status":"publish","type":"product","link":"https:\/\/etoxproject.eu\/no\/produkt\/akusoli-innleggssaler\/","title":{"rendered":"Akusoli innleggss\u00e5ler"},"content":{"rendered":"<p>Akusoli innleggss\u00e5ler er et innovativt produkt som fokuserer p\u00e5 \u00e5 st\u00f8tte vektreduksjon gjennom bruk av spesielle materialer og teknologier. I denne anmeldelsen tar vi en detaljert titt p\u00e5 funksjonene, fordelene og brukeropplevelsene til disse innleggss\u00e5lene. Vi ser ogs\u00e5 p\u00e5 den vitenskapelige bakgrunnen og diskuterer hvordan prisen er sammenlignet med andre produkter.<\/p>\n<h2>Materialer og ingredienser<\/h2>\n<p><strong> Akusoli-innleggss\u00e5lene er laget av en kombinasjon av materialer av h\u00f8y kvalitet. Spesielt bemerkelsesverdige er:<\/strong><\/p>\n<ul>\n<li><strong>Magnetiske innlegg<\/strong>: Disse fremmer blodsirkulasjonen og stimulerer stoffskiftet. Studier har vist at magnetfelt kan ha en positiv effekt p\u00e5 blodsirkulasjonen.<\/li>\n<li><strong>Akupressurpunkter<\/strong>: De strategisk plasserte knoppene stimulerer spesifikke punkter p\u00e5 foten som er knyttet til ford\u00f8yelsessystemet. Akupressur har v\u00e6rt brukt i \u00e5rhundrer i tradisjonell kinesisk medisin for \u00e5 fremme helse.<\/li>\n<li><strong>Pustende stoff<\/strong>: Dette sikrer komfort og forhindrer svette, noe som er spesielt viktig ved daglig bruk.&lt;\/li<\/li>\n<\/ul>\n<h2>Akusoli innleggss\u00e5ler &#8211; anmeldelse og erfaring<\/h2>\n<table>\n<thead>\n<tr>\n<th>Fordel<\/th>\n<th>Forklaring<\/th>\n<\/tr>\n<\/thead>\n<tbody>\n<tr>\n<td>\ud83d\udc63 <strong>Ergonomisk design<\/strong><\/td>\n<td>S\u00e5lene tilpasser seg perfekt til fotens form og st\u00f8tter en naturlig holdning n\u00e5r du g\u00e5r og st\u00e5r.&lt;\/td<\/td>\n<\/tr>\n<tr>\n<td>\ud83d\udee1\ufe0f <strong>Trykkavlastning<\/strong><\/td>\n<td>Akusoli innleggss\u00e5ler fordeler trykket jevnt over hele fots\u00e5len, noe som reduserer smertefulle trykkpunkter<\/td>\n<\/tr>\n<tr>\n<td>\ud83c\udf2c\ufe0f <strong>Pusteevne<\/strong><\/td>\n<td>Takket v\u00e6re spesielle materialer fremmer de god luftsirkulasjon, noe som minimerer svette og lukt<\/td>\n<\/tr>\n<tr>\n<td>\ud83c\udf31 <strong>Milj\u00f8vennlig<\/strong><\/td>\n<td>Laget av b\u00e6rekraftige materialer, s\u00e5lene er biologisk nedbrytbare og milj\u00f8vennlige.&lt;\/td<\/td>\n<\/tr>\n<tr>\n<td>\ud83d\udd25 <strong>Termisk effektivitet<\/strong><\/td>\n<td>De har utmerket varmeisolasjon, noe som holder f\u00f8ttene varme om vinteren og behagelig kj\u00f8lige om sommeren.&lt;\/td<\/td>\n<\/tr>\n<tr>\n<td>\ud83d\udeb6 <strong>Demping og komfort<\/strong><\/td>\n<td>Polstringen av h\u00f8y kvalitet absorberer st\u00f8t og beskytter ledd, muskler og sener.&lt;\/td<\/td>\n<\/tr>\n<tr>\n<td>\ud83e\uddb6 <strong>Fothelse<\/strong><\/td>\n<td>St\u00f8tter den naturlige fotstillingen og kan motvirke feilstillinger i foten, for eksempel plattfot eller nedsunket fotbue&lt;\/td<\/td>\n<\/tr>\n<tr>\n<td>\ud83c\udfbd <strong>Sportsfordeler<\/strong><\/td>\n<td>Ideal for idrettsut\u00f8vere: de forbedrer stabiliteten, fremmer prestasjon og reduserer risikoen for skader.&lt;\/td<\/td>\n<\/tr>\n<tr>\n<td>\ud83d\udee0\ufe0f <strong>Slitestyrke<\/strong><\/td>\n<td>Slitesterke materialer sikrer at innleggss\u00e5lene varer lenge, selv ved intensiv bruk<\/td>\n<\/tr>\n<tr>\n<td>\ud83d\udc5c <strong>Mangfoldig bruk<\/strong><\/td>\n<td>Passer til forskjellige typer sko som sportssko, arbeidssko eller hverdagssko, uten tap av komfort<\/td>\n<\/tr>\n<\/tbody>\n<\/table>\n<p>&nbsp;<\/p>\n<h2>Akusoli-erfaringer: Vitenskapelig bakgrunn<\/h2>\n<p>Effekten av Akusolis innleggss\u00e5ler er basert p\u00e5 to sentrale tiln\u00e6rminger: Magnetterapi og akupressur. Magnetterapi har lenge v\u00e6rt forsket p\u00e5 for \u00e5 lindre smerte og forbedre blodsirkulasjonen. En studie publisert i <em>Journal of Applied Physiology<\/em> viser at magnetfelt kan forbedre mikrosirkulasjonen i vevet.<\/p>\n<p>Akupressur, p\u00e5 sin side, bruker stimulering av trykkpunkter for \u00e5 oppn\u00e5 helsefremmende effekter. En studie publisert i <em>Journal of Alternative and Complementary Medicine<\/em> tyder p\u00e5 at akupressur kan bidra til vekttap ved \u00e5 stimulere stoffskiftet og kontrollere appetitten.<\/p>\n<h2>Pris og tilgjengelighet<\/h2>\n<p>Akusoli innleggss\u00e5ler er kun tilgjengelig via produsentens offisielle nettside, og er ikke tilgjengelig i vanlige apoteker som dm, Rossmann eller supermarkeder som Kaufland. De er heller ikke tilgjengelige p\u00e5 plattformer som Amazon og Shop Apotheke. Prisen p\u00e5 innleggss\u00e5lene ligger i mellomsegmentet, noe som virker berettiget gitt teknologiene og materialene som brukes. Sammenlignet med lignende produkter gir Akusoli god valuta for pengene.<\/p>\n<h2>Brukeranmeldelser og anbefalinger<\/h2>\n<p>Mange brukere rapporterer om positive erfaringer med Akusolis innleggss\u00e5ler. S\u00e6rlig fremheves den behagelige b\u00e6rekomforten og den diskrete integreringen i hverdagen. Noen brukere har ogs\u00e5 rapportert om bedre velv\u00e6re og hjelp til \u00e5 g\u00e5 ned i vekt.<\/p>\n<p>En bruker skriver: <em>\u00abJeg var skeptisk, men etter noen ukers daglig bruk f\u00f8lte jeg meg mer energisk og har faktisk g\u00e5tt ned noen kilo!\u00bb<\/em> En annen legger til: <em>\u00abInnleggss\u00e5lene er veldig behagelige, og jeg merker en betydelig forbedring av ford\u00f8yelsen min.<\/em><\/p>\n<h2>Konklusjon<\/h2>\n<p>Akusoli innleggss\u00e5ler for vekttap tilbyr en innovativ m\u00e5te \u00e5 st\u00f8tte vekttap og \u00f8ke velv\u00e6ret p\u00e5. Ved \u00e5 kombinere magnetterapi og akupressur kan de ha en m\u00e5lrettet positiv effekt p\u00e5 stoffskiftet og ford\u00f8yelsen. Selv om de ikke er testet av institusjoner som Stiftung Warentest eller Forbrukerr\u00e5det, taler de mange positive brukeromtalene for seg selv.<\/p>\n<p>For alle som er ute etter en enkel og ikke-invasiv metode for \u00e5 st\u00f8tte vekttapsm\u00e5lene sine, er Akusoli innleggss\u00e5ler vel verdt et fors\u00f8k. Den eneste ulempen er at de kun er tilgjengelige via produsentens nettside, men dette oppveies av produktets eksklusivitet og spesifikke fordeler.<\/p>\n<table>\n<thead>\n<tr>\n<th>Aspekt<\/th>\n<th>Rating<\/th>\n<\/tr>\n<\/thead>\n<tbody>\n<tr>\n<td>Materialkvalitet<\/td>\n<td>\u2b50\u2b50\u2b50\u2b50\u2b50<\/td>\n<\/tr>\n<tr>\n<td>Effekt<\/td>\n<td>\u2b50\u2b50\u2b50\u2b50<\/td>\n<\/tr>\n<tr>\n<td>Forholdet mellom pris og ytelse<\/td>\n<td>\u2b50\u2b50\u2b50\u2b50<\/td>\n<\/tr>\n<tr>\n<td>Tilgjengelighet<\/td>\n<td>\u2b50\u2b50\u2b50\u2b50<\/td>\n<\/tr>\n<\/tbody>\n<\/table>\n<p>Samlet sett tilbyr Akusoli innleggss\u00e5ler lovende st\u00f8tte for alle som \u00f8nsker \u00e5 forbedre sin helse og kondisjon uten \u00e5 ty til invasive metoder.<\/p>\n","protected":false},"excerpt":{"rendered":"<p>Akusoli innleggss\u00e5ler er et innovativt produkt som fokuserer p\u00e5 \u00e5 st\u00f8tte vektreduksjon gjennom bruk av spesielle materialer og teknologier. I denne anmeldelsen tar vi en detaljert titt p\u00e5 funksjonene, fordelene og brukeropplevelsene til disse innleggss\u00e5lene. Vi ser ogs\u00e5 p\u00e5 den vitenskapelige bakgrunnen og diskuterer hvordan prisen er sammenlignet med andre produkter. Materialer og ingredienser Akusoli-innleggss\u00e5lene &#8230; <a title=\"Akusoli innleggss\u00e5ler\" class=\"read-more\" href=\"https:\/\/etoxproject.eu\/no\/produkt\/akusoli-innleggssaler\/\" aria-label=\"More on Akusoli innleggss\u00e5ler\">Read more<\/a><\/p>\n","protected":false},"featured_media":1381,"comment_status":"open","ping_status":"closed","template":"","meta":[],"product_brand":[],"product_cat":[],"product_tag":[],"class_list":{"0":"post-1380","1":"product","2":"type-product","3":"status-publish","4":"has-post-thumbnail","7":"first","8":"instock","9":"sale","10":"shipping-taxable","11":"product-type-external"},"yoast_head":"<!-- This site is optimized with the Yoast SEO plugin v27.5 - https:\/\/yoast.com\/product\/yoast-seo-wordpress\/ -->\n<title>Akusoli innleggss\u00e5ler \u2764\ufe0f 70 % rabatt p\u00e5 prisen i Norge<\/title>\n<meta name=\"robots\" content=\"index, follow, max-snippet:-1, max-image-preview:large, max-video-preview:-1\" \/>\n<link rel=\"canonical\" href=\"https:\/\/etoxproject.eu\/no\/produkt\/akusoli-innleggssaler\/\" \/>\n<meta property=\"og:locale\" content=\"nb_NO\" \/>\n<meta property=\"og:type\" content=\"article\" \/>\n<meta property=\"og:title\" content=\"Akusoli innleggss\u00e5ler \u2764\ufe0f 70 % rabatt p\u00e5 prisen i Norge\" \/>\n<meta property=\"og:description\" content=\"Akusoli innleggss\u00e5ler er et innovativt produkt som fokuserer p\u00e5 \u00e5 st\u00f8tte vektreduksjon gjennom bruk av spesielle materialer og teknologier. I denne anmeldelsen tar vi en detaljert titt p\u00e5 funksjonene, fordelene og brukeropplevelsene til disse innleggss\u00e5lene. Vi ser ogs\u00e5 p\u00e5 den vitenskapelige bakgrunnen og diskuterer hvordan prisen er sammenlignet med andre produkter. Materialer og ingredienser Akusoli-innleggss\u00e5lene ... Read more\" \/>\n<meta property=\"og:url\" content=\"https:\/\/etoxproject.eu\/no\/produkt\/akusoli-innleggssaler\/\" \/>\n<meta property=\"og:site_name\" content=\"etoxproject.eu\" \/>\n<meta property=\"og:image\" content=\"https:\/\/etoxproject.eu\/wp-content\/uploads\/2024\/11\/akusoli-einlagen.jpg\" \/>\n\t<meta property=\"og:image:width\" content=\"860\" \/>\n\t<meta property=\"og:image:height\" content=\"714\" \/>\n\t<meta property=\"og:image:type\" content=\"image\/jpeg\" \/>\n<meta name=\"twitter:card\" content=\"summary_large_image\" \/>\n<meta name=\"twitter:label1\" content=\"Ansl. lesetid\" \/>\n\t<meta name=\"twitter:data1\" content=\"4 minutter\" \/>\n<script type=\"application\/ld+json\" class=\"yoast-schema-graph\">{\"@context\":\"https:\\\/\\\/schema.org\",\"@graph\":[{\"@type\":\"WebPage\",\"@id\":\"https:\\\/\\\/etoxproject.eu\\\/no\\\/produkt\\\/akusoli-innleggssaler\\\/\",\"url\":\"https:\\\/\\\/etoxproject.eu\\\/no\\\/produkt\\\/akusoli-innleggssaler\\\/\",\"name\":\"Akusoli innleggss\u00e5ler \u2764\ufe0f 70 % rabatt p\u00e5 prisen i Norge\",\"isPartOf\":{\"@id\":\"https:\\\/\\\/etoxproject.eu\\\/no\\\/#website\"},\"primaryImageOfPage\":{\"@id\":\"https:\\\/\\\/etoxproject.eu\\\/no\\\/produkt\\\/akusoli-innleggssaler\\\/#primaryimage\"},\"image\":{\"@id\":\"https:\\\/\\\/etoxproject.eu\\\/no\\\/produkt\\\/akusoli-innleggssaler\\\/#primaryimage\"},\"thumbnailUrl\":\"https:\\\/\\\/etoxproject.eu\\\/wp-content\\\/uploads\\\/2024\\\/11\\\/akusoli-einlagen.jpg\",\"datePublished\":\"2024-12-13T06:34:53+00:00\",\"breadcrumb\":{\"@id\":\"https:\\\/\\\/etoxproject.eu\\\/no\\\/produkt\\\/akusoli-innleggssaler\\\/#breadcrumb\"},\"inLanguage\":\"nb-NO\",\"potentialAction\":[{\"@type\":\"ReadAction\",\"target\":[\"https:\\\/\\\/etoxproject.eu\\\/no\\\/produkt\\\/akusoli-innleggssaler\\\/\"]}]},{\"@type\":\"ImageObject\",\"inLanguage\":\"nb-NO\",\"@id\":\"https:\\\/\\\/etoxproject.eu\\\/no\\\/produkt\\\/akusoli-innleggssaler\\\/#primaryimage\",\"url\":\"https:\\\/\\\/etoxproject.eu\\\/wp-content\\\/uploads\\\/2024\\\/11\\\/akusoli-einlagen.jpg\",\"contentUrl\":\"https:\\\/\\\/etoxproject.eu\\\/wp-content\\\/uploads\\\/2024\\\/11\\\/akusoli-einlagen.jpg\",\"width\":860,\"height\":714},{\"@type\":\"BreadcrumbList\",\"@id\":\"https:\\\/\\\/etoxproject.eu\\\/no\\\/produkt\\\/akusoli-innleggssaler\\\/#breadcrumb\",\"itemListElement\":[{\"@type\":\"ListItem\",\"position\":1,\"name\":\"Startseite\",\"item\":\"https:\\\/\\\/etoxproject.eu\\\/no\\\/\"},{\"@type\":\"ListItem\",\"position\":2,\"name\":\"Shop\",\"item\":\"https:\\\/\\\/etoxproject.eu\\\/shop\\\/\"},{\"@type\":\"ListItem\",\"position\":3,\"name\":\"Akusoli innleggss\u00e5ler\"}]},{\"@type\":\"WebSite\",\"@id\":\"https:\\\/\\\/etoxproject.eu\\\/no\\\/#website\",\"url\":\"https:\\\/\\\/etoxproject.eu\\\/no\\\/\",\"name\":\"etoxproject.eu\",\"description\":\"\",\"publisher\":{\"@id\":\"https:\\\/\\\/etoxproject.eu\\\/no\\\/#organization\"},\"potentialAction\":[{\"@type\":\"SearchAction\",\"target\":{\"@type\":\"EntryPoint\",\"urlTemplate\":\"https:\\\/\\\/etoxproject.eu\\\/no\\\/?s={search_term_string}\"},\"query-input\":{\"@type\":\"PropertyValueSpecification\",\"valueRequired\":true,\"valueName\":\"search_term_string\"}}],\"inLanguage\":\"nb-NO\"},{\"@type\":\"Organization\",\"@id\":\"https:\\\/\\\/etoxproject.eu\\\/no\\\/#organization\",\"name\":\"etoxproject.eu\",\"url\":\"https:\\\/\\\/etoxproject.eu\\\/no\\\/\",\"logo\":{\"@type\":\"ImageObject\",\"inLanguage\":\"nb-NO\",\"@id\":\"https:\\\/\\\/etoxproject.eu\\\/no\\\/#\\\/schema\\\/logo\\\/image\\\/\",\"url\":\"https:\\\/\\\/etoxproject.eu\\\/wp-content\\\/uploads\\\/2024\\\/12\\\/etoxproject.png\",\"contentUrl\":\"https:\\\/\\\/etoxproject.eu\\\/wp-content\\\/uploads\\\/2024\\\/12\\\/etoxproject.png\",\"width\":315,\"height\":69,\"caption\":\"etoxproject.eu\"},\"image\":{\"@id\":\"https:\\\/\\\/etoxproject.eu\\\/no\\\/#\\\/schema\\\/logo\\\/image\\\/\"}}]}<\/script>\n<!-- \/ Yoast SEO plugin. -->","yoast_head_json":{"title":"Akusoli innleggss\u00e5ler \u2764\ufe0f 70 % rabatt p\u00e5 prisen i Norge","robots":{"index":"index","follow":"follow","max-snippet":"max-snippet:-1","max-image-preview":"max-image-preview:large","max-video-preview":"max-video-preview:-1"},"canonical":"https:\/\/etoxproject.eu\/no\/produkt\/akusoli-innleggssaler\/","og_locale":"nb_NO","og_type":"article","og_title":"Akusoli innleggss\u00e5ler \u2764\ufe0f 70 % rabatt p\u00e5 prisen i Norge","og_description":"Akusoli innleggss\u00e5ler er et innovativt produkt som fokuserer p\u00e5 \u00e5 st\u00f8tte vektreduksjon gjennom bruk av spesielle materialer og teknologier. I denne anmeldelsen tar vi en detaljert titt p\u00e5 funksjonene, fordelene og brukeropplevelsene til disse innleggss\u00e5lene. Vi ser ogs\u00e5 p\u00e5 den vitenskapelige bakgrunnen og diskuterer hvordan prisen er sammenlignet med andre produkter. Materialer og ingredienser Akusoli-innleggss\u00e5lene ... Read more","og_url":"https:\/\/etoxproject.eu\/no\/produkt\/akusoli-innleggssaler\/","og_site_name":"etoxproject.eu","og_image":[{"width":860,"height":714,"url":"https:\/\/etoxproject.eu\/wp-content\/uploads\/2024\/11\/akusoli-einlagen.jpg","type":"image\/jpeg"}],"twitter_card":"summary_large_image","twitter_misc":{"Ansl. lesetid":"4 minutter"},"schema":{"@context":"https:\/\/schema.org","@graph":[{"@type":"WebPage","@id":"https:\/\/etoxproject.eu\/no\/produkt\/akusoli-innleggssaler\/","url":"https:\/\/etoxproject.eu\/no\/produkt\/akusoli-innleggssaler\/","name":"Akusoli innleggss\u00e5ler \u2764\ufe0f 70 % rabatt p\u00e5 prisen i Norge","isPartOf":{"@id":"https:\/\/etoxproject.eu\/no\/#website"},"primaryImageOfPage":{"@id":"https:\/\/etoxproject.eu\/no\/produkt\/akusoli-innleggssaler\/#primaryimage"},"image":{"@id":"https:\/\/etoxproject.eu\/no\/produkt\/akusoli-innleggssaler\/#primaryimage"},"thumbnailUrl":"https:\/\/etoxproject.eu\/wp-content\/uploads\/2024\/11\/akusoli-einlagen.jpg","datePublished":"2024-12-13T06:34:53+00:00","breadcrumb":{"@id":"https:\/\/etoxproject.eu\/no\/produkt\/akusoli-innleggssaler\/#breadcrumb"},"inLanguage":"nb-NO","potentialAction":[{"@type":"ReadAction","target":["https:\/\/etoxproject.eu\/no\/produkt\/akusoli-innleggssaler\/"]}]},{"@type":"ImageObject","inLanguage":"nb-NO","@id":"https:\/\/etoxproject.eu\/no\/produkt\/akusoli-innleggssaler\/#primaryimage","url":"https:\/\/etoxproject.eu\/wp-content\/uploads\/2024\/11\/akusoli-einlagen.jpg","contentUrl":"https:\/\/etoxproject.eu\/wp-content\/uploads\/2024\/11\/akusoli-einlagen.jpg","width":860,"height":714},{"@type":"BreadcrumbList","@id":"https:\/\/etoxproject.eu\/no\/produkt\/akusoli-innleggssaler\/#breadcrumb","itemListElement":[{"@type":"ListItem","position":1,"name":"Startseite","item":"https:\/\/etoxproject.eu\/no\/"},{"@type":"ListItem","position":2,"name":"Shop","item":"https:\/\/etoxproject.eu\/shop\/"},{"@type":"ListItem","position":3,"name":"Akusoli innleggss\u00e5ler"}]},{"@type":"WebSite","@id":"https:\/\/etoxproject.eu\/no\/#website","url":"https:\/\/etoxproject.eu\/no\/","name":"etoxproject.eu","description":"","publisher":{"@id":"https:\/\/etoxproject.eu\/no\/#organization"},"potentialAction":[{"@type":"SearchAction","target":{"@type":"EntryPoint","urlTemplate":"https:\/\/etoxproject.eu\/no\/?s={search_term_string}"},"query-input":{"@type":"PropertyValueSpecification","valueRequired":true,"valueName":"search_term_string"}}],"inLanguage":"nb-NO"},{"@type":"Organization","@id":"https:\/\/etoxproject.eu\/no\/#organization","name":"etoxproject.eu","url":"https:\/\/etoxproject.eu\/no\/","logo":{"@type":"ImageObject","inLanguage":"nb-NO","@id":"https:\/\/etoxproject.eu\/no\/#\/schema\/logo\/image\/","url":"https:\/\/etoxproject.eu\/wp-content\/uploads\/2024\/12\/etoxproject.png","contentUrl":"https:\/\/etoxproject.eu\/wp-content\/uploads\/2024\/12\/etoxproject.png","width":315,"height":69,"caption":"etoxproject.eu"},"image":{"@id":"https:\/\/etoxproject.eu\/no\/#\/schema\/logo\/image\/"}}]}},"_links":{"self":[{"href":"https:\/\/etoxproject.eu\/no\/wp-json\/wp\/v2\/product\/1380","targetHints":{"allow":["GET"]}}],"collection":[{"href":"https:\/\/etoxproject.eu\/no\/wp-json\/wp\/v2\/product"}],"about":[{"href":"https:\/\/etoxproject.eu\/no\/wp-json\/wp\/v2\/types\/product"}],"replies":[{"embeddable":true,"href":"https:\/\/etoxproject.eu\/no\/wp-json\/wp\/v2\/comments?post=1380"}],"wp:featuredmedia":[{"embeddable":true,"href":"https:\/\/etoxproject.eu\/no\/wp-json\/wp\/v2\/media\/1381"}],"wp:attachment":[{"href":"https:\/\/etoxproject.eu\/no\/wp-json\/wp\/v2\/media?parent=1380"}],"wp:term":[{"taxonomy":"product_brand","embeddable":true,"href":"https:\/\/etoxproject.eu\/no\/wp-json\/wp\/v2\/product_brand?post=1380"},{"taxonomy":"product_cat","embeddable":true,"href":"https:\/\/etoxproject.eu\/no\/wp-json\/wp\/v2\/product_cat?post=1380"},{"taxonomy":"product_tag","embeddable":true,"href":"https:\/\/etoxproject.eu\/no\/wp-json\/wp\/v2\/product_tag?post=1380"}],"curies":[{"name":"wp","href":"https:\/\/api.w.org\/{rel}","templated":true}]}}