{"id":1923,"date":"2025-01-03T12:33:34","date_gmt":"2025-01-03T11:41:15","guid":{"rendered":"https:\/\/etoxproject.eu\/?post_type=product&#038;p=1923"},"modified":"2025-01-03T12:41:15","modified_gmt":"2025-01-03T11:41:15","slug":"emura-pan","status":"publish","type":"product","link":"https:\/\/etoxproject.eu\/no\/produkt\/emura-pan\/","title":{"rendered":"Emura pan"},"content":{"rendered":"<p><strong>Hvis du er ute etter en stekepanne av h\u00f8y kvalitet som b\u00e5de er visuelt tiltalende og funksjonell, er Emura-stekepannen et utmerket valg. I denne anmeldelsen vil vi presentere deg for fordelene med denne bemerkelsesverdige pannen i detalj og forklare hvorfor den er en ressurs for ethvert kj\u00f8kken.<\/strong><\/p>\n<h2>Erfaringer, vurderinger og test av Emura-panne<\/h2>\n<h3>Materialer av h\u00f8y kvalitet<\/h3>\n<p><a href=\"https:\/\/emurapanne.no\/\">Emura-pannen<\/a> er laget av slitesterkt aluminium, som ikke bare er lett, men som ogs\u00e5 har utmerket varmeledningsevne. Non-stick-belegget er PFOA-fritt, noe som gj\u00f8r det spesielt trygt \u00e5 tilberede mat.<\/p>\n<h3>Moderne design<\/h3>\n<p>Med sin minimalistiske, men elegante design passer Emura-pannen inn i ethvert moderne kj\u00f8kken. H\u00e5ndtaket i rustfritt st\u00e5l gir ikke bare pannen stabilitet, men ogs\u00e5 et luksuri\u00f8st utseende. I tillegg er h\u00e5ndtaket ergonomisk formet og har en sklisikker overflate som er behagelig selv ved intensiv bruk.<\/p>\n<h3>Robust konstruksjon<\/h3>\n<p>Den solide utf\u00f8relsen s\u00f8rger for at pannen beholder formen selv ved h\u00f8ye temperaturer. Dette sikrer jevn ytelse i mange \u00e5r fremover.<\/p>\n<h2>Emura-panne test<\/h2>\n<h3>Perfekt varmefordeling<\/h3>\n<p>Emura-pannen kjennetegnes av den jevne varmefordelingen, som s\u00f8rger for at maten tilberedes jevnt fra midten til kanten. Dette er spesielt viktig for \u00e5 oppn\u00e5 perfekte resultater med retter som pannekaker, omeletter eller sauterte gr\u00f8nnsaker.<\/p>\n<h3>Perfekt non-stick-belegg<\/h3>\n<p>Takket v\u00e6re det avanserte non-stick-belegget h\u00f8rer brent mat fortiden til. Belegget er s\u00e5 effektivt at det ofte kreves lite eller ikke noe fett, noe som gj\u00f8r det enklere \u00e5 tilberede sunnere m\u00e5ltider.<\/p>\n<h3>Rask oppvarming<\/h3>\n<p>Stekepannen n\u00e5r \u00f8nsket temperatur p\u00e5 kort tid, noe som gj\u00f8r matlagingen mer effektiv. Dette sparer ikke bare tid, men ogs\u00e5 energi.<\/p>\n<h2>Varierbarhet<\/h2>\n<h3>Tilpasset alle typer platetopper<\/h3>\n<p>Emura-pannen er kompatibel med alle typer platetopper, inkludert gass, elektrisk, keramisk og induksjon. Dette gj\u00f8r den til en allsidig allrounder som ingen kj\u00f8kken b\u00f8r v\u00e6re foruten.<\/p>\n<h3>Egnet for stekeovn<\/h3>\n<p>Emura-pannen t\u00e5ler varme opp til 250 \u00b0C og er derfor ogs\u00e5 ideell for tilberedning av ovnsretter. Fra sviing p\u00e5 komfyren til sluttsteking i ovnen &#8211; pannen har et bredt spekter av bruksomr\u00e5der.<\/p>\n<h3>Forskjellige oppskriftsideer<\/h3>\n<p>Om det er kj\u00f8tt, fisk, gr\u00f8nnsaker eller desserter som pannekaker &#8211; Emura-pannen viser seg fra sin beste side n\u00e5r du tilbereder et bredt utvalg av retter. Den inspirerer b\u00e5de amat\u00f8rer og profesjonelle kokker til \u00e5 skape kreative kj\u00f8kkenopplevelser.<\/p>\n<h2>Slitestyrke<\/h2>\n<h3>Motstandsdyktighet mot riper<\/h3>\n<p>Det spesielle belegget p\u00e5 pannen er ekstremt motstandsdyktig mot riper og s\u00f8rger for at den ser ut som ny selv etter hyppig bruk. Selv bruk av kj\u00f8kkenredskaper av metall for\u00e5rsaker ikke skader.<\/p>\n<h3>Lett \u00e5 rengj\u00f8re<\/h3>\n<p>Emura 24 cm er sv\u00e6rt enkel \u00e5 rengj\u00f8re. Ofte er det tilstrekkelig \u00e5 t\u00f8rke av pannen med en fuktig klut. Den t\u00e5ler ogs\u00e5 oppvaskmaskin, noe som gj\u00f8r rengj\u00f8ringen enda enklere.<\/p>\n<h3>Langvarig ytelse<\/h3>\n<p>Takket v\u00e6re materialer av h\u00f8y kvalitet og presis utf\u00f8relse holder pannen seg kraftig selv etter mange \u00e5rs intensiv bruk. Med riktig pleie vil den bli en uunnv\u00e6rlig hjelper p\u00e5 kj\u00f8kkenet.<\/p>\n<h2>B\u00e6rekraftighet<\/h2>\n<h3>Milj\u00f8vennlig produksjon<\/h3>\n<p>Emura-pannen 28 cm er produsert i henhold til strenge milj\u00f8bestemmelser. Det er lagt vekt p\u00e5 \u00e5 minimere CO2-utslippene under produksjonen.<\/p>\n<h3>Resirkulerbare materialer<\/h3>\n<p>Stekepannen er laget av materialer som er fullt resirkulerbare. Det gj\u00f8r den til et milj\u00f8vennlig valg for alle som setter b\u00e6rekraft h\u00f8yt.<\/p>\n<h3>Lang levetid som en b\u00e6rekraftfaktor<\/h3>\n<p>Ved \u00e5 tilby maksimal ytelse i mange \u00e5r fremover minimerer pannen behovet for nyanskaffelser. Det sparer ressurser og reduserer avfallsmengden.<\/p>\n<h2>Fordelene i korte trekk<\/h2>\n<ul>\n<li><strong>H\u00f8y kvalitet:<\/strong> Robuste materialer og presis utf\u00f8relse.<\/li>\n<li><strong>Utmerket varmefordeling:<\/strong> Perfekt tilberedningsresultat p\u00e5 alle typer platetopper.<\/li>\n<li><strong>Mangsidighet:<\/strong> Passer til b\u00e5de komfyr og stekeovn.<\/li>\n<li><strong>Lett \u00e5 rengj\u00f8re:<\/strong> Lett \u00e5 rengj\u00f8re og t\u00e5ler oppvaskmaskin.<\/li>\n<li><strong>B\u00e6rekraftighet:<\/strong> Milj\u00f8vennlig produksjon og resirkulerbare materialer.<\/li>\n<\/ul>\n<h2>Kj\u00f8p Emura stekepanne til den beste prisen<\/h2>\n<p><strong>Gunstig pris direkte fra produsenten av Emura-pannen<\/strong>.<\/p>\n<p>Emura-pannen imponerer over hele linjen og setter nye standarder for kj\u00f8kkentilbeh\u00f8r. Den h\u00f8ye kvaliteten, den utmerkede varmefordelingen, allsidigheten og den milj\u00f8vennlige produksjonen gj\u00f8r den til et must-have. Enten du er en lidenskapelig amat\u00f8rkokk eller en profesjonell, er Emura-pannen det perfekte valget for alle dine kulinariske prosjekter. Hvis du setter pris p\u00e5 kvalitet, holdbarhet og b\u00e6rekraft, vil denne pannen overg\u00e5 forventningene dine.<\/p>\n","protected":false},"excerpt":{"rendered":"<p>Hvis du er ute etter en stekepanne av h\u00f8y kvalitet som b\u00e5de er visuelt tiltalende og funksjonell, er Emura-stekepannen et utmerket valg. I denne anmeldelsen vil vi presentere deg for fordelene med denne bemerkelsesverdige pannen i detalj og forklare hvorfor den er en ressurs for ethvert kj\u00f8kken. Erfaringer, vurderinger og test av Emura-panne Materialer av &#8230; <a title=\"Emura pan\" class=\"read-more\" href=\"https:\/\/etoxproject.eu\/no\/produkt\/emura-pan\/\" aria-label=\"More on Emura pan\">Read more<\/a><\/p>\n","protected":false},"featured_media":1915,"comment_status":"open","ping_status":"closed","template":"","meta":[],"product_brand":[],"product_cat":[],"product_tag":[],"class_list":{"0":"post-1923","1":"product","2":"type-product","3":"status-publish","4":"has-post-thumbnail","7":"first","8":"instock","9":"sale","10":"shipping-taxable","11":"product-type-external"},"yoast_head":"<!-- This site is optimized with the Yoast SEO plugin v27.4 - https:\/\/yoast.com\/product\/yoast-seo-wordpress\/ -->\n<title>Emura pan \ud83d\uddd2\ufe0f Erfaring og billigste pris - Norge<\/title>\n<meta name=\"robots\" content=\"index, follow, max-snippet:-1, max-image-preview:large, max-video-preview:-1\" \/>\n<link rel=\"canonical\" href=\"https:\/\/etoxproject.eu\/no\/produkt\/emura-pan\/\" \/>\n<meta property=\"og:locale\" content=\"nb_NO\" \/>\n<meta property=\"og:type\" content=\"article\" \/>\n<meta property=\"og:title\" content=\"Emura pan \ud83d\uddd2\ufe0f Erfaring og billigste pris - Norge\" \/>\n<meta property=\"og:description\" content=\"Hvis du er ute etter en stekepanne av h\u00f8y kvalitet som b\u00e5de er visuelt tiltalende og funksjonell, er Emura-stekepannen et utmerket valg. I denne anmeldelsen vil vi presentere deg for fordelene med denne bemerkelsesverdige pannen i detalj og forklare hvorfor den er en ressurs for ethvert kj\u00f8kken. Erfaringer, vurderinger og test av Emura-panne Materialer av ... Read more\" \/>\n<meta property=\"og:url\" content=\"https:\/\/etoxproject.eu\/no\/produkt\/emura-pan\/\" \/>\n<meta property=\"og:site_name\" content=\"etoxproject.eu\" \/>\n<meta property=\"og:image\" content=\"https:\/\/etoxproject.eu\/wp-content\/uploads\/2025\/01\/emura-pfanne.jpg\" \/>\n\t<meta property=\"og:image:width\" content=\"660\" \/>\n\t<meta property=\"og:image:height\" content=\"660\" \/>\n\t<meta property=\"og:image:type\" content=\"image\/jpeg\" \/>\n<meta name=\"twitter:card\" content=\"summary_large_image\" \/>\n<meta name=\"twitter:label1\" content=\"Ansl. lesetid\" \/>\n\t<meta name=\"twitter:data1\" content=\"4 minutter\" \/>\n<script type=\"application\/ld+json\" class=\"yoast-schema-graph\">{\"@context\":\"https:\\\/\\\/schema.org\",\"@graph\":[{\"@type\":\"WebPage\",\"@id\":\"https:\\\/\\\/etoxproject.eu\\\/no\\\/produkt\\\/emura-pan\\\/\",\"url\":\"https:\\\/\\\/etoxproject.eu\\\/no\\\/produkt\\\/emura-pan\\\/\",\"name\":\"Emura pan \ud83d\uddd2\ufe0f Erfaring og billigste pris - Norge\",\"isPartOf\":{\"@id\":\"https:\\\/\\\/etoxproject.eu\\\/no\\\/#website\"},\"primaryImageOfPage\":{\"@id\":\"https:\\\/\\\/etoxproject.eu\\\/no\\\/produkt\\\/emura-pan\\\/#primaryimage\"},\"image\":{\"@id\":\"https:\\\/\\\/etoxproject.eu\\\/no\\\/produkt\\\/emura-pan\\\/#primaryimage\"},\"thumbnailUrl\":\"https:\\\/\\\/etoxproject.eu\\\/wp-content\\\/uploads\\\/2025\\\/01\\\/emura-pfanne.jpg\",\"datePublished\":\"2025-01-03T11:41:15+00:00\",\"breadcrumb\":{\"@id\":\"https:\\\/\\\/etoxproject.eu\\\/no\\\/produkt\\\/emura-pan\\\/#breadcrumb\"},\"inLanguage\":\"nb-NO\",\"potentialAction\":[{\"@type\":\"ReadAction\",\"target\":[\"https:\\\/\\\/etoxproject.eu\\\/no\\\/produkt\\\/emura-pan\\\/\"]}]},{\"@type\":\"ImageObject\",\"inLanguage\":\"nb-NO\",\"@id\":\"https:\\\/\\\/etoxproject.eu\\\/no\\\/produkt\\\/emura-pan\\\/#primaryimage\",\"url\":\"https:\\\/\\\/etoxproject.eu\\\/wp-content\\\/uploads\\\/2025\\\/01\\\/emura-pfanne.jpg\",\"contentUrl\":\"https:\\\/\\\/etoxproject.eu\\\/wp-content\\\/uploads\\\/2025\\\/01\\\/emura-pfanne.jpg\",\"width\":660,\"height\":660,\"caption\":\"emura pfanne\"},{\"@type\":\"BreadcrumbList\",\"@id\":\"https:\\\/\\\/etoxproject.eu\\\/no\\\/produkt\\\/emura-pan\\\/#breadcrumb\",\"itemListElement\":[{\"@type\":\"ListItem\",\"position\":1,\"name\":\"Startseite\",\"item\":\"https:\\\/\\\/etoxproject.eu\\\/no\\\/\"},{\"@type\":\"ListItem\",\"position\":2,\"name\":\"Shop\",\"item\":\"https:\\\/\\\/etoxproject.eu\\\/shop\\\/\"},{\"@type\":\"ListItem\",\"position\":3,\"name\":\"Emura pan\"}]},{\"@type\":\"WebSite\",\"@id\":\"https:\\\/\\\/etoxproject.eu\\\/no\\\/#website\",\"url\":\"https:\\\/\\\/etoxproject.eu\\\/no\\\/\",\"name\":\"etoxproject.eu\",\"description\":\"\",\"publisher\":{\"@id\":\"https:\\\/\\\/etoxproject.eu\\\/no\\\/#organization\"},\"potentialAction\":[{\"@type\":\"SearchAction\",\"target\":{\"@type\":\"EntryPoint\",\"urlTemplate\":\"https:\\\/\\\/etoxproject.eu\\\/no\\\/?s={search_term_string}\"},\"query-input\":{\"@type\":\"PropertyValueSpecification\",\"valueRequired\":true,\"valueName\":\"search_term_string\"}}],\"inLanguage\":\"nb-NO\"},{\"@type\":\"Organization\",\"@id\":\"https:\\\/\\\/etoxproject.eu\\\/no\\\/#organization\",\"name\":\"etoxproject.eu\",\"url\":\"https:\\\/\\\/etoxproject.eu\\\/no\\\/\",\"logo\":{\"@type\":\"ImageObject\",\"inLanguage\":\"nb-NO\",\"@id\":\"https:\\\/\\\/etoxproject.eu\\\/no\\\/#\\\/schema\\\/logo\\\/image\\\/\",\"url\":\"https:\\\/\\\/etoxproject.eu\\\/wp-content\\\/uploads\\\/2024\\\/12\\\/etoxproject.png\",\"contentUrl\":\"https:\\\/\\\/etoxproject.eu\\\/wp-content\\\/uploads\\\/2024\\\/12\\\/etoxproject.png\",\"width\":315,\"height\":69,\"caption\":\"etoxproject.eu\"},\"image\":{\"@id\":\"https:\\\/\\\/etoxproject.eu\\\/no\\\/#\\\/schema\\\/logo\\\/image\\\/\"}}]}<\/script>\n<!-- \/ Yoast SEO plugin. -->","yoast_head_json":{"title":"Emura pan \ud83d\uddd2\ufe0f Erfaring og billigste pris - Norge","robots":{"index":"index","follow":"follow","max-snippet":"max-snippet:-1","max-image-preview":"max-image-preview:large","max-video-preview":"max-video-preview:-1"},"canonical":"https:\/\/etoxproject.eu\/no\/produkt\/emura-pan\/","og_locale":"nb_NO","og_type":"article","og_title":"Emura pan \ud83d\uddd2\ufe0f Erfaring og billigste pris - Norge","og_description":"Hvis du er ute etter en stekepanne av h\u00f8y kvalitet som b\u00e5de er visuelt tiltalende og funksjonell, er Emura-stekepannen et utmerket valg. I denne anmeldelsen vil vi presentere deg for fordelene med denne bemerkelsesverdige pannen i detalj og forklare hvorfor den er en ressurs for ethvert kj\u00f8kken. Erfaringer, vurderinger og test av Emura-panne Materialer av ... Read more","og_url":"https:\/\/etoxproject.eu\/no\/produkt\/emura-pan\/","og_site_name":"etoxproject.eu","og_image":[{"width":660,"height":660,"url":"https:\/\/etoxproject.eu\/wp-content\/uploads\/2025\/01\/emura-pfanne.jpg","type":"image\/jpeg"}],"twitter_card":"summary_large_image","twitter_misc":{"Ansl. lesetid":"4 minutter"},"schema":{"@context":"https:\/\/schema.org","@graph":[{"@type":"WebPage","@id":"https:\/\/etoxproject.eu\/no\/produkt\/emura-pan\/","url":"https:\/\/etoxproject.eu\/no\/produkt\/emura-pan\/","name":"Emura pan \ud83d\uddd2\ufe0f Erfaring og billigste pris - Norge","isPartOf":{"@id":"https:\/\/etoxproject.eu\/no\/#website"},"primaryImageOfPage":{"@id":"https:\/\/etoxproject.eu\/no\/produkt\/emura-pan\/#primaryimage"},"image":{"@id":"https:\/\/etoxproject.eu\/no\/produkt\/emura-pan\/#primaryimage"},"thumbnailUrl":"https:\/\/etoxproject.eu\/wp-content\/uploads\/2025\/01\/emura-pfanne.jpg","datePublished":"2025-01-03T11:41:15+00:00","breadcrumb":{"@id":"https:\/\/etoxproject.eu\/no\/produkt\/emura-pan\/#breadcrumb"},"inLanguage":"nb-NO","potentialAction":[{"@type":"ReadAction","target":["https:\/\/etoxproject.eu\/no\/produkt\/emura-pan\/"]}]},{"@type":"ImageObject","inLanguage":"nb-NO","@id":"https:\/\/etoxproject.eu\/no\/produkt\/emura-pan\/#primaryimage","url":"https:\/\/etoxproject.eu\/wp-content\/uploads\/2025\/01\/emura-pfanne.jpg","contentUrl":"https:\/\/etoxproject.eu\/wp-content\/uploads\/2025\/01\/emura-pfanne.jpg","width":660,"height":660,"caption":"emura pfanne"},{"@type":"BreadcrumbList","@id":"https:\/\/etoxproject.eu\/no\/produkt\/emura-pan\/#breadcrumb","itemListElement":[{"@type":"ListItem","position":1,"name":"Startseite","item":"https:\/\/etoxproject.eu\/no\/"},{"@type":"ListItem","position":2,"name":"Shop","item":"https:\/\/etoxproject.eu\/shop\/"},{"@type":"ListItem","position":3,"name":"Emura pan"}]},{"@type":"WebSite","@id":"https:\/\/etoxproject.eu\/no\/#website","url":"https:\/\/etoxproject.eu\/no\/","name":"etoxproject.eu","description":"","publisher":{"@id":"https:\/\/etoxproject.eu\/no\/#organization"},"potentialAction":[{"@type":"SearchAction","target":{"@type":"EntryPoint","urlTemplate":"https:\/\/etoxproject.eu\/no\/?s={search_term_string}"},"query-input":{"@type":"PropertyValueSpecification","valueRequired":true,"valueName":"search_term_string"}}],"inLanguage":"nb-NO"},{"@type":"Organization","@id":"https:\/\/etoxproject.eu\/no\/#organization","name":"etoxproject.eu","url":"https:\/\/etoxproject.eu\/no\/","logo":{"@type":"ImageObject","inLanguage":"nb-NO","@id":"https:\/\/etoxproject.eu\/no\/#\/schema\/logo\/image\/","url":"https:\/\/etoxproject.eu\/wp-content\/uploads\/2024\/12\/etoxproject.png","contentUrl":"https:\/\/etoxproject.eu\/wp-content\/uploads\/2024\/12\/etoxproject.png","width":315,"height":69,"caption":"etoxproject.eu"},"image":{"@id":"https:\/\/etoxproject.eu\/no\/#\/schema\/logo\/image\/"}}]}},"_links":{"self":[{"href":"https:\/\/etoxproject.eu\/no\/wp-json\/wp\/v2\/product\/1923","targetHints":{"allow":["GET"]}}],"collection":[{"href":"https:\/\/etoxproject.eu\/no\/wp-json\/wp\/v2\/product"}],"about":[{"href":"https:\/\/etoxproject.eu\/no\/wp-json\/wp\/v2\/types\/product"}],"replies":[{"embeddable":true,"href":"https:\/\/etoxproject.eu\/no\/wp-json\/wp\/v2\/comments?post=1923"}],"wp:featuredmedia":[{"embeddable":true,"href":"https:\/\/etoxproject.eu\/no\/wp-json\/wp\/v2\/media\/1915"}],"wp:attachment":[{"href":"https:\/\/etoxproject.eu\/no\/wp-json\/wp\/v2\/media?parent=1923"}],"wp:term":[{"taxonomy":"product_brand","embeddable":true,"href":"https:\/\/etoxproject.eu\/no\/wp-json\/wp\/v2\/product_brand?post=1923"},{"taxonomy":"product_cat","embeddable":true,"href":"https:\/\/etoxproject.eu\/no\/wp-json\/wp\/v2\/product_cat?post=1923"},{"taxonomy":"product_tag","embeddable":true,"href":"https:\/\/etoxproject.eu\/no\/wp-json\/wp\/v2\/product_tag?post=1923"}],"curies":[{"name":"wp","href":"https:\/\/api.w.org\/{rel}","templated":true}]}}