{"id":3840,"date":"2024-12-16T06:50:50","date_gmt":"2024-12-16T05:50:50","guid":{"rendered":"https:\/\/etoxproject.eu\/?post_type=product&#038;p=3840"},"modified":"2025-09-25T20:27:56","modified_gmt":"2025-09-25T18:27:56","slug":"troviran","status":"publish","type":"product","link":"https:\/\/etoxproject.eu\/no\/produkt\/troviran\/","title":{"rendered":"Troviran"},"content":{"rendered":"<p>\u00abTroviran\u00bb er et innovativt kosttilskudd som er spesielt utviklet for \u00e5 fremme stoffskiftet, styrke immunforsvaret og st\u00f8tte vekttap. Det er sv\u00e6rt popul\u00e6rt blant brukere som legger vekt p\u00e5 naturlige ingredienser og b\u00e6rekraftige resultater.<\/p>\n<h2>Troviran kapsler test og erfaringer<\/h2>\n<table>\n<tbody>\n<tr>\n<th>Egenskaper<\/th>\n<th>Detaljer<\/th>\n<\/tr>\n<tr>\n<td>Produktnavn<\/td>\n<td>Troviran<\/td>\n<\/tr>\n<tr>\n<td>Produsent<\/td>\n<td>HealthCore GmbH<\/td>\n<\/tr>\n<tr>\n<td>Bruk<\/td>\n<td>Metabolisme og vektkontroll<\/td>\n<\/tr>\n<tr>\n<td>Doseringsform<\/td>\n<td>Tabletter<\/td>\n<\/tr>\n<tr>\n<td>Anbefalt dosering<\/td>\n<td>1 tablett daglig<\/td>\n<\/tr>\n<tr>\n<td>Pris<\/td>\n<td>36,65 \u20ac per pakke (30 tabletter)<\/td>\n<\/tr>\n<\/tbody>\n<\/table>\n<p>&nbsp;<\/p>\n<h2>Ingredienser<\/h2>\n<p>Virkningen av \u00abTroviran\u00bb er basert p\u00e5 en unik kombinasjon av naturlige ingredienser som er perfekt avstemt for \u00e5 oppn\u00e5 optimale resultater. Her er de viktigste ingrediensene:<\/p>\n<ul>\n<li><strong>Spirulina-pulver:<\/strong> Rik p\u00e5 antioksidanter og essensielle aminosyrer. St\u00f8tter avgiftning og leverer verdifulle n\u00e6ringsstoffer.<\/li>\n<li><strong>Matcha-pulver:<\/strong> Fremmer stoffskiftet, virker oppkvikkende og inneholder en h\u00f8y konsentrasjon av katekiner.<\/li>\n<li><strong>Epleeddikeekstrakt:<\/strong> St\u00f8tter ford\u00f8yelsen og fettstoffskiftet. Fremmer en sunn syre-base-balanse.<\/li>\n<li><strong>L-arginin HCL:<\/strong> Forbedrer blodsirkulasjonen og \u00f8ker den sportslige ytelsen.<\/li>\n<li><strong>L-karnitin HCL:<\/strong> Spiller en n\u00f8kkelrolle i fettstoffskiftet og hjelper til med \u00e5 omdanne lagret fett til energi.<\/li>\n<li><strong>Sink:<\/strong> Styrker immunforsvaret og bidrar til normal funksjon av hud, h\u00e5r og negler.<\/li>\n<\/ul>\n<h2>Fordeler med Troviran<\/h2>\n<p>\u00abTroviran\u00bb har en rekke fordeler som gj\u00f8r det til et utmerket valg for personer som \u00f8nsker \u00e5 forbedre sin helse og velv\u00e6re:<\/p>\n<ul>\n<li>Naturlige ingredienser som er vitenskapelig testet.<\/li>\n<li>Enkelt \u00e5 integrere i hverdagen med bare \u00e9n tablett per dag.<\/li>\n<li>Fremmer fettforbrenningen p\u00e5 lang sikt og st\u00f8tter vektkontroll.<\/li>\n<li>Forbedrer energiniv\u00e5et og det generelle velv\u00e6ret.<\/li>\n<li>Styrker immunforsvaret og beskytter mot frie radikaler.<\/li>\n<li>H\u00f8y kundetilfredshet og positive vurderinger.<\/li>\n<\/ul>\n<h2>Bruk<br \/>\nDet er veldig enkelt \u00e5 ta Troviran: Ta \u00e9n tablett daglig med tilstrekkelig vann, helst om morgenen, for \u00e5 dra nytte av den metabolismefremmende effekten hele dagen.<\/h2>\n<h2>Kundeopplevelser<\/h2>\n<p>Troviran har f\u00e5tt mange entusiastiske kundeanmeldelser. Her er noen eksempler:<\/p>\n<blockquote><p>\u00abSiden jeg begynte \u00e5 ta Troviran, f\u00f8ler jeg meg mer energisk og har endelig gjort fremskritt med \u00e5 g\u00e5 ned i vekt!\u00bb \u2013 <em>Sandra K.<\/em><\/p>\n<p>\u00abJeg var skeptisk, men etter en m\u00e5ned er jeg begeistret. Stoffskiftet mitt g\u00e5r p\u00e5 h\u00f8ygir, og jeg f\u00f8ler meg helt vel.\u00bb \u2013 <em>Michael T.<\/em><\/p>\n<p>\u00abTroviran har hjulpet meg med \u00e5 n\u00e5 mine diettm\u00e5l. Enkel \u00e5 bruke og veldig effektiv.\u00bb \u2013 <em>Lisa M.<\/em><\/p><\/blockquote>\n<h2>Vurdering av hovedkriteriene<\/h2>\n<table>\n<tbody>\n<tr>\n<th>Kriterium<\/th>\n<th>Vurdering<\/th>\n<th>Kommentar<\/th>\n<\/tr>\n<tr>\n<td>Effektivitet<\/td>\n<td>Utmerket<\/td>\n<td>Tydelig forbedring av stoffskiftet ved regelmessig inntak.<\/td>\n<\/tr>\n<tr>\n<td>Sikkerhet<\/td>\n<td>Veldig bra<\/td>\n<td>Naturlige ingredienser uten kjente bivirkninger.<\/td>\n<\/tr>\n<tr>\n<td>Brukervennlighet<\/td>\n<td>Utmerket<\/td>\n<td>Enkel inntak og dosering.<\/td>\n<\/tr>\n<tr>\n<td>Pris-ytelsesforhold<\/td>\n<td>Bra<\/td>\n<td>H\u00f8ykvalitets ingredienser rettferdiggj\u00f8r prisen.<\/td>\n<\/tr>\n<\/tbody>\n<\/table>\n<p>&nbsp;<\/p>\n<h2>Vurdering<\/h2>\n<p>\u00abTroviran\u00bb er et fremragende kosttilskudd som ikke bare st\u00f8tter stoffskiftet effektivt, men ogs\u00e5 \u00f8ker det generelle velv\u00e6ret. Takket v\u00e6re de naturlige og h\u00f8ykvalitets ingrediensene samt positive tilbakemeldinger fra brukere, er \u00abTroviran\u00bb et klart anbefaling for alle som \u00f8nsker \u00e5 g\u00e5 ned i vekt p\u00e5 en sunn m\u00e5te og f\u00e5 kroppen i toppform.<\/p>\n<p>Vi anbefaler \u00abTroviran\u00bb til alle som er p\u00e5 jakt etter et p\u00e5litelig produkt for \u00e5 optimalisere stoffskiftet og g\u00e5 ned i vekt. Bestill i dag og overbevis deg selv om de imponerende resultatene!<\/p>\n","protected":false},"excerpt":{"rendered":"<p>\u00abTroviran\u00bb er et innovativt kosttilskudd som er spesielt utviklet for \u00e5 fremme stoffskiftet, styrke immunforsvaret og st\u00f8tte vekttap. Det er sv\u00e6rt popul\u00e6rt blant brukere som legger vekt p\u00e5 naturlige ingredienser og b\u00e6rekraftige resultater. Troviran kapsler test og erfaringer Egenskaper Detaljer Produktnavn Troviran Produsent HealthCore GmbH Bruk Metabolisme og vektkontroll Doseringsform Tabletter Anbefalt dosering 1 tablett &#8230; <a title=\"Troviran\" class=\"read-more\" href=\"https:\/\/etoxproject.eu\/no\/produkt\/troviran\/\" aria-label=\"More on Troviran\">Read more<\/a><\/p>\n","protected":false},"featured_media":1479,"comment_status":"open","ping_status":"closed","template":"","meta":[],"product_brand":[],"product_cat":[],"product_tag":[],"class_list":{"0":"post-3840","1":"product","2":"type-product","3":"status-publish","4":"has-post-thumbnail","7":"first","8":"instock","9":"sale","10":"shipping-taxable","11":"product-type-external"},"yoast_head":"<!-- This site is optimized with the Yoast SEO plugin v27.4 - https:\/\/yoast.com\/product\/yoast-seo-wordpress\/ -->\n<title>Troviran kapsler \u2600\ufe0f 46 % rabatt i Norge<\/title>\n<meta name=\"robots\" content=\"index, follow, max-snippet:-1, max-image-preview:large, max-video-preview:-1\" \/>\n<link rel=\"canonical\" href=\"https:\/\/etoxproject.eu\/no\/produkt\/troviran\/\" \/>\n<meta property=\"og:locale\" content=\"nb_NO\" \/>\n<meta property=\"og:type\" content=\"article\" \/>\n<meta property=\"og:title\" content=\"Troviran kapsler \u2600\ufe0f 46 % rabatt i Norge\" \/>\n<meta property=\"og:description\" content=\"\u00abTroviran\u00bb er et innovativt kosttilskudd som er spesielt utviklet for \u00e5 fremme stoffskiftet, styrke immunforsvaret og st\u00f8tte vekttap. Det er sv\u00e6rt popul\u00e6rt blant brukere som legger vekt p\u00e5 naturlige ingredienser og b\u00e6rekraftige resultater. Troviran kapsler test og erfaringer Egenskaper Detaljer Produktnavn Troviran Produsent HealthCore GmbH Bruk Metabolisme og vektkontroll Doseringsform Tabletter Anbefalt dosering 1 tablett ... Read more\" \/>\n<meta property=\"og:url\" content=\"https:\/\/etoxproject.eu\/no\/produkt\/troviran\/\" \/>\n<meta property=\"og:site_name\" content=\"etoxproject.eu\" \/>\n<meta property=\"article:modified_time\" content=\"2025-09-25T18:27:56+00:00\" \/>\n<meta property=\"og:image\" content=\"https:\/\/etoxproject.eu\/wp-content\/uploads\/2024\/12\/troviran.jpg\" \/>\n\t<meta property=\"og:image:width\" content=\"473\" \/>\n\t<meta property=\"og:image:height\" content=\"473\" \/>\n\t<meta property=\"og:image:type\" content=\"image\/jpeg\" \/>\n<meta name=\"twitter:card\" content=\"summary_large_image\" \/>\n<meta name=\"twitter:label1\" content=\"Ansl. lesetid\" \/>\n\t<meta name=\"twitter:data1\" content=\"3 minutter\" \/>\n<script type=\"application\/ld+json\" class=\"yoast-schema-graph\">{\"@context\":\"https:\\\/\\\/schema.org\",\"@graph\":[{\"@type\":\"WebPage\",\"@id\":\"https:\\\/\\\/etoxproject.eu\\\/no\\\/produkt\\\/troviran\\\/\",\"url\":\"https:\\\/\\\/etoxproject.eu\\\/no\\\/produkt\\\/troviran\\\/\",\"name\":\"Troviran kapsler \u2600\ufe0f 46 % rabatt i Norge\",\"isPartOf\":{\"@id\":\"https:\\\/\\\/etoxproject.eu\\\/no\\\/#website\"},\"primaryImageOfPage\":{\"@id\":\"https:\\\/\\\/etoxproject.eu\\\/no\\\/produkt\\\/troviran\\\/#primaryimage\"},\"image\":{\"@id\":\"https:\\\/\\\/etoxproject.eu\\\/no\\\/produkt\\\/troviran\\\/#primaryimage\"},\"thumbnailUrl\":\"https:\\\/\\\/etoxproject.eu\\\/wp-content\\\/uploads\\\/2024\\\/12\\\/troviran.jpg\",\"datePublished\":\"-0001-11-30T00:00:00+00:00\",\"dateModified\":\"2025-09-25T18:27:56+00:00\",\"breadcrumb\":{\"@id\":\"https:\\\/\\\/etoxproject.eu\\\/no\\\/produkt\\\/troviran\\\/#breadcrumb\"},\"inLanguage\":\"nb-NO\",\"potentialAction\":[{\"@type\":\"ReadAction\",\"target\":[\"https:\\\/\\\/etoxproject.eu\\\/no\\\/produkt\\\/troviran\\\/\"]}]},{\"@type\":\"ImageObject\",\"inLanguage\":\"nb-NO\",\"@id\":\"https:\\\/\\\/etoxproject.eu\\\/no\\\/produkt\\\/troviran\\\/#primaryimage\",\"url\":\"https:\\\/\\\/etoxproject.eu\\\/wp-content\\\/uploads\\\/2024\\\/12\\\/troviran.jpg\",\"contentUrl\":\"https:\\\/\\\/etoxproject.eu\\\/wp-content\\\/uploads\\\/2024\\\/12\\\/troviran.jpg\",\"width\":473,\"height\":473,\"caption\":\"troviran\"},{\"@type\":\"BreadcrumbList\",\"@id\":\"https:\\\/\\\/etoxproject.eu\\\/no\\\/produkt\\\/troviran\\\/#breadcrumb\",\"itemListElement\":[{\"@type\":\"ListItem\",\"position\":1,\"name\":\"Startseite\",\"item\":\"https:\\\/\\\/etoxproject.eu\\\/no\\\/\"},{\"@type\":\"ListItem\",\"position\":2,\"name\":\"Shop\",\"item\":\"https:\\\/\\\/etoxproject.eu\\\/shop\\\/\"},{\"@type\":\"ListItem\",\"position\":3,\"name\":\"Troviran\"}]},{\"@type\":\"WebSite\",\"@id\":\"https:\\\/\\\/etoxproject.eu\\\/no\\\/#website\",\"url\":\"https:\\\/\\\/etoxproject.eu\\\/no\\\/\",\"name\":\"etoxproject.eu\",\"description\":\"\",\"publisher\":{\"@id\":\"https:\\\/\\\/etoxproject.eu\\\/no\\\/#organization\"},\"potentialAction\":[{\"@type\":\"SearchAction\",\"target\":{\"@type\":\"EntryPoint\",\"urlTemplate\":\"https:\\\/\\\/etoxproject.eu\\\/no\\\/?s={search_term_string}\"},\"query-input\":{\"@type\":\"PropertyValueSpecification\",\"valueRequired\":true,\"valueName\":\"search_term_string\"}}],\"inLanguage\":\"nb-NO\"},{\"@type\":\"Organization\",\"@id\":\"https:\\\/\\\/etoxproject.eu\\\/no\\\/#organization\",\"name\":\"etoxproject.eu\",\"url\":\"https:\\\/\\\/etoxproject.eu\\\/no\\\/\",\"logo\":{\"@type\":\"ImageObject\",\"inLanguage\":\"nb-NO\",\"@id\":\"https:\\\/\\\/etoxproject.eu\\\/no\\\/#\\\/schema\\\/logo\\\/image\\\/\",\"url\":\"https:\\\/\\\/etoxproject.eu\\\/wp-content\\\/uploads\\\/2024\\\/12\\\/etoxproject.png\",\"contentUrl\":\"https:\\\/\\\/etoxproject.eu\\\/wp-content\\\/uploads\\\/2024\\\/12\\\/etoxproject.png\",\"width\":315,\"height\":69,\"caption\":\"etoxproject.eu\"},\"image\":{\"@id\":\"https:\\\/\\\/etoxproject.eu\\\/no\\\/#\\\/schema\\\/logo\\\/image\\\/\"}}]}<\/script>\n<!-- \/ Yoast SEO plugin. -->","yoast_head_json":{"title":"Troviran kapsler \u2600\ufe0f 46 % rabatt i Norge","robots":{"index":"index","follow":"follow","max-snippet":"max-snippet:-1","max-image-preview":"max-image-preview:large","max-video-preview":"max-video-preview:-1"},"canonical":"https:\/\/etoxproject.eu\/no\/produkt\/troviran\/","og_locale":"nb_NO","og_type":"article","og_title":"Troviran kapsler \u2600\ufe0f 46 % rabatt i Norge","og_description":"\u00abTroviran\u00bb er et innovativt kosttilskudd som er spesielt utviklet for \u00e5 fremme stoffskiftet, styrke immunforsvaret og st\u00f8tte vekttap. Det er sv\u00e6rt popul\u00e6rt blant brukere som legger vekt p\u00e5 naturlige ingredienser og b\u00e6rekraftige resultater. Troviran kapsler test og erfaringer Egenskaper Detaljer Produktnavn Troviran Produsent HealthCore GmbH Bruk Metabolisme og vektkontroll Doseringsform Tabletter Anbefalt dosering 1 tablett ... Read more","og_url":"https:\/\/etoxproject.eu\/no\/produkt\/troviran\/","og_site_name":"etoxproject.eu","article_modified_time":"2025-09-25T18:27:56+00:00","og_image":[{"width":473,"height":473,"url":"https:\/\/etoxproject.eu\/wp-content\/uploads\/2024\/12\/troviran.jpg","type":"image\/jpeg"}],"twitter_card":"summary_large_image","twitter_misc":{"Ansl. lesetid":"3 minutter"},"schema":{"@context":"https:\/\/schema.org","@graph":[{"@type":"WebPage","@id":"https:\/\/etoxproject.eu\/no\/produkt\/troviran\/","url":"https:\/\/etoxproject.eu\/no\/produkt\/troviran\/","name":"Troviran kapsler \u2600\ufe0f 46 % rabatt i Norge","isPartOf":{"@id":"https:\/\/etoxproject.eu\/no\/#website"},"primaryImageOfPage":{"@id":"https:\/\/etoxproject.eu\/no\/produkt\/troviran\/#primaryimage"},"image":{"@id":"https:\/\/etoxproject.eu\/no\/produkt\/troviran\/#primaryimage"},"thumbnailUrl":"https:\/\/etoxproject.eu\/wp-content\/uploads\/2024\/12\/troviran.jpg","datePublished":"-0001-11-30T00:00:00+00:00","dateModified":"2025-09-25T18:27:56+00:00","breadcrumb":{"@id":"https:\/\/etoxproject.eu\/no\/produkt\/troviran\/#breadcrumb"},"inLanguage":"nb-NO","potentialAction":[{"@type":"ReadAction","target":["https:\/\/etoxproject.eu\/no\/produkt\/troviran\/"]}]},{"@type":"ImageObject","inLanguage":"nb-NO","@id":"https:\/\/etoxproject.eu\/no\/produkt\/troviran\/#primaryimage","url":"https:\/\/etoxproject.eu\/wp-content\/uploads\/2024\/12\/troviran.jpg","contentUrl":"https:\/\/etoxproject.eu\/wp-content\/uploads\/2024\/12\/troviran.jpg","width":473,"height":473,"caption":"troviran"},{"@type":"BreadcrumbList","@id":"https:\/\/etoxproject.eu\/no\/produkt\/troviran\/#breadcrumb","itemListElement":[{"@type":"ListItem","position":1,"name":"Startseite","item":"https:\/\/etoxproject.eu\/no\/"},{"@type":"ListItem","position":2,"name":"Shop","item":"https:\/\/etoxproject.eu\/shop\/"},{"@type":"ListItem","position":3,"name":"Troviran"}]},{"@type":"WebSite","@id":"https:\/\/etoxproject.eu\/no\/#website","url":"https:\/\/etoxproject.eu\/no\/","name":"etoxproject.eu","description":"","publisher":{"@id":"https:\/\/etoxproject.eu\/no\/#organization"},"potentialAction":[{"@type":"SearchAction","target":{"@type":"EntryPoint","urlTemplate":"https:\/\/etoxproject.eu\/no\/?s={search_term_string}"},"query-input":{"@type":"PropertyValueSpecification","valueRequired":true,"valueName":"search_term_string"}}],"inLanguage":"nb-NO"},{"@type":"Organization","@id":"https:\/\/etoxproject.eu\/no\/#organization","name":"etoxproject.eu","url":"https:\/\/etoxproject.eu\/no\/","logo":{"@type":"ImageObject","inLanguage":"nb-NO","@id":"https:\/\/etoxproject.eu\/no\/#\/schema\/logo\/image\/","url":"https:\/\/etoxproject.eu\/wp-content\/uploads\/2024\/12\/etoxproject.png","contentUrl":"https:\/\/etoxproject.eu\/wp-content\/uploads\/2024\/12\/etoxproject.png","width":315,"height":69,"caption":"etoxproject.eu"},"image":{"@id":"https:\/\/etoxproject.eu\/no\/#\/schema\/logo\/image\/"}}]}},"_links":{"self":[{"href":"https:\/\/etoxproject.eu\/no\/wp-json\/wp\/v2\/product\/3840","targetHints":{"allow":["GET"]}}],"collection":[{"href":"https:\/\/etoxproject.eu\/no\/wp-json\/wp\/v2\/product"}],"about":[{"href":"https:\/\/etoxproject.eu\/no\/wp-json\/wp\/v2\/types\/product"}],"replies":[{"embeddable":true,"href":"https:\/\/etoxproject.eu\/no\/wp-json\/wp\/v2\/comments?post=3840"}],"wp:featuredmedia":[{"embeddable":true,"href":"https:\/\/etoxproject.eu\/no\/wp-json\/wp\/v2\/media\/1479"}],"wp:attachment":[{"href":"https:\/\/etoxproject.eu\/no\/wp-json\/wp\/v2\/media?parent=3840"}],"wp:term":[{"taxonomy":"product_brand","embeddable":true,"href":"https:\/\/etoxproject.eu\/no\/wp-json\/wp\/v2\/product_brand?post=3840"},{"taxonomy":"product_cat","embeddable":true,"href":"https:\/\/etoxproject.eu\/no\/wp-json\/wp\/v2\/product_cat?post=3840"},{"taxonomy":"product_tag","embeddable":true,"href":"https:\/\/etoxproject.eu\/no\/wp-json\/wp\/v2\/product_tag?post=3840"}],"curies":[{"name":"wp","href":"https:\/\/api.w.org\/{rel}","templated":true}]}}