{"id":32,"date":"2024-11-12T09:33:22","date_gmt":"2024-11-12T08:33:22","guid":{"rendered":"https:\/\/etoxproject.eu\/koszyk\/"},"modified":"2024-11-12T09:33:22","modified_gmt":"2024-11-12T08:33:22","slug":"koszyk","status":"publish","type":"page","link":"https:\/\/etoxproject.eu\/pl\/koszyk\/","title":{"rendered":"Koszyk"},"content":{"rendered":"\n<div data-block-name=\"woocommerce\/cart\" class=\"wp-block-woocommerce-cart alignwide is-loading\">\n<div data-block-name=\"woocommerce\/filled-cart-block\" class=\"wp-block-woocommerce-filled-cart-block\">\n<div data-block-name=\"woocommerce\/cart-items-block\" class=\"wp-block-woocommerce-cart-items-block\">\n<div data-block-name=\"woocommerce\/cart-line-items-block\" class=\"wp-block-woocommerce-cart-line-items-block\"><\/div>\n\n\n\n<div data-block-name=\"woocommerce\/cart-cross-sells-block\" class=\"wp-block-woocommerce-cart-cross-sells-block\">\n<h2 class=\"wp-block-heading has-large-font-size\">You may be interested in\u2026<\/h2>\n\n\n\n<div data-block-name=\"woocommerce\/cart-cross-sells-products-block\" class=\"wp-block-woocommerce-cart-cross-sells-products-block\"><\/div>\n<\/div>\n<\/div>\n\n\n\n<div data-block-name=\"woocommerce\/cart-totals-block\" class=\"wp-block-woocommerce-cart-totals-block\">\n<div data-block-name=\"woocommerce\/cart-order-summary-block\" class=\"wp-block-woocommerce-cart-order-summary-block\">\n<div data-block-name=\"woocommerce\/cart-order-summary-heading-block\" class=\"wp-block-woocommerce-cart-order-summary-heading-block\"><\/div><div data-block-name=\"woocommerce\/cart-order-summary-coupon-form-block\" class=\"wp-block-woocommerce-cart-order-summary-coupon-form-block\"><\/div><div data-block-name=\"woocommerce\/cart-order-summary-totals-block\" class=\"wp-block-woocommerce-cart-order-summary-totals-block\">\n<div data-block-name=\"woocommerce\/cart-order-summary-subtotal-block\" class=\"wp-block-woocommerce-cart-order-summary-subtotal-block\"><\/div>\n<div data-block-name=\"woocommerce\/cart-order-summary-discount-block\" class=\"wp-block-woocommerce-cart-order-summary-discount-block\"><\/div>\n<div data-block-name=\"woocommerce\/cart-order-summary-fee-block\" class=\"wp-block-woocommerce-cart-order-summary-fee-block\"><\/div>\n<div data-block-name=\"woocommerce\/cart-order-summary-shipping-block\" class=\"wp-block-woocommerce-cart-order-summary-shipping-block\"><\/div>\n<div data-block-name=\"woocommerce\/cart-order-summary-taxes-block\" class=\"wp-block-woocommerce-cart-order-summary-taxes-block\"><\/div><\/div>\n<\/div>\n\n\n\n<div data-block-name=\"woocommerce\/cart-express-payment-block\" class=\"wp-block-woocommerce-cart-express-payment-block\"><\/div>\n\n\n\n<div data-block-name=\"woocommerce\/proceed-to-checkout-block\" class=\"wp-block-woocommerce-proceed-to-checkout-block\"><\/div>\n\n\n\n<div data-block-name=\"woocommerce\/cart-accepted-payment-methods-block\" class=\"wp-block-woocommerce-cart-accepted-payment-methods-block\"><\/div>\n<\/div>\n<\/div>\n\n\n\n<div data-block-name=\"woocommerce\/empty-cart-block\" class=\"wp-block-woocommerce-empty-cart-block\">\n<h2 class=\"wp-block-heading has-text-align-center with-empty-cart-icon wc-block-cart__empty-cart__title\">Your cart is currently empty!<\/h2>\n\n\n\n<hr class=\"wp-block-separator has-alpha-channel-opacity is-style-dots\"\/>\n\n\n\n<h2 class=\"wp-block-heading has-text-align-center\">New in store<\/h2>\n\n\n<div data-block-name=\"woocommerce\/product-new\" data-columns=\"4\" data-rows=\"1\" class=\"wc-block-grid wp-block-product-new wp-block-woocommerce-product-new wc-block-product-new has-4-columns\"><ul class=\"wc-block-grid__products\"><li class=\"wc-block-grid__product\">\n\t\t\t\t<a href=\"https:\/\/etoxproject.eu\/pl\/produkt\/glp-lab-metabolic-balance\/\" class=\"wc-block-grid__product-link\">\n\t\t\t\t\t<div class=\"wc-block-grid__product-onsale\">\n\t\t\t<span aria-hidden=\"true\">Promocja<\/span>\n\t\t\t<span class=\"screen-reader-text\">Produkt w promocji<\/span>\n\t\t<\/div>\n\t\t\t\t\t<div class=\"wc-block-grid__product-image\"><img loading=\"lazy\" decoding=\"async\" width=\"300\" height=\"300\" src=\"https:\/\/etoxproject.eu\/wp-content\/uploads\/2025\/08\/GLP-Lab-Metabolic-Balance-1-300x300.jpg\" class=\"attachment-woocommerce_thumbnail size-woocommerce_thumbnail\" alt=\"GLP Lab Metabolic Balance\" srcset=\"https:\/\/etoxproject.eu\/wp-content\/uploads\/2025\/08\/GLP-Lab-Metabolic-Balance-1-300x300.jpg 300w, https:\/\/etoxproject.eu\/wp-content\/uploads\/2025\/08\/GLP-Lab-Metabolic-Balance-1-150x150.jpg 150w, https:\/\/etoxproject.eu\/wp-content\/uploads\/2025\/08\/GLP-Lab-Metabolic-Balance-1-100x100.jpg 100w\" sizes=\"auto, (max-width: 300px) 100vw, 300px\" \/><\/div>\n\t\t\t\t\t<div class=\"wc-block-grid__product-title\">GLP Lab Metabolic Balance<\/div>\n\t\t\t\t<\/a>\n\t\t\t\t<div class=\"wc-block-grid__product-price price\"><del aria-hidden=\"true\"><span class=\"woocommerce-Price-amount amount\">79,98&nbsp;<span class=\"woocommerce-Price-currencySymbol\">&euro;<\/span><\/span><\/del> <span class=\"screen-reader-text\">Pierwotna cena wynosi\u0142a: 79,98&nbsp;&euro;.<\/span><ins aria-hidden=\"true\"><span class=\"woocommerce-Price-amount amount\">39,98&nbsp;<span class=\"woocommerce-Price-currencySymbol\">&euro;<\/span><\/span><\/ins><span class=\"screen-reader-text\">Aktualna cena wynosi: 39,98&nbsp;&euro;.<\/span><\/div>\n\t\t\t\t\n\t\t\t\t<div class=\"wp-block-button wc-block-grid__product-add-to-cart\"><a href=\"https:\/\/epcmonster.com\/?a=667&#038;c=7343&#038;s1=etox-pl\" aria-label=\"Zam\u00f3w GLP Lab Metabolic Balance ze zni\u017ck\u0105\" data-quantity=\"1\" data-product_id=\"3787\" data-product_sku=\"\" data-price=\"39.98\" rel=\"nofollow\" class=\"wp-block-button__link  add_to_cart_button\">Zam\u00f3w GLP Lab Metabolic Balance ze zni\u017ck\u0105<\/a><\/div>\n\t\t\t<\/li><li class=\"wc-block-grid__product\">\n\t\t\t\t<a href=\"https:\/\/etoxproject.eu\/pl\/produkt\/hypnozio-app\/\" class=\"wc-block-grid__product-link\">\n\t\t\t\t\t\n\t\t\t\t\t<div class=\"wc-block-grid__product-image\"><img loading=\"lazy\" decoding=\"async\" width=\"300\" height=\"300\" src=\"https:\/\/etoxproject.eu\/wp-content\/uploads\/2025\/01\/hypnozio-app-300x300.jpg\" class=\"attachment-woocommerce_thumbnail size-woocommerce_thumbnail\" alt=\"hypnozio app\" srcset=\"https:\/\/etoxproject.eu\/wp-content\/uploads\/2025\/01\/hypnozio-app-300x300.jpg 300w, https:\/\/etoxproject.eu\/wp-content\/uploads\/2025\/01\/hypnozio-app-150x150.jpg 150w, https:\/\/etoxproject.eu\/wp-content\/uploads\/2025\/01\/hypnozio-app-100x100.jpg 100w\" sizes=\"auto, (max-width: 300px) 100vw, 300px\" \/><\/div>\n\t\t\t\t\t<div class=\"wc-block-grid__product-title\">Hypnozio App<\/div>\n\t\t\t\t<\/a>\n\t\t\t\t<div class=\"wc-block-grid__product-price price\"><span class=\"woocommerce-Price-amount amount\">0,00&nbsp;<span class=\"woocommerce-Price-currencySymbol\">&euro;<\/span><\/span><\/div>\n\t\t\t\t\n\t\t\t\t<div class=\"wp-block-button wc-block-grid__product-add-to-cart\"><a href=\"https:\/\/get-hypnozio.com\/landing-wl?l=pl&#038;vndr=evf&#038;evf=1&#038;uid=6173&#038;offid=55&#038;affiliate_id=792&#038;source_id=etox-pl\" aria-label=\"Wypr\u00f3buj aplikacj\u0119 Hypnozio za darmo\" data-quantity=\"1\" data-product_id=\"2016\" data-product_sku=\"\" data-price=\"0\" rel=\"nofollow\" class=\"wp-block-button__link  add_to_cart_button\">Wypr\u00f3buj aplikacj\u0119 Hypnozio za darmo<\/a><\/div>\n\t\t\t<\/li><li class=\"wc-block-grid__product\">\n\t\t\t\t<a href=\"https:\/\/etoxproject.eu\/pl\/produkt\/plastry-nuubu\/\" class=\"wc-block-grid__product-link\">\n\t\t\t\t\t<div class=\"wc-block-grid__product-onsale\">\n\t\t\t<span aria-hidden=\"true\">Promocja<\/span>\n\t\t\t<span class=\"screen-reader-text\">Produkt w promocji<\/span>\n\t\t<\/div>\n\t\t\t\t\t<div class=\"wc-block-grid__product-image\"><img loading=\"lazy\" decoding=\"async\" width=\"300\" height=\"300\" src=\"https:\/\/etoxproject.eu\/wp-content\/uploads\/2024\/12\/nuubu-300x300.jpg\" class=\"attachment-woocommerce_thumbnail size-woocommerce_thumbnail\" alt=\"nuubu\" srcset=\"https:\/\/etoxproject.eu\/wp-content\/uploads\/2024\/12\/nuubu-300x300.jpg 300w, https:\/\/etoxproject.eu\/wp-content\/uploads\/2024\/12\/nuubu-150x150.jpg 150w, https:\/\/etoxproject.eu\/wp-content\/uploads\/2024\/12\/nuubu-768x768.jpg 768w, https:\/\/etoxproject.eu\/wp-content\/uploads\/2024\/12\/nuubu-600x600.jpg 600w, https:\/\/etoxproject.eu\/wp-content\/uploads\/2024\/12\/nuubu-100x100.jpg 100w, https:\/\/etoxproject.eu\/wp-content\/uploads\/2024\/12\/nuubu.jpg 800w\" sizes=\"auto, (max-width: 300px) 100vw, 300px\" \/><\/div>\n\t\t\t\t\t<div class=\"wc-block-grid__product-title\">Plastry Nuubu<\/div>\n\t\t\t\t<\/a>\n\t\t\t\t<div class=\"wc-block-grid__product-price price\"><del aria-hidden=\"true\"><span class=\"woocommerce-Price-amount amount\">59,83&nbsp;<span class=\"woocommerce-Price-currencySymbol\">&euro;<\/span><\/span><\/del> <span class=\"screen-reader-text\">Pierwotna cena wynosi\u0142a: 59,83&nbsp;&euro;.<\/span><ins aria-hidden=\"true\"><span class=\"woocommerce-Price-amount amount\">17,95&nbsp;<span class=\"woocommerce-Price-currencySymbol\">&euro;<\/span><\/span><\/ins><span class=\"screen-reader-text\">Aktualna cena wynosi: 17,95&nbsp;&euro;.<\/span><\/div>\n\t\t\t\t\n\t\t\t\t<div class=\"wp-block-button wc-block-grid__product-add-to-cart\"><a href=\"https:\/\/getnuubu.com\/nuubu\/product\/?l=pl&#038;c=pln&#038;vndr=evf&#038;evf=1&#038;utm_source=aff&#038;utm_medium=792&#038;uid=731&#038;offid=6&#038;affiliate_id=792&#038;source_id=etox-pl\" aria-label=\"Zam\u00f3w Nuubu z 70% zni\u017ck\u0105\" data-quantity=\"1\" data-product_id=\"1580\" data-product_sku=\"\" data-price=\"17.95\" rel=\"nofollow\" class=\"wp-block-button__link  add_to_cart_button\">Zam\u00f3w Nuubu z 70% zni\u017ck\u0105<\/a><\/div>\n\t\t\t<\/li><li class=\"wc-block-grid__product\">\n\t\t\t\t<a href=\"https:\/\/etoxproject.eu\/pl\/produkt\/derila-poduszka\/\" class=\"wc-block-grid__product-link\">\n\t\t\t\t\t<div class=\"wc-block-grid__product-onsale\">\n\t\t\t<span aria-hidden=\"true\">Promocja<\/span>\n\t\t\t<span class=\"screen-reader-text\">Produkt w promocji<\/span>\n\t\t<\/div>\n\t\t\t\t\t<div class=\"wc-block-grid__product-image\"><img loading=\"lazy\" decoding=\"async\" width=\"300\" height=\"300\" src=\"https:\/\/etoxproject.eu\/wp-content\/uploads\/2024\/12\/derila-300x300.jpg\" class=\"attachment-woocommerce_thumbnail size-woocommerce_thumbnail\" alt=\"derila\" srcset=\"https:\/\/etoxproject.eu\/wp-content\/uploads\/2024\/12\/derila-300x300.jpg 300w, https:\/\/etoxproject.eu\/wp-content\/uploads\/2024\/12\/derila-150x150.jpg 150w, https:\/\/etoxproject.eu\/wp-content\/uploads\/2024\/12\/derila-600x600.jpg 600w, https:\/\/etoxproject.eu\/wp-content\/uploads\/2024\/12\/derila-100x100.jpg 100w, https:\/\/etoxproject.eu\/wp-content\/uploads\/2024\/12\/derila.jpg 700w\" sizes=\"auto, (max-width: 300px) 100vw, 300px\" \/><\/div>\n\t\t\t\t\t<div class=\"wc-block-grid__product-title\">Derila Poduszka<\/div>\n\t\t\t\t<\/a>\n\t\t\t\t<div class=\"wc-block-grid__product-price price\"><del aria-hidden=\"true\"><span class=\"woocommerce-Price-amount amount\">133,17&nbsp;<span class=\"woocommerce-Price-currencySymbol\">&euro;<\/span><\/span><\/del> <span class=\"screen-reader-text\">Pierwotna cena wynosi\u0142a: 133,17&nbsp;&euro;.<\/span><ins aria-hidden=\"true\"><span class=\"woocommerce-Price-amount amount\">39,95&nbsp;<span class=\"woocommerce-Price-currencySymbol\">&euro;<\/span><\/span><\/ins><span class=\"screen-reader-text\">Aktualna cena wynosi: 39,95&nbsp;&euro;.<\/span><\/div>\n\t\t\t\t\n\t\t\t\t<div class=\"wp-block-button wc-block-grid__product-add-to-cart\"><a href=\"https:\/\/get-derila.com\/derila\/product?l=pl&#038;vndr=evf&#038;evf=1&#038;uid=5869&#038;offid=37&#038;affiliate_id=792&#038;source_id=etox-pl\" aria-label=\"Kup Derila - Cena z 70% zni\u017ck\u0105\" data-quantity=\"1\" data-product_id=\"2009\" data-product_sku=\"\" data-price=\"39.95\" rel=\"nofollow\" class=\"wp-block-button__link  add_to_cart_button\">Kup Derila &#8211; Cena z 70% zni\u017ck\u0105<\/a><\/div>\n\t\t\t<\/li><\/ul><\/div><\/div>\n<\/div>\n","protected":false},"excerpt":{"rendered":"","protected":false},"author":1,"featured_media":0,"parent":0,"menu_order":0,"comment_status":"closed","ping_status":"closed","template":"","meta":{"footnotes":""},"class_list":["post-32","page","type-page","status-publish"],"yoast_head":"<!-- This site is optimized with the Yoast SEO plugin v27.4 - https:\/\/yoast.com\/product\/yoast-seo-wordpress\/ -->\n<title>Koszyk - etoxproject.eu<\/title>\n<meta name=\"robots\" content=\"index, follow, max-snippet:-1, max-image-preview:large, max-video-preview:-1\" \/>\n<link rel=\"canonical\" href=\"https:\/\/etoxproject.eu\/pl\/koszyk\/\" \/>\n<meta property=\"og:locale\" content=\"pl_PL\" \/>\n<meta property=\"og:type\" content=\"article\" \/>\n<meta property=\"og:title\" content=\"Koszyk - etoxproject.eu\" \/>\n<meta property=\"og:url\" content=\"https:\/\/etoxproject.eu\/pl\/koszyk\/\" \/>\n<meta property=\"og:site_name\" content=\"etoxproject.eu\" \/>\n<meta name=\"twitter:card\" content=\"summary_large_image\" \/>\n<script type=\"application\/ld+json\" class=\"yoast-schema-graph\">{\"@context\":\"https:\\\/\\\/schema.org\",\"@graph\":[{\"@type\":\"WebPage\",\"@id\":\"https:\\\/\\\/etoxproject.eu\\\/pl\\\/koszyk\\\/\",\"url\":\"https:\\\/\\\/etoxproject.eu\\\/pl\\\/koszyk\\\/\",\"name\":\"Koszyk - etoxproject.eu\",\"isPartOf\":{\"@id\":\"https:\\\/\\\/etoxproject.eu\\\/pl\\\/#website\"},\"datePublished\":\"2024-11-12T08:33:22+00:00\",\"breadcrumb\":{\"@id\":\"https:\\\/\\\/etoxproject.eu\\\/pl\\\/koszyk\\\/#breadcrumb\"},\"inLanguage\":\"pl-PL\",\"potentialAction\":[{\"@type\":\"ReadAction\",\"target\":[\"https:\\\/\\\/etoxproject.eu\\\/pl\\\/koszyk\\\/\"]}]},{\"@type\":\"BreadcrumbList\",\"@id\":\"https:\\\/\\\/etoxproject.eu\\\/pl\\\/koszyk\\\/#breadcrumb\",\"itemListElement\":[{\"@type\":\"ListItem\",\"position\":1,\"name\":\"Startseite\",\"item\":\"https:\\\/\\\/etoxproject.eu\\\/pl\\\/\"},{\"@type\":\"ListItem\",\"position\":2,\"name\":\"Koszyk\"}]},{\"@type\":\"WebSite\",\"@id\":\"https:\\\/\\\/etoxproject.eu\\\/pl\\\/#website\",\"url\":\"https:\\\/\\\/etoxproject.eu\\\/pl\\\/\",\"name\":\"etoxproject.eu\",\"description\":\"\",\"publisher\":{\"@id\":\"https:\\\/\\\/etoxproject.eu\\\/pl\\\/#organization\"},\"potentialAction\":[{\"@type\":\"SearchAction\",\"target\":{\"@type\":\"EntryPoint\",\"urlTemplate\":\"https:\\\/\\\/etoxproject.eu\\\/pl\\\/?s={search_term_string}\"},\"query-input\":{\"@type\":\"PropertyValueSpecification\",\"valueRequired\":true,\"valueName\":\"search_term_string\"}}],\"inLanguage\":\"pl-PL\"},{\"@type\":\"Organization\",\"@id\":\"https:\\\/\\\/etoxproject.eu\\\/pl\\\/#organization\",\"name\":\"etoxproject.eu\",\"url\":\"https:\\\/\\\/etoxproject.eu\\\/pl\\\/\",\"logo\":{\"@type\":\"ImageObject\",\"inLanguage\":\"pl-PL\",\"@id\":\"https:\\\/\\\/etoxproject.eu\\\/pl\\\/#\\\/schema\\\/logo\\\/image\\\/\",\"url\":\"https:\\\/\\\/etoxproject.eu\\\/wp-content\\\/uploads\\\/2024\\\/12\\\/etoxproject.png\",\"contentUrl\":\"https:\\\/\\\/etoxproject.eu\\\/wp-content\\\/uploads\\\/2024\\\/12\\\/etoxproject.png\",\"width\":315,\"height\":69,\"caption\":\"etoxproject.eu\"},\"image\":{\"@id\":\"https:\\\/\\\/etoxproject.eu\\\/pl\\\/#\\\/schema\\\/logo\\\/image\\\/\"}}]}<\/script>\n<!-- \/ Yoast SEO plugin. -->","yoast_head_json":{"title":"Koszyk - etoxproject.eu","robots":{"index":"index","follow":"follow","max-snippet":"max-snippet:-1","max-image-preview":"max-image-preview:large","max-video-preview":"max-video-preview:-1"},"canonical":"https:\/\/etoxproject.eu\/pl\/koszyk\/","og_locale":"pl_PL","og_type":"article","og_title":"Koszyk - etoxproject.eu","og_url":"https:\/\/etoxproject.eu\/pl\/koszyk\/","og_site_name":"etoxproject.eu","twitter_card":"summary_large_image","schema":{"@context":"https:\/\/schema.org","@graph":[{"@type":"WebPage","@id":"https:\/\/etoxproject.eu\/pl\/koszyk\/","url":"https:\/\/etoxproject.eu\/pl\/koszyk\/","name":"Koszyk - etoxproject.eu","isPartOf":{"@id":"https:\/\/etoxproject.eu\/pl\/#website"},"datePublished":"2024-11-12T08:33:22+00:00","breadcrumb":{"@id":"https:\/\/etoxproject.eu\/pl\/koszyk\/#breadcrumb"},"inLanguage":"pl-PL","potentialAction":[{"@type":"ReadAction","target":["https:\/\/etoxproject.eu\/pl\/koszyk\/"]}]},{"@type":"BreadcrumbList","@id":"https:\/\/etoxproject.eu\/pl\/koszyk\/#breadcrumb","itemListElement":[{"@type":"ListItem","position":1,"name":"Startseite","item":"https:\/\/etoxproject.eu\/pl\/"},{"@type":"ListItem","position":2,"name":"Koszyk"}]},{"@type":"WebSite","@id":"https:\/\/etoxproject.eu\/pl\/#website","url":"https:\/\/etoxproject.eu\/pl\/","name":"etoxproject.eu","description":"","publisher":{"@id":"https:\/\/etoxproject.eu\/pl\/#organization"},"potentialAction":[{"@type":"SearchAction","target":{"@type":"EntryPoint","urlTemplate":"https:\/\/etoxproject.eu\/pl\/?s={search_term_string}"},"query-input":{"@type":"PropertyValueSpecification","valueRequired":true,"valueName":"search_term_string"}}],"inLanguage":"pl-PL"},{"@type":"Organization","@id":"https:\/\/etoxproject.eu\/pl\/#organization","name":"etoxproject.eu","url":"https:\/\/etoxproject.eu\/pl\/","logo":{"@type":"ImageObject","inLanguage":"pl-PL","@id":"https:\/\/etoxproject.eu\/pl\/#\/schema\/logo\/image\/","url":"https:\/\/etoxproject.eu\/wp-content\/uploads\/2024\/12\/etoxproject.png","contentUrl":"https:\/\/etoxproject.eu\/wp-content\/uploads\/2024\/12\/etoxproject.png","width":315,"height":69,"caption":"etoxproject.eu"},"image":{"@id":"https:\/\/etoxproject.eu\/pl\/#\/schema\/logo\/image\/"}}]}},"_links":{"self":[{"href":"https:\/\/etoxproject.eu\/pl\/wp-json\/wp\/v2\/pages\/32","targetHints":{"allow":["GET"]}}],"collection":[{"href":"https:\/\/etoxproject.eu\/pl\/wp-json\/wp\/v2\/pages"}],"about":[{"href":"https:\/\/etoxproject.eu\/pl\/wp-json\/wp\/v2\/types\/page"}],"author":[{"embeddable":true,"href":"https:\/\/etoxproject.eu\/pl\/wp-json\/wp\/v2\/users\/1"}],"replies":[{"embeddable":true,"href":"https:\/\/etoxproject.eu\/pl\/wp-json\/wp\/v2\/comments?post=32"}],"version-history":[{"count":0,"href":"https:\/\/etoxproject.eu\/pl\/wp-json\/wp\/v2\/pages\/32\/revisions"}],"wp:attachment":[{"href":"https:\/\/etoxproject.eu\/pl\/wp-json\/wp\/v2\/media?parent=32"}],"curies":[{"name":"wp","href":"https:\/\/api.w.org\/{rel}","templated":true}]}}