{"id":1163,"date":"2024-11-12T10:42:34","date_gmt":"2025-01-19T16:09:33","guid":{"rendered":"https:\/\/etoxproject.eu\/?post_type=product&#038;p=1163"},"modified":"2025-01-19T17:10:19","modified_gmt":"2025-01-19T16:10:19","slug":"akusoli","status":"publish","type":"product","link":"https:\/\/etoxproject.eu\/pl\/produkt\/akusoli\/","title":{"rendered":"Akusoli"},"content":{"rendered":"<p>Wk\u0142adki Akusoli do odchudzania to innowacyjny produkt, kt\u00f3ry koncentruje si\u0119 na wspomaganiu odchudzania poprzez zastosowanie specjalnych materia\u0142\u00f3w i technologii. W tej recenzji szczeg\u00f3\u0142owo przygl\u0105damy si\u0119 funkcjom, zaletom i do\u015bwiadczeniom u\u017cytkownik\u00f3w tych wk\u0142adek. Przygl\u0105damy si\u0119 r\u00f3wnie\u017c podstawom naukowym i omawiamy, jak cena wypada w por\u00f3wnaniu z innymi produktami.<\/p>\n<h2>Materia\u0142y i sk\u0142adniki<\/h2>\n<p><strong>Wk\u0142adki Akusoli s\u0105 wykonane z po\u0142\u0105czenia wysokiej jako\u015bci materia\u0142\u00f3w. Na szczeg\u00f3ln\u0105 uwag\u0119 zas\u0142uguj\u0105:&lt;\/strong<\/strong><\/p>\n<ul>\n<li><strong>Wk\u0142adki magnetyczne<\/strong>: Promuj\u0105 one kr\u0105\u017cenie krwi i stymuluj\u0105 metabolizm. Badania wykaza\u0142y, \u017ce pola magnetyczne mog\u0105 mie\u0107 pozytywny wp\u0142yw na kr\u0105\u017cenie krwi.<\/li>\n<li><strong>Punkty akupresury<\/strong>: Strategicznie rozmieszczone wypustki stymuluj\u0105 okre\u015blone punkty na stopie, kt\u00f3re s\u0105 po\u0142\u0105czone z uk\u0142adem trawiennym. Akupresura jest stosowana od wiek\u00f3w w tradycyjnej medycynie chi\u0144skiej w celu promowania zdrowia.<\/li>\n<li><strong>Tkanina oddychaj\u0105ca<\/strong>: Zapewnia komfort i zapobiega poceniu si\u0119, co jest szczeg\u00f3lnie wa\u017cne w codziennym u\u017cytkowaniu.<\/li>\n<\/ul>\n<h2>Recenzja i wra\u017cenia z u\u017cytkowania wk\u0142adek Akusoli<\/h2>\n<table>\n<thead>\n<tr>\n<th>Zaleta<\/th>\n<th>Wyja\u015bnienie<\/th>\n<\/tr>\n<\/thead>\n<tbody>\n<tr>\n<td>\ud83d\udc63 <strong>Ergonomiczna konstrukcja<\/strong><\/td>\n<td>Podeszwy idealnie dopasowuj\u0105 si\u0119 do kszta\u0142tu stopy i wspieraj\u0105 naturaln\u0105 postaw\u0119 podczas chodzenia i stania.&lt;\/td<\/td>\n<\/tr>\n<tr>\n<td>\ud83d\udee1\ufe0f <strong>Odci\u0105\u017cenie<\/strong><\/td>\n<td>Wk\u0142adki Akusoli rozk\u0142adaj\u0105 nacisk r\u00f3wnomiernie na ca\u0142\u0105 podeszw\u0119 stopy, zmniejszaj\u0105c bolesne punkty nacisku<\/td>\n<\/tr>\n<tr>\n<td>\ud83c\udf2c\ufe0f <strong>Oddychalno\u015b\u0107<\/strong><\/td>\n<td>Dzi\u0119ki specjalnym materia\u0142om promuj\u0105 dobr\u0105 cyrkulacj\u0119 powietrza, co minimalizuje pocenie si\u0119 i nieprzyjemne zapachy<\/td>\n<\/tr>\n<tr>\n<td>\ud83c\udf31 <strong>Przyjazne dla \u015brodowiska<\/strong><\/td>\n<td>Wykonane ze zr\u00f3wnowa\u017conych materia\u0142\u00f3w, podeszwy s\u0105 biodegradowalne i przyjazne dla \u015brodowiska.&lt;\/td<\/td>\n<\/tr>\n<tr>\n<td>\ud83d\udd25 <strong>Wydajno\u015b\u0107 termiczna<\/strong><\/td>\n<td>Oferuj\u0105 doskona\u0142\u0105 izolacj\u0119 termiczn\u0105, utrzymuj\u0105c stopy w cieple zim\u0105 i przyjemnym ch\u0142odzie latem.&lt;\/td<\/td>\n<\/tr>\n<tr>\n<td>\ud83d\udeb6 <strong>Mortyzacja i komfort<\/strong><\/td>\n<td>Wysokiej jako\u015bci wy\u015bci\u00f3\u0142ka poch\u0142ania wstrz\u0105sy, chroni\u0105c stawy, mi\u0119\u015bnie i \u015bci\u0119gna.&lt;\/td<\/td>\n<\/tr>\n<tr>\n<td>\ud83e\uddb6 <strong>Zdrowie st\u00f3p<\/strong><\/td>\n<td>Wspieraj\u0105 naturaln\u0105 pozycj\u0119 stopy i mog\u0105 przeciwdzia\u0142a\u0107 nieprawid\u0142owym ustawieniom st\u00f3p, takim jak p\u0142askostopie lub opadaj\u0105ce \u0142uki&lt;\/td<\/td>\n<\/tr>\n<tr>\n<td>\ud83c\udfbd <strong>Korzy\u015bci sportowe<\/strong><\/td>\n<td>Idealne dla sportowc\u00f3w: poprawiaj\u0105 stabilno\u015b\u0107, promuj\u0105 wydajno\u015b\u0107 i zmniejszaj\u0105 ryzyko kontuzji.&lt;\/td<\/td>\n<\/tr>\n<tr>\n<td>\ud83d\udee0\ufe0f <strong>Trwa\u0142o\u015b\u0107<\/strong><\/td>\n<td>Wytrzyma\u0142e materia\u0142y zapewniaj\u0105 d\u0142ug\u0105 \u017cywotno\u015b\u0107 wk\u0142adek, nawet przy intensywnym u\u017cytkowaniu<\/td>\n<\/tr>\n<tr>\n<td>\ud83d\udc5c <strong>Wszechstronne zastosowanie<\/strong><\/td>\n<td>Nadaje si\u0119 do r\u00f3\u017cnych rodzaj\u00f3w obuwia, takich jak buty sportowe, robocze lub codzienne, bez utraty komfortu<\/td>\n<\/tr>\n<\/tbody>\n<\/table>\n<p>&nbsp;<\/p>\n<h2>Do\u015bwiadczenia Akusoli: Podstawy naukowe<\/h2>\n<p>Dzia\u0142anie wk\u0142adek Akusoli opiera si\u0119 na dw\u00f3ch g\u0142\u00f3wnych podej\u015bciach: Terapii magnetycznej i akupresurze. Terapia magnetyczna jest od dawna badana pod k\u0105tem \u0142agodzenia b\u00f3lu i poprawy kr\u0105\u017cenia. Badanie opublikowane w <em>Journal of Applied Physiology<\/em> pokazuje, \u017ce pola magnetyczne mog\u0105 poprawi\u0107 mikrokr\u0105\u017cenie w tkankach.<\/p>\n<p>Z drugiej strony, akupresura wykorzystuje stymulacj\u0119 punkt\u00f3w nacisku w celu osi\u0105gni\u0119cia efekt\u00f3w prozdrowotnych. Badanie opublikowane w <em>Journal of Alternative and Complementary Medicine<\/em> sugeruje, \u017ce akupresura mo\u017ce pom\u00f3c w utracie wagi poprzez stymulacj\u0119 metabolizmu i kontrolowanie apetytu.<\/p>\n<h2>Cena i dost\u0119pno\u015b\u0107<\/h2>\n<p>Wk\u0142adki Akusoli s\u0105 dost\u0119pne wy\u0142\u0105cznie za po\u015brednictwem oficjalnej strony internetowej producenta i nie s\u0105 dost\u0119pne w konwencjonalnych drogeriach, takich jak dm, Rossmann lub supermarketach, takich jak Kaufland. Nie s\u0105 r\u00f3wnie\u017c dost\u0119pne na platformach takich jak Amazon i Shop Apotheke. Cena wk\u0142adek plasuje si\u0119 w \u015brednim segmencie cenowym, co wydaje si\u0119 uzasadnione bior\u0105c pod uwag\u0119 zastosowane technologie i materia\u0142y. W por\u00f3wnaniu do podobnych produkt\u00f3w, Akusoli oferuje dobry stosunek jako\u015bci do ceny.<\/p>\n<h2>Opinie i opinie u\u017cytkownik\u00f3w<\/h2>\n<p>Wielu u\u017cytkownik\u00f3w zg\u0142asza pozytywne do\u015bwiadczenia z wk\u0142adkami Akusoli. Szczeg\u00f3lnie podkre\u015blany jest przyjemny komfort noszenia i dyskretna integracja z codziennym \u017cyciem. Niekt\u00f3rzy u\u017cytkownicy zg\u0142aszali r\u00f3wnie\u017c popraw\u0119 samopoczucia i wsparcie w odchudzaniu.<\/p>\n<p>Jeden z u\u017cytkownik\u00f3w pisze: <em>\u201eBy\u0142em sceptyczny, ale po kilku tygodniach codziennego stosowania poczu\u0142em si\u0119 bardziej energiczny i faktycznie straci\u0142em kilka kilogram\u00f3w!\u201d<\/em> Inny dodaje: <em>\u201eWk\u0142adki s\u0105 bardzo wygodne i czuj\u0119 znaczn\u0105 popraw\u0119 w trawieniu.\u201d &lt;\/em<\/em><\/p>\n<h2>Wnioski<\/h2>\n<p>Wk\u0142adki Akusoli na odchudzanie oferuj\u0105 innowacyjny spos\u00f3b wspomagania odchudzania i poprawy samopoczucia. \u0141\u0105cz\u0105c terapi\u0119 magnetyczn\u0105 i akupresur\u0119, mog\u0105 mie\u0107 ukierunkowany pozytywny wp\u0142yw na metabolizm i trawienie. Chocia\u017c nie zosta\u0142y one przetestowane przez instytucje takie jak Stiftung Warentest lub centrum doradztwa konsumenckiego, liczne pozytywne opinie u\u017cytkownik\u00f3w m\u00f3wi\u0105 same za siebie.<\/p>\n<p>Dla ka\u017cdego, kto szuka prostej i nieinwazyjnej metody wspierania swoich cel\u00f3w odchudzania, wk\u0142adki Akusoli s\u0105 warte wypr\u00f3bowania. Jedynym minusem jest to, \u017ce s\u0105 one dost\u0119pne wy\u0142\u0105cznie za po\u015brednictwem strony internetowej producenta, ale jest to rekompensowane przez ekskluzywno\u015b\u0107 i konkretne zalety produktu.<\/p>\n<table>\n<thead>\n<tr>\n<th>Aspekt<\/th>\n<th>Ocena<\/th>\n<\/tr>\n<\/thead>\n<tbody>\n<tr>\n<td>Jako\u015b\u0107 materia\u0142\u00f3w<\/td>\n<td>\u2b50\u2b50\u2b50\u2b50\u2b50<\/td>\n<\/tr>\n<tr>\n<td>Efekt<\/td>\n<td>\u2b50\u2b50\u2b50\u2b50<\/td>\n<\/tr>\n<tr>\n<td>Wsp\u00f3\u0142czynnik ceny do wydajno\u015bci<\/td>\n<td>\u2b50\u2b50\u2b50\u2b50<\/td>\n<\/tr>\n<tr>\n<td>Dost\u0119pno\u015b\u0107<\/td>\n<td>\u2b50\u2b50\u2b50\u2b50<\/td>\n<\/tr>\n<\/tbody>\n<\/table>\n<p>Og\u00f3lnie rzecz bior\u0105c, wk\u0142adki Akusoli oferuj\u0105 obiecuj\u0105ce wsparcie dla ka\u017cdego, kto chce poprawi\u0107 swoje zdrowie i kondycj\u0119 bez uciekania si\u0119 do metod inwazyjnych.<\/p>\n","protected":false},"excerpt":{"rendered":"<p>Wk\u0142adki Akusoli do odchudzania to innowacyjny produkt, kt\u00f3ry koncentruje si\u0119 na wspomaganiu odchudzania poprzez zastosowanie specjalnych materia\u0142\u00f3w i technologii. W tej recenzji szczeg\u00f3\u0142owo przygl\u0105damy si\u0119 funkcjom, zaletom i do\u015bwiadczeniom u\u017cytkownik\u00f3w tych wk\u0142adek. Przygl\u0105damy si\u0119 r\u00f3wnie\u017c podstawom naukowym i omawiamy, jak cena wypada w por\u00f3wnaniu z innymi produktami. Materia\u0142y i sk\u0142adniki Wk\u0142adki Akusoli s\u0105 wykonane z &#8230; <a title=\"Akusoli\" class=\"read-more\" href=\"https:\/\/etoxproject.eu\/pl\/produkt\/akusoli\/\" aria-label=\"More on Akusoli\">Czytaj dalej<\/a><\/p>\n","protected":false},"featured_media":94,"comment_status":"open","ping_status":"closed","template":"","meta":[],"product_brand":[],"product_cat":[],"product_tag":[],"class_list":{"0":"post-1163","1":"product","2":"type-product","3":"status-publish","4":"has-post-thumbnail","7":"first","8":"instock","9":"sale","10":"shipping-taxable","11":"product-type-external"},"yoast_head":"<!-- This site is optimized with the Yoast SEO plugin v27.4 - https:\/\/yoast.com\/product\/yoast-seo-wordpress\/ -->\n<title>Kup Akusoli w najlepszej cenie w Polsce<\/title>\n<meta name=\"robots\" content=\"index, follow, max-snippet:-1, max-image-preview:large, max-video-preview:-1\" \/>\n<link rel=\"canonical\" href=\"https:\/\/etoxproject.eu\/pl\/produkt\/akusoli\/\" \/>\n<meta property=\"og:locale\" content=\"pl_PL\" \/>\n<meta property=\"og:type\" content=\"article\" \/>\n<meta property=\"og:title\" content=\"Kup Akusoli w najlepszej cenie w Polsce\" \/>\n<meta property=\"og:description\" content=\"Wk\u0142adki Akusoli do odchudzania to innowacyjny produkt, kt\u00f3ry koncentruje si\u0119 na wspomaganiu odchudzania poprzez zastosowanie specjalnych materia\u0142\u00f3w i technologii. W tej recenzji szczeg\u00f3\u0142owo przygl\u0105damy si\u0119 funkcjom, zaletom i do\u015bwiadczeniom u\u017cytkownik\u00f3w tych wk\u0142adek. Przygl\u0105damy si\u0119 r\u00f3wnie\u017c podstawom naukowym i omawiamy, jak cena wypada w por\u00f3wnaniu z innymi produktami. Materia\u0142y i sk\u0142adniki Wk\u0142adki Akusoli s\u0105 wykonane z ... Czytaj dalej\" \/>\n<meta property=\"og:url\" content=\"https:\/\/etoxproject.eu\/pl\/produkt\/akusoli\/\" \/>\n<meta property=\"og:site_name\" content=\"etoxproject.eu\" \/>\n<meta property=\"article:modified_time\" content=\"2025-01-19T16:10:19+00:00\" \/>\n<meta property=\"og:image\" content=\"https:\/\/etoxproject.eu\/wp-content\/uploads\/2024\/11\/akusoli-einlagen.jpg\" \/>\n\t<meta property=\"og:image:width\" content=\"860\" \/>\n\t<meta property=\"og:image:height\" content=\"714\" \/>\n\t<meta property=\"og:image:type\" content=\"image\/jpeg\" \/>\n<meta name=\"twitter:card\" content=\"summary_large_image\" \/>\n<meta name=\"twitter:label1\" content=\"Szacowany czas czytania\" \/>\n\t<meta name=\"twitter:data1\" content=\"4 minuty\" \/>\n<script type=\"application\/ld+json\" class=\"yoast-schema-graph\">{\"@context\":\"https:\\\/\\\/schema.org\",\"@graph\":[{\"@type\":\"WebPage\",\"@id\":\"https:\\\/\\\/etoxproject.eu\\\/pl\\\/produkt\\\/akusoli\\\/\",\"url\":\"https:\\\/\\\/etoxproject.eu\\\/pl\\\/produkt\\\/akusoli\\\/\",\"name\":\"Kup Akusoli w najlepszej cenie w Polsce\",\"isPartOf\":{\"@id\":\"https:\\\/\\\/etoxproject.eu\\\/pl\\\/#website\"},\"primaryImageOfPage\":{\"@id\":\"https:\\\/\\\/etoxproject.eu\\\/pl\\\/produkt\\\/akusoli\\\/#primaryimage\"},\"image\":{\"@id\":\"https:\\\/\\\/etoxproject.eu\\\/pl\\\/produkt\\\/akusoli\\\/#primaryimage\"},\"thumbnailUrl\":\"https:\\\/\\\/etoxproject.eu\\\/wp-content\\\/uploads\\\/2024\\\/11\\\/akusoli-einlagen.jpg\",\"datePublished\":\"2025-01-19T16:09:33+00:00\",\"dateModified\":\"2025-01-19T16:10:19+00:00\",\"breadcrumb\":{\"@id\":\"https:\\\/\\\/etoxproject.eu\\\/pl\\\/produkt\\\/akusoli\\\/#breadcrumb\"},\"inLanguage\":\"pl-PL\",\"potentialAction\":[{\"@type\":\"ReadAction\",\"target\":[\"https:\\\/\\\/etoxproject.eu\\\/pl\\\/produkt\\\/akusoli\\\/\"]}]},{\"@type\":\"ImageObject\",\"inLanguage\":\"pl-PL\",\"@id\":\"https:\\\/\\\/etoxproject.eu\\\/pl\\\/produkt\\\/akusoli\\\/#primaryimage\",\"url\":\"https:\\\/\\\/etoxproject.eu\\\/wp-content\\\/uploads\\\/2024\\\/11\\\/akusoli-einlagen.jpg\",\"contentUrl\":\"https:\\\/\\\/etoxproject.eu\\\/wp-content\\\/uploads\\\/2024\\\/11\\\/akusoli-einlagen.jpg\",\"width\":860,\"height\":714},{\"@type\":\"BreadcrumbList\",\"@id\":\"https:\\\/\\\/etoxproject.eu\\\/pl\\\/produkt\\\/akusoli\\\/#breadcrumb\",\"itemListElement\":[{\"@type\":\"ListItem\",\"position\":1,\"name\":\"Startseite\",\"item\":\"https:\\\/\\\/etoxproject.eu\\\/pl\\\/\"},{\"@type\":\"ListItem\",\"position\":2,\"name\":\"Sklep\",\"item\":\"https:\\\/\\\/etoxproject.eu\\\/shop\\\/\"},{\"@type\":\"ListItem\",\"position\":3,\"name\":\"Akusoli\"}]},{\"@type\":\"WebSite\",\"@id\":\"https:\\\/\\\/etoxproject.eu\\\/pl\\\/#website\",\"url\":\"https:\\\/\\\/etoxproject.eu\\\/pl\\\/\",\"name\":\"etoxproject.eu\",\"description\":\"\",\"publisher\":{\"@id\":\"https:\\\/\\\/etoxproject.eu\\\/pl\\\/#organization\"},\"potentialAction\":[{\"@type\":\"SearchAction\",\"target\":{\"@type\":\"EntryPoint\",\"urlTemplate\":\"https:\\\/\\\/etoxproject.eu\\\/pl\\\/?s={search_term_string}\"},\"query-input\":{\"@type\":\"PropertyValueSpecification\",\"valueRequired\":true,\"valueName\":\"search_term_string\"}}],\"inLanguage\":\"pl-PL\"},{\"@type\":\"Organization\",\"@id\":\"https:\\\/\\\/etoxproject.eu\\\/pl\\\/#organization\",\"name\":\"etoxproject.eu\",\"url\":\"https:\\\/\\\/etoxproject.eu\\\/pl\\\/\",\"logo\":{\"@type\":\"ImageObject\",\"inLanguage\":\"pl-PL\",\"@id\":\"https:\\\/\\\/etoxproject.eu\\\/pl\\\/#\\\/schema\\\/logo\\\/image\\\/\",\"url\":\"https:\\\/\\\/etoxproject.eu\\\/wp-content\\\/uploads\\\/2024\\\/12\\\/etoxproject.png\",\"contentUrl\":\"https:\\\/\\\/etoxproject.eu\\\/wp-content\\\/uploads\\\/2024\\\/12\\\/etoxproject.png\",\"width\":315,\"height\":69,\"caption\":\"etoxproject.eu\"},\"image\":{\"@id\":\"https:\\\/\\\/etoxproject.eu\\\/pl\\\/#\\\/schema\\\/logo\\\/image\\\/\"}}]}<\/script>\n<!-- \/ Yoast SEO plugin. -->","yoast_head_json":{"title":"Kup Akusoli w najlepszej cenie w Polsce","robots":{"index":"index","follow":"follow","max-snippet":"max-snippet:-1","max-image-preview":"max-image-preview:large","max-video-preview":"max-video-preview:-1"},"canonical":"https:\/\/etoxproject.eu\/pl\/produkt\/akusoli\/","og_locale":"pl_PL","og_type":"article","og_title":"Kup Akusoli w najlepszej cenie w Polsce","og_description":"Wk\u0142adki Akusoli do odchudzania to innowacyjny produkt, kt\u00f3ry koncentruje si\u0119 na wspomaganiu odchudzania poprzez zastosowanie specjalnych materia\u0142\u00f3w i technologii. W tej recenzji szczeg\u00f3\u0142owo przygl\u0105damy si\u0119 funkcjom, zaletom i do\u015bwiadczeniom u\u017cytkownik\u00f3w tych wk\u0142adek. Przygl\u0105damy si\u0119 r\u00f3wnie\u017c podstawom naukowym i omawiamy, jak cena wypada w por\u00f3wnaniu z innymi produktami. Materia\u0142y i sk\u0142adniki Wk\u0142adki Akusoli s\u0105 wykonane z ... Czytaj dalej","og_url":"https:\/\/etoxproject.eu\/pl\/produkt\/akusoli\/","og_site_name":"etoxproject.eu","article_modified_time":"2025-01-19T16:10:19+00:00","og_image":[{"width":860,"height":714,"url":"https:\/\/etoxproject.eu\/wp-content\/uploads\/2024\/11\/akusoli-einlagen.jpg","type":"image\/jpeg"}],"twitter_card":"summary_large_image","twitter_misc":{"Szacowany czas czytania":"4 minuty"},"schema":{"@context":"https:\/\/schema.org","@graph":[{"@type":"WebPage","@id":"https:\/\/etoxproject.eu\/pl\/produkt\/akusoli\/","url":"https:\/\/etoxproject.eu\/pl\/produkt\/akusoli\/","name":"Kup Akusoli w najlepszej cenie w Polsce","isPartOf":{"@id":"https:\/\/etoxproject.eu\/pl\/#website"},"primaryImageOfPage":{"@id":"https:\/\/etoxproject.eu\/pl\/produkt\/akusoli\/#primaryimage"},"image":{"@id":"https:\/\/etoxproject.eu\/pl\/produkt\/akusoli\/#primaryimage"},"thumbnailUrl":"https:\/\/etoxproject.eu\/wp-content\/uploads\/2024\/11\/akusoli-einlagen.jpg","datePublished":"2025-01-19T16:09:33+00:00","dateModified":"2025-01-19T16:10:19+00:00","breadcrumb":{"@id":"https:\/\/etoxproject.eu\/pl\/produkt\/akusoli\/#breadcrumb"},"inLanguage":"pl-PL","potentialAction":[{"@type":"ReadAction","target":["https:\/\/etoxproject.eu\/pl\/produkt\/akusoli\/"]}]},{"@type":"ImageObject","inLanguage":"pl-PL","@id":"https:\/\/etoxproject.eu\/pl\/produkt\/akusoli\/#primaryimage","url":"https:\/\/etoxproject.eu\/wp-content\/uploads\/2024\/11\/akusoli-einlagen.jpg","contentUrl":"https:\/\/etoxproject.eu\/wp-content\/uploads\/2024\/11\/akusoli-einlagen.jpg","width":860,"height":714},{"@type":"BreadcrumbList","@id":"https:\/\/etoxproject.eu\/pl\/produkt\/akusoli\/#breadcrumb","itemListElement":[{"@type":"ListItem","position":1,"name":"Startseite","item":"https:\/\/etoxproject.eu\/pl\/"},{"@type":"ListItem","position":2,"name":"Sklep","item":"https:\/\/etoxproject.eu\/shop\/"},{"@type":"ListItem","position":3,"name":"Akusoli"}]},{"@type":"WebSite","@id":"https:\/\/etoxproject.eu\/pl\/#website","url":"https:\/\/etoxproject.eu\/pl\/","name":"etoxproject.eu","description":"","publisher":{"@id":"https:\/\/etoxproject.eu\/pl\/#organization"},"potentialAction":[{"@type":"SearchAction","target":{"@type":"EntryPoint","urlTemplate":"https:\/\/etoxproject.eu\/pl\/?s={search_term_string}"},"query-input":{"@type":"PropertyValueSpecification","valueRequired":true,"valueName":"search_term_string"}}],"inLanguage":"pl-PL"},{"@type":"Organization","@id":"https:\/\/etoxproject.eu\/pl\/#organization","name":"etoxproject.eu","url":"https:\/\/etoxproject.eu\/pl\/","logo":{"@type":"ImageObject","inLanguage":"pl-PL","@id":"https:\/\/etoxproject.eu\/pl\/#\/schema\/logo\/image\/","url":"https:\/\/etoxproject.eu\/wp-content\/uploads\/2024\/12\/etoxproject.png","contentUrl":"https:\/\/etoxproject.eu\/wp-content\/uploads\/2024\/12\/etoxproject.png","width":315,"height":69,"caption":"etoxproject.eu"},"image":{"@id":"https:\/\/etoxproject.eu\/pl\/#\/schema\/logo\/image\/"}}]}},"_links":{"self":[{"href":"https:\/\/etoxproject.eu\/pl\/wp-json\/wp\/v2\/product\/1163","targetHints":{"allow":["GET"]}}],"collection":[{"href":"https:\/\/etoxproject.eu\/pl\/wp-json\/wp\/v2\/product"}],"about":[{"href":"https:\/\/etoxproject.eu\/pl\/wp-json\/wp\/v2\/types\/product"}],"replies":[{"embeddable":true,"href":"https:\/\/etoxproject.eu\/pl\/wp-json\/wp\/v2\/comments?post=1163"}],"wp:featuredmedia":[{"embeddable":true,"href":"https:\/\/etoxproject.eu\/pl\/wp-json\/wp\/v2\/media\/94"}],"wp:attachment":[{"href":"https:\/\/etoxproject.eu\/pl\/wp-json\/wp\/v2\/media?parent=1163"}],"wp:term":[{"taxonomy":"product_brand","embeddable":true,"href":"https:\/\/etoxproject.eu\/pl\/wp-json\/wp\/v2\/product_brand?post=1163"},{"taxonomy":"product_cat","embeddable":true,"href":"https:\/\/etoxproject.eu\/pl\/wp-json\/wp\/v2\/product_cat?post=1163"},{"taxonomy":"product_tag","embeddable":true,"href":"https:\/\/etoxproject.eu\/pl\/wp-json\/wp\/v2\/product_tag?post=1163"}],"curies":[{"name":"wp","href":"https:\/\/api.w.org\/{rel}","templated":true}]}}