{"id":1199,"date":"2024-12-06T06:37:18","date_gmt":"2024-12-06T07:58:06","guid":{"rendered":"https:\/\/etoxproject.eu\/?post_type=product&#038;p=1199"},"modified":"2024-12-06T08:58:21","modified_gmt":"2024-12-06T07:58:21","slug":"synoshi-power-spin-scrubber","status":"publish","type":"product","link":"https:\/\/etoxproject.eu\/pl\/produkt\/synoshi-power-spin-scrubber\/","title":{"rendered":"Synoshi Power Spin Scrubber"},"content":{"rendered":"<p>Synoshi PL to innowacyjne urz\u0105dzenie czyszcz\u0105ce, kt\u00f3re zosta\u0142o specjalnie opracowane do \u0142atwego czyszczenia uporczywych zabrudze\u0144 w domu. W tym szczeg\u00f3\u0142owym raporcie z testu analizujemy jego wydajno\u015b\u0107, obs\u0142ug\u0119 i og\u00f3lne zalety. Czy Synoshi Power Spin Scrubber jest naprawd\u0119 idealnym wyborem do czyszczenia? Docieramy do sedna tego pytania.<\/p>\n<h2>Synoshi Opinie<\/h2>\n<p>Szorowarka Synoshi Power Spin zachwyca nowoczesn\u0105, ergonomiczn\u0105 konstrukcj\u0105, kt\u00f3ra jest zar\u00f3wno funkcjonalna, jak i estetyczna. Wykonanie jest wysokiej jako\u015bci, a u\u017cyte materia\u0142y s\u0105 solidne i trwa\u0142e. Szczeg\u00f3lnie pozytywn\u0105 cech\u0105 jest antypo\u015blizgowy uchwyt, kt\u00f3ry zapewnia bezpieczn\u0105 obs\u0142ug\u0119 nawet podczas intensywnego u\u017cytkowania.<\/p>\n<h3>Moc i wydajno\u015b\u0107<\/h3>\n<p>Dzi\u0119ki mocnemu silnikowi elektrycznemu i r\u00f3\u017cnym nasadkom szczotkowym, Synoshi jest idealny do czyszczenia szerokiej gamy powierzchni. Niezale\u017cnie od tego, czy chodzi o osad z kamienia pod prysznicem, t\u0142uste plamy w kuchni czy brud na p\u0142ytkach &#8211; obrotowe g\u0142owice szczotkowe zapewniaj\u0105 imponuj\u0105ce rezultaty. \u017bywotno\u015b\u0107 baterii do 90 minut wystarcza na kilka sesji czyszczenia.<\/p>\n<h3>\u0141atwa obs\u0142uga<\/h3>\n<p>Korzystanie z Synoshi Power Spin Scrubber jest niezwykle proste. Urz\u0105dzenie mo\u017cna uruchomi\u0107 jednym naci\u015bni\u0119ciem przycisku, a wymienne nasadki szczotkowe mo\u017cna szybko i \u0142atwo wymieni\u0107. Bezprzewodowa konstrukcja jest szczeg\u00f3lnie praktyczna, umo\u017cliwiaj\u0105c pe\u0142n\u0105 swobod\u0119 ruch\u00f3w podczas czyszczenia.<\/p>\n<h3>Kup szorowark\u0119 Synoshi Power Spin w najni\u017cszej cenie<\/h3>\n<p>Najlepsz\u0105 cen\u0119 mo\u017cna uzyska\u0107 w oficjalnym sklepie internetowym (patrz link na g\u00f3rze tej strony).<\/p>\n<h2><span class=\"keyword-panel-keyword cursor-pointer\"><span class=\"fw-bold\"><span class=\"fw-normal\">Synoshi<\/span> szczotka opinie<\/span><\/span><\/h2>\n<p>&nbsp;<\/p>\n<table border=\"\u201e1\u201d\">\n<thead>\n<tr>\n<th>\ud83d\udfe2 Zalety<\/th>\n<th>\ud83d\udccb Szczeg\u00f3\u0142owe wyja\u015bnienie<\/th>\n<\/tr>\n<\/thead>\n<tbody>\n<tr>\n<td>Ergonomiczna konstrukcja \ud83e\udde4<\/td>\n<td>Synoshi jest wygodny w trzymaniu dzi\u0119ki antypo\u015blizgowemu uchwytowi i lekkiej obudowie. Nawet przy d\u0142ugotrwa\u0142ym u\u017cytkowaniu, d\u0142onie nie wykazuj\u0105 oznak zm\u0119czenia.&lt;\/td<\/td>\n<\/tr>\n<tr>\n<td>Mocny silnik \ud83d\udcaa<\/td>\n<td>Mocny silnik obraca szczotki z du\u017c\u0105 pr\u0119dko\u015bci\u0105, skutecznie usuwaj\u0105c nawet uporczywe zabrudzenia, takie jak kamie\u0144 i t\u0142uste plamy.<\/td>\n<\/tr>\n<tr>\n<td>Wszechstronne nasadki szczotkowe \ud83c\udf00<\/td>\n<td>Dzi\u0119ki r\u00f3\u017cnym g\u0142owicom szczotek, w tym p\u0142askiej szczotce do du\u017cych powierzchni i w\u0105skiej szczotce do naro\u017cnik\u00f3w i spoin, urz\u0105dzenie jest idealnie wyposa\u017cone do ka\u017cdego zadania czyszczenia.<\/td>\n<\/tr>\n<tr>\n<td>Bezobs\u0142ugowa konstrukcja \ud83d\udd0b<\/td>\n<td>Dzi\u0119ki wbudowanemu akumulatorowi nie ma potrzeby u\u017cywania kabli. Pozwala to na nieograniczon\u0105 swobod\u0119 ruch\u00f3w podczas czyszczenia, nawet w trudno dost\u0119pnych zakamarkach.&lt;\/td<\/td>\n<\/tr>\n<tr>\n<td>Wodoodporna konstrukcja \ud83c\udf0a<\/td>\n<td>Urz\u0105dzenie jest odporne na zachlapania, dzi\u0119ki czemu mo\u017ce by\u0107 bez obaw u\u017cywane w wilgotnych pomieszczeniach, takich jak \u0142azienki czy kuchnie.<\/td>\n<\/tr>\n<tr>\n<td>\u0141atwe czyszczenie szczotek \ud83e\uddfd<\/td>\n<td>Po u\u017cyciu ko\u0144c\u00f3wki szczoteczki mo\u017cna po prostu op\u0142uka\u0107 pod bie\u017c\u0105c\u0105 wod\u0105. Oszcz\u0119dza to czas i zapewnia higieniczn\u0105 czysto\u015b\u0107.&lt;\/td<\/td>\n<\/tr>\n<tr>\n<td>D\u0142uga \u017cywotno\u015b\u0107 baterii \ud83d\udd0b<\/td>\n<td>Dzi\u0119ki czasowi pracy do 90 minut, Synoshi mo\u017ce by\u0107 u\u017cywany przez kilka cykli czyszczenia, zanim b\u0119dzie wymaga\u0142 ponownego na\u0142adowania.<\/td>\n<\/tr>\n<tr>\n<td>Szybka wymiana szczoteczki \ud83d\udd04<\/td>\n<td>G\u0142\u00f3wki szczoteczki mo\u017cna wymieni\u0107 w kilka sekund za pomoc\u0105 prostego systemu klikni\u0119\u0107, co oznacza, \u017ce przep\u0142yw pracy nie jest przerywany.<\/td>\n<\/tr>\n<tr>\n<td>\u0141atwa w transporcie \ud83d\udeb6\u200d\u2642\ufe0f<\/td>\n<td>Dzi\u0119ki kompaktowej konstrukcji i niskiej wadze, Synoshi mo\u017cna \u0142atwo przenosi\u0107 do r\u00f3\u017cnych pomieszcze\u0144, a nawet do u\u017cytku na zewn\u0105trz.<\/td>\n<\/tr>\n<tr>\n<td>\u0141agodny dla powierzchni \ud83c\udfa8<\/td>\n<td>Szczotki zosta\u0142y zaprojektowane tak, aby usuwa\u0107 brud bez uszkadzania delikatnych materia\u0142\u00f3w, takich jak szk\u0142o, ceramika lub malowane powierzchnie.<\/td>\n<\/tr>\n<tr>\n<td>Czyszczenie przyjazne dla \u015brodowiska \ud83c\udf0d<\/td>\n<td>Synoshi umo\u017cliwia dok\u0142adne czyszczenie przy minimalnym u\u017cyciu \u015brodk\u00f3w chemicznych, co czyni go przyjazn\u0105 dla \u015brodowiska alternatyw\u0105 dla konwencjonalnych metod czyszczenia.<\/td>\n<\/tr>\n<tr>\n<td>Niski poziom ha\u0142asu podczas pracy \ud83d\udd07<\/td>\n<td>W por\u00f3wnaniu do innych urz\u0105dze\u0144 czyszcz\u0105cych, Synoshi dzia\u0142a zaskakuj\u0105co cicho, co oznacza, \u017ce mo\u017ce by\u0107 r\u00f3wnie\u017c u\u017cywany w gospodarstwach domowych z wra\u017cliwymi wsp\u00f3\u0142lokatorami.<\/td>\n<\/tr>\n<\/tbody>\n<\/table>\n<h2><span class=\"keyword-panel-keyword cursor-pointer\"><span class=\"fw-bold\">Szczotka <span class=\"fw-normal\">Synoshi<\/span> opinie forum<\/span><\/span><\/h2>\n<p>W te\u015bcie praktycznym Synoshi PL Power Spin Scrubber wykaza\u0142 si\u0119 imponuj\u0105c\u0105 wydajno\u015bci\u0105 czyszczenia. Urz\u0105dzenie szczeg\u00f3lnie dobrze radzi\u0142o sobie z usuwaniem kamienia i resztek myd\u0142a pod prysznicem. T\u0142uste plamy na p\u0142ytkach kuchennych r\u00f3wnie\u017c zosta\u0142y usuni\u0119te bez wysi\u0142ku. Ma\u0142\u0105 wad\u0105 jest jednak to, \u017ce bateria roz\u0142adowuje si\u0119 szybciej ni\u017c podano podczas intensywnego u\u017cytkowania, co mo\u017ce by\u0107 problematyczne w przypadku wi\u0119kszych powierzchni.<\/p>\n<h2>Wnioski i ocena<\/h2>\n<p>Synoshi Power Spin Scrubber to wszechstronne i wydajne urz\u0105dzenie czyszcz\u0105ce, kt\u00f3re imponuje przede wszystkim \u0142atwo\u015bci\u0105 obs\u0142ugi i skutecznym usuwaniem brudu. Urz\u0105dzenie jest doskona\u0142ym wyborem dla ma\u0142ych i \u015brednich gospodarstw domowych. Wi\u0119ksze powierzchnie mog\u0105 jednak nadmiernie obci\u0105\u017ca\u0107 akumulator. Og\u00f3lnie rzecz bior\u0105c, Synoshi oferuje dobre po\u0142\u0105czenie wygody i wydajno\u015bci, kt\u00f3re znacznie u\u0142atwia codzienne sprz\u0105tanie.<\/p>\n<p><strong>Recenzja:<\/strong> Szczeg\u00f3lnie nadaje si\u0119 dla os\u00f3b, kt\u00f3re chc\u0105 szybkiego i dok\u0142adnego czyszczenia bez wi\u0119kszego wysi\u0142ku.<\/p>\n","protected":false},"excerpt":{"rendered":"<p>Synoshi PL to innowacyjne urz\u0105dzenie czyszcz\u0105ce, kt\u00f3re zosta\u0142o specjalnie opracowane do \u0142atwego czyszczenia uporczywych zabrudze\u0144 w domu. W tym szczeg\u00f3\u0142owym raporcie z testu analizujemy jego wydajno\u015b\u0107, obs\u0142ug\u0119 i og\u00f3lne zalety. Czy Synoshi Power Spin Scrubber jest naprawd\u0119 idealnym wyborem do czyszczenia? Docieramy do sedna tego pytania. Synoshi Opinie Szorowarka Synoshi Power Spin zachwyca nowoczesn\u0105, ergonomiczn\u0105 &#8230; <a title=\"Synoshi Power Spin Scrubber\" class=\"read-more\" href=\"https:\/\/etoxproject.eu\/pl\/produkt\/synoshi-power-spin-scrubber\/\" aria-label=\"More on Synoshi Power Spin Scrubber\">Czytaj dalej<\/a><\/p>\n","protected":false},"featured_media":1174,"comment_status":"open","ping_status":"closed","template":"","meta":[],"product_brand":[],"product_cat":[],"product_tag":[],"class_list":{"0":"post-1199","1":"product","2":"type-product","3":"status-publish","4":"has-post-thumbnail","7":"first","8":"instock","9":"sale","10":"shipping-taxable","11":"product-type-external"},"yoast_head":"<!-- This site is optimized with the Yoast SEO plugin v27.4 - https:\/\/yoast.com\/product\/yoast-seo-wordpress\/ -->\n<title>Synoshi Power Spin Scrubber opinie \u2734\ufe0f 70% zni\u017cki od ceny<\/title>\n<meta name=\"robots\" content=\"index, follow, max-snippet:-1, max-image-preview:large, max-video-preview:-1\" \/>\n<link rel=\"canonical\" href=\"https:\/\/etoxproject.eu\/pl\/produkt\/synoshi-power-spin-scrubber\/\" \/>\n<meta property=\"og:locale\" content=\"pl_PL\" \/>\n<meta property=\"og:type\" content=\"article\" \/>\n<meta property=\"og:title\" content=\"Synoshi Power Spin Scrubber opinie \u2734\ufe0f 70% zni\u017cki od ceny\" \/>\n<meta property=\"og:description\" content=\"Synoshi PL to innowacyjne urz\u0105dzenie czyszcz\u0105ce, kt\u00f3re zosta\u0142o specjalnie opracowane do \u0142atwego czyszczenia uporczywych zabrudze\u0144 w domu. W tym szczeg\u00f3\u0142owym raporcie z testu analizujemy jego wydajno\u015b\u0107, obs\u0142ug\u0119 i og\u00f3lne zalety. Czy Synoshi Power Spin Scrubber jest naprawd\u0119 idealnym wyborem do czyszczenia? Docieramy do sedna tego pytania. Synoshi Opinie Szorowarka Synoshi Power Spin zachwyca nowoczesn\u0105, ergonomiczn\u0105 ... Czytaj dalej\" \/>\n<meta property=\"og:url\" content=\"https:\/\/etoxproject.eu\/pl\/produkt\/synoshi-power-spin-scrubber\/\" \/>\n<meta property=\"og:site_name\" content=\"etoxproject.eu\" \/>\n<meta property=\"article:modified_time\" content=\"2024-12-06T07:58:21+00:00\" \/>\n<meta property=\"og:image\" content=\"https:\/\/etoxproject.eu\/wp-content\/uploads\/2024\/12\/synoshi.jpg\" \/>\n\t<meta property=\"og:image:width\" content=\"750\" \/>\n\t<meta property=\"og:image:height\" content=\"750\" \/>\n\t<meta property=\"og:image:type\" content=\"image\/jpeg\" \/>\n<meta name=\"twitter:card\" content=\"summary_large_image\" \/>\n<meta name=\"twitter:label1\" content=\"Szacowany czas czytania\" \/>\n\t<meta name=\"twitter:data1\" content=\"4 minuty\" \/>\n<script type=\"application\/ld+json\" class=\"yoast-schema-graph\">{\"@context\":\"https:\\\/\\\/schema.org\",\"@graph\":[{\"@type\":\"WebPage\",\"@id\":\"https:\\\/\\\/etoxproject.eu\\\/pl\\\/produkt\\\/synoshi-power-spin-scrubber\\\/\",\"url\":\"https:\\\/\\\/etoxproject.eu\\\/pl\\\/produkt\\\/synoshi-power-spin-scrubber\\\/\",\"name\":\"Synoshi Power Spin Scrubber opinie \u2734\ufe0f 70% zni\u017cki od ceny\",\"isPartOf\":{\"@id\":\"https:\\\/\\\/etoxproject.eu\\\/pl\\\/#website\"},\"primaryImageOfPage\":{\"@id\":\"https:\\\/\\\/etoxproject.eu\\\/pl\\\/produkt\\\/synoshi-power-spin-scrubber\\\/#primaryimage\"},\"image\":{\"@id\":\"https:\\\/\\\/etoxproject.eu\\\/pl\\\/produkt\\\/synoshi-power-spin-scrubber\\\/#primaryimage\"},\"thumbnailUrl\":\"https:\\\/\\\/etoxproject.eu\\\/wp-content\\\/uploads\\\/2024\\\/12\\\/synoshi.jpg\",\"datePublished\":\"2024-12-06T07:58:06+00:00\",\"dateModified\":\"2024-12-06T07:58:21+00:00\",\"breadcrumb\":{\"@id\":\"https:\\\/\\\/etoxproject.eu\\\/pl\\\/produkt\\\/synoshi-power-spin-scrubber\\\/#breadcrumb\"},\"inLanguage\":\"pl-PL\",\"potentialAction\":[{\"@type\":\"ReadAction\",\"target\":[\"https:\\\/\\\/etoxproject.eu\\\/pl\\\/produkt\\\/synoshi-power-spin-scrubber\\\/\"]}]},{\"@type\":\"ImageObject\",\"inLanguage\":\"pl-PL\",\"@id\":\"https:\\\/\\\/etoxproject.eu\\\/pl\\\/produkt\\\/synoshi-power-spin-scrubber\\\/#primaryimage\",\"url\":\"https:\\\/\\\/etoxproject.eu\\\/wp-content\\\/uploads\\\/2024\\\/12\\\/synoshi.jpg\",\"contentUrl\":\"https:\\\/\\\/etoxproject.eu\\\/wp-content\\\/uploads\\\/2024\\\/12\\\/synoshi.jpg\",\"width\":750,\"height\":750,\"caption\":\"synoshi\"},{\"@type\":\"BreadcrumbList\",\"@id\":\"https:\\\/\\\/etoxproject.eu\\\/pl\\\/produkt\\\/synoshi-power-spin-scrubber\\\/#breadcrumb\",\"itemListElement\":[{\"@type\":\"ListItem\",\"position\":1,\"name\":\"Startseite\",\"item\":\"https:\\\/\\\/etoxproject.eu\\\/pl\\\/\"},{\"@type\":\"ListItem\",\"position\":2,\"name\":\"Sklep\",\"item\":\"https:\\\/\\\/etoxproject.eu\\\/shop\\\/\"},{\"@type\":\"ListItem\",\"position\":3,\"name\":\"Synoshi Power Spin Scrubber\"}]},{\"@type\":\"WebSite\",\"@id\":\"https:\\\/\\\/etoxproject.eu\\\/pl\\\/#website\",\"url\":\"https:\\\/\\\/etoxproject.eu\\\/pl\\\/\",\"name\":\"etoxproject.eu\",\"description\":\"\",\"publisher\":{\"@id\":\"https:\\\/\\\/etoxproject.eu\\\/pl\\\/#organization\"},\"potentialAction\":[{\"@type\":\"SearchAction\",\"target\":{\"@type\":\"EntryPoint\",\"urlTemplate\":\"https:\\\/\\\/etoxproject.eu\\\/pl\\\/?s={search_term_string}\"},\"query-input\":{\"@type\":\"PropertyValueSpecification\",\"valueRequired\":true,\"valueName\":\"search_term_string\"}}],\"inLanguage\":\"pl-PL\"},{\"@type\":\"Organization\",\"@id\":\"https:\\\/\\\/etoxproject.eu\\\/pl\\\/#organization\",\"name\":\"etoxproject.eu\",\"url\":\"https:\\\/\\\/etoxproject.eu\\\/pl\\\/\",\"logo\":{\"@type\":\"ImageObject\",\"inLanguage\":\"pl-PL\",\"@id\":\"https:\\\/\\\/etoxproject.eu\\\/pl\\\/#\\\/schema\\\/logo\\\/image\\\/\",\"url\":\"https:\\\/\\\/etoxproject.eu\\\/wp-content\\\/uploads\\\/2024\\\/12\\\/etoxproject.png\",\"contentUrl\":\"https:\\\/\\\/etoxproject.eu\\\/wp-content\\\/uploads\\\/2024\\\/12\\\/etoxproject.png\",\"width\":315,\"height\":69,\"caption\":\"etoxproject.eu\"},\"image\":{\"@id\":\"https:\\\/\\\/etoxproject.eu\\\/pl\\\/#\\\/schema\\\/logo\\\/image\\\/\"}}]}<\/script>\n<!-- \/ Yoast SEO plugin. -->","yoast_head_json":{"title":"Synoshi Power Spin Scrubber opinie \u2734\ufe0f 70% zni\u017cki od ceny","robots":{"index":"index","follow":"follow","max-snippet":"max-snippet:-1","max-image-preview":"max-image-preview:large","max-video-preview":"max-video-preview:-1"},"canonical":"https:\/\/etoxproject.eu\/pl\/produkt\/synoshi-power-spin-scrubber\/","og_locale":"pl_PL","og_type":"article","og_title":"Synoshi Power Spin Scrubber opinie \u2734\ufe0f 70% zni\u017cki od ceny","og_description":"Synoshi PL to innowacyjne urz\u0105dzenie czyszcz\u0105ce, kt\u00f3re zosta\u0142o specjalnie opracowane do \u0142atwego czyszczenia uporczywych zabrudze\u0144 w domu. W tym szczeg\u00f3\u0142owym raporcie z testu analizujemy jego wydajno\u015b\u0107, obs\u0142ug\u0119 i og\u00f3lne zalety. Czy Synoshi Power Spin Scrubber jest naprawd\u0119 idealnym wyborem do czyszczenia? Docieramy do sedna tego pytania. Synoshi Opinie Szorowarka Synoshi Power Spin zachwyca nowoczesn\u0105, ergonomiczn\u0105 ... Czytaj dalej","og_url":"https:\/\/etoxproject.eu\/pl\/produkt\/synoshi-power-spin-scrubber\/","og_site_name":"etoxproject.eu","article_modified_time":"2024-12-06T07:58:21+00:00","og_image":[{"width":750,"height":750,"url":"https:\/\/etoxproject.eu\/wp-content\/uploads\/2024\/12\/synoshi.jpg","type":"image\/jpeg"}],"twitter_card":"summary_large_image","twitter_misc":{"Szacowany czas czytania":"4 minuty"},"schema":{"@context":"https:\/\/schema.org","@graph":[{"@type":"WebPage","@id":"https:\/\/etoxproject.eu\/pl\/produkt\/synoshi-power-spin-scrubber\/","url":"https:\/\/etoxproject.eu\/pl\/produkt\/synoshi-power-spin-scrubber\/","name":"Synoshi Power Spin Scrubber opinie \u2734\ufe0f 70% zni\u017cki od ceny","isPartOf":{"@id":"https:\/\/etoxproject.eu\/pl\/#website"},"primaryImageOfPage":{"@id":"https:\/\/etoxproject.eu\/pl\/produkt\/synoshi-power-spin-scrubber\/#primaryimage"},"image":{"@id":"https:\/\/etoxproject.eu\/pl\/produkt\/synoshi-power-spin-scrubber\/#primaryimage"},"thumbnailUrl":"https:\/\/etoxproject.eu\/wp-content\/uploads\/2024\/12\/synoshi.jpg","datePublished":"2024-12-06T07:58:06+00:00","dateModified":"2024-12-06T07:58:21+00:00","breadcrumb":{"@id":"https:\/\/etoxproject.eu\/pl\/produkt\/synoshi-power-spin-scrubber\/#breadcrumb"},"inLanguage":"pl-PL","potentialAction":[{"@type":"ReadAction","target":["https:\/\/etoxproject.eu\/pl\/produkt\/synoshi-power-spin-scrubber\/"]}]},{"@type":"ImageObject","inLanguage":"pl-PL","@id":"https:\/\/etoxproject.eu\/pl\/produkt\/synoshi-power-spin-scrubber\/#primaryimage","url":"https:\/\/etoxproject.eu\/wp-content\/uploads\/2024\/12\/synoshi.jpg","contentUrl":"https:\/\/etoxproject.eu\/wp-content\/uploads\/2024\/12\/synoshi.jpg","width":750,"height":750,"caption":"synoshi"},{"@type":"BreadcrumbList","@id":"https:\/\/etoxproject.eu\/pl\/produkt\/synoshi-power-spin-scrubber\/#breadcrumb","itemListElement":[{"@type":"ListItem","position":1,"name":"Startseite","item":"https:\/\/etoxproject.eu\/pl\/"},{"@type":"ListItem","position":2,"name":"Sklep","item":"https:\/\/etoxproject.eu\/shop\/"},{"@type":"ListItem","position":3,"name":"Synoshi Power Spin Scrubber"}]},{"@type":"WebSite","@id":"https:\/\/etoxproject.eu\/pl\/#website","url":"https:\/\/etoxproject.eu\/pl\/","name":"etoxproject.eu","description":"","publisher":{"@id":"https:\/\/etoxproject.eu\/pl\/#organization"},"potentialAction":[{"@type":"SearchAction","target":{"@type":"EntryPoint","urlTemplate":"https:\/\/etoxproject.eu\/pl\/?s={search_term_string}"},"query-input":{"@type":"PropertyValueSpecification","valueRequired":true,"valueName":"search_term_string"}}],"inLanguage":"pl-PL"},{"@type":"Organization","@id":"https:\/\/etoxproject.eu\/pl\/#organization","name":"etoxproject.eu","url":"https:\/\/etoxproject.eu\/pl\/","logo":{"@type":"ImageObject","inLanguage":"pl-PL","@id":"https:\/\/etoxproject.eu\/pl\/#\/schema\/logo\/image\/","url":"https:\/\/etoxproject.eu\/wp-content\/uploads\/2024\/12\/etoxproject.png","contentUrl":"https:\/\/etoxproject.eu\/wp-content\/uploads\/2024\/12\/etoxproject.png","width":315,"height":69,"caption":"etoxproject.eu"},"image":{"@id":"https:\/\/etoxproject.eu\/pl\/#\/schema\/logo\/image\/"}}]}},"_links":{"self":[{"href":"https:\/\/etoxproject.eu\/pl\/wp-json\/wp\/v2\/product\/1199","targetHints":{"allow":["GET"]}}],"collection":[{"href":"https:\/\/etoxproject.eu\/pl\/wp-json\/wp\/v2\/product"}],"about":[{"href":"https:\/\/etoxproject.eu\/pl\/wp-json\/wp\/v2\/types\/product"}],"replies":[{"embeddable":true,"href":"https:\/\/etoxproject.eu\/pl\/wp-json\/wp\/v2\/comments?post=1199"}],"wp:featuredmedia":[{"embeddable":true,"href":"https:\/\/etoxproject.eu\/pl\/wp-json\/wp\/v2\/media\/1174"}],"wp:attachment":[{"href":"https:\/\/etoxproject.eu\/pl\/wp-json\/wp\/v2\/media?parent=1199"}],"wp:term":[{"taxonomy":"product_brand","embeddable":true,"href":"https:\/\/etoxproject.eu\/pl\/wp-json\/wp\/v2\/product_brand?post=1199"},{"taxonomy":"product_cat","embeddable":true,"href":"https:\/\/etoxproject.eu\/pl\/wp-json\/wp\/v2\/product_cat?post=1199"},{"taxonomy":"product_tag","embeddable":true,"href":"https:\/\/etoxproject.eu\/pl\/wp-json\/wp\/v2\/product_tag?post=1199"}],"curies":[{"name":"wp","href":"https:\/\/api.w.org\/{rel}","templated":true}]}}