{"id":2009,"date":"2024-12-13T15:42:50","date_gmt":"2025-01-05T16:33:00","guid":{"rendered":"https:\/\/etoxproject.eu\/?post_type=product&#038;p=2009"},"modified":"2025-01-05T17:33:00","modified_gmt":"2025-01-05T16:33:00","slug":"derila-poduszka","status":"publish","type":"product","link":"https:\/\/etoxproject.eu\/pl\/produkt\/derila-poduszka\/","title":{"rendered":"Derila Poduszka"},"content":{"rendered":"<p><strong>Poduszka z pianki z pami\u0119ci\u0105 Derila zapewnia spokojny sen dzi\u0119ki innowacyjnej ergonomii i wysokiej jako\u015bci materia\u0142owi. W tym raporcie z testu dzielimy si\u0119 naszymi szczeg\u00f3\u0142owymi do\u015bwiadczeniami z poduszk\u0105, podkre\u015blamy zalety i wady oraz przedstawiamy ostateczne wnioski.<\/strong><\/p>\n<h2>Derila Poduszka Opinie Forum<\/h2>\n<p>Poduszka pod szyj\u0119 z pianki z pami\u0119ci\u0105 kszta\u0142tu Derila wykonana jest z pianki z pami\u0119ci\u0105 kszta\u0142tu o wysokiej g\u0119sto\u015bci, kt\u00f3ra idealnie dopasowuje si\u0119 do kontur\u00f3w g\u0142owy i szyi. Materia\u0142 jest oddychaj\u0105cy i hipoalergiczny, dzi\u0119ki czemu jest szczeg\u00f3lnie odpowiedni dla os\u00f3b o wra\u017cliwej sk\u00f3rze. Wysokiej jako\u015bci wykonanie zapewnia, \u017ce poduszka b\u0119dzie s\u0142u\u017cy\u0107 przez d\u0142ugi czas.<\/p>\n<h3>Komfort i ergonomia<\/h3>\n<p>Jedn\u0105 z zalet poduszki do spania Derila jest jej ergonomiczny kszta\u0142t. Wspiera kr\u0119gos\u0142up, \u0142agodzi punkty nacisku, a tym samym mo\u017ce zapobiega\u0107 lub zmniejsza\u0107 b\u00f3l szyi i plec\u00f3w. Lekko podniesiona kraw\u0119d\u017a jest szczeg\u00f3lnie wygodna i stabilizuje g\u0142ow\u0119 i szyj\u0119.<\/p>\n<h3>Pozycje do spania<\/h3>\n<ul>\n<li><strong> Osoby \u015bpi\u0105ce na plecach:<\/strong> korzystaj\u0105 z optymalnego podparcia g\u0142owy i szyi.&lt;\/li<\/li>\n<li><strong>\u015api\u0105cy na boku:<\/strong> mog\u0105 polega\u0107 na stabilno\u015bci i odci\u0105\u017ceniu okolic ramion.&lt;\/li<\/li>\n<li><strong> Osoby \u015bpi\u0105ce na brzuchu:<\/strong> uwa\u017caj\u0105, \u017ce lekkie nachylenie jest przyjemne i mniej obci\u0105\u017caj\u0105ce dla szyi.&lt;\/li<\/li>\n<\/ul>\n<h3>Pokrowiec na poduszk\u0119 Derila<\/h3>\n<p>Zdejmowany pokrowiec mo\u017cna pra\u0107 w pralce i jest \u0142atwy w czyszczeniu. U\u0142atwia to piel\u0119gnacj\u0119 i zapewnia higien\u0119 poduszki.<\/p>\n<h2>Test i wra\u017cenia z u\u017cytkowania poduszki z pianki z pami\u0119ci\u0105 kszta\u0142tu Derila<\/h2>\n<table border=\"\u201e1\u201d\">\n<thead>\n<tr>\n<th>Zalety \u2728<\/th>\n<th>Wyja\u015bnienie \ud83d\udcca<\/th>\n<\/tr>\n<\/thead>\n<tbody>\n<tr>\n<td>\u2714 Ergonomiczna konstrukcja<\/td>\n<td>Zmniejsza nacisk na szyj\u0119, ramiona i kr\u0119gos\u0142up, zapewniaj\u0105c lepszy komfort snu<\/td>\n<\/tr>\n<tr>\n<td>\ud83c\udfe1 Zdolno\u015b\u0107 adaptacji<\/td>\n<td>Pianka z pami\u0119ci\u0105 kszta\u0142tu idealnie dopasowuje si\u0119 do kszta\u0142tu g\u0142owy<\/td>\n<\/tr>\n<tr>\n<td>\ud83c\udf2c Oddychaj\u0105cy materia\u0142<\/td>\n<td>Redukuje pot i zapewnia przyjemny klimat snu<\/td>\n<\/tr>\n<tr>\n<td>\ud83e\udd14 Wszechstronno\u015b\u0107<\/td>\n<td>Nadaje si\u0119 do wszystkich pozycji spania<\/td>\n<\/tr>\n<tr>\n<td>\ud83e\udd73 Lepsza jako\u015b\u0107 snu<\/td>\n<td>Mo\u017ce zmniejszy\u0107 problemy ze snem i poprawi\u0107 og\u00f3lne samopoczucie&lt;\/td<\/td>\n<\/tr>\n<tr>\n<td>\ud83d\udecf \u0141atwy w czyszczeniu<\/td>\n<td>Pokrowiec mo\u017cna pra\u0107, co u\u0142atwia czyszczenie<\/td>\n<\/tr>\n<tr>\n<td>\ud83c\udf06 Przyjazny dla \u015brodowiska<\/td>\n<td>Wykonany z trwa\u0142ych materia\u0142\u00f3w, kt\u00f3re maj\u0105 mniejszy wp\u0142yw na \u015brodowisko&lt;\/td<\/td>\n<\/tr>\n<tr>\n<td>\ud83d\udd27 Trwa\u0142o\u015b\u0107<\/td>\n<td>Wysoka jako\u015b\u0107 wykonania gwarantuje d\u0142ug\u0105 \u017cywotno\u015b\u0107<\/td>\n<\/tr>\n<tr>\n<td>\u2696 Zr\u00f3wnowa\u017cona wysoko\u015b\u0107<\/td>\n<td>Oferuje idealn\u0105 r\u00f3wnowag\u0119 mi\u0119dzy komfortem i wsparciem&lt;\/td<\/td>\n<\/tr>\n<tr>\n<td>\ud83e\udde0 Mniejsze napi\u0119cie<\/td>\n<td>Przyczynia si\u0119 do z\u0142agodzenia napi\u0119cia i b\u00f3l\u00f3w g\u0142owy<\/td>\n<\/tr>\n<\/tbody>\n<\/table>\n<p>&nbsp;<\/p>\n<h3>Ocena poduszki na szyj\u0119 Derila<\/h3>\n<p><a href=\"https:\/\/derilapoduszka.pl\/\">Poduszka z pianki memory Derila<\/a> to doskona\u0142y wyb\u00f3r dla ka\u017cdego, kto ceni sobie wysokiej jako\u015bci komfort snu. Dzi\u0119ki ergonomicznej konstrukcji i wszechstronnym opcjom zastosowania mo\u017ce pom\u00f3c poprawi\u0107 jako\u015b\u0107 snu i z\u0142agodzi\u0107 dyskomfort w okolicy szyi i ramion. Jako\u015b\u0107 wykonania i oddychaj\u0105cy materia\u0142 dope\u0142niaj\u0105 ca\u0142o\u015bci.<\/p>\n<p><strong>Nasza ocena: 4,8 na 5 gwiazdek \u2b50\u2b50\u2b50<\/strong><strong>\u2b50\u2b50<\/strong><\/p>\n<p>Poduszka jest szczeg\u00f3lnie polecana osobom z problemami z szyj\u0105 lub tym, kt\u00f3rzy cz\u0119sto cierpi\u0105 z powodu niespokojnego snu. Cena jest uzasadniona oferowan\u0105 jako\u015bci\u0105, a \u0142atwo\u015b\u0107 piel\u0119gnacji sprawia, \u017ce jest to d\u0142ugotrwa\u0142y towarzysz w sypialni.<\/p>\n","protected":false},"excerpt":{"rendered":"<p>Poduszka z pianki z pami\u0119ci\u0105 Derila zapewnia spokojny sen dzi\u0119ki innowacyjnej ergonomii i wysokiej jako\u015bci materia\u0142owi. W tym raporcie z testu dzielimy si\u0119 naszymi szczeg\u00f3\u0142owymi do\u015bwiadczeniami z poduszk\u0105, podkre\u015blamy zalety i wady oraz przedstawiamy ostateczne wnioski. Derila Poduszka Opinie Forum Poduszka pod szyj\u0119 z pianki z pami\u0119ci\u0105 kszta\u0142tu Derila wykonana jest z pianki z pami\u0119ci\u0105 &#8230; <a title=\"Derila Poduszka\" class=\"read-more\" href=\"https:\/\/etoxproject.eu\/pl\/produkt\/derila-poduszka\/\" aria-label=\"More on Derila Poduszka\">Czytaj dalej<\/a><\/p>\n","protected":false},"featured_media":1400,"comment_status":"open","ping_status":"closed","template":"","meta":[],"product_brand":[],"product_cat":[],"product_tag":[],"class_list":{"0":"post-2009","1":"product","2":"type-product","3":"status-publish","4":"has-post-thumbnail","7":"first","8":"instock","9":"sale","10":"shipping-taxable","11":"product-type-external"},"yoast_head":"<!-- This site is optimized with the Yoast SEO plugin v27.3 - https:\/\/yoast.com\/product\/yoast-seo-wordpress\/ -->\n<title>Derila Poduszka Opinie \u2764\ufe0f Cena z 70% zni\u017ck\u0105<\/title>\n<meta name=\"robots\" content=\"index, follow, max-snippet:-1, max-image-preview:large, max-video-preview:-1\" \/>\n<link rel=\"canonical\" href=\"https:\/\/etoxproject.eu\/pl\/produkt\/derila-poduszka\/\" \/>\n<meta property=\"og:locale\" content=\"pl_PL\" \/>\n<meta property=\"og:type\" content=\"article\" \/>\n<meta property=\"og:title\" content=\"Derila Poduszka Opinie \u2764\ufe0f Cena z 70% zni\u017ck\u0105\" \/>\n<meta property=\"og:description\" content=\"Poduszka z pianki z pami\u0119ci\u0105 Derila zapewnia spokojny sen dzi\u0119ki innowacyjnej ergonomii i wysokiej jako\u015bci materia\u0142owi. W tym raporcie z testu dzielimy si\u0119 naszymi szczeg\u00f3\u0142owymi do\u015bwiadczeniami z poduszk\u0105, podkre\u015blamy zalety i wady oraz przedstawiamy ostateczne wnioski. Derila Poduszka Opinie Forum Poduszka pod szyj\u0119 z pianki z pami\u0119ci\u0105 kszta\u0142tu Derila wykonana jest z pianki z pami\u0119ci\u0105 ... Czytaj dalej\" \/>\n<meta property=\"og:url\" content=\"https:\/\/etoxproject.eu\/pl\/produkt\/derila-poduszka\/\" \/>\n<meta property=\"og:site_name\" content=\"etoxproject.eu\" \/>\n<meta property=\"og:image\" content=\"https:\/\/etoxproject.eu\/wp-content\/uploads\/2024\/12\/derila.jpg\" \/>\n\t<meta property=\"og:image:width\" content=\"700\" \/>\n\t<meta property=\"og:image:height\" content=\"700\" \/>\n\t<meta property=\"og:image:type\" content=\"image\/jpeg\" \/>\n<meta name=\"twitter:card\" content=\"summary_large_image\" \/>\n<meta name=\"twitter:label1\" content=\"Szacowany czas czytania\" \/>\n\t<meta name=\"twitter:data1\" content=\"3 minuty\" \/>\n<script type=\"application\/ld+json\" class=\"yoast-schema-graph\">{\"@context\":\"https:\\\/\\\/schema.org\",\"@graph\":[{\"@type\":\"WebPage\",\"@id\":\"https:\\\/\\\/etoxproject.eu\\\/pl\\\/produkt\\\/derila-poduszka\\\/\",\"url\":\"https:\\\/\\\/etoxproject.eu\\\/pl\\\/produkt\\\/derila-poduszka\\\/\",\"name\":\"Derila Poduszka Opinie \u2764\ufe0f Cena z 70% zni\u017ck\u0105\",\"isPartOf\":{\"@id\":\"https:\\\/\\\/etoxproject.eu\\\/pl\\\/#website\"},\"primaryImageOfPage\":{\"@id\":\"https:\\\/\\\/etoxproject.eu\\\/pl\\\/produkt\\\/derila-poduszka\\\/#primaryimage\"},\"image\":{\"@id\":\"https:\\\/\\\/etoxproject.eu\\\/pl\\\/produkt\\\/derila-poduszka\\\/#primaryimage\"},\"thumbnailUrl\":\"https:\\\/\\\/etoxproject.eu\\\/wp-content\\\/uploads\\\/2024\\\/12\\\/derila.jpg\",\"datePublished\":\"2025-01-05T16:33:00+00:00\",\"breadcrumb\":{\"@id\":\"https:\\\/\\\/etoxproject.eu\\\/pl\\\/produkt\\\/derila-poduszka\\\/#breadcrumb\"},\"inLanguage\":\"pl-PL\",\"potentialAction\":[{\"@type\":\"ReadAction\",\"target\":[\"https:\\\/\\\/etoxproject.eu\\\/pl\\\/produkt\\\/derila-poduszka\\\/\"]}]},{\"@type\":\"ImageObject\",\"inLanguage\":\"pl-PL\",\"@id\":\"https:\\\/\\\/etoxproject.eu\\\/pl\\\/produkt\\\/derila-poduszka\\\/#primaryimage\",\"url\":\"https:\\\/\\\/etoxproject.eu\\\/wp-content\\\/uploads\\\/2024\\\/12\\\/derila.jpg\",\"contentUrl\":\"https:\\\/\\\/etoxproject.eu\\\/wp-content\\\/uploads\\\/2024\\\/12\\\/derila.jpg\",\"width\":700,\"height\":700,\"caption\":\"derila\"},{\"@type\":\"BreadcrumbList\",\"@id\":\"https:\\\/\\\/etoxproject.eu\\\/pl\\\/produkt\\\/derila-poduszka\\\/#breadcrumb\",\"itemListElement\":[{\"@type\":\"ListItem\",\"position\":1,\"name\":\"Startseite\",\"item\":\"https:\\\/\\\/etoxproject.eu\\\/pl\\\/\"},{\"@type\":\"ListItem\",\"position\":2,\"name\":\"Sklep\",\"item\":\"https:\\\/\\\/etoxproject.eu\\\/shop\\\/\"},{\"@type\":\"ListItem\",\"position\":3,\"name\":\"Derila Poduszka\"}]},{\"@type\":\"WebSite\",\"@id\":\"https:\\\/\\\/etoxproject.eu\\\/pl\\\/#website\",\"url\":\"https:\\\/\\\/etoxproject.eu\\\/pl\\\/\",\"name\":\"etoxproject.eu\",\"description\":\"\",\"publisher\":{\"@id\":\"https:\\\/\\\/etoxproject.eu\\\/pl\\\/#organization\"},\"potentialAction\":[{\"@type\":\"SearchAction\",\"target\":{\"@type\":\"EntryPoint\",\"urlTemplate\":\"https:\\\/\\\/etoxproject.eu\\\/pl\\\/?s={search_term_string}\"},\"query-input\":{\"@type\":\"PropertyValueSpecification\",\"valueRequired\":true,\"valueName\":\"search_term_string\"}}],\"inLanguage\":\"pl-PL\"},{\"@type\":\"Organization\",\"@id\":\"https:\\\/\\\/etoxproject.eu\\\/pl\\\/#organization\",\"name\":\"etoxproject.eu\",\"url\":\"https:\\\/\\\/etoxproject.eu\\\/pl\\\/\",\"logo\":{\"@type\":\"ImageObject\",\"inLanguage\":\"pl-PL\",\"@id\":\"https:\\\/\\\/etoxproject.eu\\\/pl\\\/#\\\/schema\\\/logo\\\/image\\\/\",\"url\":\"https:\\\/\\\/etoxproject.eu\\\/wp-content\\\/uploads\\\/2024\\\/12\\\/etoxproject.png\",\"contentUrl\":\"https:\\\/\\\/etoxproject.eu\\\/wp-content\\\/uploads\\\/2024\\\/12\\\/etoxproject.png\",\"width\":315,\"height\":69,\"caption\":\"etoxproject.eu\"},\"image\":{\"@id\":\"https:\\\/\\\/etoxproject.eu\\\/pl\\\/#\\\/schema\\\/logo\\\/image\\\/\"}}]}<\/script>\n<!-- \/ Yoast SEO plugin. -->","yoast_head_json":{"title":"Derila Poduszka Opinie \u2764\ufe0f Cena z 70% zni\u017ck\u0105","robots":{"index":"index","follow":"follow","max-snippet":"max-snippet:-1","max-image-preview":"max-image-preview:large","max-video-preview":"max-video-preview:-1"},"canonical":"https:\/\/etoxproject.eu\/pl\/produkt\/derila-poduszka\/","og_locale":"pl_PL","og_type":"article","og_title":"Derila Poduszka Opinie \u2764\ufe0f Cena z 70% zni\u017ck\u0105","og_description":"Poduszka z pianki z pami\u0119ci\u0105 Derila zapewnia spokojny sen dzi\u0119ki innowacyjnej ergonomii i wysokiej jako\u015bci materia\u0142owi. W tym raporcie z testu dzielimy si\u0119 naszymi szczeg\u00f3\u0142owymi do\u015bwiadczeniami z poduszk\u0105, podkre\u015blamy zalety i wady oraz przedstawiamy ostateczne wnioski. Derila Poduszka Opinie Forum Poduszka pod szyj\u0119 z pianki z pami\u0119ci\u0105 kszta\u0142tu Derila wykonana jest z pianki z pami\u0119ci\u0105 ... Czytaj dalej","og_url":"https:\/\/etoxproject.eu\/pl\/produkt\/derila-poduszka\/","og_site_name":"etoxproject.eu","og_image":[{"width":700,"height":700,"url":"https:\/\/etoxproject.eu\/wp-content\/uploads\/2024\/12\/derila.jpg","type":"image\/jpeg"}],"twitter_card":"summary_large_image","twitter_misc":{"Szacowany czas czytania":"3 minuty"},"schema":{"@context":"https:\/\/schema.org","@graph":[{"@type":"WebPage","@id":"https:\/\/etoxproject.eu\/pl\/produkt\/derila-poduszka\/","url":"https:\/\/etoxproject.eu\/pl\/produkt\/derila-poduszka\/","name":"Derila Poduszka Opinie \u2764\ufe0f Cena z 70% zni\u017ck\u0105","isPartOf":{"@id":"https:\/\/etoxproject.eu\/pl\/#website"},"primaryImageOfPage":{"@id":"https:\/\/etoxproject.eu\/pl\/produkt\/derila-poduszka\/#primaryimage"},"image":{"@id":"https:\/\/etoxproject.eu\/pl\/produkt\/derila-poduszka\/#primaryimage"},"thumbnailUrl":"https:\/\/etoxproject.eu\/wp-content\/uploads\/2024\/12\/derila.jpg","datePublished":"2025-01-05T16:33:00+00:00","breadcrumb":{"@id":"https:\/\/etoxproject.eu\/pl\/produkt\/derila-poduszka\/#breadcrumb"},"inLanguage":"pl-PL","potentialAction":[{"@type":"ReadAction","target":["https:\/\/etoxproject.eu\/pl\/produkt\/derila-poduszka\/"]}]},{"@type":"ImageObject","inLanguage":"pl-PL","@id":"https:\/\/etoxproject.eu\/pl\/produkt\/derila-poduszka\/#primaryimage","url":"https:\/\/etoxproject.eu\/wp-content\/uploads\/2024\/12\/derila.jpg","contentUrl":"https:\/\/etoxproject.eu\/wp-content\/uploads\/2024\/12\/derila.jpg","width":700,"height":700,"caption":"derila"},{"@type":"BreadcrumbList","@id":"https:\/\/etoxproject.eu\/pl\/produkt\/derila-poduszka\/#breadcrumb","itemListElement":[{"@type":"ListItem","position":1,"name":"Startseite","item":"https:\/\/etoxproject.eu\/pl\/"},{"@type":"ListItem","position":2,"name":"Sklep","item":"https:\/\/etoxproject.eu\/shop\/"},{"@type":"ListItem","position":3,"name":"Derila Poduszka"}]},{"@type":"WebSite","@id":"https:\/\/etoxproject.eu\/pl\/#website","url":"https:\/\/etoxproject.eu\/pl\/","name":"etoxproject.eu","description":"","publisher":{"@id":"https:\/\/etoxproject.eu\/pl\/#organization"},"potentialAction":[{"@type":"SearchAction","target":{"@type":"EntryPoint","urlTemplate":"https:\/\/etoxproject.eu\/pl\/?s={search_term_string}"},"query-input":{"@type":"PropertyValueSpecification","valueRequired":true,"valueName":"search_term_string"}}],"inLanguage":"pl-PL"},{"@type":"Organization","@id":"https:\/\/etoxproject.eu\/pl\/#organization","name":"etoxproject.eu","url":"https:\/\/etoxproject.eu\/pl\/","logo":{"@type":"ImageObject","inLanguage":"pl-PL","@id":"https:\/\/etoxproject.eu\/pl\/#\/schema\/logo\/image\/","url":"https:\/\/etoxproject.eu\/wp-content\/uploads\/2024\/12\/etoxproject.png","contentUrl":"https:\/\/etoxproject.eu\/wp-content\/uploads\/2024\/12\/etoxproject.png","width":315,"height":69,"caption":"etoxproject.eu"},"image":{"@id":"https:\/\/etoxproject.eu\/pl\/#\/schema\/logo\/image\/"}}]}},"_links":{"self":[{"href":"https:\/\/etoxproject.eu\/pl\/wp-json\/wp\/v2\/product\/2009","targetHints":{"allow":["GET"]}}],"collection":[{"href":"https:\/\/etoxproject.eu\/pl\/wp-json\/wp\/v2\/product"}],"about":[{"href":"https:\/\/etoxproject.eu\/pl\/wp-json\/wp\/v2\/types\/product"}],"replies":[{"embeddable":true,"href":"https:\/\/etoxproject.eu\/pl\/wp-json\/wp\/v2\/comments?post=2009"}],"wp:featuredmedia":[{"embeddable":true,"href":"https:\/\/etoxproject.eu\/pl\/wp-json\/wp\/v2\/media\/1400"}],"wp:attachment":[{"href":"https:\/\/etoxproject.eu\/pl\/wp-json\/wp\/v2\/media?parent=2009"}],"wp:term":[{"taxonomy":"product_brand","embeddable":true,"href":"https:\/\/etoxproject.eu\/pl\/wp-json\/wp\/v2\/product_brand?post=2009"},{"taxonomy":"product_cat","embeddable":true,"href":"https:\/\/etoxproject.eu\/pl\/wp-json\/wp\/v2\/product_cat?post=2009"},{"taxonomy":"product_tag","embeddable":true,"href":"https:\/\/etoxproject.eu\/pl\/wp-json\/wp\/v2\/product_tag?post=2009"}],"curies":[{"name":"wp","href":"https:\/\/api.w.org\/{rel}","templated":true}]}}