{"id":2016,"date":"2025-01-05T14:12:03","date_gmt":"2025-01-06T11:24:12","guid":{"rendered":"https:\/\/etoxproject.eu\/?post_type=product&#038;p=2016"},"modified":"2025-04-17T20:04:58","modified_gmt":"2025-04-17T18:04:58","slug":"hypnozio-app","status":"publish","type":"product","link":"https:\/\/etoxproject.eu\/pl\/produkt\/hypnozio-app\/","title":{"rendered":"Hypnozio App"},"content":{"rendered":"<p>Przenikanie si\u0119 technologii i zdrowia psychicznego stworzy\u0142o mo\u017cliwo\u015bci innowacyjnego podej\u015bcia do zarz\u0105dzania stresem, poprawy snu i uwa\u017cno\u015bci. W\u015br\u00f3d takich narz\u0119dzi pojawi\u0142a si\u0119 aplikacja Hypnozio zaprojektowana w celu u\u0142atwienia hipnozy, medytacji i praktyk uwa\u017cno\u015bci. Niniejszy przegl\u0105d krytycznie ocenia Hypnozio z naukowego punktu widzenia, badaj\u0105c jego cechy, funkcjonalno\u015b\u0107, podstawy teoretyczne i wsparcie empiryczne.<\/p>\n<ul>\n<li><span style=\"color: #339966; \u201e&gt;&lt;strong&gt;aplikacja hipnozy dla &lt;span style=\u201dtext-decoration: underline;\">utraty wagi<\/span><\/li>\n<li><span style=\"color: #339966; \u201e&gt;&lt;strong&gt;aplikacja hipnoza dla &lt;span style=\u201dtext-decoration: underline;\">Snu<\/span><\/li>\n<li><span style=\"color: #339966; \u201e&gt;&lt;strong&gt;aplikacja hipnozy dla &lt;span style=\u201dtext-decoration: underline;\">Pewno\u015bci siebie<\/span><\/li>\n<li><a href=\"https:\/\/get-hypnozio.com\/landing-wl?l=pl&amp;vndr=evf&amp;evf=1&amp;uid=6173&amp;offid=55&amp;affiliate_id=792&amp;source_id=etox-pl\" target=\"_blank\" rel=\"nofollow noopener\">Kliknij tutaj, aby dowiedzie\u0107 si\u0119 wi\u0119cej<\/a><\/li>\n<\/ul>\n<h2>Hypnozio Opinie &amp; Recenzja<\/h2>\n<p>Hypnozio twierdzi, \u017ce wykorzystuje zasady hipnozy i uwa\u017cno\u015bci, aby poprawi\u0107 samopoczucie psychiczne. Aplikacja zawiera takie funkcje jak:<\/p>\n<ul>\n<li><strong>Sesje hipnozy z przewodnikiem<\/strong>: Dostosowane do redukcji stresu, budowania pewno\u015bci siebie i kszta\u0142towania nawyk\u00f3w.<\/li>\n<li><strong>\u015acie\u017cki medytacyjne<\/strong>: Skoncentrowane na uwa\u017cno\u015bci i relaksacji.<\/li>\n<li><strong>Wsparcie snu<\/strong>: Binaural beats i storytelling zaprojektowane w celu poprawy jako\u015bci snu.<\/li>\n<li><strong>Personalizacja<\/strong>: Rekomendacje sesji oparte na sztucznej inteligencji i preferencjach u\u017cytkownika.<\/li>\n<\/ul>\n<h2>Fundacja naukowa (recenzje Hypnozio App)<\/h2>\n<h4>Hipnoza i jej mechanizmy<\/h4>\n<p>Hipnoza jest stanem skupionej uwagi i zwi\u0119kszonej sugestywno\u015bci, cz\u0119sto stosowanym terapeutycznie w stanach takich jak przewlek\u0142y b\u00f3l, l\u0119k i bezsenno\u015b\u0107. Dzia\u0142a poprzez mechanizmy takie jak:<\/p>\n<ul>\n<li><strong>Relaxation Response<\/strong>: Hipnoza aktywuje przywsp\u00f3\u0142czulny uk\u0142ad nerwowy, zmniejszaj\u0105c zwi\u0105zane ze stresem pobudzenie fizjologiczne.<\/li>\n<li><strong>Neuroplastyczno\u015b\u0107<\/strong>: Badania sugeruj\u0105, \u017ce hipnoza mo\u017ce wzmocni\u0107 \u015bcie\u017cki neuronowe zwi\u0105zane z po\u017c\u0105danymi zachowaniami lub stanami psychicznymi.<\/li>\n<li><strong>Cognitive Reframing<\/strong>: Sugestie hipnotyczne pomagaj\u0105 przeformu\u0142owa\u0107 negatywne my\u015bli i poprawi\u0107 mechanizmy radzenia sobie.<\/li>\n<\/ul>\n<h4>Mindfulness i medytacja<\/h4>\n<p>Uwa\u017cno\u015b\u0107 jest zakorzeniona w staro\u017cytnych tradycjach kontemplacyjnych i polega na zwracaniu uwagi na chwil\u0119 obecn\u0105 bez oceniania. Wykazano, \u017ce:<\/p>\n<ul>\n<li style=\"list-style-type: none;\">\n<ul>\n<li>Zmniejszenie objaw\u00f3w l\u0119ku i depresji (Khoury et al., 2015).<\/li>\n<\/ul>\n<\/li>\n<\/ul>\n<p>&nbsp;<\/p>\n<ul>\n<li>Poprawia regulacj\u0119 emocjonaln\u0105 poprzez aktywacj\u0119 kory przedczo\u0142owej.<\/li>\n<\/ul>\n<p>&nbsp;<\/p>\n<p>Hypnozio integruje te zasady, maj\u0105c na celu zapewnienie u\u017cytkownikom ustrukturyzowanych, kierowanych do\u015bwiadcze\u0144, kt\u00f3re s\u0105 dost\u0119pne i oparte na dowodach.<\/p>\n<h2>Aplikacja Hypnozio do odchudzania, snu, depresji i nie tylko<\/h2>\n<h4>Aplikacja do hipnozy na odchudzanie<\/h4>\n<p>Hypnozio oferuje szereg sesji hipnozy z przewodnikiem podzielonych na kategorie tematyczne, takie jak \u0142agodzenie stresu, pewno\u015b\u0107 siebie i rzucanie palenia. Sesje te:<\/p>\n<ul>\n<li>U\u017cywaj\u0105 uspokajaj\u0105cych lektor\u00f3w ze skryptami opartymi na hipnotycznych wzorcach j\u0119zykowych (np. model Miltona).<\/li>\n<li>Wykorzystuj\u0105 pejza\u017ce d\u017awi\u0119kowe w tle, aby u\u0142atwi\u0107 zanurzenie i relaksacj\u0119.<\/li>\n<li>W\u0142\u0105czaj\u0105 progresywne techniki relaksacyjne, aby wywo\u0142a\u0107 stan podobny do transu.<\/li>\n<\/ul>\n<h4>\u015acie\u017cki medytacji i uwa\u017cno\u015bci<\/h4>\n<p>Sekcja medytacji oferuje zr\u00f3\u017cnicowane \u015bcie\u017cki, w tym skanowanie cia\u0142a, \u0107wiczenia oddechowe i uwa\u017cne wizualizacje. Sesje obejmuj\u0105:<\/p>\n<ul>\n<li><strong>Adaptacyjna trudno\u015b\u0107<\/strong>: \u015acie\u017cki r\u00f3\u017cni\u0105 si\u0119 d\u0142ugo\u015bci\u0105 i z\u0142o\u017cono\u015bci\u0105, zaspokajaj\u0105c potrzeby zar\u00f3wno pocz\u0105tkuj\u0105cych, jak i do\u015bwiadczonych medytuj\u0105cych.<\/li>\n<li><strong>Binaural Beats<\/strong>: Okre\u015blone cz\u0119stotliwo\u015bci s\u0105 osadzone w celu promowania aktywno\u015bci fal m\u00f3zgowych theta, zwi\u0105zanych z g\u0142\u0119bokim relaksem.<\/li>\n<\/ul>\n<h4>Funkcje wspomagaj\u0105ce sen<\/h4>\n<p>Wsparcie snu Hypnozio obejmuje bajki na dobranoc, bia\u0142y szum i binaural beats zaprojektowane tak, aby:<\/p>\n<ul>\n<li>Skr\u00f3cenie op\u00f3\u017anienia pocz\u0105tku snu.<\/li>\n<li>Poprawy jako\u015bci snu poprzez wspieranie stanu relaksu przed snem.<\/li>\n<li>Zwalczanie typowych zaburze\u0144 snu, takich jak bezsenno\u015b\u0107.<\/li>\n<\/ul>\n<h4>Personalizacja oparta na sztucznej inteligencji<\/h4>\n<p>Wyr\u00f3\u017cniaj\u0105c\u0105 si\u0119 funkcj\u0105 jest system sztucznej inteligencji aplikacji, kt\u00f3ry analizuje zachowanie u\u017cytkownika i informacje zwrotne:<\/p>\n<ul>\n<li>Zaproponowa\u0107 sesje dostosowane do cel\u00f3w u\u017cytkownika (np. zmniejszenie niepokoju).<\/li>\n<li>Dostosowa\u0107 zawarto\u015b\u0107 sesji w czasie w celu ci\u0105g\u0142ego zaanga\u017cowania.<\/li>\n<\/ul>\n<h2>Dowody empiryczne<\/h2>\n<h4>Badania nad hipnoz\u0105<\/h4>\n<ol>\n<li><strong>Stres i niepok\u00f3j<\/strong>: Metaanaliza przeprowadzona przez Hammonda (2010) wykaza\u0142a, \u017ce hipnoza skutecznie redukuje stany l\u0119kowe i zwi\u0105zane ze stresem.<\/li>\n<li><strong>Jako\u015b\u0107 snu<\/strong>: Wykazano, \u017ce hipnoterapia poprawia parametry snu u os\u00f3b cierpi\u0105cych na bezsenno\u015b\u0107 (Cordi et al., 2014).<\/li>\n<\/ol>\n<h4>Dowody przemawiaj\u0105ce za medytacj\u0105<\/h4>\n<p>Interwencje oparte na uwa\u017cno\u015bci maj\u0105 solidne wsparcie empiryczne:<\/p>\n<ul>\n<li><strong>Zdrowie psychiczne<\/strong>: Systematyczne przegl\u0105dy wskazuj\u0105 na znacz\u0105ce zmniejszenie l\u0119ku i depresji (Goyal et al., 2014).<\/li>\n<li><strong>Korzy\u015bci poznawcze<\/strong>: D\u0142ugoterminowa medytacja poprawia uwag\u0119 i pami\u0119\u0107 robocz\u0105 (Zeidan et al., 2010).<\/li>\n<\/ul>\n<h4>Zastosowanie do Hypnozio<\/h4>\n<p>Chocia\u017c \u017cadne recenzowane badania nie bada\u0142y konkretnie Hypnozio, jego poleganie na technikach opartych na dowodach sugeruje solidne podstawy teoretyczne. Konieczne s\u0105 jednak bardziej rygorystyczne, specyficzne dla aplikacji badania, aby zweryfikowa\u0107 jej skuteczno\u015b\u0107.<\/p>\n<h2>Potencjalne ograniczenia<\/h2>\n<h4>Uog\u00f3lnienie hipnozy<\/h4>\n<p>Hipnoza jest wysoce zindywidualizowana. Niekt\u00f3rzy u\u017cytkownicy mog\u0105 nie by\u0107 wysoce podatni na sugesti\u0119, co mo\u017ce ograniczy\u0107 skuteczno\u015b\u0107 aplikacji. Badanie przesiewowe pod k\u0105tem zdolno\u015bci do hipnozy mo\u017ce poprawi\u0107 spersonalizowane wyniki.<\/p>\n<h4>Nadmierna zale\u017cno\u015b\u0107 od technologii<\/h4>\n<p>Chocia\u017c Hypnozio oferuje wygod\u0119, istnieje ryzyko promowania nadmiernego polegania na narz\u0119dziach cyfrowych w zakresie zdrowia psychicznego. Uzupe\u0142niaj\u0105ca terapia osobista mo\u017ce by\u0107 konieczna w przypadku powa\u017cnych schorze\u0144.<\/p>\n<h4>Brak danych pod\u0142u\u017cnych<\/h4>\n<p>D\u0142ugoterminowy wp\u0142yw aplikacji na wyniki w zakresie zdrowia psychicznego nie zosta\u0142 zbadany. Badania pod\u0142u\u017cne s\u0105 niezb\u0119dne do okre\u015blenia trwa\u0142ej skuteczno\u015bci.<\/p>\n<h2>Por\u00f3wnania z konkurencj\u0105<\/h2>\n<p>Hypnozio konkuruje z takimi aplikacjami jak Calm, Headspace i Sleep Cycle. Unikalne punkty sprzeda\u017cy obejmuj\u0105:<\/p>\n<ul>\n<li><strong>Hypnosis Focus<\/strong>: W przeciwie\u0144stwie do konkurencji, Hypnozio traktuje hipnoz\u0119 priorytetowo obok uwa\u017cno\u015bci.<\/li>\n<li><strong>Personalizacja AI<\/strong>: Rekomendacje Hypnozio oparte na sztucznej inteligencji oferuj\u0105 dostosowane do potrzeb u\u017cytkownika do\u015bwiadczenie.<\/li>\n<li>Happyo<\/li>\n<\/ul>\n<p>Jednak konkurenci cz\u0119sto maj\u0105 wi\u0119ksze bazy u\u017cytkownik\u00f3w i bardziej ugruntowane partnerstwa badawcze.<\/p>\n<h3>Opinie u\u017cytkownik\u00f3w<\/h3>\n<p>Opinie u\u017cytkownik\u00f3w podkre\u015blaj\u0105 mocne strony, takie jak:<\/p>\n<ul>\n<li>Poprawa jako\u015bci snu w ci\u0105gu kilku tygodni stosowania.<\/li>\n<li>Zmniejszony poziom l\u0119ku po regularnych sesjach.<\/li>\n<li>Intuicyjny interfejs i atrakcyjny wygl\u0105d.<\/li>\n<\/ul>\n<p>Krytyka obejmuje sporadyczne usterki techniczne i ograniczon\u0105 bezp\u0142atn\u0105 zawarto\u015b\u0107. U\u017cytkownicy domagaj\u0105 si\u0119 r\u00f3wnie\u017c funkcji takich jak pobieranie offline i g\u0142\u0119bsze opcje dostosowywania.<\/p>\n<h2>Uwagi etyczne<\/h2>\n<h4>Prywatno\u015b\u0107 danych<\/h4>\n<p>Hypnozio gromadzi wra\u017cliwe dane w celu optymalizacji do\u015bwiadczenia u\u017cytkownika. Przejrzyste zasady przetwarzania danych i solidne szyfrowanie maj\u0105 kluczowe znaczenie dla utrzymania zaufania u\u017cytkownik\u00f3w.<\/p>\n<h4>Dost\u0119pno\u015b\u0107<\/h4>\n<p>Zapewnienie przyst\u0119pno\u015bci cenowej i integracji j\u0119zykowej poszerzy zasi\u0119g aplikacji. Obecnie funkcje premium mog\u0105 by\u0107 zbyt drogie dla niekt\u00f3rych u\u017cytkownik\u00f3w.<\/p>\n<h4>O\u015bwiadczenia oparte na dowodach<\/h4>\n<p>Twierdzenia marketingowe powinny by\u0107 zgodne z dowodami naukowymi, aby unikn\u0105\u0107 wprowadzania u\u017cytkownik\u00f3w w b\u0142\u0105d. Materia\u0142y promocyjne Hypnozio podkre\u015blaj\u0105 wsparcie empiryczne, ale wskazane s\u0105 wyra\u017aniejsze zastrze\u017cenia dotycz\u0105ce indywidualnej zmienno\u015bci.<\/p>\n<h2>Zalecenia dotycz\u0105ce ulepsze\u0144<\/h2>\n<ol>\n<li><strong>Zwi\u0119kszone partnerstwa badawcze<\/strong>: Wsp\u00f3\u0142praca z instytucjami akademickimi w celu przeprowadzenia rygorystycznych ocen.<\/li>\n<li><strong>Bszersza biblioteka tre\u015bci<\/strong>: Rozszerzenie \u015bcie\u017cek dla zr\u00f3\u017cnicowanych kulturowo i j\u0119zykowo odbiorc\u00f3w.<\/li>\n<li><strong>Ulepszona personalizacja<\/strong>: Umo\u017cliwienie u\u017cytkownikom dostosowania d\u0142ugo\u015bci sesji, g\u0142osu i d\u017awi\u0119k\u00f3w t\u0142a.<\/li>\n<li><strong>Dost\u0119p offline<\/strong>: Umo\u017cliwienie pobierania w celu nieprzerwanego korzystania w obszarach o s\u0142abej \u0142\u0105czno\u015bci.<\/li>\n<\/ol>\n<h3>Wnioski<\/h3>\n<p>Hypnozio znajduje si\u0119 w czo\u0142\u00f3wce narz\u0119dzi zdrowia psychicznego opartych na technologii, oferuj\u0105c innowacyjne po\u0142\u0105czenie hipnozy, medytacji i personalizacji AI. Chocia\u017c jego funkcje s\u0105 oparte na solidnych zasadach naukowych, aplikacja skorzysta\u0142aby na dalszej walidacji empirycznej i zwi\u0119kszonej dost\u0119pno\u015bci. Dla u\u017cytkownik\u00f3w poszukuj\u0105cych wygodnego, opartego na dowodach podej\u015bcia do \u0142agodzenia stresu i poprawy snu, Hypnozio jest bardzo obiecuj\u0105ce.<\/p>\n","protected":false},"excerpt":{"rendered":"<p>Przenikanie si\u0119 technologii i zdrowia psychicznego stworzy\u0142o mo\u017cliwo\u015bci innowacyjnego podej\u015bcia do zarz\u0105dzania stresem, poprawy snu i uwa\u017cno\u015bci. W\u015br\u00f3d takich narz\u0119dzi pojawi\u0142a si\u0119 aplikacja Hypnozio zaprojektowana w celu u\u0142atwienia hipnozy, medytacji i praktyk uwa\u017cno\u015bci. Niniejszy przegl\u0105d krytycznie ocenia Hypnozio z naukowego punktu widzenia, badaj\u0105c jego cechy, funkcjonalno\u015b\u0107, podstawy teoretyczne i wsparcie empiryczne. utraty wagi Snu Pewno\u015bci &#8230; <a title=\"Hypnozio App\" class=\"read-more\" href=\"https:\/\/etoxproject.eu\/pl\/produkt\/hypnozio-app\/\" aria-label=\"More on Hypnozio App\">Czytaj dalej<\/a><\/p>\n","protected":false},"featured_media":1938,"comment_status":"open","ping_status":"closed","template":"","meta":[],"product_brand":[],"product_cat":[27],"product_tag":[],"class_list":{"0":"post-2016","1":"product","2":"type-product","3":"status-publish","4":"has-post-thumbnail","6":"product_cat-bez-kategorii","8":"first","9":"instock","10":"shipping-taxable","11":"product-type-external"},"yoast_head":"<!-- This site is optimized with the Yoast SEO plugin v27.4 - https:\/\/yoast.com\/product\/yoast-seo-wordpress\/ -->\n<title>Hypnozio App Opinie \u2733\ufe0f 75% zni\u017cki od ceny<\/title>\n<meta name=\"robots\" content=\"index, follow, max-snippet:-1, max-image-preview:large, max-video-preview:-1\" \/>\n<link rel=\"canonical\" href=\"https:\/\/etoxproject.eu\/pl\/produkt\/hypnozio-app\/\" \/>\n<meta property=\"og:locale\" content=\"pl_PL\" \/>\n<meta property=\"og:type\" content=\"article\" \/>\n<meta property=\"og:title\" content=\"Hypnozio App Opinie \u2733\ufe0f 75% zni\u017cki od ceny\" \/>\n<meta property=\"og:description\" content=\"Przenikanie si\u0119 technologii i zdrowia psychicznego stworzy\u0142o mo\u017cliwo\u015bci innowacyjnego podej\u015bcia do zarz\u0105dzania stresem, poprawy snu i uwa\u017cno\u015bci. W\u015br\u00f3d takich narz\u0119dzi pojawi\u0142a si\u0119 aplikacja Hypnozio zaprojektowana w celu u\u0142atwienia hipnozy, medytacji i praktyk uwa\u017cno\u015bci. Niniejszy przegl\u0105d krytycznie ocenia Hypnozio z naukowego punktu widzenia, badaj\u0105c jego cechy, funkcjonalno\u015b\u0107, podstawy teoretyczne i wsparcie empiryczne. utraty wagi Snu Pewno\u015bci ... Czytaj dalej\" \/>\n<meta property=\"og:url\" content=\"https:\/\/etoxproject.eu\/pl\/produkt\/hypnozio-app\/\" \/>\n<meta property=\"og:site_name\" content=\"etoxproject.eu\" \/>\n<meta property=\"article:modified_time\" content=\"2025-04-17T18:04:58+00:00\" \/>\n<meta property=\"og:image\" content=\"https:\/\/etoxproject.eu\/wp-content\/uploads\/2025\/01\/hypnozio-app.jpg\" \/>\n\t<meta property=\"og:image:width\" content=\"800\" \/>\n\t<meta property=\"og:image:height\" content=\"694\" \/>\n\t<meta property=\"og:image:type\" content=\"image\/jpeg\" \/>\n<meta name=\"twitter:card\" content=\"summary_large_image\" \/>\n<meta name=\"twitter:label1\" content=\"Szacowany czas czytania\" \/>\n\t<meta name=\"twitter:data1\" content=\"6 minut\" \/>\n<script type=\"application\/ld+json\" class=\"yoast-schema-graph\">{\"@context\":\"https:\\\/\\\/schema.org\",\"@graph\":[{\"@type\":\"WebPage\",\"@id\":\"https:\\\/\\\/etoxproject.eu\\\/pl\\\/produkt\\\/hypnozio-app\\\/\",\"url\":\"https:\\\/\\\/etoxproject.eu\\\/pl\\\/produkt\\\/hypnozio-app\\\/\",\"name\":\"Hypnozio App Opinie \u2733\ufe0f 75% zni\u017cki od ceny\",\"isPartOf\":{\"@id\":\"https:\\\/\\\/etoxproject.eu\\\/pl\\\/#website\"},\"primaryImageOfPage\":{\"@id\":\"https:\\\/\\\/etoxproject.eu\\\/pl\\\/produkt\\\/hypnozio-app\\\/#primaryimage\"},\"image\":{\"@id\":\"https:\\\/\\\/etoxproject.eu\\\/pl\\\/produkt\\\/hypnozio-app\\\/#primaryimage\"},\"thumbnailUrl\":\"https:\\\/\\\/etoxproject.eu\\\/wp-content\\\/uploads\\\/2025\\\/01\\\/hypnozio-app.jpg\",\"datePublished\":\"2025-01-06T11:24:12+00:00\",\"dateModified\":\"2025-04-17T18:04:58+00:00\",\"breadcrumb\":{\"@id\":\"https:\\\/\\\/etoxproject.eu\\\/pl\\\/produkt\\\/hypnozio-app\\\/#breadcrumb\"},\"inLanguage\":\"pl-PL\",\"potentialAction\":[{\"@type\":\"ReadAction\",\"target\":[\"https:\\\/\\\/etoxproject.eu\\\/pl\\\/produkt\\\/hypnozio-app\\\/\"]}]},{\"@type\":\"ImageObject\",\"inLanguage\":\"pl-PL\",\"@id\":\"https:\\\/\\\/etoxproject.eu\\\/pl\\\/produkt\\\/hypnozio-app\\\/#primaryimage\",\"url\":\"https:\\\/\\\/etoxproject.eu\\\/wp-content\\\/uploads\\\/2025\\\/01\\\/hypnozio-app.jpg\",\"contentUrl\":\"https:\\\/\\\/etoxproject.eu\\\/wp-content\\\/uploads\\\/2025\\\/01\\\/hypnozio-app.jpg\",\"width\":800,\"height\":694,\"caption\":\"hypnozio app\"},{\"@type\":\"BreadcrumbList\",\"@id\":\"https:\\\/\\\/etoxproject.eu\\\/pl\\\/produkt\\\/hypnozio-app\\\/#breadcrumb\",\"itemListElement\":[{\"@type\":\"ListItem\",\"position\":1,\"name\":\"Startseite\",\"item\":\"https:\\\/\\\/etoxproject.eu\\\/pl\\\/\"},{\"@type\":\"ListItem\",\"position\":2,\"name\":\"Sklep\",\"item\":\"https:\\\/\\\/etoxproject.eu\\\/shop\\\/\"},{\"@type\":\"ListItem\",\"position\":3,\"name\":\"Hypnozio App\"}]},{\"@type\":\"WebSite\",\"@id\":\"https:\\\/\\\/etoxproject.eu\\\/pl\\\/#website\",\"url\":\"https:\\\/\\\/etoxproject.eu\\\/pl\\\/\",\"name\":\"etoxproject.eu\",\"description\":\"\",\"publisher\":{\"@id\":\"https:\\\/\\\/etoxproject.eu\\\/pl\\\/#organization\"},\"potentialAction\":[{\"@type\":\"SearchAction\",\"target\":{\"@type\":\"EntryPoint\",\"urlTemplate\":\"https:\\\/\\\/etoxproject.eu\\\/pl\\\/?s={search_term_string}\"},\"query-input\":{\"@type\":\"PropertyValueSpecification\",\"valueRequired\":true,\"valueName\":\"search_term_string\"}}],\"inLanguage\":\"pl-PL\"},{\"@type\":\"Organization\",\"@id\":\"https:\\\/\\\/etoxproject.eu\\\/pl\\\/#organization\",\"name\":\"etoxproject.eu\",\"url\":\"https:\\\/\\\/etoxproject.eu\\\/pl\\\/\",\"logo\":{\"@type\":\"ImageObject\",\"inLanguage\":\"pl-PL\",\"@id\":\"https:\\\/\\\/etoxproject.eu\\\/pl\\\/#\\\/schema\\\/logo\\\/image\\\/\",\"url\":\"https:\\\/\\\/etoxproject.eu\\\/wp-content\\\/uploads\\\/2024\\\/12\\\/etoxproject.png\",\"contentUrl\":\"https:\\\/\\\/etoxproject.eu\\\/wp-content\\\/uploads\\\/2024\\\/12\\\/etoxproject.png\",\"width\":315,\"height\":69,\"caption\":\"etoxproject.eu\"},\"image\":{\"@id\":\"https:\\\/\\\/etoxproject.eu\\\/pl\\\/#\\\/schema\\\/logo\\\/image\\\/\"}}]}<\/script>\n<!-- \/ Yoast SEO plugin. -->","yoast_head_json":{"title":"Hypnozio App Opinie \u2733\ufe0f 75% zni\u017cki od ceny","robots":{"index":"index","follow":"follow","max-snippet":"max-snippet:-1","max-image-preview":"max-image-preview:large","max-video-preview":"max-video-preview:-1"},"canonical":"https:\/\/etoxproject.eu\/pl\/produkt\/hypnozio-app\/","og_locale":"pl_PL","og_type":"article","og_title":"Hypnozio App Opinie \u2733\ufe0f 75% zni\u017cki od ceny","og_description":"Przenikanie si\u0119 technologii i zdrowia psychicznego stworzy\u0142o mo\u017cliwo\u015bci innowacyjnego podej\u015bcia do zarz\u0105dzania stresem, poprawy snu i uwa\u017cno\u015bci. W\u015br\u00f3d takich narz\u0119dzi pojawi\u0142a si\u0119 aplikacja Hypnozio zaprojektowana w celu u\u0142atwienia hipnozy, medytacji i praktyk uwa\u017cno\u015bci. Niniejszy przegl\u0105d krytycznie ocenia Hypnozio z naukowego punktu widzenia, badaj\u0105c jego cechy, funkcjonalno\u015b\u0107, podstawy teoretyczne i wsparcie empiryczne. utraty wagi Snu Pewno\u015bci ... Czytaj dalej","og_url":"https:\/\/etoxproject.eu\/pl\/produkt\/hypnozio-app\/","og_site_name":"etoxproject.eu","article_modified_time":"2025-04-17T18:04:58+00:00","og_image":[{"width":800,"height":694,"url":"https:\/\/etoxproject.eu\/wp-content\/uploads\/2025\/01\/hypnozio-app.jpg","type":"image\/jpeg"}],"twitter_card":"summary_large_image","twitter_misc":{"Szacowany czas czytania":"6 minut"},"schema":{"@context":"https:\/\/schema.org","@graph":[{"@type":"WebPage","@id":"https:\/\/etoxproject.eu\/pl\/produkt\/hypnozio-app\/","url":"https:\/\/etoxproject.eu\/pl\/produkt\/hypnozio-app\/","name":"Hypnozio App Opinie \u2733\ufe0f 75% zni\u017cki od ceny","isPartOf":{"@id":"https:\/\/etoxproject.eu\/pl\/#website"},"primaryImageOfPage":{"@id":"https:\/\/etoxproject.eu\/pl\/produkt\/hypnozio-app\/#primaryimage"},"image":{"@id":"https:\/\/etoxproject.eu\/pl\/produkt\/hypnozio-app\/#primaryimage"},"thumbnailUrl":"https:\/\/etoxproject.eu\/wp-content\/uploads\/2025\/01\/hypnozio-app.jpg","datePublished":"2025-01-06T11:24:12+00:00","dateModified":"2025-04-17T18:04:58+00:00","breadcrumb":{"@id":"https:\/\/etoxproject.eu\/pl\/produkt\/hypnozio-app\/#breadcrumb"},"inLanguage":"pl-PL","potentialAction":[{"@type":"ReadAction","target":["https:\/\/etoxproject.eu\/pl\/produkt\/hypnozio-app\/"]}]},{"@type":"ImageObject","inLanguage":"pl-PL","@id":"https:\/\/etoxproject.eu\/pl\/produkt\/hypnozio-app\/#primaryimage","url":"https:\/\/etoxproject.eu\/wp-content\/uploads\/2025\/01\/hypnozio-app.jpg","contentUrl":"https:\/\/etoxproject.eu\/wp-content\/uploads\/2025\/01\/hypnozio-app.jpg","width":800,"height":694,"caption":"hypnozio app"},{"@type":"BreadcrumbList","@id":"https:\/\/etoxproject.eu\/pl\/produkt\/hypnozio-app\/#breadcrumb","itemListElement":[{"@type":"ListItem","position":1,"name":"Startseite","item":"https:\/\/etoxproject.eu\/pl\/"},{"@type":"ListItem","position":2,"name":"Sklep","item":"https:\/\/etoxproject.eu\/shop\/"},{"@type":"ListItem","position":3,"name":"Hypnozio App"}]},{"@type":"WebSite","@id":"https:\/\/etoxproject.eu\/pl\/#website","url":"https:\/\/etoxproject.eu\/pl\/","name":"etoxproject.eu","description":"","publisher":{"@id":"https:\/\/etoxproject.eu\/pl\/#organization"},"potentialAction":[{"@type":"SearchAction","target":{"@type":"EntryPoint","urlTemplate":"https:\/\/etoxproject.eu\/pl\/?s={search_term_string}"},"query-input":{"@type":"PropertyValueSpecification","valueRequired":true,"valueName":"search_term_string"}}],"inLanguage":"pl-PL"},{"@type":"Organization","@id":"https:\/\/etoxproject.eu\/pl\/#organization","name":"etoxproject.eu","url":"https:\/\/etoxproject.eu\/pl\/","logo":{"@type":"ImageObject","inLanguage":"pl-PL","@id":"https:\/\/etoxproject.eu\/pl\/#\/schema\/logo\/image\/","url":"https:\/\/etoxproject.eu\/wp-content\/uploads\/2024\/12\/etoxproject.png","contentUrl":"https:\/\/etoxproject.eu\/wp-content\/uploads\/2024\/12\/etoxproject.png","width":315,"height":69,"caption":"etoxproject.eu"},"image":{"@id":"https:\/\/etoxproject.eu\/pl\/#\/schema\/logo\/image\/"}}]}},"_links":{"self":[{"href":"https:\/\/etoxproject.eu\/pl\/wp-json\/wp\/v2\/product\/2016","targetHints":{"allow":["GET"]}}],"collection":[{"href":"https:\/\/etoxproject.eu\/pl\/wp-json\/wp\/v2\/product"}],"about":[{"href":"https:\/\/etoxproject.eu\/pl\/wp-json\/wp\/v2\/types\/product"}],"replies":[{"embeddable":true,"href":"https:\/\/etoxproject.eu\/pl\/wp-json\/wp\/v2\/comments?post=2016"}],"wp:featuredmedia":[{"embeddable":true,"href":"https:\/\/etoxproject.eu\/pl\/wp-json\/wp\/v2\/media\/1938"}],"wp:attachment":[{"href":"https:\/\/etoxproject.eu\/pl\/wp-json\/wp\/v2\/media?parent=2016"}],"wp:term":[{"taxonomy":"product_brand","embeddable":true,"href":"https:\/\/etoxproject.eu\/pl\/wp-json\/wp\/v2\/product_brand?post=2016"},{"taxonomy":"product_cat","embeddable":true,"href":"https:\/\/etoxproject.eu\/pl\/wp-json\/wp\/v2\/product_cat?post=2016"},{"taxonomy":"product_tag","embeddable":true,"href":"https:\/\/etoxproject.eu\/pl\/wp-json\/wp\/v2\/product_tag?post=2016"}],"curies":[{"name":"wp","href":"https:\/\/api.w.org\/{rel}","templated":true}]}}