{"id":1200,"date":"2024-12-06T06:37:18","date_gmt":"2024-12-06T08:02:39","guid":{"rendered":"https:\/\/etoxproject.eu\/?post_type=product&#038;p=1200"},"modified":"2024-12-06T09:02:39","modified_gmt":"2024-12-06T08:02:39","slug":"synoshi-power-spin-scrubber","status":"publish","type":"product","link":"https:\/\/etoxproject.eu\/pt-pt\/produto\/synoshi-power-spin-scrubber\/","title":{"rendered":"Synoshi Power Spin Scrubber"},"content":{"rendered":"<p>O Synoshi Power Spin Scrubber \u00e9 um aparelho de limpeza inovador que foi especialmente desenvolvido para limpar sem esfor\u00e7o a sujidade mais dif\u00edcil em casa. Neste relat\u00f3rio de teste detalhado, analisamos o seu desempenho, manuseamento e vantagens gerais. Ser\u00e1 que a m\u00e1quina de lavar Synoshi Power Spin Scrubber \u00e9 realmente a escolha ideal para as suas necessidades de limpeza? Vamos ao fundo da quest\u00e3o.<\/p>\n<h2>Experi\u00eancia e teste da Lavadora Girat\u00f3ria Synoshi Power<\/h2>\n<p>A m\u00e1quina de lavar Synoshi Power Spin impressiona com um design moderno e ergon\u00f3mico que \u00e9 funcional e esteticamente agrad\u00e1vel. O acabamento \u00e9 de alta qualidade e os materiais utilizados s\u00e3o robustos e duradouros. A pega antiderrapante, que garante um manuseamento seguro mesmo durante uma utiliza\u00e7\u00e3o intensiva, \u00e9 uma carater\u00edstica particularmente positiva.<\/p>\n<h3>Pot\u00eancia e efici\u00eancia<\/h3>\n<p>Com um potente motor el\u00e9trico e v\u00e1rios acess\u00f3rios para escovas, o Synoshi \u00e9 ideal para limpar uma grande variedade de superf\u00edcies. Quer sejam dep\u00f3sitos de calc\u00e1rio no duche, manchas de gordura na cozinha ou sujidade nos azulejos &#8211; as cabe\u00e7as de escova rotativas garantem resultados impressionantes. A autonomia da bateria de at\u00e9 90 minutos \u00e9 suficiente para v\u00e1rias sess\u00f5es de limpeza.<\/p>\n<h3>F\u00e1cil utiliza\u00e7\u00e3o<\/h3>\n<p>Utilizar a m\u00e1quina de lavar Synoshi Power Spin \u00e9 extremamente f\u00e1cil. Pode ligar o aparelho com o toque de um bot\u00e3o e os acess\u00f3rios intercambi\u00e1veis das escovas podem ser trocados r\u00e1pida e facilmente. O design sem fios \u00e9 particularmente pr\u00e1tico, permitindo total liberdade de movimentos durante a limpeza.<\/p>\n<h3>Compre Synoshi Power Spin Scrubber ao pre\u00e7o mais baixo<\/h3>\n<p>Pode obter o melhor pre\u00e7o na loja online oficial (ver link no topo desta p\u00e1gina).<\/p>\n<h2>Experi\u00eancias Synoshi: Vantagens num \u00e1pice<\/h2>\n<table border=\"\u201c1\u201d\">\n<thead>\n<tr>\n<th>\ud83d\udfe2 Vantagens<\/th>\n<th>\ud83d\udccb Explica\u00e7\u00e3o pormenorizada<\/th>\n<\/tr>\n<\/thead>\n<tbody>\n<tr>\n<td>Design ergon\u00f3mico \ud83e\udde4<\/td>\n<td>O Synoshi \u00e9 confort\u00e1vel de segurar gra\u00e7as ao seu punho antiderrapante e \u00e0 sua estrutura leve. Mesmo com uso prolongado, n\u00e3o h\u00e1 sinais de cansa\u00e7o nas m\u00e3os.&lt;\/td<\/td>\n<\/tr>\n<tr>\n<td>Motor potente \ud83d\udcaa<\/td>\n<td>O potente motor faz girar as escovas a alta velocidade, removendo eficazmente at\u00e9 a sujidade mais dif\u00edcil, como o calc\u00e1rio e as manchas de gordura.<\/td>\n<\/tr>\n<tr>\n<td>Anexos de escova vers\u00e1teis \ud83c\udf00<\/td>\n<td>Com v\u00e1rias cabe\u00e7as de escova, incluindo uma escova plana para grandes superf\u00edcies e uma escova estreita para cantos e juntas, o aparelho est\u00e1 idealmente equipado para cada tarefa de limpeza.<\/td>\n<\/tr>\n<tr>\n<td>Design sem fios \ud83d\udd0b<\/td>\n<td>Gra\u00e7as \u00e0 bateria recarreg\u00e1vel integrada, n\u00e3o h\u00e1 necessidade de mexer em cabos. Isto permite uma liberdade de movimentos sem restri\u00e7\u00f5es durante a limpeza, mesmo em cantos dif\u00edceis de alcan\u00e7ar.&lt;\/td<\/td>\n<\/tr>\n<tr>\n<td>Constru\u00e7\u00e3o \u00e0 prova de \u00e1gua \ud83c\udf0a<\/td>\n<td>O aparelho \u00e9 \u00e0 prova de salpicos, pelo que pode ser utilizado em ambientes h\u00famidos, como casas de banho ou cozinhas, sem hesita\u00e7\u00e3o.<\/td>\n<\/tr>\n<tr>\n<td>Limpeza f\u00e1cil das escovas \ud83e\uddfd<\/td>\n<td>Ap\u00f3s a utiliza\u00e7\u00e3o, os acess\u00f3rios das escovas podem ser simplesmente lavados em \u00e1gua corrente. Isto poupa tempo e assegura uma limpeza higi\u00e9nica.&lt;\/td<\/td>\n<\/tr>\n<tr>\n<td>Longa dura\u00e7\u00e3o da bateria \ud83d\udd0b<\/td>\n<td>Com um tempo de funcionamento de at\u00e9 90 minutos, o Synoshi pode ser usado para v\u00e1rios ciclos de limpeza antes de precisar de ser recarregado.<\/td>\n<\/tr>\n<tr>\n<td>Troca r\u00e1pida da escova \ud83d\udd04<\/td>\n<td>As cabe\u00e7as das escovas podem ser trocadas em segundos com um simples sistema de clique, o que significa que o fluxo de trabalho n\u00e3o \u00e9 interrompido.<\/td>\n<\/tr>\n<tr>\n<td>F\u00e1cil de transportar \ud83d\udeb6\u200d\u2642\ufe0f<\/td>\n<td>Gra\u00e7as ao seu design compacto e ao seu baixo peso, o Synoshi pode ser facilmente levado para diferentes divis\u00f5es ou mesmo para utiliza\u00e7\u00e3o no exterior.<\/td>\n<\/tr>\n<tr>\n<td>Suave nas superf\u00edcies \ud83c\udfa8<\/td>\n<td>As escovas foram concebidas para remover a sujidade sem danificar materiais delicados como o vidro, a cer\u00e2mica ou as superf\u00edcies pintadas.<\/td>\n<\/tr>\n<tr>\n<td>Limpeza amiga do ambiente \ud83c\udf0d<\/td>\n<td>O Synoshi permite uma limpeza profunda com uma utiliza\u00e7\u00e3o m\u00ednima de produtos qu\u00edmicos, tornando-o numa alternativa amiga do ambiente aos m\u00e9todos de limpeza convencionais.<\/td>\n<\/tr>\n<tr>\n<td>Baixo ru\u00eddo de funcionamento \ud83d\udd07<\/td>\n<td>Comparado com outros aparelhos de limpeza, o Synoshi funciona surpreendentemente silenciosamente, o que significa que tamb\u00e9m pode ser usado em resid\u00eancias com colegas de apartamento sens\u00edveis.<\/td>\n<\/tr>\n<\/tbody>\n<\/table>\n<h2>Teste pr\u00e1tico: A nossa experi\u00eancia e as opini\u00f5es dos utilizadores<\/h2>\n<p>No teste pr\u00e1tico, o Synoshi Power Spin Scrubber demonstrou um desempenho de limpeza impressionante. O aparelho teve um desempenho particularmente bom na remo\u00e7\u00e3o de calc\u00e1rio e res\u00edduos de sab\u00e3o no duche. As manchas de gordura nos azulejos da cozinha tamb\u00e9m foram removidas sem esfor\u00e7o. No entanto, uma pequena desvantagem \u00e9 o facto de a bateria se descarregar mais rapidamente do que o indicado durante a utiliza\u00e7\u00e3o intensiva, o que pode ser problem\u00e1tico para superf\u00edcies maiores.<\/p>\n<h2>Conclus\u00e3o e avalia\u00e7\u00e3o<\/h2>\n<p>A Synoshi Power Spin Scrubber \u00e9 um aparelho de limpeza vers\u00e1til e potente que impressiona sobretudo pela sua facilidade de utiliza\u00e7\u00e3o e remo\u00e7\u00e3o eficaz da sujidade. O aparelho \u00e9 uma excelente escolha para casas pequenas e m\u00e9dias. No entanto, \u00e1reas maiores podem sobrecarregar a capacidade da bateria. No geral, o Synoshi oferece uma boa combina\u00e7\u00e3o de comodidade e efici\u00eancia que torna a limpeza quotidiana muito mais f\u00e1cil.<\/p>\n<p><strong>Recomenda\u00e7\u00e3o:<\/strong> Particularmente adequado para pessoas que desejam uma limpeza r\u00e1pida e completa sem muito esfor\u00e7o.<\/p>\n","protected":false},"excerpt":{"rendered":"<p>O Synoshi Power Spin Scrubber \u00e9 um aparelho de limpeza inovador que foi especialmente desenvolvido para limpar sem esfor\u00e7o a sujidade mais dif\u00edcil em casa. Neste relat\u00f3rio de teste detalhado, analisamos o seu desempenho, manuseamento e vantagens gerais. Ser\u00e1 que a m\u00e1quina de lavar Synoshi Power Spin Scrubber \u00e9 realmente a escolha ideal para as &#8230; <a title=\"Synoshi Power Spin Scrubber\" class=\"read-more\" href=\"https:\/\/etoxproject.eu\/pt-pt\/produto\/synoshi-power-spin-scrubber\/\" aria-label=\"Mais em Synoshi Power Spin Scrubber\">Ler mais<\/a><\/p>\n","protected":false},"featured_media":1189,"comment_status":"open","ping_status":"closed","template":"","meta":[],"product_brand":[],"product_cat":[],"product_tag":[],"class_list":{"0":"post-1200","1":"product","2":"type-product","3":"status-publish","4":"has-post-thumbnail","7":"first","8":"instock","9":"sale","10":"shipping-taxable","11":"product-type-external"},"yoast_head":"<!-- This site is optimized with the Yoast SEO plugin v27.4 - https:\/\/yoast.com\/product\/yoast-seo-wordpress\/ -->\n<title>Synoshi Power Spin Scrubber \u2734\ufe0f 70% de desconto<\/title>\n<meta name=\"robots\" content=\"index, follow, max-snippet:-1, max-image-preview:large, max-video-preview:-1\" \/>\n<link rel=\"canonical\" href=\"https:\/\/etoxproject.eu\/pt-pt\/produto\/synoshi-power-spin-scrubber\/\" \/>\n<meta property=\"og:locale\" content=\"pt_PT\" \/>\n<meta property=\"og:type\" content=\"article\" \/>\n<meta property=\"og:title\" content=\"Synoshi Power Spin Scrubber \u2734\ufe0f 70% de desconto\" \/>\n<meta property=\"og:description\" content=\"O Synoshi Power Spin Scrubber \u00e9 um aparelho de limpeza inovador que foi especialmente desenvolvido para limpar sem esfor\u00e7o a sujidade mais dif\u00edcil em casa. Neste relat\u00f3rio de teste detalhado, analisamos o seu desempenho, manuseamento e vantagens gerais. Ser\u00e1 que a m\u00e1quina de lavar Synoshi Power Spin Scrubber \u00e9 realmente a escolha ideal para as ... Ler mais\" \/>\n<meta property=\"og:url\" content=\"https:\/\/etoxproject.eu\/pt-pt\/produto\/synoshi-power-spin-scrubber\/\" \/>\n<meta property=\"og:site_name\" content=\"etoxproject.eu\" \/>\n<meta property=\"og:image\" content=\"https:\/\/etoxproject.eu\/wp-content\/uploads\/2024\/12\/synoshi.jpg\" \/>\n\t<meta property=\"og:image:width\" content=\"750\" \/>\n\t<meta property=\"og:image:height\" content=\"750\" \/>\n\t<meta property=\"og:image:type\" content=\"image\/jpeg\" \/>\n<meta name=\"twitter:card\" content=\"summary_large_image\" \/>\n<meta name=\"twitter:label1\" content=\"Tempo estimado de leitura\" \/>\n\t<meta name=\"twitter:data1\" content=\"5 minutos\" \/>\n<script type=\"application\/ld+json\" class=\"yoast-schema-graph\">{\"@context\":\"https:\\\/\\\/schema.org\",\"@graph\":[{\"@type\":\"WebPage\",\"@id\":\"https:\\\/\\\/etoxproject.eu\\\/pt-pt\\\/produto\\\/synoshi-power-spin-scrubber\\\/\",\"url\":\"https:\\\/\\\/etoxproject.eu\\\/pt-pt\\\/produto\\\/synoshi-power-spin-scrubber\\\/\",\"name\":\"Synoshi Power Spin Scrubber \u2734\ufe0f 70% de desconto\",\"isPartOf\":{\"@id\":\"https:\\\/\\\/etoxproject.eu\\\/pt-pt\\\/#website\"},\"primaryImageOfPage\":{\"@id\":\"https:\\\/\\\/etoxproject.eu\\\/pt-pt\\\/produto\\\/synoshi-power-spin-scrubber\\\/#primaryimage\"},\"image\":{\"@id\":\"https:\\\/\\\/etoxproject.eu\\\/pt-pt\\\/produto\\\/synoshi-power-spin-scrubber\\\/#primaryimage\"},\"thumbnailUrl\":\"https:\\\/\\\/etoxproject.eu\\\/wp-content\\\/uploads\\\/2024\\\/12\\\/synoshi.jpg\",\"datePublished\":\"2024-12-06T08:02:39+00:00\",\"breadcrumb\":{\"@id\":\"https:\\\/\\\/etoxproject.eu\\\/pt-pt\\\/produto\\\/synoshi-power-spin-scrubber\\\/#breadcrumb\"},\"inLanguage\":\"pt-PT\",\"potentialAction\":[{\"@type\":\"ReadAction\",\"target\":[\"https:\\\/\\\/etoxproject.eu\\\/pt-pt\\\/produto\\\/synoshi-power-spin-scrubber\\\/\"]}]},{\"@type\":\"ImageObject\",\"inLanguage\":\"pt-PT\",\"@id\":\"https:\\\/\\\/etoxproject.eu\\\/pt-pt\\\/produto\\\/synoshi-power-spin-scrubber\\\/#primaryimage\",\"url\":\"https:\\\/\\\/etoxproject.eu\\\/wp-content\\\/uploads\\\/2024\\\/12\\\/synoshi.jpg\",\"contentUrl\":\"https:\\\/\\\/etoxproject.eu\\\/wp-content\\\/uploads\\\/2024\\\/12\\\/synoshi.jpg\",\"width\":750,\"height\":750},{\"@type\":\"BreadcrumbList\",\"@id\":\"https:\\\/\\\/etoxproject.eu\\\/pt-pt\\\/produto\\\/synoshi-power-spin-scrubber\\\/#breadcrumb\",\"itemListElement\":[{\"@type\":\"ListItem\",\"position\":1,\"name\":\"Startseite\",\"item\":\"https:\\\/\\\/etoxproject.eu\\\/pt-pt\\\/\"},{\"@type\":\"ListItem\",\"position\":2,\"name\":\"Shop\",\"item\":\"https:\\\/\\\/etoxproject.eu\\\/shop\\\/\"},{\"@type\":\"ListItem\",\"position\":3,\"name\":\"Synoshi Power Spin Scrubber\"}]},{\"@type\":\"WebSite\",\"@id\":\"https:\\\/\\\/etoxproject.eu\\\/pt-pt\\\/#website\",\"url\":\"https:\\\/\\\/etoxproject.eu\\\/pt-pt\\\/\",\"name\":\"etoxproject.eu\",\"description\":\"\",\"publisher\":{\"@id\":\"https:\\\/\\\/etoxproject.eu\\\/pt-pt\\\/#organization\"},\"potentialAction\":[{\"@type\":\"SearchAction\",\"target\":{\"@type\":\"EntryPoint\",\"urlTemplate\":\"https:\\\/\\\/etoxproject.eu\\\/pt-pt\\\/?s={search_term_string}\"},\"query-input\":{\"@type\":\"PropertyValueSpecification\",\"valueRequired\":true,\"valueName\":\"search_term_string\"}}],\"inLanguage\":\"pt-PT\"},{\"@type\":\"Organization\",\"@id\":\"https:\\\/\\\/etoxproject.eu\\\/pt-pt\\\/#organization\",\"name\":\"etoxproject.eu\",\"url\":\"https:\\\/\\\/etoxproject.eu\\\/pt-pt\\\/\",\"logo\":{\"@type\":\"ImageObject\",\"inLanguage\":\"pt-PT\",\"@id\":\"https:\\\/\\\/etoxproject.eu\\\/pt-pt\\\/#\\\/schema\\\/logo\\\/image\\\/\",\"url\":\"https:\\\/\\\/etoxproject.eu\\\/wp-content\\\/uploads\\\/2024\\\/12\\\/etoxproject.png\",\"contentUrl\":\"https:\\\/\\\/etoxproject.eu\\\/wp-content\\\/uploads\\\/2024\\\/12\\\/etoxproject.png\",\"width\":315,\"height\":69,\"caption\":\"etoxproject.eu\"},\"image\":{\"@id\":\"https:\\\/\\\/etoxproject.eu\\\/pt-pt\\\/#\\\/schema\\\/logo\\\/image\\\/\"}}]}<\/script>\n<!-- \/ Yoast SEO plugin. -->","yoast_head_json":{"title":"Synoshi Power Spin Scrubber \u2734\ufe0f 70% de desconto","robots":{"index":"index","follow":"follow","max-snippet":"max-snippet:-1","max-image-preview":"max-image-preview:large","max-video-preview":"max-video-preview:-1"},"canonical":"https:\/\/etoxproject.eu\/pt-pt\/produto\/synoshi-power-spin-scrubber\/","og_locale":"pt_PT","og_type":"article","og_title":"Synoshi Power Spin Scrubber \u2734\ufe0f 70% de desconto","og_description":"O Synoshi Power Spin Scrubber \u00e9 um aparelho de limpeza inovador que foi especialmente desenvolvido para limpar sem esfor\u00e7o a sujidade mais dif\u00edcil em casa. Neste relat\u00f3rio de teste detalhado, analisamos o seu desempenho, manuseamento e vantagens gerais. Ser\u00e1 que a m\u00e1quina de lavar Synoshi Power Spin Scrubber \u00e9 realmente a escolha ideal para as ... Ler mais","og_url":"https:\/\/etoxproject.eu\/pt-pt\/produto\/synoshi-power-spin-scrubber\/","og_site_name":"etoxproject.eu","og_image":[{"width":750,"height":750,"url":"https:\/\/etoxproject.eu\/wp-content\/uploads\/2024\/12\/synoshi.jpg","type":"image\/jpeg"}],"twitter_card":"summary_large_image","twitter_misc":{"Tempo estimado de leitura":"5 minutos"},"schema":{"@context":"https:\/\/schema.org","@graph":[{"@type":"WebPage","@id":"https:\/\/etoxproject.eu\/pt-pt\/produto\/synoshi-power-spin-scrubber\/","url":"https:\/\/etoxproject.eu\/pt-pt\/produto\/synoshi-power-spin-scrubber\/","name":"Synoshi Power Spin Scrubber \u2734\ufe0f 70% de desconto","isPartOf":{"@id":"https:\/\/etoxproject.eu\/pt-pt\/#website"},"primaryImageOfPage":{"@id":"https:\/\/etoxproject.eu\/pt-pt\/produto\/synoshi-power-spin-scrubber\/#primaryimage"},"image":{"@id":"https:\/\/etoxproject.eu\/pt-pt\/produto\/synoshi-power-spin-scrubber\/#primaryimage"},"thumbnailUrl":"https:\/\/etoxproject.eu\/wp-content\/uploads\/2024\/12\/synoshi.jpg","datePublished":"2024-12-06T08:02:39+00:00","breadcrumb":{"@id":"https:\/\/etoxproject.eu\/pt-pt\/produto\/synoshi-power-spin-scrubber\/#breadcrumb"},"inLanguage":"pt-PT","potentialAction":[{"@type":"ReadAction","target":["https:\/\/etoxproject.eu\/pt-pt\/produto\/synoshi-power-spin-scrubber\/"]}]},{"@type":"ImageObject","inLanguage":"pt-PT","@id":"https:\/\/etoxproject.eu\/pt-pt\/produto\/synoshi-power-spin-scrubber\/#primaryimage","url":"https:\/\/etoxproject.eu\/wp-content\/uploads\/2024\/12\/synoshi.jpg","contentUrl":"https:\/\/etoxproject.eu\/wp-content\/uploads\/2024\/12\/synoshi.jpg","width":750,"height":750},{"@type":"BreadcrumbList","@id":"https:\/\/etoxproject.eu\/pt-pt\/produto\/synoshi-power-spin-scrubber\/#breadcrumb","itemListElement":[{"@type":"ListItem","position":1,"name":"Startseite","item":"https:\/\/etoxproject.eu\/pt-pt\/"},{"@type":"ListItem","position":2,"name":"Shop","item":"https:\/\/etoxproject.eu\/shop\/"},{"@type":"ListItem","position":3,"name":"Synoshi Power Spin Scrubber"}]},{"@type":"WebSite","@id":"https:\/\/etoxproject.eu\/pt-pt\/#website","url":"https:\/\/etoxproject.eu\/pt-pt\/","name":"etoxproject.eu","description":"","publisher":{"@id":"https:\/\/etoxproject.eu\/pt-pt\/#organization"},"potentialAction":[{"@type":"SearchAction","target":{"@type":"EntryPoint","urlTemplate":"https:\/\/etoxproject.eu\/pt-pt\/?s={search_term_string}"},"query-input":{"@type":"PropertyValueSpecification","valueRequired":true,"valueName":"search_term_string"}}],"inLanguage":"pt-PT"},{"@type":"Organization","@id":"https:\/\/etoxproject.eu\/pt-pt\/#organization","name":"etoxproject.eu","url":"https:\/\/etoxproject.eu\/pt-pt\/","logo":{"@type":"ImageObject","inLanguage":"pt-PT","@id":"https:\/\/etoxproject.eu\/pt-pt\/#\/schema\/logo\/image\/","url":"https:\/\/etoxproject.eu\/wp-content\/uploads\/2024\/12\/etoxproject.png","contentUrl":"https:\/\/etoxproject.eu\/wp-content\/uploads\/2024\/12\/etoxproject.png","width":315,"height":69,"caption":"etoxproject.eu"},"image":{"@id":"https:\/\/etoxproject.eu\/pt-pt\/#\/schema\/logo\/image\/"}}]}},"_links":{"self":[{"href":"https:\/\/etoxproject.eu\/pt-pt\/wp-json\/wp\/v2\/product\/1200","targetHints":{"allow":["GET"]}}],"collection":[{"href":"https:\/\/etoxproject.eu\/pt-pt\/wp-json\/wp\/v2\/product"}],"about":[{"href":"https:\/\/etoxproject.eu\/pt-pt\/wp-json\/wp\/v2\/types\/product"}],"replies":[{"embeddable":true,"href":"https:\/\/etoxproject.eu\/pt-pt\/wp-json\/wp\/v2\/comments?post=1200"}],"wp:featuredmedia":[{"embeddable":true,"href":"https:\/\/etoxproject.eu\/pt-pt\/wp-json\/wp\/v2\/media\/1189"}],"wp:attachment":[{"href":"https:\/\/etoxproject.eu\/pt-pt\/wp-json\/wp\/v2\/media?parent=1200"}],"wp:term":[{"taxonomy":"product_brand","embeddable":true,"href":"https:\/\/etoxproject.eu\/pt-pt\/wp-json\/wp\/v2\/product_brand?post=1200"},{"taxonomy":"product_cat","embeddable":true,"href":"https:\/\/etoxproject.eu\/pt-pt\/wp-json\/wp\/v2\/product_cat?post=1200"},{"taxonomy":"product_tag","embeddable":true,"href":"https:\/\/etoxproject.eu\/pt-pt\/wp-json\/wp\/v2\/product_tag?post=1200"}],"curies":[{"name":"wp","href":"https:\/\/api.w.org\/{rel}","templated":true}]}}