{"id":1376,"date":"2024-11-12T10:42:34","date_gmt":"2024-12-13T03:20:40","guid":{"rendered":"https:\/\/etoxproject.eu\/?post_type=product&#038;p=1376"},"modified":"2025-04-04T08:31:34","modified_gmt":"2025-04-04T06:31:34","slug":"palmilhas-akusoli","status":"publish","type":"product","link":"https:\/\/etoxproject.eu\/pt-pt\/produto\/palmilhas-akusoli\/","title":{"rendered":"Palmilhas Akusoli"},"content":{"rendered":"<p>As palmilhas Akusoli s\u00e3o um produto inovador que se centra no apoio \u00e0 redu\u00e7\u00e3o de peso atrav\u00e9s da utiliza\u00e7\u00e3o de materiais e tecnologias especiais. Nesta an\u00e1lise, analisamos detalhadamente as carater\u00edsticas, os benef\u00edcios e as experi\u00eancias dos utilizadores destas palmilhas. Tamb\u00e9m analisamos a base cient\u00edfica e discutimos a compara\u00e7\u00e3o do pre\u00e7o com outros produtos.<\/p>\n<h2>Materiais e ingredientes<\/h2>\n<p><strong>As palmilhas Akusoli s\u00e3o feitas de uma combina\u00e7\u00e3o de materiais de alta qualidade. Particularmente dignos de nota s\u00e3o:<\/strong><\/p>\n<ul>\n<li><strong>Ensaios magn\u00e9ticos<\/strong>: promovem a circula\u00e7\u00e3o sangu\u00ednea e estimulam o metabolismo. Estudos demonstraram que os campos magn\u00e9ticos podem ter um efeito positivo na circula\u00e7\u00e3o sangu\u00ednea.<\/li>\n<li><strong>Pontos de acupress\u00e3o<\/strong>: Os pontos estrategicamente colocados estimulam determinados pontos do p\u00e9 que est\u00e3o ligados ao sistema digestivo. A acupress\u00e3o \u00e9 utilizada h\u00e1 s\u00e9culos na medicina tradicional chinesa para promover a sa\u00fade.<\/li>\n<li><strong>Tecido respir\u00e1vel<\/strong>: Garante conforto e evita a transpira\u00e7\u00e3o, o que \u00e9 particularmente importante para o uso quotidiano.&lt;\/li<\/li>\n<\/ul>\n<h2>Avalia\u00e7\u00e3o e experi\u00eancia das palmilhas Akusoli<\/h2>\n<table>\n<thead>\n<tr>\n<th>Vantagem<\/th>\n<th>Explica\u00e7\u00e3o<\/th>\n<\/tr>\n<\/thead>\n<tbody>\n<tr>\n<td>\ud83d\udc63 <strong>Design ergon\u00f3mico<\/strong><\/td>\n<td>As solas adaptam-se perfeitamente \u00e0 forma do p\u00e9 e suportam uma postura natural ao caminhar e ficar de p\u00e9.&lt;\/td<\/td>\n<\/tr>\n<tr>\n<td>\ud83d\udee1\ufe0f <strong>Al\u00edvio da press\u00e3o<\/strong><\/td>\n<td>As palmilhas Akusoli distribuem a press\u00e3o uniformemente por toda a planta do p\u00e9, reduzindo os pontos de press\u00e3o dolorosos<\/td>\n<\/tr>\n<tr>\n<td>\ud83c\udf2c\ufe0f <strong>Respirabilidade<\/strong><\/td>\n<td>Gra\u00e7as a materiais especiais, promovem uma boa circula\u00e7\u00e3o do ar, o que minimiza a transpira\u00e7\u00e3o e os odores<\/td>\n<\/tr>\n<tr>\n<td>\ud83c\udf31 <strong>Amigo do ambiente<\/strong><\/td>\n<td>Feitas a partir de materiais sustent\u00e1veis, as solas s\u00e3o biodegrad\u00e1veis e amigas do ambiente.&lt;\/td<\/td>\n<\/tr>\n<tr>\n<td>\ud83d\udd25 <strong>Efici\u00eancia t\u00e9rmica<\/strong><\/td>\n<td>Oferecem um excelente isolamento t\u00e9rmico, mantendo os p\u00e9s quentes no inverno e agradavelmente frescos no ver\u00e3o.&lt;\/td<\/td>\n<\/tr>\n<tr>\n<td>\ud83d\udeb6 <strong>Amortecimento e conforto<\/strong><\/td>\n<td>O acolchoamento de alta qualidade absorve os choques, protegendo as articula\u00e7\u00f5es, os m\u00fasculos e os tend\u00f5es.&lt;\/td<\/td>\n<\/tr>\n<tr>\n<td>\ud83e\uddb6 <strong>Sa\u00fade dos p\u00e9s<\/strong><\/td>\n<td>Apoia a posi\u00e7\u00e3o natural do p\u00e9 e pode neutralizar os desalinhamentos do p\u00e9, como p\u00e9s chatos ou arcos ca\u00eddos&lt;\/td<\/td>\n<\/tr>\n<tr>\n<td>\ud83c\udfbd <strong>Benef\u00edcios desportivos<\/strong><\/td>\n<td>Ideais para atletas: melhoram a estabilidade, promovem o desempenho e reduzem o risco de les\u00f5es.&lt;\/td<\/td>\n<\/tr>\n<tr>\n<td>\ud83d\udee0\ufe0f <strong>Durabilidade<\/strong><\/td>\n<td>Materiais dur\u00e1veis garantem que as palmilhas durem muito tempo, mesmo com uso intensivo<\/td>\n<\/tr>\n<tr>\n<td>\ud83d\udc5c <strong>Aplica\u00e7\u00e3o vers\u00e1til<\/strong><\/td>\n<td>Adequadas a diferentes tipos de cal\u00e7ado, como cal\u00e7ado desportivo, de trabalho ou de uso di\u00e1rio, sem qualquer perda de conforto<\/td>\n<\/tr>\n<\/tbody>\n<\/table>\n<p>&nbsp;<\/p>\n<h2>Experi\u00eancias Akusoli: Antecedentes cient\u00edficos<\/h2>\n<p>O efeito das palmilhas Akusoli baseia-se em duas abordagens centrais: A terapia magn\u00e9tica e a acupress\u00e3o. A terapia magn\u00e9tica tem sido investigada h\u00e1 muito tempo para aliviar a dor e melhorar a circula\u00e7\u00e3o. Um estudo publicado no <em>Journal of Applied Physiology<\/em> mostra que os campos magn\u00e9ticos podem melhorar a microcircula\u00e7\u00e3o nos tecidos.<\/p>\n<p>A acupress\u00e3o, por outro lado, utiliza a estimula\u00e7\u00e3o de pontos de press\u00e3o para obter efeitos ben\u00e9ficos para a sa\u00fade. Um estudo publicado no <em>Journal of Alternative and Complementary Medicine<\/em> sugere que a acupress\u00e3o pode ajudar a apoiar a perda de peso, estimulando o metabolismo e controlando o apetite.<\/p>\n<h2>Pre\u00e7o e disponibilidade<\/h2>\n<p>As palmilhas Akusoli est\u00e3o dispon\u00edveis exclusivamente atrav\u00e9s do s\u00edtio Web oficial do fabricante e n\u00e3o est\u00e3o dispon\u00edveis em drogarias convencionais como a dm, Rossmann ou supermercados como a Kaufland. Tamb\u00e9m n\u00e3o est\u00e3o dispon\u00edveis em plataformas como a Amazon e a Shop Apotheke. O pre\u00e7o das palmilhas situa-se no segmento m\u00e9dio, o que parece justificar-se tendo em conta as tecnologias e os materiais utilizados. Em compara\u00e7\u00e3o com produtos semelhantes, a Akusoli oferece uma boa rela\u00e7\u00e3o qualidade\/pre\u00e7o.<\/p>\n<h2>Coment\u00e1rios e testemunhos de utilizadores<\/h2>\n<p>Muitos utilizadores relatam experi\u00eancias positivas com as palmilhas Akusoli. O agrad\u00e1vel conforto de utiliza\u00e7\u00e3o e a integra\u00e7\u00e3o discreta na vida quotidiana s\u00e3o particularmente real\u00e7ados. Alguns utilizadores relataram tamb\u00e9m uma melhoria do seu bem-estar e apoio na perda de peso.<\/p>\n<p>Um utilizador escreve: <em>\u201cEstava c\u00e9tico, mas ap\u00f3s algumas semanas de utiliza\u00e7\u00e3o di\u00e1ria senti-me com mais energia e perdi alguns quilos!\u201d<\/em> Outro acrescenta: <em>\u201cAs palmilhas s\u00e3o muito confort\u00e1veis e sinto uma melhoria significativa na minha digest\u00e3o.\u201d&lt;\/em<\/em><\/p>\n<h2>Conclus\u00e3o<\/h2>\n<p>As palmilhas Akusoli para perda de peso oferecem uma forma inovadora de apoiar a perda de peso e aumentar o bem-estar. Ao combinar a terapia magn\u00e9tica e a acupress\u00e3o, podem ter efeitos positivos direcionados para o metabolismo e a digest\u00e3o. Embora n\u00e3o tenham sido testadas por institui\u00e7\u00f5es como a Stiftung Warentest ou o centro de aconselhamento ao consumidor, as numerosas opini\u00f5es positivas dos utilizadores falam por si.<\/p>\n<p>Para quem procura um m\u00e9todo simples e n\u00e3o invasivo para apoiar os seus objectivos de perda de peso, vale a pena experimentar as palmilhas Akusoli. A \u00fanica desvantagem \u00e9 o facto de s\u00f3 estarem dispon\u00edveis atrav\u00e9s do s\u00edtio Web do fabricante, mas isso \u00e9 compensado pela exclusividade e pelos benef\u00edcios espec\u00edficos do produto.<\/p>\n<table>\n<thead>\n<tr>\n<th>Aspeto<\/th>\n<th>Classifica\u00e7\u00e3o<\/th>\n<\/tr>\n<\/thead>\n<tbody>\n<tr>\n<td>Qualidade dos materiais<\/td>\n<td>\u2b50\u2b50\u2b50\u2b50\u2b50<\/td>\n<\/tr>\n<tr>\n<td>Efeito<\/td>\n<td>\u2b50\u2b50\u2b50\u2b50<\/td>\n<\/tr>\n<tr>\n<td>Rela\u00e7\u00e3o pre\u00e7o-desempenho<\/td>\n<td>\u2b50\u2b50\u2b50\u2b50<\/td>\n<\/tr>\n<tr>\n<td>Disponibilidade<\/td>\n<td>\u2b50\u2b50\u2b50\u2b50<\/td>\n<\/tr>\n<\/tbody>\n<\/table>\n<p>No geral, as palmilhas Akusoli oferecem um suporte promissor para quem deseja melhorar sua sa\u00fade e condicionamento f\u00edsico sem recorrer a m\u00e9todos invasivos.<\/p>\n","protected":false},"excerpt":{"rendered":"<p>As palmilhas Akusoli s\u00e3o um produto inovador que se centra no apoio \u00e0 redu\u00e7\u00e3o de peso atrav\u00e9s da utiliza\u00e7\u00e3o de materiais e tecnologias especiais. Nesta an\u00e1lise, analisamos detalhadamente as carater\u00edsticas, os benef\u00edcios e as experi\u00eancias dos utilizadores destas palmilhas. Tamb\u00e9m analisamos a base cient\u00edfica e discutimos a compara\u00e7\u00e3o do pre\u00e7o com outros produtos. Materiais e &#8230; <a title=\"Palmilhas Akusoli\" class=\"read-more\" href=\"https:\/\/etoxproject.eu\/pt-pt\/produto\/palmilhas-akusoli\/\" aria-label=\"Mais em Palmilhas Akusoli\">Ler mais<\/a><\/p>\n","protected":false},"featured_media":1377,"comment_status":"open","ping_status":"closed","template":"","meta":[],"product_brand":[],"product_cat":[],"product_tag":[],"class_list":{"0":"post-1376","1":"product","2":"type-product","3":"status-publish","4":"has-post-thumbnail","7":"first","8":"instock","9":"sale","10":"shipping-taxable","11":"product-type-external"},"yoast_head":"<!-- This site is optimized with the Yoast SEO plugin v27.4 - https:\/\/yoast.com\/product\/yoast-seo-wordpress\/ -->\n<title>Palmilhas Akusoli \u2764\ufe0f 70% de desconto sobre o pre\u00e7o em Portugal<\/title>\n<meta name=\"robots\" content=\"index, follow, max-snippet:-1, max-image-preview:large, max-video-preview:-1\" \/>\n<link rel=\"canonical\" href=\"https:\/\/etoxproject.eu\/pt-pt\/produto\/palmilhas-akusoli\/\" \/>\n<meta property=\"og:locale\" content=\"pt_PT\" \/>\n<meta property=\"og:type\" content=\"article\" \/>\n<meta property=\"og:title\" content=\"Palmilhas Akusoli \u2764\ufe0f 70% de desconto sobre o pre\u00e7o em Portugal\" \/>\n<meta property=\"og:description\" content=\"As palmilhas Akusoli s\u00e3o um produto inovador que se centra no apoio \u00e0 redu\u00e7\u00e3o de peso atrav\u00e9s da utiliza\u00e7\u00e3o de materiais e tecnologias especiais. Nesta an\u00e1lise, analisamos detalhadamente as carater\u00edsticas, os benef\u00edcios e as experi\u00eancias dos utilizadores destas palmilhas. Tamb\u00e9m analisamos a base cient\u00edfica e discutimos a compara\u00e7\u00e3o do pre\u00e7o com outros produtos. Materiais e ... Ler mais\" \/>\n<meta property=\"og:url\" content=\"https:\/\/etoxproject.eu\/pt-pt\/produto\/palmilhas-akusoli\/\" \/>\n<meta property=\"og:site_name\" content=\"etoxproject.eu\" \/>\n<meta property=\"article:modified_time\" content=\"2025-04-04T06:31:34+00:00\" \/>\n<meta property=\"og:image\" content=\"https:\/\/etoxproject.eu\/wp-content\/uploads\/2024\/11\/akusoli-einlagen.jpg\" \/>\n\t<meta property=\"og:image:width\" content=\"860\" \/>\n\t<meta property=\"og:image:height\" content=\"714\" \/>\n\t<meta property=\"og:image:type\" content=\"image\/jpeg\" \/>\n<meta name=\"twitter:card\" content=\"summary_large_image\" \/>\n<meta name=\"twitter:label1\" content=\"Tempo estimado de leitura\" \/>\n\t<meta name=\"twitter:data1\" content=\"5 minutos\" \/>\n<script type=\"application\/ld+json\" class=\"yoast-schema-graph\">{\"@context\":\"https:\\\/\\\/schema.org\",\"@graph\":[{\"@type\":\"WebPage\",\"@id\":\"https:\\\/\\\/etoxproject.eu\\\/pt-pt\\\/produto\\\/palmilhas-akusoli\\\/\",\"url\":\"https:\\\/\\\/etoxproject.eu\\\/pt-pt\\\/produto\\\/palmilhas-akusoli\\\/\",\"name\":\"Palmilhas Akusoli \u2764\ufe0f 70% de desconto sobre o pre\u00e7o em Portugal\",\"isPartOf\":{\"@id\":\"https:\\\/\\\/etoxproject.eu\\\/pt-pt\\\/#website\"},\"primaryImageOfPage\":{\"@id\":\"https:\\\/\\\/etoxproject.eu\\\/pt-pt\\\/produto\\\/palmilhas-akusoli\\\/#primaryimage\"},\"image\":{\"@id\":\"https:\\\/\\\/etoxproject.eu\\\/pt-pt\\\/produto\\\/palmilhas-akusoli\\\/#primaryimage\"},\"thumbnailUrl\":\"https:\\\/\\\/etoxproject.eu\\\/wp-content\\\/uploads\\\/2024\\\/11\\\/akusoli-einlagen.jpg\",\"datePublished\":\"2024-12-13T03:20:40+00:00\",\"dateModified\":\"2025-04-04T06:31:34+00:00\",\"breadcrumb\":{\"@id\":\"https:\\\/\\\/etoxproject.eu\\\/pt-pt\\\/produto\\\/palmilhas-akusoli\\\/#breadcrumb\"},\"inLanguage\":\"pt-PT\",\"potentialAction\":[{\"@type\":\"ReadAction\",\"target\":[\"https:\\\/\\\/etoxproject.eu\\\/pt-pt\\\/produto\\\/palmilhas-akusoli\\\/\"]}]},{\"@type\":\"ImageObject\",\"inLanguage\":\"pt-PT\",\"@id\":\"https:\\\/\\\/etoxproject.eu\\\/pt-pt\\\/produto\\\/palmilhas-akusoli\\\/#primaryimage\",\"url\":\"https:\\\/\\\/etoxproject.eu\\\/wp-content\\\/uploads\\\/2024\\\/11\\\/akusoli-einlagen.jpg\",\"contentUrl\":\"https:\\\/\\\/etoxproject.eu\\\/wp-content\\\/uploads\\\/2024\\\/11\\\/akusoli-einlagen.jpg\",\"width\":860,\"height\":714},{\"@type\":\"BreadcrumbList\",\"@id\":\"https:\\\/\\\/etoxproject.eu\\\/pt-pt\\\/produto\\\/palmilhas-akusoli\\\/#breadcrumb\",\"itemListElement\":[{\"@type\":\"ListItem\",\"position\":1,\"name\":\"Startseite\",\"item\":\"https:\\\/\\\/etoxproject.eu\\\/pt-pt\\\/\"},{\"@type\":\"ListItem\",\"position\":2,\"name\":\"Shop\",\"item\":\"https:\\\/\\\/etoxproject.eu\\\/shop\\\/\"},{\"@type\":\"ListItem\",\"position\":3,\"name\":\"Palmilhas Akusoli\"}]},{\"@type\":\"WebSite\",\"@id\":\"https:\\\/\\\/etoxproject.eu\\\/pt-pt\\\/#website\",\"url\":\"https:\\\/\\\/etoxproject.eu\\\/pt-pt\\\/\",\"name\":\"etoxproject.eu\",\"description\":\"\",\"publisher\":{\"@id\":\"https:\\\/\\\/etoxproject.eu\\\/pt-pt\\\/#organization\"},\"potentialAction\":[{\"@type\":\"SearchAction\",\"target\":{\"@type\":\"EntryPoint\",\"urlTemplate\":\"https:\\\/\\\/etoxproject.eu\\\/pt-pt\\\/?s={search_term_string}\"},\"query-input\":{\"@type\":\"PropertyValueSpecification\",\"valueRequired\":true,\"valueName\":\"search_term_string\"}}],\"inLanguage\":\"pt-PT\"},{\"@type\":\"Organization\",\"@id\":\"https:\\\/\\\/etoxproject.eu\\\/pt-pt\\\/#organization\",\"name\":\"etoxproject.eu\",\"url\":\"https:\\\/\\\/etoxproject.eu\\\/pt-pt\\\/\",\"logo\":{\"@type\":\"ImageObject\",\"inLanguage\":\"pt-PT\",\"@id\":\"https:\\\/\\\/etoxproject.eu\\\/pt-pt\\\/#\\\/schema\\\/logo\\\/image\\\/\",\"url\":\"https:\\\/\\\/etoxproject.eu\\\/wp-content\\\/uploads\\\/2024\\\/12\\\/etoxproject.png\",\"contentUrl\":\"https:\\\/\\\/etoxproject.eu\\\/wp-content\\\/uploads\\\/2024\\\/12\\\/etoxproject.png\",\"width\":315,\"height\":69,\"caption\":\"etoxproject.eu\"},\"image\":{\"@id\":\"https:\\\/\\\/etoxproject.eu\\\/pt-pt\\\/#\\\/schema\\\/logo\\\/image\\\/\"}}]}<\/script>\n<!-- \/ Yoast SEO plugin. -->","yoast_head_json":{"title":"Palmilhas Akusoli \u2764\ufe0f 70% de desconto sobre o pre\u00e7o em Portugal","robots":{"index":"index","follow":"follow","max-snippet":"max-snippet:-1","max-image-preview":"max-image-preview:large","max-video-preview":"max-video-preview:-1"},"canonical":"https:\/\/etoxproject.eu\/pt-pt\/produto\/palmilhas-akusoli\/","og_locale":"pt_PT","og_type":"article","og_title":"Palmilhas Akusoli \u2764\ufe0f 70% de desconto sobre o pre\u00e7o em Portugal","og_description":"As palmilhas Akusoli s\u00e3o um produto inovador que se centra no apoio \u00e0 redu\u00e7\u00e3o de peso atrav\u00e9s da utiliza\u00e7\u00e3o de materiais e tecnologias especiais. Nesta an\u00e1lise, analisamos detalhadamente as carater\u00edsticas, os benef\u00edcios e as experi\u00eancias dos utilizadores destas palmilhas. Tamb\u00e9m analisamos a base cient\u00edfica e discutimos a compara\u00e7\u00e3o do pre\u00e7o com outros produtos. Materiais e ... Ler mais","og_url":"https:\/\/etoxproject.eu\/pt-pt\/produto\/palmilhas-akusoli\/","og_site_name":"etoxproject.eu","article_modified_time":"2025-04-04T06:31:34+00:00","og_image":[{"width":860,"height":714,"url":"https:\/\/etoxproject.eu\/wp-content\/uploads\/2024\/11\/akusoli-einlagen.jpg","type":"image\/jpeg"}],"twitter_card":"summary_large_image","twitter_misc":{"Tempo estimado de leitura":"5 minutos"},"schema":{"@context":"https:\/\/schema.org","@graph":[{"@type":"WebPage","@id":"https:\/\/etoxproject.eu\/pt-pt\/produto\/palmilhas-akusoli\/","url":"https:\/\/etoxproject.eu\/pt-pt\/produto\/palmilhas-akusoli\/","name":"Palmilhas Akusoli \u2764\ufe0f 70% de desconto sobre o pre\u00e7o em Portugal","isPartOf":{"@id":"https:\/\/etoxproject.eu\/pt-pt\/#website"},"primaryImageOfPage":{"@id":"https:\/\/etoxproject.eu\/pt-pt\/produto\/palmilhas-akusoli\/#primaryimage"},"image":{"@id":"https:\/\/etoxproject.eu\/pt-pt\/produto\/palmilhas-akusoli\/#primaryimage"},"thumbnailUrl":"https:\/\/etoxproject.eu\/wp-content\/uploads\/2024\/11\/akusoli-einlagen.jpg","datePublished":"2024-12-13T03:20:40+00:00","dateModified":"2025-04-04T06:31:34+00:00","breadcrumb":{"@id":"https:\/\/etoxproject.eu\/pt-pt\/produto\/palmilhas-akusoli\/#breadcrumb"},"inLanguage":"pt-PT","potentialAction":[{"@type":"ReadAction","target":["https:\/\/etoxproject.eu\/pt-pt\/produto\/palmilhas-akusoli\/"]}]},{"@type":"ImageObject","inLanguage":"pt-PT","@id":"https:\/\/etoxproject.eu\/pt-pt\/produto\/palmilhas-akusoli\/#primaryimage","url":"https:\/\/etoxproject.eu\/wp-content\/uploads\/2024\/11\/akusoli-einlagen.jpg","contentUrl":"https:\/\/etoxproject.eu\/wp-content\/uploads\/2024\/11\/akusoli-einlagen.jpg","width":860,"height":714},{"@type":"BreadcrumbList","@id":"https:\/\/etoxproject.eu\/pt-pt\/produto\/palmilhas-akusoli\/#breadcrumb","itemListElement":[{"@type":"ListItem","position":1,"name":"Startseite","item":"https:\/\/etoxproject.eu\/pt-pt\/"},{"@type":"ListItem","position":2,"name":"Shop","item":"https:\/\/etoxproject.eu\/shop\/"},{"@type":"ListItem","position":3,"name":"Palmilhas Akusoli"}]},{"@type":"WebSite","@id":"https:\/\/etoxproject.eu\/pt-pt\/#website","url":"https:\/\/etoxproject.eu\/pt-pt\/","name":"etoxproject.eu","description":"","publisher":{"@id":"https:\/\/etoxproject.eu\/pt-pt\/#organization"},"potentialAction":[{"@type":"SearchAction","target":{"@type":"EntryPoint","urlTemplate":"https:\/\/etoxproject.eu\/pt-pt\/?s={search_term_string}"},"query-input":{"@type":"PropertyValueSpecification","valueRequired":true,"valueName":"search_term_string"}}],"inLanguage":"pt-PT"},{"@type":"Organization","@id":"https:\/\/etoxproject.eu\/pt-pt\/#organization","name":"etoxproject.eu","url":"https:\/\/etoxproject.eu\/pt-pt\/","logo":{"@type":"ImageObject","inLanguage":"pt-PT","@id":"https:\/\/etoxproject.eu\/pt-pt\/#\/schema\/logo\/image\/","url":"https:\/\/etoxproject.eu\/wp-content\/uploads\/2024\/12\/etoxproject.png","contentUrl":"https:\/\/etoxproject.eu\/wp-content\/uploads\/2024\/12\/etoxproject.png","width":315,"height":69,"caption":"etoxproject.eu"},"image":{"@id":"https:\/\/etoxproject.eu\/pt-pt\/#\/schema\/logo\/image\/"}}]}},"_links":{"self":[{"href":"https:\/\/etoxproject.eu\/pt-pt\/wp-json\/wp\/v2\/product\/1376","targetHints":{"allow":["GET"]}}],"collection":[{"href":"https:\/\/etoxproject.eu\/pt-pt\/wp-json\/wp\/v2\/product"}],"about":[{"href":"https:\/\/etoxproject.eu\/pt-pt\/wp-json\/wp\/v2\/types\/product"}],"replies":[{"embeddable":true,"href":"https:\/\/etoxproject.eu\/pt-pt\/wp-json\/wp\/v2\/comments?post=1376"}],"wp:featuredmedia":[{"embeddable":true,"href":"https:\/\/etoxproject.eu\/pt-pt\/wp-json\/wp\/v2\/media\/1377"}],"wp:attachment":[{"href":"https:\/\/etoxproject.eu\/pt-pt\/wp-json\/wp\/v2\/media?parent=1376"}],"wp:term":[{"taxonomy":"product_brand","embeddable":true,"href":"https:\/\/etoxproject.eu\/pt-pt\/wp-json\/wp\/v2\/product_brand?post=1376"},{"taxonomy":"product_cat","embeddable":true,"href":"https:\/\/etoxproject.eu\/pt-pt\/wp-json\/wp\/v2\/product_cat?post=1376"},{"taxonomy":"product_tag","embeddable":true,"href":"https:\/\/etoxproject.eu\/pt-pt\/wp-json\/wp\/v2\/product_tag?post=1376"}],"curies":[{"name":"wp","href":"https:\/\/api.w.org\/{rel}","templated":true}]}}