{"id":1201,"date":"2024-12-06T06:37:18","date_gmt":"2024-12-06T08:09:11","guid":{"rendered":"https:\/\/etoxproject.eu\/?post_type=product&#038;p=1201"},"modified":"2024-12-17T09:34:26","modified_gmt":"2024-12-17T08:34:26","slug":"synoshi-power-spin-scrubber","status":"publish","type":"product","link":"https:\/\/etoxproject.eu\/ro\/produs\/synoshi-power-spin-scrubber\/","title":{"rendered":"Synoshi Power Spin Scrubber"},"content":{"rendered":"<p>Synoshi Power Spin Scrubber este un aparat de cur\u0103\u021bat inovator, care a fost special dezvoltat pentru cur\u0103\u021barea f\u0103r\u0103 efort a murd\u0103riei \u00eenc\u0103p\u0103\u021b\u00e2nate din cas\u0103. \u00cen acest raport de testare detaliat, analiz\u0103m performan\u021ba, manevrabilitatea \u0219i avantajele sale generale. Este Synoshi Power Spin Scrubber \u00eentr-adev\u0103r alegerea ideal\u0103 pentru nevoile dvs. de cur\u0103\u021bare? Ajungem la esen\u021ba \u00eentreb\u0103rii.<\/p>\n<h2>Experien\u021ba \u0219i testul Scrubber-ului Power Spin Synoshi<\/h2>\n<p>Synoshi Power Spin Scrubber impresioneaz\u0103 printr-un design modern, ergonomic, care este at\u00e2t func\u021bional, c\u00e2t \u0219i estetic. Manopera este de \u00eenalt\u0103 calitate, iar materialele folosite sunt robuste \u0219i durabile. M\u00e2nerul antiderapant, care asigur\u0103 manevrarea \u00een siguran\u021b\u0103 chiar \u0219i \u00een timpul utiliz\u0103rii intensive, este o caracteristic\u0103 deosebit de pozitiv\u0103.<\/p>\n<h3>Putere \u0219i eficien\u021b\u0103<\/h3>\n<p>Cu un motor electric puternic \u0219i diverse ata\u0219amente pentru perii, Synoshi este ideal pentru cur\u0103\u021barea unei mari variet\u0103\u021bi de suprafe\u021be. Fie c\u0103 este vorba de depuneri de calcar \u00een du\u0219, pete de gr\u0103sime \u00een buc\u0103t\u0103rie sau murd\u0103rie pe gresie &#8211; capetele rotative ale periei asigur\u0103 rezultate impresionante. Durata de via\u021b\u0103 a bateriei de p\u00e2n\u0103 la 90 de minute este suficient\u0103 pentru mai multe sesiuni de cur\u0103\u021bare.<\/p>\n<h3>Func\u021bionare u\u0219oar\u0103<\/h3>\n<p>Utilizarea Power Spin Scrubber Synoshi este extrem de u\u0219oar\u0103. Pute\u021bi porni aparatul la ap\u0103sarea unui buton, iar accesoriile interschimbabile ale periei pot fi schimbate rapid \u0219i u\u0219or. Designul f\u0103r\u0103 fir este deosebit de practic, permi\u021b\u00e2nd libertate complet\u0103 de mi\u0219care \u00een timpul cur\u0103\u021b\u0103rii.<\/p>\n<h3>Acump\u0103ra\u021bi Synoshi Power Spin Scrubber la cel mai mic pre\u021b<\/h3>\n<p>Pute\u021bi ob\u021bine cel mai bun pre\u021b \u00een magazinul online oficial (vezi link-ul din partea de sus a acestei pagini).<\/p>\n<h2>Experien\u021bele Synoshi: Avantaje la o privire de ansamblu<\/h2>\n<p>&nbsp;<\/p>\n<table border=\"\u201e1\u201d\">\n<thead>\n<tr>\n<th>\ud83d\udfe2 Avantaj<\/th>\n<th>\ud83d\udccb Explica\u021bie detaliat\u0103<\/th>\n<\/tr>\n<\/thead>\n<tbody>\n<tr>\n<td>Design ergonomic \ud83e\udde4<\/td>\n<td>Synoshi este confortabil de \u021binut \u00een m\u00e2n\u0103 datorit\u0103 m\u00e2nerului antiderapant \u0219i carcasei u\u0219oare. Chiar \u0219i \u00een cazul utiliz\u0103rii prelungite, nu exist\u0103 semne de oboseal\u0103 \u00een m\u00e2ini.&lt;\/td<\/td>\n<\/tr>\n<tr>\n<td>Motor puternic \ud83d\udcaa<\/td>\n<td>Motorul puternic rote\u0219te periile la vitez\u0103 mare, \u00eendep\u0103rt\u00e2nd eficient chiar \u0219i murd\u0103ria \u00eenc\u0103p\u0103\u021b\u00e2nat\u0103, precum petele de calcar \u0219i de gr\u0103sime.<\/td>\n<\/tr>\n<tr>\n<td>Ata\u0219amente versatile pentru perii \ud83c\udf00<\/td>\n<td>Cu diverse capete de perie, inclusiv o perie plat\u0103 pentru suprafe\u021be mari \u0219i o perie \u00eengust\u0103 pentru col\u021buri \u0219i \u00eembin\u0103ri, aparatul este echipat ideal pentru orice sarcin\u0103 de cur\u0103\u021bare.<\/td>\n<\/tr>\n<tr>\n<td>Design f\u0103r\u0103 fir \ud83d\udd0b<\/td>\n<td>Gra\u021bie bateriei re\u00eenc\u0103rcabile integrate, nu este nevoie s\u0103 v\u0103 juca\u021bi cu cablurile. Acest lucru permite o libertate de mi\u0219care nerestric\u021bionat\u0103 \u00een timpul cur\u0103\u021b\u0103rii, chiar \u0219i \u00een col\u021burile greu accesibile.&lt;\/td<\/td>\n<\/tr>\n<tr>\n<td>Construc\u021bie rezistent\u0103 la ap\u0103 \ud83c\udf0a<\/td>\n<td>Dispozitivul este rezistent la stropire, astfel \u00eenc\u00e2t poate fi utilizat f\u0103r\u0103 ezitare \u00een medii umede precum b\u0103i sau buc\u0103t\u0103rii.<\/td>\n<\/tr>\n<tr>\n<td>Cur\u0103\u021barea u\u0219oar\u0103 a periilor \ud83e\uddfd<\/td>\n<td>Dup\u0103 utilizare, accesoriile periei pot fi pur \u0219i simplu cl\u0103tite sub jet de ap\u0103. Acest lucru economise\u0219te timp \u0219i asigur\u0103 cur\u0103\u021benia igienic\u0103.&lt;\/td<\/td>\n<\/tr>\n<tr>\n<td>Lung\u0103 durat\u0103 de via\u021b\u0103 a bateriei \ud83d\udd0b<\/td>\n<td>Cu un timp de func\u021bionare de p\u00e2n\u0103 la 90 de minute, Synoshi poate fi utilizat pentru mai multe cicluri de cur\u0103\u021bare \u00eenainte de a trebui re\u00eenc\u0103rcat.<\/td>\n<\/tr>\n<tr>\n<td>Schimbare rapid\u0103 a periei \ud83d\udd04<\/td>\n<td>Capetele periei pot fi schimbate \u00een c\u00e2teva secunde cu un sistem simplu de clic, ceea ce \u00eenseamn\u0103 c\u0103 fluxul de lucru nu este \u00eentrerupt.<\/td>\n<\/tr>\n<tr>\n<td>Facil de transportat \ud83d\udeb6\u200d\u2642\ufe0f<\/td>\n<td>Datorit\u0103 designului s\u0103u compact \u0219i greut\u0103\u021bii reduse, Synoshi poate fi u\u0219or transportat \u00een diferite \u00eenc\u0103peri sau chiar pentru utilizare \u00een exterior.<\/td>\n<\/tr>\n<tr>\n<td>Dulce cu suprafe\u021bele \ud83c\udfa8<\/td>\n<td>Penilele sunt concepute pentru a \u00eendep\u0103rta murd\u0103ria f\u0103r\u0103 a deteriora materialele delicate precum sticla, ceramica sau suprafe\u021bele vopsite.<\/td>\n<\/tr>\n<tr>\n<td>Cur\u0103\u021bare ecologic\u0103 \ud83c\udf0d<\/td>\n<td>Synoshi permite cur\u0103\u021barea temeinic\u0103 cu utilizarea minim\u0103 de substan\u021be chimice, fiind o alternativ\u0103 ecologic\u0103 la metodele conven\u021bionale de cur\u0103\u021bare.<\/td>\n<\/tr>\n<tr>\n<td>Zgomot redus de func\u021bionare \ud83d\udd07<\/td>\n<td>\u00cen compara\u021bie cu alte aparate de cur\u0103\u021bat, Synoshi func\u021bioneaz\u0103 surprinz\u0103tor de silen\u021bios, ceea ce \u00eenseamn\u0103 c\u0103 poate fi utilizat \u0219i \u00een gospod\u0103rii cu colegi de apartament sensibili.<\/td>\n<\/tr>\n<\/tbody>\n<\/table>\n<h2>Test practic: Experien\u021ba noastr\u0103 \u0219i recenziile utilizatorilor<\/h2>\n<p>\u00cen cadrul testului practic, Synoshi Emag a demonstrat performan\u021be de cur\u0103\u021bare impresionante. Aparatul a func\u021bionat deosebit de bine atunci c\u00e2nd a \u00eendep\u0103rtat calcarul \u0219i reziduurile de s\u0103pun din du\u0219. Petele de gr\u0103sime de pe gresia din buc\u0103t\u0103rie au fost, de asemenea, \u00eendep\u0103rtate f\u0103r\u0103 efort. Cu toate acestea, un mic dezavantaj este faptul c\u0103 bateria se descarc\u0103 mai repede dec\u00e2t este indicat \u00een timpul utiliz\u0103rii intensive, ceea ce ar putea fi problematic pentru suprafe\u021bele mai mari.<\/p>\n<h2>Concluzie \u0219i evaluare<\/h2>\n<p>Synoshi Power Spin Scrubber Emag este un aparat de cur\u0103\u021bat versatil \u0219i puternic care impresioneaz\u0103 mai presus de toate prin u\u0219urin\u021ba de utilizare \u0219i \u00eendep\u0103rtarea eficient\u0103 a murd\u0103riei. Aparatul este o alegere excelent\u0103 pentru gospod\u0103riile mici \u0219i mijlocii. Cu toate acestea, suprafe\u021bele mai mari ar putea suprasolicita capacitatea bateriei. \u00cen general, Synoshi ofer\u0103 o combina\u021bie bun\u0103 de confort \u0219i eficien\u021b\u0103 care face cur\u0103\u021benia zilnic\u0103 mult mai u\u0219oar\u0103.<\/p>\n<p><strong>Recomandare:<\/strong> Adecvat \u00een special pentru persoanele care doresc o cur\u0103\u021bare rapid\u0103 \u0219i temeinic\u0103 f\u0103r\u0103 prea mult efort.<\/p>\n","protected":false},"excerpt":{"rendered":"<p>Synoshi Power Spin Scrubber este un aparat de cur\u0103\u021bat inovator, care a fost special dezvoltat pentru cur\u0103\u021barea f\u0103r\u0103 efort a murd\u0103riei \u00eenc\u0103p\u0103\u021b\u00e2nate din cas\u0103. \u00cen acest raport de testare detaliat, analiz\u0103m performan\u021ba, manevrabilitatea \u0219i avantajele sale generale. Este Synoshi Power Spin Scrubber \u00eentr-adev\u0103r alegerea ideal\u0103 pentru nevoile dvs. de cur\u0103\u021bare? Ajungem la esen\u021ba \u00eentreb\u0103rii. Experien\u021ba &#8230; <a title=\"Synoshi Power Spin Scrubber\" class=\"read-more\" href=\"https:\/\/etoxproject.eu\/ro\/produs\/synoshi-power-spin-scrubber\/\" aria-label=\"More on Synoshi Power Spin Scrubber\">Read more<\/a><\/p>\n","protected":false},"featured_media":1190,"comment_status":"open","ping_status":"closed","template":"","meta":[],"product_brand":[],"product_cat":[],"product_tag":[],"class_list":{"0":"post-1201","1":"product","2":"type-product","3":"status-publish","4":"has-post-thumbnail","7":"first","8":"instock","9":"sale","10":"shipping-taxable","11":"product-type-external"},"yoast_head":"<!-- This site is optimized with the Yoast SEO plugin v27.4 - https:\/\/yoast.com\/product\/yoast-seo-wordpress\/ -->\n<title>Synoshi Power Spin Scrubber \u2734\ufe0f 70% reducere la pre\u021b<\/title>\n<meta name=\"robots\" content=\"index, follow, max-snippet:-1, max-image-preview:large, max-video-preview:-1\" \/>\n<link rel=\"canonical\" href=\"https:\/\/etoxproject.eu\/ro\/produs\/synoshi-power-spin-scrubber\/\" \/>\n<meta property=\"og:locale\" content=\"ro_RO\" \/>\n<meta property=\"og:type\" content=\"article\" \/>\n<meta property=\"og:title\" content=\"Synoshi Power Spin Scrubber \u2734\ufe0f 70% reducere la pre\u021b\" \/>\n<meta property=\"og:description\" content=\"Synoshi Power Spin Scrubber este un aparat de cur\u0103\u021bat inovator, care a fost special dezvoltat pentru cur\u0103\u021barea f\u0103r\u0103 efort a murd\u0103riei \u00eenc\u0103p\u0103\u021b\u00e2nate din cas\u0103. \u00cen acest raport de testare detaliat, analiz\u0103m performan\u021ba, manevrabilitatea \u0219i avantajele sale generale. Este Synoshi Power Spin Scrubber \u00eentr-adev\u0103r alegerea ideal\u0103 pentru nevoile dvs. de cur\u0103\u021bare? Ajungem la esen\u021ba \u00eentreb\u0103rii. Experien\u021ba ... Read more\" \/>\n<meta property=\"og:url\" content=\"https:\/\/etoxproject.eu\/ro\/produs\/synoshi-power-spin-scrubber\/\" \/>\n<meta property=\"og:site_name\" content=\"etoxproject.eu\" \/>\n<meta property=\"article:modified_time\" content=\"2024-12-17T08:34:26+00:00\" \/>\n<meta property=\"og:image\" content=\"https:\/\/etoxproject.eu\/wp-content\/uploads\/2024\/12\/synoshi.jpg\" \/>\n\t<meta property=\"og:image:width\" content=\"750\" \/>\n\t<meta property=\"og:image:height\" content=\"750\" \/>\n\t<meta property=\"og:image:type\" content=\"image\/jpeg\" \/>\n<meta name=\"twitter:card\" content=\"summary_large_image\" \/>\n<meta name=\"twitter:label1\" content=\"Timp estimat pentru citire\" \/>\n\t<meta name=\"twitter:data1\" content=\"5 minute\" \/>\n<script type=\"application\/ld+json\" class=\"yoast-schema-graph\">{\"@context\":\"https:\\\/\\\/schema.org\",\"@graph\":[{\"@type\":\"WebPage\",\"@id\":\"https:\\\/\\\/etoxproject.eu\\\/ro\\\/produs\\\/synoshi-power-spin-scrubber\\\/\",\"url\":\"https:\\\/\\\/etoxproject.eu\\\/ro\\\/produs\\\/synoshi-power-spin-scrubber\\\/\",\"name\":\"Synoshi Power Spin Scrubber \u2734\ufe0f 70% reducere la pre\u021b\",\"isPartOf\":{\"@id\":\"https:\\\/\\\/etoxproject.eu\\\/ro\\\/#website\"},\"primaryImageOfPage\":{\"@id\":\"https:\\\/\\\/etoxproject.eu\\\/ro\\\/produs\\\/synoshi-power-spin-scrubber\\\/#primaryimage\"},\"image\":{\"@id\":\"https:\\\/\\\/etoxproject.eu\\\/ro\\\/produs\\\/synoshi-power-spin-scrubber\\\/#primaryimage\"},\"thumbnailUrl\":\"https:\\\/\\\/etoxproject.eu\\\/wp-content\\\/uploads\\\/2024\\\/12\\\/synoshi.jpg\",\"datePublished\":\"2024-12-06T08:09:11+00:00\",\"dateModified\":\"2024-12-17T08:34:26+00:00\",\"breadcrumb\":{\"@id\":\"https:\\\/\\\/etoxproject.eu\\\/ro\\\/produs\\\/synoshi-power-spin-scrubber\\\/#breadcrumb\"},\"inLanguage\":\"ro-RO\",\"potentialAction\":[{\"@type\":\"ReadAction\",\"target\":[\"https:\\\/\\\/etoxproject.eu\\\/ro\\\/produs\\\/synoshi-power-spin-scrubber\\\/\"]}]},{\"@type\":\"ImageObject\",\"inLanguage\":\"ro-RO\",\"@id\":\"https:\\\/\\\/etoxproject.eu\\\/ro\\\/produs\\\/synoshi-power-spin-scrubber\\\/#primaryimage\",\"url\":\"https:\\\/\\\/etoxproject.eu\\\/wp-content\\\/uploads\\\/2024\\\/12\\\/synoshi.jpg\",\"contentUrl\":\"https:\\\/\\\/etoxproject.eu\\\/wp-content\\\/uploads\\\/2024\\\/12\\\/synoshi.jpg\",\"width\":750,\"height\":750},{\"@type\":\"BreadcrumbList\",\"@id\":\"https:\\\/\\\/etoxproject.eu\\\/ro\\\/produs\\\/synoshi-power-spin-scrubber\\\/#breadcrumb\",\"itemListElement\":[{\"@type\":\"ListItem\",\"position\":1,\"name\":\"Startseite\",\"item\":\"https:\\\/\\\/etoxproject.eu\\\/ro\\\/\"},{\"@type\":\"ListItem\",\"position\":2,\"name\":\"Shop\",\"item\":\"https:\\\/\\\/etoxproject.eu\\\/shop\\\/\"},{\"@type\":\"ListItem\",\"position\":3,\"name\":\"Synoshi Power Spin Scrubber\"}]},{\"@type\":\"WebSite\",\"@id\":\"https:\\\/\\\/etoxproject.eu\\\/ro\\\/#website\",\"url\":\"https:\\\/\\\/etoxproject.eu\\\/ro\\\/\",\"name\":\"etoxproject.eu\",\"description\":\"\",\"publisher\":{\"@id\":\"https:\\\/\\\/etoxproject.eu\\\/ro\\\/#organization\"},\"potentialAction\":[{\"@type\":\"SearchAction\",\"target\":{\"@type\":\"EntryPoint\",\"urlTemplate\":\"https:\\\/\\\/etoxproject.eu\\\/ro\\\/?s={search_term_string}\"},\"query-input\":{\"@type\":\"PropertyValueSpecification\",\"valueRequired\":true,\"valueName\":\"search_term_string\"}}],\"inLanguage\":\"ro-RO\"},{\"@type\":\"Organization\",\"@id\":\"https:\\\/\\\/etoxproject.eu\\\/ro\\\/#organization\",\"name\":\"etoxproject.eu\",\"url\":\"https:\\\/\\\/etoxproject.eu\\\/ro\\\/\",\"logo\":{\"@type\":\"ImageObject\",\"inLanguage\":\"ro-RO\",\"@id\":\"https:\\\/\\\/etoxproject.eu\\\/ro\\\/#\\\/schema\\\/logo\\\/image\\\/\",\"url\":\"https:\\\/\\\/etoxproject.eu\\\/wp-content\\\/uploads\\\/2024\\\/12\\\/etoxproject.png\",\"contentUrl\":\"https:\\\/\\\/etoxproject.eu\\\/wp-content\\\/uploads\\\/2024\\\/12\\\/etoxproject.png\",\"width\":315,\"height\":69,\"caption\":\"etoxproject.eu\"},\"image\":{\"@id\":\"https:\\\/\\\/etoxproject.eu\\\/ro\\\/#\\\/schema\\\/logo\\\/image\\\/\"}}]}<\/script>\n<!-- \/ Yoast SEO plugin. -->","yoast_head_json":{"title":"Synoshi Power Spin Scrubber \u2734\ufe0f 70% reducere la pre\u021b","robots":{"index":"index","follow":"follow","max-snippet":"max-snippet:-1","max-image-preview":"max-image-preview:large","max-video-preview":"max-video-preview:-1"},"canonical":"https:\/\/etoxproject.eu\/ro\/produs\/synoshi-power-spin-scrubber\/","og_locale":"ro_RO","og_type":"article","og_title":"Synoshi Power Spin Scrubber \u2734\ufe0f 70% reducere la pre\u021b","og_description":"Synoshi Power Spin Scrubber este un aparat de cur\u0103\u021bat inovator, care a fost special dezvoltat pentru cur\u0103\u021barea f\u0103r\u0103 efort a murd\u0103riei \u00eenc\u0103p\u0103\u021b\u00e2nate din cas\u0103. \u00cen acest raport de testare detaliat, analiz\u0103m performan\u021ba, manevrabilitatea \u0219i avantajele sale generale. Este Synoshi Power Spin Scrubber \u00eentr-adev\u0103r alegerea ideal\u0103 pentru nevoile dvs. de cur\u0103\u021bare? Ajungem la esen\u021ba \u00eentreb\u0103rii. Experien\u021ba ... Read more","og_url":"https:\/\/etoxproject.eu\/ro\/produs\/synoshi-power-spin-scrubber\/","og_site_name":"etoxproject.eu","article_modified_time":"2024-12-17T08:34:26+00:00","og_image":[{"width":750,"height":750,"url":"https:\/\/etoxproject.eu\/wp-content\/uploads\/2024\/12\/synoshi.jpg","type":"image\/jpeg"}],"twitter_card":"summary_large_image","twitter_misc":{"Timp estimat pentru citire":"5 minute"},"schema":{"@context":"https:\/\/schema.org","@graph":[{"@type":"WebPage","@id":"https:\/\/etoxproject.eu\/ro\/produs\/synoshi-power-spin-scrubber\/","url":"https:\/\/etoxproject.eu\/ro\/produs\/synoshi-power-spin-scrubber\/","name":"Synoshi Power Spin Scrubber \u2734\ufe0f 70% reducere la pre\u021b","isPartOf":{"@id":"https:\/\/etoxproject.eu\/ro\/#website"},"primaryImageOfPage":{"@id":"https:\/\/etoxproject.eu\/ro\/produs\/synoshi-power-spin-scrubber\/#primaryimage"},"image":{"@id":"https:\/\/etoxproject.eu\/ro\/produs\/synoshi-power-spin-scrubber\/#primaryimage"},"thumbnailUrl":"https:\/\/etoxproject.eu\/wp-content\/uploads\/2024\/12\/synoshi.jpg","datePublished":"2024-12-06T08:09:11+00:00","dateModified":"2024-12-17T08:34:26+00:00","breadcrumb":{"@id":"https:\/\/etoxproject.eu\/ro\/produs\/synoshi-power-spin-scrubber\/#breadcrumb"},"inLanguage":"ro-RO","potentialAction":[{"@type":"ReadAction","target":["https:\/\/etoxproject.eu\/ro\/produs\/synoshi-power-spin-scrubber\/"]}]},{"@type":"ImageObject","inLanguage":"ro-RO","@id":"https:\/\/etoxproject.eu\/ro\/produs\/synoshi-power-spin-scrubber\/#primaryimage","url":"https:\/\/etoxproject.eu\/wp-content\/uploads\/2024\/12\/synoshi.jpg","contentUrl":"https:\/\/etoxproject.eu\/wp-content\/uploads\/2024\/12\/synoshi.jpg","width":750,"height":750},{"@type":"BreadcrumbList","@id":"https:\/\/etoxproject.eu\/ro\/produs\/synoshi-power-spin-scrubber\/#breadcrumb","itemListElement":[{"@type":"ListItem","position":1,"name":"Startseite","item":"https:\/\/etoxproject.eu\/ro\/"},{"@type":"ListItem","position":2,"name":"Shop","item":"https:\/\/etoxproject.eu\/shop\/"},{"@type":"ListItem","position":3,"name":"Synoshi Power Spin Scrubber"}]},{"@type":"WebSite","@id":"https:\/\/etoxproject.eu\/ro\/#website","url":"https:\/\/etoxproject.eu\/ro\/","name":"etoxproject.eu","description":"","publisher":{"@id":"https:\/\/etoxproject.eu\/ro\/#organization"},"potentialAction":[{"@type":"SearchAction","target":{"@type":"EntryPoint","urlTemplate":"https:\/\/etoxproject.eu\/ro\/?s={search_term_string}"},"query-input":{"@type":"PropertyValueSpecification","valueRequired":true,"valueName":"search_term_string"}}],"inLanguage":"ro-RO"},{"@type":"Organization","@id":"https:\/\/etoxproject.eu\/ro\/#organization","name":"etoxproject.eu","url":"https:\/\/etoxproject.eu\/ro\/","logo":{"@type":"ImageObject","inLanguage":"ro-RO","@id":"https:\/\/etoxproject.eu\/ro\/#\/schema\/logo\/image\/","url":"https:\/\/etoxproject.eu\/wp-content\/uploads\/2024\/12\/etoxproject.png","contentUrl":"https:\/\/etoxproject.eu\/wp-content\/uploads\/2024\/12\/etoxproject.png","width":315,"height":69,"caption":"etoxproject.eu"},"image":{"@id":"https:\/\/etoxproject.eu\/ro\/#\/schema\/logo\/image\/"}}]}},"_links":{"self":[{"href":"https:\/\/etoxproject.eu\/ro\/wp-json\/wp\/v2\/product\/1201","targetHints":{"allow":["GET"]}}],"collection":[{"href":"https:\/\/etoxproject.eu\/ro\/wp-json\/wp\/v2\/product"}],"about":[{"href":"https:\/\/etoxproject.eu\/ro\/wp-json\/wp\/v2\/types\/product"}],"replies":[{"embeddable":true,"href":"https:\/\/etoxproject.eu\/ro\/wp-json\/wp\/v2\/comments?post=1201"}],"wp:featuredmedia":[{"embeddable":true,"href":"https:\/\/etoxproject.eu\/ro\/wp-json\/wp\/v2\/media\/1190"}],"wp:attachment":[{"href":"https:\/\/etoxproject.eu\/ro\/wp-json\/wp\/v2\/media?parent=1201"}],"wp:term":[{"taxonomy":"product_brand","embeddable":true,"href":"https:\/\/etoxproject.eu\/ro\/wp-json\/wp\/v2\/product_brand?post=1201"},{"taxonomy":"product_cat","embeddable":true,"href":"https:\/\/etoxproject.eu\/ro\/wp-json\/wp\/v2\/product_cat?post=1201"},{"taxonomy":"product_tag","embeddable":true,"href":"https:\/\/etoxproject.eu\/ro\/wp-json\/wp\/v2\/product_tag?post=1201"}],"curies":[{"name":"wp","href":"https:\/\/api.w.org\/{rel}","templated":true}]}}