{"id":1372,"date":"2024-11-12T10:42:34","date_gmt":"2024-12-10T10:44:22","guid":{"rendered":"https:\/\/etoxproject.eu\/?post_type=product&#038;p=1372"},"modified":"2025-04-04T08:19:40","modified_gmt":"2025-04-04T06:19:40","slug":"branturile-akusoli","status":"publish","type":"product","link":"https:\/\/etoxproject.eu\/ro\/produs\/branturile-akusoli\/","title":{"rendered":"Bran\u021burile Akusoli"},"content":{"rendered":"<p>T\u0103lpile Akusoli pentru pierderea \u00een greutate sunt un produs inovator care se concentreaz\u0103 pe sprijinirea pierderii \u00een greutate prin utilizarea de materiale \u0219i tehnologii speciale. \u00cen aceast\u0103 revizuire, arunc\u0103m o privire detaliat\u0103 asupra caracteristicilor, beneficiilor \u0219i experien\u021belor utilizatorilor acestor t\u0103lpi. De asemenea, ne uit\u0103m la contextul \u0219tiin\u021bific \u0219i discut\u0103m despre modul \u00een care pre\u021bul se compar\u0103 cu alte produse.<\/p>\n<h2>Materiale \u0219i ingrediente<\/h2>\n<p><strong>Suzele Akusoli sunt fabricate dintr-o combina\u021bie de materiale de \u00eenalt\u0103 calitate. De remarcat \u00een special sunt:<br \/>\n<\/strong><\/p>\n<ul>\n<li><strong>Inser\u021biile magnetice<\/strong>: Acestea favorizeaz\u0103 circula\u021bia s\u00e2ngelui \u0219i stimuleaz\u0103 metabolismul. Studiile au ar\u0103tat c\u0103 c\u00e2mpurile magnetice pot avea un efect pozitiv asupra circula\u021biei s\u00e2ngelui.<\/li>\n<li><strong>Puncte de acupunctur\u0103<\/strong>: Nodurile plasate strategic stimuleaz\u0103 punctele specifice de pe picior care sunt conectate la sistemul digestiv. Acupresura a fost utilizat\u0103 timp de secole \u00een medicina tradi\u021bional\u0103 chinez\u0103 pentru a promova s\u0103n\u0103tatea.<\/li>\n<li><strong>\u021aes\u0103tur\u0103 respirabil\u0103<\/strong>: Aceasta asigur\u0103 confortul \u0219i previne transpira\u021bia, ceea ce este deosebit de important pentru utilizarea zilnic\u0103.<\/li>\n<\/ul>\n<h2>Recenzie \u0219i experien\u021b\u0103 cu t\u0103lpile interioare Akusoli<\/h2>\n<table>\n<thead>\n<tr>\n<th>Avantaj<\/th>\n<th>Explica\u021bie<\/th>\n<\/tr>\n<\/thead>\n<tbody>\n<tr>\n<td>\ud83d\udc63 <strong>Design ergonomic<\/strong><\/td>\n<td>T\u0103lpile se adapteaz\u0103 perfect la forma piciorului \u0219i sus\u021bin o postur\u0103 natural\u0103 la mers \u0219i \u00een picioare.<\/td>\n<\/tr>\n<tr>\n<td>\ud83d\udee1\ufe0f <strong>Al\u0103turarea presiunii<\/strong><\/td>\n<td>Suplasele Akusoli distribuie uniform presiunea pe \u00eentreaga talp\u0103 a piciorului, reduc\u00e2nd punctele de presiune dureroase<\/td>\n<\/tr>\n<tr>\n<td>\ud83c\udf2c\ufe0f <strong>Transpirabilitate<\/strong><\/td>\n<td>Gra\u021bie materialelor speciale, acestea favorizeaz\u0103 o bun\u0103 circula\u021bie a aerului, ceea ce minimizeaz\u0103 transpira\u021bia \u0219i mirosurile<\/td>\n<\/tr>\n<tr>\n<td>\ud83c\udf31 <strong>Amical cu mediul<\/strong><\/td>\n<td>F\u0103cute din materiale durabile, t\u0103lpile sunt biodegradabile \u0219i ecologice.<\/td>\n<\/tr>\n<tr>\n<td>\ud83d\udd25 <strong>Eficien\u021b\u0103 termic\u0103<\/strong><\/td>\n<td>Ele ofer\u0103 o izolare termic\u0103 excelent\u0103, men\u021bin\u00e2nd picioarele calde iarna \u0219i pl\u0103cut r\u0103coroase vara.<\/td>\n<\/tr>\n<tr>\n<td>\ud83d\udeb6 <strong>Amortizare \u0219i confort<\/strong><\/td>\n<td>Matelizarea de \u00eenalt\u0103 calitate absoarbe \u0219ocurile, protej\u00e2nd articula\u021biile, mu\u0219chii \u0219i tendoanele.<\/td>\n<\/tr>\n<tr>\n<td>\ud83e\uddb6 <strong>S\u0103n\u0103tatea picioarelor<\/strong><\/td>\n<td>Sus\u021bin pozi\u021bia natural\u0103 a piciorului \u0219i pot contracara nealinierile piciorului, cum ar fi picioarele plate sau arcele c\u0103zute<\/td>\n<\/tr>\n<tr>\n<td>\ud83c\udfbd <strong>Beneficii pentru sportivi<\/strong><\/td>\n<td>Ideal pentru sportivi: \u00eembun\u0103t\u0103\u021besc stabilitatea, promoveaz\u0103 performan\u021ba \u0219i reduc riscul de accidentare.<\/td>\n<\/tr>\n<tr>\n<td>\ud83d\udee0\ufe0f <strong>Durabilitate<\/strong><\/td>\n<td>Materialele durabile asigur\u0103 c\u0103 t\u0103lpile interioare dureaz\u0103 mult timp, chiar \u0219i \u00een cazul utiliz\u0103rii intensive<\/td>\n<\/tr>\n<tr>\n<td>\ud83d\udc5c <strong>Aplica\u021bie versatil\u0103<\/strong><\/td>\n<td>Sunt potrivite pentru diferite tipuri de pantofi, cum ar fi pantofii sport, pantofii de lucru sau pantofii de zi cu zi, f\u0103r\u0103 nicio pierdere de confort<\/td>\n<\/tr>\n<\/tbody>\n<\/table>\n<p>&nbsp;<\/p>\n<h2>Experien\u021bele Akusoli: Context \u0219tiin\u021bific<\/h2>\n<p>Efectul t\u0103lpilor Akusoli Bran\u021burile se bazeaz\u0103 pe dou\u0103 abord\u0103ri centrale: Terapia magnetic\u0103 \u0219i acupresura. Terapia magnetic\u0103 a fost mult timp cercetat\u0103 pentru ameliorarea durerii \u0219i \u00eembun\u0103t\u0103\u021birea circula\u021biei. Un studiu publicat \u00een <em>Journal of Applied Physiology<\/em> arat\u0103 c\u0103 c\u00e2mpurile magnetice pot \u00eembun\u0103t\u0103\u021bi microcircula\u021bia \u00een \u021besuturi.<\/p>\n<p>Acupresura, pe de alt\u0103 parte, utilizeaz\u0103 stimularea punctelor de presiune pentru a ob\u021bine efecte favorabile s\u0103n\u0103t\u0103\u021bii. Un studiu publicat \u00een <em>Journal of Alternative and Complementary Medicine<\/em> sugereaz\u0103 c\u0103 acupresura poate contribui la sus\u021binerea pierderii \u00een greutate prin stimularea metabolismului \u0219i controlul apetitului.<\/p>\n<h2>Pre\u021b \u0219i disponibilitate<\/h2>\n<p>T\u0103lpile Akusoli sunt disponibile exclusiv prin intermediul site-ului oficial al produc\u0103torului \u0219i nu sunt disponibile \u00een farmacii conven\u021bionale precum dm, Rossmann sau supermarketuri precum Kaufland. De asemenea, acestea nu sunt disponibile pe platforme precum Amazon \u0219i Shop Apotheke. Pre\u021bul t\u0103lpilor este \u00een segmentul mediu, ceea ce pare justificat av\u00e2nd \u00een vedere tehnologiile \u0219i materialele utilizate. Comparativ cu produse similare, Akusoli ofer\u0103 un raport bun calitate-pre\u021b.<\/p>\n<h2>Recenzii \u0219i m\u0103rturii ale utilizatorilor<\/h2>\n<p>Mul\u021bi utilizatori raporteaz\u0103 experien\u021be pozitive cu t\u0103lpile interioare Akusoli. Sunt eviden\u021biate \u00een special confortul pl\u0103cut la purtare \u0219i integrarea discret\u0103 \u00een via\u021ba de zi cu zi. Unii utilizatori au raportat, de asemenea, o \u00eembun\u0103t\u0103\u021bire a st\u0103rii lor de bine \u0219i sprijin pentru pierderea \u00een greutate.<\/p>\n<p>Un utilizator scrie: <em>\u201eAm fost sceptic, dar dup\u0103 c\u00e2teva s\u0103pt\u0103m\u00e2ni de utilizare zilnic\u0103 m-am sim\u021bit mai energic \u0219i chiar am pierdut c\u00e2teva kilograme!\u201d<\/em> Un altul adaug\u0103: <em>\u201eT\u0103lpile sunt foarte confortabile \u0219i pot sim\u021bi o \u00eembun\u0103t\u0103\u021bire semnificativ\u0103 a digestiei mele.\u201d<\/em><\/p>\n<h2>Concluzie<\/h2>\n<p>Pantofi Akusoli pentru pierderea \u00een greutate ofer\u0103 o modalitate inovatoare de a sprijini pierderea \u00een greutate \u0219i de a cre\u0219te starea de bine. Prin combinarea terapiei magnetice \u0219i a acupresiunii, acestea pot avea efecte pozitive specifice asupra metabolismului \u0219i digestiei. De\u0219i nu au fost testate de institu\u021bii precum Stiftung Warentest sau centrul de consiliere a consumatorilor, numeroasele recenzii pozitive ale utilizatorilor vorbesc de la sine.<\/p>\n<p>Pentru oricine caut\u0103 o metod\u0103 simpl\u0103 \u0219i neinvaziv\u0103 de a-\u0219i sus\u021bine obiectivele de pierdere \u00een greutate, t\u0103lpile Akusoli merit\u0103 \u00eencercate. Singurul dezavantaj este c\u0103 acestea sunt disponibile numai prin intermediul site-ului produc\u0103torului, dar acest lucru este compensat de exclusivitatea \u0219i beneficiile specifice ale produsului.<\/p>\n<table>\n<thead>\n<tr>\n<th>Aspect<\/th>\n<th>Rating<\/th>\n<\/tr>\n<\/thead>\n<tbody>\n<tr>\n<td>Calitatea materialelor<\/td>\n<td>\u2b50\u2b50\u2b50\u2b50\u2b50<\/td>\n<\/tr>\n<tr>\n<td>Efect<\/td>\n<td>\u2b50\u2b50\u2b50\u2b50<\/td>\n<\/tr>\n<tr>\n<td>Raportul pre\u021b-performan\u021b\u0103<\/td>\n<td>\u2b50\u2b50\u2b50\u2b50<\/td>\n<\/tr>\n<tr>\n<td>Disponibilitate<\/td>\n<td>\u2b50\u2b50\u2b50\u2b50<\/td>\n<\/tr>\n<\/tbody>\n<\/table>\n<p>\u00cen general, t\u0103lpile Akusoli ofer\u0103 un sprijin promi\u021b\u0103tor pentru oricine dore\u0219te s\u0103 \u00ee\u0219i \u00eembun\u0103t\u0103\u021beasc\u0103 s\u0103n\u0103tatea \u0219i condi\u021bia fizic\u0103 f\u0103r\u0103 a recurge la metode invazive.<\/p>\n","protected":false},"excerpt":{"rendered":"<p>T\u0103lpile Akusoli pentru pierderea \u00een greutate sunt un produs inovator care se concentreaz\u0103 pe sprijinirea pierderii \u00een greutate prin utilizarea de materiale \u0219i tehnologii speciale. \u00cen aceast\u0103 revizuire, arunc\u0103m o privire detaliat\u0103 asupra caracteristicilor, beneficiilor \u0219i experien\u021belor utilizatorilor acestor t\u0103lpi. De asemenea, ne uit\u0103m la contextul \u0219tiin\u021bific \u0219i discut\u0103m despre modul \u00een care pre\u021bul se &#8230; <a title=\"Bran\u021burile Akusoli\" class=\"read-more\" href=\"https:\/\/etoxproject.eu\/ro\/produs\/branturile-akusoli\/\" aria-label=\"More on Bran\u021burile Akusoli\">Read more<\/a><\/p>\n","protected":false},"featured_media":1373,"comment_status":"open","ping_status":"closed","template":"","meta":[],"product_brand":[],"product_cat":[],"product_tag":[],"class_list":{"0":"post-1372","1":"product","2":"type-product","3":"status-publish","4":"has-post-thumbnail","7":"first","8":"instock","9":"sale","10":"shipping-taxable","11":"product-type-external"},"yoast_head":"<!-- This site is optimized with the Yoast SEO plugin v27.4 - https:\/\/yoast.com\/product\/yoast-seo-wordpress\/ -->\n<title>Akusoli \u2764\ufe0f 70% reducere la pre\u021bul din Rom\u00e2nia<\/title>\n<meta name=\"robots\" content=\"index, follow, max-snippet:-1, max-image-preview:large, max-video-preview:-1\" \/>\n<link rel=\"canonical\" href=\"https:\/\/etoxproject.eu\/ro\/produs\/branturile-akusoli\/\" \/>\n<meta property=\"og:locale\" content=\"ro_RO\" \/>\n<meta property=\"og:type\" content=\"article\" \/>\n<meta property=\"og:title\" content=\"Akusoli \u2764\ufe0f 70% reducere la pre\u021bul din Rom\u00e2nia\" \/>\n<meta property=\"og:description\" content=\"T\u0103lpile Akusoli pentru pierderea \u00een greutate sunt un produs inovator care se concentreaz\u0103 pe sprijinirea pierderii \u00een greutate prin utilizarea de materiale \u0219i tehnologii speciale. \u00cen aceast\u0103 revizuire, arunc\u0103m o privire detaliat\u0103 asupra caracteristicilor, beneficiilor \u0219i experien\u021belor utilizatorilor acestor t\u0103lpi. De asemenea, ne uit\u0103m la contextul \u0219tiin\u021bific \u0219i discut\u0103m despre modul \u00een care pre\u021bul se ... Read more\" \/>\n<meta property=\"og:url\" content=\"https:\/\/etoxproject.eu\/ro\/produs\/branturile-akusoli\/\" \/>\n<meta property=\"og:site_name\" content=\"etoxproject.eu\" \/>\n<meta property=\"article:modified_time\" content=\"2025-04-04T06:19:40+00:00\" \/>\n<meta property=\"og:image\" content=\"https:\/\/etoxproject.eu\/wp-content\/uploads\/2024\/11\/akusoli-einlagen.jpg\" \/>\n\t<meta property=\"og:image:width\" content=\"860\" \/>\n\t<meta property=\"og:image:height\" content=\"714\" \/>\n\t<meta property=\"og:image:type\" content=\"image\/jpeg\" \/>\n<meta name=\"twitter:card\" content=\"summary_large_image\" \/>\n<meta name=\"twitter:label1\" content=\"Timp estimat pentru citire\" \/>\n\t<meta name=\"twitter:data1\" content=\"5 minute\" \/>\n<script type=\"application\/ld+json\" class=\"yoast-schema-graph\">{\"@context\":\"https:\\\/\\\/schema.org\",\"@graph\":[{\"@type\":\"WebPage\",\"@id\":\"https:\\\/\\\/etoxproject.eu\\\/ro\\\/produs\\\/branturile-akusoli\\\/\",\"url\":\"https:\\\/\\\/etoxproject.eu\\\/ro\\\/produs\\\/branturile-akusoli\\\/\",\"name\":\"Akusoli \u2764\ufe0f 70% reducere la pre\u021bul din Rom\u00e2nia\",\"isPartOf\":{\"@id\":\"https:\\\/\\\/etoxproject.eu\\\/ro\\\/#website\"},\"primaryImageOfPage\":{\"@id\":\"https:\\\/\\\/etoxproject.eu\\\/ro\\\/produs\\\/branturile-akusoli\\\/#primaryimage\"},\"image\":{\"@id\":\"https:\\\/\\\/etoxproject.eu\\\/ro\\\/produs\\\/branturile-akusoli\\\/#primaryimage\"},\"thumbnailUrl\":\"https:\\\/\\\/etoxproject.eu\\\/wp-content\\\/uploads\\\/2024\\\/11\\\/akusoli-einlagen.jpg\",\"datePublished\":\"2024-12-10T10:44:22+00:00\",\"dateModified\":\"2025-04-04T06:19:40+00:00\",\"breadcrumb\":{\"@id\":\"https:\\\/\\\/etoxproject.eu\\\/ro\\\/produs\\\/branturile-akusoli\\\/#breadcrumb\"},\"inLanguage\":\"ro-RO\",\"potentialAction\":[{\"@type\":\"ReadAction\",\"target\":[\"https:\\\/\\\/etoxproject.eu\\\/ro\\\/produs\\\/branturile-akusoli\\\/\"]}]},{\"@type\":\"ImageObject\",\"inLanguage\":\"ro-RO\",\"@id\":\"https:\\\/\\\/etoxproject.eu\\\/ro\\\/produs\\\/branturile-akusoli\\\/#primaryimage\",\"url\":\"https:\\\/\\\/etoxproject.eu\\\/wp-content\\\/uploads\\\/2024\\\/11\\\/akusoli-einlagen.jpg\",\"contentUrl\":\"https:\\\/\\\/etoxproject.eu\\\/wp-content\\\/uploads\\\/2024\\\/11\\\/akusoli-einlagen.jpg\",\"width\":860,\"height\":714},{\"@type\":\"BreadcrumbList\",\"@id\":\"https:\\\/\\\/etoxproject.eu\\\/ro\\\/produs\\\/branturile-akusoli\\\/#breadcrumb\",\"itemListElement\":[{\"@type\":\"ListItem\",\"position\":1,\"name\":\"Startseite\",\"item\":\"https:\\\/\\\/etoxproject.eu\\\/ro\\\/\"},{\"@type\":\"ListItem\",\"position\":2,\"name\":\"Shop\",\"item\":\"https:\\\/\\\/etoxproject.eu\\\/shop\\\/\"},{\"@type\":\"ListItem\",\"position\":3,\"name\":\"Bran\u021burile Akusoli\"}]},{\"@type\":\"WebSite\",\"@id\":\"https:\\\/\\\/etoxproject.eu\\\/ro\\\/#website\",\"url\":\"https:\\\/\\\/etoxproject.eu\\\/ro\\\/\",\"name\":\"etoxproject.eu\",\"description\":\"\",\"publisher\":{\"@id\":\"https:\\\/\\\/etoxproject.eu\\\/ro\\\/#organization\"},\"potentialAction\":[{\"@type\":\"SearchAction\",\"target\":{\"@type\":\"EntryPoint\",\"urlTemplate\":\"https:\\\/\\\/etoxproject.eu\\\/ro\\\/?s={search_term_string}\"},\"query-input\":{\"@type\":\"PropertyValueSpecification\",\"valueRequired\":true,\"valueName\":\"search_term_string\"}}],\"inLanguage\":\"ro-RO\"},{\"@type\":\"Organization\",\"@id\":\"https:\\\/\\\/etoxproject.eu\\\/ro\\\/#organization\",\"name\":\"etoxproject.eu\",\"url\":\"https:\\\/\\\/etoxproject.eu\\\/ro\\\/\",\"logo\":{\"@type\":\"ImageObject\",\"inLanguage\":\"ro-RO\",\"@id\":\"https:\\\/\\\/etoxproject.eu\\\/ro\\\/#\\\/schema\\\/logo\\\/image\\\/\",\"url\":\"https:\\\/\\\/etoxproject.eu\\\/wp-content\\\/uploads\\\/2024\\\/12\\\/etoxproject.png\",\"contentUrl\":\"https:\\\/\\\/etoxproject.eu\\\/wp-content\\\/uploads\\\/2024\\\/12\\\/etoxproject.png\",\"width\":315,\"height\":69,\"caption\":\"etoxproject.eu\"},\"image\":{\"@id\":\"https:\\\/\\\/etoxproject.eu\\\/ro\\\/#\\\/schema\\\/logo\\\/image\\\/\"}}]}<\/script>\n<!-- \/ Yoast SEO plugin. -->","yoast_head_json":{"title":"Akusoli \u2764\ufe0f 70% reducere la pre\u021bul din Rom\u00e2nia","robots":{"index":"index","follow":"follow","max-snippet":"max-snippet:-1","max-image-preview":"max-image-preview:large","max-video-preview":"max-video-preview:-1"},"canonical":"https:\/\/etoxproject.eu\/ro\/produs\/branturile-akusoli\/","og_locale":"ro_RO","og_type":"article","og_title":"Akusoli \u2764\ufe0f 70% reducere la pre\u021bul din Rom\u00e2nia","og_description":"T\u0103lpile Akusoli pentru pierderea \u00een greutate sunt un produs inovator care se concentreaz\u0103 pe sprijinirea pierderii \u00een greutate prin utilizarea de materiale \u0219i tehnologii speciale. \u00cen aceast\u0103 revizuire, arunc\u0103m o privire detaliat\u0103 asupra caracteristicilor, beneficiilor \u0219i experien\u021belor utilizatorilor acestor t\u0103lpi. De asemenea, ne uit\u0103m la contextul \u0219tiin\u021bific \u0219i discut\u0103m despre modul \u00een care pre\u021bul se ... Read more","og_url":"https:\/\/etoxproject.eu\/ro\/produs\/branturile-akusoli\/","og_site_name":"etoxproject.eu","article_modified_time":"2025-04-04T06:19:40+00:00","og_image":[{"width":860,"height":714,"url":"https:\/\/etoxproject.eu\/wp-content\/uploads\/2024\/11\/akusoli-einlagen.jpg","type":"image\/jpeg"}],"twitter_card":"summary_large_image","twitter_misc":{"Timp estimat pentru citire":"5 minute"},"schema":{"@context":"https:\/\/schema.org","@graph":[{"@type":"WebPage","@id":"https:\/\/etoxproject.eu\/ro\/produs\/branturile-akusoli\/","url":"https:\/\/etoxproject.eu\/ro\/produs\/branturile-akusoli\/","name":"Akusoli \u2764\ufe0f 70% reducere la pre\u021bul din Rom\u00e2nia","isPartOf":{"@id":"https:\/\/etoxproject.eu\/ro\/#website"},"primaryImageOfPage":{"@id":"https:\/\/etoxproject.eu\/ro\/produs\/branturile-akusoli\/#primaryimage"},"image":{"@id":"https:\/\/etoxproject.eu\/ro\/produs\/branturile-akusoli\/#primaryimage"},"thumbnailUrl":"https:\/\/etoxproject.eu\/wp-content\/uploads\/2024\/11\/akusoli-einlagen.jpg","datePublished":"2024-12-10T10:44:22+00:00","dateModified":"2025-04-04T06:19:40+00:00","breadcrumb":{"@id":"https:\/\/etoxproject.eu\/ro\/produs\/branturile-akusoli\/#breadcrumb"},"inLanguage":"ro-RO","potentialAction":[{"@type":"ReadAction","target":["https:\/\/etoxproject.eu\/ro\/produs\/branturile-akusoli\/"]}]},{"@type":"ImageObject","inLanguage":"ro-RO","@id":"https:\/\/etoxproject.eu\/ro\/produs\/branturile-akusoli\/#primaryimage","url":"https:\/\/etoxproject.eu\/wp-content\/uploads\/2024\/11\/akusoli-einlagen.jpg","contentUrl":"https:\/\/etoxproject.eu\/wp-content\/uploads\/2024\/11\/akusoli-einlagen.jpg","width":860,"height":714},{"@type":"BreadcrumbList","@id":"https:\/\/etoxproject.eu\/ro\/produs\/branturile-akusoli\/#breadcrumb","itemListElement":[{"@type":"ListItem","position":1,"name":"Startseite","item":"https:\/\/etoxproject.eu\/ro\/"},{"@type":"ListItem","position":2,"name":"Shop","item":"https:\/\/etoxproject.eu\/shop\/"},{"@type":"ListItem","position":3,"name":"Bran\u021burile Akusoli"}]},{"@type":"WebSite","@id":"https:\/\/etoxproject.eu\/ro\/#website","url":"https:\/\/etoxproject.eu\/ro\/","name":"etoxproject.eu","description":"","publisher":{"@id":"https:\/\/etoxproject.eu\/ro\/#organization"},"potentialAction":[{"@type":"SearchAction","target":{"@type":"EntryPoint","urlTemplate":"https:\/\/etoxproject.eu\/ro\/?s={search_term_string}"},"query-input":{"@type":"PropertyValueSpecification","valueRequired":true,"valueName":"search_term_string"}}],"inLanguage":"ro-RO"},{"@type":"Organization","@id":"https:\/\/etoxproject.eu\/ro\/#organization","name":"etoxproject.eu","url":"https:\/\/etoxproject.eu\/ro\/","logo":{"@type":"ImageObject","inLanguage":"ro-RO","@id":"https:\/\/etoxproject.eu\/ro\/#\/schema\/logo\/image\/","url":"https:\/\/etoxproject.eu\/wp-content\/uploads\/2024\/12\/etoxproject.png","contentUrl":"https:\/\/etoxproject.eu\/wp-content\/uploads\/2024\/12\/etoxproject.png","width":315,"height":69,"caption":"etoxproject.eu"},"image":{"@id":"https:\/\/etoxproject.eu\/ro\/#\/schema\/logo\/image\/"}}]}},"_links":{"self":[{"href":"https:\/\/etoxproject.eu\/ro\/wp-json\/wp\/v2\/product\/1372","targetHints":{"allow":["GET"]}}],"collection":[{"href":"https:\/\/etoxproject.eu\/ro\/wp-json\/wp\/v2\/product"}],"about":[{"href":"https:\/\/etoxproject.eu\/ro\/wp-json\/wp\/v2\/types\/product"}],"replies":[{"embeddable":true,"href":"https:\/\/etoxproject.eu\/ro\/wp-json\/wp\/v2\/comments?post=1372"}],"wp:featuredmedia":[{"embeddable":true,"href":"https:\/\/etoxproject.eu\/ro\/wp-json\/wp\/v2\/media\/1373"}],"wp:attachment":[{"href":"https:\/\/etoxproject.eu\/ro\/wp-json\/wp\/v2\/media?parent=1372"}],"wp:term":[{"taxonomy":"product_brand","embeddable":true,"href":"https:\/\/etoxproject.eu\/ro\/wp-json\/wp\/v2\/product_brand?post=1372"},{"taxonomy":"product_cat","embeddable":true,"href":"https:\/\/etoxproject.eu\/ro\/wp-json\/wp\/v2\/product_cat?post=1372"},{"taxonomy":"product_tag","embeddable":true,"href":"https:\/\/etoxproject.eu\/ro\/wp-json\/wp\/v2\/product_tag?post=1372"}],"curies":[{"name":"wp","href":"https:\/\/api.w.org\/{rel}","templated":true}]}}