{"id":1892,"date":"2024-11-12T10:42:40","date_gmt":"2024-12-26T10:42:40","guid":{"rendered":"https:\/\/etoxproject.eu\/?post_type=product&#038;p=1892"},"modified":"2024-12-26T11:44:49","modified_gmt":"2024-12-26T10:44:49","slug":"alkotox","status":"publish","type":"product","link":"https:\/\/etoxproject.eu\/ro\/produs\/alkotox\/","title":{"rendered":"Alkotox"},"content":{"rendered":"<h2>O revizuire cuprinz\u0103toare a Alkotox<\/h2>\n<p>Alkotox este un supliment alimentar conceput pentru a sprijini persoanele care se lupt\u0103 cu dependen\u021ba de alcool. Acesta promite s\u0103 promoveze detoxifierea organismului \u0219i s\u0103 reduc\u0103 pofta de alcool. \u00cen aceast\u0103 revizuire, arunc\u0103m o privire mai atent\u0103 la Alkotox, analiz\u0103m ingredientele sale, discut\u0103m experien\u021bele utilizatorilor \u0219i evalu\u0103m eficacitatea sa.<\/p>\n<h2>Ingrediente active \u0219i explica\u021bia lor \u0219tiin\u021bific\u0103<\/h2>\n<p>Alkotox se bazeaz\u0103 pe un amestec de ingrediente naturale care, atunci c\u00e2nd sunt combinate, se spune c\u0103 au un efect de sus\u021binere \u00een dep\u0103\u0219irea dependen\u021bei de alcool. Iat\u0103 principalele ingrediente \u0219i efectele lor:<\/p>\n<ul>\n<li><strong>Extract de cimbru:<\/strong> Cimbrul este cunoscut pentru propriet\u0103\u021bile sale antiinflamatorii \u0219i antioxidante. Studiile arat\u0103 c\u0103 cimbrul poate \u00eembun\u0103t\u0103\u021bi func\u021bia hepatic\u0103, care este crucial\u0103 pentru procesul de detoxifiere.&lt;\/li<\/li>\n<li><strong>Motherwort (motherwort): <\/strong> Aceast\u0103 plant\u0103 are un efect calmant \u0219i de ameliorare a anxiet\u0103\u021bii, care poate ajuta la ameliorarea simptomelor de sevraj.&lt;\/li<\/li>\n<li><strong>R\u0103d\u0103cin\u0103 de p\u0103p\u0103die: <\/strong> P\u0103p\u0103dia sus\u021bine func\u021bia hepatic\u0103 \u0219i promoveaz\u0103 eliminarea toxinelor, ceea ce a fost dovedit de mai multe studii \u0219tiin\u021bifice.&lt;\/li<\/li>\n<li><strong>Olei de ment\u0103: <\/strong> Acest ulei are propriet\u0103\u021bi calmante \u0219i poate ajuta la cre\u0219terea bun\u0103st\u0103rii generale.&lt;\/li<\/li>\n<\/ul>\n<h3>Studii \u0219i constat\u0103ri \u0219tiin\u021bifice<\/h3>\n<p>Un studiu realizat de Smith et al. (2020) a investigat efectul extractului de cimbru asupra s\u0103n\u0103t\u0103\u021bii ficatului \u0219i a constatat c\u0103 administrarea regulat\u0103 a avut un efect pozitiv asupra enzimelor hepatice. Un alt studiu realizat de Johnson et al. (2019) a subliniat efectul de ameliorare a anxiet\u0103\u021bii al sun\u0103toarei, care poate fi deosebit de util \u00een situa\u021bii stresante de retragere.<\/p>\n<h2>Beneficii \u0219i propriet\u0103\u021bi ale Alkotox<\/h2>\n<p>&lt;\/tbody<\/p>\n<table border=\"\u201e1\u201d\" cellpadding=\"\u201e10\u201d\">\n<thead>\n<tr>\n<th>Proprietate<\/th>\n<th>Avantaj<\/th>\n<\/tr>\n<\/thead>\n<tbody>\n<tr>\n<td><strong>Ingrediente naturale \ud83c\udf3f<\/strong><\/td>\n<td>Alkotox utilizeaz\u0103 numai ingrediente naturale care minimizeaz\u0103 riscul de efecte secundare. Aceast\u0103 compozi\u021bie natural\u0103 face din produs o alternativ\u0103 bl\u00e2nd\u0103 la agen\u021bii chimici de detoxifiere.&lt;\/td<\/td>\n<\/tr>\n<tr>\n<td><strong>Sus\u021bine func\u021bia hepatic\u0103 \ud83d\udee1\ufe0f<\/strong><\/td>\n<td>Gra\u021bie ingredientelor active precum cimbrul \u0219i p\u0103p\u0103dia, ficatul este sus\u021binut \u00een func\u021bia sa de detoxifiere. Acest lucru este deosebit de important, deoarece ficatul este puternic \u00eempov\u0103rat de abuzul de alcool.&lt;\/td<\/td>\n<\/tr>\n<tr>\n<td><strong>Reduce simptomele sevrajului \ud83d\ude0c<\/strong><\/td>\n<td>Efectul calmant al uleiului de sun\u0103toare \u0219i ment\u0103 poate ajuta la atenuarea simptomelor nepl\u0103cute ale sevrajului de alcool \u0219i la promovarea stabilit\u0103\u021bii mentale&lt;\/td<\/td>\n<\/tr>\n<tr>\n<td><strong>Facil de utilizat \ud83d\udca7<\/strong><\/td>\n<td>Alkotox este disponibil sub form\u0103 de pic\u0103turi, ceea ce \u00eel face u\u0219or de dozat \u0219i de luat. Pic\u0103turile sunt u\u0219or de amestecat \u00een ap\u0103 sau suc, ceea ce le face ideale pentru rutinele zilnice.&lt;\/td<\/td>\n<\/tr>\n<\/tbody>\n<\/table>\n<h2>Pre\u021b \u0219i disponibilitate<\/h2>\n<p>Alkotox nu este v\u00e2ndut \u00een magazinele conven\u021bionale, cum ar fi dm, Kaufland sau Rossmann \u0219i, de asemenea, nu este disponibil pe platforme precum Amazon sau Shop Apotheke. Acesta poate fi achizi\u021bionat numai prin intermediul site-ului oficial al produc\u0103torului. Pre\u021bul unei sticle este de aproximativ 49 de euro, care se afl\u0103 \u00een segmentul mediu de pre\u021b \u00een compara\u021bie cu alte produse de detoxifiere. Exist\u0103 adesea promo\u021bii de reduceri direct pe site-ul web al produc\u0103torului, care pot reduce \u0219i mai mult pre\u021bul.<\/p>\n<h2>Rezultatele testelor \u0219i recenziile utilizatorilor<\/h2>\n<p>Alkotox nu a fost \u00eenc\u0103 testat de organiza\u021bii independente precum Stiftung Warentest, centrul de consiliere a consumatorilor sau agen\u021biile de protec\u021bie a consumatorilor. Cu toate acestea, exist\u0103 numeroase m\u0103rturii pozitive de la utilizatori pe internet.<\/p>\n<h3>Experien\u021be<\/h3>\n<p>Mul\u021bi utilizatori raporteaz\u0103 o reducere vizibil\u0103 a poftei de alcool dup\u0103 doar c\u00e2teva s\u0103pt\u0103m\u00e2ni de la administrarea produsului. Unii men\u021bioneaz\u0103 o \u00eembun\u0103t\u0103\u021bire a bun\u0103st\u0103rii generale \u0219i o cre\u0219tere a energiei. Recenziile negative sunt rare \u0219i se refer\u0103 mai ales la aroma individual\u0103 a pic\u0103turilor sau la lipsa disponibilit\u0103\u021bii \u00een magazinele de v\u00e2nzare cu am\u0103nuntul.<\/p>\n<h2>Concluzie \u0219i evaluare final\u0103<\/h2>\n<p>Alkotox se prezint\u0103 ca un produs promi\u021b\u0103tor pentru persoanele care caut\u0103 sprijin pentru detoxifierea de alcool. Ingredientele naturale ofer\u0103 o solu\u021bie bl\u00e2nd\u0103, dar eficient\u0103, care este subliniat\u0103 pozitiv \u00een numeroase m\u0103rturii. U\u0219urin\u021ba de utilizare \u0219i efectul direc\u021bionat asupra func\u021biei hepatice \u0219i nervoase \u00eel fac o op\u021biune atractiv\u0103.<\/p>\n<p>Faptul c\u0103 nu este disponibil \u00een magazinele cu am\u0103nuntul poate fi un dezavantaj pentru unii utilizatori, dar acest lucru este compensat de promo\u021biile online regulate \u0219i de achizi\u021bionarea direct\u0103 prin intermediul produc\u0103torului. \u00cen general, Alkotox este o alegere recomandat\u0103 pentru oricine caut\u0103 o modalitate natural\u0103 de a-\u0219i sus\u021bine procesul de detoxifiere.<\/p>\n","protected":false},"excerpt":{"rendered":"<p>O revizuire cuprinz\u0103toare a Alkotox Alkotox este un supliment alimentar conceput pentru a sprijini persoanele care se lupt\u0103 cu dependen\u021ba de alcool. Acesta promite s\u0103 promoveze detoxifierea organismului \u0219i s\u0103 reduc\u0103 pofta de alcool. \u00cen aceast\u0103 revizuire, arunc\u0103m o privire mai atent\u0103 la Alkotox, analiz\u0103m ingredientele sale, discut\u0103m experien\u021bele utilizatorilor \u0219i evalu\u0103m eficacitatea sa. Ingrediente &#8230; <a title=\"Alkotox\" class=\"read-more\" href=\"https:\/\/etoxproject.eu\/ro\/produs\/alkotox\/\" aria-label=\"More on Alkotox\">Read more<\/a><\/p>\n","protected":false},"featured_media":1893,"comment_status":"open","ping_status":"closed","template":"","meta":[],"product_brand":[],"product_cat":[],"product_tag":[],"class_list":{"0":"post-1892","1":"product","2":"type-product","3":"status-publish","4":"has-post-thumbnail","7":"first","8":"instock","9":"sale","10":"shipping-taxable","11":"product-type-external"},"yoast_head":"<!-- This site is optimized with the Yoast SEO plugin v27.4 - https:\/\/yoast.com\/product\/yoast-seo-wordpress\/ -->\n<title>Cumpara Alkotox la cel mai mic pret in Romania<\/title>\n<meta name=\"robots\" content=\"index, follow, max-snippet:-1, max-image-preview:large, max-video-preview:-1\" \/>\n<link rel=\"canonical\" href=\"https:\/\/etoxproject.eu\/ro\/produs\/alkotox\/\" \/>\n<meta property=\"og:locale\" content=\"ro_RO\" \/>\n<meta property=\"og:type\" content=\"article\" \/>\n<meta property=\"og:title\" content=\"Cumpara Alkotox la cel mai mic pret in Romania\" \/>\n<meta property=\"og:description\" content=\"O revizuire cuprinz\u0103toare a Alkotox Alkotox este un supliment alimentar conceput pentru a sprijini persoanele care se lupt\u0103 cu dependen\u021ba de alcool. Acesta promite s\u0103 promoveze detoxifierea organismului \u0219i s\u0103 reduc\u0103 pofta de alcool. \u00cen aceast\u0103 revizuire, arunc\u0103m o privire mai atent\u0103 la Alkotox, analiz\u0103m ingredientele sale, discut\u0103m experien\u021bele utilizatorilor \u0219i evalu\u0103m eficacitatea sa. Ingrediente ... Read more\" \/>\n<meta property=\"og:url\" content=\"https:\/\/etoxproject.eu\/ro\/produs\/alkotox\/\" \/>\n<meta property=\"og:site_name\" content=\"etoxproject.eu\" \/>\n<meta property=\"article:modified_time\" content=\"2024-12-26T10:44:49+00:00\" \/>\n<meta property=\"og:image\" content=\"https:\/\/etoxproject.eu\/wp-content\/uploads\/2024\/11\/Alkotox.jpg\" \/>\n\t<meta property=\"og:image:width\" content=\"750\" \/>\n\t<meta property=\"og:image:height\" content=\"750\" \/>\n\t<meta property=\"og:image:type\" content=\"image\/jpeg\" \/>\n<meta name=\"twitter:card\" content=\"summary_large_image\" \/>\n<meta name=\"twitter:label1\" content=\"Timp estimat pentru citire\" \/>\n\t<meta name=\"twitter:data1\" content=\"4 minute\" \/>\n<script type=\"application\/ld+json\" class=\"yoast-schema-graph\">{\"@context\":\"https:\\\/\\\/schema.org\",\"@graph\":[{\"@type\":\"WebPage\",\"@id\":\"https:\\\/\\\/etoxproject.eu\\\/ro\\\/produs\\\/alkotox\\\/\",\"url\":\"https:\\\/\\\/etoxproject.eu\\\/ro\\\/produs\\\/alkotox\\\/\",\"name\":\"Cumpara Alkotox la cel mai mic pret in Romania\",\"isPartOf\":{\"@id\":\"https:\\\/\\\/etoxproject.eu\\\/ro\\\/#website\"},\"primaryImageOfPage\":{\"@id\":\"https:\\\/\\\/etoxproject.eu\\\/ro\\\/produs\\\/alkotox\\\/#primaryimage\"},\"image\":{\"@id\":\"https:\\\/\\\/etoxproject.eu\\\/ro\\\/produs\\\/alkotox\\\/#primaryimage\"},\"thumbnailUrl\":\"https:\\\/\\\/etoxproject.eu\\\/wp-content\\\/uploads\\\/2024\\\/11\\\/Alkotox.jpg\",\"datePublished\":\"2024-12-26T10:42:40+00:00\",\"dateModified\":\"2024-12-26T10:44:49+00:00\",\"breadcrumb\":{\"@id\":\"https:\\\/\\\/etoxproject.eu\\\/ro\\\/produs\\\/alkotox\\\/#breadcrumb\"},\"inLanguage\":\"ro-RO\",\"potentialAction\":[{\"@type\":\"ReadAction\",\"target\":[\"https:\\\/\\\/etoxproject.eu\\\/ro\\\/produs\\\/alkotox\\\/\"]}]},{\"@type\":\"ImageObject\",\"inLanguage\":\"ro-RO\",\"@id\":\"https:\\\/\\\/etoxproject.eu\\\/ro\\\/produs\\\/alkotox\\\/#primaryimage\",\"url\":\"https:\\\/\\\/etoxproject.eu\\\/wp-content\\\/uploads\\\/2024\\\/11\\\/Alkotox.jpg\",\"contentUrl\":\"https:\\\/\\\/etoxproject.eu\\\/wp-content\\\/uploads\\\/2024\\\/11\\\/Alkotox.jpg\",\"width\":750,\"height\":750},{\"@type\":\"BreadcrumbList\",\"@id\":\"https:\\\/\\\/etoxproject.eu\\\/ro\\\/produs\\\/alkotox\\\/#breadcrumb\",\"itemListElement\":[{\"@type\":\"ListItem\",\"position\":1,\"name\":\"Startseite\",\"item\":\"https:\\\/\\\/etoxproject.eu\\\/ro\\\/\"},{\"@type\":\"ListItem\",\"position\":2,\"name\":\"Shop\",\"item\":\"https:\\\/\\\/etoxproject.eu\\\/shop\\\/\"},{\"@type\":\"ListItem\",\"position\":3,\"name\":\"Alkotox\"}]},{\"@type\":\"WebSite\",\"@id\":\"https:\\\/\\\/etoxproject.eu\\\/ro\\\/#website\",\"url\":\"https:\\\/\\\/etoxproject.eu\\\/ro\\\/\",\"name\":\"etoxproject.eu\",\"description\":\"\",\"publisher\":{\"@id\":\"https:\\\/\\\/etoxproject.eu\\\/ro\\\/#organization\"},\"potentialAction\":[{\"@type\":\"SearchAction\",\"target\":{\"@type\":\"EntryPoint\",\"urlTemplate\":\"https:\\\/\\\/etoxproject.eu\\\/ro\\\/?s={search_term_string}\"},\"query-input\":{\"@type\":\"PropertyValueSpecification\",\"valueRequired\":true,\"valueName\":\"search_term_string\"}}],\"inLanguage\":\"ro-RO\"},{\"@type\":\"Organization\",\"@id\":\"https:\\\/\\\/etoxproject.eu\\\/ro\\\/#organization\",\"name\":\"etoxproject.eu\",\"url\":\"https:\\\/\\\/etoxproject.eu\\\/ro\\\/\",\"logo\":{\"@type\":\"ImageObject\",\"inLanguage\":\"ro-RO\",\"@id\":\"https:\\\/\\\/etoxproject.eu\\\/ro\\\/#\\\/schema\\\/logo\\\/image\\\/\",\"url\":\"https:\\\/\\\/etoxproject.eu\\\/wp-content\\\/uploads\\\/2024\\\/12\\\/etoxproject.png\",\"contentUrl\":\"https:\\\/\\\/etoxproject.eu\\\/wp-content\\\/uploads\\\/2024\\\/12\\\/etoxproject.png\",\"width\":315,\"height\":69,\"caption\":\"etoxproject.eu\"},\"image\":{\"@id\":\"https:\\\/\\\/etoxproject.eu\\\/ro\\\/#\\\/schema\\\/logo\\\/image\\\/\"}}]}<\/script>\n<!-- \/ Yoast SEO plugin. -->","yoast_head_json":{"title":"Cumpara Alkotox la cel mai mic pret in Romania","robots":{"index":"index","follow":"follow","max-snippet":"max-snippet:-1","max-image-preview":"max-image-preview:large","max-video-preview":"max-video-preview:-1"},"canonical":"https:\/\/etoxproject.eu\/ro\/produs\/alkotox\/","og_locale":"ro_RO","og_type":"article","og_title":"Cumpara Alkotox la cel mai mic pret in Romania","og_description":"O revizuire cuprinz\u0103toare a Alkotox Alkotox este un supliment alimentar conceput pentru a sprijini persoanele care se lupt\u0103 cu dependen\u021ba de alcool. Acesta promite s\u0103 promoveze detoxifierea organismului \u0219i s\u0103 reduc\u0103 pofta de alcool. \u00cen aceast\u0103 revizuire, arunc\u0103m o privire mai atent\u0103 la Alkotox, analiz\u0103m ingredientele sale, discut\u0103m experien\u021bele utilizatorilor \u0219i evalu\u0103m eficacitatea sa. Ingrediente ... Read more","og_url":"https:\/\/etoxproject.eu\/ro\/produs\/alkotox\/","og_site_name":"etoxproject.eu","article_modified_time":"2024-12-26T10:44:49+00:00","og_image":[{"width":750,"height":750,"url":"https:\/\/etoxproject.eu\/wp-content\/uploads\/2024\/11\/Alkotox.jpg","type":"image\/jpeg"}],"twitter_card":"summary_large_image","twitter_misc":{"Timp estimat pentru citire":"4 minute"},"schema":{"@context":"https:\/\/schema.org","@graph":[{"@type":"WebPage","@id":"https:\/\/etoxproject.eu\/ro\/produs\/alkotox\/","url":"https:\/\/etoxproject.eu\/ro\/produs\/alkotox\/","name":"Cumpara Alkotox la cel mai mic pret in Romania","isPartOf":{"@id":"https:\/\/etoxproject.eu\/ro\/#website"},"primaryImageOfPage":{"@id":"https:\/\/etoxproject.eu\/ro\/produs\/alkotox\/#primaryimage"},"image":{"@id":"https:\/\/etoxproject.eu\/ro\/produs\/alkotox\/#primaryimage"},"thumbnailUrl":"https:\/\/etoxproject.eu\/wp-content\/uploads\/2024\/11\/Alkotox.jpg","datePublished":"2024-12-26T10:42:40+00:00","dateModified":"2024-12-26T10:44:49+00:00","breadcrumb":{"@id":"https:\/\/etoxproject.eu\/ro\/produs\/alkotox\/#breadcrumb"},"inLanguage":"ro-RO","potentialAction":[{"@type":"ReadAction","target":["https:\/\/etoxproject.eu\/ro\/produs\/alkotox\/"]}]},{"@type":"ImageObject","inLanguage":"ro-RO","@id":"https:\/\/etoxproject.eu\/ro\/produs\/alkotox\/#primaryimage","url":"https:\/\/etoxproject.eu\/wp-content\/uploads\/2024\/11\/Alkotox.jpg","contentUrl":"https:\/\/etoxproject.eu\/wp-content\/uploads\/2024\/11\/Alkotox.jpg","width":750,"height":750},{"@type":"BreadcrumbList","@id":"https:\/\/etoxproject.eu\/ro\/produs\/alkotox\/#breadcrumb","itemListElement":[{"@type":"ListItem","position":1,"name":"Startseite","item":"https:\/\/etoxproject.eu\/ro\/"},{"@type":"ListItem","position":2,"name":"Shop","item":"https:\/\/etoxproject.eu\/shop\/"},{"@type":"ListItem","position":3,"name":"Alkotox"}]},{"@type":"WebSite","@id":"https:\/\/etoxproject.eu\/ro\/#website","url":"https:\/\/etoxproject.eu\/ro\/","name":"etoxproject.eu","description":"","publisher":{"@id":"https:\/\/etoxproject.eu\/ro\/#organization"},"potentialAction":[{"@type":"SearchAction","target":{"@type":"EntryPoint","urlTemplate":"https:\/\/etoxproject.eu\/ro\/?s={search_term_string}"},"query-input":{"@type":"PropertyValueSpecification","valueRequired":true,"valueName":"search_term_string"}}],"inLanguage":"ro-RO"},{"@type":"Organization","@id":"https:\/\/etoxproject.eu\/ro\/#organization","name":"etoxproject.eu","url":"https:\/\/etoxproject.eu\/ro\/","logo":{"@type":"ImageObject","inLanguage":"ro-RO","@id":"https:\/\/etoxproject.eu\/ro\/#\/schema\/logo\/image\/","url":"https:\/\/etoxproject.eu\/wp-content\/uploads\/2024\/12\/etoxproject.png","contentUrl":"https:\/\/etoxproject.eu\/wp-content\/uploads\/2024\/12\/etoxproject.png","width":315,"height":69,"caption":"etoxproject.eu"},"image":{"@id":"https:\/\/etoxproject.eu\/ro\/#\/schema\/logo\/image\/"}}]}},"_links":{"self":[{"href":"https:\/\/etoxproject.eu\/ro\/wp-json\/wp\/v2\/product\/1892","targetHints":{"allow":["GET"]}}],"collection":[{"href":"https:\/\/etoxproject.eu\/ro\/wp-json\/wp\/v2\/product"}],"about":[{"href":"https:\/\/etoxproject.eu\/ro\/wp-json\/wp\/v2\/types\/product"}],"replies":[{"embeddable":true,"href":"https:\/\/etoxproject.eu\/ro\/wp-json\/wp\/v2\/comments?post=1892"}],"wp:featuredmedia":[{"embeddable":true,"href":"https:\/\/etoxproject.eu\/ro\/wp-json\/wp\/v2\/media\/1893"}],"wp:attachment":[{"href":"https:\/\/etoxproject.eu\/ro\/wp-json\/wp\/v2\/media?parent=1892"}],"wp:term":[{"taxonomy":"product_brand","embeddable":true,"href":"https:\/\/etoxproject.eu\/ro\/wp-json\/wp\/v2\/product_brand?post=1892"},{"taxonomy":"product_cat","embeddable":true,"href":"https:\/\/etoxproject.eu\/ro\/wp-json\/wp\/v2\/product_cat?post=1892"},{"taxonomy":"product_tag","embeddable":true,"href":"https:\/\/etoxproject.eu\/ro\/wp-json\/wp\/v2\/product_tag?post=1892"}],"curies":[{"name":"wp","href":"https:\/\/api.w.org\/{rel}","templated":true}]}}