{"id":2012,"date":"2025-01-05T14:12:03","date_gmt":"2025-01-06T10:06:08","guid":{"rendered":"https:\/\/etoxproject.eu\/?post_type=product&#038;p=2012"},"modified":"2025-01-06T11:06:08","modified_gmt":"2025-01-06T10:06:08","slug":"hypnozio-app","status":"publish","type":"product","link":"https:\/\/etoxproject.eu\/ro\/produs\/hypnozio-app\/","title":{"rendered":"Hypnozio App"},"content":{"rendered":"<p>Intersec\u021bia dintre tehnologie \u0219i s\u0103n\u0103tatea mintal\u0103 a creat oportunit\u0103\u021bi pentru abord\u0103ri inovatoare ale gestion\u0103rii stresului, \u00eembun\u0103t\u0103\u021birii somnului \u0219i aten\u021biei. Printre astfel de instrumente, Hypnozio a ap\u0103rut ca o aplica\u021bie conceput\u0103 pentru a facilita practicile de hipnoz\u0103, medita\u021bie \u0219i mindfulness. Aceast\u0103 revizuire evalueaz\u0103 \u00een mod critic Hypnozio dintr-o perspectiv\u0103 \u0219tiin\u021bific\u0103, examin\u00e2nd caracteristicile, func\u021bionalitatea, fundamentul teoretic \u0219i sprijinul empiric.<\/p>\n<ul>\n<li><span style=\"color: #339966; \u201e&gt;&lt;strong&gt;aplica\u021bie de hipnoz\u0103 pentru &lt;span style=\u201dtext-decoration: underline;\">pierderea \u00een greutate<\/span><\/li>\n<li><span style=\"color: #339966; \u201e&gt;&lt;strong&gt;aplica\u021bie de hipnoz\u0103 pentru &lt;span style=\u201dtext-decoration: underline;\">somn<\/span><\/li>\n<li><span style=\"color: #339966; \u201e&gt;&lt;strong&gt;aplica\u021bie de hipnoz\u0103 pentru &lt;span style=\u201dtext-decoration: underline;\">Confidence<\/span><\/li>\n<li><a href=\"https:\/\/get-hypnozio.com\/landing-wl?l=ro&amp;vndr=evf&amp;evf=1&amp;uid=6169&amp;offid=55&amp;affiliate_id=792&amp;source_id=etox-ro\" target=\"_blank\" rel=\"nofollow noopener\">Click aici pentru a afla mai multe<\/a><\/li>\n<\/ul>\n<h2>Hypnozio Recenzie<\/h2>\n<p>Hypnozio sus\u021bine c\u0103 valorific\u0103 principiile hipnozei \u0219i mindfulness pentru a spori bun\u0103starea mental\u0103. Aplica\u021bia include caracteristici precum:<\/p>\n<ul>\n<li><strong>Sesiuni de hipnoz\u0103 ghidate<\/strong>: Adaptate pentru reducerea stresului, construirea \u00eencrederii \u0219i formarea obiceiurilor.<\/li>\n<li><strong>Pistele de medita\u021bie<\/strong>: Axate pe mindfulness \u0219i relaxare.<\/li>\n<li><strong>Sleep Support<\/strong>: B\u0103t\u0103i binaurale \u0219i povestiri concepute pentru a \u00eembun\u0103t\u0103\u021bi calitatea somnului.<\/li>\n<li><strong>Personalizare<\/strong>: Recomand\u0103ri de sesiuni conduse de AI bazate pe preferin\u021bele \u0219i feedback-ul utilizatorului.<\/li>\n<\/ul>\n<h2>Funda\u021bie \u0219tiin\u021bific\u0103 (Hypnozio App Reviews)<\/h2>\n<h4>Hipnoza \u0219i mecanismele sale<\/h4>\n<p>Hipnoza este o stare de aten\u021bie concentrat\u0103 \u0219i sugestibilitate crescut\u0103, adesea utilizat\u0103 \u00een scop terapeutic pentru afec\u021biuni precum durerea cronic\u0103, anxietatea \u0219i insomnia. Aceasta func\u021bioneaz\u0103 prin mecanisme precum:<\/p>\n<ul>\n<li><strong>R\u0103spuns de relaxare<\/strong>: Hipnoza activeaz\u0103 sistemul nervos parasimpatic, reduc\u00e2nd excita\u021bia fiziologic\u0103 legat\u0103 de stres.<\/li>\n<li><strong>Neuroplasticitate<\/strong>: Studiile sugereaz\u0103 c\u0103 hipnoza poate spori c\u0103ile neuronale asociate comportamentelor sau st\u0103rilor mentale dorite.<\/li>\n<li><strong>Cognitive Reframing<\/strong>: Sugestiile hipnotice ajut\u0103 la re\u00eencadrarea g\u00e2ndurilor negative \u0219i la \u00eembun\u0103t\u0103\u021birea mecanismelor de coping.<\/li>\n<\/ul>\n<h4>Mindfulness \u0219i medita\u021bie<\/h4>\n<p>Mindfulness \u00ee\u0219i are r\u0103d\u0103cinile \u00een vechile tradi\u021bii contemplative \u0219i implic\u0103 acordarea aten\u021biei la momentul prezent f\u0103r\u0103 a judeca. S-a demonstrat c\u0103:<\/p>\n<ul>\n<li>Reduce simptomele de anxietate \u0219i depresie (Khoury et al., 2015).<\/li>\n<li>\u00cembun\u0103t\u0103\u021birea concentr\u0103rii \u0219i a flexibilit\u0103\u021bii cognitive.<\/li>\n<li>\u00cembun\u0103t\u0103\u021birea regl\u0103rii emo\u021bionale prin activarea cortexului prefrontal.<\/li>\n<\/ul>\n<p>Hypnozio integreaz\u0103 aceste principii, cu scopul de a oferi utilizatorilor experien\u021be structurate, ghidate, care sunt accesibile \u0219i bazate pe dovezi.<\/p>\n<h2>Hypnozio App pentru pierderea \u00een greutate, somn, depresie \u0219i altele<\/h2>\n<h4>Aplica\u021bie de hipnoz\u0103 pentru pierderea \u00een greutate<\/h4>\n<p>Hypnozio ofer\u0103 o gam\u0103 de sesiuni de hipnoz\u0103 ghidate, clasificate pe teme precum reducerea stresului, \u00eencrederea \u00een sine \u0219i renun\u021barea la fumat. Aceste sesiuni:<\/p>\n<ul>\n<li>Utiliza\u021bi voice-over-uri calmante cu scripturi fundamentate \u00een modele de limbaj hipnotic (de exemplu, modelul Milton).<\/li>\n<li>Empleta\u021bi peisaje sonore de fundal pentru a facilita imersiunea \u0219i relaxarea.<\/li>\n<li>Include tehnici de relaxare progresiv\u0103 pentru a induce o stare de trans\u0103.<\/li>\n<\/ul>\n<h4>Piste de medita\u021bie \u0219i mindfulness<\/h4>\n<p>Sec\u021biunea de medita\u021bie ofer\u0103 piste variate, inclusiv scan\u0103ri corporale, exerci\u021bii de respira\u021bie \u0219i vizualiz\u0103ri con\u0219tiente. Sesiunile includ:<\/p>\n<ul>\n<li><strong>Dificultate adaptiv\u0103<\/strong>: Piesele variaz\u0103 \u00een lungime \u0219i complexitate, adres\u00e2ndu-se at\u00e2t \u00eencep\u0103torilor, c\u00e2t \u0219i meditatorilor experimenta\u021bi.<\/li>\n<li><strong>Binaural Beats<\/strong>: Frecven\u021bele specifice sunt \u00eencorporate pentru a promova activitatea undelor cerebrale theta, asociat\u0103 cu relaxarea profund\u0103.<\/li>\n<\/ul>\n<h4>Func\u021bii de asisten\u021b\u0103 pentru somn<\/h4>\n<p>Suportul pentru somn Hypnozio include pove\u0219ti \u00eenainte de culcare, zgomot alb \u0219i b\u0103t\u0103i binaurale concepute pentru:<\/p>\n<ul>\n<li>Scurtarea laten\u021bei de debut a somnului.<\/li>\n<li>\u00cembun\u0103t\u0103\u021birea calit\u0103\u021bii somnului prin favorizarea unei st\u0103ri de relaxare \u00eenainte de somn.<\/li>\n<li>Aplic\u0103 tulbur\u0103rile comune de somn, cum ar fi insomnia.<\/li>\n<\/ul>\n<h4>Personalizare bazat\u0103 pe AI<\/h4>\n<p>O caracteristic\u0103 remarcabil\u0103 este sistemul AI al aplica\u021biei, care analizeaz\u0103 comportamentul \u0219i feedback-ul utilizatorului pentru a:<\/p>\n<ul>\n<li>Sugera sesiuni aliniate cu obiectivele utilizatorului (de exemplu, reducerea anxiet\u0103\u021bii).<\/li>\n<li>Adaptarea con\u021binutului sesiunii \u00een timp pentru o implicare continu\u0103.<\/li>\n<\/ul>\n<h2>Eviden\u021be empirice<\/h2>\n<h4>Studii privind hipnoza<\/h4>\n<ol>\n<li><strong>Stres \u0219i anxietate<\/strong>: O meta-analiz\u0103 realizat\u0103 de Hammond (2010) a demonstrat c\u0103 hipnoza reduce \u00een mod eficient anxietatea \u0219i condi\u021biile legate de stres.<\/li>\n<li><strong>Calitatea somnului<\/strong>: S-a demonstrat c\u0103 hipnoterapia \u00eembun\u0103t\u0103\u021be\u0219te parametrii somnului la persoanele cu insomnie (Cordi et al., 2014).<\/li>\n<\/ol>\n<h4>Eviden\u021be pentru medita\u021bie<\/h4>\n<p>Interven\u021biile bazate pe mindfulness au un suport empiric robust:<\/p>\n<ul>\n<li><strong>S\u0103n\u0103tate mental\u0103<\/strong>: Revizuirile sistematice indic\u0103 reduceri semnificative ale anxiet\u0103\u021bii \u0219i depresiei (Goyal et al., 2014).<\/li>\n<li><strong>Beneficii cognitive<\/strong>: Medita\u021bia pe termen lung \u00eembun\u0103t\u0103\u021be\u0219te aten\u021bia \u0219i memoria de lucru (Zeidan \u0219i colab., 2010).<\/li>\n<\/ul>\n<h4>Aplicarea la hipnoz\u0103<\/h4>\n<p>De\u0219i niciun studiu revizuit de colegi nu a examinat \u00een mod specific Hypnozio, \u00eencrederea sa \u00een tehnicile bazate pe dovezi sugereaz\u0103 o baz\u0103 teoretic\u0103 solid\u0103. Cu toate acestea, este necesar\u0103 o cercetare mai riguroas\u0103, specific\u0103 aplica\u021biei, pentru a valida eficacitatea acesteia.<\/p>\n<h2>Limit\u0103ri poten\u021biale<\/h2>\n<h4>Generalizarea hipnozei<\/h4>\n<p>Hipnoza este foarte individualizat\u0103. Unii utilizatori pot s\u0103 nu fie foarte influen\u021babili, ceea ce ar putea limita eficacitatea aplica\u021biei. Screening-ul pentru hipnotizabilitate ar putea \u00eembun\u0103t\u0103\u021bi rezultatele personalizate.<\/p>\n<h4>Excesiv\u0103 dependen\u021b\u0103 de tehnologie<\/h4>\n<p>De\u0219i Hypnozio ofer\u0103 confort, aceasta risc\u0103 s\u0103 promoveze dependen\u021ba excesiv\u0103 de instrumentele digitale pentru s\u0103n\u0103tatea mintal\u0103. Terapia complementar\u0103 \u00een persoan\u0103 ar putea fi necesar\u0103 pentru afec\u021biunile grave.<\/p>\n<h4>Absen\u021ba datelor longitudinale<\/h4>\n<p>Impactul pe termen lung al aplica\u021biei asupra rezultatelor \u00een materie de s\u0103n\u0103tate mintal\u0103 nu a fost studiat. Studiile longitudinale sunt esen\u021biale pentru determinarea eficacit\u0103\u021bii sus\u021binute.<\/p>\n<h2>Compar\u0103ri cu concuren\u021bii<\/h2>\n<p>Hypnozio concureaz\u0103 cu aplica\u021bii precum Calm, Headspace \u0219i Sleep Cycle. Punctele unice de v\u00e2nzare includ:<\/p>\n<ul>\n<li><strong>Hypnosis Focus<\/strong>: Spre deosebire de concuren\u021bi, Hypnozio prioritizeaz\u0103 hipnoza al\u0103turi de mindfulness.<\/li>\n<li><strong>AI Personalization<\/strong>: Recomand\u0103rile bazate pe AI ale lui Hypnozio ofer\u0103 o experien\u021b\u0103 personalizat\u0103 utilizatorului.<\/li>\n<li>Happyo<\/li>\n<\/ul>\n<p>Cu toate acestea, concuren\u021bii au adesea baze de utilizatori mai mari \u0219i parteneriate de cercetare mai bine stabilite.<\/p>\n<h3>Reac\u021biile utilizatorilor<\/h3>\n<p>Comentariile utilizatorilor eviden\u021biaz\u0103 puncte forte precum:<\/p>\n<ul>\n<li>\u00cembun\u0103t\u0103\u021birea calit\u0103\u021bii somnului \u00een c\u00e2teva s\u0103pt\u0103m\u00e2ni de utilizare.<\/li>\n<li>Reducerea nivelului de anxietate dup\u0103 sesiuni regulate.<\/li>\n<li>Interfa\u021b\u0103 intuitiv\u0103 \u0219i design atr\u0103g\u0103tor.<\/li>\n<\/ul>\n<p>Criticile includ defec\u021biuni tehnice ocazionale \u0219i con\u021binut gratuit limitat. Utilizatorii solicit\u0103, de asemenea, caracteristici precum desc\u0103rc\u0103ri offline \u0219i op\u021biuni de personalizare mai profunde.<\/p>\n<h2>Consider\u0103ri etice<\/h2>\n<h4>Confiden\u021bialitatea datelor<\/h4>\n<p>Hypnozio colecteaz\u0103 date sensibile pentru a optimiza experien\u021ba utilizatorului. Politicile transparente de gestionare a datelor \u0219i criptarea robust\u0103 sunt esen\u021biale pentru a men\u021bine \u00eencrederea utilizatorilor.<\/p>\n<h4>Accesibilitate<\/h4>\n<p>Asigurarea accesibilit\u0103\u021bii \u0219i a incluziunii lingvistice va l\u0103rgi aria de acoperire a aplica\u021biei. \u00cen prezent, caracteristicile premium pot fi prohibitive din punct de vedere al costurilor pentru unii utilizatori.<\/p>\n<h4>Afirma\u021bii bazate pe dovezi<\/h4>\n<p>Afirma\u021biile de marketing ar trebui s\u0103 se alinieze la dovezile \u0219tiin\u021bifice pentru a evita inducerea \u00een eroare a utilizatorilor. Materialele promo\u021bionale ale Hypnozio pun accentul pe suportul empiric, dar sunt recomandabile avertismente mai clare cu privire la variabilitatea individual\u0103.<\/p>\n<h2>Recomand\u0103ri de \u00eembun\u0103t\u0103\u021bire<\/h2>\n<ol>\n<li><strong>Parteneriate de cercetare \u00eembun\u0103t\u0103\u021bite<\/strong>: Colabora\u021bi cu institu\u021biile academice pentru evalu\u0103ri riguroase.<\/li>\n<li><strong>Broader Content Library<\/strong>: Extinde\u021bi piesele pentru diverse audien\u021be culturale \u0219i lingvistice.<\/li>\n<li><strong>Personalizare \u00eembun\u0103t\u0103\u021bit\u0103<\/strong>: Permite\u021bi utilizatorilor s\u0103 adapteze durata sesiunii, vocea \u0219i sunetele de fundal.<\/li>\n<li><strong>Offline Access<\/strong>: Activa\u021bi desc\u0103rc\u0103rile pentru utilizarea ne\u00eentrerupt\u0103 \u00een zonele cu conectivitate redus\u0103.<\/li>\n<\/ol>\n<h3>Concluzie<\/h3>\n<p>Hypnozio se afl\u0103 \u00een fruntea instrumentelor de s\u0103n\u0103tate mintal\u0103 bazate pe tehnologie, oferind un amestec inovator de hipnoz\u0103, medita\u021bie \u0219i personalizare AI. De\u0219i caracteristicile sale sunt fundamentate pe principii \u0219tiin\u021bifice solide, aplica\u021bia ar beneficia de o validare empiric\u0103 suplimentar\u0103 \u0219i de o accesibilitate sporit\u0103. Pentru utilizatorii care caut\u0103 o abordare convenabil\u0103, bazat\u0103 pe dovezi, pentru reducerea stresului \u0219i \u00eembun\u0103t\u0103\u021birea somnului, Hypnozio ofer\u0103 promisiuni semnificative.<\/p>\n","protected":false},"excerpt":{"rendered":"<p>Intersec\u021bia dintre tehnologie \u0219i s\u0103n\u0103tatea mintal\u0103 a creat oportunit\u0103\u021bi pentru abord\u0103ri inovatoare ale gestion\u0103rii stresului, \u00eembun\u0103t\u0103\u021birii somnului \u0219i aten\u021biei. Printre astfel de instrumente, Hypnozio a ap\u0103rut ca o aplica\u021bie conceput\u0103 pentru a facilita practicile de hipnoz\u0103, medita\u021bie \u0219i mindfulness. Aceast\u0103 revizuire evalueaz\u0103 \u00een mod critic Hypnozio dintr-o perspectiv\u0103 \u0219tiin\u021bific\u0103, examin\u00e2nd caracteristicile, func\u021bionalitatea, fundamentul teoretic \u0219i &#8230; <a title=\"Hypnozio App\" class=\"read-more\" href=\"https:\/\/etoxproject.eu\/ro\/produs\/hypnozio-app\/\" aria-label=\"More on Hypnozio App\">Read more<\/a><\/p>\n","protected":false},"featured_media":1940,"comment_status":"open","ping_status":"closed","template":"","meta":[],"product_brand":[],"product_cat":[],"product_tag":[],"class_list":{"0":"post-2012","1":"product","2":"type-product","3":"status-publish","4":"has-post-thumbnail","7":"first","8":"instock","9":"shipping-taxable","10":"product-type-external"},"yoast_head":"<!-- This site is optimized with the Yoast SEO plugin v27.5 - https:\/\/yoast.com\/product\/yoast-seo-wordpress\/ -->\n<title>Hypnozio App \u2733\ufe0f 75% reducere la pre\u021b<\/title>\n<meta name=\"robots\" content=\"index, follow, max-snippet:-1, max-image-preview:large, max-video-preview:-1\" \/>\n<link rel=\"canonical\" href=\"https:\/\/etoxproject.eu\/ro\/produs\/hypnozio-app\/\" \/>\n<meta property=\"og:locale\" content=\"ro_RO\" \/>\n<meta property=\"og:type\" content=\"article\" \/>\n<meta property=\"og:title\" content=\"Hypnozio App \u2733\ufe0f 75% reducere la pre\u021b\" \/>\n<meta property=\"og:description\" content=\"Intersec\u021bia dintre tehnologie \u0219i s\u0103n\u0103tatea mintal\u0103 a creat oportunit\u0103\u021bi pentru abord\u0103ri inovatoare ale gestion\u0103rii stresului, \u00eembun\u0103t\u0103\u021birii somnului \u0219i aten\u021biei. Printre astfel de instrumente, Hypnozio a ap\u0103rut ca o aplica\u021bie conceput\u0103 pentru a facilita practicile de hipnoz\u0103, medita\u021bie \u0219i mindfulness. Aceast\u0103 revizuire evalueaz\u0103 \u00een mod critic Hypnozio dintr-o perspectiv\u0103 \u0219tiin\u021bific\u0103, examin\u00e2nd caracteristicile, func\u021bionalitatea, fundamentul teoretic \u0219i ... Read more\" \/>\n<meta property=\"og:url\" content=\"https:\/\/etoxproject.eu\/ro\/produs\/hypnozio-app\/\" \/>\n<meta property=\"og:site_name\" content=\"etoxproject.eu\" \/>\n<meta property=\"og:image\" content=\"https:\/\/etoxproject.eu\/wp-content\/uploads\/2025\/01\/hypnozio-app.jpg\" \/>\n\t<meta property=\"og:image:width\" content=\"800\" \/>\n\t<meta property=\"og:image:height\" content=\"694\" \/>\n\t<meta property=\"og:image:type\" content=\"image\/jpeg\" \/>\n<meta name=\"twitter:card\" content=\"summary_large_image\" \/>\n<meta name=\"twitter:label1\" content=\"Timp estimat pentru citire\" \/>\n\t<meta name=\"twitter:data1\" content=\"6 minute\" \/>\n<script type=\"application\/ld+json\" class=\"yoast-schema-graph\">{\"@context\":\"https:\\\/\\\/schema.org\",\"@graph\":[{\"@type\":\"WebPage\",\"@id\":\"https:\\\/\\\/etoxproject.eu\\\/ro\\\/produs\\\/hypnozio-app\\\/\",\"url\":\"https:\\\/\\\/etoxproject.eu\\\/ro\\\/produs\\\/hypnozio-app\\\/\",\"name\":\"Hypnozio App \u2733\ufe0f 75% reducere la pre\u021b\",\"isPartOf\":{\"@id\":\"https:\\\/\\\/etoxproject.eu\\\/ro\\\/#website\"},\"primaryImageOfPage\":{\"@id\":\"https:\\\/\\\/etoxproject.eu\\\/ro\\\/produs\\\/hypnozio-app\\\/#primaryimage\"},\"image\":{\"@id\":\"https:\\\/\\\/etoxproject.eu\\\/ro\\\/produs\\\/hypnozio-app\\\/#primaryimage\"},\"thumbnailUrl\":\"https:\\\/\\\/etoxproject.eu\\\/wp-content\\\/uploads\\\/2025\\\/01\\\/hypnozio-app.jpg\",\"datePublished\":\"2025-01-06T10:06:08+00:00\",\"breadcrumb\":{\"@id\":\"https:\\\/\\\/etoxproject.eu\\\/ro\\\/produs\\\/hypnozio-app\\\/#breadcrumb\"},\"inLanguage\":\"ro-RO\",\"potentialAction\":[{\"@type\":\"ReadAction\",\"target\":[\"https:\\\/\\\/etoxproject.eu\\\/ro\\\/produs\\\/hypnozio-app\\\/\"]}]},{\"@type\":\"ImageObject\",\"inLanguage\":\"ro-RO\",\"@id\":\"https:\\\/\\\/etoxproject.eu\\\/ro\\\/produs\\\/hypnozio-app\\\/#primaryimage\",\"url\":\"https:\\\/\\\/etoxproject.eu\\\/wp-content\\\/uploads\\\/2025\\\/01\\\/hypnozio-app.jpg\",\"contentUrl\":\"https:\\\/\\\/etoxproject.eu\\\/wp-content\\\/uploads\\\/2025\\\/01\\\/hypnozio-app.jpg\",\"width\":800,\"height\":694,\"caption\":\"hypnozio app\"},{\"@type\":\"BreadcrumbList\",\"@id\":\"https:\\\/\\\/etoxproject.eu\\\/ro\\\/produs\\\/hypnozio-app\\\/#breadcrumb\",\"itemListElement\":[{\"@type\":\"ListItem\",\"position\":1,\"name\":\"Startseite\",\"item\":\"https:\\\/\\\/etoxproject.eu\\\/ro\\\/\"},{\"@type\":\"ListItem\",\"position\":2,\"name\":\"Shop\",\"item\":\"https:\\\/\\\/etoxproject.eu\\\/shop\\\/\"},{\"@type\":\"ListItem\",\"position\":3,\"name\":\"Hypnozio App\"}]},{\"@type\":\"WebSite\",\"@id\":\"https:\\\/\\\/etoxproject.eu\\\/ro\\\/#website\",\"url\":\"https:\\\/\\\/etoxproject.eu\\\/ro\\\/\",\"name\":\"etoxproject.eu\",\"description\":\"\",\"publisher\":{\"@id\":\"https:\\\/\\\/etoxproject.eu\\\/ro\\\/#organization\"},\"potentialAction\":[{\"@type\":\"SearchAction\",\"target\":{\"@type\":\"EntryPoint\",\"urlTemplate\":\"https:\\\/\\\/etoxproject.eu\\\/ro\\\/?s={search_term_string}\"},\"query-input\":{\"@type\":\"PropertyValueSpecification\",\"valueRequired\":true,\"valueName\":\"search_term_string\"}}],\"inLanguage\":\"ro-RO\"},{\"@type\":\"Organization\",\"@id\":\"https:\\\/\\\/etoxproject.eu\\\/ro\\\/#organization\",\"name\":\"etoxproject.eu\",\"url\":\"https:\\\/\\\/etoxproject.eu\\\/ro\\\/\",\"logo\":{\"@type\":\"ImageObject\",\"inLanguage\":\"ro-RO\",\"@id\":\"https:\\\/\\\/etoxproject.eu\\\/ro\\\/#\\\/schema\\\/logo\\\/image\\\/\",\"url\":\"https:\\\/\\\/etoxproject.eu\\\/wp-content\\\/uploads\\\/2024\\\/12\\\/etoxproject.png\",\"contentUrl\":\"https:\\\/\\\/etoxproject.eu\\\/wp-content\\\/uploads\\\/2024\\\/12\\\/etoxproject.png\",\"width\":315,\"height\":69,\"caption\":\"etoxproject.eu\"},\"image\":{\"@id\":\"https:\\\/\\\/etoxproject.eu\\\/ro\\\/#\\\/schema\\\/logo\\\/image\\\/\"}}]}<\/script>\n<!-- \/ Yoast SEO plugin. -->","yoast_head_json":{"title":"Hypnozio App \u2733\ufe0f 75% reducere la pre\u021b","robots":{"index":"index","follow":"follow","max-snippet":"max-snippet:-1","max-image-preview":"max-image-preview:large","max-video-preview":"max-video-preview:-1"},"canonical":"https:\/\/etoxproject.eu\/ro\/produs\/hypnozio-app\/","og_locale":"ro_RO","og_type":"article","og_title":"Hypnozio App \u2733\ufe0f 75% reducere la pre\u021b","og_description":"Intersec\u021bia dintre tehnologie \u0219i s\u0103n\u0103tatea mintal\u0103 a creat oportunit\u0103\u021bi pentru abord\u0103ri inovatoare ale gestion\u0103rii stresului, \u00eembun\u0103t\u0103\u021birii somnului \u0219i aten\u021biei. Printre astfel de instrumente, Hypnozio a ap\u0103rut ca o aplica\u021bie conceput\u0103 pentru a facilita practicile de hipnoz\u0103, medita\u021bie \u0219i mindfulness. Aceast\u0103 revizuire evalueaz\u0103 \u00een mod critic Hypnozio dintr-o perspectiv\u0103 \u0219tiin\u021bific\u0103, examin\u00e2nd caracteristicile, func\u021bionalitatea, fundamentul teoretic \u0219i ... Read more","og_url":"https:\/\/etoxproject.eu\/ro\/produs\/hypnozio-app\/","og_site_name":"etoxproject.eu","og_image":[{"width":800,"height":694,"url":"https:\/\/etoxproject.eu\/wp-content\/uploads\/2025\/01\/hypnozio-app.jpg","type":"image\/jpeg"}],"twitter_card":"summary_large_image","twitter_misc":{"Timp estimat pentru citire":"6 minute"},"schema":{"@context":"https:\/\/schema.org","@graph":[{"@type":"WebPage","@id":"https:\/\/etoxproject.eu\/ro\/produs\/hypnozio-app\/","url":"https:\/\/etoxproject.eu\/ro\/produs\/hypnozio-app\/","name":"Hypnozio App \u2733\ufe0f 75% reducere la pre\u021b","isPartOf":{"@id":"https:\/\/etoxproject.eu\/ro\/#website"},"primaryImageOfPage":{"@id":"https:\/\/etoxproject.eu\/ro\/produs\/hypnozio-app\/#primaryimage"},"image":{"@id":"https:\/\/etoxproject.eu\/ro\/produs\/hypnozio-app\/#primaryimage"},"thumbnailUrl":"https:\/\/etoxproject.eu\/wp-content\/uploads\/2025\/01\/hypnozio-app.jpg","datePublished":"2025-01-06T10:06:08+00:00","breadcrumb":{"@id":"https:\/\/etoxproject.eu\/ro\/produs\/hypnozio-app\/#breadcrumb"},"inLanguage":"ro-RO","potentialAction":[{"@type":"ReadAction","target":["https:\/\/etoxproject.eu\/ro\/produs\/hypnozio-app\/"]}]},{"@type":"ImageObject","inLanguage":"ro-RO","@id":"https:\/\/etoxproject.eu\/ro\/produs\/hypnozio-app\/#primaryimage","url":"https:\/\/etoxproject.eu\/wp-content\/uploads\/2025\/01\/hypnozio-app.jpg","contentUrl":"https:\/\/etoxproject.eu\/wp-content\/uploads\/2025\/01\/hypnozio-app.jpg","width":800,"height":694,"caption":"hypnozio app"},{"@type":"BreadcrumbList","@id":"https:\/\/etoxproject.eu\/ro\/produs\/hypnozio-app\/#breadcrumb","itemListElement":[{"@type":"ListItem","position":1,"name":"Startseite","item":"https:\/\/etoxproject.eu\/ro\/"},{"@type":"ListItem","position":2,"name":"Shop","item":"https:\/\/etoxproject.eu\/shop\/"},{"@type":"ListItem","position":3,"name":"Hypnozio App"}]},{"@type":"WebSite","@id":"https:\/\/etoxproject.eu\/ro\/#website","url":"https:\/\/etoxproject.eu\/ro\/","name":"etoxproject.eu","description":"","publisher":{"@id":"https:\/\/etoxproject.eu\/ro\/#organization"},"potentialAction":[{"@type":"SearchAction","target":{"@type":"EntryPoint","urlTemplate":"https:\/\/etoxproject.eu\/ro\/?s={search_term_string}"},"query-input":{"@type":"PropertyValueSpecification","valueRequired":true,"valueName":"search_term_string"}}],"inLanguage":"ro-RO"},{"@type":"Organization","@id":"https:\/\/etoxproject.eu\/ro\/#organization","name":"etoxproject.eu","url":"https:\/\/etoxproject.eu\/ro\/","logo":{"@type":"ImageObject","inLanguage":"ro-RO","@id":"https:\/\/etoxproject.eu\/ro\/#\/schema\/logo\/image\/","url":"https:\/\/etoxproject.eu\/wp-content\/uploads\/2024\/12\/etoxproject.png","contentUrl":"https:\/\/etoxproject.eu\/wp-content\/uploads\/2024\/12\/etoxproject.png","width":315,"height":69,"caption":"etoxproject.eu"},"image":{"@id":"https:\/\/etoxproject.eu\/ro\/#\/schema\/logo\/image\/"}}]}},"_links":{"self":[{"href":"https:\/\/etoxproject.eu\/ro\/wp-json\/wp\/v2\/product\/2012","targetHints":{"allow":["GET"]}}],"collection":[{"href":"https:\/\/etoxproject.eu\/ro\/wp-json\/wp\/v2\/product"}],"about":[{"href":"https:\/\/etoxproject.eu\/ro\/wp-json\/wp\/v2\/types\/product"}],"replies":[{"embeddable":true,"href":"https:\/\/etoxproject.eu\/ro\/wp-json\/wp\/v2\/comments?post=2012"}],"wp:featuredmedia":[{"embeddable":true,"href":"https:\/\/etoxproject.eu\/ro\/wp-json\/wp\/v2\/media\/1940"}],"wp:attachment":[{"href":"https:\/\/etoxproject.eu\/ro\/wp-json\/wp\/v2\/media?parent=2012"}],"wp:term":[{"taxonomy":"product_brand","embeddable":true,"href":"https:\/\/etoxproject.eu\/ro\/wp-json\/wp\/v2\/product_brand?post=2012"},{"taxonomy":"product_cat","embeddable":true,"href":"https:\/\/etoxproject.eu\/ro\/wp-json\/wp\/v2\/product_cat?post=2012"},{"taxonomy":"product_tag","embeddable":true,"href":"https:\/\/etoxproject.eu\/ro\/wp-json\/wp\/v2\/product_tag?post=2012"}],"curies":[{"name":"wp","href":"https:\/\/api.w.org\/{rel}","templated":true}]}}