{"id":1641,"date":"2024-11-12T10:42:38","date_gmt":"2024-12-21T07:21:29","guid":{"rendered":"https:\/\/etoxproject.eu\/?post_type=product&#038;p=1641"},"modified":"2024-12-21T08:33:51","modified_gmt":"2024-12-21T07:33:51","slug":"d-bal","status":"publish","type":"product","link":"https:\/\/etoxproject.eu\/sv\/produkt\/d-bal\/","title":{"rendered":"D-Bal"},"content":{"rendered":"<h2>En detaljerad genomg\u00e5ng av D-Bal: Muskelbyggnadstillskottet i fokus<\/h2>\n<p>I v\u00e4rlden av muskelbyggnadstillskott finns det m\u00e5nga produkter som lovar att f\u00f6rb\u00e4ttra atletisk prestanda. En av dessa produkter \u00e4r <strong> D-Bal Crazy Bulk<\/strong>, ett kosttillskott som annonseras som ett alternativ till den v\u00e4lk\u00e4nda steroiden Dianabol. I den h\u00e4r \u00f6versynen kommer vi att titta n\u00e4rmare p\u00e5 D-Bal och analysera dess egenskaper, ingredienser och anv\u00e4ndarnas erfarenheter.<\/p>\n<h2>Vad \u00e4r D-Bal<\/h2>\n<p>D-Bal \u00e4r ett lagligt kosttillskott som \u00e4r utformat f\u00f6r att replikera f\u00f6rdelarna med den anabola steroiden Dianabol utan dess negativa biverkningar. Det \u00e4r speciellt utformat f\u00f6r idrottare och kroppsbyggare som vill \u00f6ka sin muskelmassa och f\u00f6rb\u00e4ttra sin styrka.<\/p>\n<h3>Ingredienserna i D-Bal: Vetenskapligt belyst<\/h3>\n<p>Effektiviteten av ett kosttillskott beror till stor del p\u00e5 dess ingredienser. D-Bal inneh\u00e5ller en kombination av naturliga komponenter som fungerar synergistiskt f\u00f6r att fr\u00e4mja muskelutveckling. H\u00e4r \u00e4r n\u00e5gra av de viktigaste ingredienserna:<\/p>\n<ul>\n<li><strong>Leucin:<\/strong> Denna essentiella aminosyra \u00e4r en nyckelspelare i muskelproteinuppbyggnad. Studier visar att leucin kan \u00f6ka proteinsyntesen avsev\u00e4rt, vilket leder till snabbare muskel\u00e5terh\u00e4mtning och utveckling.<\/li>\n<li><strong>Isoleucin:<\/strong> En annan essentiell aminosyra som st\u00f6der energimetabolismen under tr\u00e4ning och \u00f6kar uth\u00e5lligheten.<\/li>\n<li><strong>Valin:<\/strong> Denna aminosyra \u00e4r viktig f\u00f6r muskel\u00e5terh\u00e4mtning och energiproduktion. Det hj\u00e4lper till att minska muskels\u00e5r och f\u00f6rb\u00e4ttra den totala prestandan.<\/li>\n<li><strong>Tribulus Terrestris:<\/strong> En v\u00e4xt som traditionellt anv\u00e4nds f\u00f6r att st\u00f6dja testosteronproduktionen. Vissa studier tyder p\u00e5 att den kan \u00f6ka muskelstyrkan.<\/li>\n<li><strong>Whey Proteinkoncentrat:<\/strong> En h\u00f6gkvalitativ proteink\u00e4lla som tillhandah\u00e5ller essentiella aminosyror f\u00f6r att st\u00f6dja muskeluppbyggnad.<\/li>\n<\/ul>\n<p>Dessa ingredienser har noggrant valts ut f\u00f6r att ge en synergistisk effekt som st\u00f6der muskeluppbyggnad och prestanda.<\/p>\n<h3>F\u00f6rdelarna med D-Bal vid en \u00f6verblick<\/h3>\n<p>.<\/p>\n<table>\n<thead>\n<tr>\n<th>F\u00f6rdel<\/th>\n<th>Beskrivning<\/th>\n<\/tr>\n<\/thead>\n<tbody>\n<tr>\n<td>\ud83c\udfcb\ufe0f\u200d\u2642\ufe0f \u00d6kad muskelutveckling<\/td>\n<td>D-Bal fr\u00e4mjar proteinsyntesen, vilket leder till snabbare och effektivare muskelutveckling. Den blandning av aminosyror som den inneh\u00e5ller st\u00f6der utveckling och reparation av muskelv\u00e4vnad.<\/td>\n<\/tr>\n<tr>\n<td>\u26a1 \u00d6kad styrka<\/td>\n<td>Ingredienser som leucin och tribulus terrestris bidrar till att \u00f6ka styrkan och uth\u00e5lligheten, vilket m\u00f6jligg\u00f6r mer intensiva och l\u00e4ngre tr\u00e4ningspass.<\/td>\n<\/tr>\n<tr>\n<td>\ud83d\udd0b F\u00f6rb\u00e4ttrad energi och uth\u00e5llighet<\/td>\n<td>D-Bal s\u00e4kerst\u00e4ller b\u00e4ttre energitillg\u00e5ng under tr\u00e4ningen, vilket \u00f6kar prestationen och f\u00f6rdr\u00f6jer tr\u00f6tthet<\/td>\n<\/tr>\n<tr>\n<td>\ud83d\udcaa Snabb \u00e5terh\u00e4mtning<\/td>\n<td>Tack vare de aminosyror som den inneh\u00e5ller p\u00e5skyndas muskel\u00e5terh\u00e4mtningen, vilket f\u00f6rkortar \u00e5terh\u00e4mtningstiden mellan tr\u00e4ningspassen.<\/td>\n<\/tr>\n<tr>\n<td>\ud83c\udf3f Naturliga ingredienser<\/td>\n<td>D-Bal anv\u00e4nder naturliga och lagliga ingredienser som inte har n\u00e5gra k\u00e4nda biverkningar, till skillnad fr\u00e5n olagliga steroider.<\/td>\n<\/tr>\n<\/tbody>\n<\/table>\n<h3>Pris och tillg\u00e4nglighet<\/h3>\n<p>Priset p\u00e5 D-Bal varierar beroende p\u00e5 leverant\u00f6r och kvantitet. J\u00e4mf\u00f6rt med olagliga anabola steroider och andra muskelbyggande kosttillskott \u00e4r D-Bal ett kostnadseffektivt alternativ. Det \u00e4r dock viktigt att notera att D-Bal \u00e4r <strong> inte <\/strong> tillg\u00e4ngligt fr\u00e5n stora \u00e5terf\u00f6rs\u00e4ljare som dm, Kaufland, Rossmann, Amazon eller Shop Apotheke. Ist\u00e4llet kan den endast k\u00f6pas via tillverkarens officiella webbplats.<\/p>\n<p>En annan punkt som intresserade b\u00f6r notera \u00e4r att D-Bal <strong>inte<\/strong> har testats av organisationer som Stiftung Warentest, konsumentr\u00e5dgivningen eller konsumentskyddsbyr\u00e5er. Detta betyder dock inte n\u00f6dv\u00e4ndigtvis att det \u00e4r ineffektivt eller os\u00e4kert, utan bara att det hittills inte har gjorts n\u00e5gra oberoende tester av dessa organisationer.<\/p>\n<h3>Erfarenheter och omd\u00f6men fr\u00e5n anv\u00e4ndare<\/h3>\n<p>M\u00e5nga anv\u00e4ndare rapporterar om positiva erfarenheter av D-Bal. Enligt vittnesm\u00e5l och recensioner p\u00e5 onlineforum och granskningsplattformar har anv\u00e4ndarna m\u00e4rkt en betydande f\u00f6rb\u00e4ttring av deras muskelmassa och styrka. N\u00e5gra av de ofta n\u00e4mnda f\u00f6rdelarna \u00e4r<\/p>\n<ul>\n<li><strong> Snabba resultat:<\/strong> M\u00e5nga anv\u00e4ndare rapporterar att de har gjort betydande framsteg inom n\u00e5gra veckor efter att ha tagit D-Bal.<\/li>\n<li><strong> Inga biverkningar:<\/strong> Till skillnad fr\u00e5n konventionella anabola steroider har de flesta anv\u00e4ndare inte upplevt n\u00e5gra negativa biverkningar.<\/li>\n<li><strong> L\u00e4tt att anv\u00e4nda:<\/strong> Att ta D-Bal beskrivs som enkelt eftersom det tas i kapselform och inte kr\u00e4ver komplicerad dosering.<\/li>\n<\/ul>\n<h3>Slutsats: V\u00e5r slutliga utv\u00e4rdering av D-Bal <strong>Crazy Bulk<\/strong><\/h3>\n<p>D-Bal \u00e4r ett intressant alternativ f\u00f6r alla som vill \u00f6ka sin muskelmassa och styrka utan att tillgripa olagliga eller riskabla \u00e4mnen. Kombinationen av naturliga ingredienser och positiv feedback fr\u00e5n anv\u00e4ndare g\u00f6r det till ett attraktivt val p\u00e5 marknaden f\u00f6r muskelbyggnadstillskott.<\/p>\n<p>\u00c4ven om D-Bal inte har testats av oberoende organisationer som Stiftung Warentest, talar de positiva vittnesm\u00e5len och vetenskapsbaserade ingredienserna f\u00f6r sig sj\u00e4lva. Om du letar efter en s\u00e4ker och effektiv muskelbyggnadsprodukt kan D-Bal vara v\u00e4rt att \u00f6verv\u00e4ga. Kom dock ih\u00e5g att individuella resultat kan variera och det \u00e4r alltid tillr\u00e5dligt att konsultera en l\u00e4kare eller nutritionist innan du tar ett nytt tillskott.<\/p>\n","protected":false},"excerpt":{"rendered":"<p>En detaljerad genomg\u00e5ng av D-Bal: Muskelbyggnadstillskottet i fokus I v\u00e4rlden av muskelbyggnadstillskott finns det m\u00e5nga produkter som lovar att f\u00f6rb\u00e4ttra atletisk prestanda. En av dessa produkter \u00e4r D-Bal Crazy Bulk, ett kosttillskott som annonseras som ett alternativ till den v\u00e4lk\u00e4nda steroiden Dianabol. I den h\u00e4r \u00f6versynen kommer vi att titta n\u00e4rmare p\u00e5 D-Bal och analysera &#8230; <a title=\"D-Bal\" class=\"read-more\" href=\"https:\/\/etoxproject.eu\/sv\/produkt\/d-bal\/\" aria-label=\"Mer p\u00e5 D-Bal\">L\u00e4s mer<\/a><\/p>\n","protected":false},"featured_media":1642,"comment_status":"open","ping_status":"closed","template":"","meta":[],"product_brand":[],"product_cat":[],"product_tag":[],"class_list":{"0":"post-1641","1":"product","2":"type-product","3":"status-publish","4":"has-post-thumbnail","7":"first","8":"instock","9":"sale","10":"shipping-taxable","11":"product-type-external"},"yoast_head":"<!-- This site is optimized with the Yoast SEO plugin v27.3 - https:\/\/yoast.com\/product\/yoast-seo-wordpress\/ -->\n<title>D-Bal \u2734\ufe0f K\u00f6p h\u00e4r med stor rabatt - Crazy Bulk<\/title>\n<meta name=\"robots\" content=\"index, follow, max-snippet:-1, max-image-preview:large, max-video-preview:-1\" \/>\n<link rel=\"canonical\" href=\"https:\/\/etoxproject.eu\/sv\/produkt\/d-bal\/\" \/>\n<meta property=\"og:locale\" content=\"sv_SE\" \/>\n<meta property=\"og:type\" content=\"article\" \/>\n<meta property=\"og:title\" content=\"D-Bal \u2734\ufe0f K\u00f6p h\u00e4r med stor rabatt - Crazy Bulk\" \/>\n<meta property=\"og:description\" content=\"En detaljerad genomg\u00e5ng av D-Bal: Muskelbyggnadstillskottet i fokus I v\u00e4rlden av muskelbyggnadstillskott finns det m\u00e5nga produkter som lovar att f\u00f6rb\u00e4ttra atletisk prestanda. En av dessa produkter \u00e4r D-Bal Crazy Bulk, ett kosttillskott som annonseras som ett alternativ till den v\u00e4lk\u00e4nda steroiden Dianabol. I den h\u00e4r \u00f6versynen kommer vi att titta n\u00e4rmare p\u00e5 D-Bal och analysera ... L\u00e4s mer\" \/>\n<meta property=\"og:url\" content=\"https:\/\/etoxproject.eu\/sv\/produkt\/d-bal\/\" \/>\n<meta property=\"og:site_name\" content=\"etoxproject.eu\" \/>\n<meta property=\"article:modified_time\" content=\"2024-12-21T07:33:51+00:00\" \/>\n<meta property=\"og:image\" content=\"https:\/\/etoxproject.eu\/wp-content\/uploads\/2024\/11\/D-Bal.jpg\" \/>\n\t<meta property=\"og:image:width\" content=\"750\" \/>\n\t<meta property=\"og:image:height\" content=\"750\" \/>\n\t<meta property=\"og:image:type\" content=\"image\/jpeg\" \/>\n<meta name=\"twitter:card\" content=\"summary_large_image\" \/>\n<meta name=\"twitter:label1\" content=\"Ber\u00e4knad l\u00e4stid\" \/>\n\t<meta name=\"twitter:data1\" content=\"4 minuter\" \/>\n<script type=\"application\/ld+json\" class=\"yoast-schema-graph\">{\"@context\":\"https:\\\/\\\/schema.org\",\"@graph\":[{\"@type\":\"WebPage\",\"@id\":\"https:\\\/\\\/etoxproject.eu\\\/sv\\\/produkt\\\/d-bal\\\/\",\"url\":\"https:\\\/\\\/etoxproject.eu\\\/sv\\\/produkt\\\/d-bal\\\/\",\"name\":\"D-Bal \u2734\ufe0f K\u00f6p h\u00e4r med stor rabatt - Crazy Bulk\",\"isPartOf\":{\"@id\":\"https:\\\/\\\/etoxproject.eu\\\/sv\\\/#website\"},\"primaryImageOfPage\":{\"@id\":\"https:\\\/\\\/etoxproject.eu\\\/sv\\\/produkt\\\/d-bal\\\/#primaryimage\"},\"image\":{\"@id\":\"https:\\\/\\\/etoxproject.eu\\\/sv\\\/produkt\\\/d-bal\\\/#primaryimage\"},\"thumbnailUrl\":\"https:\\\/\\\/etoxproject.eu\\\/wp-content\\\/uploads\\\/2024\\\/11\\\/D-Bal.jpg\",\"datePublished\":\"2024-12-21T07:21:29+00:00\",\"dateModified\":\"2024-12-21T07:33:51+00:00\",\"breadcrumb\":{\"@id\":\"https:\\\/\\\/etoxproject.eu\\\/sv\\\/produkt\\\/d-bal\\\/#breadcrumb\"},\"inLanguage\":\"sv-SE\",\"potentialAction\":[{\"@type\":\"ReadAction\",\"target\":[\"https:\\\/\\\/etoxproject.eu\\\/sv\\\/produkt\\\/d-bal\\\/\"]}]},{\"@type\":\"ImageObject\",\"inLanguage\":\"sv-SE\",\"@id\":\"https:\\\/\\\/etoxproject.eu\\\/sv\\\/produkt\\\/d-bal\\\/#primaryimage\",\"url\":\"https:\\\/\\\/etoxproject.eu\\\/wp-content\\\/uploads\\\/2024\\\/11\\\/D-Bal.jpg\",\"contentUrl\":\"https:\\\/\\\/etoxproject.eu\\\/wp-content\\\/uploads\\\/2024\\\/11\\\/D-Bal.jpg\",\"width\":750,\"height\":750},{\"@type\":\"BreadcrumbList\",\"@id\":\"https:\\\/\\\/etoxproject.eu\\\/sv\\\/produkt\\\/d-bal\\\/#breadcrumb\",\"itemListElement\":[{\"@type\":\"ListItem\",\"position\":1,\"name\":\"Startseite\",\"item\":\"https:\\\/\\\/etoxproject.eu\\\/sv\\\/\"},{\"@type\":\"ListItem\",\"position\":2,\"name\":\"Shop\",\"item\":\"https:\\\/\\\/etoxproject.eu\\\/shop\\\/\"},{\"@type\":\"ListItem\",\"position\":3,\"name\":\"D-Bal\"}]},{\"@type\":\"WebSite\",\"@id\":\"https:\\\/\\\/etoxproject.eu\\\/sv\\\/#website\",\"url\":\"https:\\\/\\\/etoxproject.eu\\\/sv\\\/\",\"name\":\"etoxproject.eu\",\"description\":\"\",\"publisher\":{\"@id\":\"https:\\\/\\\/etoxproject.eu\\\/sv\\\/#organization\"},\"potentialAction\":[{\"@type\":\"SearchAction\",\"target\":{\"@type\":\"EntryPoint\",\"urlTemplate\":\"https:\\\/\\\/etoxproject.eu\\\/sv\\\/?s={search_term_string}\"},\"query-input\":{\"@type\":\"PropertyValueSpecification\",\"valueRequired\":true,\"valueName\":\"search_term_string\"}}],\"inLanguage\":\"sv-SE\"},{\"@type\":\"Organization\",\"@id\":\"https:\\\/\\\/etoxproject.eu\\\/sv\\\/#organization\",\"name\":\"etoxproject.eu\",\"url\":\"https:\\\/\\\/etoxproject.eu\\\/sv\\\/\",\"logo\":{\"@type\":\"ImageObject\",\"inLanguage\":\"sv-SE\",\"@id\":\"https:\\\/\\\/etoxproject.eu\\\/sv\\\/#\\\/schema\\\/logo\\\/image\\\/\",\"url\":\"https:\\\/\\\/etoxproject.eu\\\/wp-content\\\/uploads\\\/2024\\\/12\\\/etoxproject.png\",\"contentUrl\":\"https:\\\/\\\/etoxproject.eu\\\/wp-content\\\/uploads\\\/2024\\\/12\\\/etoxproject.png\",\"width\":315,\"height\":69,\"caption\":\"etoxproject.eu\"},\"image\":{\"@id\":\"https:\\\/\\\/etoxproject.eu\\\/sv\\\/#\\\/schema\\\/logo\\\/image\\\/\"}}]}<\/script>\n<!-- \/ Yoast SEO plugin. -->","yoast_head_json":{"title":"D-Bal \u2734\ufe0f K\u00f6p h\u00e4r med stor rabatt - Crazy Bulk","robots":{"index":"index","follow":"follow","max-snippet":"max-snippet:-1","max-image-preview":"max-image-preview:large","max-video-preview":"max-video-preview:-1"},"canonical":"https:\/\/etoxproject.eu\/sv\/produkt\/d-bal\/","og_locale":"sv_SE","og_type":"article","og_title":"D-Bal \u2734\ufe0f K\u00f6p h\u00e4r med stor rabatt - Crazy Bulk","og_description":"En detaljerad genomg\u00e5ng av D-Bal: Muskelbyggnadstillskottet i fokus I v\u00e4rlden av muskelbyggnadstillskott finns det m\u00e5nga produkter som lovar att f\u00f6rb\u00e4ttra atletisk prestanda. En av dessa produkter \u00e4r D-Bal Crazy Bulk, ett kosttillskott som annonseras som ett alternativ till den v\u00e4lk\u00e4nda steroiden Dianabol. I den h\u00e4r \u00f6versynen kommer vi att titta n\u00e4rmare p\u00e5 D-Bal och analysera ... L\u00e4s mer","og_url":"https:\/\/etoxproject.eu\/sv\/produkt\/d-bal\/","og_site_name":"etoxproject.eu","article_modified_time":"2024-12-21T07:33:51+00:00","og_image":[{"width":750,"height":750,"url":"https:\/\/etoxproject.eu\/wp-content\/uploads\/2024\/11\/D-Bal.jpg","type":"image\/jpeg"}],"twitter_card":"summary_large_image","twitter_misc":{"Ber\u00e4knad l\u00e4stid":"4 minuter"},"schema":{"@context":"https:\/\/schema.org","@graph":[{"@type":"WebPage","@id":"https:\/\/etoxproject.eu\/sv\/produkt\/d-bal\/","url":"https:\/\/etoxproject.eu\/sv\/produkt\/d-bal\/","name":"D-Bal \u2734\ufe0f K\u00f6p h\u00e4r med stor rabatt - Crazy Bulk","isPartOf":{"@id":"https:\/\/etoxproject.eu\/sv\/#website"},"primaryImageOfPage":{"@id":"https:\/\/etoxproject.eu\/sv\/produkt\/d-bal\/#primaryimage"},"image":{"@id":"https:\/\/etoxproject.eu\/sv\/produkt\/d-bal\/#primaryimage"},"thumbnailUrl":"https:\/\/etoxproject.eu\/wp-content\/uploads\/2024\/11\/D-Bal.jpg","datePublished":"2024-12-21T07:21:29+00:00","dateModified":"2024-12-21T07:33:51+00:00","breadcrumb":{"@id":"https:\/\/etoxproject.eu\/sv\/produkt\/d-bal\/#breadcrumb"},"inLanguage":"sv-SE","potentialAction":[{"@type":"ReadAction","target":["https:\/\/etoxproject.eu\/sv\/produkt\/d-bal\/"]}]},{"@type":"ImageObject","inLanguage":"sv-SE","@id":"https:\/\/etoxproject.eu\/sv\/produkt\/d-bal\/#primaryimage","url":"https:\/\/etoxproject.eu\/wp-content\/uploads\/2024\/11\/D-Bal.jpg","contentUrl":"https:\/\/etoxproject.eu\/wp-content\/uploads\/2024\/11\/D-Bal.jpg","width":750,"height":750},{"@type":"BreadcrumbList","@id":"https:\/\/etoxproject.eu\/sv\/produkt\/d-bal\/#breadcrumb","itemListElement":[{"@type":"ListItem","position":1,"name":"Startseite","item":"https:\/\/etoxproject.eu\/sv\/"},{"@type":"ListItem","position":2,"name":"Shop","item":"https:\/\/etoxproject.eu\/shop\/"},{"@type":"ListItem","position":3,"name":"D-Bal"}]},{"@type":"WebSite","@id":"https:\/\/etoxproject.eu\/sv\/#website","url":"https:\/\/etoxproject.eu\/sv\/","name":"etoxproject.eu","description":"","publisher":{"@id":"https:\/\/etoxproject.eu\/sv\/#organization"},"potentialAction":[{"@type":"SearchAction","target":{"@type":"EntryPoint","urlTemplate":"https:\/\/etoxproject.eu\/sv\/?s={search_term_string}"},"query-input":{"@type":"PropertyValueSpecification","valueRequired":true,"valueName":"search_term_string"}}],"inLanguage":"sv-SE"},{"@type":"Organization","@id":"https:\/\/etoxproject.eu\/sv\/#organization","name":"etoxproject.eu","url":"https:\/\/etoxproject.eu\/sv\/","logo":{"@type":"ImageObject","inLanguage":"sv-SE","@id":"https:\/\/etoxproject.eu\/sv\/#\/schema\/logo\/image\/","url":"https:\/\/etoxproject.eu\/wp-content\/uploads\/2024\/12\/etoxproject.png","contentUrl":"https:\/\/etoxproject.eu\/wp-content\/uploads\/2024\/12\/etoxproject.png","width":315,"height":69,"caption":"etoxproject.eu"},"image":{"@id":"https:\/\/etoxproject.eu\/sv\/#\/schema\/logo\/image\/"}}]}},"_links":{"self":[{"href":"https:\/\/etoxproject.eu\/sv\/wp-json\/wp\/v2\/product\/1641","targetHints":{"allow":["GET"]}}],"collection":[{"href":"https:\/\/etoxproject.eu\/sv\/wp-json\/wp\/v2\/product"}],"about":[{"href":"https:\/\/etoxproject.eu\/sv\/wp-json\/wp\/v2\/types\/product"}],"replies":[{"embeddable":true,"href":"https:\/\/etoxproject.eu\/sv\/wp-json\/wp\/v2\/comments?post=1641"}],"wp:featuredmedia":[{"embeddable":true,"href":"https:\/\/etoxproject.eu\/sv\/wp-json\/wp\/v2\/media\/1642"}],"wp:attachment":[{"href":"https:\/\/etoxproject.eu\/sv\/wp-json\/wp\/v2\/media?parent=1641"}],"wp:term":[{"taxonomy":"product_brand","embeddable":true,"href":"https:\/\/etoxproject.eu\/sv\/wp-json\/wp\/v2\/product_brand?post=1641"},{"taxonomy":"product_cat","embeddable":true,"href":"https:\/\/etoxproject.eu\/sv\/wp-json\/wp\/v2\/product_cat?post=1641"},{"taxonomy":"product_tag","embeddable":true,"href":"https:\/\/etoxproject.eu\/sv\/wp-json\/wp\/v2\/product_tag?post=1641"}],"curies":[{"name":"wp","href":"https:\/\/api.w.org\/{rel}","templated":true}]}}