{"id":2210,"date":"2025-01-05T17:02:56","date_gmt":"2025-01-15T09:29:29","guid":{"rendered":"https:\/\/etoxproject.eu\/?post_type=product&#038;p=2210"},"modified":"2025-01-15T10:29:29","modified_gmt":"2025-01-15T09:29:29","slug":"purisaki","status":"publish","type":"product","link":"https:\/\/etoxproject.eu\/sv\/produkt\/purisaki\/","title":{"rendered":"Purisaki pl\u00e5ster"},"content":{"rendered":"<p>I str\u00e4van efter holistisk h\u00e4lsa och naturligt v\u00e4lbefinnande blir produkter som kombinerar traditionella metoder med modern vetenskap allt popul\u00e4rare. Purisaki fotpl\u00e5ster \u00e4r ett exempel p\u00e5 detta och erbjuder en unik metod f\u00f6r avgiftning och n\u00e4ringstillf\u00f6rsel. Med sin noggrant utvalda blandning av naturliga ingredienser och innovativa till\u00e4mpning \u00e4r dessa pl\u00e5ster utformade f\u00f6r att f\u00f6rb\u00e4ttra det allm\u00e4nna v\u00e4lbefinnandet utan anstr\u00e4ngning. Efter grundlig forskning och feedback fr\u00e5n anv\u00e4ndare kommer h\u00e4r en djupg\u00e5ende genomg\u00e5ng av Purisaki fotpl\u00e5ster och varf\u00f6r de f\u00f6rtj\u00e4nar din uppm\u00e4rksamhet.<\/p>\n<h2>Purisaki Deep Cleansing 2 i 1 fotpl\u00e5ster recensioner<\/h2>\n<p>Purisaki djupreng\u00f6rande fotpl\u00e5ster \u00e4r en 2-i-1 h\u00e4lsol\u00f6sning som avgiftar kroppen samtidigt som den levererar viktiga vitaminer och mineraler direkt genom huden. Dessa pl\u00e5ster har sina r\u00f6tter i gamla japanska metoder och syftar till att avl\u00e4gsna gifter som ackumuleras i kroppen p\u00e5 grund av stress, f\u00f6roreningar och d\u00e5liga kostvanor. Dessutom tillf\u00f6r de kroppen nyttiga n\u00e4rings\u00e4mnen som vitamin C, D och Omega-3, vilket fr\u00e4mjar vitalitet och balans.<\/p>\n<p>Konceptet bakom <a href=\"https:\/\/purisaki.se\/\">Purisaki fotpl\u00e5ster<\/a> \u00e4r enkelt men djupt: f\u00f6tterna \u00e4r ett nav f\u00f6r avgiftning och inneh\u00e5ller m\u00e5nga reflexologipunkter som \u00e4r kopplade till olika organ. Genom att applicera dessa pl\u00e5ster \u00f6ver natten kan anv\u00e4ndarna utnyttja kraften i naturliga ingredienser f\u00f6r att reng\u00f6ra och f\u00f6ryngra kroppen.<\/p>\n<p><a href=\"https:\/\/get-purisaki.com\/purisaki\/product?l=sv&amp;c=sek&amp;vndr=evf&amp;evf=1&amp;uid=6153&amp;offid=63&amp;affiliate_id=792&amp;source_id=etox-se\" target=\"_blank\" rel=\"nofollow noopener\"><img loading=\"lazy\" decoding=\"async\" class=\"aligncenter wp-image-1989 size-full\" src=\"https:\/\/etoxproject.eu\/wp-content\/uploads\/2025\/01\/purisaki-reviews.jpg\" alt=\"purisaki reviews\" width=\"800\" height=\"468\" srcset=\"https:\/\/etoxproject.eu\/wp-content\/uploads\/2025\/01\/purisaki-reviews.jpg 800w, https:\/\/etoxproject.eu\/wp-content\/uploads\/2025\/01\/purisaki-reviews-300x176.jpg 300w, https:\/\/etoxproject.eu\/wp-content\/uploads\/2025\/01\/purisaki-reviews-768x449.jpg 768w, https:\/\/etoxproject.eu\/wp-content\/uploads\/2025\/01\/purisaki-reviews-600x351.jpg 600w\" sizes=\"auto, (max-width: 800px) 100vw, 800px\" \/><\/a><\/p>\n<h2>Ingredienser<\/h2>\n<table>\n<thead>\n<tr>\n<th>Ingrediens<\/th>\n<th>Beskrivning<\/th>\n<\/tr>\n<\/thead>\n<tbody>\n<tr>\n<td>\ud83c\udf43 <strong>Loquatblad<\/strong><\/td>\n<td>Loquatblad \u00e4r k\u00e4nt f\u00f6r sina antiinflammatoriska och antioxidativa egenskaper. Det har anv\u00e4nts i traditionell medicin f\u00f6r att lugna inflammation, fr\u00e4mja friskare hud och \u00f6ka immunf\u00f6rsvaret genom att minska oxidativ stress.<\/td>\n<\/tr>\n<tr>\n<td>\ud83d\udc8e <strong>Turmalin<\/strong><\/td>\n<td>Tourmaline, ett naturligt mineral, \u00e4r uppskattat f\u00f6r sin avgiftande f\u00f6rm\u00e5ga. Det genererar negativa joner som hj\u00e4lper till att neutralisera gifter i kroppen, f\u00f6rb\u00e4ttra blodcirkulationen och minska tr\u00f6tthet, s\u00e5 att du k\u00e4nner dig f\u00f6ryngrad och energisk.<\/td>\n<\/tr>\n<tr>\n<td>\ud83c\udf3f <strong>Houttuynia Cordata<\/strong><\/td>\n<td>Den h\u00e4r \u00f6rten, som ofta anv\u00e4nds i traditionell \u00f6sterl\u00e4ndsk medicin, har potenta avgiftande och antimikrobiella egenskaper. Den verkar f\u00f6r att rena kroppen, eliminera toxiner och \u00e5terst\u00e4lla balansen, vilket g\u00f6r den till en integrerad del av detoxprocessen.<\/td>\n<\/tr>\n<tr>\n<td>\ud83c\udf8b <strong>Bambu-vin\u00e4ger<\/strong><\/td>\n<td>Bambuvin\u00e4ger \u00e4r en naturlig avgiftare som \u00e4r k\u00e4nd f\u00f6r sin f\u00f6rm\u00e5ga att dra ut f\u00f6roreningar genom huden. Den deodoriserar och mjukg\u00f6r huden och l\u00e4mnar f\u00f6tterna uppfriskade och revitaliserade efter anv\u00e4ndning.<\/td>\n<\/tr>\n<tr>\n<td>\ud83c\udf4a <strong>Vitamin C<\/strong><\/td>\n<td>Vitamin C \u00e4r en kraftfull antioxidant som st\u00f6der hudens h\u00e4lsa och st\u00e4rker immunf\u00f6rsvaret. Det \u00f6kar kollagenproduktionen, minskar tecken p\u00e5 \u00e5ldrande och skyddar kroppen fr\u00e5n skadliga fria radikaler.<\/td>\n<\/tr>\n<tr>\n<td>\u2600\ufe0f <strong>Vitamin D<\/strong><\/td>\n<td>Vittigt f\u00f6r benh\u00e4lsan, D-vitamin f\u00f6rb\u00e4ttrar kalciumabsorptionen och st\u00f6der immunsystemet. Det spelar en avg\u00f6rande roll f\u00f6r att bibeh\u00e5lla starka ben och allm\u00e4n vitalitet, s\u00e4rskilt hos personer med begr\u00e4nsad solexponering.<\/td>\n<\/tr>\n<tr>\n<td>\ud83d\udc1f <strong>Omega-3<\/strong><\/td>\n<td>Omega-3-fettsyror \u00e4r viktiga f\u00f6r att minska inflammation, fr\u00e4mja kardiovaskul\u00e4r h\u00e4lsa och f\u00f6rb\u00e4ttra den kognitiva funktionen. De bidrar till \u00f6vergripande v\u00e4lbefinnande och hj\u00e4lper till att uppr\u00e4tth\u00e5lla en sund balans i kroppen.<\/td>\n<\/tr>\n<\/tbody>\n<\/table>\n<p>&nbsp;<\/p>\n<h2>Uppackning av ingredienserna: Vetenskapen bakom Purisaki Multivitamin detox fotpl\u00e5ster &#8211; erfarenhet och omd\u00f6me<\/h2>\n<p>Purisaki fotpl\u00e5ster sticker ut tack vare sin imponerande sammans\u00e4ttning. Varje ingrediens \u00e4r noggrant utvald f\u00f6r sina bevisade f\u00f6rdelar, vilket garanterar en effektiv och s\u00e4ker upplevelse. L\u00e5t oss dyka djupare in i ingredienserna:<\/p>\n<ol>\n<li><strong>Loquatblad<\/strong><br \/>\nLoquatblad \u00e4r k\u00e4nt f\u00f6r sina antiinflammatoriska och antioxidativa egenskaper och har anv\u00e4nts inom traditionell medicin f\u00f6r att f\u00f6rb\u00e4ttra hudens h\u00e4lsa och st\u00f6dja immunf\u00f6rsvaret. I Purisaki pl\u00e5ster spelar det en viktig roll f\u00f6r att lugna inflammation och hj\u00e4lpa till med avgiftningsprocessen.<\/li>\n<li><strong>Turmalin<\/strong><br \/>\nTurmalin \u00e4r ett mineral som uppskattas f\u00f6r sin f\u00f6rm\u00e5ga att frig\u00f6ra negativa joner, som hj\u00e4lper till att neutralisera gifter i kroppen. Det f\u00f6rknippas ofta med att f\u00f6rb\u00e4ttra cirkulationen, minska tr\u00f6tthet och fr\u00e4mja avslappning. Att den ing\u00e5r i dessa pl\u00e5ster ger ett inslag av mineralbaserad avgiftning.<\/li>\n<li><strong>Houttuynia Cordata<\/strong><br \/>\nDenna v\u00e4xt, som ofta anv\u00e4nds i traditionell kinesisk och japansk medicin, \u00e4r v\u00f6rdad f\u00f6r sina avgiftande och antimikrobiella egenskaper. Den hj\u00e4lper till att reng\u00f6ra huden, eliminera skadliga \u00e4mnen och \u00e5terst\u00e4lla balansen i kroppen.<\/li>\n<li><strong>Bambu-vin\u00e4ger<\/strong><br \/>\nBambuvin\u00e4ger \u00e4r k\u00e4nd f\u00f6r sin starka absorptionsf\u00f6rm\u00e5ga och \u00e4r en nyckelkomponent som drar ut gifter och f\u00f6roreningar genom huden. Det hj\u00e4lper ocks\u00e5 till att desodorisera och mjuka upp huden och l\u00e4mnar f\u00f6tterna uppfriskade.<\/li>\n<li><strong>Essentiella vitaminer: C, D och Omega-3<\/strong><br \/>\nDessa vitaminer ger ett extra lager av n\u00e4ring. Vitamin C fr\u00e4mjar hudens h\u00e4lsa och immunf\u00f6rsvar, vitamin D f\u00f6rb\u00e4ttrar kalciumupptaget och benstyrkan, medan Omega-3-fettsyror bidrar till att minska inflammation och fr\u00e4mjar den allm\u00e4nna kardiovaskul\u00e4ra h\u00e4lsan.<\/li>\n<\/ol>\n<h2>Hur man anv\u00e4nder Purisaki fotpl\u00e5ster (Purisaki Review UK, Kanada, Australien)<\/h2>\n<p>En av de mest tilltalande aspekterna av Purisaki fotpl\u00e5ster \u00e4r deras anv\u00e4ndarv\u00e4nlighet. Applicera helt enkelt pl\u00e5stren p\u00e5 fotsulorna f\u00f6re s\u00e4ngg\u00e5endet och l\u00e5t dem arbeta med sin magi \u00f6ver natten. N\u00e4r de tas bort p\u00e5 morgonen m\u00e4rker anv\u00e4ndarna ofta en synlig f\u00f6r\u00e4ndring i pl\u00e5strets f\u00e4rg och konsistens, vilket tyder p\u00e5 att toxiner har dragits ut.<\/p>\n<p>H\u00e4r \u00e4r n\u00e5gra ytterligare tips f\u00f6r optimala resultat:<\/p>\n<ul>\n<li>Se till att f\u00f6tterna \u00e4r rena och torra f\u00f6re applicering.<\/li>\n<li>Anv\u00e4nd strumpor \u00f6ver pl\u00e5stren f\u00f6r att h\u00e5lla dem ordentligt p\u00e5 plats.<\/li>\n<li>Anv\u00e4nd pl\u00e5stren konsekvent i minst tv\u00e5 veckor f\u00f6r att se betydande f\u00f6rdelar.<\/li>\n<\/ul>\n<h2>F\u00f6rdelarna: Vad g\u00f6r att Purisaki Deep Cleansing Foot Pads sticker ut<\/h2>\n<p>Purisaki fotpl\u00e5ster erbjuder en rad f\u00f6rdelar som bidrar till det allm\u00e4nna v\u00e4lbefinnandet. H\u00e4r \u00e4r vad anv\u00e4ndarna kan f\u00f6rv\u00e4nta sig:<\/p>\n<ol>\n<li><strong>Detoxifiering<\/strong><br \/>\nRegelbunden anv\u00e4ndning hj\u00e4lper till att avl\u00e4gsna gifter som ackumuleras i det dagliga livet, vilket leder till f\u00f6rb\u00e4ttrade energiniv\u00e5er, b\u00e4ttre matsm\u00e4ltning och ett starkare immunf\u00f6rsvar.<\/li>\n<li><strong>F\u00f6rb\u00e4ttrad s\u00f6mnkvalitet<\/strong><br \/>\nM\u00e5nga anv\u00e4ndare rapporterar djupare och mer vilsam s\u00f6mn efter att ha anv\u00e4nt pl\u00e5stren, sannolikt p\u00e5 grund av deras lugnande och avgiftande effekter.<\/li>\n<li><strong>\u00d6kad energi och vitalitet<\/strong><br \/>\nGenom att eliminera gifter och tillf\u00f6ra kroppen viktiga vitaminer hj\u00e4lper pl\u00e5stren till att motverka tr\u00f6tthet och ger bibeh\u00e5llen energi under hela dagen.<\/li>\n<li><strong>F\u00f6rb\u00e4ttrad hud och cirkulation<\/strong><br \/>\nIngredienser som bambuvin\u00e4ger och loquatblad bidrar till en friskare och sl\u00e4tare hud samtidigt som de fr\u00e4mjar ett b\u00e4ttre blodfl\u00f6de.<\/li>\n<li><strong>Bekv\u00e4mlighet och komfort<\/strong><br \/>\nTill skillnad fr\u00e5n invasiva detoxmetoder \u00e4r Purisaki pl\u00e5ster sm\u00e4rtfria, icke-invasiva och l\u00e4tta att inf\u00f6rliva i alla rutiner.<\/li>\n<\/ol>\n<h2>Varf\u00f6r v\u00e4lja Purisaki?<\/h2>\n<p>Kombinationen av traditionell visdom och banbrytande forskning g\u00f6r Purisaki fotkuddar till en verkligt unik produkt. Till skillnad fr\u00e5n m\u00e5nga detoxmetoder som kr\u00e4ver strikta dieter eller komplexa rutiner, erbjuder dessa pl\u00e5ster ett enkelt men effektivt s\u00e4tt att st\u00f6dja kroppens naturliga reningsprocess. De inneh\u00e5ller \u00e4ven n\u00e4ringsrika vitaminer som g\u00f6r att de skiljer sig fr\u00e5n m\u00e4ngden och tar upp flera h\u00e4lsoaspekter i en och samma produkt.<\/p>\n<p>Dessutom \u00e4r pl\u00e5stren:<\/p>\n<ul>\n<li><strong>Vegan och Cruelty-Free<\/strong>: Tillverkade utan animaliska produkter eller tester<\/li>\n<li><strong>Fria fr\u00e5n skadliga tillsatser<\/strong>: Inga konstgjorda kemikalier, vilket garanterar en s\u00e4ker detoxupplevelse.<\/li>\n<li><strong>L\u00e4mplig f\u00f6r alla hudtyper<\/strong>: Tillr\u00e4ckligt skonsam f\u00f6r k\u00e4nslig hud.<\/li>\n<\/ul>\n<h2>Vad s\u00e4ger anv\u00e4ndarna?<\/h2>\n<p>Feedback fr\u00e5n anv\u00e4ndare runt om i v\u00e4rlden belyser effektiviteten hos Purisaki fotpl\u00e5ster. M\u00e5nga rapporterar att de k\u00e4nner sig mer energiska, sover b\u00e4ttre och m\u00e4rker en synlig skillnad i sitt allm\u00e4nna v\u00e4lbefinnande. Pl\u00e5strens f\u00f6rm\u00e5ga att synligt demonstrera avgiftning genom f\u00f6r\u00e4ndringar i deras utseende ger ocks\u00e5 ett p\u00e5tagligt bevis p\u00e5 deras effektivitet.<\/p>\n<h2>Slutliga tankar: \u00c4r Purisaki v\u00e4rt det?<\/h2>\n<p>F\u00f6r alla som s\u00f6ker ett naturligt, problemfritt s\u00e4tt att avgifta och vitalisera sin kropp \u00e4r Purisaki fotpl\u00e5ster ett utm\u00e4rkt val. Deras blandning av kraftfulla, naturliga ingredienser och innovativ till\u00e4mpning s\u00e4kerst\u00e4ller en helhetssyn p\u00e5 v\u00e4lbefinnande som passar s\u00f6ml\u00f6st in i alla livsstilar.<\/p>\n<p>Med det nuvarande kampanjerbjudandet p\u00e5 <strong>70% rabatt<\/strong> har det aldrig funnits en b\u00e4ttre tid att prova dessa pl\u00e5ster. Oavsett om du \u00e4r nyb\u00f6rjare inom avgiftning eller en erfaren wellnessentusiast \u00e4r Purisaki fotpl\u00e5ster en v\u00e4rdefull investering i din h\u00e4lsa och vitalitet.<\/p>\n","protected":false},"excerpt":{"rendered":"<p>I str\u00e4van efter holistisk h\u00e4lsa och naturligt v\u00e4lbefinnande blir produkter som kombinerar traditionella metoder med modern vetenskap allt popul\u00e4rare. Purisaki fotpl\u00e5ster \u00e4r ett exempel p\u00e5 detta och erbjuder en unik metod f\u00f6r avgiftning och n\u00e4ringstillf\u00f6rsel. Med sin noggrant utvalda blandning av naturliga ingredienser och innovativa till\u00e4mpning \u00e4r dessa pl\u00e5ster utformade f\u00f6r att f\u00f6rb\u00e4ttra det allm\u00e4nna &#8230; <a title=\"Purisaki pl\u00e5ster\" class=\"read-more\" href=\"https:\/\/etoxproject.eu\/sv\/produkt\/purisaki\/\" aria-label=\"Mer p\u00e5 Purisaki pl\u00e5ster\">L\u00e4s mer<\/a><\/p>\n","protected":false},"featured_media":1988,"comment_status":"open","ping_status":"closed","template":"","meta":[],"product_brand":[],"product_cat":[],"product_tag":[],"class_list":{"0":"post-2210","1":"product","2":"type-product","3":"status-publish","4":"has-post-thumbnail","7":"first","8":"instock","9":"sale","10":"shipping-taxable","11":"product-type-external"},"yoast_head":"<!-- This site is optimized with the Yoast SEO plugin v27.4 - https:\/\/yoast.com\/product\/yoast-seo-wordpress\/ -->\n<title>Purisaki pl\u00e5ster erfarenhet &amp; omd\u00f6me \u2764\ufe0f 70% rabatterat pris<\/title>\n<meta name=\"robots\" content=\"index, follow, max-snippet:-1, max-image-preview:large, max-video-preview:-1\" \/>\n<link rel=\"canonical\" href=\"https:\/\/etoxproject.eu\/sv\/produkt\/purisaki\/\" \/>\n<meta property=\"og:locale\" content=\"sv_SE\" \/>\n<meta property=\"og:type\" content=\"article\" \/>\n<meta property=\"og:title\" content=\"Purisaki pl\u00e5ster erfarenhet &amp; omd\u00f6me \u2764\ufe0f 70% rabatterat pris\" \/>\n<meta property=\"og:description\" content=\"I str\u00e4van efter holistisk h\u00e4lsa och naturligt v\u00e4lbefinnande blir produkter som kombinerar traditionella metoder med modern vetenskap allt popul\u00e4rare. Purisaki fotpl\u00e5ster \u00e4r ett exempel p\u00e5 detta och erbjuder en unik metod f\u00f6r avgiftning och n\u00e4ringstillf\u00f6rsel. Med sin noggrant utvalda blandning av naturliga ingredienser och innovativa till\u00e4mpning \u00e4r dessa pl\u00e5ster utformade f\u00f6r att f\u00f6rb\u00e4ttra det allm\u00e4nna ... L\u00e4s mer\" \/>\n<meta property=\"og:url\" content=\"https:\/\/etoxproject.eu\/sv\/produkt\/purisaki\/\" \/>\n<meta property=\"og:site_name\" content=\"etoxproject.eu\" \/>\n<meta property=\"og:image\" content=\"https:\/\/etoxproject.eu\/wp-content\/uploads\/2025\/01\/purisaki.jpg\" \/>\n\t<meta property=\"og:image:width\" content=\"777\" \/>\n\t<meta property=\"og:image:height\" content=\"777\" \/>\n\t<meta property=\"og:image:type\" content=\"image\/jpeg\" \/>\n<meta name=\"twitter:card\" content=\"summary_large_image\" \/>\n<meta name=\"twitter:label1\" content=\"Ber\u00e4knad l\u00e4stid\" \/>\n\t<meta name=\"twitter:data1\" content=\"7 minuter\" \/>\n<script type=\"application\/ld+json\" class=\"yoast-schema-graph\">{\"@context\":\"https:\\\/\\\/schema.org\",\"@graph\":[{\"@type\":\"WebPage\",\"@id\":\"https:\\\/\\\/etoxproject.eu\\\/sv\\\/produkt\\\/purisaki\\\/\",\"url\":\"https:\\\/\\\/etoxproject.eu\\\/sv\\\/produkt\\\/purisaki\\\/\",\"name\":\"Purisaki pl\u00e5ster erfarenhet & omd\u00f6me \u2764\ufe0f 70% rabatterat pris\",\"isPartOf\":{\"@id\":\"https:\\\/\\\/etoxproject.eu\\\/sv\\\/#website\"},\"primaryImageOfPage\":{\"@id\":\"https:\\\/\\\/etoxproject.eu\\\/sv\\\/produkt\\\/purisaki\\\/#primaryimage\"},\"image\":{\"@id\":\"https:\\\/\\\/etoxproject.eu\\\/sv\\\/produkt\\\/purisaki\\\/#primaryimage\"},\"thumbnailUrl\":\"https:\\\/\\\/etoxproject.eu\\\/wp-content\\\/uploads\\\/2025\\\/01\\\/purisaki.jpg\",\"datePublished\":\"2025-01-15T09:29:29+00:00\",\"breadcrumb\":{\"@id\":\"https:\\\/\\\/etoxproject.eu\\\/sv\\\/produkt\\\/purisaki\\\/#breadcrumb\"},\"inLanguage\":\"sv-SE\",\"potentialAction\":[{\"@type\":\"ReadAction\",\"target\":[\"https:\\\/\\\/etoxproject.eu\\\/sv\\\/produkt\\\/purisaki\\\/\"]}]},{\"@type\":\"ImageObject\",\"inLanguage\":\"sv-SE\",\"@id\":\"https:\\\/\\\/etoxproject.eu\\\/sv\\\/produkt\\\/purisaki\\\/#primaryimage\",\"url\":\"https:\\\/\\\/etoxproject.eu\\\/wp-content\\\/uploads\\\/2025\\\/01\\\/purisaki.jpg\",\"contentUrl\":\"https:\\\/\\\/etoxproject.eu\\\/wp-content\\\/uploads\\\/2025\\\/01\\\/purisaki.jpg\",\"width\":777,\"height\":777,\"caption\":\"purisaki\"},{\"@type\":\"BreadcrumbList\",\"@id\":\"https:\\\/\\\/etoxproject.eu\\\/sv\\\/produkt\\\/purisaki\\\/#breadcrumb\",\"itemListElement\":[{\"@type\":\"ListItem\",\"position\":1,\"name\":\"Startseite\",\"item\":\"https:\\\/\\\/etoxproject.eu\\\/sv\\\/\"},{\"@type\":\"ListItem\",\"position\":2,\"name\":\"Shop\",\"item\":\"https:\\\/\\\/etoxproject.eu\\\/shop\\\/\"},{\"@type\":\"ListItem\",\"position\":3,\"name\":\"Purisaki pl\u00e5ster\"}]},{\"@type\":\"WebSite\",\"@id\":\"https:\\\/\\\/etoxproject.eu\\\/sv\\\/#website\",\"url\":\"https:\\\/\\\/etoxproject.eu\\\/sv\\\/\",\"name\":\"etoxproject.eu\",\"description\":\"\",\"publisher\":{\"@id\":\"https:\\\/\\\/etoxproject.eu\\\/sv\\\/#organization\"},\"potentialAction\":[{\"@type\":\"SearchAction\",\"target\":{\"@type\":\"EntryPoint\",\"urlTemplate\":\"https:\\\/\\\/etoxproject.eu\\\/sv\\\/?s={search_term_string}\"},\"query-input\":{\"@type\":\"PropertyValueSpecification\",\"valueRequired\":true,\"valueName\":\"search_term_string\"}}],\"inLanguage\":\"sv-SE\"},{\"@type\":\"Organization\",\"@id\":\"https:\\\/\\\/etoxproject.eu\\\/sv\\\/#organization\",\"name\":\"etoxproject.eu\",\"url\":\"https:\\\/\\\/etoxproject.eu\\\/sv\\\/\",\"logo\":{\"@type\":\"ImageObject\",\"inLanguage\":\"sv-SE\",\"@id\":\"https:\\\/\\\/etoxproject.eu\\\/sv\\\/#\\\/schema\\\/logo\\\/image\\\/\",\"url\":\"https:\\\/\\\/etoxproject.eu\\\/wp-content\\\/uploads\\\/2024\\\/12\\\/etoxproject.png\",\"contentUrl\":\"https:\\\/\\\/etoxproject.eu\\\/wp-content\\\/uploads\\\/2024\\\/12\\\/etoxproject.png\",\"width\":315,\"height\":69,\"caption\":\"etoxproject.eu\"},\"image\":{\"@id\":\"https:\\\/\\\/etoxproject.eu\\\/sv\\\/#\\\/schema\\\/logo\\\/image\\\/\"}}]}<\/script>\n<!-- \/ Yoast SEO plugin. -->","yoast_head_json":{"title":"Purisaki pl\u00e5ster erfarenhet & omd\u00f6me \u2764\ufe0f 70% rabatterat pris","robots":{"index":"index","follow":"follow","max-snippet":"max-snippet:-1","max-image-preview":"max-image-preview:large","max-video-preview":"max-video-preview:-1"},"canonical":"https:\/\/etoxproject.eu\/sv\/produkt\/purisaki\/","og_locale":"sv_SE","og_type":"article","og_title":"Purisaki pl\u00e5ster erfarenhet & omd\u00f6me \u2764\ufe0f 70% rabatterat pris","og_description":"I str\u00e4van efter holistisk h\u00e4lsa och naturligt v\u00e4lbefinnande blir produkter som kombinerar traditionella metoder med modern vetenskap allt popul\u00e4rare. Purisaki fotpl\u00e5ster \u00e4r ett exempel p\u00e5 detta och erbjuder en unik metod f\u00f6r avgiftning och n\u00e4ringstillf\u00f6rsel. Med sin noggrant utvalda blandning av naturliga ingredienser och innovativa till\u00e4mpning \u00e4r dessa pl\u00e5ster utformade f\u00f6r att f\u00f6rb\u00e4ttra det allm\u00e4nna ... L\u00e4s mer","og_url":"https:\/\/etoxproject.eu\/sv\/produkt\/purisaki\/","og_site_name":"etoxproject.eu","og_image":[{"width":777,"height":777,"url":"https:\/\/etoxproject.eu\/wp-content\/uploads\/2025\/01\/purisaki.jpg","type":"image\/jpeg"}],"twitter_card":"summary_large_image","twitter_misc":{"Ber\u00e4knad l\u00e4stid":"7 minuter"},"schema":{"@context":"https:\/\/schema.org","@graph":[{"@type":"WebPage","@id":"https:\/\/etoxproject.eu\/sv\/produkt\/purisaki\/","url":"https:\/\/etoxproject.eu\/sv\/produkt\/purisaki\/","name":"Purisaki pl\u00e5ster erfarenhet & omd\u00f6me \u2764\ufe0f 70% rabatterat pris","isPartOf":{"@id":"https:\/\/etoxproject.eu\/sv\/#website"},"primaryImageOfPage":{"@id":"https:\/\/etoxproject.eu\/sv\/produkt\/purisaki\/#primaryimage"},"image":{"@id":"https:\/\/etoxproject.eu\/sv\/produkt\/purisaki\/#primaryimage"},"thumbnailUrl":"https:\/\/etoxproject.eu\/wp-content\/uploads\/2025\/01\/purisaki.jpg","datePublished":"2025-01-15T09:29:29+00:00","breadcrumb":{"@id":"https:\/\/etoxproject.eu\/sv\/produkt\/purisaki\/#breadcrumb"},"inLanguage":"sv-SE","potentialAction":[{"@type":"ReadAction","target":["https:\/\/etoxproject.eu\/sv\/produkt\/purisaki\/"]}]},{"@type":"ImageObject","inLanguage":"sv-SE","@id":"https:\/\/etoxproject.eu\/sv\/produkt\/purisaki\/#primaryimage","url":"https:\/\/etoxproject.eu\/wp-content\/uploads\/2025\/01\/purisaki.jpg","contentUrl":"https:\/\/etoxproject.eu\/wp-content\/uploads\/2025\/01\/purisaki.jpg","width":777,"height":777,"caption":"purisaki"},{"@type":"BreadcrumbList","@id":"https:\/\/etoxproject.eu\/sv\/produkt\/purisaki\/#breadcrumb","itemListElement":[{"@type":"ListItem","position":1,"name":"Startseite","item":"https:\/\/etoxproject.eu\/sv\/"},{"@type":"ListItem","position":2,"name":"Shop","item":"https:\/\/etoxproject.eu\/shop\/"},{"@type":"ListItem","position":3,"name":"Purisaki pl\u00e5ster"}]},{"@type":"WebSite","@id":"https:\/\/etoxproject.eu\/sv\/#website","url":"https:\/\/etoxproject.eu\/sv\/","name":"etoxproject.eu","description":"","publisher":{"@id":"https:\/\/etoxproject.eu\/sv\/#organization"},"potentialAction":[{"@type":"SearchAction","target":{"@type":"EntryPoint","urlTemplate":"https:\/\/etoxproject.eu\/sv\/?s={search_term_string}"},"query-input":{"@type":"PropertyValueSpecification","valueRequired":true,"valueName":"search_term_string"}}],"inLanguage":"sv-SE"},{"@type":"Organization","@id":"https:\/\/etoxproject.eu\/sv\/#organization","name":"etoxproject.eu","url":"https:\/\/etoxproject.eu\/sv\/","logo":{"@type":"ImageObject","inLanguage":"sv-SE","@id":"https:\/\/etoxproject.eu\/sv\/#\/schema\/logo\/image\/","url":"https:\/\/etoxproject.eu\/wp-content\/uploads\/2024\/12\/etoxproject.png","contentUrl":"https:\/\/etoxproject.eu\/wp-content\/uploads\/2024\/12\/etoxproject.png","width":315,"height":69,"caption":"etoxproject.eu"},"image":{"@id":"https:\/\/etoxproject.eu\/sv\/#\/schema\/logo\/image\/"}}]}},"_links":{"self":[{"href":"https:\/\/etoxproject.eu\/sv\/wp-json\/wp\/v2\/product\/2210","targetHints":{"allow":["GET"]}}],"collection":[{"href":"https:\/\/etoxproject.eu\/sv\/wp-json\/wp\/v2\/product"}],"about":[{"href":"https:\/\/etoxproject.eu\/sv\/wp-json\/wp\/v2\/types\/product"}],"replies":[{"embeddable":true,"href":"https:\/\/etoxproject.eu\/sv\/wp-json\/wp\/v2\/comments?post=2210"}],"wp:featuredmedia":[{"embeddable":true,"href":"https:\/\/etoxproject.eu\/sv\/wp-json\/wp\/v2\/media\/1988"}],"wp:attachment":[{"href":"https:\/\/etoxproject.eu\/sv\/wp-json\/wp\/v2\/media?parent=2210"}],"wp:term":[{"taxonomy":"product_brand","embeddable":true,"href":"https:\/\/etoxproject.eu\/sv\/wp-json\/wp\/v2\/product_brand?post=2210"},{"taxonomy":"product_cat","embeddable":true,"href":"https:\/\/etoxproject.eu\/sv\/wp-json\/wp\/v2\/product_cat?post=2210"},{"taxonomy":"product_tag","embeddable":true,"href":"https:\/\/etoxproject.eu\/sv\/wp-json\/wp\/v2\/product_tag?post=2210"}],"curies":[{"name":"wp","href":"https:\/\/api.w.org\/{rel}","templated":true}]}}