{"id":2472,"date":"2024-11-12T10:42:34","date_gmt":"2025-03-08T11:42:58","guid":{"rendered":"https:\/\/etoxproject.eu\/?post_type=product&#038;p=2472"},"modified":"2025-03-08T12:43:30","modified_gmt":"2025-03-08T11:43:30","slug":"fitex","status":"publish","type":"product","link":"https:\/\/etoxproject.eu\/sv\/produkt\/fitex\/","title":{"rendered":"Fitex kapslar"},"content":{"rendered":"<p>Fitex kapslar \u00e4r ett kosttillskott som nyligen har f\u00e5tt \u00f6kad uppm\u00e4rksamhet. Dessa kapslar beskrivs av m\u00e5nga anv\u00e4ndare som anv\u00e4ndbara f\u00f6r att \u00f6ka allm\u00e4nt v\u00e4lbefinnande och vitalitet. Men vad exakt ligger bakom den h\u00e4r produkten och hur \u00e4r det med dess effektivitet och tolerans?<\/p>\n<h2>Fitex kapslar recensioner<\/h2>\n<p>Fitex kapslar best\u00e5r av en noggrant utvald blandning av naturliga ingredienser som \u00e4r k\u00e4nda inom vetenskapen f\u00f6r sina h\u00e4lsofr\u00e4mjande egenskaper. De viktigaste ingredienserna och deras vetenskapligt bevisade effekter presenteras nedan:<\/p>\n<h2>Huvudf\u00f6rdelar och egenskaper<\/h2>\n<p>Fitex kapslar erbjuder en m\u00e4ngd olika f\u00f6rdelar baserade p\u00e5 de synergistiska effekterna av deras ingredienser. I f\u00f6ljande tabell sammanfattas de viktigaste f\u00f6rdelarna och egenskaperna<\/p>\n<table>\n<tbody>\n<tr>\n<th>Ingrediens<\/th>\n<th>Effekt<\/th>\n<\/tr>\n<tr>\n<td>Ginseng<\/td>\n<td>Ginseng \u00e4r k\u00e4nd f\u00f6r sina adaptogena egenskaper, som bidrar till att \u00f6ka kroppens motst\u00e5ndskraft mot stress och h\u00f6ja energiniv\u00e5erna. Studier har visat att ginseng kan st\u00f6dja den kognitiva funktionen.&lt;\/td<\/td>\n<\/tr>\n<tr>\n<td>Maca rot<\/td>\n<td>Den h\u00e4r v\u00e4xten fr\u00e5n Anderna har traditionellt anv\u00e4nts f\u00f6r att \u00f6ka uth\u00e5lligheten och st\u00f6dja hormonbalansen. Forskning tyder p\u00e5 att maca kan f\u00f6rb\u00e4ttra hum\u00f6ret.<\/td>\n<\/tr>\n<tr>\n<td>L-arginin<\/td>\n<td>L-arginin \u00e4r en semi-essentiell aminosyra som \u00e4r viktig f\u00f6r proteinsyntesen och f\u00f6r att fr\u00e4mja blodcirkulationen. Det kan f\u00f6rb\u00e4ttra k\u00e4rlfunktionen och st\u00f6dja kv\u00e4veoxidproduktionen.<\/td>\n<\/tr>\n<tr>\n<td>Zink<\/td>\n<td>Zink spelar en avg\u00f6rande roll i immunsystemet, s\u00e5rl\u00e4kning och celltillv\u00e4xt. Det \u00e4r ett viktigt n\u00e4rings\u00e4mne som ocks\u00e5 bidrar till att uppr\u00e4tth\u00e5lla en sund \u00e4mnesoms\u00e4ttning.<\/td>\n<\/tr>\n<\/tbody>\n<\/table>\n<h2>Huvudf\u00f6rdelar och egenskaper<\/h2>\n<p>Fitex kapslar erbjuder en m\u00e4ngd f\u00f6rdelar baserade p\u00e5 de synergistiska effekterna av deras ingredienser. I f\u00f6ljande tabell sammanfattas de viktigaste f\u00f6rdelarna och egenskaperna:<\/p>\n<p>&nbsp;<\/p>\n<table>\n<thead>\n<tr>\n<th>F\u00f6rdel<\/th>\n<th>Beskrivning<\/th>\n<\/tr>\n<tr>\n<td>\ud83c\udf1f \u00d6kad energi<\/td>\n<td>De adaptogena egenskaperna hos ginseng i kombination med vitalitets\u00f6kningen som tillhandah\u00e5lls av maca leder till en m\u00e4rkbar \u00f6kning av energi och uth\u00e5llighet, vilket \u00e4r f\u00f6rdelaktigt i vardagen och under sportaktiviteter.<\/td>\n<\/tr>\n<tr>\n<td>\ud83e\udde0 F\u00f6rb\u00e4ttring av den kognitiva funktionen<\/td>\n<td>Ginseng har i studier visat sig f\u00f6rb\u00e4ttra den kognitiva prestationsf\u00f6rm\u00e5gan och minnesfunktionen, vilket \u00e4r s\u00e4rskilt anv\u00e4ndbart i stressiga arbetssituationer.<\/td>\n<\/tr>\n<tr>\n<td>\ud83d\udcaa St\u00f6d f\u00f6r immunf\u00f6rsvaret<\/td>\n<td>Zink \u00e4r viktigt f\u00f6r ett starkt immunf\u00f6rsvar. Det hj\u00e4lper till att skydda kroppen mot infektioner och st\u00f6der \u00e5terh\u00e4mtning efter fysisk anstr\u00e4ngning.<\/td>\n<\/tr>\n<tr>\n<td>\u2696\ufe0f Hormonell balans<\/td>\n<td>Maca kan bidra till att st\u00f6dja hormonbalansen, vilket kan vara s\u00e4rskilt viktigt f\u00f6r personer med hormonella fluktuationer.<\/td>\n<\/tr>\n<\/thead>\n<\/table>\n<h2>Fitex till dm-pris?<\/h2>\n<p><a href=\"https:\/\/fitexkapslar.se\/\">Fitex kapslar<\/a> finns inte i vanliga detaljhandelskedjor som dm, Kaufland, Rossmann eller i onlinebutiker som Amazon och Shop Apotheke. De s\u00e4ljs endast via tillverkarens officiella webbplats, vilket garanterar en viss exklusivitet och direkt tillg\u00e4nglighet.<\/p>\n<p>N\u00e4r det g\u00e4ller pris ligger Fitex kapslar i det mellersta till \u00f6vre segmentet av kosttillskott. En prisj\u00e4mf\u00f6relse visar att liknande produkter ofta \u00e4r billigare, men inte erbjuder samma kombination av h\u00f6gkvalitativa ingredienser.<\/p>\n<h2>Oberoende tester och recensioner<\/h2>\n<p>Hittills har Fitex kapslar inte testats av v\u00e4lk\u00e4nda organisationer som Stiftung Warentest, konsumentr\u00e5dgivningen eller konsumentskyddsbyr\u00e5er. Detta beh\u00f6ver dock inte betyda s\u00e4mre kvalitet, utan kan bero p\u00e5 att produkten \u00e4r ny.<\/p>\n<h2>Anv\u00e4ndarerfarenheter och recensioner<\/h2>\n<p>Anv\u00e4ndarnas omd\u00f6men \u00e4r \u00f6verv\u00e4gande positiva. M\u00e5nga anv\u00e4ndare rapporterar en m\u00e4rkbar \u00f6kning av energiniv\u00e5erna och en f\u00f6rb\u00e4ttrad koncentrationsf\u00f6rm\u00e5ga. Vissa anv\u00e4ndare m\u00e4rker ocks\u00e5 av en b\u00e4ttre allm\u00e4n h\u00e4lsa och ett starkare immunf\u00f6rsvar.<\/p>\n<p>En anv\u00e4ndare skriver: \u201dSedan jag b\u00f6rjade ta Fitex kapslar regelbundet k\u00e4nner jag mig mycket piggare och kan koncentrera mig b\u00e4ttre p\u00e5 mitt arbete. Jag uppskattar s\u00e4rskilt de naturliga ingredienserna.\u201d<\/p>\n<h3>Positiva aspekter fr\u00e5n anv\u00e4ndarrecensioner:<\/h3>\n<ul>\n<li>\u00d6kad energi och vitalitet<\/li>\n<li>F\u00f6rb\u00e4ttrad kognitiv f\u00f6rm\u00e5ga<\/li>\n<li>St\u00f6d f\u00f6r ett h\u00e4lsosamt immunsystem<\/li>\n<li>Naturliga ingredienser utan konstgjorda tillsatser<\/li>\n<\/ul>\n<h2>Slutligt betyg<\/h2>\n<p>Fitex kapslar Flashback (ingen bluff) \u00e4r ett intressant alternativ f\u00f6r alla som letar efter naturliga s\u00e4tt att \u00f6ka sin energi, vitalitet och kognitiva prestanda. Kombinationen av ginseng, maca, L-arginin och zink \u00e4r balanserad f\u00f6r att ge ett brett spektrum av h\u00e4lsof\u00f6rdelar.<\/p>\n<p>Det faktum att produkten \u00e4nnu inte har testats av oberoende testorganisationer b\u00f6r inte avskr\u00e4cka potentiella k\u00f6pare, utan snarare fungera som ett incitament att prova produkten sj\u00e4lva och bilda sig en egen uppfattning.<\/p>\n<p>Sammantaget \u00e4r Fitex kapslar en v\u00e4rdefull investering f\u00f6r dem som vill utforska naturliga kosttillskott f\u00f6r sin h\u00e4lsa och sitt v\u00e4lbefinnande.<\/p>\n","protected":false},"excerpt":{"rendered":"<p>Fitex kapslar \u00e4r ett kosttillskott som nyligen har f\u00e5tt \u00f6kad uppm\u00e4rksamhet. Dessa kapslar beskrivs av m\u00e5nga anv\u00e4ndare som anv\u00e4ndbara f\u00f6r att \u00f6ka allm\u00e4nt v\u00e4lbefinnande och vitalitet. Men vad exakt ligger bakom den h\u00e4r produkten och hur \u00e4r det med dess effektivitet och tolerans? Fitex kapslar recensioner Fitex kapslar best\u00e5r av en noggrant utvald blandning av &#8230; <a title=\"Fitex kapslar\" class=\"read-more\" href=\"https:\/\/etoxproject.eu\/sv\/produkt\/fitex\/\" aria-label=\"Mer p\u00e5 Fitex kapslar\">L\u00e4s mer<\/a><\/p>\n","protected":false},"featured_media":2474,"comment_status":"open","ping_status":"closed","template":"","meta":[],"product_brand":[],"product_cat":[],"product_tag":[],"class_list":{"0":"post-2472","1":"product","2":"type-product","3":"status-publish","4":"has-post-thumbnail","7":"first","8":"instock","9":"sale","10":"shipping-taxable","11":"product-type-external"},"yoast_head":"<!-- This site is optimized with the Yoast SEO plugin v27.5 - https:\/\/yoast.com\/product\/yoast-seo-wordpress\/ -->\n<title>Fitex kapslar recensioner \u2600\ufe0f 52 Rabatt p\u00e5 priset<\/title>\n<meta name=\"robots\" content=\"index, follow, max-snippet:-1, max-image-preview:large, max-video-preview:-1\" \/>\n<link rel=\"canonical\" href=\"https:\/\/etoxproject.eu\/sv\/produkt\/fitex\/\" \/>\n<meta property=\"og:locale\" content=\"sv_SE\" \/>\n<meta property=\"og:type\" content=\"article\" \/>\n<meta property=\"og:title\" content=\"Fitex kapslar recensioner \u2600\ufe0f 52 Rabatt p\u00e5 priset\" \/>\n<meta property=\"og:description\" content=\"Fitex kapslar \u00e4r ett kosttillskott som nyligen har f\u00e5tt \u00f6kad uppm\u00e4rksamhet. Dessa kapslar beskrivs av m\u00e5nga anv\u00e4ndare som anv\u00e4ndbara f\u00f6r att \u00f6ka allm\u00e4nt v\u00e4lbefinnande och vitalitet. Men vad exakt ligger bakom den h\u00e4r produkten och hur \u00e4r det med dess effektivitet och tolerans? Fitex kapslar recensioner Fitex kapslar best\u00e5r av en noggrant utvald blandning av ... L\u00e4s mer\" \/>\n<meta property=\"og:url\" content=\"https:\/\/etoxproject.eu\/sv\/produkt\/fitex\/\" \/>\n<meta property=\"og:site_name\" content=\"etoxproject.eu\" \/>\n<meta property=\"article:modified_time\" content=\"2025-03-08T11:43:30+00:00\" \/>\n<meta property=\"og:image\" content=\"https:\/\/etoxproject.eu\/wp-content\/uploads\/2024\/11\/fitex-kapseln.jpg\" \/>\n\t<meta property=\"og:image:width\" content=\"750\" \/>\n\t<meta property=\"og:image:height\" content=\"750\" \/>\n\t<meta property=\"og:image:type\" content=\"image\/jpeg\" \/>\n<meta name=\"twitter:card\" content=\"summary_large_image\" \/>\n<meta name=\"twitter:label1\" content=\"Ber\u00e4knad l\u00e4stid\" \/>\n\t<meta name=\"twitter:data1\" content=\"4 minuter\" \/>\n<script type=\"application\/ld+json\" class=\"yoast-schema-graph\">{\"@context\":\"https:\\\/\\\/schema.org\",\"@graph\":[{\"@type\":\"WebPage\",\"@id\":\"https:\\\/\\\/etoxproject.eu\\\/sv\\\/produkt\\\/fitex\\\/\",\"url\":\"https:\\\/\\\/etoxproject.eu\\\/sv\\\/produkt\\\/fitex\\\/\",\"name\":\"Fitex kapslar recensioner \u2600\ufe0f 52 Rabatt p\u00e5 priset\",\"isPartOf\":{\"@id\":\"https:\\\/\\\/etoxproject.eu\\\/sv\\\/#website\"},\"primaryImageOfPage\":{\"@id\":\"https:\\\/\\\/etoxproject.eu\\\/sv\\\/produkt\\\/fitex\\\/#primaryimage\"},\"image\":{\"@id\":\"https:\\\/\\\/etoxproject.eu\\\/sv\\\/produkt\\\/fitex\\\/#primaryimage\"},\"thumbnailUrl\":\"https:\\\/\\\/etoxproject.eu\\\/wp-content\\\/uploads\\\/2024\\\/11\\\/fitex-kapseln.jpg\",\"datePublished\":\"2025-03-08T11:42:58+00:00\",\"dateModified\":\"2025-03-08T11:43:30+00:00\",\"breadcrumb\":{\"@id\":\"https:\\\/\\\/etoxproject.eu\\\/sv\\\/produkt\\\/fitex\\\/#breadcrumb\"},\"inLanguage\":\"sv-SE\",\"potentialAction\":[{\"@type\":\"ReadAction\",\"target\":[\"https:\\\/\\\/etoxproject.eu\\\/sv\\\/produkt\\\/fitex\\\/\"]}]},{\"@type\":\"ImageObject\",\"inLanguage\":\"sv-SE\",\"@id\":\"https:\\\/\\\/etoxproject.eu\\\/sv\\\/produkt\\\/fitex\\\/#primaryimage\",\"url\":\"https:\\\/\\\/etoxproject.eu\\\/wp-content\\\/uploads\\\/2024\\\/11\\\/fitex-kapseln.jpg\",\"contentUrl\":\"https:\\\/\\\/etoxproject.eu\\\/wp-content\\\/uploads\\\/2024\\\/11\\\/fitex-kapseln.jpg\",\"width\":750,\"height\":750},{\"@type\":\"BreadcrumbList\",\"@id\":\"https:\\\/\\\/etoxproject.eu\\\/sv\\\/produkt\\\/fitex\\\/#breadcrumb\",\"itemListElement\":[{\"@type\":\"ListItem\",\"position\":1,\"name\":\"Startseite\",\"item\":\"https:\\\/\\\/etoxproject.eu\\\/sv\\\/\"},{\"@type\":\"ListItem\",\"position\":2,\"name\":\"Shop\",\"item\":\"https:\\\/\\\/etoxproject.eu\\\/shop\\\/\"},{\"@type\":\"ListItem\",\"position\":3,\"name\":\"Fitex kapslar\"}]},{\"@type\":\"WebSite\",\"@id\":\"https:\\\/\\\/etoxproject.eu\\\/sv\\\/#website\",\"url\":\"https:\\\/\\\/etoxproject.eu\\\/sv\\\/\",\"name\":\"etoxproject.eu\",\"description\":\"\",\"publisher\":{\"@id\":\"https:\\\/\\\/etoxproject.eu\\\/sv\\\/#organization\"},\"potentialAction\":[{\"@type\":\"SearchAction\",\"target\":{\"@type\":\"EntryPoint\",\"urlTemplate\":\"https:\\\/\\\/etoxproject.eu\\\/sv\\\/?s={search_term_string}\"},\"query-input\":{\"@type\":\"PropertyValueSpecification\",\"valueRequired\":true,\"valueName\":\"search_term_string\"}}],\"inLanguage\":\"sv-SE\"},{\"@type\":\"Organization\",\"@id\":\"https:\\\/\\\/etoxproject.eu\\\/sv\\\/#organization\",\"name\":\"etoxproject.eu\",\"url\":\"https:\\\/\\\/etoxproject.eu\\\/sv\\\/\",\"logo\":{\"@type\":\"ImageObject\",\"inLanguage\":\"sv-SE\",\"@id\":\"https:\\\/\\\/etoxproject.eu\\\/sv\\\/#\\\/schema\\\/logo\\\/image\\\/\",\"url\":\"https:\\\/\\\/etoxproject.eu\\\/wp-content\\\/uploads\\\/2024\\\/12\\\/etoxproject.png\",\"contentUrl\":\"https:\\\/\\\/etoxproject.eu\\\/wp-content\\\/uploads\\\/2024\\\/12\\\/etoxproject.png\",\"width\":315,\"height\":69,\"caption\":\"etoxproject.eu\"},\"image\":{\"@id\":\"https:\\\/\\\/etoxproject.eu\\\/sv\\\/#\\\/schema\\\/logo\\\/image\\\/\"}}]}<\/script>\n<!-- \/ Yoast SEO plugin. -->","yoast_head_json":{"title":"Fitex kapslar recensioner \u2600\ufe0f 52 Rabatt p\u00e5 priset","robots":{"index":"index","follow":"follow","max-snippet":"max-snippet:-1","max-image-preview":"max-image-preview:large","max-video-preview":"max-video-preview:-1"},"canonical":"https:\/\/etoxproject.eu\/sv\/produkt\/fitex\/","og_locale":"sv_SE","og_type":"article","og_title":"Fitex kapslar recensioner \u2600\ufe0f 52 Rabatt p\u00e5 priset","og_description":"Fitex kapslar \u00e4r ett kosttillskott som nyligen har f\u00e5tt \u00f6kad uppm\u00e4rksamhet. Dessa kapslar beskrivs av m\u00e5nga anv\u00e4ndare som anv\u00e4ndbara f\u00f6r att \u00f6ka allm\u00e4nt v\u00e4lbefinnande och vitalitet. Men vad exakt ligger bakom den h\u00e4r produkten och hur \u00e4r det med dess effektivitet och tolerans? Fitex kapslar recensioner Fitex kapslar best\u00e5r av en noggrant utvald blandning av ... L\u00e4s mer","og_url":"https:\/\/etoxproject.eu\/sv\/produkt\/fitex\/","og_site_name":"etoxproject.eu","article_modified_time":"2025-03-08T11:43:30+00:00","og_image":[{"width":750,"height":750,"url":"https:\/\/etoxproject.eu\/wp-content\/uploads\/2024\/11\/fitex-kapseln.jpg","type":"image\/jpeg"}],"twitter_card":"summary_large_image","twitter_misc":{"Ber\u00e4knad l\u00e4stid":"4 minuter"},"schema":{"@context":"https:\/\/schema.org","@graph":[{"@type":"WebPage","@id":"https:\/\/etoxproject.eu\/sv\/produkt\/fitex\/","url":"https:\/\/etoxproject.eu\/sv\/produkt\/fitex\/","name":"Fitex kapslar recensioner \u2600\ufe0f 52 Rabatt p\u00e5 priset","isPartOf":{"@id":"https:\/\/etoxproject.eu\/sv\/#website"},"primaryImageOfPage":{"@id":"https:\/\/etoxproject.eu\/sv\/produkt\/fitex\/#primaryimage"},"image":{"@id":"https:\/\/etoxproject.eu\/sv\/produkt\/fitex\/#primaryimage"},"thumbnailUrl":"https:\/\/etoxproject.eu\/wp-content\/uploads\/2024\/11\/fitex-kapseln.jpg","datePublished":"2025-03-08T11:42:58+00:00","dateModified":"2025-03-08T11:43:30+00:00","breadcrumb":{"@id":"https:\/\/etoxproject.eu\/sv\/produkt\/fitex\/#breadcrumb"},"inLanguage":"sv-SE","potentialAction":[{"@type":"ReadAction","target":["https:\/\/etoxproject.eu\/sv\/produkt\/fitex\/"]}]},{"@type":"ImageObject","inLanguage":"sv-SE","@id":"https:\/\/etoxproject.eu\/sv\/produkt\/fitex\/#primaryimage","url":"https:\/\/etoxproject.eu\/wp-content\/uploads\/2024\/11\/fitex-kapseln.jpg","contentUrl":"https:\/\/etoxproject.eu\/wp-content\/uploads\/2024\/11\/fitex-kapseln.jpg","width":750,"height":750},{"@type":"BreadcrumbList","@id":"https:\/\/etoxproject.eu\/sv\/produkt\/fitex\/#breadcrumb","itemListElement":[{"@type":"ListItem","position":1,"name":"Startseite","item":"https:\/\/etoxproject.eu\/sv\/"},{"@type":"ListItem","position":2,"name":"Shop","item":"https:\/\/etoxproject.eu\/shop\/"},{"@type":"ListItem","position":3,"name":"Fitex kapslar"}]},{"@type":"WebSite","@id":"https:\/\/etoxproject.eu\/sv\/#website","url":"https:\/\/etoxproject.eu\/sv\/","name":"etoxproject.eu","description":"","publisher":{"@id":"https:\/\/etoxproject.eu\/sv\/#organization"},"potentialAction":[{"@type":"SearchAction","target":{"@type":"EntryPoint","urlTemplate":"https:\/\/etoxproject.eu\/sv\/?s={search_term_string}"},"query-input":{"@type":"PropertyValueSpecification","valueRequired":true,"valueName":"search_term_string"}}],"inLanguage":"sv-SE"},{"@type":"Organization","@id":"https:\/\/etoxproject.eu\/sv\/#organization","name":"etoxproject.eu","url":"https:\/\/etoxproject.eu\/sv\/","logo":{"@type":"ImageObject","inLanguage":"sv-SE","@id":"https:\/\/etoxproject.eu\/sv\/#\/schema\/logo\/image\/","url":"https:\/\/etoxproject.eu\/wp-content\/uploads\/2024\/12\/etoxproject.png","contentUrl":"https:\/\/etoxproject.eu\/wp-content\/uploads\/2024\/12\/etoxproject.png","width":315,"height":69,"caption":"etoxproject.eu"},"image":{"@id":"https:\/\/etoxproject.eu\/sv\/#\/schema\/logo\/image\/"}}]}},"_links":{"self":[{"href":"https:\/\/etoxproject.eu\/sv\/wp-json\/wp\/v2\/product\/2472","targetHints":{"allow":["GET"]}}],"collection":[{"href":"https:\/\/etoxproject.eu\/sv\/wp-json\/wp\/v2\/product"}],"about":[{"href":"https:\/\/etoxproject.eu\/sv\/wp-json\/wp\/v2\/types\/product"}],"replies":[{"embeddable":true,"href":"https:\/\/etoxproject.eu\/sv\/wp-json\/wp\/v2\/comments?post=2472"}],"wp:featuredmedia":[{"embeddable":true,"href":"https:\/\/etoxproject.eu\/sv\/wp-json\/wp\/v2\/media\/2474"}],"wp:attachment":[{"href":"https:\/\/etoxproject.eu\/sv\/wp-json\/wp\/v2\/media?parent=2472"}],"wp:term":[{"taxonomy":"product_brand","embeddable":true,"href":"https:\/\/etoxproject.eu\/sv\/wp-json\/wp\/v2\/product_brand?post=2472"},{"taxonomy":"product_cat","embeddable":true,"href":"https:\/\/etoxproject.eu\/sv\/wp-json\/wp\/v2\/product_cat?post=2472"},{"taxonomy":"product_tag","embeddable":true,"href":"https:\/\/etoxproject.eu\/sv\/wp-json\/wp\/v2\/product_tag?post=2472"}],"curies":[{"name":"wp","href":"https:\/\/api.w.org\/{rel}","templated":true}]}}