{"id":3080,"date":"2025-03-18T13:40:24","date_gmt":"2025-03-28T12:06:37","guid":{"rendered":"https:\/\/etoxproject.eu\/?post_type=product&#038;p=3080"},"modified":"2025-03-28T13:06:37","modified_gmt":"2025-03-28T12:06:37","slug":"shape-up-kapslar","status":"publish","type":"product","link":"https:\/\/etoxproject.eu\/sv\/produkt\/shape-up-kapslar\/","title":{"rendered":"Shape Up kapslar"},"content":{"rendered":"<p><strong> Om du letar efter ett kosttillskott som hj\u00e4lper dig att g\u00e5 ner i vikt och samtidigt \u00f6ka din energi och ditt v\u00e4lbefinnande kan Shape Up vara r\u00e4tt val. Denna produkt lovar st\u00f6d f\u00f6r att br\u00e4nna fett, en mer effektiv dietfas och f\u00f6rb\u00e4ttrad fysisk prestanda. Men levererar Shape Up verkligen vad det lovar?<\/strong><\/p>\n<h2>Shape Up kapslar i testet &#8211; botemedlet f\u00f6r framg\u00e5ngsrik viktminskning<\/h2>\n<p>\u201dShape Up marknadsf\u00f6rs f\u00f6r n\u00e4rvarande som en s\u00e4rskilt effektiv produkt som optimalt st\u00f6der kroppen i en kalorireducerad diet tack vare dess speciella ingredienser. I synnerhet beta-hydroxibutyrat (BHB) som den inneh\u00e5ller s\u00e4gs hj\u00e4lpa till att f\u00f6ra kroppen till ketos snabbare och d\u00e4rmed p\u00e5skynda fettf\u00f6rbr\u00e4nningen. M\u00e5nga anv\u00e4ndare \u00e4r entusiastiska \u00f6ver detta koncept eftersom det erbjuder ett alternativ till komplicerade och ofta demotiverande dietplaner.<\/p>\n<p>En annan anledning till Shape Up:s popularitet \u00e4r dess anv\u00e4ndarv\u00e4nlighet. I motsats till komplicerade dietprogram eller speciella n\u00e4ringskoncept r\u00e4cker det med att ta en eller tv\u00e5 kapslar om dagen. Detta m\u00f6jligg\u00f6r en stressfri integration i vardagen, vilket \u00e4r s\u00e4rskilt tilltalande f\u00f6r arbetande m\u00e4nniskor eller m\u00e4nniskor med ett pressat schema.<\/p>\n<h2>Shape Up kapslar erfarenhet<\/h2>\n<table>\n<thead>\n<tr>\n<th>F\u00f6rdel<\/th>\n<th>Beskrivning<\/th>\n<\/tr>\n<\/thead>\n<tbody>\n<tr>\n<td>\ud83d\ude80 <strong>Fast Ketosis<\/strong><\/td>\n<td>Hj\u00e4lper till att s\u00e4tta kroppen i ett ketogent tillst\u00e5nd snabbare, vilket i h\u00f6g grad fr\u00e4mjar fettf\u00f6rbr\u00e4nning<\/td>\n<\/tr>\n<tr>\n<td>\u26a1\ufe0f <strong>\u00d6kad energi<\/strong><\/td>\n<td>Mer energi och mindre tr\u00f6tthet under dietfasen<\/td>\n<\/tr>\n<tr>\n<td>\ud83c\udf7d\ufe0f <strong>B\u00e4ttre aptitkontroll<\/strong><\/td>\n<td>St\u00f6djer kontroll \u00f6ver matbeg\u00e4r och aptit<\/td>\n<\/tr>\n<tr>\n<td>\ud83d\udee1\ufe0f <strong>St\u00e4rker immunf\u00f6rsvaret<\/strong><\/td>\n<td>Inneh\u00e5ller v\u00e4rdefulla mineraler som magnesium och kalcium f\u00f6r att st\u00e4rka kroppens f\u00f6rsvar<\/td>\n<\/tr>\n<tr>\n<td>\ud83d\udca7 <strong>L\u00e4tt att ta<\/strong><\/td>\n<td>Praktiska kapslar som \u00e4r l\u00e4tta att integrera i vardagen<\/td>\n<\/tr>\n<tr>\n<td>\ud83d\udcc9 <strong>H\u00e5llbar viktminskning<\/strong><\/td>\n<td>St\u00f6djer h\u00e5llbar och l\u00e5ngsiktig viktminskning<\/td>\n<\/tr>\n<tr>\n<td>\ud83e\uddd8 <strong>V\u00e4lbefinnande och balans<\/strong><\/td>\n<td>F\u00f6rb\u00e4ttrar det allm\u00e4nna v\u00e4lbefinnandet och hum\u00f6ret under en kalorireducerad diet<\/td>\n<\/tr>\n<tr>\n<td>\ud83d\udca1 <strong>Klart t\u00e4nkande<\/strong><\/td>\n<td>M\u00e5nga anv\u00e4ndare rapporterar \u00f6kad mental klarhet och b\u00e4ttre koncentration<\/td>\n<\/tr>\n<\/tbody>\n<\/table>\n<p>&nbsp;<\/p>\n<h2>Shape Up-upplevelser fr\u00e5n kunder &#8211; vad anv\u00e4ndare s\u00e4ger<\/h2>\n<p>M\u00e5nga anv\u00e4ndare rapporterar om positiva upplevelser, s\u00e4rskilt n\u00e4r det g\u00e4ller \u00f6kad energi och f\u00f6rb\u00e4ttrad fettf\u00f6rbr\u00e4nning. Det n\u00e4mns ofta att s\u00f6tsuget har minskat betydligt och att det har blivit l\u00e4ttare att h\u00e5lla en diet. Anv\u00e4ndare som tidigare haft sv\u00e5rt att g\u00e5 ner i vikt betonar s\u00e4rskilt hur l\u00e4tt det var att integrera kapslarna i vardagen och hur motiverande de synliga framg\u00e5ngarna var.<\/p>\n<p>Vissa kunder betonar att Shape Up inte bara har hj\u00e4lpt dem att g\u00e5 ner i vikt, utan att de k\u00e4nner sig mer aktiva och vitala \u00f6verlag. M\u00e5nga anv\u00e4ndare rapporterar om avsev\u00e4rt f\u00f6rb\u00e4ttrade idrottsliga prestationer, \u00f6kad motivation f\u00f6r regelbundna tr\u00e4ningspass och \u00f6kad allm\u00e4n kondition.<\/p>\n<p>Naturligtvis varierar resultaten fr\u00e5n person till person. Det finns ocks\u00e5 kunder som m\u00e4rker mindre framg\u00e5ngar, till exempel minskad aptit och n\u00e5got mer energi, men som inte uppn\u00e5r den enorma viktminskning de f\u00f6rv\u00e4ntade sig. Dessa anv\u00e4ndare rekommenderar dock att man inte ger upp omedelbart utan tar produkten under en l\u00e4ngre tid f\u00f6r att uppn\u00e5 en best\u00e5ende effekt.<\/p>\n<h3>Ingredienser<\/h3>\n<p>Effekten av Shape Up \u00e4r huvudsakligen baserad p\u00e5 beta-hydroxibutyrater, som f\u00f6rekommer naturligt i kroppen n\u00e4r den anv\u00e4nder fett som sin huvudsakliga energik\u00e4lla. Produkten kompletteras med mineraler som magnesium och kalcium, som \u00e4r viktiga f\u00f6r kroppen, s\u00e4rskilt under en diet. Dessa mineraler hj\u00e4lper till att f\u00f6rhindra muskelkramper och st\u00f6der kroppen under regenerering.<\/p>\n<h3>Shape Up Slimming &#8211; Finns det n\u00e5gra biverkningar?<\/h3>\n<p>De flesta kunder tolererar \u201dShape Up\u201d v\u00e4l. L\u00e4tta magbesv\u00e4r har rapporterats i enskilda fall, men dessa f\u00f6rsvann ofta efter justering av dosen. Det rekommenderas i allm\u00e4nhet att alltid ta kapslarna med tillr\u00e4ckligt med vatten och, om du har en k\u00e4nslig mage, att ta dem efter en m\u00e5ltid.<\/p>\n<p>Det \u00e4r l\u00e4mpligt att r\u00e5dg\u00f6ra med en l\u00e4kare i f\u00f6rv\u00e4g om du har n\u00e5gra befintliga medicinska tillst\u00e5nd eller tar mediciner. Som en f\u00f6rsiktighets\u00e5tg\u00e4rd b\u00f6r den rekommenderade dagliga dosen inte \u00f6verskridas f\u00f6r att undvika biverkningar som illam\u00e5ende eller matsm\u00e4ltningsproblem.<\/p>\n<h3>Experttips f\u00f6r b\u00e4sta effekt<\/h3>\n<p>Experter rekommenderar att Shape Up helst ska kombineras med en l\u00e5gkolhydratkost och regelbunden motion f\u00f6r att g\u00e5 ner i vikt. Effekten av Shape Up kan maximeras genom m\u00e5linriktad tr\u00e4ning. Uth\u00e5llighetssporter som jogging, cykling eller simning rekommenderas s\u00e4rskilt, eftersom de optimerar fettmetabolismen.<\/p>\n<p>Regelbunden v\u00e4tskebalans kan vara till lika stor hj\u00e4lp. Att dricka tillr\u00e4ckligt med vatten fr\u00e4mjar absorptionen och bearbetningen av de aktiva ingredienserna och f\u00f6rb\u00e4ttrar ocks\u00e5 det allm\u00e4nna v\u00e4lbefinnandet.<\/p>\n<h2>Slutsats och utv\u00e4rdering &#8211; \u00c4r Shape Up v\u00e4rt det?<\/h2>\n<p>Sammantaget verkar \u201dShape Up\u201d vara en rekommenderad produkt f\u00f6r dem som vill optimera sin kost. Tack vare sin h\u00f6gkvalitativa sammans\u00e4ttning och de m\u00e5nga positiva vittnesm\u00e5len kan \u201dShape Up\u201d vara den avg\u00f6rande pusselbiten p\u00e5 v\u00e4gen till din \u00f6nskade vikt. Det b\u00f6r dock vara klart att ingen produkt kan g\u00f6ra mirakel utan motion och en medveten kost. Men om du \u00e4r beredd att aktivt \u00e4ndra n\u00e5got, b\u00f6r du vara n\u00f6jd med \u201dShape Up\u201d. Det \u00e4r en v\u00e4rdefull f\u00f6ljeslagare f\u00f6r framg\u00e5ngsrik, motiverande och trevlig viktminskning.<\/p>\n","protected":false},"excerpt":{"rendered":"<p>Om du letar efter ett kosttillskott som hj\u00e4lper dig att g\u00e5 ner i vikt och samtidigt \u00f6ka din energi och ditt v\u00e4lbefinnande kan Shape Up vara r\u00e4tt val. Denna produkt lovar st\u00f6d f\u00f6r att br\u00e4nna fett, en mer effektiv dietfas och f\u00f6rb\u00e4ttrad fysisk prestanda. Men levererar Shape Up verkligen vad det lovar? Shape Up kapslar &#8230; <a title=\"Shape Up kapslar\" class=\"read-more\" href=\"https:\/\/etoxproject.eu\/sv\/produkt\/shape-up-kapslar\/\" aria-label=\"Mer p\u00e5 Shape Up kapslar\">L\u00e4s mer<\/a><\/p>\n","protected":false},"featured_media":2555,"comment_status":"open","ping_status":"closed","template":"","meta":[],"product_brand":[],"product_cat":[],"product_tag":[],"class_list":{"0":"post-3080","1":"product","2":"type-product","3":"status-publish","4":"has-post-thumbnail","7":"first","8":"instock","9":"sale","10":"shipping-taxable","11":"product-type-external"},"yoast_head":"<!-- This site is optimized with the Yoast SEO plugin v27.3 - https:\/\/yoast.com\/product\/yoast-seo-wordpress\/ -->\n<title>Shape Up kapslar \ud83c\udff7\ufe0f 46% rabatt i Sverige<\/title>\n<meta name=\"robots\" content=\"index, follow, max-snippet:-1, max-image-preview:large, max-video-preview:-1\" \/>\n<link rel=\"canonical\" href=\"https:\/\/etoxproject.eu\/sv\/produkt\/shape-up-kapslar\/\" \/>\n<meta property=\"og:locale\" content=\"sv_SE\" \/>\n<meta property=\"og:type\" content=\"article\" \/>\n<meta property=\"og:title\" content=\"Shape Up kapslar \ud83c\udff7\ufe0f 46% rabatt i Sverige\" \/>\n<meta property=\"og:description\" content=\"Om du letar efter ett kosttillskott som hj\u00e4lper dig att g\u00e5 ner i vikt och samtidigt \u00f6ka din energi och ditt v\u00e4lbefinnande kan Shape Up vara r\u00e4tt val. Denna produkt lovar st\u00f6d f\u00f6r att br\u00e4nna fett, en mer effektiv dietfas och f\u00f6rb\u00e4ttrad fysisk prestanda. Men levererar Shape Up verkligen vad det lovar? Shape Up kapslar ... L\u00e4s mer\" \/>\n<meta property=\"og:url\" content=\"https:\/\/etoxproject.eu\/sv\/produkt\/shape-up-kapslar\/\" \/>\n<meta property=\"og:site_name\" content=\"etoxproject.eu\" \/>\n<meta property=\"og:image\" content=\"https:\/\/etoxproject.eu\/wp-content\/uploads\/2025\/03\/shape-up.jpg\" \/>\n\t<meta property=\"og:image:width\" content=\"600\" \/>\n\t<meta property=\"og:image:height\" content=\"600\" \/>\n\t<meta property=\"og:image:type\" content=\"image\/jpeg\" \/>\n<meta name=\"twitter:card\" content=\"summary_large_image\" \/>\n<meta name=\"twitter:label1\" content=\"Ber\u00e4knad l\u00e4stid\" \/>\n\t<meta name=\"twitter:data1\" content=\"5 minuter\" \/>\n<script type=\"application\/ld+json\" class=\"yoast-schema-graph\">{\"@context\":\"https:\\\/\\\/schema.org\",\"@graph\":[{\"@type\":\"WebPage\",\"@id\":\"https:\\\/\\\/etoxproject.eu\\\/sv\\\/produkt\\\/shape-up-kapslar\\\/\",\"url\":\"https:\\\/\\\/etoxproject.eu\\\/sv\\\/produkt\\\/shape-up-kapslar\\\/\",\"name\":\"Shape Up kapslar \ud83c\udff7\ufe0f 46% rabatt i Sverige\",\"isPartOf\":{\"@id\":\"https:\\\/\\\/etoxproject.eu\\\/sv\\\/#website\"},\"primaryImageOfPage\":{\"@id\":\"https:\\\/\\\/etoxproject.eu\\\/sv\\\/produkt\\\/shape-up-kapslar\\\/#primaryimage\"},\"image\":{\"@id\":\"https:\\\/\\\/etoxproject.eu\\\/sv\\\/produkt\\\/shape-up-kapslar\\\/#primaryimage\"},\"thumbnailUrl\":\"https:\\\/\\\/etoxproject.eu\\\/wp-content\\\/uploads\\\/2025\\\/03\\\/shape-up.jpg\",\"datePublished\":\"2025-03-28T12:06:37+00:00\",\"breadcrumb\":{\"@id\":\"https:\\\/\\\/etoxproject.eu\\\/sv\\\/produkt\\\/shape-up-kapslar\\\/#breadcrumb\"},\"inLanguage\":\"sv-SE\",\"potentialAction\":[{\"@type\":\"ReadAction\",\"target\":[\"https:\\\/\\\/etoxproject.eu\\\/sv\\\/produkt\\\/shape-up-kapslar\\\/\"]}]},{\"@type\":\"ImageObject\",\"inLanguage\":\"sv-SE\",\"@id\":\"https:\\\/\\\/etoxproject.eu\\\/sv\\\/produkt\\\/shape-up-kapslar\\\/#primaryimage\",\"url\":\"https:\\\/\\\/etoxproject.eu\\\/wp-content\\\/uploads\\\/2025\\\/03\\\/shape-up.jpg\",\"contentUrl\":\"https:\\\/\\\/etoxproject.eu\\\/wp-content\\\/uploads\\\/2025\\\/03\\\/shape-up.jpg\",\"width\":600,\"height\":600,\"caption\":\"shape up\"},{\"@type\":\"BreadcrumbList\",\"@id\":\"https:\\\/\\\/etoxproject.eu\\\/sv\\\/produkt\\\/shape-up-kapslar\\\/#breadcrumb\",\"itemListElement\":[{\"@type\":\"ListItem\",\"position\":1,\"name\":\"Startseite\",\"item\":\"https:\\\/\\\/etoxproject.eu\\\/sv\\\/\"},{\"@type\":\"ListItem\",\"position\":2,\"name\":\"Shop\",\"item\":\"https:\\\/\\\/etoxproject.eu\\\/shop\\\/\"},{\"@type\":\"ListItem\",\"position\":3,\"name\":\"Shape Up kapslar\"}]},{\"@type\":\"WebSite\",\"@id\":\"https:\\\/\\\/etoxproject.eu\\\/sv\\\/#website\",\"url\":\"https:\\\/\\\/etoxproject.eu\\\/sv\\\/\",\"name\":\"etoxproject.eu\",\"description\":\"\",\"publisher\":{\"@id\":\"https:\\\/\\\/etoxproject.eu\\\/sv\\\/#organization\"},\"potentialAction\":[{\"@type\":\"SearchAction\",\"target\":{\"@type\":\"EntryPoint\",\"urlTemplate\":\"https:\\\/\\\/etoxproject.eu\\\/sv\\\/?s={search_term_string}\"},\"query-input\":{\"@type\":\"PropertyValueSpecification\",\"valueRequired\":true,\"valueName\":\"search_term_string\"}}],\"inLanguage\":\"sv-SE\"},{\"@type\":\"Organization\",\"@id\":\"https:\\\/\\\/etoxproject.eu\\\/sv\\\/#organization\",\"name\":\"etoxproject.eu\",\"url\":\"https:\\\/\\\/etoxproject.eu\\\/sv\\\/\",\"logo\":{\"@type\":\"ImageObject\",\"inLanguage\":\"sv-SE\",\"@id\":\"https:\\\/\\\/etoxproject.eu\\\/sv\\\/#\\\/schema\\\/logo\\\/image\\\/\",\"url\":\"https:\\\/\\\/etoxproject.eu\\\/wp-content\\\/uploads\\\/2024\\\/12\\\/etoxproject.png\",\"contentUrl\":\"https:\\\/\\\/etoxproject.eu\\\/wp-content\\\/uploads\\\/2024\\\/12\\\/etoxproject.png\",\"width\":315,\"height\":69,\"caption\":\"etoxproject.eu\"},\"image\":{\"@id\":\"https:\\\/\\\/etoxproject.eu\\\/sv\\\/#\\\/schema\\\/logo\\\/image\\\/\"}}]}<\/script>\n<!-- \/ Yoast SEO plugin. -->","yoast_head_json":{"title":"Shape Up kapslar \ud83c\udff7\ufe0f 46% rabatt i Sverige","robots":{"index":"index","follow":"follow","max-snippet":"max-snippet:-1","max-image-preview":"max-image-preview:large","max-video-preview":"max-video-preview:-1"},"canonical":"https:\/\/etoxproject.eu\/sv\/produkt\/shape-up-kapslar\/","og_locale":"sv_SE","og_type":"article","og_title":"Shape Up kapslar \ud83c\udff7\ufe0f 46% rabatt i Sverige","og_description":"Om du letar efter ett kosttillskott som hj\u00e4lper dig att g\u00e5 ner i vikt och samtidigt \u00f6ka din energi och ditt v\u00e4lbefinnande kan Shape Up vara r\u00e4tt val. Denna produkt lovar st\u00f6d f\u00f6r att br\u00e4nna fett, en mer effektiv dietfas och f\u00f6rb\u00e4ttrad fysisk prestanda. Men levererar Shape Up verkligen vad det lovar? Shape Up kapslar ... L\u00e4s mer","og_url":"https:\/\/etoxproject.eu\/sv\/produkt\/shape-up-kapslar\/","og_site_name":"etoxproject.eu","og_image":[{"width":600,"height":600,"url":"https:\/\/etoxproject.eu\/wp-content\/uploads\/2025\/03\/shape-up.jpg","type":"image\/jpeg"}],"twitter_card":"summary_large_image","twitter_misc":{"Ber\u00e4knad l\u00e4stid":"5 minuter"},"schema":{"@context":"https:\/\/schema.org","@graph":[{"@type":"WebPage","@id":"https:\/\/etoxproject.eu\/sv\/produkt\/shape-up-kapslar\/","url":"https:\/\/etoxproject.eu\/sv\/produkt\/shape-up-kapslar\/","name":"Shape Up kapslar \ud83c\udff7\ufe0f 46% rabatt i Sverige","isPartOf":{"@id":"https:\/\/etoxproject.eu\/sv\/#website"},"primaryImageOfPage":{"@id":"https:\/\/etoxproject.eu\/sv\/produkt\/shape-up-kapslar\/#primaryimage"},"image":{"@id":"https:\/\/etoxproject.eu\/sv\/produkt\/shape-up-kapslar\/#primaryimage"},"thumbnailUrl":"https:\/\/etoxproject.eu\/wp-content\/uploads\/2025\/03\/shape-up.jpg","datePublished":"2025-03-28T12:06:37+00:00","breadcrumb":{"@id":"https:\/\/etoxproject.eu\/sv\/produkt\/shape-up-kapslar\/#breadcrumb"},"inLanguage":"sv-SE","potentialAction":[{"@type":"ReadAction","target":["https:\/\/etoxproject.eu\/sv\/produkt\/shape-up-kapslar\/"]}]},{"@type":"ImageObject","inLanguage":"sv-SE","@id":"https:\/\/etoxproject.eu\/sv\/produkt\/shape-up-kapslar\/#primaryimage","url":"https:\/\/etoxproject.eu\/wp-content\/uploads\/2025\/03\/shape-up.jpg","contentUrl":"https:\/\/etoxproject.eu\/wp-content\/uploads\/2025\/03\/shape-up.jpg","width":600,"height":600,"caption":"shape up"},{"@type":"BreadcrumbList","@id":"https:\/\/etoxproject.eu\/sv\/produkt\/shape-up-kapslar\/#breadcrumb","itemListElement":[{"@type":"ListItem","position":1,"name":"Startseite","item":"https:\/\/etoxproject.eu\/sv\/"},{"@type":"ListItem","position":2,"name":"Shop","item":"https:\/\/etoxproject.eu\/shop\/"},{"@type":"ListItem","position":3,"name":"Shape Up kapslar"}]},{"@type":"WebSite","@id":"https:\/\/etoxproject.eu\/sv\/#website","url":"https:\/\/etoxproject.eu\/sv\/","name":"etoxproject.eu","description":"","publisher":{"@id":"https:\/\/etoxproject.eu\/sv\/#organization"},"potentialAction":[{"@type":"SearchAction","target":{"@type":"EntryPoint","urlTemplate":"https:\/\/etoxproject.eu\/sv\/?s={search_term_string}"},"query-input":{"@type":"PropertyValueSpecification","valueRequired":true,"valueName":"search_term_string"}}],"inLanguage":"sv-SE"},{"@type":"Organization","@id":"https:\/\/etoxproject.eu\/sv\/#organization","name":"etoxproject.eu","url":"https:\/\/etoxproject.eu\/sv\/","logo":{"@type":"ImageObject","inLanguage":"sv-SE","@id":"https:\/\/etoxproject.eu\/sv\/#\/schema\/logo\/image\/","url":"https:\/\/etoxproject.eu\/wp-content\/uploads\/2024\/12\/etoxproject.png","contentUrl":"https:\/\/etoxproject.eu\/wp-content\/uploads\/2024\/12\/etoxproject.png","width":315,"height":69,"caption":"etoxproject.eu"},"image":{"@id":"https:\/\/etoxproject.eu\/sv\/#\/schema\/logo\/image\/"}}]}},"_links":{"self":[{"href":"https:\/\/etoxproject.eu\/sv\/wp-json\/wp\/v2\/product\/3080","targetHints":{"allow":["GET"]}}],"collection":[{"href":"https:\/\/etoxproject.eu\/sv\/wp-json\/wp\/v2\/product"}],"about":[{"href":"https:\/\/etoxproject.eu\/sv\/wp-json\/wp\/v2\/types\/product"}],"replies":[{"embeddable":true,"href":"https:\/\/etoxproject.eu\/sv\/wp-json\/wp\/v2\/comments?post=3080"}],"wp:featuredmedia":[{"embeddable":true,"href":"https:\/\/etoxproject.eu\/sv\/wp-json\/wp\/v2\/media\/2555"}],"wp:attachment":[{"href":"https:\/\/etoxproject.eu\/sv\/wp-json\/wp\/v2\/media?parent=3080"}],"wp:term":[{"taxonomy":"product_brand","embeddable":true,"href":"https:\/\/etoxproject.eu\/sv\/wp-json\/wp\/v2\/product_brand?post=3080"},{"taxonomy":"product_cat","embeddable":true,"href":"https:\/\/etoxproject.eu\/sv\/wp-json\/wp\/v2\/product_cat?post=3080"},{"taxonomy":"product_tag","embeddable":true,"href":"https:\/\/etoxproject.eu\/sv\/wp-json\/wp\/v2\/product_tag?post=3080"}],"curies":[{"name":"wp","href":"https:\/\/api.w.org\/{rel}","templated":true}]}}